{"id":8125,"date":"2026-01-19T20:08:41","date_gmt":"2026-01-19T17:08:41","guid":{"rendered":"https:\/\/velesnails.pl\/?post_type=product&#038;p=8125"},"modified":"2026-01-20T14:18:07","modified_gmt":"2026-01-20T11:18:07","slug":"frezarka-80w-do-manicure-paznokci-pedicure-40000-rpm-szara","status":"publish","type":"product","link":"https:\/\/velesnails.pl\/uk\/product\/frezarka-80w-do-manicure-paznokci-pedicure-40000-rpm-szara\/","title":{"rendered":"Frezarka 80W do manicure, pedicure 40000 RPM \u2013 szara"},"content":{"rendered":"<h2>Frezarka do paznokci 80W<\/h2>\n<p>Precyzyjna frezarka o du\u017cej mocy, bezwibracyjna i bardzo cicha podczas pracy. Hermetycznie zamkni\u0119ty mikrosilnik w g\u0142owicy redukuje poziom ha\u0142asu o 20% w stosunku do konwencjonalnych modeli, czego efektem staje si\u0119 komfortowa praca. Frezarka charakteryzuje si\u0119 du\u017c\u0105 wytrzyma\u0142o\u015bci\u0105 i niezawodno\u015bci\u0105 pracy, posiada ergonomiczn\u0105 budow\u0119 bazy i pi\u00f3ra. Frezarka posiada 6 otwor\u00f3w na frezy, co znacznie u\u0142atwia prac\u0119. Dodatkowym atrybutem jest otw\u00f3r na g\u0142owic\u0119.<\/p>\n<p>P\u0142ynna i pe\u0142na regulacja w zakresie\u00a0od 0 do 40000 obr.\/min\u00a0\u2013 odbywa si\u0119 z poziomu bazy i zapewnia pe\u0142en komfort pracy. G\u0142owica typu\u00a0TWIST-LOCK\u00a0umo\u017cliwia wymian\u0119 frez\u00f3w jednym ruchem, bez konieczno\u015bci stosowania niewygodnych kluczyk\u00f3w czy trzpieni zatem idealnie nadaje si\u0119 dla filigranowych kobiet, poniewa\u017c nie ma potrzeby u\u017cycia si\u0142y!<\/p>\n<p>&nbsp;<\/p>\n<h2>Idealna do stylizacji paznokci naturalnych i przed\u0142u\u017canych, przeznaczona do u\u017cytku profesjonalnego w salonach manicure i pedicure.<\/h2>\n<p>Frezark\u0119 cechuj\u0105 niewielkie gabaryty przy idealnie wywa\u017conym ci\u0119\u017carze, gwarantuj\u0105cym jej stabilno\u015b\u0107. Frezarka posiada inteligentny wy\u015bwietlacz z funkcj\u0105 pami\u0119ci oraz funkcj\u0119 pauzy- umo\u017cliwiaj\u0105c\u0105 zawieszenie pracy oraz kontynuowanie jej w dowolnym momencie z uprzednio ustawionymi obrotami. Urz\u0105dzenie posiada wej\u015bcie USB typu C oraz wej\u015bcie USB-umo\u017cliwiaj\u0105ce korzystanie z dw\u00f3ch g\u0142owic frezarki jednocze\u015bnie lub \u0142adowanie r\u00f3\u017cnego rodzaju urz\u0105dze\u0144 elektronicznych, np. telefonu kom\u00f3rkowego.<\/p>\n<p>Kolory wy\u015bwietlacza zmieniaj\u0105 si\u0119 wraz ze zmian\u0105 szybko\u015bci obrot\u00f3w:<\/p>\n<ul>\n<li>1-10 000 RPM-kolor zielony<\/li>\n<li>11 000-20 000 RPM- kolor niebieski<\/li>\n<li>21 000- 30 000 RPM-kolor czerwony<\/li>\n<li>31 000-40 000 RPM-kolor bia\u0142y<\/li>\n<\/ul>\n<p>Urz\u0105dzenie\u00a0wyr\u00f3\u017cnia wysoka jako\u015b\u0107 wykonania oraz sprawdzone komponenty u\u017cyte w produkcji.<\/p>\n<p>Posiada bardzo dobrej jako\u015bci, lekk\u0105 r\u0105czk\u0119 wykonan\u0105 ze stopu aluminium oraz stali nierdzewnej,\u00a0 pozbawion\u0105 drga\u0144 podczas pracy, obs\u0142uguj\u0105c\u0105\u00a0standardowe frezy 3\/32\u2033.<\/p>\n<h2>Uwaga!<\/h2>\n<p>W r\u0119koje\u015bci zawsze powinien znajdowa\u0107 si\u0119 frez lub ko\u0144c\u00f3wka zast\u0119pcza. Je\u015bli zdarzy Ci si\u0119 zostawi\u0107 r\u0119koje\u015b\u0107 bez freza, musisz u\u017cy\u0107 si\u0142y aby zwolni\u0107 blokad\u0119 do pozycji R lub ikonki otwartej k\u0142\u00f3dki.\u00a0Pierwsze zwolnienie blokady\u00a0r\u0119koje\u015bci mo\u017ce wymaga\u0107 u\u017cycia si\u0142y, po pewnym czasie r\u0119koje\u015b\u0107 b\u0119dzie pracowa\u0107 l\u017cej.<\/p>\n<p>&nbsp;<\/p>\n<h2>Dane techniczne:<\/h2>\n<ul>\n<li>Napi\u0119cie zasilania: 220V\/50 Hz<\/li>\n<li>Napi\u0119cie wyj\u015bciowe: DC 12V<\/li>\n<li>Moc maksymalna: 80W<\/li>\n<li>Obroty: 0-40000 obrot\u00f3w na minut\u0119<\/li>\n<\/ul>\n<p>Baza frezarki posiada nast\u0119puj\u0105ce przyciski i pokr\u0119t\u0142a funkcyjne:<\/p>\n<ul>\n<li>prze\u0142\u0105cznik obrot\u00f3w (lewo L\/prawo R)<\/li>\n<li>pokr\u0119t\u0142o obrot\u00f3w (0 do 40 000)<\/li>\n<li>wej\u015bcie na g\u0142owic\u0119<\/li>\n<li>wej\u015bcie na peda\u0142 do obs\u0142ugi stop\u0105<\/li>\n<li>wej\u015bcie USB-typu C<\/li>\n<li>wej\u015bcie USB<\/li>\n<\/ul>\n<h2>W sk\u0142ad zestawu wchodz\u0105:<\/h2>\n<ul>\n<li>g\u0142owica frezarki<\/li>\n<li>baza frezarki<\/li>\n<li>peda\u0142 do obs\u0142ugi nog\u0105<\/li>\n<li>instrukcja<\/li>\n<li>zestaw frez\u00f3w 6szt.<\/li>\n<\/ul>","protected":false},"excerpt":{"rendered":"<p>Frezarka do paznokci 80W Precyzyjna frezarka o du\u017cej mocy, bezwibracyjna i bardzo cicha podczas pracy. Hermetycznie zamkni\u0119ty mikrosilnik w g\u0142owicy redukuje poziom ha\u0142asu o 20% w stosunku do konwencjonalnych modeli, czego efektem staje si\u0119 komfortowa praca. Frezarka charakteryzuje si\u0119 du\u017c\u0105 wytrzyma\u0142o\u015bci\u0105 i niezawodno\u015bci\u0105 pracy, posiada ergonomiczn\u0105 budow\u0119 bazy i pi\u00f3ra. Frezarka posiada 6 otwor\u00f3w na [&hellip;]<\/p>\n","protected":false},"featured_media":8128,"comment_status":"closed","ping_status":"closed","template":"","meta":{"om_disable_all_campaigns":false,"ocean_post_layout":"","ocean_both_sidebars_style":"","ocean_both_sidebars_content_width":0,"ocean_both_sidebars_sidebars_width":0,"ocean_sidebar":"0","ocean_second_sidebar":"0","ocean_disable_margins":"enable","ocean_add_body_class":"","ocean_shortcode_before_top_bar":"","ocean_shortcode_after_top_bar":"","ocean_shortcode_before_header":"","ocean_shortcode_after_header":"","ocean_has_shortcode":"","ocean_shortcode_after_title":"","ocean_shortcode_before_footer_widgets":"","ocean_shortcode_after_footer_widgets":"","ocean_shortcode_before_footer_bottom":"","ocean_shortcode_after_footer_bottom":"","ocean_display_top_bar":"default","ocean_display_header":"default","ocean_header_style":"","ocean_center_header_left_menu":"0","ocean_custom_header_template":"0","ocean_custom_logo":0,"ocean_custom_retina_logo":0,"ocean_custom_logo_max_width":0,"ocean_custom_logo_tablet_max_width":0,"ocean_custom_logo_mobile_max_width":0,"ocean_custom_logo_max_height":0,"ocean_custom_logo_tablet_max_height":0,"ocean_custom_logo_mobile_max_height":0,"ocean_header_custom_menu":"0","ocean_menu_typo_font_family":"0","ocean_menu_typo_font_subset":"","ocean_menu_typo_font_size":0,"ocean_menu_typo_font_size_tablet":0,"ocean_menu_typo_font_size_mobile":0,"ocean_menu_typo_font_size_unit":"px","ocean_menu_typo_font_weight":"","ocean_menu_typo_font_weight_tablet":"","ocean_menu_typo_font_weight_mobile":"","ocean_menu_typo_transform":"","ocean_menu_typo_transform_tablet":"","ocean_menu_typo_transform_mobile":"","ocean_menu_typo_line_height":0,"ocean_menu_typo_line_height_tablet":0,"ocean_menu_typo_line_height_mobile":0,"ocean_menu_typo_line_height_unit":"","ocean_menu_typo_spacing":0,"ocean_menu_typo_spacing_tablet":0,"ocean_menu_typo_spacing_mobile":0,"ocean_menu_typo_spacing_unit":"","ocean_menu_link_color":"","ocean_menu_link_color_hover":"","ocean_menu_link_color_active":"","ocean_menu_link_background":"","ocean_menu_link_hover_background":"","ocean_menu_link_active_background":"","ocean_menu_social_links_bg":"","ocean_menu_social_hover_links_bg":"","ocean_menu_social_links_color":"","ocean_menu_social_hover_links_color":"","ocean_disable_title":"default","ocean_disable_heading":"default","ocean_post_title":"","ocean_post_subheading":"","ocean_post_title_style":"","ocean_post_title_background_color":"","ocean_post_title_background":0,"ocean_post_title_bg_image_position":"","ocean_post_title_bg_image_attachment":"","ocean_post_title_bg_image_repeat":"","ocean_post_title_bg_image_size":"","ocean_post_title_height":0,"ocean_post_title_bg_overlay":0.5,"ocean_post_title_bg_overlay_color":"","ocean_disable_breadcrumbs":"default","ocean_breadcrumbs_color":"","ocean_breadcrumbs_separator_color":"","ocean_breadcrumbs_links_color":"","ocean_breadcrumbs_links_hover_color":"","ocean_display_footer_widgets":"default","ocean_display_footer_bottom":"default","ocean_custom_footer_template":"0"},"product_brand":[],"product_cat":[190,166,176,110,164],"product_tag":[],"class_list":{"0":"post-8125","1":"product","2":"type-product","3":"status-publish","4":"has-post-thumbnail","6":"product_cat-clavier-1","7":"product_cat-frezarki","8":"product_cat-marki","9":"product_cat-paznokcie","10":"product_cat-urzadzenia","12":"entry","13":"has-media","15":"first","16":"outofstock","17":"taxable","18":"shipping-taxable","19":"purchasable","20":"product-type-simple","21":"has-product-nav","22":"col","23":"span_1_of_3","24":"owp-content-center","25":"owp-thumbs-layout-horizontal","26":"owp-btn-normal","27":"owp-tabs-layout-horizontal"},"yoast_head":"<!-- This site is optimized with the Yoast SEO plugin v27.6 - https:\/\/yoast.com\/product\/yoast-seo-wordpress\/ -->\n<title>Frezarka 80W do manicure, pedicure 40000 RPM \u2013 szara - velesnails<\/title>\n<meta name=\"robots\" content=\"index, follow, max-snippet:-1, max-image-preview:large, max-video-preview:-1\" \/>\n<link rel=\"canonical\" href=\"https:\/\/velesnails.pl\/uk\/product\/frezarka-80w-do-manicure-paznokci-pedicure-40000-rpm-szara\/\" \/>\n<meta property=\"og:locale\" content=\"uk_UA\" \/>\n<meta property=\"og:type\" content=\"article\" \/>\n<meta property=\"og:title\" content=\"Frezarka 80W do manicure, pedicure 40000 RPM \u2013 szara - velesnails\" \/>\n<meta property=\"og:description\" content=\"Frezarka do paznokci 80W Precyzyjna frezarka o du\u017cej mocy, bezwibracyjna i bardzo cicha podczas pracy. Hermetycznie zamkni\u0119ty mikrosilnik w g\u0142owicy redukuje poziom ha\u0142asu o 20% w stosunku do konwencjonalnych modeli, czego efektem staje si\u0119 komfortowa praca. Frezarka charakteryzuje si\u0119 du\u017c\u0105 wytrzyma\u0142o\u015bci\u0105 i niezawodno\u015bci\u0105 pracy, posiada ergonomiczn\u0105 budow\u0119 bazy i pi\u00f3ra. Frezarka posiada 6 otwor\u00f3w na [&hellip;]\" \/>\n<meta property=\"og:url\" content=\"https:\/\/velesnails.pl\/uk\/product\/frezarka-80w-do-manicure-paznokci-pedicure-40000-rpm-szara\/\" \/>\n<meta property=\"og:site_name\" content=\"velesnails\" \/>\n<meta property=\"article:modified_time\" content=\"2026-01-20T11:18:07+00:00\" \/>\n<meta property=\"og:image\" content=\"https:\/\/velesnails.pl\/wp-content\/uploads\/2026\/01\/\u0417\u043d\u0456\u043c\u043e\u043a-\u0435\u043a\u0440\u0430\u043d\u0430-2026-01-19-181234.png\" \/>\n\t<meta property=\"og:image:width\" content=\"1073\" \/>\n\t<meta property=\"og:image:height\" content=\"895\" \/>\n\t<meta property=\"og:image:type\" content=\"image\/png\" \/>\n<meta name=\"twitter:card\" content=\"summary_large_image\" \/>\n<meta name=\"twitter:label1\" content=\"\u041f\u0440\u0438\u0431\u043b. \u0447\u0430\u0441 \u0447\u0438\u0442\u0430\u043d\u043d\u044f\" \/>\n\t<meta name=\"twitter:data1\" content=\"3 \u0445\u0432\u0438\u043b\u0438\u043d\u0438\" \/>\n<script type=\"application\/ld+json\" class=\"yoast-schema-graph\">{\"@context\":\"https:\\\/\\\/schema.org\",\"@graph\":[{\"@type\":\"WebPage\",\"@id\":\"https:\\\/\\\/velesnails.pl\\\/product\\\/frezarka-80w-do-manicure-paznokci-pedicure-40000-rpm-szara\\\/\",\"url\":\"https:\\\/\\\/velesnails.pl\\\/product\\\/frezarka-80w-do-manicure-paznokci-pedicure-40000-rpm-szara\\\/\",\"name\":\"Frezarka 80W do manicure, pedicure 40000 RPM \u2013 szara - velesnails\",\"isPartOf\":{\"@id\":\"https:\\\/\\\/velesnails.pl\\\/#website\"},\"primaryImageOfPage\":{\"@id\":\"https:\\\/\\\/velesnails.pl\\\/product\\\/frezarka-80w-do-manicure-paznokci-pedicure-40000-rpm-szara\\\/#primaryimage\"},\"image\":{\"@id\":\"https:\\\/\\\/velesnails.pl\\\/product\\\/frezarka-80w-do-manicure-paznokci-pedicure-40000-rpm-szara\\\/#primaryimage\"},\"thumbnailUrl\":\"https:\\\/\\\/i0.wp.com\\\/velesnails.pl\\\/wp-content\\\/uploads\\\/2026\\\/01\\\/%D0%97%D0%BD%D1%96%D0%BC%D0%BE%D0%BA-%D0%B5%D0%BA%D1%80%D0%B0%D0%BD%D0%B0-2026-01-19-181234.png?fit=1073%2C895&ssl=1\",\"datePublished\":\"2026-01-19T17:08:41+00:00\",\"dateModified\":\"2026-01-20T11:18:07+00:00\",\"breadcrumb\":{\"@id\":\"https:\\\/\\\/velesnails.pl\\\/product\\\/frezarka-80w-do-manicure-paznokci-pedicure-40000-rpm-szara\\\/#breadcrumb\"},\"inLanguage\":\"uk\",\"potentialAction\":[{\"@type\":\"ReadAction\",\"target\":[\"https:\\\/\\\/velesnails.pl\\\/product\\\/frezarka-80w-do-manicure-paznokci-pedicure-40000-rpm-szara\\\/\"]}]},{\"@type\":\"ImageObject\",\"inLanguage\":\"uk\",\"@id\":\"https:\\\/\\\/velesnails.pl\\\/product\\\/frezarka-80w-do-manicure-paznokci-pedicure-40000-rpm-szara\\\/#primaryimage\",\"url\":\"https:\\\/\\\/i0.wp.com\\\/velesnails.pl\\\/wp-content\\\/uploads\\\/2026\\\/01\\\/%D0%97%D0%BD%D1%96%D0%BC%D0%BE%D0%BA-%D0%B5%D0%BA%D1%80%D0%B0%D0%BD%D0%B0-2026-01-19-181234.png?fit=1073%2C895&ssl=1\",\"contentUrl\":\"https:\\\/\\\/i0.wp.com\\\/velesnails.pl\\\/wp-content\\\/uploads\\\/2026\\\/01\\\/%D0%97%D0%BD%D1%96%D0%BC%D0%BE%D0%BA-%D0%B5%D0%BA%D1%80%D0%B0%D0%BD%D0%B0-2026-01-19-181234.png?fit=1073%2C895&ssl=1\",\"width\":1073,\"height\":895},{\"@type\":\"BreadcrumbList\",\"@id\":\"https:\\\/\\\/velesnails.pl\\\/product\\\/frezarka-80w-do-manicure-paznokci-pedicure-40000-rpm-szara\\\/#breadcrumb\",\"itemListElement\":[{\"@type\":\"ListItem\",\"position\":1,\"name\":\"\u0413\u043e\u043b\u043e\u0432\u043d\u0430\",\"item\":\"https:\\\/\\\/velesnails.pl\\\/\"},{\"@type\":\"ListItem\",\"position\":2,\"name\":\"Sklep\",\"item\":\"https:\\\/\\\/velesnails.pl\\\/shop\\\/\"},{\"@type\":\"ListItem\",\"position\":3,\"name\":\"Frezarka 80W do manicure, pedicure 40000 RPM \u2013 szara\"}]},{\"@type\":\"WebSite\",\"@id\":\"https:\\\/\\\/velesnails.pl\\\/#website\",\"url\":\"https:\\\/\\\/velesnails.pl\\\/\",\"name\":\"velesnails\",\"description\":\"Sklep z manicure\",\"publisher\":{\"@id\":\"https:\\\/\\\/velesnails.pl\\\/#organization\"},\"potentialAction\":[{\"@type\":\"SearchAction\",\"target\":{\"@type\":\"EntryPoint\",\"urlTemplate\":\"https:\\\/\\\/velesnails.pl\\\/?s={search_term_string}\"},\"query-input\":{\"@type\":\"PropertyValueSpecification\",\"valueRequired\":true,\"valueName\":\"search_term_string\"}}],\"inLanguage\":\"uk\"},{\"@type\":\"Organization\",\"@id\":\"https:\\\/\\\/velesnails.pl\\\/#organization\",\"name\":\"velesnails\",\"url\":\"https:\\\/\\\/velesnails.pl\\\/\",\"logo\":{\"@type\":\"ImageObject\",\"inLanguage\":\"uk\",\"@id\":\"https:\\\/\\\/velesnails.pl\\\/#\\\/schema\\\/logo\\\/image\\\/\",\"url\":\"https:\\\/\\\/i0.wp.com\\\/velesnails.pl\\\/wp-content\\\/uploads\\\/2025\\\/10\\\/cropped-obraz_viber_2025-10-22_13-55-55-969.jpg?fit=485%2C381&ssl=1\",\"contentUrl\":\"https:\\\/\\\/i0.wp.com\\\/velesnails.pl\\\/wp-content\\\/uploads\\\/2025\\\/10\\\/cropped-obraz_viber_2025-10-22_13-55-55-969.jpg?fit=485%2C381&ssl=1\",\"width\":485,\"height\":381,\"caption\":\"velesnails\"},\"image\":{\"@id\":\"https:\\\/\\\/velesnails.pl\\\/#\\\/schema\\\/logo\\\/image\\\/\"}}]}<\/script>\n<!-- \/ Yoast SEO plugin. -->","yoast_head_json":{"title":"Frezarka 80W do manicure, pedicure 40000 RPM \u2013 szara - velesnails","robots":{"index":"index","follow":"follow","max-snippet":"max-snippet:-1","max-image-preview":"max-image-preview:large","max-video-preview":"max-video-preview:-1"},"canonical":"https:\/\/velesnails.pl\/uk\/product\/frezarka-80w-do-manicure-paznokci-pedicure-40000-rpm-szara\/","og_locale":"uk_UA","og_type":"article","og_title":"Frezarka 80W do manicure, pedicure 40000 RPM \u2013 szara - velesnails","og_description":"Frezarka do paznokci 80W Precyzyjna frezarka o du\u017cej mocy, bezwibracyjna i bardzo cicha podczas pracy. Hermetycznie zamkni\u0119ty mikrosilnik w g\u0142owicy redukuje poziom ha\u0142asu o 20% w stosunku do konwencjonalnych modeli, czego efektem staje si\u0119 komfortowa praca. Frezarka charakteryzuje si\u0119 du\u017c\u0105 wytrzyma\u0142o\u015bci\u0105 i niezawodno\u015bci\u0105 pracy, posiada ergonomiczn\u0105 budow\u0119 bazy i pi\u00f3ra. Frezarka posiada 6 otwor\u00f3w na [&hellip;]","og_url":"https:\/\/velesnails.pl\/uk\/product\/frezarka-80w-do-manicure-paznokci-pedicure-40000-rpm-szara\/","og_site_name":"velesnails","article_modified_time":"2026-01-20T11:18:07+00:00","og_image":[{"width":1073,"height":895,"url":"https:\/\/velesnails.pl\/wp-content\/uploads\/2026\/01\/\u0417\u043d\u0456\u043c\u043e\u043a-\u0435\u043a\u0440\u0430\u043d\u0430-2026-01-19-181234.png","type":"image\/png"}],"twitter_card":"summary_large_image","twitter_misc":{"\u041f\u0440\u0438\u0431\u043b. \u0447\u0430\u0441 \u0447\u0438\u0442\u0430\u043d\u043d\u044f":"3 \u0445\u0432\u0438\u043b\u0438\u043d\u0438"},"schema":{"@context":"https:\/\/schema.org","@graph":[{"@type":"WebPage","@id":"https:\/\/velesnails.pl\/product\/frezarka-80w-do-manicure-paznokci-pedicure-40000-rpm-szara\/","url":"https:\/\/velesnails.pl\/product\/frezarka-80w-do-manicure-paznokci-pedicure-40000-rpm-szara\/","name":"Frezarka 80W do manicure, pedicure 40000 RPM \u2013 szara - velesnails","isPartOf":{"@id":"https:\/\/velesnails.pl\/#website"},"primaryImageOfPage":{"@id":"https:\/\/velesnails.pl\/product\/frezarka-80w-do-manicure-paznokci-pedicure-40000-rpm-szara\/#primaryimage"},"image":{"@id":"https:\/\/velesnails.pl\/product\/frezarka-80w-do-manicure-paznokci-pedicure-40000-rpm-szara\/#primaryimage"},"thumbnailUrl":"https:\/\/i0.wp.com\/velesnails.pl\/wp-content\/uploads\/2026\/01\/%D0%97%D0%BD%D1%96%D0%BC%D0%BE%D0%BA-%D0%B5%D0%BA%D1%80%D0%B0%D0%BD%D0%B0-2026-01-19-181234.png?fit=1073%2C895&ssl=1","datePublished":"2026-01-19T17:08:41+00:00","dateModified":"2026-01-20T11:18:07+00:00","breadcrumb":{"@id":"https:\/\/velesnails.pl\/product\/frezarka-80w-do-manicure-paznokci-pedicure-40000-rpm-szara\/#breadcrumb"},"inLanguage":"uk","potentialAction":[{"@type":"ReadAction","target":["https:\/\/velesnails.pl\/product\/frezarka-80w-do-manicure-paznokci-pedicure-40000-rpm-szara\/"]}]},{"@type":"ImageObject","inLanguage":"uk","@id":"https:\/\/velesnails.pl\/product\/frezarka-80w-do-manicure-paznokci-pedicure-40000-rpm-szara\/#primaryimage","url":"https:\/\/i0.wp.com\/velesnails.pl\/wp-content\/uploads\/2026\/01\/%D0%97%D0%BD%D1%96%D0%BC%D0%BE%D0%BA-%D0%B5%D0%BA%D1%80%D0%B0%D0%BD%D0%B0-2026-01-19-181234.png?fit=1073%2C895&ssl=1","contentUrl":"https:\/\/i0.wp.com\/velesnails.pl\/wp-content\/uploads\/2026\/01\/%D0%97%D0%BD%D1%96%D0%BC%D0%BE%D0%BA-%D0%B5%D0%BA%D1%80%D0%B0%D0%BD%D0%B0-2026-01-19-181234.png?fit=1073%2C895&ssl=1","width":1073,"height":895},{"@type":"BreadcrumbList","@id":"https:\/\/velesnails.pl\/product\/frezarka-80w-do-manicure-paznokci-pedicure-40000-rpm-szara\/#breadcrumb","itemListElement":[{"@type":"ListItem","position":1,"name":"\u0413\u043e\u043b\u043e\u0432\u043d\u0430","item":"https:\/\/velesnails.pl\/"},{"@type":"ListItem","position":2,"name":"Sklep","item":"https:\/\/velesnails.pl\/shop\/"},{"@type":"ListItem","position":3,"name":"Frezarka 80W do manicure, pedicure 40000 RPM \u2013 szara"}]},{"@type":"WebSite","@id":"https:\/\/velesnails.pl\/#website","url":"https:\/\/velesnails.pl\/","name":"\u0432\u0435\u043b\u0435\u0441\u043e\u0432\u0456 \u043d\u0456\u0433\u0442\u0456","description":"\u041c\u0430\u043d\u0456\u043a\u044e\u0440\u043d\u0438\u0439 \u0441\u0430\u043b\u043e\u043d","publisher":{"@id":"https:\/\/velesnails.pl\/#organization"},"potentialAction":[{"@type":"SearchAction","target":{"@type":"EntryPoint","urlTemplate":"https:\/\/velesnails.pl\/?s={search_term_string}"},"query-input":{"@type":"PropertyValueSpecification","valueRequired":true,"valueName":"search_term_string"}}],"inLanguage":"uk"},{"@type":"Organization","@id":"https:\/\/velesnails.pl\/#organization","name":"\u0432\u0435\u043b\u0435\u0441\u043e\u0432\u0456 \u043d\u0456\u0433\u0442\u0456","url":"https:\/\/velesnails.pl\/","logo":{"@type":"ImageObject","inLanguage":"uk","@id":"https:\/\/velesnails.pl\/#\/schema\/logo\/image\/","url":"https:\/\/i0.wp.com\/velesnails.pl\/wp-content\/uploads\/2025\/10\/cropped-obraz_viber_2025-10-22_13-55-55-969.jpg?fit=485%2C381&ssl=1","contentUrl":"https:\/\/i0.wp.com\/velesnails.pl\/wp-content\/uploads\/2025\/10\/cropped-obraz_viber_2025-10-22_13-55-55-969.jpg?fit=485%2C381&ssl=1","width":485,"height":381,"caption":"velesnails"},"image":{"@id":"https:\/\/velesnails.pl\/#\/schema\/logo\/image\/"}}]}},"_links":{"self":[{"href":"https:\/\/velesnails.pl\/uk\/wp-json\/wp\/v2\/product\/8125","targetHints":{"allow":["GET"]}}],"collection":[{"href":"https:\/\/velesnails.pl\/uk\/wp-json\/wp\/v2\/product"}],"about":[{"href":"https:\/\/velesnails.pl\/uk\/wp-json\/wp\/v2\/types\/product"}],"replies":[{"embeddable":true,"href":"https:\/\/velesnails.pl\/uk\/wp-json\/wp\/v2\/comments?post=8125"}],"wp:featuredmedia":[{"embeddable":true,"href":"https:\/\/velesnails.pl\/uk\/wp-json\/wp\/v2\/media\/8128"}],"wp:attachment":[{"href":"https:\/\/velesnails.pl\/uk\/wp-json\/wp\/v2\/media?parent=8125"}],"wp:term":[{"taxonomy":"product_brand","embeddable":true,"href":"https:\/\/velesnails.pl\/uk\/wp-json\/wp\/v2\/product_brand?post=8125"},{"taxonomy":"product_cat","embeddable":true,"href":"https:\/\/velesnails.pl\/uk\/wp-json\/wp\/v2\/product_cat?post=8125"},{"taxonomy":"product_tag","embeddable":true,"href":"https:\/\/velesnails.pl\/uk\/wp-json\/wp\/v2\/product_tag?post=8125"}],"curies":[{"name":"wp","href":"https:\/\/api.w.org\/{rel}","templated":true}]}}