{"id":8120,"date":"2026-01-19T20:03:15","date_gmt":"2026-01-19T17:03:15","guid":{"rendered":"https:\/\/velesnails.pl\/?post_type=product&#038;p=8120"},"modified":"2026-02-10T20:18:06","modified_gmt":"2026-02-10T17:18:06","slug":"frezarka-do-paznokci-manicure-pedicure-clavier-zs-601-65w-black","status":"publish","type":"product","link":"https:\/\/velesnails.pl\/uk\/product\/frezarka-do-paznokci-manicure-pedicure-clavier-zs-601-65w-black\/","title":{"rendered":"Frezarka do paznokci, manicure, pedicure Clavier- ZS 601, 65W, black"},"content":{"rendered":"<h2 class=\"wp-block-heading\">Cicha i p\u0142ynna praca oraz du\u017ca moc frezarki skraca czas nawet o po\u0142ow\u0119! Idealna dla profesjonalistek jak i pasjonatek!<\/h2>\n<p><strong>Frezarka do paznokci ZS 601<\/strong>\u00a0nadaje si\u0119 do profesjonalnego u\u017cytku w salonie kosmetycznym jak i do u\u017cytku w domu. U\u017cywaj\u0105c frezarki czas wykonania manicure \/ pedicure\u00a0<strong>zmniejszy si\u0119 nawet o po\u0142ow\u0119<\/strong>! W por\u00f3wnaniu do zwyk\u0142ego pilnika lub zabiegu z acetonem.\u00a0<strong>Twoja p\u0142ytka nie b\u0119dzie os\u0142abiona przez stosowanie acetonu, czy te\u017c nadmiernego pi\u0142owania.<\/strong>\u00a0Frezarka umo\u017cliwia r\u00f3wnie\u017c w szybki spos\u00f3b skr\u00f3ci\u0107 przed\u0142u\u017cone paznokcie.<\/p>\n<p><strong>DU\u017bA MOC 65 W\u00a0<\/strong>\u2013 du\u017cy zapas mocy sprawia, \u017ce frezarka \u015bwietnie nadaje si\u0119 do Manicure jak i do bardziej wymagaj\u0105cego Pedicure<\/p>\n<p><strong>2 TRYBY STEROWANIA<\/strong>\u00a0\u2013 mo\u017cliwo\u015b\u0107 obs\u0142ugi peda\u0142em jak i z panelu \u2013 wystarczy za pomoc\u0105 prze\u0142\u0105cznika wybra\u0107 jeden z tryb\u00f3w (hand\/foot).<\/p>\n<p><strong>CICHA I P\u0141YNNA PRACA<\/strong>\u00a0\u2013 r\u0105czka nie wibruje, nie bije<\/p>\n<h2 class=\"wp-block-heading\">Wymieniaj szybko i wygodnie frezy dzi\u0119ki g\u0142owicy TWIST-LOCK<\/h2>\n<p><strong>G\u0141OWICA TWIST LOCK<\/strong>\u00a0\u2013 wymieniaj szybko frezy wygodnie i bezpiecznie<\/p>\n<p>R\u0105czka doskonale le\u017cy w d\u0142oni, dodatkowo nie wibruje, dzi\u0119ki czemu zapobiega zm\u0119czeniu po d\u0142u\u017cszym u\u017cytkowaniu, w du\u017cym stopniu wp\u0142ywa to r\u00f3wnie\u017c na jako\u015b\u0107 wykonywanej pracy.Wysokiej jako\u015bci r\u0105czka z G\u0142owic\u0105 Twist-Lock.<strong>R\u0105czka nie wibruje i nie bije<\/strong>. G\u0142owica Tiwst-Lock gwarantuje szybk\u0105 i wygodn\u0105 wymian\u0119 frez\u00f3w bez konieczno\u015bci u\u017cywania kluczyk\u00f3w lub trzpieni. R\u0105czka jest lekka i ergonomicznie zaprojektowana, dzi\u0119ki czemu wygodnie le\u017cy w d\u0142oni. Model przykuwa uwag\u0119 zgrabn\u0105, funkcjonaln\u0105 baz\u0105 i kobiecym kolorem. Zapakowany w \u0142adne solidnie wykonane pude\u0142ko, kt\u00f3ry zapewni bezpiecze\u0144stwo urz\u0105dzeniu podczas podr\u00f3\u017cy<\/p>\n<p><strong>D\u0142ugo\u015b\u0107 ca\u0142kowita r\u0105czki:<\/strong>\u00a013,5 cm<\/p>\n<p><strong>Uwaga!<\/strong><\/p>\n<p><strong>W r\u0119koje\u015bci zawsze powinien znajdowa\u0107 si\u0119 frez lub ko\u0144c\u00f3wka zast\u0119pcza<\/strong>. Je\u015bli zdarzy Ci si\u0119 zostawi\u0107 r\u0119koje\u015b\u0107 bez freza, musisz u\u017cy\u0107 si\u0142y aby zwolni\u0107 blokad\u0119 do pozycji R lub ikonki otwartej k\u0142\u00f3dki.\u00a0<strong>Pierwsze zwolnienie blokady<\/strong>\u00a0r\u0119koje\u015bci mo\u017ce wymaga\u0107 u\u017cycia si\u0142y, po pewnym czasie r\u0119koje\u015b\u0107 b\u0119dzie pracowa\u0107 l\u017cej.<strong>Frezy wysokiej jako\u015bci,\u00a0<\/strong>wykorzystywane do usuwania lakieru hybrydowego, \u017celu lub akrylu, a tak\u017ce do pedicure i usuwania sk\u00f3rek. Wk\u0142ady zosta\u0142y tak skonstruowane, aby pasowa\u0142y do ka\u017cdej frezarki.<\/p>\n<h2 class=\"wp-block-heading\">Zestaw profesjonalnych frez\u00f3w w zestawie<\/h2>\n<ul class=\"wp-block-list\">\n<li>Frez do sk\u00f3rek\u00a0<strong>szczelinowy delikatny-<\/strong>\u00a0idealnie pomo\u017ce pozby\u0107 si\u0119 niechcianych sk\u00f3rek z wa\u0142\u00f3w oko\u0142o paznokciowych oraz z p\u0142ytki paznokcia.<\/li>\n<li>Frez \u00a0<strong>delikatny sto\u017cek<\/strong>\u00a0to frez do zada\u0144 specjalnych. Wykonany jest z najwy\u017cszej jako\u015bci materia\u0142\u00f3w: tlenku cyrkonu oraz stali nierdzewnej. Wykorzystasz go do obr\u00f3bki masy, do zdj\u0119cia pozosta\u0142o\u015bci \u017celu, hybrydy czy akrylo\u017celu.<\/li>\n<li><strong>Trzy frezy diamentowe<\/strong>\u00a0to zdecydowane trio do zada\u0144 specjalnych :<\/li>\n<li><strong>zaokr\u0105glony walec<\/strong>\u00a0podniesie sk\u00f3rki<\/li>\n<li><strong>\u0142ezka<\/strong>\u00a0\u2018wymiecie\u2019 resztki nab\u0142onka z przestrzeni mi\u0119dzy paznokciem a tak\u017ce podniesie sk\u00f3rki i przygotuje paznokie\u0107 do aplikacji lakieru \u2018 pod sk\u00f3rki\u2019<\/li>\n<li><strong>kuleczka<\/strong>\u00a0zako\u0144czy i wypoleruje pozosta\u0142o\u015bci nab\u0142onk\u00f3w- bez potrzeby u\u017cycia c\u0105\u017cek!<\/li>\n<\/ul>\n<div class=\"wp-block-spacer\" aria-hidden=\"true\"><\/div>\n<figure class=\"wp-block-table\">\n<table class=\"has-fixed-layout\">\n<tbody>\n<tr>\n<td>typ<\/td>\n<td>frezarka do paznokci<\/td>\n<\/tr>\n<tr>\n<td>model<\/td>\n<td>ZS 601<\/td>\n<\/tr>\n<tr>\n<td>moc<\/td>\n<td>65W<\/td>\n<\/tr>\n<tr>\n<td>zasilanie<\/td>\n<td>220V-240V \/ 50-60 Hz<\/td>\n<\/tr>\n<tr>\n<td>materia\u0142<\/td>\n<td>ABS<\/td>\n<\/tr>\n<tr>\n<td>regulacja obrot\u00f3w<\/td>\n<td>0 \u2013 30 000 RPM<\/td>\n<\/tr>\n<tr>\n<td>d\u0142ugo\u015b\u0107 kabla<\/td>\n<td>140 cm<\/td>\n<\/tr>\n<tr>\n<td>obroty<\/td>\n<td>lewe i prawe<\/td>\n<\/tr>\n<tr>\n<td>\u015brednica frez\u00f3w<\/td>\n<td>2.35<\/td>\n<\/tr>\n<tr>\n<td>r\u0105czka<\/td>\n<td>Twist-lock<\/td>\n<\/tr>\n<tr>\n<td>wymiary<\/td>\n<td>160mm x 135mm x 100mm<\/td>\n<\/tr>\n<tr>\n<td>zawarto\u015b\u0107 zestawu<\/td>\n<td>baza, r\u0105czka, peda\u0142 no\u017cny, podstawka pod g\u0142owic\u0119, uchwyt pod g\u0142owic\u0119, zestaw frez\u00f3w, instrukcja<\/td>\n<\/tr>\n<\/tbody>\n<\/table>\n<\/figure>\n<p>&nbsp;<\/p>\n<div class=\"wp-block-spacer\" aria-hidden=\"true\"><\/div>\n<p>Ostrze\u017cenia<\/p>\n<ol class=\"wp-block-list\">\n<li>Przed u\u017cyciem przeczytaj uwa\u017cnie instrukcj\u0119 obs\u0142ugi.<\/li>\n<li>Nale\u017cy u\u017cytkowa\u0107 urz\u0105dzenie w pomieszczeniach o temperaturze (5-35 stopni C). U\u017cytkowanie w zbyt wilgotnym b\u0105d\u017a zakurzonym miejscu mo\u017ce spowodowa\u0107 uszkodzenie urz\u0105dzenia.<\/li>\n<li>Ostro\u017cnie wyci\u0105gaj urz\u0105dzenie z pude\u0142ka, nie pozw\u00f3l na upuszczenie na pod\u0142og\u0119.<\/li>\n<li>Nale\u017cy szczeg\u00f3lnie uwa\u017ca\u0107 na r\u0105czk\u0119, upuszczenie jej mo\u017ce spowodowa\u0107 uszkodzenie \u0142o\u017cyska kulkowego lub os\u0142abi\u0107 wytrzyma\u0142o\u015b\u0107 r\u0105czki i frezarki.<\/li>\n<li>Nigdy nie pod\u0142\u0105czaj lub od\u0142\u0105czaj przewodu napi\u0119cia mokrymi r\u0119kami aby unikn\u0105\u0107 pora\u017cenia pr\u0105dem.<\/li>\n<li>Nigdy nie u\u017cywaj urz\u0105dzenia w przypadku uszkodzenia kabla zasilaj\u0105cego \u2013 grozi pora\u017ceniem pr\u0105dem.<\/li>\n<li>CHRONI\u0106 PRZED DZIE\u0106MI!<\/li>\n<\/ol>","protected":false},"excerpt":{"rendered":"<p>Cicha i p\u0142ynna praca oraz du\u017ca moc frezarki skraca czas nawet o po\u0142ow\u0119! Idealna dla profesjonalistek jak i pasjonatek! Frezarka do paznokci ZS 601\u00a0nadaje si\u0119 do profesjonalnego u\u017cytku w salonie kosmetycznym jak i do u\u017cytku w domu. U\u017cywaj\u0105c frezarki czas wykonania manicure \/ pedicure\u00a0zmniejszy si\u0119 nawet o po\u0142ow\u0119! W por\u00f3wnaniu do zwyk\u0142ego pilnika lub zabiegu [&hellip;]<\/p>\n","protected":false},"featured_media":8121,"comment_status":"closed","ping_status":"closed","template":"","meta":{"om_disable_all_campaigns":false,"ocean_post_layout":"","ocean_both_sidebars_style":"","ocean_both_sidebars_content_width":0,"ocean_both_sidebars_sidebars_width":0,"ocean_sidebar":"0","ocean_second_sidebar":"0","ocean_disable_margins":"enable","ocean_add_body_class":"","ocean_shortcode_before_top_bar":"","ocean_shortcode_after_top_bar":"","ocean_shortcode_before_header":"","ocean_shortcode_after_header":"","ocean_has_shortcode":"","ocean_shortcode_after_title":"","ocean_shortcode_before_footer_widgets":"","ocean_shortcode_after_footer_widgets":"","ocean_shortcode_before_footer_bottom":"","ocean_shortcode_after_footer_bottom":"","ocean_display_top_bar":"default","ocean_display_header":"default","ocean_header_style":"","ocean_center_header_left_menu":"0","ocean_custom_header_template":"0","ocean_custom_logo":0,"ocean_custom_retina_logo":0,"ocean_custom_logo_max_width":0,"ocean_custom_logo_tablet_max_width":0,"ocean_custom_logo_mobile_max_width":0,"ocean_custom_logo_max_height":0,"ocean_custom_logo_tablet_max_height":0,"ocean_custom_logo_mobile_max_height":0,"ocean_header_custom_menu":"0","ocean_menu_typo_font_family":"0","ocean_menu_typo_font_subset":"","ocean_menu_typo_font_size":0,"ocean_menu_typo_font_size_tablet":0,"ocean_menu_typo_font_size_mobile":0,"ocean_menu_typo_font_size_unit":"px","ocean_menu_typo_font_weight":"","ocean_menu_typo_font_weight_tablet":"","ocean_menu_typo_font_weight_mobile":"","ocean_menu_typo_transform":"","ocean_menu_typo_transform_tablet":"","ocean_menu_typo_transform_mobile":"","ocean_menu_typo_line_height":0,"ocean_menu_typo_line_height_tablet":0,"ocean_menu_typo_line_height_mobile":0,"ocean_menu_typo_line_height_unit":"","ocean_menu_typo_spacing":0,"ocean_menu_typo_spacing_tablet":0,"ocean_menu_typo_spacing_mobile":0,"ocean_menu_typo_spacing_unit":"","ocean_menu_link_color":"","ocean_menu_link_color_hover":"","ocean_menu_link_color_active":"","ocean_menu_link_background":"","ocean_menu_link_hover_background":"","ocean_menu_link_active_background":"","ocean_menu_social_links_bg":"","ocean_menu_social_hover_links_bg":"","ocean_menu_social_links_color":"","ocean_menu_social_hover_links_color":"","ocean_disable_title":"default","ocean_disable_heading":"default","ocean_post_title":"","ocean_post_subheading":"","ocean_post_title_style":"","ocean_post_title_background_color":"","ocean_post_title_background":0,"ocean_post_title_bg_image_position":"","ocean_post_title_bg_image_attachment":"","ocean_post_title_bg_image_repeat":"","ocean_post_title_bg_image_size":"","ocean_post_title_height":0,"ocean_post_title_bg_overlay":0.5,"ocean_post_title_bg_overlay_color":"","ocean_disable_breadcrumbs":"default","ocean_breadcrumbs_color":"","ocean_breadcrumbs_separator_color":"","ocean_breadcrumbs_links_color":"","ocean_breadcrumbs_links_hover_color":"","ocean_display_footer_widgets":"default","ocean_display_footer_bottom":"default","ocean_custom_footer_template":"0"},"product_brand":[],"product_cat":[190,166,176,110,164],"product_tag":[],"class_list":{"0":"post-8120","1":"product","2":"type-product","3":"status-publish","4":"has-post-thumbnail","6":"product_cat-clavier-1","7":"product_cat-frezarki","8":"product_cat-marki","9":"product_cat-paznokcie","10":"product_cat-urzadzenia","12":"entry","13":"has-media","15":"first","16":"outofstock","17":"taxable","18":"shipping-taxable","19":"purchasable","20":"product-type-simple","21":"has-product-nav","22":"col","23":"span_1_of_3","24":"owp-content-center","25":"owp-thumbs-layout-horizontal","26":"owp-btn-normal","27":"owp-tabs-layout-horizontal"},"yoast_head":"<!-- This site is optimized with the Yoast SEO plugin v27.5 - https:\/\/yoast.com\/product\/yoast-seo-wordpress\/ -->\n<title>Frezarka do paznokci, manicure, pedicure Clavier- ZS 601, 65W, black - velesnails<\/title>\n<meta name=\"robots\" content=\"index, follow, max-snippet:-1, max-image-preview:large, max-video-preview:-1\" \/>\n<link rel=\"canonical\" href=\"https:\/\/velesnails.pl\/uk\/product\/frezarka-do-paznokci-manicure-pedicure-clavier-zs-601-65w-black\/\" \/>\n<meta property=\"og:locale\" content=\"uk_UA\" \/>\n<meta property=\"og:type\" content=\"article\" \/>\n<meta property=\"og:title\" content=\"Frezarka do paznokci, manicure, pedicure Clavier- ZS 601, 65W, black - velesnails\" \/>\n<meta property=\"og:description\" content=\"Cicha i p\u0142ynna praca oraz du\u017ca moc frezarki skraca czas nawet o po\u0142ow\u0119! Idealna dla profesjonalistek jak i pasjonatek! Frezarka do paznokci ZS 601\u00a0nadaje si\u0119 do profesjonalnego u\u017cytku w salonie kosmetycznym jak i do u\u017cytku w domu. U\u017cywaj\u0105c frezarki czas wykonania manicure \/ pedicure\u00a0zmniejszy si\u0119 nawet o po\u0142ow\u0119! W por\u00f3wnaniu do zwyk\u0142ego pilnika lub zabiegu [&hellip;]\" \/>\n<meta property=\"og:url\" content=\"https:\/\/velesnails.pl\/uk\/product\/frezarka-do-paznokci-manicure-pedicure-clavier-zs-601-65w-black\/\" \/>\n<meta property=\"og:site_name\" content=\"velesnails\" \/>\n<meta property=\"article:modified_time\" content=\"2026-02-10T17:18:06+00:00\" \/>\n<meta property=\"og:image\" content=\"https:\/\/i0.wp.com\/velesnails.pl\/wp-content\/uploads\/2026\/01\/%D0%97%D0%BD%D1%96%D0%BC%D0%BE%D0%BA-%D0%B5%D0%BA%D1%80%D0%B0%D0%BD%D0%B0-2026-01-19-180705.png?fit=1329%2C879&ssl=1\" \/>\n\t<meta property=\"og:image:width\" content=\"1329\" \/>\n\t<meta property=\"og:image:height\" content=\"879\" \/>\n\t<meta property=\"og:image:type\" content=\"image\/png\" \/>\n<meta name=\"twitter:card\" content=\"summary_large_image\" \/>\n<meta name=\"twitter:label1\" content=\"\u041f\u0440\u0438\u0431\u043b. \u0447\u0430\u0441 \u0447\u0438\u0442\u0430\u043d\u043d\u044f\" \/>\n\t<meta name=\"twitter:data1\" content=\"4 \u0445\u0432\u0438\u043b\u0438\u043d\u0438\" \/>\n<script type=\"application\/ld+json\" class=\"yoast-schema-graph\">{\"@context\":\"https:\\\/\\\/schema.org\",\"@graph\":[{\"@type\":\"WebPage\",\"@id\":\"https:\\\/\\\/velesnails.pl\\\/product\\\/frezarka-do-paznokci-manicure-pedicure-clavier-zs-601-65w-black\\\/\",\"url\":\"https:\\\/\\\/velesnails.pl\\\/product\\\/frezarka-do-paznokci-manicure-pedicure-clavier-zs-601-65w-black\\\/\",\"name\":\"Frezarka do paznokci, manicure, pedicure Clavier- ZS 601, 65W, black - velesnails\",\"isPartOf\":{\"@id\":\"https:\\\/\\\/velesnails.pl\\\/#website\"},\"primaryImageOfPage\":{\"@id\":\"https:\\\/\\\/velesnails.pl\\\/product\\\/frezarka-do-paznokci-manicure-pedicure-clavier-zs-601-65w-black\\\/#primaryimage\"},\"image\":{\"@id\":\"https:\\\/\\\/velesnails.pl\\\/product\\\/frezarka-do-paznokci-manicure-pedicure-clavier-zs-601-65w-black\\\/#primaryimage\"},\"thumbnailUrl\":\"https:\\\/\\\/i0.wp.com\\\/velesnails.pl\\\/wp-content\\\/uploads\\\/2026\\\/01\\\/%D0%97%D0%BD%D1%96%D0%BC%D0%BE%D0%BA-%D0%B5%D0%BA%D1%80%D0%B0%D0%BD%D0%B0-2026-01-19-180705.png?fit=1329%2C879&ssl=1\",\"datePublished\":\"2026-01-19T17:03:15+00:00\",\"dateModified\":\"2026-02-10T17:18:06+00:00\",\"breadcrumb\":{\"@id\":\"https:\\\/\\\/velesnails.pl\\\/product\\\/frezarka-do-paznokci-manicure-pedicure-clavier-zs-601-65w-black\\\/#breadcrumb\"},\"inLanguage\":\"uk\",\"potentialAction\":[{\"@type\":\"ReadAction\",\"target\":[\"https:\\\/\\\/velesnails.pl\\\/product\\\/frezarka-do-paznokci-manicure-pedicure-clavier-zs-601-65w-black\\\/\"]}]},{\"@type\":\"ImageObject\",\"inLanguage\":\"uk\",\"@id\":\"https:\\\/\\\/velesnails.pl\\\/product\\\/frezarka-do-paznokci-manicure-pedicure-clavier-zs-601-65w-black\\\/#primaryimage\",\"url\":\"https:\\\/\\\/i0.wp.com\\\/velesnails.pl\\\/wp-content\\\/uploads\\\/2026\\\/01\\\/%D0%97%D0%BD%D1%96%D0%BC%D0%BE%D0%BA-%D0%B5%D0%BA%D1%80%D0%B0%D0%BD%D0%B0-2026-01-19-180705.png?fit=1329%2C879&ssl=1\",\"contentUrl\":\"https:\\\/\\\/i0.wp.com\\\/velesnails.pl\\\/wp-content\\\/uploads\\\/2026\\\/01\\\/%D0%97%D0%BD%D1%96%D0%BC%D0%BE%D0%BA-%D0%B5%D0%BA%D1%80%D0%B0%D0%BD%D0%B0-2026-01-19-180705.png?fit=1329%2C879&ssl=1\",\"width\":1329,\"height\":879},{\"@type\":\"BreadcrumbList\",\"@id\":\"https:\\\/\\\/velesnails.pl\\\/product\\\/frezarka-do-paznokci-manicure-pedicure-clavier-zs-601-65w-black\\\/#breadcrumb\",\"itemListElement\":[{\"@type\":\"ListItem\",\"position\":1,\"name\":\"\u0413\u043e\u043b\u043e\u0432\u043d\u0430\",\"item\":\"https:\\\/\\\/velesnails.pl\\\/\"},{\"@type\":\"ListItem\",\"position\":2,\"name\":\"Sklep\",\"item\":\"https:\\\/\\\/velesnails.pl\\\/shop\\\/\"},{\"@type\":\"ListItem\",\"position\":3,\"name\":\"Frezarka do paznokci, manicure, pedicure Clavier- ZS 601, 65W, black\"}]},{\"@type\":\"WebSite\",\"@id\":\"https:\\\/\\\/velesnails.pl\\\/#website\",\"url\":\"https:\\\/\\\/velesnails.pl\\\/\",\"name\":\"velesnails\",\"description\":\"Sklep z manicure\",\"publisher\":{\"@id\":\"https:\\\/\\\/velesnails.pl\\\/#organization\"},\"potentialAction\":[{\"@type\":\"SearchAction\",\"target\":{\"@type\":\"EntryPoint\",\"urlTemplate\":\"https:\\\/\\\/velesnails.pl\\\/?s={search_term_string}\"},\"query-input\":{\"@type\":\"PropertyValueSpecification\",\"valueRequired\":true,\"valueName\":\"search_term_string\"}}],\"inLanguage\":\"uk\"},{\"@type\":\"Organization\",\"@id\":\"https:\\\/\\\/velesnails.pl\\\/#organization\",\"name\":\"velesnails\",\"url\":\"https:\\\/\\\/velesnails.pl\\\/\",\"logo\":{\"@type\":\"ImageObject\",\"inLanguage\":\"uk\",\"@id\":\"https:\\\/\\\/velesnails.pl\\\/#\\\/schema\\\/logo\\\/image\\\/\",\"url\":\"https:\\\/\\\/i0.wp.com\\\/velesnails.pl\\\/wp-content\\\/uploads\\\/2025\\\/10\\\/cropped-obraz_viber_2025-10-22_13-55-55-969.jpg?fit=485%2C381&ssl=1\",\"contentUrl\":\"https:\\\/\\\/i0.wp.com\\\/velesnails.pl\\\/wp-content\\\/uploads\\\/2025\\\/10\\\/cropped-obraz_viber_2025-10-22_13-55-55-969.jpg?fit=485%2C381&ssl=1\",\"width\":485,\"height\":381,\"caption\":\"velesnails\"},\"image\":{\"@id\":\"https:\\\/\\\/velesnails.pl\\\/#\\\/schema\\\/logo\\\/image\\\/\"}}]}<\/script>\n<!-- \/ Yoast SEO plugin. -->","yoast_head_json":{"title":"Frezarka do paznokci, manicure, pedicure Clavier- ZS 601, 65W, black - velesnails","robots":{"index":"index","follow":"follow","max-snippet":"max-snippet:-1","max-image-preview":"max-image-preview:large","max-video-preview":"max-video-preview:-1"},"canonical":"https:\/\/velesnails.pl\/uk\/product\/frezarka-do-paznokci-manicure-pedicure-clavier-zs-601-65w-black\/","og_locale":"uk_UA","og_type":"article","og_title":"Frezarka do paznokci, manicure, pedicure Clavier- ZS 601, 65W, black - velesnails","og_description":"Cicha i p\u0142ynna praca oraz du\u017ca moc frezarki skraca czas nawet o po\u0142ow\u0119! Idealna dla profesjonalistek jak i pasjonatek! Frezarka do paznokci ZS 601\u00a0nadaje si\u0119 do profesjonalnego u\u017cytku w salonie kosmetycznym jak i do u\u017cytku w domu. U\u017cywaj\u0105c frezarki czas wykonania manicure \/ pedicure\u00a0zmniejszy si\u0119 nawet o po\u0142ow\u0119! W por\u00f3wnaniu do zwyk\u0142ego pilnika lub zabiegu [&hellip;]","og_url":"https:\/\/velesnails.pl\/uk\/product\/frezarka-do-paznokci-manicure-pedicure-clavier-zs-601-65w-black\/","og_site_name":"velesnails","article_modified_time":"2026-02-10T17:18:06+00:00","og_image":[{"width":1329,"height":879,"url":"https:\/\/i0.wp.com\/velesnails.pl\/wp-content\/uploads\/2026\/01\/%D0%97%D0%BD%D1%96%D0%BC%D0%BE%D0%BA-%D0%B5%D0%BA%D1%80%D0%B0%D0%BD%D0%B0-2026-01-19-180705.png?fit=1329%2C879&ssl=1","type":"image\/png"}],"twitter_card":"summary_large_image","twitter_misc":{"\u041f\u0440\u0438\u0431\u043b. \u0447\u0430\u0441 \u0447\u0438\u0442\u0430\u043d\u043d\u044f":"4 \u0445\u0432\u0438\u043b\u0438\u043d\u0438"},"schema":{"@context":"https:\/\/schema.org","@graph":[{"@type":"WebPage","@id":"https:\/\/velesnails.pl\/product\/frezarka-do-paznokci-manicure-pedicure-clavier-zs-601-65w-black\/","url":"https:\/\/velesnails.pl\/product\/frezarka-do-paznokci-manicure-pedicure-clavier-zs-601-65w-black\/","name":"Frezarka do paznokci, manicure, pedicure Clavier- ZS 601, 65W, black - velesnails","isPartOf":{"@id":"https:\/\/velesnails.pl\/#website"},"primaryImageOfPage":{"@id":"https:\/\/velesnails.pl\/product\/frezarka-do-paznokci-manicure-pedicure-clavier-zs-601-65w-black\/#primaryimage"},"image":{"@id":"https:\/\/velesnails.pl\/product\/frezarka-do-paznokci-manicure-pedicure-clavier-zs-601-65w-black\/#primaryimage"},"thumbnailUrl":"https:\/\/i0.wp.com\/velesnails.pl\/wp-content\/uploads\/2026\/01\/%D0%97%D0%BD%D1%96%D0%BC%D0%BE%D0%BA-%D0%B5%D0%BA%D1%80%D0%B0%D0%BD%D0%B0-2026-01-19-180705.png?fit=1329%2C879&ssl=1","datePublished":"2026-01-19T17:03:15+00:00","dateModified":"2026-02-10T17:18:06+00:00","breadcrumb":{"@id":"https:\/\/velesnails.pl\/product\/frezarka-do-paznokci-manicure-pedicure-clavier-zs-601-65w-black\/#breadcrumb"},"inLanguage":"uk","potentialAction":[{"@type":"ReadAction","target":["https:\/\/velesnails.pl\/product\/frezarka-do-paznokci-manicure-pedicure-clavier-zs-601-65w-black\/"]}]},{"@type":"ImageObject","inLanguage":"uk","@id":"https:\/\/velesnails.pl\/product\/frezarka-do-paznokci-manicure-pedicure-clavier-zs-601-65w-black\/#primaryimage","url":"https:\/\/i0.wp.com\/velesnails.pl\/wp-content\/uploads\/2026\/01\/%D0%97%D0%BD%D1%96%D0%BC%D0%BE%D0%BA-%D0%B5%D0%BA%D1%80%D0%B0%D0%BD%D0%B0-2026-01-19-180705.png?fit=1329%2C879&ssl=1","contentUrl":"https:\/\/i0.wp.com\/velesnails.pl\/wp-content\/uploads\/2026\/01\/%D0%97%D0%BD%D1%96%D0%BC%D0%BE%D0%BA-%D0%B5%D0%BA%D1%80%D0%B0%D0%BD%D0%B0-2026-01-19-180705.png?fit=1329%2C879&ssl=1","width":1329,"height":879},{"@type":"BreadcrumbList","@id":"https:\/\/velesnails.pl\/product\/frezarka-do-paznokci-manicure-pedicure-clavier-zs-601-65w-black\/#breadcrumb","itemListElement":[{"@type":"ListItem","position":1,"name":"\u0413\u043e\u043b\u043e\u0432\u043d\u0430","item":"https:\/\/velesnails.pl\/"},{"@type":"ListItem","position":2,"name":"Sklep","item":"https:\/\/velesnails.pl\/shop\/"},{"@type":"ListItem","position":3,"name":"Frezarka do paznokci, manicure, pedicure Clavier- ZS 601, 65W, black"}]},{"@type":"WebSite","@id":"https:\/\/velesnails.pl\/#website","url":"https:\/\/velesnails.pl\/","name":"\u0432\u0435\u043b\u0435\u0441\u043e\u0432\u0456 \u043d\u0456\u0433\u0442\u0456","description":"\u041c\u0430\u043d\u0456\u043a\u044e\u0440\u043d\u0438\u0439 \u0441\u0430\u043b\u043e\u043d","publisher":{"@id":"https:\/\/velesnails.pl\/#organization"},"potentialAction":[{"@type":"SearchAction","target":{"@type":"EntryPoint","urlTemplate":"https:\/\/velesnails.pl\/?s={search_term_string}"},"query-input":{"@type":"PropertyValueSpecification","valueRequired":true,"valueName":"search_term_string"}}],"inLanguage":"uk"},{"@type":"Organization","@id":"https:\/\/velesnails.pl\/#organization","name":"\u0432\u0435\u043b\u0435\u0441\u043e\u0432\u0456 \u043d\u0456\u0433\u0442\u0456","url":"https:\/\/velesnails.pl\/","logo":{"@type":"ImageObject","inLanguage":"uk","@id":"https:\/\/velesnails.pl\/#\/schema\/logo\/image\/","url":"https:\/\/i0.wp.com\/velesnails.pl\/wp-content\/uploads\/2025\/10\/cropped-obraz_viber_2025-10-22_13-55-55-969.jpg?fit=485%2C381&ssl=1","contentUrl":"https:\/\/i0.wp.com\/velesnails.pl\/wp-content\/uploads\/2025\/10\/cropped-obraz_viber_2025-10-22_13-55-55-969.jpg?fit=485%2C381&ssl=1","width":485,"height":381,"caption":"velesnails"},"image":{"@id":"https:\/\/velesnails.pl\/#\/schema\/logo\/image\/"}}]}},"_links":{"self":[{"href":"https:\/\/velesnails.pl\/uk\/wp-json\/wp\/v2\/product\/8120","targetHints":{"allow":["GET"]}}],"collection":[{"href":"https:\/\/velesnails.pl\/uk\/wp-json\/wp\/v2\/product"}],"about":[{"href":"https:\/\/velesnails.pl\/uk\/wp-json\/wp\/v2\/types\/product"}],"replies":[{"embeddable":true,"href":"https:\/\/velesnails.pl\/uk\/wp-json\/wp\/v2\/comments?post=8120"}],"wp:featuredmedia":[{"embeddable":true,"href":"https:\/\/velesnails.pl\/uk\/wp-json\/wp\/v2\/media\/8121"}],"wp:attachment":[{"href":"https:\/\/velesnails.pl\/uk\/wp-json\/wp\/v2\/media?parent=8120"}],"wp:term":[{"taxonomy":"product_brand","embeddable":true,"href":"https:\/\/velesnails.pl\/uk\/wp-json\/wp\/v2\/product_brand?post=8120"},{"taxonomy":"product_cat","embeddable":true,"href":"https:\/\/velesnails.pl\/uk\/wp-json\/wp\/v2\/product_cat?post=8120"},{"taxonomy":"product_tag","embeddable":true,"href":"https:\/\/velesnails.pl\/uk\/wp-json\/wp\/v2\/product_tag?post=8120"}],"curies":[{"name":"wp","href":"https:\/\/api.w.org\/{rel}","templated":true}]}}