{"id":8102,"date":"2026-01-18T21:36:25","date_gmt":"2026-01-18T18:36:25","guid":{"rendered":"https:\/\/velesnails.pl\/?post_type=product&#038;p=8102"},"modified":"2026-04-16T12:52:48","modified_gmt":"2026-04-16T09:52:48","slug":"frez-diamentowy-kulka-4-mm-720-11","status":"publish","type":"product","link":"https:\/\/velesnails.pl\/uk\/product\/frez-diamentowy-kulka-4-mm-720-11\/","title":{"rendered":"Frez diamentowy kulka 4 mm 720-11"},"content":{"rendered":"<p><strong>Kulka<\/strong>\u00a0&#8211; kszta\u0142t kulki pozwala dotrze\u0107 do\u00a0<strong>trudno dost\u0119pnych miejsc<\/strong>. Sprawdza si\u0119 przy sp\u0142yceniu rozpadlin. \u015awietny do\u00a0<strong>opracowania sk\u00f3rek<\/strong>\u00a0w manicure frezarkowym i kombinowanym. Idealny do pracy przy\u00a0<strong>wa\u0142ach oko\u0142opaznokciowych<\/strong>, zgrubia\u0142ych sk\u00f3rkach, przydatny przy usuwaniu zagrzybie\u0144, zielonych bakterii na p\u0142ytce oraz \u00a0przy pedicure.<br \/>\nMog\u0105 by\u0107\u00a0<strong>sterylizowane<\/strong>\u00a0w autoklawach lub innych urz\u0105dzeniach przeznaczonych do sterylizacji narz\u0119dzi.<\/p>\n<p><strong>Specyfikacje techniczne:<\/strong><\/p>\n<ul>\n<li>\u015arednica trzpienia:\u00a0<strong>2,35 mm<\/strong>\u00a0(uniwersalny)<\/li>\n<li>Cz\u0119\u015b\u0107 pracuj\u0105ca:\u00a0<strong>4 mm<\/strong><\/li>\n<li>Poziom ostro\u015bci:\u00a0<strong>\u015bredni<\/strong><\/li>\n<\/ul>","protected":false},"excerpt":{"rendered":"<p>Kulka\u00a0&#8211; kszta\u0142t kulki pozwala dotrze\u0107 do\u00a0trudno dost\u0119pnych miejsc. Sprawdza si\u0119 przy sp\u0142yceniu rozpadlin. \u015awietny do\u00a0opracowania sk\u00f3rek\u00a0w manicure frezarkowym i kombinowanym. Idealny do pracy przy\u00a0wa\u0142ach oko\u0142opaznokciowych, zgrubia\u0142ych sk\u00f3rkach, przydatny przy usuwaniu zagrzybie\u0144, zielonych bakterii na p\u0142ytce oraz \u00a0przy pedicure. Mog\u0105 by\u0107\u00a0sterylizowane\u00a0w autoklawach lub innych urz\u0105dzeniach przeznaczonych do sterylizacji narz\u0119dzi. Specyfikacje techniczne: \u015arednica trzpienia:\u00a02,35 mm\u00a0(uniwersalny) Cz\u0119\u015b\u0107 pracuj\u0105ca:\u00a04 [&hellip;]<\/p>\n","protected":false},"featured_media":8103,"comment_status":"closed","ping_status":"closed","template":"","meta":{"om_disable_all_campaigns":false,"ocean_post_layout":"","ocean_both_sidebars_style":"","ocean_both_sidebars_content_width":0,"ocean_both_sidebars_sidebars_width":0,"ocean_sidebar":"0","ocean_second_sidebar":"0","ocean_disable_margins":"enable","ocean_add_body_class":"","ocean_shortcode_before_top_bar":"","ocean_shortcode_after_top_bar":"","ocean_shortcode_before_header":"","ocean_shortcode_after_header":"","ocean_has_shortcode":"","ocean_shortcode_after_title":"","ocean_shortcode_before_footer_widgets":"","ocean_shortcode_after_footer_widgets":"","ocean_shortcode_before_footer_bottom":"","ocean_shortcode_after_footer_bottom":"","ocean_display_top_bar":"default","ocean_display_header":"default","ocean_header_style":"","ocean_center_header_left_menu":"0","ocean_custom_header_template":"0","ocean_custom_logo":0,"ocean_custom_retina_logo":0,"ocean_custom_logo_max_width":0,"ocean_custom_logo_tablet_max_width":0,"ocean_custom_logo_mobile_max_width":0,"ocean_custom_logo_max_height":0,"ocean_custom_logo_tablet_max_height":0,"ocean_custom_logo_mobile_max_height":0,"ocean_header_custom_menu":"0","ocean_menu_typo_font_family":"0","ocean_menu_typo_font_subset":"","ocean_menu_typo_font_size":0,"ocean_menu_typo_font_size_tablet":0,"ocean_menu_typo_font_size_mobile":0,"ocean_menu_typo_font_size_unit":"px","ocean_menu_typo_font_weight":"","ocean_menu_typo_font_weight_tablet":"","ocean_menu_typo_font_weight_mobile":"","ocean_menu_typo_transform":"","ocean_menu_typo_transform_tablet":"","ocean_menu_typo_transform_mobile":"","ocean_menu_typo_line_height":0,"ocean_menu_typo_line_height_tablet":0,"ocean_menu_typo_line_height_mobile":0,"ocean_menu_typo_line_height_unit":"","ocean_menu_typo_spacing":0,"ocean_menu_typo_spacing_tablet":0,"ocean_menu_typo_spacing_mobile":0,"ocean_menu_typo_spacing_unit":"","ocean_menu_link_color":"","ocean_menu_link_color_hover":"","ocean_menu_link_color_active":"","ocean_menu_link_background":"","ocean_menu_link_hover_background":"","ocean_menu_link_active_background":"","ocean_menu_social_links_bg":"","ocean_menu_social_hover_links_bg":"","ocean_menu_social_links_color":"","ocean_menu_social_hover_links_color":"","ocean_disable_title":"default","ocean_disable_heading":"default","ocean_post_title":"","ocean_post_subheading":"","ocean_post_title_style":"","ocean_post_title_background_color":"","ocean_post_title_background":0,"ocean_post_title_bg_image_position":"","ocean_post_title_bg_image_attachment":"","ocean_post_title_bg_image_repeat":"","ocean_post_title_bg_image_size":"","ocean_post_title_height":0,"ocean_post_title_bg_overlay":0.5,"ocean_post_title_bg_overlay_color":"","ocean_disable_breadcrumbs":"default","ocean_breadcrumbs_color":"","ocean_breadcrumbs_separator_color":"","ocean_breadcrumbs_links_color":"","ocean_breadcrumbs_links_hover_color":"","ocean_display_footer_widgets":"default","ocean_display_footer_bottom":"default","ocean_custom_footer_template":"0"},"product_brand":[],"product_cat":[190,160,158,176,110],"product_tag":[],"class_list":{"0":"post-8102","1":"product","2":"type-product","3":"status-publish","4":"has-post-thumbnail","6":"product_cat-clavier-1","7":"product_cat-diamentowe","8":"product_cat-frezy","9":"product_cat-marki","10":"product_cat-paznokcie","12":"entry","13":"has-media","15":"first","16":"outofstock","17":"taxable","18":"shipping-taxable","19":"purchasable","20":"product-type-simple","21":"has-product-nav","22":"col","23":"span_1_of_3","24":"owp-content-center","25":"owp-thumbs-layout-horizontal","26":"owp-btn-normal","27":"owp-tabs-layout-horizontal","28":"has-no-thumbnails"},"yoast_head":"<!-- This site is optimized with the Yoast SEO plugin v27.5 - https:\/\/yoast.com\/product\/yoast-seo-wordpress\/ -->\n<title>Frez diamentowy kulka 4 mm 720-11 - velesnails<\/title>\n<meta name=\"robots\" content=\"index, follow, max-snippet:-1, max-image-preview:large, max-video-preview:-1\" \/>\n<link rel=\"canonical\" href=\"https:\/\/velesnails.pl\/uk\/product\/frez-diamentowy-kulka-4-mm-720-11\/\" \/>\n<meta property=\"og:locale\" content=\"uk_UA\" \/>\n<meta property=\"og:type\" content=\"article\" \/>\n<meta property=\"og:title\" content=\"Frez diamentowy kulka 4 mm 720-11 - velesnails\" \/>\n<meta property=\"og:description\" content=\"Kulka\u00a0&#8211; kszta\u0142t kulki pozwala dotrze\u0107 do\u00a0trudno dost\u0119pnych miejsc. Sprawdza si\u0119 przy sp\u0142yceniu rozpadlin. \u015awietny do\u00a0opracowania sk\u00f3rek\u00a0w manicure frezarkowym i kombinowanym. Idealny do pracy przy\u00a0wa\u0142ach oko\u0142opaznokciowych, zgrubia\u0142ych sk\u00f3rkach, przydatny przy usuwaniu zagrzybie\u0144, zielonych bakterii na p\u0142ytce oraz \u00a0przy pedicure. Mog\u0105 by\u0107\u00a0sterylizowane\u00a0w autoklawach lub innych urz\u0105dzeniach przeznaczonych do sterylizacji narz\u0119dzi. Specyfikacje techniczne: \u015arednica trzpienia:\u00a02,35 mm\u00a0(uniwersalny) Cz\u0119\u015b\u0107 pracuj\u0105ca:\u00a04 [&hellip;]\" \/>\n<meta property=\"og:url\" content=\"https:\/\/velesnails.pl\/uk\/product\/frez-diamentowy-kulka-4-mm-720-11\/\" \/>\n<meta property=\"og:site_name\" content=\"velesnails\" \/>\n<meta property=\"article:modified_time\" content=\"2026-04-16T09:52:48+00:00\" \/>\n<meta property=\"og:image\" content=\"https:\/\/velesnails.pl\/wp-content\/uploads\/2026\/01\/\u0417\u043d\u0456\u043c\u043e\u043a-\u0435\u043a\u0440\u0430\u043d\u0430-2026-01-18-193900.png\" \/>\n\t<meta property=\"og:image:width\" content=\"805\" \/>\n\t<meta property=\"og:image:height\" content=\"747\" \/>\n\t<meta property=\"og:image:type\" content=\"image\/png\" \/>\n<meta name=\"twitter:card\" content=\"summary_large_image\" \/>\n<meta name=\"twitter:label1\" content=\"\u041f\u0440\u0438\u0431\u043b. \u0447\u0430\u0441 \u0447\u0438\u0442\u0430\u043d\u043d\u044f\" \/>\n\t<meta name=\"twitter:data1\" content=\"1 \u0445\u0432\u0438\u043b\u0438\u043d\u0430\" \/>\n<script type=\"application\/ld+json\" class=\"yoast-schema-graph\">{\"@context\":\"https:\\\/\\\/schema.org\",\"@graph\":[{\"@type\":\"WebPage\",\"@id\":\"https:\\\/\\\/velesnails.pl\\\/product\\\/frez-diamentowy-kulka-4-mm-720-11\\\/\",\"url\":\"https:\\\/\\\/velesnails.pl\\\/product\\\/frez-diamentowy-kulka-4-mm-720-11\\\/\",\"name\":\"Frez diamentowy kulka 4 mm 720-11 - velesnails\",\"isPartOf\":{\"@id\":\"https:\\\/\\\/velesnails.pl\\\/#website\"},\"primaryImageOfPage\":{\"@id\":\"https:\\\/\\\/velesnails.pl\\\/product\\\/frez-diamentowy-kulka-4-mm-720-11\\\/#primaryimage\"},\"image\":{\"@id\":\"https:\\\/\\\/velesnails.pl\\\/product\\\/frez-diamentowy-kulka-4-mm-720-11\\\/#primaryimage\"},\"thumbnailUrl\":\"https:\\\/\\\/i0.wp.com\\\/velesnails.pl\\\/wp-content\\\/uploads\\\/2026\\\/01\\\/%D0%97%D0%BD%D1%96%D0%BC%D0%BE%D0%BA-%D0%B5%D0%BA%D1%80%D0%B0%D0%BD%D0%B0-2026-01-18-193900.png?fit=805%2C747&ssl=1\",\"datePublished\":\"2026-01-18T18:36:25+00:00\",\"dateModified\":\"2026-04-16T09:52:48+00:00\",\"breadcrumb\":{\"@id\":\"https:\\\/\\\/velesnails.pl\\\/product\\\/frez-diamentowy-kulka-4-mm-720-11\\\/#breadcrumb\"},\"inLanguage\":\"uk\",\"potentialAction\":[{\"@type\":\"ReadAction\",\"target\":[\"https:\\\/\\\/velesnails.pl\\\/product\\\/frez-diamentowy-kulka-4-mm-720-11\\\/\"]}]},{\"@type\":\"ImageObject\",\"inLanguage\":\"uk\",\"@id\":\"https:\\\/\\\/velesnails.pl\\\/product\\\/frez-diamentowy-kulka-4-mm-720-11\\\/#primaryimage\",\"url\":\"https:\\\/\\\/i0.wp.com\\\/velesnails.pl\\\/wp-content\\\/uploads\\\/2026\\\/01\\\/%D0%97%D0%BD%D1%96%D0%BC%D0%BE%D0%BA-%D0%B5%D0%BA%D1%80%D0%B0%D0%BD%D0%B0-2026-01-18-193900.png?fit=805%2C747&ssl=1\",\"contentUrl\":\"https:\\\/\\\/i0.wp.com\\\/velesnails.pl\\\/wp-content\\\/uploads\\\/2026\\\/01\\\/%D0%97%D0%BD%D1%96%D0%BC%D0%BE%D0%BA-%D0%B5%D0%BA%D1%80%D0%B0%D0%BD%D0%B0-2026-01-18-193900.png?fit=805%2C747&ssl=1\",\"width\":805,\"height\":747},{\"@type\":\"BreadcrumbList\",\"@id\":\"https:\\\/\\\/velesnails.pl\\\/product\\\/frez-diamentowy-kulka-4-mm-720-11\\\/#breadcrumb\",\"itemListElement\":[{\"@type\":\"ListItem\",\"position\":1,\"name\":\"\u0413\u043e\u043b\u043e\u0432\u043d\u0430\",\"item\":\"https:\\\/\\\/velesnails.pl\\\/\"},{\"@type\":\"ListItem\",\"position\":2,\"name\":\"Sklep\",\"item\":\"https:\\\/\\\/velesnails.pl\\\/shop\\\/\"},{\"@type\":\"ListItem\",\"position\":3,\"name\":\"Frez diamentowy kulka 4 mm 720-11\"}]},{\"@type\":\"WebSite\",\"@id\":\"https:\\\/\\\/velesnails.pl\\\/#website\",\"url\":\"https:\\\/\\\/velesnails.pl\\\/\",\"name\":\"velesnails\",\"description\":\"Sklep z manicure\",\"publisher\":{\"@id\":\"https:\\\/\\\/velesnails.pl\\\/#organization\"},\"potentialAction\":[{\"@type\":\"SearchAction\",\"target\":{\"@type\":\"EntryPoint\",\"urlTemplate\":\"https:\\\/\\\/velesnails.pl\\\/?s={search_term_string}\"},\"query-input\":{\"@type\":\"PropertyValueSpecification\",\"valueRequired\":true,\"valueName\":\"search_term_string\"}}],\"inLanguage\":\"uk\"},{\"@type\":\"Organization\",\"@id\":\"https:\\\/\\\/velesnails.pl\\\/#organization\",\"name\":\"velesnails\",\"url\":\"https:\\\/\\\/velesnails.pl\\\/\",\"logo\":{\"@type\":\"ImageObject\",\"inLanguage\":\"uk\",\"@id\":\"https:\\\/\\\/velesnails.pl\\\/#\\\/schema\\\/logo\\\/image\\\/\",\"url\":\"https:\\\/\\\/i0.wp.com\\\/velesnails.pl\\\/wp-content\\\/uploads\\\/2025\\\/10\\\/cropped-obraz_viber_2025-10-22_13-55-55-969.jpg?fit=485%2C381&ssl=1\",\"contentUrl\":\"https:\\\/\\\/i0.wp.com\\\/velesnails.pl\\\/wp-content\\\/uploads\\\/2025\\\/10\\\/cropped-obraz_viber_2025-10-22_13-55-55-969.jpg?fit=485%2C381&ssl=1\",\"width\":485,\"height\":381,\"caption\":\"velesnails\"},\"image\":{\"@id\":\"https:\\\/\\\/velesnails.pl\\\/#\\\/schema\\\/logo\\\/image\\\/\"}}]}<\/script>\n<!-- \/ Yoast SEO plugin. -->","yoast_head_json":{"title":"Frez diamentowy kulka 4 mm 720-11 - velesnails","robots":{"index":"index","follow":"follow","max-snippet":"max-snippet:-1","max-image-preview":"max-image-preview:large","max-video-preview":"max-video-preview:-1"},"canonical":"https:\/\/velesnails.pl\/uk\/product\/frez-diamentowy-kulka-4-mm-720-11\/","og_locale":"uk_UA","og_type":"article","og_title":"Frez diamentowy kulka 4 mm 720-11 - velesnails","og_description":"Kulka\u00a0&#8211; kszta\u0142t kulki pozwala dotrze\u0107 do\u00a0trudno dost\u0119pnych miejsc. Sprawdza si\u0119 przy sp\u0142yceniu rozpadlin. \u015awietny do\u00a0opracowania sk\u00f3rek\u00a0w manicure frezarkowym i kombinowanym. Idealny do pracy przy\u00a0wa\u0142ach oko\u0142opaznokciowych, zgrubia\u0142ych sk\u00f3rkach, przydatny przy usuwaniu zagrzybie\u0144, zielonych bakterii na p\u0142ytce oraz \u00a0przy pedicure. Mog\u0105 by\u0107\u00a0sterylizowane\u00a0w autoklawach lub innych urz\u0105dzeniach przeznaczonych do sterylizacji narz\u0119dzi. Specyfikacje techniczne: \u015arednica trzpienia:\u00a02,35 mm\u00a0(uniwersalny) Cz\u0119\u015b\u0107 pracuj\u0105ca:\u00a04 [&hellip;]","og_url":"https:\/\/velesnails.pl\/uk\/product\/frez-diamentowy-kulka-4-mm-720-11\/","og_site_name":"velesnails","article_modified_time":"2026-04-16T09:52:48+00:00","og_image":[{"width":805,"height":747,"url":"https:\/\/velesnails.pl\/wp-content\/uploads\/2026\/01\/\u0417\u043d\u0456\u043c\u043e\u043a-\u0435\u043a\u0440\u0430\u043d\u0430-2026-01-18-193900.png","type":"image\/png"}],"twitter_card":"summary_large_image","twitter_misc":{"\u041f\u0440\u0438\u0431\u043b. \u0447\u0430\u0441 \u0447\u0438\u0442\u0430\u043d\u043d\u044f":"1 \u0445\u0432\u0438\u043b\u0438\u043d\u0430"},"schema":{"@context":"https:\/\/schema.org","@graph":[{"@type":"WebPage","@id":"https:\/\/velesnails.pl\/product\/frez-diamentowy-kulka-4-mm-720-11\/","url":"https:\/\/velesnails.pl\/product\/frez-diamentowy-kulka-4-mm-720-11\/","name":"Frez diamentowy kulka 4 mm 720-11 - velesnails","isPartOf":{"@id":"https:\/\/velesnails.pl\/#website"},"primaryImageOfPage":{"@id":"https:\/\/velesnails.pl\/product\/frez-diamentowy-kulka-4-mm-720-11\/#primaryimage"},"image":{"@id":"https:\/\/velesnails.pl\/product\/frez-diamentowy-kulka-4-mm-720-11\/#primaryimage"},"thumbnailUrl":"https:\/\/i0.wp.com\/velesnails.pl\/wp-content\/uploads\/2026\/01\/%D0%97%D0%BD%D1%96%D0%BC%D0%BE%D0%BA-%D0%B5%D0%BA%D1%80%D0%B0%D0%BD%D0%B0-2026-01-18-193900.png?fit=805%2C747&ssl=1","datePublished":"2026-01-18T18:36:25+00:00","dateModified":"2026-04-16T09:52:48+00:00","breadcrumb":{"@id":"https:\/\/velesnails.pl\/product\/frez-diamentowy-kulka-4-mm-720-11\/#breadcrumb"},"inLanguage":"uk","potentialAction":[{"@type":"ReadAction","target":["https:\/\/velesnails.pl\/product\/frez-diamentowy-kulka-4-mm-720-11\/"]}]},{"@type":"ImageObject","inLanguage":"uk","@id":"https:\/\/velesnails.pl\/product\/frez-diamentowy-kulka-4-mm-720-11\/#primaryimage","url":"https:\/\/i0.wp.com\/velesnails.pl\/wp-content\/uploads\/2026\/01\/%D0%97%D0%BD%D1%96%D0%BC%D0%BE%D0%BA-%D0%B5%D0%BA%D1%80%D0%B0%D0%BD%D0%B0-2026-01-18-193900.png?fit=805%2C747&ssl=1","contentUrl":"https:\/\/i0.wp.com\/velesnails.pl\/wp-content\/uploads\/2026\/01\/%D0%97%D0%BD%D1%96%D0%BC%D0%BE%D0%BA-%D0%B5%D0%BA%D1%80%D0%B0%D0%BD%D0%B0-2026-01-18-193900.png?fit=805%2C747&ssl=1","width":805,"height":747},{"@type":"BreadcrumbList","@id":"https:\/\/velesnails.pl\/product\/frez-diamentowy-kulka-4-mm-720-11\/#breadcrumb","itemListElement":[{"@type":"ListItem","position":1,"name":"\u0413\u043e\u043b\u043e\u0432\u043d\u0430","item":"https:\/\/velesnails.pl\/"},{"@type":"ListItem","position":2,"name":"Sklep","item":"https:\/\/velesnails.pl\/shop\/"},{"@type":"ListItem","position":3,"name":"Frez diamentowy kulka 4 mm 720-11"}]},{"@type":"WebSite","@id":"https:\/\/velesnails.pl\/#website","url":"https:\/\/velesnails.pl\/","name":"\u0432\u0435\u043b\u0435\u0441\u043e\u0432\u0456 \u043d\u0456\u0433\u0442\u0456","description":"\u041c\u0430\u043d\u0456\u043a\u044e\u0440\u043d\u0438\u0439 \u0441\u0430\u043b\u043e\u043d","publisher":{"@id":"https:\/\/velesnails.pl\/#organization"},"potentialAction":[{"@type":"SearchAction","target":{"@type":"EntryPoint","urlTemplate":"https:\/\/velesnails.pl\/?s={search_term_string}"},"query-input":{"@type":"PropertyValueSpecification","valueRequired":true,"valueName":"search_term_string"}}],"inLanguage":"uk"},{"@type":"Organization","@id":"https:\/\/velesnails.pl\/#organization","name":"\u0432\u0435\u043b\u0435\u0441\u043e\u0432\u0456 \u043d\u0456\u0433\u0442\u0456","url":"https:\/\/velesnails.pl\/","logo":{"@type":"ImageObject","inLanguage":"uk","@id":"https:\/\/velesnails.pl\/#\/schema\/logo\/image\/","url":"https:\/\/i0.wp.com\/velesnails.pl\/wp-content\/uploads\/2025\/10\/cropped-obraz_viber_2025-10-22_13-55-55-969.jpg?fit=485%2C381&ssl=1","contentUrl":"https:\/\/i0.wp.com\/velesnails.pl\/wp-content\/uploads\/2025\/10\/cropped-obraz_viber_2025-10-22_13-55-55-969.jpg?fit=485%2C381&ssl=1","width":485,"height":381,"caption":"velesnails"},"image":{"@id":"https:\/\/velesnails.pl\/#\/schema\/logo\/image\/"}}]}},"_links":{"self":[{"href":"https:\/\/velesnails.pl\/uk\/wp-json\/wp\/v2\/product\/8102","targetHints":{"allow":["GET"]}}],"collection":[{"href":"https:\/\/velesnails.pl\/uk\/wp-json\/wp\/v2\/product"}],"about":[{"href":"https:\/\/velesnails.pl\/uk\/wp-json\/wp\/v2\/types\/product"}],"replies":[{"embeddable":true,"href":"https:\/\/velesnails.pl\/uk\/wp-json\/wp\/v2\/comments?post=8102"}],"wp:featuredmedia":[{"embeddable":true,"href":"https:\/\/velesnails.pl\/uk\/wp-json\/wp\/v2\/media\/8103"}],"wp:attachment":[{"href":"https:\/\/velesnails.pl\/uk\/wp-json\/wp\/v2\/media?parent=8102"}],"wp:term":[{"taxonomy":"product_brand","embeddable":true,"href":"https:\/\/velesnails.pl\/uk\/wp-json\/wp\/v2\/product_brand?post=8102"},{"taxonomy":"product_cat","embeddable":true,"href":"https:\/\/velesnails.pl\/uk\/wp-json\/wp\/v2\/product_cat?post=8102"},{"taxonomy":"product_tag","embeddable":true,"href":"https:\/\/velesnails.pl\/uk\/wp-json\/wp\/v2\/product_tag?post=8102"}],"curies":[{"name":"wp","href":"https:\/\/api.w.org\/{rel}","templated":true}]}}