{"id":8080,"date":"2026-01-18T21:02:16","date_gmt":"2026-01-18T18:02:16","guid":{"rendered":"https:\/\/velesnails.pl\/?post_type=product&#038;p=8080"},"modified":"2026-05-01T20:36:39","modified_gmt":"2026-05-01T17:36:39","slug":"frez-diamentowy-720-13-kulka-3-mm","status":"publish","type":"product","link":"https:\/\/velesnails.pl\/uk\/product\/frez-diamentowy-720-13-kulka-3-mm\/","title":{"rendered":"Frez diamentowy 720-13 kulka 3 mm"},"content":{"rendered":"<h2>Najwy\u017csza jako\u015b\u0107 wykonania<\/h2>\n<p><a href=\"https:\/\/velesnails.pl\/uk\/product-category\/paznokcie\/frezy\/diamentowe\/\">Frezy diamentowe<\/a> wykonane s\u0105 z wysokiej jako\u015bci, hartowanej stali nierdzewnej o wyj\u0105tkowej twardo\u015bci. Element tr\u0105cy stanowi\u0105 precyzyjnie na\u0142o\u017cone diamentowe opi\u0142ki, kt\u00f3re charakteryzuj\u0105 si\u0119 ma\u0142ymi, ale niezwykle ostrymi kraw\u0119dziami. Dzi\u0119ki temu zapewniaj\u0105 niezr\u00f3wnany komfort pracy oraz wyj\u0105tkowo d\u0142ug\u0105 \u017cywotno\u015b\u0107 narz\u0119dzia.<\/p>\n<h2>Wszechstronne zastosowanie<\/h2>\n<p>Nasze frezy diamentowe sprawdz\u0105 si\u0119 zar\u00f3wno w pedicure, jak i manicure, oferuj\u0105c szeroki zakres zastosowa\u0144. Idealne do \u015bci\u0105gania masy \u017celowej i akrylowej, matowienia progu tipsa, wyg\u0142adzania zrogowacia\u0142ego nask\u00f3rka oraz usuwania sk\u00f3rek z boku paznokcia. Przydatne r\u00f3wnie\u017c do czyszczenia sztucznych paznokci od spodu, szlifowania, nadawania ostatecznego kszta\u0142tu paznokciom i tworzenia wg\u0142\u0119bie\u0144 w \u017celu czy akrylu.<\/p>\n<h2>Precyzyjne parametry<\/h2>\n<p>Ka\u017cdy frez zosta\u0142 zaprojektowany z my\u015bl\u0105 o profesjonalnych u\u017cytkownikach. \u015arednica kulki wynosz\u0105ca 3 mm umo\u017cliwia precyzyjn\u0105 i wygodn\u0105 prac\u0119 nawet w trudno dost\u0119pnych miejscach, gwarantuj\u0105c doskona\u0142e rezultaty za ka\u017cdym u\u017cyciem.<\/p>\n<p>Postaw na trwa\u0142o\u015b\u0107, precyzj\u0119 i wszechstronno\u015b\u0107 pracy \u2014 wybierz frezy diamentowe!<\/p>","protected":false},"excerpt":{"rendered":"<p>Najwy\u017csza jako\u015b\u0107 wykonania Frezy diamentowe wykonane s\u0105 z wysokiej jako\u015bci, hartowanej stali nierdzewnej o wyj\u0105tkowej twardo\u015bci. Element tr\u0105cy stanowi\u0105 precyzyjnie na\u0142o\u017cone diamentowe opi\u0142ki, kt\u00f3re charakteryzuj\u0105 si\u0119 ma\u0142ymi, ale niezwykle ostrymi kraw\u0119dziami. Dzi\u0119ki temu zapewniaj\u0105 niezr\u00f3wnany komfort pracy oraz wyj\u0105tkowo d\u0142ug\u0105 \u017cywotno\u015b\u0107 narz\u0119dzia. Wszechstronne zastosowanie Nasze frezy diamentowe sprawdz\u0105 si\u0119 zar\u00f3wno w pedicure, jak i manicure, [&hellip;]<\/p>\n","protected":false},"featured_media":8081,"comment_status":"closed","ping_status":"closed","template":"","meta":{"om_disable_all_campaigns":false,"ocean_post_layout":"","ocean_both_sidebars_style":"","ocean_both_sidebars_content_width":0,"ocean_both_sidebars_sidebars_width":0,"ocean_sidebar":"0","ocean_second_sidebar":"0","ocean_disable_margins":"enable","ocean_add_body_class":"","ocean_shortcode_before_top_bar":"","ocean_shortcode_after_top_bar":"","ocean_shortcode_before_header":"","ocean_shortcode_after_header":"","ocean_has_shortcode":"","ocean_shortcode_after_title":"","ocean_shortcode_before_footer_widgets":"","ocean_shortcode_after_footer_widgets":"","ocean_shortcode_before_footer_bottom":"","ocean_shortcode_after_footer_bottom":"","ocean_display_top_bar":"default","ocean_display_header":"default","ocean_header_style":"","ocean_center_header_left_menu":"0","ocean_custom_header_template":"0","ocean_custom_logo":0,"ocean_custom_retina_logo":0,"ocean_custom_logo_max_width":0,"ocean_custom_logo_tablet_max_width":0,"ocean_custom_logo_mobile_max_width":0,"ocean_custom_logo_max_height":0,"ocean_custom_logo_tablet_max_height":0,"ocean_custom_logo_mobile_max_height":0,"ocean_header_custom_menu":"0","ocean_menu_typo_font_family":"0","ocean_menu_typo_font_subset":"","ocean_menu_typo_font_size":0,"ocean_menu_typo_font_size_tablet":0,"ocean_menu_typo_font_size_mobile":0,"ocean_menu_typo_font_size_unit":"px","ocean_menu_typo_font_weight":"","ocean_menu_typo_font_weight_tablet":"","ocean_menu_typo_font_weight_mobile":"","ocean_menu_typo_transform":"","ocean_menu_typo_transform_tablet":"","ocean_menu_typo_transform_mobile":"","ocean_menu_typo_line_height":0,"ocean_menu_typo_line_height_tablet":0,"ocean_menu_typo_line_height_mobile":0,"ocean_menu_typo_line_height_unit":"","ocean_menu_typo_spacing":0,"ocean_menu_typo_spacing_tablet":0,"ocean_menu_typo_spacing_mobile":0,"ocean_menu_typo_spacing_unit":"","ocean_menu_link_color":"","ocean_menu_link_color_hover":"","ocean_menu_link_color_active":"","ocean_menu_link_background":"","ocean_menu_link_hover_background":"","ocean_menu_link_active_background":"","ocean_menu_social_links_bg":"","ocean_menu_social_hover_links_bg":"","ocean_menu_social_links_color":"","ocean_menu_social_hover_links_color":"","ocean_disable_title":"default","ocean_disable_heading":"default","ocean_post_title":"","ocean_post_subheading":"","ocean_post_title_style":"","ocean_post_title_background_color":"","ocean_post_title_background":0,"ocean_post_title_bg_image_position":"","ocean_post_title_bg_image_attachment":"","ocean_post_title_bg_image_repeat":"","ocean_post_title_bg_image_size":"","ocean_post_title_height":0,"ocean_post_title_bg_overlay":0.5,"ocean_post_title_bg_overlay_color":"","ocean_disable_breadcrumbs":"default","ocean_breadcrumbs_color":"","ocean_breadcrumbs_separator_color":"","ocean_breadcrumbs_links_color":"","ocean_breadcrumbs_links_hover_color":"","ocean_display_footer_widgets":"default","ocean_display_footer_bottom":"default","ocean_custom_footer_template":"0"},"product_brand":[],"product_cat":[195,160,158,176,110],"product_tag":[],"class_list":{"0":"post-8080","1":"product","2":"type-product","3":"status-publish","4":"has-post-thumbnail","6":"product_cat-alle-lac","7":"product_cat-diamentowe","8":"product_cat-frezy","9":"product_cat-marki","10":"product_cat-paznokcie","12":"entry","13":"has-media","15":"first","16":"instock","17":"taxable","18":"shipping-taxable","19":"purchasable","20":"product-type-simple","21":"has-product-nav","22":"col","23":"span_1_of_3","24":"owp-content-center","25":"owp-thumbs-layout-horizontal","26":"owp-btn-normal","27":"owp-tabs-layout-horizontal","28":"has-no-thumbnails"},"yoast_head":"<!-- This site is optimized with the Yoast SEO plugin v27.6 - https:\/\/yoast.com\/product\/yoast-seo-wordpress\/ -->\n<title>Frez diamentowy 720-13 kulka 3 mm - velesnails<\/title>\n<meta name=\"description\" content=\"Frez diamentowy 720-13 kulka 3 mm to doskona\u0142e rozwi\u0105zanie dla profesjonalist\u00f3w. Zwi\u0119ksz efektywno\u015b\u0107 swojej pracy dzi\u0119ki wysokiej jako\u015bci narz\u0119dziom.\" \/>\n<meta name=\"robots\" content=\"index, follow, max-snippet:-1, max-image-preview:large, max-video-preview:-1\" \/>\n<link rel=\"canonical\" href=\"https:\/\/velesnails.pl\/uk\/product\/frez-diamentowy-720-13-kulka-3-mm\/\" \/>\n<meta property=\"og:locale\" content=\"uk_UA\" \/>\n<meta property=\"og:type\" content=\"article\" \/>\n<meta property=\"og:title\" content=\"Frez diamentowy 720-13 kulka 3 mm - velesnails\" \/>\n<meta property=\"og:description\" content=\"Frez diamentowy 720-13 kulka 3 mm to doskona\u0142e rozwi\u0105zanie dla profesjonalist\u00f3w. Zwi\u0119ksz efektywno\u015b\u0107 swojej pracy dzi\u0119ki wysokiej jako\u015bci narz\u0119dziom.\" \/>\n<meta property=\"og:url\" content=\"https:\/\/velesnails.pl\/uk\/product\/frez-diamentowy-720-13-kulka-3-mm\/\" \/>\n<meta property=\"og:site_name\" content=\"velesnails\" \/>\n<meta property=\"article:modified_time\" content=\"2026-05-01T17:36:39+00:00\" \/>\n<meta property=\"og:image\" content=\"https:\/\/velesnails.pl\/wp-content\/uploads\/2026\/01\/\u0417\u043d\u0456\u043c\u043e\u043a-\u0435\u043a\u0440\u0430\u043d\u0430-2026-01-18-190202.png\" \/>\n\t<meta property=\"og:image:width\" content=\"829\" \/>\n\t<meta property=\"og:image:height\" content=\"832\" \/>\n\t<meta property=\"og:image:type\" content=\"image\/png\" \/>\n<meta name=\"twitter:card\" content=\"summary_large_image\" \/>\n<meta name=\"twitter:label1\" content=\"\u041f\u0440\u0438\u0431\u043b. \u0447\u0430\u0441 \u0447\u0438\u0442\u0430\u043d\u043d\u044f\" \/>\n\t<meta name=\"twitter:data1\" content=\"2 \u0445\u0432\u0438\u043b\u0438\u043d\u0438\" \/>\n<script type=\"application\/ld+json\" class=\"yoast-schema-graph\">{\"@context\":\"https:\\\/\\\/schema.org\",\"@graph\":[{\"@type\":\"WebPage\",\"@id\":\"https:\\\/\\\/velesnails.pl\\\/product\\\/frez-diamentowy-720-13-kulka-3-mm\\\/\",\"url\":\"https:\\\/\\\/velesnails.pl\\\/product\\\/frez-diamentowy-720-13-kulka-3-mm\\\/\",\"name\":\"Frez diamentowy 720-13 kulka 3 mm - velesnails\",\"isPartOf\":{\"@id\":\"https:\\\/\\\/velesnails.pl\\\/#website\"},\"primaryImageOfPage\":{\"@id\":\"https:\\\/\\\/velesnails.pl\\\/product\\\/frez-diamentowy-720-13-kulka-3-mm\\\/#primaryimage\"},\"image\":{\"@id\":\"https:\\\/\\\/velesnails.pl\\\/product\\\/frez-diamentowy-720-13-kulka-3-mm\\\/#primaryimage\"},\"thumbnailUrl\":\"https:\\\/\\\/i0.wp.com\\\/velesnails.pl\\\/wp-content\\\/uploads\\\/2026\\\/01\\\/%D0%97%D0%BD%D1%96%D0%BC%D0%BE%D0%BA-%D0%B5%D0%BA%D1%80%D0%B0%D0%BD%D0%B0-2026-01-18-190202.png?fit=829%2C832&ssl=1\",\"datePublished\":\"2026-01-18T18:02:16+00:00\",\"dateModified\":\"2026-05-01T17:36:39+00:00\",\"description\":\"Frez diamentowy 720-13 kulka 3 mm to doskona\u0142e rozwi\u0105zanie dla profesjonalist\u00f3w. Zwi\u0119ksz efektywno\u015b\u0107 swojej pracy dzi\u0119ki wysokiej jako\u015bci narz\u0119dziom.\",\"breadcrumb\":{\"@id\":\"https:\\\/\\\/velesnails.pl\\\/product\\\/frez-diamentowy-720-13-kulka-3-mm\\\/#breadcrumb\"},\"inLanguage\":\"uk\",\"potentialAction\":[{\"@type\":\"ReadAction\",\"target\":[\"https:\\\/\\\/velesnails.pl\\\/product\\\/frez-diamentowy-720-13-kulka-3-mm\\\/\"]}]},{\"@type\":\"ImageObject\",\"inLanguage\":\"uk\",\"@id\":\"https:\\\/\\\/velesnails.pl\\\/product\\\/frez-diamentowy-720-13-kulka-3-mm\\\/#primaryimage\",\"url\":\"https:\\\/\\\/i0.wp.com\\\/velesnails.pl\\\/wp-content\\\/uploads\\\/2026\\\/01\\\/%D0%97%D0%BD%D1%96%D0%BC%D0%BE%D0%BA-%D0%B5%D0%BA%D1%80%D0%B0%D0%BD%D0%B0-2026-01-18-190202.png?fit=829%2C832&ssl=1\",\"contentUrl\":\"https:\\\/\\\/i0.wp.com\\\/velesnails.pl\\\/wp-content\\\/uploads\\\/2026\\\/01\\\/%D0%97%D0%BD%D1%96%D0%BC%D0%BE%D0%BA-%D0%B5%D0%BA%D1%80%D0%B0%D0%BD%D0%B0-2026-01-18-190202.png?fit=829%2C832&ssl=1\",\"width\":829,\"height\":832},{\"@type\":\"BreadcrumbList\",\"@id\":\"https:\\\/\\\/velesnails.pl\\\/product\\\/frez-diamentowy-720-13-kulka-3-mm\\\/#breadcrumb\",\"itemListElement\":[{\"@type\":\"ListItem\",\"position\":1,\"name\":\"\u0413\u043e\u043b\u043e\u0432\u043d\u0430\",\"item\":\"https:\\\/\\\/velesnails.pl\\\/\"},{\"@type\":\"ListItem\",\"position\":2,\"name\":\"Sklep\",\"item\":\"https:\\\/\\\/velesnails.pl\\\/shop\\\/\"},{\"@type\":\"ListItem\",\"position\":3,\"name\":\"Frez diamentowy 720-13 kulka 3 mm\"}]},{\"@type\":\"WebSite\",\"@id\":\"https:\\\/\\\/velesnails.pl\\\/#website\",\"url\":\"https:\\\/\\\/velesnails.pl\\\/\",\"name\":\"velesnails\",\"description\":\"Sklep z manicure\",\"publisher\":{\"@id\":\"https:\\\/\\\/velesnails.pl\\\/#organization\"},\"potentialAction\":[{\"@type\":\"SearchAction\",\"target\":{\"@type\":\"EntryPoint\",\"urlTemplate\":\"https:\\\/\\\/velesnails.pl\\\/?s={search_term_string}\"},\"query-input\":{\"@type\":\"PropertyValueSpecification\",\"valueRequired\":true,\"valueName\":\"search_term_string\"}}],\"inLanguage\":\"uk\"},{\"@type\":\"Organization\",\"@id\":\"https:\\\/\\\/velesnails.pl\\\/#organization\",\"name\":\"velesnails\",\"url\":\"https:\\\/\\\/velesnails.pl\\\/\",\"logo\":{\"@type\":\"ImageObject\",\"inLanguage\":\"uk\",\"@id\":\"https:\\\/\\\/velesnails.pl\\\/#\\\/schema\\\/logo\\\/image\\\/\",\"url\":\"https:\\\/\\\/i0.wp.com\\\/velesnails.pl\\\/wp-content\\\/uploads\\\/2025\\\/10\\\/cropped-obraz_viber_2025-10-22_13-55-55-969.jpg?fit=485%2C381&ssl=1\",\"contentUrl\":\"https:\\\/\\\/i0.wp.com\\\/velesnails.pl\\\/wp-content\\\/uploads\\\/2025\\\/10\\\/cropped-obraz_viber_2025-10-22_13-55-55-969.jpg?fit=485%2C381&ssl=1\",\"width\":485,\"height\":381,\"caption\":\"velesnails\"},\"image\":{\"@id\":\"https:\\\/\\\/velesnails.pl\\\/#\\\/schema\\\/logo\\\/image\\\/\"}}]}<\/script>\n<!-- \/ Yoast SEO plugin. -->","yoast_head_json":{"title":"Frez diamentowy 720-13 kulka 3 mm - velesnails","description":"Frez diamentowy 720-13 kulka 3 mm to doskona\u0142e rozwi\u0105zanie dla profesjonalist\u00f3w. Zwi\u0119ksz efektywno\u015b\u0107 swojej pracy dzi\u0119ki wysokiej jako\u015bci narz\u0119dziom.","robots":{"index":"index","follow":"follow","max-snippet":"max-snippet:-1","max-image-preview":"max-image-preview:large","max-video-preview":"max-video-preview:-1"},"canonical":"https:\/\/velesnails.pl\/uk\/product\/frez-diamentowy-720-13-kulka-3-mm\/","og_locale":"uk_UA","og_type":"article","og_title":"Frez diamentowy 720-13 kulka 3 mm - velesnails","og_description":"Frez diamentowy 720-13 kulka 3 mm to doskona\u0142e rozwi\u0105zanie dla profesjonalist\u00f3w. Zwi\u0119ksz efektywno\u015b\u0107 swojej pracy dzi\u0119ki wysokiej jako\u015bci narz\u0119dziom.","og_url":"https:\/\/velesnails.pl\/uk\/product\/frez-diamentowy-720-13-kulka-3-mm\/","og_site_name":"velesnails","article_modified_time":"2026-05-01T17:36:39+00:00","og_image":[{"width":829,"height":832,"url":"https:\/\/velesnails.pl\/wp-content\/uploads\/2026\/01\/\u0417\u043d\u0456\u043c\u043e\u043a-\u0435\u043a\u0440\u0430\u043d\u0430-2026-01-18-190202.png","type":"image\/png"}],"twitter_card":"summary_large_image","twitter_misc":{"\u041f\u0440\u0438\u0431\u043b. \u0447\u0430\u0441 \u0447\u0438\u0442\u0430\u043d\u043d\u044f":"2 \u0445\u0432\u0438\u043b\u0438\u043d\u0438"},"schema":{"@context":"https:\/\/schema.org","@graph":[{"@type":"WebPage","@id":"https:\/\/velesnails.pl\/product\/frez-diamentowy-720-13-kulka-3-mm\/","url":"https:\/\/velesnails.pl\/product\/frez-diamentowy-720-13-kulka-3-mm\/","name":"Frez diamentowy 720-13 kulka 3 mm - velesnails","isPartOf":{"@id":"https:\/\/velesnails.pl\/#website"},"primaryImageOfPage":{"@id":"https:\/\/velesnails.pl\/product\/frez-diamentowy-720-13-kulka-3-mm\/#primaryimage"},"image":{"@id":"https:\/\/velesnails.pl\/product\/frez-diamentowy-720-13-kulka-3-mm\/#primaryimage"},"thumbnailUrl":"https:\/\/i0.wp.com\/velesnails.pl\/wp-content\/uploads\/2026\/01\/%D0%97%D0%BD%D1%96%D0%BC%D0%BE%D0%BA-%D0%B5%D0%BA%D1%80%D0%B0%D0%BD%D0%B0-2026-01-18-190202.png?fit=829%2C832&ssl=1","datePublished":"2026-01-18T18:02:16+00:00","dateModified":"2026-05-01T17:36:39+00:00","description":"Frez diamentowy 720-13 kulka 3 mm to doskona\u0142e rozwi\u0105zanie dla profesjonalist\u00f3w. Zwi\u0119ksz efektywno\u015b\u0107 swojej pracy dzi\u0119ki wysokiej jako\u015bci narz\u0119dziom.","breadcrumb":{"@id":"https:\/\/velesnails.pl\/product\/frez-diamentowy-720-13-kulka-3-mm\/#breadcrumb"},"inLanguage":"uk","potentialAction":[{"@type":"ReadAction","target":["https:\/\/velesnails.pl\/product\/frez-diamentowy-720-13-kulka-3-mm\/"]}]},{"@type":"ImageObject","inLanguage":"uk","@id":"https:\/\/velesnails.pl\/product\/frez-diamentowy-720-13-kulka-3-mm\/#primaryimage","url":"https:\/\/i0.wp.com\/velesnails.pl\/wp-content\/uploads\/2026\/01\/%D0%97%D0%BD%D1%96%D0%BC%D0%BE%D0%BA-%D0%B5%D0%BA%D1%80%D0%B0%D0%BD%D0%B0-2026-01-18-190202.png?fit=829%2C832&ssl=1","contentUrl":"https:\/\/i0.wp.com\/velesnails.pl\/wp-content\/uploads\/2026\/01\/%D0%97%D0%BD%D1%96%D0%BC%D0%BE%D0%BA-%D0%B5%D0%BA%D1%80%D0%B0%D0%BD%D0%B0-2026-01-18-190202.png?fit=829%2C832&ssl=1","width":829,"height":832},{"@type":"BreadcrumbList","@id":"https:\/\/velesnails.pl\/product\/frez-diamentowy-720-13-kulka-3-mm\/#breadcrumb","itemListElement":[{"@type":"ListItem","position":1,"name":"\u0413\u043e\u043b\u043e\u0432\u043d\u0430","item":"https:\/\/velesnails.pl\/"},{"@type":"ListItem","position":2,"name":"Sklep","item":"https:\/\/velesnails.pl\/shop\/"},{"@type":"ListItem","position":3,"name":"Frez diamentowy 720-13 kulka 3 mm"}]},{"@type":"WebSite","@id":"https:\/\/velesnails.pl\/#website","url":"https:\/\/velesnails.pl\/","name":"\u0432\u0435\u043b\u0435\u0441\u043e\u0432\u0456 \u043d\u0456\u0433\u0442\u0456","description":"\u041c\u0430\u043d\u0456\u043a\u044e\u0440\u043d\u0438\u0439 \u0441\u0430\u043b\u043e\u043d","publisher":{"@id":"https:\/\/velesnails.pl\/#organization"},"potentialAction":[{"@type":"SearchAction","target":{"@type":"EntryPoint","urlTemplate":"https:\/\/velesnails.pl\/?s={search_term_string}"},"query-input":{"@type":"PropertyValueSpecification","valueRequired":true,"valueName":"search_term_string"}}],"inLanguage":"uk"},{"@type":"Organization","@id":"https:\/\/velesnails.pl\/#organization","name":"\u0432\u0435\u043b\u0435\u0441\u043e\u0432\u0456 \u043d\u0456\u0433\u0442\u0456","url":"https:\/\/velesnails.pl\/","logo":{"@type":"ImageObject","inLanguage":"uk","@id":"https:\/\/velesnails.pl\/#\/schema\/logo\/image\/","url":"https:\/\/i0.wp.com\/velesnails.pl\/wp-content\/uploads\/2025\/10\/cropped-obraz_viber_2025-10-22_13-55-55-969.jpg?fit=485%2C381&ssl=1","contentUrl":"https:\/\/i0.wp.com\/velesnails.pl\/wp-content\/uploads\/2025\/10\/cropped-obraz_viber_2025-10-22_13-55-55-969.jpg?fit=485%2C381&ssl=1","width":485,"height":381,"caption":"velesnails"},"image":{"@id":"https:\/\/velesnails.pl\/#\/schema\/logo\/image\/"}}]}},"_links":{"self":[{"href":"https:\/\/velesnails.pl\/uk\/wp-json\/wp\/v2\/product\/8080","targetHints":{"allow":["GET"]}}],"collection":[{"href":"https:\/\/velesnails.pl\/uk\/wp-json\/wp\/v2\/product"}],"about":[{"href":"https:\/\/velesnails.pl\/uk\/wp-json\/wp\/v2\/types\/product"}],"replies":[{"embeddable":true,"href":"https:\/\/velesnails.pl\/uk\/wp-json\/wp\/v2\/comments?post=8080"}],"wp:featuredmedia":[{"embeddable":true,"href":"https:\/\/velesnails.pl\/uk\/wp-json\/wp\/v2\/media\/8081"}],"wp:attachment":[{"href":"https:\/\/velesnails.pl\/uk\/wp-json\/wp\/v2\/media?parent=8080"}],"wp:term":[{"taxonomy":"product_brand","embeddable":true,"href":"https:\/\/velesnails.pl\/uk\/wp-json\/wp\/v2\/product_brand?post=8080"},{"taxonomy":"product_cat","embeddable":true,"href":"https:\/\/velesnails.pl\/uk\/wp-json\/wp\/v2\/product_cat?post=8080"},{"taxonomy":"product_tag","embeddable":true,"href":"https:\/\/velesnails.pl\/uk\/wp-json\/wp\/v2\/product_tag?post=8080"}],"curies":[{"name":"wp","href":"https:\/\/api.w.org\/{rel}","templated":true}]}}