{"id":8035,"date":"2026-01-18T10:24:33","date_gmt":"2026-01-18T07:24:33","guid":{"rendered":"https:\/\/velesnails.pl\/?post_type=product&#038;p=8035"},"modified":"2026-05-01T20:53:00","modified_gmt":"2026-05-01T17:53:00","slug":"farmona-nivelazione-zmiekczajaca-maska-do-stop-500-ml","status":"publish","type":"product","link":"https:\/\/velesnails.pl\/uk\/product\/farmona-nivelazione-zmiekczajaca-maska-do-stop-500-ml\/","title":{"rendered":"Maska do st\u00f3p Farmona nivelazione zmi\u0119kczaj\u0105ca 500 ml"},"content":{"rendered":"<h2>Odkryj profesjonaln\u0105 piel\u0119gnacj\u0119 Twoich st\u00f3p<\/h2>\n<p>FARMONA NIVELAZIONE Zmi\u0119kczaj\u0105ca maska do st\u00f3p 500ml to idealne rozwi\u0105zanie dla os\u00f3b z trudno\u015bciami, takimi jak nadmierne rogowacenie, opuchni\u0119cia czy nadpotliwo\u015b\u0107. Je\u015bli Twoje stopy s\u0105 suche, szorstkie lub sk\u0142onne do powstawania odcisk\u00f3w i modzeli, ta maska stanie si\u0119 Twoim nowym ulubie\u0144cem w codziennej piel\u0119gnacji.<\/p>\n<h2>Naturalne sk\u0142adniki i innowacyjna formu\u0142a<\/h2>\n<p>Formu\u0142a maski \u0142\u0105czy w sobie najnowsze osi\u0105gni\u0119cia dermatologii i kosmetologii z dobroczynnymi w\u0142a\u015bciwo\u015bciami sk\u0142adnik\u00f3w naturalnych. Nie tylko nawil\u017ca, regeneruje i zmi\u0119kcza, ale tak\u017ce pozostawia wra\u017cenie \u201elekkich\u201d i od\u015bwie\u017conych st\u00f3p. Dzi\u0119ki swojemu dzia\u0142aniu profilaktycznemu, wspiera ochron\u0119 przed infekcjami grzybiczymi i bakteryjnymi, zapewniaj\u0105c kompleksowe wsparcie dla Twojej sk\u00f3ry.<\/p>\n<h2>Efekty, kt\u00f3re pokochasz<\/h2>\n<p>Maska oferuje widoczn\u0105 regeneracj\u0119 i zaawansowan\u0105 piel\u0119gnacj\u0119. Regularne stosowanie pozwoli Ci uzyska\u0107 takie rezultaty, jak:<\/p>\n<ul>\n<li>Przyspieszenie regeneracji sk\u00f3ry<\/li>\n<li>Nawil\u017cenie i zmi\u0119kczenie nask\u00f3rka<\/li>\n<li>Redukcja sucho\u015bci oraz szorstko\u015bci<\/li>\n<li>Ochrona przed wysuszeniem<\/li>\n<\/ul>\n<p>Zapro\u015b do swojej piel\u0119gnacji produkt, kt\u00f3ry dzia\u0142a nie tylko na problematyczne obszary, ale tak\u017ce zapewnia uczucie komfortu i \u015bwie\u017co\u015bci. Postaw na FARMONA NIVELAZIONE i przekonaj si\u0119 na w\u0142asnej sk\u00f3rze!<\/p>","protected":false},"excerpt":{"rendered":"<p>Odkryj profesjonaln\u0105 piel\u0119gnacj\u0119 Twoich st\u00f3p FARMONA NIVELAZIONE Zmi\u0119kczaj\u0105ca maska do st\u00f3p 500ml to idealne rozwi\u0105zanie dla os\u00f3b z trudno\u015bciami, takimi jak nadmierne rogowacenie, opuchni\u0119cia czy nadpotliwo\u015b\u0107. Je\u015bli Twoje stopy s\u0105 suche, szorstkie lub sk\u0142onne do powstawania odcisk\u00f3w i modzeli, ta maska stanie si\u0119 Twoim nowym ulubie\u0144cem w codziennej piel\u0119gnacji. Naturalne sk\u0142adniki i innowacyjna formu\u0142a Formu\u0142a [&hellip;]<\/p>\n","protected":false},"featured_media":8036,"comment_status":"open","ping_status":"closed","template":"","meta":{"om_disable_all_campaigns":false,"ocean_post_layout":"","ocean_both_sidebars_style":"","ocean_both_sidebars_content_width":0,"ocean_both_sidebars_sidebars_width":0,"ocean_sidebar":"0","ocean_second_sidebar":"0","ocean_disable_margins":"enable","ocean_add_body_class":"","ocean_shortcode_before_top_bar":"","ocean_shortcode_after_top_bar":"","ocean_shortcode_before_header":"","ocean_shortcode_after_header":"","ocean_has_shortcode":"","ocean_shortcode_after_title":"","ocean_shortcode_before_footer_widgets":"","ocean_shortcode_after_footer_widgets":"","ocean_shortcode_before_footer_bottom":"","ocean_shortcode_after_footer_bottom":"","ocean_display_top_bar":"default","ocean_display_header":"default","ocean_header_style":"","ocean_center_header_left_menu":"0","ocean_custom_header_template":"0","ocean_custom_logo":0,"ocean_custom_retina_logo":0,"ocean_custom_logo_max_width":0,"ocean_custom_logo_tablet_max_width":0,"ocean_custom_logo_mobile_max_width":0,"ocean_custom_logo_max_height":0,"ocean_custom_logo_tablet_max_height":0,"ocean_custom_logo_mobile_max_height":0,"ocean_header_custom_menu":"0","ocean_menu_typo_font_family":"0","ocean_menu_typo_font_subset":"","ocean_menu_typo_font_size":0,"ocean_menu_typo_font_size_tablet":0,"ocean_menu_typo_font_size_mobile":0,"ocean_menu_typo_font_size_unit":"px","ocean_menu_typo_font_weight":"","ocean_menu_typo_font_weight_tablet":"","ocean_menu_typo_font_weight_mobile":"","ocean_menu_typo_transform":"","ocean_menu_typo_transform_tablet":"","ocean_menu_typo_transform_mobile":"","ocean_menu_typo_line_height":0,"ocean_menu_typo_line_height_tablet":0,"ocean_menu_typo_line_height_mobile":0,"ocean_menu_typo_line_height_unit":"","ocean_menu_typo_spacing":0,"ocean_menu_typo_spacing_tablet":0,"ocean_menu_typo_spacing_mobile":0,"ocean_menu_typo_spacing_unit":"","ocean_menu_link_color":"","ocean_menu_link_color_hover":"","ocean_menu_link_color_active":"","ocean_menu_link_background":"","ocean_menu_link_hover_background":"","ocean_menu_link_active_background":"","ocean_menu_social_links_bg":"","ocean_menu_social_hover_links_bg":"","ocean_menu_social_links_color":"","ocean_menu_social_hover_links_color":"","ocean_disable_title":"default","ocean_disable_heading":"default","ocean_post_title":"","ocean_post_subheading":"","ocean_post_title_style":"","ocean_post_title_background_color":"","ocean_post_title_background":0,"ocean_post_title_bg_image_position":"","ocean_post_title_bg_image_attachment":"","ocean_post_title_bg_image_repeat":"","ocean_post_title_bg_image_size":"","ocean_post_title_height":0,"ocean_post_title_bg_overlay":0.5,"ocean_post_title_bg_overlay_color":"","ocean_disable_breadcrumbs":"default","ocean_breadcrumbs_color":"","ocean_breadcrumbs_separator_color":"","ocean_breadcrumbs_links_color":"","ocean_breadcrumbs_links_hover_color":"","ocean_display_footer_widgets":"default","ocean_display_footer_bottom":"default","ocean_custom_footer_template":"0"},"product_brand":[],"product_cat":[169,110],"product_tag":[],"class_list":{"0":"post-8035","1":"product","2":"type-product","3":"status-publish","4":"has-post-thumbnail","6":"product_cat-kosmetyki-i-preparaty","7":"product_cat-paznokcie","9":"entry","10":"has-media","12":"first","13":"instock","14":"taxable","15":"shipping-taxable","16":"purchasable","17":"product-type-simple","18":"has-product-nav","19":"col","20":"span_1_of_3","21":"owp-content-center","22":"owp-thumbs-layout-horizontal","23":"owp-btn-normal","24":"owp-tabs-layout-horizontal","25":"has-no-thumbnails"},"yoast_head":"<!-- This site is optimized with the Yoast SEO plugin v27.6 - https:\/\/yoast.com\/product\/yoast-seo-wordpress\/ -->\n<title>Maska do st\u00f3p Farmona nivelazione zmi\u0119kczaj\u0105ca 500 ml - velesnails<\/title>\n<meta name=\"description\" content=\"Odkryj zmi\u0119kczaj\u0105c\u0105 mask\u0119 do st\u00f3p Farmona Nivelazione 500 ml, kt\u00f3ra skutecznie nawil\u017ca i regeneruje sk\u00f3r\u0119, zapewniaj\u0105c jej g\u0142adko\u015b\u0107 i komfort.\" \/>\n<meta name=\"robots\" content=\"index, follow, max-snippet:-1, max-image-preview:large, max-video-preview:-1\" \/>\n<link rel=\"canonical\" href=\"https:\/\/velesnails.pl\/uk\/product\/farmona-nivelazione-zmiekczajaca-maska-do-stop-500-ml\/\" \/>\n<meta property=\"og:locale\" content=\"uk_UA\" \/>\n<meta property=\"og:type\" content=\"article\" \/>\n<meta property=\"og:title\" content=\"Maska do st\u00f3p Farmona nivelazione zmi\u0119kczaj\u0105ca 500 ml - velesnails\" \/>\n<meta property=\"og:description\" content=\"Odkryj zmi\u0119kczaj\u0105c\u0105 mask\u0119 do st\u00f3p Farmona Nivelazione 500 ml, kt\u00f3ra skutecznie nawil\u017ca i regeneruje sk\u00f3r\u0119, zapewniaj\u0105c jej g\u0142adko\u015b\u0107 i komfort.\" \/>\n<meta property=\"og:url\" content=\"https:\/\/velesnails.pl\/uk\/product\/farmona-nivelazione-zmiekczajaca-maska-do-stop-500-ml\/\" \/>\n<meta property=\"og:site_name\" content=\"velesnails\" \/>\n<meta property=\"article:modified_time\" content=\"2026-05-01T17:53:00+00:00\" \/>\n<meta property=\"og:image\" content=\"https:\/\/velesnails.pl\/wp-content\/uploads\/2026\/01\/\u0417\u043d\u0456\u043c\u043e\u043a-\u0435\u043a\u0440\u0430\u043d\u0430-2026-01-18-082734.png\" \/>\n\t<meta property=\"og:image:width\" content=\"859\" \/>\n\t<meta property=\"og:image:height\" content=\"738\" \/>\n\t<meta property=\"og:image:type\" content=\"image\/png\" \/>\n<meta name=\"twitter:card\" content=\"summary_large_image\" \/>\n<meta name=\"twitter:label1\" content=\"\u041f\u0440\u0438\u0431\u043b. \u0447\u0430\u0441 \u0447\u0438\u0442\u0430\u043d\u043d\u044f\" \/>\n\t<meta name=\"twitter:data1\" content=\"2 \u0445\u0432\u0438\u043b\u0438\u043d\u0438\" \/>\n<script type=\"application\/ld+json\" class=\"yoast-schema-graph\">{\"@context\":\"https:\\\/\\\/schema.org\",\"@graph\":[{\"@type\":\"WebPage\",\"@id\":\"https:\\\/\\\/velesnails.pl\\\/product\\\/farmona-nivelazione-zmiekczajaca-maska-do-stop-500-ml\\\/\",\"url\":\"https:\\\/\\\/velesnails.pl\\\/product\\\/farmona-nivelazione-zmiekczajaca-maska-do-stop-500-ml\\\/\",\"name\":\"Maska do st\u00f3p Farmona nivelazione zmi\u0119kczaj\u0105ca 500 ml - velesnails\",\"isPartOf\":{\"@id\":\"https:\\\/\\\/velesnails.pl\\\/#website\"},\"primaryImageOfPage\":{\"@id\":\"https:\\\/\\\/velesnails.pl\\\/product\\\/farmona-nivelazione-zmiekczajaca-maska-do-stop-500-ml\\\/#primaryimage\"},\"image\":{\"@id\":\"https:\\\/\\\/velesnails.pl\\\/product\\\/farmona-nivelazione-zmiekczajaca-maska-do-stop-500-ml\\\/#primaryimage\"},\"thumbnailUrl\":\"https:\\\/\\\/i0.wp.com\\\/velesnails.pl\\\/wp-content\\\/uploads\\\/2026\\\/01\\\/%D0%97%D0%BD%D1%96%D0%BC%D0%BE%D0%BA-%D0%B5%D0%BA%D1%80%D0%B0%D0%BD%D0%B0-2026-01-18-082734.png?fit=859%2C738&ssl=1\",\"datePublished\":\"2026-01-18T07:24:33+00:00\",\"dateModified\":\"2026-05-01T17:53:00+00:00\",\"description\":\"Odkryj zmi\u0119kczaj\u0105c\u0105 mask\u0119 do st\u00f3p Farmona Nivelazione 500 ml, kt\u00f3ra skutecznie nawil\u017ca i regeneruje sk\u00f3r\u0119, zapewniaj\u0105c jej g\u0142adko\u015b\u0107 i komfort.\",\"breadcrumb\":{\"@id\":\"https:\\\/\\\/velesnails.pl\\\/product\\\/farmona-nivelazione-zmiekczajaca-maska-do-stop-500-ml\\\/#breadcrumb\"},\"inLanguage\":\"uk\",\"potentialAction\":[{\"@type\":\"ReadAction\",\"target\":[\"https:\\\/\\\/velesnails.pl\\\/product\\\/farmona-nivelazione-zmiekczajaca-maska-do-stop-500-ml\\\/\"]}]},{\"@type\":\"ImageObject\",\"inLanguage\":\"uk\",\"@id\":\"https:\\\/\\\/velesnails.pl\\\/product\\\/farmona-nivelazione-zmiekczajaca-maska-do-stop-500-ml\\\/#primaryimage\",\"url\":\"https:\\\/\\\/i0.wp.com\\\/velesnails.pl\\\/wp-content\\\/uploads\\\/2026\\\/01\\\/%D0%97%D0%BD%D1%96%D0%BC%D0%BE%D0%BA-%D0%B5%D0%BA%D1%80%D0%B0%D0%BD%D0%B0-2026-01-18-082734.png?fit=859%2C738&ssl=1\",\"contentUrl\":\"https:\\\/\\\/i0.wp.com\\\/velesnails.pl\\\/wp-content\\\/uploads\\\/2026\\\/01\\\/%D0%97%D0%BD%D1%96%D0%BC%D0%BE%D0%BA-%D0%B5%D0%BA%D1%80%D0%B0%D0%BD%D0%B0-2026-01-18-082734.png?fit=859%2C738&ssl=1\",\"width\":859,\"height\":738},{\"@type\":\"BreadcrumbList\",\"@id\":\"https:\\\/\\\/velesnails.pl\\\/product\\\/farmona-nivelazione-zmiekczajaca-maska-do-stop-500-ml\\\/#breadcrumb\",\"itemListElement\":[{\"@type\":\"ListItem\",\"position\":1,\"name\":\"\u0413\u043e\u043b\u043e\u0432\u043d\u0430\",\"item\":\"https:\\\/\\\/velesnails.pl\\\/\"},{\"@type\":\"ListItem\",\"position\":2,\"name\":\"Sklep\",\"item\":\"https:\\\/\\\/velesnails.pl\\\/shop\\\/\"},{\"@type\":\"ListItem\",\"position\":3,\"name\":\"Maska do st\u00f3p Farmona nivelazione zmi\u0119kczaj\u0105ca 500 ml\"}]},{\"@type\":\"WebSite\",\"@id\":\"https:\\\/\\\/velesnails.pl\\\/#website\",\"url\":\"https:\\\/\\\/velesnails.pl\\\/\",\"name\":\"velesnails\",\"description\":\"Sklep z manicure\",\"publisher\":{\"@id\":\"https:\\\/\\\/velesnails.pl\\\/#organization\"},\"potentialAction\":[{\"@type\":\"SearchAction\",\"target\":{\"@type\":\"EntryPoint\",\"urlTemplate\":\"https:\\\/\\\/velesnails.pl\\\/?s={search_term_string}\"},\"query-input\":{\"@type\":\"PropertyValueSpecification\",\"valueRequired\":true,\"valueName\":\"search_term_string\"}}],\"inLanguage\":\"uk\"},{\"@type\":\"Organization\",\"@id\":\"https:\\\/\\\/velesnails.pl\\\/#organization\",\"name\":\"velesnails\",\"url\":\"https:\\\/\\\/velesnails.pl\\\/\",\"logo\":{\"@type\":\"ImageObject\",\"inLanguage\":\"uk\",\"@id\":\"https:\\\/\\\/velesnails.pl\\\/#\\\/schema\\\/logo\\\/image\\\/\",\"url\":\"https:\\\/\\\/i0.wp.com\\\/velesnails.pl\\\/wp-content\\\/uploads\\\/2025\\\/10\\\/cropped-obraz_viber_2025-10-22_13-55-55-969.jpg?fit=485%2C381&ssl=1\",\"contentUrl\":\"https:\\\/\\\/i0.wp.com\\\/velesnails.pl\\\/wp-content\\\/uploads\\\/2025\\\/10\\\/cropped-obraz_viber_2025-10-22_13-55-55-969.jpg?fit=485%2C381&ssl=1\",\"width\":485,\"height\":381,\"caption\":\"velesnails\"},\"image\":{\"@id\":\"https:\\\/\\\/velesnails.pl\\\/#\\\/schema\\\/logo\\\/image\\\/\"}}]}<\/script>\n<!-- \/ Yoast SEO plugin. -->","yoast_head_json":{"title":"Maska do st\u00f3p Farmona nivelazione zmi\u0119kczaj\u0105ca 500 ml - velesnails","description":"Odkryj zmi\u0119kczaj\u0105c\u0105 mask\u0119 do st\u00f3p Farmona Nivelazione 500 ml, kt\u00f3ra skutecznie nawil\u017ca i regeneruje sk\u00f3r\u0119, zapewniaj\u0105c jej g\u0142adko\u015b\u0107 i komfort.","robots":{"index":"index","follow":"follow","max-snippet":"max-snippet:-1","max-image-preview":"max-image-preview:large","max-video-preview":"max-video-preview:-1"},"canonical":"https:\/\/velesnails.pl\/uk\/product\/farmona-nivelazione-zmiekczajaca-maska-do-stop-500-ml\/","og_locale":"uk_UA","og_type":"article","og_title":"Maska do st\u00f3p Farmona nivelazione zmi\u0119kczaj\u0105ca 500 ml - velesnails","og_description":"Odkryj zmi\u0119kczaj\u0105c\u0105 mask\u0119 do st\u00f3p Farmona Nivelazione 500 ml, kt\u00f3ra skutecznie nawil\u017ca i regeneruje sk\u00f3r\u0119, zapewniaj\u0105c jej g\u0142adko\u015b\u0107 i komfort.","og_url":"https:\/\/velesnails.pl\/uk\/product\/farmona-nivelazione-zmiekczajaca-maska-do-stop-500-ml\/","og_site_name":"velesnails","article_modified_time":"2026-05-01T17:53:00+00:00","og_image":[{"width":859,"height":738,"url":"https:\/\/velesnails.pl\/wp-content\/uploads\/2026\/01\/\u0417\u043d\u0456\u043c\u043e\u043a-\u0435\u043a\u0440\u0430\u043d\u0430-2026-01-18-082734.png","type":"image\/png"}],"twitter_card":"summary_large_image","twitter_misc":{"\u041f\u0440\u0438\u0431\u043b. \u0447\u0430\u0441 \u0447\u0438\u0442\u0430\u043d\u043d\u044f":"2 \u0445\u0432\u0438\u043b\u0438\u043d\u0438"},"schema":{"@context":"https:\/\/schema.org","@graph":[{"@type":"WebPage","@id":"https:\/\/velesnails.pl\/product\/farmona-nivelazione-zmiekczajaca-maska-do-stop-500-ml\/","url":"https:\/\/velesnails.pl\/product\/farmona-nivelazione-zmiekczajaca-maska-do-stop-500-ml\/","name":"Maska do st\u00f3p Farmona nivelazione zmi\u0119kczaj\u0105ca 500 ml - velesnails","isPartOf":{"@id":"https:\/\/velesnails.pl\/#website"},"primaryImageOfPage":{"@id":"https:\/\/velesnails.pl\/product\/farmona-nivelazione-zmiekczajaca-maska-do-stop-500-ml\/#primaryimage"},"image":{"@id":"https:\/\/velesnails.pl\/product\/farmona-nivelazione-zmiekczajaca-maska-do-stop-500-ml\/#primaryimage"},"thumbnailUrl":"https:\/\/i0.wp.com\/velesnails.pl\/wp-content\/uploads\/2026\/01\/%D0%97%D0%BD%D1%96%D0%BC%D0%BE%D0%BA-%D0%B5%D0%BA%D1%80%D0%B0%D0%BD%D0%B0-2026-01-18-082734.png?fit=859%2C738&ssl=1","datePublished":"2026-01-18T07:24:33+00:00","dateModified":"2026-05-01T17:53:00+00:00","description":"Odkryj zmi\u0119kczaj\u0105c\u0105 mask\u0119 do st\u00f3p Farmona Nivelazione 500 ml, kt\u00f3ra skutecznie nawil\u017ca i regeneruje sk\u00f3r\u0119, zapewniaj\u0105c jej g\u0142adko\u015b\u0107 i komfort.","breadcrumb":{"@id":"https:\/\/velesnails.pl\/product\/farmona-nivelazione-zmiekczajaca-maska-do-stop-500-ml\/#breadcrumb"},"inLanguage":"uk","potentialAction":[{"@type":"ReadAction","target":["https:\/\/velesnails.pl\/product\/farmona-nivelazione-zmiekczajaca-maska-do-stop-500-ml\/"]}]},{"@type":"ImageObject","inLanguage":"uk","@id":"https:\/\/velesnails.pl\/product\/farmona-nivelazione-zmiekczajaca-maska-do-stop-500-ml\/#primaryimage","url":"https:\/\/i0.wp.com\/velesnails.pl\/wp-content\/uploads\/2026\/01\/%D0%97%D0%BD%D1%96%D0%BC%D0%BE%D0%BA-%D0%B5%D0%BA%D1%80%D0%B0%D0%BD%D0%B0-2026-01-18-082734.png?fit=859%2C738&ssl=1","contentUrl":"https:\/\/i0.wp.com\/velesnails.pl\/wp-content\/uploads\/2026\/01\/%D0%97%D0%BD%D1%96%D0%BC%D0%BE%D0%BA-%D0%B5%D0%BA%D1%80%D0%B0%D0%BD%D0%B0-2026-01-18-082734.png?fit=859%2C738&ssl=1","width":859,"height":738},{"@type":"BreadcrumbList","@id":"https:\/\/velesnails.pl\/product\/farmona-nivelazione-zmiekczajaca-maska-do-stop-500-ml\/#breadcrumb","itemListElement":[{"@type":"ListItem","position":1,"name":"\u0413\u043e\u043b\u043e\u0432\u043d\u0430","item":"https:\/\/velesnails.pl\/"},{"@type":"ListItem","position":2,"name":"Sklep","item":"https:\/\/velesnails.pl\/shop\/"},{"@type":"ListItem","position":3,"name":"Maska do st\u00f3p Farmona nivelazione zmi\u0119kczaj\u0105ca 500 ml"}]},{"@type":"WebSite","@id":"https:\/\/velesnails.pl\/#website","url":"https:\/\/velesnails.pl\/","name":"\u0432\u0435\u043b\u0435\u0441\u043e\u0432\u0456 \u043d\u0456\u0433\u0442\u0456","description":"\u041c\u0430\u043d\u0456\u043a\u044e\u0440\u043d\u0438\u0439 \u0441\u0430\u043b\u043e\u043d","publisher":{"@id":"https:\/\/velesnails.pl\/#organization"},"potentialAction":[{"@type":"SearchAction","target":{"@type":"EntryPoint","urlTemplate":"https:\/\/velesnails.pl\/?s={search_term_string}"},"query-input":{"@type":"PropertyValueSpecification","valueRequired":true,"valueName":"search_term_string"}}],"inLanguage":"uk"},{"@type":"Organization","@id":"https:\/\/velesnails.pl\/#organization","name":"\u0432\u0435\u043b\u0435\u0441\u043e\u0432\u0456 \u043d\u0456\u0433\u0442\u0456","url":"https:\/\/velesnails.pl\/","logo":{"@type":"ImageObject","inLanguage":"uk","@id":"https:\/\/velesnails.pl\/#\/schema\/logo\/image\/","url":"https:\/\/i0.wp.com\/velesnails.pl\/wp-content\/uploads\/2025\/10\/cropped-obraz_viber_2025-10-22_13-55-55-969.jpg?fit=485%2C381&ssl=1","contentUrl":"https:\/\/i0.wp.com\/velesnails.pl\/wp-content\/uploads\/2025\/10\/cropped-obraz_viber_2025-10-22_13-55-55-969.jpg?fit=485%2C381&ssl=1","width":485,"height":381,"caption":"velesnails"},"image":{"@id":"https:\/\/velesnails.pl\/#\/schema\/logo\/image\/"}}]}},"_links":{"self":[{"href":"https:\/\/velesnails.pl\/uk\/wp-json\/wp\/v2\/product\/8035","targetHints":{"allow":["GET"]}}],"collection":[{"href":"https:\/\/velesnails.pl\/uk\/wp-json\/wp\/v2\/product"}],"about":[{"href":"https:\/\/velesnails.pl\/uk\/wp-json\/wp\/v2\/types\/product"}],"replies":[{"embeddable":true,"href":"https:\/\/velesnails.pl\/uk\/wp-json\/wp\/v2\/comments?post=8035"}],"wp:featuredmedia":[{"embeddable":true,"href":"https:\/\/velesnails.pl\/uk\/wp-json\/wp\/v2\/media\/8036"}],"wp:attachment":[{"href":"https:\/\/velesnails.pl\/uk\/wp-json\/wp\/v2\/media?parent=8035"}],"wp:term":[{"taxonomy":"product_brand","embeddable":true,"href":"https:\/\/velesnails.pl\/uk\/wp-json\/wp\/v2\/product_brand?post=8035"},{"taxonomy":"product_cat","embeddable":true,"href":"https:\/\/velesnails.pl\/uk\/wp-json\/wp\/v2\/product_cat?post=8035"},{"taxonomy":"product_tag","embeddable":true,"href":"https:\/\/velesnails.pl\/uk\/wp-json\/wp\/v2\/product_tag?post=8035"}],"curies":[{"name":"wp","href":"https:\/\/api.w.org\/{rel}","templated":true}]}}