{"id":7898,"date":"2025-11-20T12:41:14","date_gmt":"2025-11-20T09:41:14","guid":{"rendered":"https:\/\/velesnails.pl\/?post_type=product&#038;p=7898"},"modified":"2026-05-13T16:38:09","modified_gmt":"2026-05-13T13:38:09","slug":"rekawiczki-jednorazowe-nitrylowe-diagnostyczne-i-ochronne-beaute-luxe-rozmiar-s-perlowe-50-szt","status":"publish","type":"product","link":"https:\/\/velesnails.pl\/uk\/product\/rekawiczki-jednorazowe-nitrylowe-diagnostyczne-i-ochronne-beaute-luxe-rozmiar-s-perlowe-50-szt\/","title":{"rendered":"R\u0119kawiczki jednorazowe nitrylowe diagnostyczne i ochronne Beaute Luxe rozmiar S per\u0142owe 50 szt"},"content":{"rendered":"<h2>R\u0119kawiczki jednorazowe nitrylowe diagnostyczne i ochronne Beaute Luxe rozmiar S per\u0142owe 50 szt<\/h2>\n<p><strong>R\u0119kawice diagnostyczne i ochronne, nitrylowe, bezpudrowe, jednorazowe nieja\u0142owe<\/strong>, \u015brodek ochrony osobistej kat. I do minimalnego ryzyka. Pasuj\u0105 na lew\u0105 i praw\u0105 d\u0142o\u0144.<\/p>\n<p><b>R\u0119kawice Beaute Luxe\u00a0<\/b>to po\u0142\u0105czenie elegancji, trwa\u0142o\u015bci i funkcjonalno\u015bci, stworzone z my\u015bl\u0105 o bran\u017cy beauty.\u00a0Per\u0142owe\u00a0r\u0119kawice, podkre\u015blaj\u0105 presti\u017c i profesjonalizm, jednocze\u015bnie chroni\u0105c Twoje d\u0142onie i nadaj\u0105c im stylowy wygl\u0105d.<\/p>\n<ul>\n<li><strong>Materia\u0142:<\/strong>\u00a0nitryl<\/li>\n<li><strong>Puder:<\/strong>\u00a0r\u0119kawice bezpudrowe<\/li>\n<li><strong>Kolor:<\/strong>\u00a0pearl (per\u0142owy)<\/li>\n<li><strong>Rozmiar:<\/strong>\u00a0S<\/li>\n<li><strong>Kszta\u0142t:<\/strong>\u00a0obur\u0119czny, pasuj\u0105 na praw\u0105 i lew\u0105 d\u0142o\u0144<\/li>\n<li><strong>Struktura powierzchni:<\/strong>\u00a0g\u0142adka, tekstura na ko\u0144cach palc\u00f3w<\/li>\n<li><strong>Mankiet:<\/strong>\u00a0rolowany<\/li>\n<li>Nieja\u0142owe (niesterylne)<\/li>\n<\/ul>\n<p><strong>Ostrze\u017cenia:<\/strong><\/p>\n<ul>\n<li>R\u0119kawice nale\u017cy chroni\u0107 przed bezpo\u015brednim dzia\u0142aniem promieni s\u0142onecznych lub \u015bwiat\u0142em fluorescencyjnym, po u\u017cyciu utylizowa\u0107 zgodnie z obowi\u0105zuj\u0105cymi przepisami.<\/li>\n<li>Jako\u015bci wyrobu nie gwarantuje si\u0119 w przypadku uszkodzenia opakowania lub nienale\u017cytych warunk\u00f3w przechowywania.<\/li>\n<li>Produkt zawiera sk\u0142adniki lub dodatki chemiczne, kt\u00f3re mog\u0105 wywo\u0142a\u0107 reakcj\u0119 alergiczn\u0105 u os\u00f3b z nadwra\u017cliwo\u015bci\u0105.<\/li>\n<li>W przypadku reakcji alergicznej nale\u017cy skorzysta\u0107 z porady lekarskiej.<\/li>\n<li>Ten produkt nie jest wykonany z lateksu naturalnego.<\/li>\n<li>Po u\u017cyciu u\u017cytkownicy powinni wizualnie sprawdzi\u0107 r\u0119kawice i usun\u0105\u0107 wszelkie zanieczyszczenia z zewn\u0119trznej powierzchni przed zdj\u0119ciem r\u0119kawiczek z r\u0105k.<\/li>\n<li>Alternatywnie nale\u017cy ostro\u017cnie zdj\u0105\u0107 r\u0119kawiczki z d\u0142oni, tak aby zanieczyszczone r\u0119kawice zewn\u0119trzne nie dotyka\u0142y sk\u00f3ry.<\/li>\n<li>To jest wyr\u00f3b medyczny. U\u017cywaj go zgodnie z instrukcj\u0105 u\u017cywania lub etykiet\u0105.<\/li>\n<\/ul>\n<p><strong>Opakowanie:<\/strong>\u00a050 sztuk<\/p>","protected":false},"excerpt":{"rendered":"<p>R\u0119kawiczki jednorazowe nitrylowe diagnostyczne i ochronne Beaute Luxe rozmiar S per\u0142owe 50 szt R\u0119kawice diagnostyczne i ochronne, nitrylowe, bezpudrowe, jednorazowe nieja\u0142owe, \u015brodek ochrony osobistej kat. I do minimalnego ryzyka. Pasuj\u0105 na lew\u0105 i praw\u0105 d\u0142o\u0144. R\u0119kawice Beaute Luxe\u00a0to po\u0142\u0105czenie elegancji, trwa\u0142o\u015bci i funkcjonalno\u015bci, stworzone z my\u015bl\u0105 o bran\u017cy beauty.\u00a0Per\u0142owe\u00a0r\u0119kawice, podkre\u015blaj\u0105 presti\u017c i profesjonalizm, jednocze\u015bnie chroni\u0105c [&hellip;]<\/p>\n","protected":false},"featured_media":7900,"comment_status":"closed","ping_status":"closed","template":"","meta":{"om_disable_all_campaigns":false,"ocean_post_layout":"","ocean_both_sidebars_style":"","ocean_both_sidebars_content_width":0,"ocean_both_sidebars_sidebars_width":0,"ocean_sidebar":"0","ocean_second_sidebar":"0","ocean_disable_margins":"enable","ocean_add_body_class":"","ocean_shortcode_before_top_bar":"","ocean_shortcode_after_top_bar":"","ocean_shortcode_before_header":"","ocean_shortcode_after_header":"","ocean_has_shortcode":"","ocean_shortcode_after_title":"","ocean_shortcode_before_footer_widgets":"","ocean_shortcode_after_footer_widgets":"","ocean_shortcode_before_footer_bottom":"","ocean_shortcode_after_footer_bottom":"","ocean_display_top_bar":"default","ocean_display_header":"default","ocean_header_style":"","ocean_center_header_left_menu":"0","ocean_custom_header_template":"0","ocean_custom_logo":0,"ocean_custom_retina_logo":0,"ocean_custom_logo_max_width":0,"ocean_custom_logo_tablet_max_width":0,"ocean_custom_logo_mobile_max_width":0,"ocean_custom_logo_max_height":0,"ocean_custom_logo_tablet_max_height":0,"ocean_custom_logo_mobile_max_height":0,"ocean_header_custom_menu":"0","ocean_menu_typo_font_family":"0","ocean_menu_typo_font_subset":"","ocean_menu_typo_font_size":0,"ocean_menu_typo_font_size_tablet":0,"ocean_menu_typo_font_size_mobile":0,"ocean_menu_typo_font_size_unit":"px","ocean_menu_typo_font_weight":"","ocean_menu_typo_font_weight_tablet":"","ocean_menu_typo_font_weight_mobile":"","ocean_menu_typo_transform":"","ocean_menu_typo_transform_tablet":"","ocean_menu_typo_transform_mobile":"","ocean_menu_typo_line_height":0,"ocean_menu_typo_line_height_tablet":0,"ocean_menu_typo_line_height_mobile":0,"ocean_menu_typo_line_height_unit":"","ocean_menu_typo_spacing":0,"ocean_menu_typo_spacing_tablet":0,"ocean_menu_typo_spacing_mobile":0,"ocean_menu_typo_spacing_unit":"","ocean_menu_link_color":"","ocean_menu_link_color_hover":"","ocean_menu_link_color_active":"","ocean_menu_link_background":"","ocean_menu_link_hover_background":"","ocean_menu_link_active_background":"","ocean_menu_social_links_bg":"","ocean_menu_social_hover_links_bg":"","ocean_menu_social_links_color":"","ocean_menu_social_hover_links_color":"","ocean_disable_title":"default","ocean_disable_heading":"default","ocean_post_title":"","ocean_post_subheading":"","ocean_post_title_style":"","ocean_post_title_background_color":"","ocean_post_title_background":0,"ocean_post_title_bg_image_position":"","ocean_post_title_bg_image_attachment":"","ocean_post_title_bg_image_repeat":"","ocean_post_title_bg_image_size":"","ocean_post_title_height":0,"ocean_post_title_bg_overlay":0.5,"ocean_post_title_bg_overlay_color":"","ocean_disable_breadcrumbs":"default","ocean_breadcrumbs_color":"","ocean_breadcrumbs_separator_color":"","ocean_breadcrumbs_links_color":"","ocean_breadcrumbs_links_hover_color":"","ocean_display_footer_widgets":"default","ocean_display_footer_bottom":"default","ocean_custom_footer_template":"0"},"product_brand":[],"product_cat":[168,110],"product_tag":[],"class_list":{"0":"post-7898","1":"product","2":"type-product","3":"status-publish","4":"has-post-thumbnail","6":"product_cat-artykuly-jednorazowego-uzytku","7":"product_cat-paznokcie","9":"entry","10":"has-media","12":"first","13":"instock","14":"taxable","15":"shipping-taxable","16":"purchasable","17":"product-type-simple","18":"has-product-nav","19":"col","20":"span_1_of_3","21":"owp-content-center","22":"owp-thumbs-layout-horizontal","23":"owp-btn-normal","24":"owp-tabs-layout-horizontal"},"yoast_head":"<!-- This site is optimized with the Yoast SEO plugin v27.6 - https:\/\/yoast.com\/product\/yoast-seo-wordpress\/ -->\n<title>R\u0119kawiczki jednorazowe nitrylowe diagnostyczne i ochronne Beaute Luxe rozmiar S per\u0142owe 50 szt - velesnails<\/title>\n<meta name=\"robots\" content=\"index, follow, max-snippet:-1, max-image-preview:large, max-video-preview:-1\" \/>\n<link rel=\"canonical\" href=\"https:\/\/velesnails.pl\/uk\/product\/rekawiczki-jednorazowe-nitrylowe-diagnostyczne-i-ochronne-beaute-luxe-rozmiar-s-perlowe-50-szt\/\" \/>\n<meta property=\"og:locale\" content=\"uk_UA\" \/>\n<meta property=\"og:type\" content=\"article\" \/>\n<meta property=\"og:title\" content=\"R\u0119kawiczki jednorazowe nitrylowe diagnostyczne i ochronne Beaute Luxe rozmiar S per\u0142owe 50 szt - velesnails\" \/>\n<meta property=\"og:description\" content=\"R\u0119kawiczki jednorazowe nitrylowe diagnostyczne i ochronne Beaute Luxe rozmiar S per\u0142owe 50 szt R\u0119kawice diagnostyczne i ochronne, nitrylowe, bezpudrowe, jednorazowe nieja\u0142owe, \u015brodek ochrony osobistej kat. I do minimalnego ryzyka. Pasuj\u0105 na lew\u0105 i praw\u0105 d\u0142o\u0144. R\u0119kawice Beaute Luxe\u00a0to po\u0142\u0105czenie elegancji, trwa\u0142o\u015bci i funkcjonalno\u015bci, stworzone z my\u015bl\u0105 o bran\u017cy beauty.\u00a0Per\u0142owe\u00a0r\u0119kawice, podkre\u015blaj\u0105 presti\u017c i profesjonalizm, jednocze\u015bnie chroni\u0105c [&hellip;]\" \/>\n<meta property=\"og:url\" content=\"https:\/\/velesnails.pl\/uk\/product\/rekawiczki-jednorazowe-nitrylowe-diagnostyczne-i-ochronne-beaute-luxe-rozmiar-s-perlowe-50-szt\/\" \/>\n<meta property=\"og:site_name\" content=\"velesnails\" \/>\n<meta property=\"article:modified_time\" content=\"2026-05-13T13:38:09+00:00\" \/>\n<meta property=\"og:image\" content=\"https:\/\/velesnails.pl\/wp-content\/uploads\/2025\/11\/rekawiczki-jednorazowe-nitrylowe-diagnostyczne-i-ochronne-beaute-luxe-rozmiar-s-perlowe-50-szt.jpg\" \/>\n\t<meta property=\"og:image:width\" content=\"1000\" \/>\n\t<meta property=\"og:image:height\" content=\"1000\" \/>\n\t<meta property=\"og:image:type\" content=\"image\/jpeg\" \/>\n<meta name=\"twitter:card\" content=\"summary_large_image\" \/>\n<meta name=\"twitter:label1\" content=\"\u041f\u0440\u0438\u0431\u043b. \u0447\u0430\u0441 \u0447\u0438\u0442\u0430\u043d\u043d\u044f\" \/>\n\t<meta name=\"twitter:data1\" content=\"2 \u0445\u0432\u0438\u043b\u0438\u043d\u0438\" \/>\n<script type=\"application\/ld+json\" class=\"yoast-schema-graph\">{\"@context\":\"https:\\\/\\\/schema.org\",\"@graph\":[{\"@type\":\"WebPage\",\"@id\":\"https:\\\/\\\/velesnails.pl\\\/product\\\/rekawiczki-jednorazowe-nitrylowe-diagnostyczne-i-ochronne-beaute-luxe-rozmiar-s-perlowe-50-szt\\\/\",\"url\":\"https:\\\/\\\/velesnails.pl\\\/product\\\/rekawiczki-jednorazowe-nitrylowe-diagnostyczne-i-ochronne-beaute-luxe-rozmiar-s-perlowe-50-szt\\\/\",\"name\":\"R\u0119kawiczki jednorazowe nitrylowe diagnostyczne i ochronne Beaute Luxe rozmiar S per\u0142owe 50 szt - velesnails\",\"isPartOf\":{\"@id\":\"https:\\\/\\\/velesnails.pl\\\/#website\"},\"primaryImageOfPage\":{\"@id\":\"https:\\\/\\\/velesnails.pl\\\/product\\\/rekawiczki-jednorazowe-nitrylowe-diagnostyczne-i-ochronne-beaute-luxe-rozmiar-s-perlowe-50-szt\\\/#primaryimage\"},\"image\":{\"@id\":\"https:\\\/\\\/velesnails.pl\\\/product\\\/rekawiczki-jednorazowe-nitrylowe-diagnostyczne-i-ochronne-beaute-luxe-rozmiar-s-perlowe-50-szt\\\/#primaryimage\"},\"thumbnailUrl\":\"https:\\\/\\\/i0.wp.com\\\/velesnails.pl\\\/wp-content\\\/uploads\\\/2025\\\/11\\\/rekawiczki-jednorazowe-nitrylowe-diagnostyczne-i-ochronne-beaute-luxe-rozmiar-s-perlowe-50-szt.jpg?fit=1000%2C1000&ssl=1\",\"datePublished\":\"2025-11-20T09:41:14+00:00\",\"dateModified\":\"2026-05-13T13:38:09+00:00\",\"breadcrumb\":{\"@id\":\"https:\\\/\\\/velesnails.pl\\\/product\\\/rekawiczki-jednorazowe-nitrylowe-diagnostyczne-i-ochronne-beaute-luxe-rozmiar-s-perlowe-50-szt\\\/#breadcrumb\"},\"inLanguage\":\"uk\",\"potentialAction\":[{\"@type\":\"ReadAction\",\"target\":[\"https:\\\/\\\/velesnails.pl\\\/product\\\/rekawiczki-jednorazowe-nitrylowe-diagnostyczne-i-ochronne-beaute-luxe-rozmiar-s-perlowe-50-szt\\\/\"]}]},{\"@type\":\"ImageObject\",\"inLanguage\":\"uk\",\"@id\":\"https:\\\/\\\/velesnails.pl\\\/product\\\/rekawiczki-jednorazowe-nitrylowe-diagnostyczne-i-ochronne-beaute-luxe-rozmiar-s-perlowe-50-szt\\\/#primaryimage\",\"url\":\"https:\\\/\\\/i0.wp.com\\\/velesnails.pl\\\/wp-content\\\/uploads\\\/2025\\\/11\\\/rekawiczki-jednorazowe-nitrylowe-diagnostyczne-i-ochronne-beaute-luxe-rozmiar-s-perlowe-50-szt.jpg?fit=1000%2C1000&ssl=1\",\"contentUrl\":\"https:\\\/\\\/i0.wp.com\\\/velesnails.pl\\\/wp-content\\\/uploads\\\/2025\\\/11\\\/rekawiczki-jednorazowe-nitrylowe-diagnostyczne-i-ochronne-beaute-luxe-rozmiar-s-perlowe-50-szt.jpg?fit=1000%2C1000&ssl=1\",\"width\":1000,\"height\":1000},{\"@type\":\"BreadcrumbList\",\"@id\":\"https:\\\/\\\/velesnails.pl\\\/product\\\/rekawiczki-jednorazowe-nitrylowe-diagnostyczne-i-ochronne-beaute-luxe-rozmiar-s-perlowe-50-szt\\\/#breadcrumb\",\"itemListElement\":[{\"@type\":\"ListItem\",\"position\":1,\"name\":\"\u0413\u043e\u043b\u043e\u0432\u043d\u0430\",\"item\":\"https:\\\/\\\/velesnails.pl\\\/\"},{\"@type\":\"ListItem\",\"position\":2,\"name\":\"Sklep\",\"item\":\"https:\\\/\\\/velesnails.pl\\\/shop\\\/\"},{\"@type\":\"ListItem\",\"position\":3,\"name\":\"R\u0119kawiczki jednorazowe nitrylowe diagnostyczne i ochronne Beaute Luxe rozmiar S per\u0142owe 50 szt\"}]},{\"@type\":\"WebSite\",\"@id\":\"https:\\\/\\\/velesnails.pl\\\/#website\",\"url\":\"https:\\\/\\\/velesnails.pl\\\/\",\"name\":\"velesnails\",\"description\":\"Sklep z manicure\",\"publisher\":{\"@id\":\"https:\\\/\\\/velesnails.pl\\\/#organization\"},\"potentialAction\":[{\"@type\":\"SearchAction\",\"target\":{\"@type\":\"EntryPoint\",\"urlTemplate\":\"https:\\\/\\\/velesnails.pl\\\/?s={search_term_string}\"},\"query-input\":{\"@type\":\"PropertyValueSpecification\",\"valueRequired\":true,\"valueName\":\"search_term_string\"}}],\"inLanguage\":\"uk\"},{\"@type\":\"Organization\",\"@id\":\"https:\\\/\\\/velesnails.pl\\\/#organization\",\"name\":\"velesnails\",\"url\":\"https:\\\/\\\/velesnails.pl\\\/\",\"logo\":{\"@type\":\"ImageObject\",\"inLanguage\":\"uk\",\"@id\":\"https:\\\/\\\/velesnails.pl\\\/#\\\/schema\\\/logo\\\/image\\\/\",\"url\":\"https:\\\/\\\/i0.wp.com\\\/velesnails.pl\\\/wp-content\\\/uploads\\\/2025\\\/10\\\/cropped-obraz_viber_2025-10-22_13-55-55-969.jpg?fit=485%2C381&ssl=1\",\"contentUrl\":\"https:\\\/\\\/i0.wp.com\\\/velesnails.pl\\\/wp-content\\\/uploads\\\/2025\\\/10\\\/cropped-obraz_viber_2025-10-22_13-55-55-969.jpg?fit=485%2C381&ssl=1\",\"width\":485,\"height\":381,\"caption\":\"velesnails\"},\"image\":{\"@id\":\"https:\\\/\\\/velesnails.pl\\\/#\\\/schema\\\/logo\\\/image\\\/\"}}]}<\/script>\n<!-- \/ Yoast SEO plugin. -->","yoast_head_json":{"title":"R\u0119kawiczki jednorazowe nitrylowe diagnostyczne i ochronne Beaute Luxe rozmiar S per\u0142owe 50 szt - velesnails","robots":{"index":"index","follow":"follow","max-snippet":"max-snippet:-1","max-image-preview":"max-image-preview:large","max-video-preview":"max-video-preview:-1"},"canonical":"https:\/\/velesnails.pl\/uk\/product\/rekawiczki-jednorazowe-nitrylowe-diagnostyczne-i-ochronne-beaute-luxe-rozmiar-s-perlowe-50-szt\/","og_locale":"uk_UA","og_type":"article","og_title":"R\u0119kawiczki jednorazowe nitrylowe diagnostyczne i ochronne Beaute Luxe rozmiar S per\u0142owe 50 szt - velesnails","og_description":"R\u0119kawiczki jednorazowe nitrylowe diagnostyczne i ochronne Beaute Luxe rozmiar S per\u0142owe 50 szt R\u0119kawice diagnostyczne i ochronne, nitrylowe, bezpudrowe, jednorazowe nieja\u0142owe, \u015brodek ochrony osobistej kat. I do minimalnego ryzyka. Pasuj\u0105 na lew\u0105 i praw\u0105 d\u0142o\u0144. R\u0119kawice Beaute Luxe\u00a0to po\u0142\u0105czenie elegancji, trwa\u0142o\u015bci i funkcjonalno\u015bci, stworzone z my\u015bl\u0105 o bran\u017cy beauty.\u00a0Per\u0142owe\u00a0r\u0119kawice, podkre\u015blaj\u0105 presti\u017c i profesjonalizm, jednocze\u015bnie chroni\u0105c [&hellip;]","og_url":"https:\/\/velesnails.pl\/uk\/product\/rekawiczki-jednorazowe-nitrylowe-diagnostyczne-i-ochronne-beaute-luxe-rozmiar-s-perlowe-50-szt\/","og_site_name":"velesnails","article_modified_time":"2026-05-13T13:38:09+00:00","og_image":[{"width":1000,"height":1000,"url":"https:\/\/velesnails.pl\/wp-content\/uploads\/2025\/11\/rekawiczki-jednorazowe-nitrylowe-diagnostyczne-i-ochronne-beaute-luxe-rozmiar-s-perlowe-50-szt.jpg","type":"image\/jpeg"}],"twitter_card":"summary_large_image","twitter_misc":{"\u041f\u0440\u0438\u0431\u043b. \u0447\u0430\u0441 \u0447\u0438\u0442\u0430\u043d\u043d\u044f":"2 \u0445\u0432\u0438\u043b\u0438\u043d\u0438"},"schema":{"@context":"https:\/\/schema.org","@graph":[{"@type":"WebPage","@id":"https:\/\/velesnails.pl\/product\/rekawiczki-jednorazowe-nitrylowe-diagnostyczne-i-ochronne-beaute-luxe-rozmiar-s-perlowe-50-szt\/","url":"https:\/\/velesnails.pl\/product\/rekawiczki-jednorazowe-nitrylowe-diagnostyczne-i-ochronne-beaute-luxe-rozmiar-s-perlowe-50-szt\/","name":"R\u0119kawiczki jednorazowe nitrylowe diagnostyczne i ochronne Beaute Luxe rozmiar S per\u0142owe 50 szt - velesnails","isPartOf":{"@id":"https:\/\/velesnails.pl\/#website"},"primaryImageOfPage":{"@id":"https:\/\/velesnails.pl\/product\/rekawiczki-jednorazowe-nitrylowe-diagnostyczne-i-ochronne-beaute-luxe-rozmiar-s-perlowe-50-szt\/#primaryimage"},"image":{"@id":"https:\/\/velesnails.pl\/product\/rekawiczki-jednorazowe-nitrylowe-diagnostyczne-i-ochronne-beaute-luxe-rozmiar-s-perlowe-50-szt\/#primaryimage"},"thumbnailUrl":"https:\/\/i0.wp.com\/velesnails.pl\/wp-content\/uploads\/2025\/11\/rekawiczki-jednorazowe-nitrylowe-diagnostyczne-i-ochronne-beaute-luxe-rozmiar-s-perlowe-50-szt.jpg?fit=1000%2C1000&ssl=1","datePublished":"2025-11-20T09:41:14+00:00","dateModified":"2026-05-13T13:38:09+00:00","breadcrumb":{"@id":"https:\/\/velesnails.pl\/product\/rekawiczki-jednorazowe-nitrylowe-diagnostyczne-i-ochronne-beaute-luxe-rozmiar-s-perlowe-50-szt\/#breadcrumb"},"inLanguage":"uk","potentialAction":[{"@type":"ReadAction","target":["https:\/\/velesnails.pl\/product\/rekawiczki-jednorazowe-nitrylowe-diagnostyczne-i-ochronne-beaute-luxe-rozmiar-s-perlowe-50-szt\/"]}]},{"@type":"ImageObject","inLanguage":"uk","@id":"https:\/\/velesnails.pl\/product\/rekawiczki-jednorazowe-nitrylowe-diagnostyczne-i-ochronne-beaute-luxe-rozmiar-s-perlowe-50-szt\/#primaryimage","url":"https:\/\/i0.wp.com\/velesnails.pl\/wp-content\/uploads\/2025\/11\/rekawiczki-jednorazowe-nitrylowe-diagnostyczne-i-ochronne-beaute-luxe-rozmiar-s-perlowe-50-szt.jpg?fit=1000%2C1000&ssl=1","contentUrl":"https:\/\/i0.wp.com\/velesnails.pl\/wp-content\/uploads\/2025\/11\/rekawiczki-jednorazowe-nitrylowe-diagnostyczne-i-ochronne-beaute-luxe-rozmiar-s-perlowe-50-szt.jpg?fit=1000%2C1000&ssl=1","width":1000,"height":1000},{"@type":"BreadcrumbList","@id":"https:\/\/velesnails.pl\/product\/rekawiczki-jednorazowe-nitrylowe-diagnostyczne-i-ochronne-beaute-luxe-rozmiar-s-perlowe-50-szt\/#breadcrumb","itemListElement":[{"@type":"ListItem","position":1,"name":"\u0413\u043e\u043b\u043e\u0432\u043d\u0430","item":"https:\/\/velesnails.pl\/"},{"@type":"ListItem","position":2,"name":"Sklep","item":"https:\/\/velesnails.pl\/shop\/"},{"@type":"ListItem","position":3,"name":"R\u0119kawiczki jednorazowe nitrylowe diagnostyczne i ochronne Beaute Luxe rozmiar S per\u0142owe 50 szt"}]},{"@type":"WebSite","@id":"https:\/\/velesnails.pl\/#website","url":"https:\/\/velesnails.pl\/","name":"\u0432\u0435\u043b\u0435\u0441\u043e\u0432\u0456 \u043d\u0456\u0433\u0442\u0456","description":"\u041c\u0430\u043d\u0456\u043a\u044e\u0440\u043d\u0438\u0439 \u0441\u0430\u043b\u043e\u043d","publisher":{"@id":"https:\/\/velesnails.pl\/#organization"},"potentialAction":[{"@type":"SearchAction","target":{"@type":"EntryPoint","urlTemplate":"https:\/\/velesnails.pl\/?s={search_term_string}"},"query-input":{"@type":"PropertyValueSpecification","valueRequired":true,"valueName":"search_term_string"}}],"inLanguage":"uk"},{"@type":"Organization","@id":"https:\/\/velesnails.pl\/#organization","name":"\u0432\u0435\u043b\u0435\u0441\u043e\u0432\u0456 \u043d\u0456\u0433\u0442\u0456","url":"https:\/\/velesnails.pl\/","logo":{"@type":"ImageObject","inLanguage":"uk","@id":"https:\/\/velesnails.pl\/#\/schema\/logo\/image\/","url":"https:\/\/i0.wp.com\/velesnails.pl\/wp-content\/uploads\/2025\/10\/cropped-obraz_viber_2025-10-22_13-55-55-969.jpg?fit=485%2C381&ssl=1","contentUrl":"https:\/\/i0.wp.com\/velesnails.pl\/wp-content\/uploads\/2025\/10\/cropped-obraz_viber_2025-10-22_13-55-55-969.jpg?fit=485%2C381&ssl=1","width":485,"height":381,"caption":"velesnails"},"image":{"@id":"https:\/\/velesnails.pl\/#\/schema\/logo\/image\/"}}]}},"_links":{"self":[{"href":"https:\/\/velesnails.pl\/uk\/wp-json\/wp\/v2\/product\/7898","targetHints":{"allow":["GET"]}}],"collection":[{"href":"https:\/\/velesnails.pl\/uk\/wp-json\/wp\/v2\/product"}],"about":[{"href":"https:\/\/velesnails.pl\/uk\/wp-json\/wp\/v2\/types\/product"}],"replies":[{"embeddable":true,"href":"https:\/\/velesnails.pl\/uk\/wp-json\/wp\/v2\/comments?post=7898"}],"wp:featuredmedia":[{"embeddable":true,"href":"https:\/\/velesnails.pl\/uk\/wp-json\/wp\/v2\/media\/7900"}],"wp:attachment":[{"href":"https:\/\/velesnails.pl\/uk\/wp-json\/wp\/v2\/media?parent=7898"}],"wp:term":[{"taxonomy":"product_brand","embeddable":true,"href":"https:\/\/velesnails.pl\/uk\/wp-json\/wp\/v2\/product_brand?post=7898"},{"taxonomy":"product_cat","embeddable":true,"href":"https:\/\/velesnails.pl\/uk\/wp-json\/wp\/v2\/product_cat?post=7898"},{"taxonomy":"product_tag","embeddable":true,"href":"https:\/\/velesnails.pl\/uk\/wp-json\/wp\/v2\/product_tag?post=7898"}],"curies":[{"name":"wp","href":"https:\/\/api.w.org\/{rel}","templated":true}]}}