{"id":7873,"date":"2025-11-05T17:45:15","date_gmt":"2025-11-05T14:45:15","guid":{"rendered":"https:\/\/velesnails.pl\/?post_type=product&#038;p=7873"},"modified":"2025-12-01T01:09:21","modified_gmt":"2025-11-30T22:09:21","slug":"frezarka-krypton-ii-xps-350-o-mocy-70-w-i-35000-obrotow-do-manicure-i-pedicure","status":"publish","type":"product","link":"https:\/\/velesnails.pl\/uk\/product\/frezarka-krypton-ii-xps-350-o-mocy-70-w-i-35000-obrotow-do-manicure-i-pedicure\/","title":{"rendered":"Frezarka KRYPTON II XPS-350 o mocy 70 W i 35000 obrot\u00f3w do manicure i pedicure"},"content":{"rendered":"<p data-start=\"68\" data-end=\"150\"><strong data-start=\"68\" data-end=\"150\">Najmocniejszy model na rynku bran\u017cy beauty \u2013 profesjonalna frezarka Krypton II<\/strong><\/p>\n<p data-start=\"152\" data-end=\"277\">Udoskonalony model frezarki, dopracowany w najmniejszych detalach, kt\u00f3ry uczyni prac\u0119 stylisty bardziej komfortow\u0105 i wydajn\u0105.<\/p>\n<p data-start=\"279\" data-end=\"504\">Wysoka moc 70 W oraz liczba obrot\u00f3w 35 000\/min \u2013 umo\u017cliwia \u0142atwe i skuteczne wykonanie manicure oraz pedicure frezarkowego. Frezarka jest bardzo wygodna i ergonomiczna. Posiada najwi\u0119ksz\u0105 moc spo\u015br\u00f3d profesjonalnych frezarek.<\/p>\n<p data-start=\"506\" data-end=\"571\">R\u0105czka mikrosilnika pracuje p\u0142ynnie i bez jakichkolwiek wibracji.<\/p>\n<p data-start=\"573\" data-end=\"745\">Wyposa\u017cona w wygodny mechanizm wymiany frez\u00f3w. Zacisk mocno trzyma frez i znajduje si\u0119 w centralnej cz\u0119\u015bci obudowy, co uniemo\u017cliwia jego przypadkowe otwarcie podczas pracy.<\/p>\n<p data-start=\"747\" data-end=\"875\">Maksymalnie kompaktowa jednostka steruj\u0105ca \u2013 w por\u00f3wnaniu do analogicznych modeli \u2013 zajmuje minimum miejsca na stanowisku pracy.<\/p>\n<p data-start=\"877\" data-end=\"1013\">Stylowa, udoskonalona obudowa wyposa\u017cona w nowoczesny\u00a0<strong data-start=\"931\" data-end=\"950\">wy\u015bwietlacz LED<\/strong>, kt\u00f3ry pokazuje aktualn\u0105 liczb\u0119 obrot\u00f3w i tryb pracy frezarki.<\/p>\n<p data-start=\"1015\" data-end=\"1213\">Wszystkie przyciski steruj\u0105ce (<strong data-start=\"1046\" data-end=\"1104\">forward\/reverse, sterowanie no\u017cne, regulacja pr\u0119dko\u015bci<\/strong>) znajduj\u0105 si\u0119 teraz bezpo\u015brednio przed stylist\u0105 \u2013 koniec z szukaniem ich po bokach i przypadkowym klikaniem.<\/p>\n<p data-start=\"1215\" data-end=\"1317\">Zwi\u0119kszona liczba otwor\u00f3w na frezy w obudowie \u2013 teraz wszystkie niezb\u0119dne ko\u0144c\u00f3wki s\u0105 zawsze pod r\u0119k\u0105.<\/p>\n<p data-start=\"1319\" data-end=\"1488\"><strong data-start=\"1319\" data-end=\"1339\">Uchwyt na r\u0105czk\u0119<\/strong>\u00a0\u2013 teraz ustawiony pod k\u0105tem, co zapobiega uderzeniom frezem o blat. Niezale\u017cnie od d\u0142ugo\u015bci czy rozmiaru frezu, nie uszkodzisz powierzchni roboczej.<\/p>\n<p data-start=\"1495\" data-end=\"1513\"><strong data-start=\"1495\" data-end=\"1513\">G\u0142\u00f3wne zalety:<\/strong><\/p>\n<ul data-start=\"1515\" data-end=\"1880\">\n<li data-start=\"1515\" data-end=\"1560\">\n<p data-start=\"1517\" data-end=\"1560\">Kompaktowa, przeno\u015bna jednostka steruj\u0105ca<\/p>\n<\/li>\n<li data-start=\"1561\" data-end=\"1591\">\n<p data-start=\"1563\" data-end=\"1591\">P\u0142ynna regulacja pr\u0119dko\u015bci<\/p>\n<\/li>\n<li data-start=\"1592\" data-end=\"1652\">\n<p data-start=\"1594\" data-end=\"1652\">Wy\u015bwietlacz LED z aktualn\u0105 liczb\u0105 obrot\u00f3w i trybem pracy<\/p>\n<\/li>\n<li data-start=\"1653\" data-end=\"1717\">\n<p data-start=\"1655\" data-end=\"1717\">Inteligentne elektroniczne prze\u0142\u0105czanie FW\/REW podczas pracy<\/p>\n<\/li>\n<li data-start=\"1718\" data-end=\"1759\">\n<p data-start=\"1720\" data-end=\"1759\">Udoskonalony peda\u0142 sterowania no\u017cnego<\/p>\n<\/li>\n<li data-start=\"1760\" data-end=\"1812\">\n<p data-start=\"1762\" data-end=\"1812\">D\u0142uga praca bez ha\u0142asu, wibracji i przegrzewania<\/p>\n<\/li>\n<li data-start=\"1813\" data-end=\"1860\">\n<p data-start=\"1815\" data-end=\"1860\">Zabezpieczenie frezarki przed przeci\u0105\u017ceniem<\/p>\n<\/li>\n<li data-start=\"1861\" data-end=\"1880\">\n<p data-start=\"1863\" data-end=\"1880\">Ch\u0142odzenie r\u0105czki<\/p>\n<\/li>\n<\/ul>\n<p data-start=\"1887\" data-end=\"1906\"><strong data-start=\"1887\" data-end=\"1906\">Zestaw zawiera:<\/strong><\/p>\n<ul data-start=\"1908\" data-end=\"2056\">\n<li data-start=\"1908\" data-end=\"1932\">\n<p data-start=\"1910\" data-end=\"1932\">jednostka zasilaj\u0105ca<\/p>\n<\/li>\n<li data-start=\"1933\" data-end=\"1956\">\n<p data-start=\"1935\" data-end=\"1956\">r\u0105czka mikrosilnika<\/p>\n<\/li>\n<li data-start=\"1957\" data-end=\"1972\">\n<p data-start=\"1959\" data-end=\"1972\">peda\u0142 no\u017cny<\/p>\n<\/li>\n<li data-start=\"1973\" data-end=\"1993\">\n<p data-start=\"1975\" data-end=\"1993\">uchwyt na r\u0105czk\u0119<\/p>\n<\/li>\n<li data-start=\"1994\" data-end=\"2016\">\n<p data-start=\"1996\" data-end=\"2016\">instrukcja obs\u0142ugi<\/p>\n<\/li>\n<li data-start=\"2017\" data-end=\"2038\">\n<p data-start=\"2019\" data-end=\"2038\">karta gwarancyjna<\/p>\n<\/li>\n<li data-start=\"2039\" data-end=\"2056\">\n<p data-start=\"2041\" data-end=\"2056\">karta ostrze\u017ce\u0144<\/p>\n<\/li>\n<\/ul>\n<p data-start=\"2063\" data-end=\"2237\"><strong data-start=\"2063\" data-end=\"2077\">KRYPTON II<\/strong>\u00a0zosta\u0142 wyposa\u017cony w trzy wyj\u0105tkowe funkcje, kt\u00f3re podziel\u0105 \u017cycie stylisty na \u201eprzed\u201d i \u201epo\u201d, a co najwa\u017cniejsze \u2013 sprawi\u0105, \u017ce praca b\u0119dzie szybka i komfortowa.<\/p>\n<p data-start=\"2244\" data-end=\"2595\"><strong data-start=\"2244\" data-end=\"2344\">Funkcja \u201eEASY CONTROL\u201d \u2013 inteligentne elektroniczne prze\u0142\u0105czanie kierunku obrot\u00f3w podczas pracy.<\/strong><br data-start=\"2344\" data-end=\"2347\" \/>Podczas pracy z Krypton II wystarczy nacisn\u0105\u0107 przycisk zmiany kierunku, a procesor frezarki sam prze\u0142\u0105czy obroty.<br data-start=\"2460\" data-end=\"2463\" \/>Oszcz\u0119dzasz czas i minimalizujesz ryzyko awarii urz\u0105dzenia.<br data-start=\"2522\" data-end=\"2525\" \/>Prosto m\u00f3wi\u0105c \u2013 przesiadasz si\u0119 z manualnej skrzyni bieg\u00f3w na automat.<\/p>\n<p data-start=\"2602\" data-end=\"3029\"><strong data-start=\"2602\" data-end=\"2625\">Funkcja \u201eFREE FOOT\u201d<\/strong><br data-start=\"2625\" data-end=\"2628\" \/>W wi\u0119kszo\u015bci frezarek r\u0105czka dzia\u0142a tylko podczas sta\u0142ego nacisku na peda\u0142 \u2013 przez co noga pozostaje w napi\u0119ciu, a peda\u0142 wydaje si\u0119 zb\u0119dny. W Krypton II ta funkcjonalno\u015b\u0107 zosta\u0142a udoskonalona.<br data-start=\"2820\" data-end=\"2823\" \/>Teraz peda\u0142 dzia\u0142a jak\u00a0<strong data-start=\"2846\" data-end=\"2855\">pauza<\/strong>.<br data-start=\"2856\" data-end=\"2859\" \/>Ustawiasz obroty, naciskasz peda\u0142 raz \u2013 pracujesz. Kolejne klikni\u0119cie \u2013 pauza. Jeszcze jedno \u2013 wracasz do wcze\u015bniej ustawionych parametr\u00f3w. To znacznie skraca czas pracy.<\/p>\n<p data-start=\"3036\" data-end=\"3127\"><strong data-start=\"3036\" data-end=\"3091\">Funkcja \u201ePROTECTION+\u201d \u2013 ochrona przed przeci\u0105\u017ceniem<\/strong><br data-start=\"3091\" data-end=\"3094\" \/>Udoskonalona, znana i sprawdzona.<\/p>\n<p data-start=\"3129\" data-end=\"3408\">Chroni frezark\u0119 przed uszkodzeniem w sytuacjach, gdy np. frez nie zosta\u0142 prawid\u0142owo zablokowany lub urz\u0105dzenie uruchomiono bez ko\u0144c\u00f3wki.<br data-start=\"3265\" data-end=\"3268\" \/>Po 3\u20135 sekundach frezarka wyemituje sygna\u0142 d\u017awi\u0119kowy, na wy\u015bwietlaczu pojawi si\u0119 kod b\u0142\u0119du\u00a0<strong data-start=\"3359\" data-end=\"3365\">E4<\/strong>, a urz\u0105dzenie automatycznie si\u0119 zablokuje.<\/p>\n<p data-start=\"3410\" data-end=\"3641\">Funkcja dzia\u0142a r\u00f3wnie\u017c przy nieprawid\u0142owym doborze frezu wzgl\u0119dem obrot\u00f3w \u2013 np. przy pracy z ci\u0119\u017ckim frezem lub pododyskiem na wysokich obrotach przez d\u0142u\u017cszy czas.<br data-start=\"3574\" data-end=\"3577\" \/>Frezarka sama rozpozna przeci\u0105\u017cenie, zg\u0142osi b\u0142\u0105d i zatrzyma si\u0119.<\/p>\n<p data-start=\"3643\" data-end=\"3692\">Wystarczy wtedy zrobi\u0107 kr\u00f3tk\u0105 przerw\u0119 na restart.<\/p>\n<p data-start=\"3699\" data-end=\"3778\"><strong data-start=\"3699\" data-end=\"3725\">Gwarancja: 24 miesi\u0105ce<\/strong><\/p>\n<p data-start=\"3699\" data-end=\"3778\"><strong data-start=\"3728\" data-end=\"3778\">Produkt certyfikowany w Ukrainie i krajach UE!<\/strong><\/p>\n<p data-start=\"3780\" data-end=\"3906\">Tw\u00f3rcy Krypton zrobili wszystko, by po\u0142\u0105czy\u0107 profesjonalizm, styl i komfort w jednym modelu \u2013 i bez w\u0105tpienia im si\u0119 to uda\u0142o.<\/p>","protected":false},"excerpt":{"rendered":"<p>Najmocniejszy model na rynku bran\u017cy beauty \u2013 profesjonalna frezarka Krypton II Udoskonalony model frezarki, dopracowany w najmniejszych detalach, kt\u00f3ry uczyni prac\u0119 stylisty bardziej komfortow\u0105 i wydajn\u0105. Wysoka moc 70 W oraz liczba obrot\u00f3w 35 000\/min \u2013 umo\u017cliwia \u0142atwe i skuteczne wykonanie manicure oraz pedicure frezarkowego. Frezarka jest bardzo wygodna i ergonomiczna. Posiada najwi\u0119ksz\u0105 moc spo\u015br\u00f3d [&hellip;]<\/p>\n","protected":false},"featured_media":7878,"comment_status":"closed","ping_status":"closed","template":"","meta":{"om_disable_all_campaigns":false,"ocean_post_layout":"","ocean_both_sidebars_style":"","ocean_both_sidebars_content_width":0,"ocean_both_sidebars_sidebars_width":0,"ocean_sidebar":"0","ocean_second_sidebar":"0","ocean_disable_margins":"enable","ocean_add_body_class":"","ocean_shortcode_before_top_bar":"","ocean_shortcode_after_top_bar":"","ocean_shortcode_before_header":"","ocean_shortcode_after_header":"","ocean_has_shortcode":"","ocean_shortcode_after_title":"","ocean_shortcode_before_footer_widgets":"","ocean_shortcode_after_footer_widgets":"","ocean_shortcode_before_footer_bottom":"","ocean_shortcode_after_footer_bottom":"","ocean_display_top_bar":"default","ocean_display_header":"default","ocean_header_style":"","ocean_center_header_left_menu":"0","ocean_custom_header_template":"0","ocean_custom_logo":0,"ocean_custom_retina_logo":0,"ocean_custom_logo_max_width":0,"ocean_custom_logo_tablet_max_width":0,"ocean_custom_logo_mobile_max_width":0,"ocean_custom_logo_max_height":0,"ocean_custom_logo_tablet_max_height":0,"ocean_custom_logo_mobile_max_height":0,"ocean_header_custom_menu":"0","ocean_menu_typo_font_family":"0","ocean_menu_typo_font_subset":"","ocean_menu_typo_font_size":0,"ocean_menu_typo_font_size_tablet":0,"ocean_menu_typo_font_size_mobile":0,"ocean_menu_typo_font_size_unit":"px","ocean_menu_typo_font_weight":"","ocean_menu_typo_font_weight_tablet":"","ocean_menu_typo_font_weight_mobile":"","ocean_menu_typo_transform":"","ocean_menu_typo_transform_tablet":"","ocean_menu_typo_transform_mobile":"","ocean_menu_typo_line_height":0,"ocean_menu_typo_line_height_tablet":0,"ocean_menu_typo_line_height_mobile":0,"ocean_menu_typo_line_height_unit":"","ocean_menu_typo_spacing":0,"ocean_menu_typo_spacing_tablet":0,"ocean_menu_typo_spacing_mobile":0,"ocean_menu_typo_spacing_unit":"","ocean_menu_link_color":"","ocean_menu_link_color_hover":"","ocean_menu_link_color_active":"","ocean_menu_link_background":"","ocean_menu_link_hover_background":"","ocean_menu_link_active_background":"","ocean_menu_social_links_bg":"","ocean_menu_social_hover_links_bg":"","ocean_menu_social_links_color":"","ocean_menu_social_hover_links_color":"","ocean_disable_title":"default","ocean_disable_heading":"default","ocean_post_title":"","ocean_post_subheading":"","ocean_post_title_style":"","ocean_post_title_background_color":"","ocean_post_title_background":0,"ocean_post_title_bg_image_position":"","ocean_post_title_bg_image_attachment":"","ocean_post_title_bg_image_repeat":"","ocean_post_title_bg_image_size":"","ocean_post_title_height":0,"ocean_post_title_bg_overlay":0.5,"ocean_post_title_bg_overlay_color":"","ocean_disable_breadcrumbs":"default","ocean_breadcrumbs_color":"","ocean_breadcrumbs_separator_color":"","ocean_breadcrumbs_links_color":"","ocean_breadcrumbs_links_hover_color":"","ocean_display_footer_widgets":"default","ocean_display_footer_bottom":"default","ocean_custom_footer_template":"0"},"product_brand":[],"product_cat":[166,176,110,164],"product_tag":[],"class_list":{"0":"post-7873","1":"product","2":"type-product","3":"status-publish","4":"has-post-thumbnail","6":"product_cat-frezarki","7":"product_cat-marki","8":"product_cat-paznokcie","9":"product_cat-urzadzenia","11":"entry","12":"has-media","14":"first","15":"onbackorder","16":"taxable","17":"shipping-taxable","18":"purchasable","19":"product-type-simple","20":"has-product-nav","21":"col","22":"span_1_of_3","23":"owp-content-center","24":"owp-thumbs-layout-horizontal","25":"owp-btn-normal","26":"owp-tabs-layout-horizontal"},"yoast_head":"<!-- This site is optimized with the Yoast SEO plugin v27.3 - https:\/\/yoast.com\/product\/yoast-seo-wordpress\/ -->\n<title>Frezarka KRYPTON II XPS-350 o mocy 70 W i 35000 obrot\u00f3w do manicure i pedicure - velesnails<\/title>\n<meta name=\"robots\" content=\"index, follow, max-snippet:-1, max-image-preview:large, max-video-preview:-1\" \/>\n<link rel=\"canonical\" href=\"https:\/\/velesnails.pl\/uk\/product\/frezarka-krypton-ii-xps-350-o-mocy-70-w-i-35000-obrotow-do-manicure-i-pedicure\/\" \/>\n<meta property=\"og:locale\" content=\"uk_UA\" \/>\n<meta property=\"og:type\" content=\"article\" \/>\n<meta property=\"og:title\" content=\"Frezarka KRYPTON II XPS-350 o mocy 70 W i 35000 obrot\u00f3w do manicure i pedicure - velesnails\" \/>\n<meta property=\"og:description\" content=\"Najmocniejszy model na rynku bran\u017cy beauty \u2013 profesjonalna frezarka Krypton II Udoskonalony model frezarki, dopracowany w najmniejszych detalach, kt\u00f3ry uczyni prac\u0119 stylisty bardziej komfortow\u0105 i wydajn\u0105. Wysoka moc 70 W oraz liczba obrot\u00f3w 35 000\/min \u2013 umo\u017cliwia \u0142atwe i skuteczne wykonanie manicure oraz pedicure frezarkowego. Frezarka jest bardzo wygodna i ergonomiczna. Posiada najwi\u0119ksz\u0105 moc spo\u015br\u00f3d [&hellip;]\" \/>\n<meta property=\"og:url\" content=\"https:\/\/velesnails.pl\/uk\/product\/frezarka-krypton-ii-xps-350-o-mocy-70-w-i-35000-obrotow-do-manicure-i-pedicure\/\" \/>\n<meta property=\"og:site_name\" content=\"velesnails\" \/>\n<meta property=\"article:modified_time\" content=\"2025-11-30T22:09:21+00:00\" \/>\n<meta property=\"og:image\" content=\"https:\/\/velesnails.pl\/wp-content\/uploads\/2025\/11\/20240406-4\u0431.jpg\" \/>\n\t<meta property=\"og:image:width\" content=\"1000\" \/>\n\t<meta property=\"og:image:height\" content=\"1000\" \/>\n\t<meta property=\"og:image:type\" content=\"image\/jpeg\" \/>\n<meta name=\"twitter:card\" content=\"summary_large_image\" \/>\n<meta name=\"twitter:label1\" content=\"\u041f\u0440\u0438\u0431\u043b. \u0447\u0430\u0441 \u0447\u0438\u0442\u0430\u043d\u043d\u044f\" \/>\n\t<meta name=\"twitter:data1\" content=\"4 \u0445\u0432\u0438\u043b\u0438\u043d\u0438\" \/>\n<script type=\"application\/ld+json\" class=\"yoast-schema-graph\">{\"@context\":\"https:\\\/\\\/schema.org\",\"@graph\":[{\"@type\":\"WebPage\",\"@id\":\"https:\\\/\\\/velesnails.pl\\\/product\\\/frezarka-krypton-ii-xps-350-o-mocy-70-w-i-35000-obrotow-do-manicure-i-pedicure\\\/\",\"url\":\"https:\\\/\\\/velesnails.pl\\\/product\\\/frezarka-krypton-ii-xps-350-o-mocy-70-w-i-35000-obrotow-do-manicure-i-pedicure\\\/\",\"name\":\"Frezarka KRYPTON II XPS-350 o mocy 70 W i 35000 obrot\u00f3w do manicure i pedicure - velesnails\",\"isPartOf\":{\"@id\":\"https:\\\/\\\/velesnails.pl\\\/#website\"},\"primaryImageOfPage\":{\"@id\":\"https:\\\/\\\/velesnails.pl\\\/product\\\/frezarka-krypton-ii-xps-350-o-mocy-70-w-i-35000-obrotow-do-manicure-i-pedicure\\\/#primaryimage\"},\"image\":{\"@id\":\"https:\\\/\\\/velesnails.pl\\\/product\\\/frezarka-krypton-ii-xps-350-o-mocy-70-w-i-35000-obrotow-do-manicure-i-pedicure\\\/#primaryimage\"},\"thumbnailUrl\":\"https:\\\/\\\/i0.wp.com\\\/velesnails.pl\\\/wp-content\\\/uploads\\\/2025\\\/11\\\/20240406-4%D0%B1.jpg?fit=1000%2C1000&ssl=1\",\"datePublished\":\"2025-11-05T14:45:15+00:00\",\"dateModified\":\"2025-11-30T22:09:21+00:00\",\"breadcrumb\":{\"@id\":\"https:\\\/\\\/velesnails.pl\\\/product\\\/frezarka-krypton-ii-xps-350-o-mocy-70-w-i-35000-obrotow-do-manicure-i-pedicure\\\/#breadcrumb\"},\"inLanguage\":\"uk\",\"potentialAction\":[{\"@type\":\"ReadAction\",\"target\":[\"https:\\\/\\\/velesnails.pl\\\/product\\\/frezarka-krypton-ii-xps-350-o-mocy-70-w-i-35000-obrotow-do-manicure-i-pedicure\\\/\"]}]},{\"@type\":\"ImageObject\",\"inLanguage\":\"uk\",\"@id\":\"https:\\\/\\\/velesnails.pl\\\/product\\\/frezarka-krypton-ii-xps-350-o-mocy-70-w-i-35000-obrotow-do-manicure-i-pedicure\\\/#primaryimage\",\"url\":\"https:\\\/\\\/i0.wp.com\\\/velesnails.pl\\\/wp-content\\\/uploads\\\/2025\\\/11\\\/20240406-4%D0%B1.jpg?fit=1000%2C1000&ssl=1\",\"contentUrl\":\"https:\\\/\\\/i0.wp.com\\\/velesnails.pl\\\/wp-content\\\/uploads\\\/2025\\\/11\\\/20240406-4%D0%B1.jpg?fit=1000%2C1000&ssl=1\",\"width\":1000,\"height\":1000},{\"@type\":\"BreadcrumbList\",\"@id\":\"https:\\\/\\\/velesnails.pl\\\/product\\\/frezarka-krypton-ii-xps-350-o-mocy-70-w-i-35000-obrotow-do-manicure-i-pedicure\\\/#breadcrumb\",\"itemListElement\":[{\"@type\":\"ListItem\",\"position\":1,\"name\":\"\u0413\u043e\u043b\u043e\u0432\u043d\u0430\",\"item\":\"https:\\\/\\\/velesnails.pl\\\/\"},{\"@type\":\"ListItem\",\"position\":2,\"name\":\"Sklep\",\"item\":\"https:\\\/\\\/velesnails.pl\\\/shop\\\/\"},{\"@type\":\"ListItem\",\"position\":3,\"name\":\"Frezarka KRYPTON II XPS-350 o mocy 70 W i 35000 obrot\u00f3w do manicure i pedicure\"}]},{\"@type\":\"WebSite\",\"@id\":\"https:\\\/\\\/velesnails.pl\\\/#website\",\"url\":\"https:\\\/\\\/velesnails.pl\\\/\",\"name\":\"velesnails\",\"description\":\"Sklep z manicure\",\"publisher\":{\"@id\":\"https:\\\/\\\/velesnails.pl\\\/#organization\"},\"potentialAction\":[{\"@type\":\"SearchAction\",\"target\":{\"@type\":\"EntryPoint\",\"urlTemplate\":\"https:\\\/\\\/velesnails.pl\\\/?s={search_term_string}\"},\"query-input\":{\"@type\":\"PropertyValueSpecification\",\"valueRequired\":true,\"valueName\":\"search_term_string\"}}],\"inLanguage\":\"uk\"},{\"@type\":\"Organization\",\"@id\":\"https:\\\/\\\/velesnails.pl\\\/#organization\",\"name\":\"velesnails\",\"url\":\"https:\\\/\\\/velesnails.pl\\\/\",\"logo\":{\"@type\":\"ImageObject\",\"inLanguage\":\"uk\",\"@id\":\"https:\\\/\\\/velesnails.pl\\\/#\\\/schema\\\/logo\\\/image\\\/\",\"url\":\"https:\\\/\\\/i0.wp.com\\\/velesnails.pl\\\/wp-content\\\/uploads\\\/2025\\\/10\\\/cropped-obraz_viber_2025-10-22_13-55-55-969.jpg?fit=485%2C381&ssl=1\",\"contentUrl\":\"https:\\\/\\\/i0.wp.com\\\/velesnails.pl\\\/wp-content\\\/uploads\\\/2025\\\/10\\\/cropped-obraz_viber_2025-10-22_13-55-55-969.jpg?fit=485%2C381&ssl=1\",\"width\":485,\"height\":381,\"caption\":\"velesnails\"},\"image\":{\"@id\":\"https:\\\/\\\/velesnails.pl\\\/#\\\/schema\\\/logo\\\/image\\\/\"}}]}<\/script>\n<!-- \/ Yoast SEO plugin. -->","yoast_head_json":{"title":"Frezarka KRYPTON II XPS-350 o mocy 70 W i 35000 obrot\u00f3w do manicure i pedicure - velesnails","robots":{"index":"index","follow":"follow","max-snippet":"max-snippet:-1","max-image-preview":"max-image-preview:large","max-video-preview":"max-video-preview:-1"},"canonical":"https:\/\/velesnails.pl\/uk\/product\/frezarka-krypton-ii-xps-350-o-mocy-70-w-i-35000-obrotow-do-manicure-i-pedicure\/","og_locale":"uk_UA","og_type":"article","og_title":"Frezarka KRYPTON II XPS-350 o mocy 70 W i 35000 obrot\u00f3w do manicure i pedicure - velesnails","og_description":"Najmocniejszy model na rynku bran\u017cy beauty \u2013 profesjonalna frezarka Krypton II Udoskonalony model frezarki, dopracowany w najmniejszych detalach, kt\u00f3ry uczyni prac\u0119 stylisty bardziej komfortow\u0105 i wydajn\u0105. Wysoka moc 70 W oraz liczba obrot\u00f3w 35 000\/min \u2013 umo\u017cliwia \u0142atwe i skuteczne wykonanie manicure oraz pedicure frezarkowego. Frezarka jest bardzo wygodna i ergonomiczna. Posiada najwi\u0119ksz\u0105 moc spo\u015br\u00f3d [&hellip;]","og_url":"https:\/\/velesnails.pl\/uk\/product\/frezarka-krypton-ii-xps-350-o-mocy-70-w-i-35000-obrotow-do-manicure-i-pedicure\/","og_site_name":"velesnails","article_modified_time":"2025-11-30T22:09:21+00:00","og_image":[{"width":1000,"height":1000,"url":"https:\/\/velesnails.pl\/wp-content\/uploads\/2025\/11\/20240406-4\u0431.jpg","type":"image\/jpeg"}],"twitter_card":"summary_large_image","twitter_misc":{"\u041f\u0440\u0438\u0431\u043b. \u0447\u0430\u0441 \u0447\u0438\u0442\u0430\u043d\u043d\u044f":"4 \u0445\u0432\u0438\u043b\u0438\u043d\u0438"},"schema":{"@context":"https:\/\/schema.org","@graph":[{"@type":"WebPage","@id":"https:\/\/velesnails.pl\/product\/frezarka-krypton-ii-xps-350-o-mocy-70-w-i-35000-obrotow-do-manicure-i-pedicure\/","url":"https:\/\/velesnails.pl\/product\/frezarka-krypton-ii-xps-350-o-mocy-70-w-i-35000-obrotow-do-manicure-i-pedicure\/","name":"Frezarka KRYPTON II XPS-350 o mocy 70 W i 35000 obrot\u00f3w do manicure i pedicure - velesnails","isPartOf":{"@id":"https:\/\/velesnails.pl\/#website"},"primaryImageOfPage":{"@id":"https:\/\/velesnails.pl\/product\/frezarka-krypton-ii-xps-350-o-mocy-70-w-i-35000-obrotow-do-manicure-i-pedicure\/#primaryimage"},"image":{"@id":"https:\/\/velesnails.pl\/product\/frezarka-krypton-ii-xps-350-o-mocy-70-w-i-35000-obrotow-do-manicure-i-pedicure\/#primaryimage"},"thumbnailUrl":"https:\/\/i0.wp.com\/velesnails.pl\/wp-content\/uploads\/2025\/11\/20240406-4%D0%B1.jpg?fit=1000%2C1000&ssl=1","datePublished":"2025-11-05T14:45:15+00:00","dateModified":"2025-11-30T22:09:21+00:00","breadcrumb":{"@id":"https:\/\/velesnails.pl\/product\/frezarka-krypton-ii-xps-350-o-mocy-70-w-i-35000-obrotow-do-manicure-i-pedicure\/#breadcrumb"},"inLanguage":"uk","potentialAction":[{"@type":"ReadAction","target":["https:\/\/velesnails.pl\/product\/frezarka-krypton-ii-xps-350-o-mocy-70-w-i-35000-obrotow-do-manicure-i-pedicure\/"]}]},{"@type":"ImageObject","inLanguage":"uk","@id":"https:\/\/velesnails.pl\/product\/frezarka-krypton-ii-xps-350-o-mocy-70-w-i-35000-obrotow-do-manicure-i-pedicure\/#primaryimage","url":"https:\/\/i0.wp.com\/velesnails.pl\/wp-content\/uploads\/2025\/11\/20240406-4%D0%B1.jpg?fit=1000%2C1000&ssl=1","contentUrl":"https:\/\/i0.wp.com\/velesnails.pl\/wp-content\/uploads\/2025\/11\/20240406-4%D0%B1.jpg?fit=1000%2C1000&ssl=1","width":1000,"height":1000},{"@type":"BreadcrumbList","@id":"https:\/\/velesnails.pl\/product\/frezarka-krypton-ii-xps-350-o-mocy-70-w-i-35000-obrotow-do-manicure-i-pedicure\/#breadcrumb","itemListElement":[{"@type":"ListItem","position":1,"name":"\u0413\u043e\u043b\u043e\u0432\u043d\u0430","item":"https:\/\/velesnails.pl\/"},{"@type":"ListItem","position":2,"name":"Sklep","item":"https:\/\/velesnails.pl\/shop\/"},{"@type":"ListItem","position":3,"name":"Frezarka KRYPTON II XPS-350 o mocy 70 W i 35000 obrot\u00f3w do manicure i pedicure"}]},{"@type":"WebSite","@id":"https:\/\/velesnails.pl\/#website","url":"https:\/\/velesnails.pl\/","name":"\u0432\u0435\u043b\u0435\u0441\u043e\u0432\u0456 \u043d\u0456\u0433\u0442\u0456","description":"\u041c\u0430\u043d\u0456\u043a\u044e\u0440\u043d\u0438\u0439 \u0441\u0430\u043b\u043e\u043d","publisher":{"@id":"https:\/\/velesnails.pl\/#organization"},"potentialAction":[{"@type":"SearchAction","target":{"@type":"EntryPoint","urlTemplate":"https:\/\/velesnails.pl\/?s={search_term_string}"},"query-input":{"@type":"PropertyValueSpecification","valueRequired":true,"valueName":"search_term_string"}}],"inLanguage":"uk"},{"@type":"Organization","@id":"https:\/\/velesnails.pl\/#organization","name":"\u0432\u0435\u043b\u0435\u0441\u043e\u0432\u0456 \u043d\u0456\u0433\u0442\u0456","url":"https:\/\/velesnails.pl\/","logo":{"@type":"ImageObject","inLanguage":"uk","@id":"https:\/\/velesnails.pl\/#\/schema\/logo\/image\/","url":"https:\/\/i0.wp.com\/velesnails.pl\/wp-content\/uploads\/2025\/10\/cropped-obraz_viber_2025-10-22_13-55-55-969.jpg?fit=485%2C381&ssl=1","contentUrl":"https:\/\/i0.wp.com\/velesnails.pl\/wp-content\/uploads\/2025\/10\/cropped-obraz_viber_2025-10-22_13-55-55-969.jpg?fit=485%2C381&ssl=1","width":485,"height":381,"caption":"velesnails"},"image":{"@id":"https:\/\/velesnails.pl\/#\/schema\/logo\/image\/"}}]}},"_links":{"self":[{"href":"https:\/\/velesnails.pl\/uk\/wp-json\/wp\/v2\/product\/7873","targetHints":{"allow":["GET"]}}],"collection":[{"href":"https:\/\/velesnails.pl\/uk\/wp-json\/wp\/v2\/product"}],"about":[{"href":"https:\/\/velesnails.pl\/uk\/wp-json\/wp\/v2\/types\/product"}],"replies":[{"embeddable":true,"href":"https:\/\/velesnails.pl\/uk\/wp-json\/wp\/v2\/comments?post=7873"}],"wp:featuredmedia":[{"embeddable":true,"href":"https:\/\/velesnails.pl\/uk\/wp-json\/wp\/v2\/media\/7878"}],"wp:attachment":[{"href":"https:\/\/velesnails.pl\/uk\/wp-json\/wp\/v2\/media?parent=7873"}],"wp:term":[{"taxonomy":"product_brand","embeddable":true,"href":"https:\/\/velesnails.pl\/uk\/wp-json\/wp\/v2\/product_brand?post=7873"},{"taxonomy":"product_cat","embeddable":true,"href":"https:\/\/velesnails.pl\/uk\/wp-json\/wp\/v2\/product_cat?post=7873"},{"taxonomy":"product_tag","embeddable":true,"href":"https:\/\/velesnails.pl\/uk\/wp-json\/wp\/v2\/product_tag?post=7873"}],"curies":[{"name":"wp","href":"https:\/\/api.w.org\/{rel}","templated":true}]}}