{"id":7865,"date":"2025-11-05T14:10:11","date_gmt":"2025-11-05T11:10:11","guid":{"rendered":"https:\/\/velesnails.pl\/?post_type=product&#038;p=7865"},"modified":"2026-01-19T18:17:31","modified_gmt":"2026-01-19T15:17:31","slug":"lampa-leduv-sun5-plus-original","status":"publish","type":"product","link":"https:\/\/velesnails.pl\/uk\/product\/lampa-leduv-sun5-plus-original\/","title":{"rendered":"Lampa LED+UV SUN5 PLUS original"},"content":{"rendered":"<h2><strong>Lampa LED+UV SUN5 PRO NAILS 48W \u2013 moc, precyzja i wygoda<\/strong><\/h2>\n<p>Ta lampa to nieodzowne narz\u0119dzie dla ka\u017cdego stylisty paznokci. Dzi\u0119ki technologii podw\u00f3jnych diod LED zapewnia r\u00f3wnomiern\u0105 i szybk\u0105 polimeryzacj\u0119 \u017celi i lakier\u00f3w hybrydowych. \u017bywotno\u015b\u0107 diod to a\u017c 50 000 godzin! Wyjmowane dno u\u0142atwia wykonywanie pedicure, a kompaktowa konstrukcja i elegancki wygl\u0105d sprawiaj\u0105, \u017ce jest idealna tak\u017ce w podr\u00f3\u017cy.<\/p>\n<p><strong>Spos\u00f3b u\u017cycia:<\/strong><\/p>\n<ul>\n<li>Pod\u0142\u0105cz urz\u0105dzenie do zasilania.<\/li>\n<li>Wybierz tryb czasowy: 10, 30 lub 60 sekund.<\/li>\n<li>Przy nadwra\u017cliwo\u015bci u\u017cyj trybu o zmniejszonej mocy.<\/li>\n<li>Wsu\u0144 r\u0119k\u0119 \u2013 czujnik ruchu automatycznie uruchomi lamp\u0119.<\/li>\n<li>Aby wykona\u0107 pedicure, zdejmij doln\u0105 pokryw\u0119.<\/li>\n<\/ul>\n<p><strong>Zalecenia:<\/strong><\/p>\n<ul>\n<li>Idealna do pracy mobilnej i w salonie.<\/li>\n<li>Tryb low heat zalecany przy wra\u017cliwej p\u0142ytce paznokcia.<\/li>\n<li>Czy\u015b\u0107 regularnie such\u0105 szmatk\u0105.<\/li>\n<li>Unikaj kontaktu z wod\u0105.<\/li>\n<\/ul>","protected":false},"excerpt":{"rendered":"<p>Lampa LED+UV SUN5 PRO NAILS 48W \u2013 moc, precyzja i wygoda Ta lampa to nieodzowne narz\u0119dzie dla ka\u017cdego stylisty paznokci. Dzi\u0119ki technologii podw\u00f3jnych diod LED zapewnia r\u00f3wnomiern\u0105 i szybk\u0105 polimeryzacj\u0119 \u017celi i lakier\u00f3w hybrydowych. \u017bywotno\u015b\u0107 diod to a\u017c 50 000 godzin! Wyjmowane dno u\u0142atwia wykonywanie pedicure, a kompaktowa konstrukcja i elegancki wygl\u0105d sprawiaj\u0105, \u017ce jest [&hellip;]<\/p>\n","protected":false},"featured_media":7866,"comment_status":"open","ping_status":"closed","template":"","meta":{"om_disable_all_campaigns":false,"ocean_post_layout":"","ocean_both_sidebars_style":"","ocean_both_sidebars_content_width":0,"ocean_both_sidebars_sidebars_width":0,"ocean_sidebar":"0","ocean_second_sidebar":"0","ocean_disable_margins":"enable","ocean_add_body_class":"","ocean_shortcode_before_top_bar":"","ocean_shortcode_after_top_bar":"","ocean_shortcode_before_header":"","ocean_shortcode_after_header":"","ocean_has_shortcode":"","ocean_shortcode_after_title":"","ocean_shortcode_before_footer_widgets":"","ocean_shortcode_after_footer_widgets":"","ocean_shortcode_before_footer_bottom":"","ocean_shortcode_after_footer_bottom":"","ocean_display_top_bar":"default","ocean_display_header":"default","ocean_header_style":"","ocean_center_header_left_menu":"0","ocean_custom_header_template":"0","ocean_custom_logo":0,"ocean_custom_retina_logo":0,"ocean_custom_logo_max_width":0,"ocean_custom_logo_tablet_max_width":0,"ocean_custom_logo_mobile_max_width":0,"ocean_custom_logo_max_height":0,"ocean_custom_logo_tablet_max_height":0,"ocean_custom_logo_mobile_max_height":0,"ocean_header_custom_menu":"0","ocean_menu_typo_font_family":"0","ocean_menu_typo_font_subset":"","ocean_menu_typo_font_size":0,"ocean_menu_typo_font_size_tablet":0,"ocean_menu_typo_font_size_mobile":0,"ocean_menu_typo_font_size_unit":"px","ocean_menu_typo_font_weight":"","ocean_menu_typo_font_weight_tablet":"","ocean_menu_typo_font_weight_mobile":"","ocean_menu_typo_transform":"","ocean_menu_typo_transform_tablet":"","ocean_menu_typo_transform_mobile":"","ocean_menu_typo_line_height":0,"ocean_menu_typo_line_height_tablet":0,"ocean_menu_typo_line_height_mobile":0,"ocean_menu_typo_line_height_unit":"","ocean_menu_typo_spacing":0,"ocean_menu_typo_spacing_tablet":0,"ocean_menu_typo_spacing_mobile":0,"ocean_menu_typo_spacing_unit":"","ocean_menu_link_color":"","ocean_menu_link_color_hover":"","ocean_menu_link_color_active":"","ocean_menu_link_background":"","ocean_menu_link_hover_background":"","ocean_menu_link_active_background":"","ocean_menu_social_links_bg":"","ocean_menu_social_hover_links_bg":"","ocean_menu_social_links_color":"","ocean_menu_social_hover_links_color":"","ocean_disable_title":"default","ocean_disable_heading":"default","ocean_post_title":"","ocean_post_subheading":"","ocean_post_title_style":"","ocean_post_title_background_color":"","ocean_post_title_background":0,"ocean_post_title_bg_image_position":"","ocean_post_title_bg_image_attachment":"","ocean_post_title_bg_image_repeat":"","ocean_post_title_bg_image_size":"","ocean_post_title_height":0,"ocean_post_title_bg_overlay":0.5,"ocean_post_title_bg_overlay_color":"","ocean_disable_breadcrumbs":"default","ocean_breadcrumbs_color":"","ocean_breadcrumbs_separator_color":"","ocean_breadcrumbs_links_color":"","ocean_breadcrumbs_links_hover_color":"","ocean_display_footer_widgets":"default","ocean_display_footer_bottom":"default","ocean_custom_footer_template":"0"},"product_brand":[],"product_cat":[165,59,110,164],"product_tag":[],"class_list":{"0":"post-7865","1":"product","2":"type-product","3":"status-publish","4":"has-post-thumbnail","6":"product_cat-lampy-uw-led","7":"product_cat-misc","8":"product_cat-paznokcie","9":"product_cat-urzadzenia","11":"entry","12":"has-media","14":"first","15":"onbackorder","16":"taxable","17":"shipping-taxable","18":"purchasable","19":"product-type-simple","20":"has-product-nav","21":"col","22":"span_1_of_3","23":"owp-content-center","24":"owp-thumbs-layout-horizontal","25":"owp-btn-normal","26":"owp-tabs-layout-horizontal"},"yoast_head":"<!-- This site is optimized with the Yoast SEO plugin v27.3 - https:\/\/yoast.com\/product\/yoast-seo-wordpress\/ -->\n<title>Lampa LED+UV SUN5 PLUS original - velesnails<\/title>\n<meta name=\"robots\" content=\"index, follow, max-snippet:-1, max-image-preview:large, max-video-preview:-1\" \/>\n<link rel=\"canonical\" href=\"https:\/\/velesnails.pl\/uk\/product\/lampa-leduv-sun5-plus-original\/\" \/>\n<meta property=\"og:locale\" content=\"uk_UA\" \/>\n<meta property=\"og:type\" content=\"article\" \/>\n<meta property=\"og:title\" content=\"Lampa LED+UV SUN5 PLUS original - velesnails\" \/>\n<meta property=\"og:description\" content=\"Lampa LED+UV SUN5 PRO NAILS 48W \u2013 moc, precyzja i wygoda Ta lampa to nieodzowne narz\u0119dzie dla ka\u017cdego stylisty paznokci. Dzi\u0119ki technologii podw\u00f3jnych diod LED zapewnia r\u00f3wnomiern\u0105 i szybk\u0105 polimeryzacj\u0119 \u017celi i lakier\u00f3w hybrydowych. \u017bywotno\u015b\u0107 diod to a\u017c 50 000 godzin! Wyjmowane dno u\u0142atwia wykonywanie pedicure, a kompaktowa konstrukcja i elegancki wygl\u0105d sprawiaj\u0105, \u017ce jest [&hellip;]\" \/>\n<meta property=\"og:url\" content=\"https:\/\/velesnails.pl\/uk\/product\/lampa-leduv-sun5-plus-original\/\" \/>\n<meta property=\"og:site_name\" content=\"velesnails\" \/>\n<meta property=\"article:modified_time\" content=\"2026-01-19T15:17:31+00:00\" \/>\n<meta property=\"og:image\" content=\"https:\/\/velesnails.pl\/wp-content\/uploads\/2025\/11\/\u0417\u043d\u0456\u043c\u043e\u043a-\u0435\u043a\u0440\u0430\u043d\u0430-2025-11-05-121042.png\" \/>\n\t<meta property=\"og:image:width\" content=\"754\" \/>\n\t<meta property=\"og:image:height\" content=\"745\" \/>\n\t<meta property=\"og:image:type\" content=\"image\/png\" \/>\n<meta name=\"twitter:card\" content=\"summary_large_image\" \/>\n<meta name=\"twitter:label1\" content=\"\u041f\u0440\u0438\u0431\u043b. \u0447\u0430\u0441 \u0447\u0438\u0442\u0430\u043d\u043d\u044f\" \/>\n\t<meta name=\"twitter:data1\" content=\"1 \u0445\u0432\u0438\u043b\u0438\u043d\u0430\" \/>\n<script type=\"application\/ld+json\" class=\"yoast-schema-graph\">{\"@context\":\"https:\\\/\\\/schema.org\",\"@graph\":[{\"@type\":\"WebPage\",\"@id\":\"https:\\\/\\\/velesnails.pl\\\/product\\\/lampa-leduv-sun5-plus-original\\\/\",\"url\":\"https:\\\/\\\/velesnails.pl\\\/product\\\/lampa-leduv-sun5-plus-original\\\/\",\"name\":\"Lampa LED+UV SUN5 PLUS original - velesnails\",\"isPartOf\":{\"@id\":\"https:\\\/\\\/velesnails.pl\\\/#website\"},\"primaryImageOfPage\":{\"@id\":\"https:\\\/\\\/velesnails.pl\\\/product\\\/lampa-leduv-sun5-plus-original\\\/#primaryimage\"},\"image\":{\"@id\":\"https:\\\/\\\/velesnails.pl\\\/product\\\/lampa-leduv-sun5-plus-original\\\/#primaryimage\"},\"thumbnailUrl\":\"https:\\\/\\\/i0.wp.com\\\/velesnails.pl\\\/wp-content\\\/uploads\\\/2025\\\/11\\\/%D0%97%D0%BD%D1%96%D0%BC%D0%BE%D0%BA-%D0%B5%D0%BA%D1%80%D0%B0%D0%BD%D0%B0-2025-11-05-121042.png?fit=754%2C745&ssl=1\",\"datePublished\":\"2025-11-05T11:10:11+00:00\",\"dateModified\":\"2026-01-19T15:17:31+00:00\",\"breadcrumb\":{\"@id\":\"https:\\\/\\\/velesnails.pl\\\/product\\\/lampa-leduv-sun5-plus-original\\\/#breadcrumb\"},\"inLanguage\":\"uk\",\"potentialAction\":[{\"@type\":\"ReadAction\",\"target\":[\"https:\\\/\\\/velesnails.pl\\\/product\\\/lampa-leduv-sun5-plus-original\\\/\"]}]},{\"@type\":\"ImageObject\",\"inLanguage\":\"uk\",\"@id\":\"https:\\\/\\\/velesnails.pl\\\/product\\\/lampa-leduv-sun5-plus-original\\\/#primaryimage\",\"url\":\"https:\\\/\\\/i0.wp.com\\\/velesnails.pl\\\/wp-content\\\/uploads\\\/2025\\\/11\\\/%D0%97%D0%BD%D1%96%D0%BC%D0%BE%D0%BA-%D0%B5%D0%BA%D1%80%D0%B0%D0%BD%D0%B0-2025-11-05-121042.png?fit=754%2C745&ssl=1\",\"contentUrl\":\"https:\\\/\\\/i0.wp.com\\\/velesnails.pl\\\/wp-content\\\/uploads\\\/2025\\\/11\\\/%D0%97%D0%BD%D1%96%D0%BC%D0%BE%D0%BA-%D0%B5%D0%BA%D1%80%D0%B0%D0%BD%D0%B0-2025-11-05-121042.png?fit=754%2C745&ssl=1\",\"width\":754,\"height\":745},{\"@type\":\"BreadcrumbList\",\"@id\":\"https:\\\/\\\/velesnails.pl\\\/product\\\/lampa-leduv-sun5-plus-original\\\/#breadcrumb\",\"itemListElement\":[{\"@type\":\"ListItem\",\"position\":1,\"name\":\"\u0413\u043e\u043b\u043e\u0432\u043d\u0430\",\"item\":\"https:\\\/\\\/velesnails.pl\\\/\"},{\"@type\":\"ListItem\",\"position\":2,\"name\":\"Sklep\",\"item\":\"https:\\\/\\\/velesnails.pl\\\/shop\\\/\"},{\"@type\":\"ListItem\",\"position\":3,\"name\":\"Lampa LED+UV SUN5 PLUS original\"}]},{\"@type\":\"WebSite\",\"@id\":\"https:\\\/\\\/velesnails.pl\\\/#website\",\"url\":\"https:\\\/\\\/velesnails.pl\\\/\",\"name\":\"velesnails\",\"description\":\"Sklep z manicure\",\"publisher\":{\"@id\":\"https:\\\/\\\/velesnails.pl\\\/#organization\"},\"potentialAction\":[{\"@type\":\"SearchAction\",\"target\":{\"@type\":\"EntryPoint\",\"urlTemplate\":\"https:\\\/\\\/velesnails.pl\\\/?s={search_term_string}\"},\"query-input\":{\"@type\":\"PropertyValueSpecification\",\"valueRequired\":true,\"valueName\":\"search_term_string\"}}],\"inLanguage\":\"uk\"},{\"@type\":\"Organization\",\"@id\":\"https:\\\/\\\/velesnails.pl\\\/#organization\",\"name\":\"velesnails\",\"url\":\"https:\\\/\\\/velesnails.pl\\\/\",\"logo\":{\"@type\":\"ImageObject\",\"inLanguage\":\"uk\",\"@id\":\"https:\\\/\\\/velesnails.pl\\\/#\\\/schema\\\/logo\\\/image\\\/\",\"url\":\"https:\\\/\\\/i0.wp.com\\\/velesnails.pl\\\/wp-content\\\/uploads\\\/2025\\\/10\\\/cropped-obraz_viber_2025-10-22_13-55-55-969.jpg?fit=485%2C381&ssl=1\",\"contentUrl\":\"https:\\\/\\\/i0.wp.com\\\/velesnails.pl\\\/wp-content\\\/uploads\\\/2025\\\/10\\\/cropped-obraz_viber_2025-10-22_13-55-55-969.jpg?fit=485%2C381&ssl=1\",\"width\":485,\"height\":381,\"caption\":\"velesnails\"},\"image\":{\"@id\":\"https:\\\/\\\/velesnails.pl\\\/#\\\/schema\\\/logo\\\/image\\\/\"}}]}<\/script>\n<!-- \/ Yoast SEO plugin. -->","yoast_head_json":{"title":"Lampa LED+UV SUN5 PLUS original - velesnails","robots":{"index":"index","follow":"follow","max-snippet":"max-snippet:-1","max-image-preview":"max-image-preview:large","max-video-preview":"max-video-preview:-1"},"canonical":"https:\/\/velesnails.pl\/uk\/product\/lampa-leduv-sun5-plus-original\/","og_locale":"uk_UA","og_type":"article","og_title":"Lampa LED+UV SUN5 PLUS original - velesnails","og_description":"Lampa LED+UV SUN5 PRO NAILS 48W \u2013 moc, precyzja i wygoda Ta lampa to nieodzowne narz\u0119dzie dla ka\u017cdego stylisty paznokci. Dzi\u0119ki technologii podw\u00f3jnych diod LED zapewnia r\u00f3wnomiern\u0105 i szybk\u0105 polimeryzacj\u0119 \u017celi i lakier\u00f3w hybrydowych. \u017bywotno\u015b\u0107 diod to a\u017c 50 000 godzin! Wyjmowane dno u\u0142atwia wykonywanie pedicure, a kompaktowa konstrukcja i elegancki wygl\u0105d sprawiaj\u0105, \u017ce jest [&hellip;]","og_url":"https:\/\/velesnails.pl\/uk\/product\/lampa-leduv-sun5-plus-original\/","og_site_name":"velesnails","article_modified_time":"2026-01-19T15:17:31+00:00","og_image":[{"width":754,"height":745,"url":"https:\/\/velesnails.pl\/wp-content\/uploads\/2025\/11\/\u0417\u043d\u0456\u043c\u043e\u043a-\u0435\u043a\u0440\u0430\u043d\u0430-2025-11-05-121042.png","type":"image\/png"}],"twitter_card":"summary_large_image","twitter_misc":{"\u041f\u0440\u0438\u0431\u043b. \u0447\u0430\u0441 \u0447\u0438\u0442\u0430\u043d\u043d\u044f":"1 \u0445\u0432\u0438\u043b\u0438\u043d\u0430"},"schema":{"@context":"https:\/\/schema.org","@graph":[{"@type":"WebPage","@id":"https:\/\/velesnails.pl\/product\/lampa-leduv-sun5-plus-original\/","url":"https:\/\/velesnails.pl\/product\/lampa-leduv-sun5-plus-original\/","name":"Lampa LED+UV SUN5 PLUS original - velesnails","isPartOf":{"@id":"https:\/\/velesnails.pl\/#website"},"primaryImageOfPage":{"@id":"https:\/\/velesnails.pl\/product\/lampa-leduv-sun5-plus-original\/#primaryimage"},"image":{"@id":"https:\/\/velesnails.pl\/product\/lampa-leduv-sun5-plus-original\/#primaryimage"},"thumbnailUrl":"https:\/\/i0.wp.com\/velesnails.pl\/wp-content\/uploads\/2025\/11\/%D0%97%D0%BD%D1%96%D0%BC%D0%BE%D0%BA-%D0%B5%D0%BA%D1%80%D0%B0%D0%BD%D0%B0-2025-11-05-121042.png?fit=754%2C745&ssl=1","datePublished":"2025-11-05T11:10:11+00:00","dateModified":"2026-01-19T15:17:31+00:00","breadcrumb":{"@id":"https:\/\/velesnails.pl\/product\/lampa-leduv-sun5-plus-original\/#breadcrumb"},"inLanguage":"uk","potentialAction":[{"@type":"ReadAction","target":["https:\/\/velesnails.pl\/product\/lampa-leduv-sun5-plus-original\/"]}]},{"@type":"ImageObject","inLanguage":"uk","@id":"https:\/\/velesnails.pl\/product\/lampa-leduv-sun5-plus-original\/#primaryimage","url":"https:\/\/i0.wp.com\/velesnails.pl\/wp-content\/uploads\/2025\/11\/%D0%97%D0%BD%D1%96%D0%BC%D0%BE%D0%BA-%D0%B5%D0%BA%D1%80%D0%B0%D0%BD%D0%B0-2025-11-05-121042.png?fit=754%2C745&ssl=1","contentUrl":"https:\/\/i0.wp.com\/velesnails.pl\/wp-content\/uploads\/2025\/11\/%D0%97%D0%BD%D1%96%D0%BC%D0%BE%D0%BA-%D0%B5%D0%BA%D1%80%D0%B0%D0%BD%D0%B0-2025-11-05-121042.png?fit=754%2C745&ssl=1","width":754,"height":745},{"@type":"BreadcrumbList","@id":"https:\/\/velesnails.pl\/product\/lampa-leduv-sun5-plus-original\/#breadcrumb","itemListElement":[{"@type":"ListItem","position":1,"name":"\u0413\u043e\u043b\u043e\u0432\u043d\u0430","item":"https:\/\/velesnails.pl\/"},{"@type":"ListItem","position":2,"name":"Sklep","item":"https:\/\/velesnails.pl\/shop\/"},{"@type":"ListItem","position":3,"name":"Lampa LED+UV SUN5 PLUS original"}]},{"@type":"WebSite","@id":"https:\/\/velesnails.pl\/#website","url":"https:\/\/velesnails.pl\/","name":"\u0432\u0435\u043b\u0435\u0441\u043e\u0432\u0456 \u043d\u0456\u0433\u0442\u0456","description":"\u041c\u0430\u043d\u0456\u043a\u044e\u0440\u043d\u0438\u0439 \u0441\u0430\u043b\u043e\u043d","publisher":{"@id":"https:\/\/velesnails.pl\/#organization"},"potentialAction":[{"@type":"SearchAction","target":{"@type":"EntryPoint","urlTemplate":"https:\/\/velesnails.pl\/?s={search_term_string}"},"query-input":{"@type":"PropertyValueSpecification","valueRequired":true,"valueName":"search_term_string"}}],"inLanguage":"uk"},{"@type":"Organization","@id":"https:\/\/velesnails.pl\/#organization","name":"\u0432\u0435\u043b\u0435\u0441\u043e\u0432\u0456 \u043d\u0456\u0433\u0442\u0456","url":"https:\/\/velesnails.pl\/","logo":{"@type":"ImageObject","inLanguage":"uk","@id":"https:\/\/velesnails.pl\/#\/schema\/logo\/image\/","url":"https:\/\/i0.wp.com\/velesnails.pl\/wp-content\/uploads\/2025\/10\/cropped-obraz_viber_2025-10-22_13-55-55-969.jpg?fit=485%2C381&ssl=1","contentUrl":"https:\/\/i0.wp.com\/velesnails.pl\/wp-content\/uploads\/2025\/10\/cropped-obraz_viber_2025-10-22_13-55-55-969.jpg?fit=485%2C381&ssl=1","width":485,"height":381,"caption":"velesnails"},"image":{"@id":"https:\/\/velesnails.pl\/#\/schema\/logo\/image\/"}}]}},"_links":{"self":[{"href":"https:\/\/velesnails.pl\/uk\/wp-json\/wp\/v2\/product\/7865","targetHints":{"allow":["GET"]}}],"collection":[{"href":"https:\/\/velesnails.pl\/uk\/wp-json\/wp\/v2\/product"}],"about":[{"href":"https:\/\/velesnails.pl\/uk\/wp-json\/wp\/v2\/types\/product"}],"replies":[{"embeddable":true,"href":"https:\/\/velesnails.pl\/uk\/wp-json\/wp\/v2\/comments?post=7865"}],"wp:featuredmedia":[{"embeddable":true,"href":"https:\/\/velesnails.pl\/uk\/wp-json\/wp\/v2\/media\/7866"}],"wp:attachment":[{"href":"https:\/\/velesnails.pl\/uk\/wp-json\/wp\/v2\/media?parent=7865"}],"wp:term":[{"taxonomy":"product_brand","embeddable":true,"href":"https:\/\/velesnails.pl\/uk\/wp-json\/wp\/v2\/product_brand?post=7865"},{"taxonomy":"product_cat","embeddable":true,"href":"https:\/\/velesnails.pl\/uk\/wp-json\/wp\/v2\/product_cat?post=7865"},{"taxonomy":"product_tag","embeddable":true,"href":"https:\/\/velesnails.pl\/uk\/wp-json\/wp\/v2\/product_tag?post=7865"}],"curies":[{"name":"wp","href":"https:\/\/api.w.org\/{rel}","templated":true}]}}