{"id":7542,"date":"2025-09-25T16:11:28","date_gmt":"2025-09-25T13:11:28","guid":{"rendered":"https:\/\/velesnails.pl\/?post_type=product&#038;p=7542"},"modified":"2026-02-11T18:01:51","modified_gmt":"2026-02-11T15:01:51","slug":"zel-samopoziomujacy-thixo-pro-gel-uv-led-biscuit-15ml","status":"publish","type":"product","link":"https:\/\/velesnails.pl\/uk\/product\/zel-samopoziomujacy-thixo-pro-gel-uv-led-biscuit-15ml\/","title":{"rendered":"\u0421\u0430\u043c\u043e\u0432\u0438\u0440\u0456\u0432\u043d\u044e\u044e\u0447\u0438\u0439 \u0433\u0435\u043b\u044c Thixo PRO Gel UV LED Biscuit 15\u043c\u043b"},"content":{"rendered":"<h1>Thixo PRO<\/h1>\n<p>Stabilno\u015b\u0107, kontrola i wytrzyma\u0142o\u015b\u0107 \u2013 w jednym produkcie! \u017bele THIXO PRO to prze\u0142omowa formu\u0142a thixotropowa, kt\u00f3ra zapewnia pe\u0142n\u0105 kontrol\u0119 nad aplikacj\u0105. Dzi\u0119ki efektowi pami\u0119ci cieczy \u017cel nie sp\u0142ywa na sk\u00f3rki, ale poziomuje si\u0119 tam, gdzie powinien, u\u0142atwiaj\u0105c precyzyjne modelowanie paznokci. To doskona\u0142e rozwi\u0105zanie zar\u00f3wno do przed\u0142u\u017cania, jak i do \u017celowania naturalnej p\u0142ytki oraz korekt i uzupe\u0142nie\u0144. Jego wyj\u0105tkowa trwa\u0142o\u015b\u0107 i odporno\u015b\u0107 sprawiaj\u0105, \u017ce stylizacje s\u0105 pi\u0119kne i niezawodne przez d\u0142ugi czas. A co najlepsze? Nie piecze w lampie!<\/p>\n<h2><\/h2>\n<p>&nbsp;<\/p>\n<h3>Biscuit 15 ml<\/h3>\n<h4><strong>Twardy \u017cel z thixotropi\u0105 \u2013 pami\u0119\u0107 cieczy.<\/strong><\/h4>\n<p><strong>THIXO PRO Biscuit<\/strong>\u00a0to\u00a0<strong>wyrafinowany odcie\u0144 be\u017cu<\/strong>, kt\u00f3ry nadaje paznokciom naturalny, ale wyrazisty charakter. Jego\u00a0<strong>ciep\u0142a, neutralna tonacja<\/strong>\u00a0doskonale komponuje si\u0119 z ka\u017cd\u0105 karnacj\u0105, podkre\u015blaj\u0105c d\u0142onie w subtelny, ale efektowny spos\u00f3b. To idealny wyb\u00f3r do stylizacji\u00a0<strong>coverowych, naturalnych oraz eleganckich stylizacji nude<\/strong>.<\/p>\n<p>&nbsp;<\/p>\n<p><strong>Dlaczego pokochasz \u017cele THIXO PRO?<\/strong><\/p>\n<ul>\n<li><strong>Efekt thixotropii \u2013 pami\u0119\u0107 cieczy<\/strong><br \/>\nNie musisz walczy\u0107 z produktem! \u017bel pozostaje na miejscu, ale g\u0142adko si\u0119 poziomuje, eliminuj\u0105c konieczno\u015b\u0107 poprawek.<\/li>\n<li><strong>Wszechstronno\u015b\u0107 w pracy<\/strong><br \/>\nIdealny do przed\u0142u\u017cania, uzupe\u0142nie\u0144 i wzmacniania naturalnej p\u0142ytki \u2013 jeden produkt, wiele mo\u017cliwo\u015bci!<\/li>\n<li><strong>Perfekcyjny tunel bez rozpr\u0119\u017cania<\/strong><br \/>\nZapewnia idealne zaciskanie tunelu, co gwarantuje trwa\u0142o\u015b\u0107 i estetyczny efekt.<\/li>\n<li><strong>\u015arednio g\u0119sta, poziomuj\u0105ca konsystencja<\/strong><br \/>\n\u0141atwy w pracy, nie zalewa sk\u00f3rek i pozwala na precyzyjne modelowanie.<\/li>\n<li><strong>Twardy i odporny na uszkodzenia<\/strong><br \/>\nNie odpryskuje, nie zapowietrza si\u0119 i jest odporny na codzienne czynniki zewn\u0119trzne.<\/li>\n<li><strong>Obni\u017cona temperatura polimeryzacji<\/strong><br \/>\nMinimalizuje uczucie pieczenia w lampie, co zwi\u0119ksza komfort pracy i aplikacji.<\/li>\n<li><strong>Skr\u00f3cony czas stylizacji<br \/>\n<\/strong>Dzi\u0119ki szerokiej palecie kolor\u00f3w idealnie nadaj\u0105cych si\u0119 do klasycznych stylizacji wystarczy pokry\u0107 \u017cel topem, aby uzyska\u0107 pi\u0119kny, gotowy efekt!<\/li>\n<\/ul>\n<p>&nbsp;<\/p>\n<p>Dzi\u0119ki thixotropowej konsystencji, \u017cel nie sp\u0142ywa, ale poziomuje si\u0119 dok\u0142adnie tam, gdzie powinien, co minimalizuje konieczno\u015b\u0107 pi\u0142owania i u\u0142atwia prac\u0119. Nie zapowietrza si\u0119, nie odpryskuje, a dzi\u0119ki obni\u017conej temperaturze polimeryzacji nie powoduje uczucia pieczenia w lampie<strong>!<\/strong><\/p>\n<p>&nbsp;<\/p>\n<p><b>WADY:\u00a0<\/b><strong>Nie stwierdzono!<\/strong><\/p>\n<p><b>Efekt:\u00a0<\/b>Kryj\u0105cy<\/p>\n<p><b>Pojemno\u015b\u0107:\u00a0<\/b>15 ml<\/p>\n<p><b>Przeznaczenie:\u00a0<\/b>Przed\u0142u\u017canie paznokci<\/p>\n<p><b>Rozpuszczalny w removerze:\u00a0<\/b>NIE<\/p>\n<p><b>Warstwa dyspersyjna:\u00a0<\/b>TAK<\/p>\n<p><b>Czas utwardzania:\u00a0<\/b>60s \u2013 90s LED \/ 120s UV<\/p>\n<p><b>Czas do zacisku:\u00a0<\/b>6s \u2013 10s<\/p>\n<p>&nbsp;<\/p>\n<p><strong>Sk\u0142ad:<\/strong>\u00a0Acrylates Copolymer, Hydroxypropyl Methacrylate, Dimethicone, Mica, Polyethylene Terephthalate, CI 15880, CI 77491, CI 77492, CI 77891, CI 77163, CI 77007, CI 77266, Silica, Ltcure TMO, PEG-4 Trimethylolpropane Triacrylate, P-Hydroxyanisole.<\/p>\n<p>W przypadku uczulenia na kt\u00f3r\u0105kolwiek substancj\u0119 zawart\u0105 w produkcie mo\u017ce wyst\u0105pi\u0107 reakcja alergiczna.<\/p>","protected":false},"excerpt":{"rendered":"<p>Thixo PRO Stabilno\u015b\u0107, kontrola i wytrzyma\u0142o\u015b\u0107 \u2013 w jednym produkcie! \u017bele THIXO PRO to prze\u0142omowa formu\u0142a thixotropowa, kt\u00f3ra zapewnia pe\u0142n\u0105 kontrol\u0119 nad aplikacj\u0105. Dzi\u0119ki efektowi pami\u0119ci cieczy \u017cel nie sp\u0142ywa na sk\u00f3rki, ale poziomuje si\u0119 tam, gdzie powinien, u\u0142atwiaj\u0105c precyzyjne modelowanie paznokci. To doskona\u0142e rozwi\u0105zanie zar\u00f3wno do przed\u0142u\u017cania, jak i do \u017celowania naturalnej p\u0142ytki oraz [&hellip;]<\/p>\n","protected":false},"featured_media":7543,"comment_status":"open","ping_status":"closed","template":"","meta":{"om_disable_all_campaigns":false,"ocean_post_layout":"","ocean_both_sidebars_style":"","ocean_both_sidebars_content_width":0,"ocean_both_sidebars_sidebars_width":0,"ocean_sidebar":"0","ocean_second_sidebar":"0","ocean_disable_margins":"enable","ocean_add_body_class":"","ocean_shortcode_before_top_bar":"","ocean_shortcode_after_top_bar":"","ocean_shortcode_before_header":"","ocean_shortcode_after_header":"","ocean_has_shortcode":"","ocean_shortcode_after_title":"","ocean_shortcode_before_footer_widgets":"","ocean_shortcode_after_footer_widgets":"","ocean_shortcode_before_footer_bottom":"","ocean_shortcode_after_footer_bottom":"","ocean_display_top_bar":"default","ocean_display_header":"default","ocean_header_style":"","ocean_center_header_left_menu":"0","ocean_custom_header_template":"0","ocean_custom_logo":0,"ocean_custom_retina_logo":0,"ocean_custom_logo_max_width":0,"ocean_custom_logo_tablet_max_width":0,"ocean_custom_logo_mobile_max_width":0,"ocean_custom_logo_max_height":0,"ocean_custom_logo_tablet_max_height":0,"ocean_custom_logo_mobile_max_height":0,"ocean_header_custom_menu":"0","ocean_menu_typo_font_family":"0","ocean_menu_typo_font_subset":"","ocean_menu_typo_font_size":0,"ocean_menu_typo_font_size_tablet":0,"ocean_menu_typo_font_size_mobile":0,"ocean_menu_typo_font_size_unit":"px","ocean_menu_typo_font_weight":"","ocean_menu_typo_font_weight_tablet":"","ocean_menu_typo_font_weight_mobile":"","ocean_menu_typo_transform":"","ocean_menu_typo_transform_tablet":"","ocean_menu_typo_transform_mobile":"","ocean_menu_typo_line_height":0,"ocean_menu_typo_line_height_tablet":0,"ocean_menu_typo_line_height_mobile":0,"ocean_menu_typo_line_height_unit":"","ocean_menu_typo_spacing":0,"ocean_menu_typo_spacing_tablet":0,"ocean_menu_typo_spacing_mobile":0,"ocean_menu_typo_spacing_unit":"","ocean_menu_link_color":"","ocean_menu_link_color_hover":"","ocean_menu_link_color_active":"","ocean_menu_link_background":"","ocean_menu_link_hover_background":"","ocean_menu_link_active_background":"","ocean_menu_social_links_bg":"","ocean_menu_social_hover_links_bg":"","ocean_menu_social_links_color":"","ocean_menu_social_hover_links_color":"","ocean_disable_title":"default","ocean_disable_heading":"default","ocean_post_title":"","ocean_post_subheading":"","ocean_post_title_style":"","ocean_post_title_background_color":"","ocean_post_title_background":0,"ocean_post_title_bg_image_position":"","ocean_post_title_bg_image_attachment":"","ocean_post_title_bg_image_repeat":"","ocean_post_title_bg_image_size":"","ocean_post_title_height":0,"ocean_post_title_bg_overlay":0.5,"ocean_post_title_bg_overlay_color":"","ocean_disable_breadcrumbs":"default","ocean_breadcrumbs_color":"","ocean_breadcrumbs_separator_color":"","ocean_breadcrumbs_links_color":"","ocean_breadcrumbs_links_hover_color":"","ocean_display_footer_widgets":"default","ocean_display_footer_bottom":"default","ocean_custom_footer_template":"0"},"product_brand":[],"product_cat":[176,110,290,122,120],"product_tag":[],"class_list":{"0":"post-7542","1":"product","2":"type-product","3":"status-publish","4":"has-post-thumbnail","6":"product_cat-marki","7":"product_cat-paznokcie","8":"product_cat-yoshi-2","9":"product_cat-zeli","10":"product_cat-zele-i-akryle","12":"entry","13":"has-media","15":"first","16":"outofstock","17":"taxable","18":"shipping-taxable","19":"purchasable","20":"product-type-simple","21":"has-product-nav","22":"col","23":"span_1_of_3","24":"owp-content-center","25":"owp-thumbs-layout-horizontal","26":"owp-btn-normal","27":"owp-tabs-layout-horizontal"},"yoast_head":"<!-- This site is optimized with the Yoast SEO plugin v27.5 - https:\/\/yoast.com\/product\/yoast-seo-wordpress\/ -->\n<title>\u017bel Samopoziomuj\u0105cy Thixo PRO Gel UV LED Biscuit 15ml - velesnails<\/title>\n<meta name=\"robots\" content=\"index, follow, max-snippet:-1, max-image-preview:large, max-video-preview:-1\" \/>\n<link rel=\"canonical\" href=\"https:\/\/velesnails.pl\/uk\/product\/zel-samopoziomujacy-thixo-pro-gel-uv-led-biscuit-15ml\/\" \/>\n<meta property=\"og:locale\" content=\"uk_UA\" \/>\n<meta property=\"og:type\" content=\"article\" \/>\n<meta property=\"og:title\" content=\"\u017bel Samopoziomuj\u0105cy Thixo PRO Gel UV LED Biscuit 15ml - velesnails\" \/>\n<meta property=\"og:description\" content=\"Thixo PRO Stabilno\u015b\u0107, kontrola i wytrzyma\u0142o\u015b\u0107 \u2013 w jednym produkcie! \u017bele THIXO PRO to prze\u0142omowa formu\u0142a thixotropowa, kt\u00f3ra zapewnia pe\u0142n\u0105 kontrol\u0119 nad aplikacj\u0105. Dzi\u0119ki efektowi pami\u0119ci cieczy \u017cel nie sp\u0142ywa na sk\u00f3rki, ale poziomuje si\u0119 tam, gdzie powinien, u\u0142atwiaj\u0105c precyzyjne modelowanie paznokci. To doskona\u0142e rozwi\u0105zanie zar\u00f3wno do przed\u0142u\u017cania, jak i do \u017celowania naturalnej p\u0142ytki oraz [&hellip;]\" \/>\n<meta property=\"og:url\" content=\"https:\/\/velesnails.pl\/uk\/product\/zel-samopoziomujacy-thixo-pro-gel-uv-led-biscuit-15ml\/\" \/>\n<meta property=\"og:site_name\" content=\"velesnails\" \/>\n<meta property=\"article:modified_time\" content=\"2026-02-11T15:01:51+00:00\" \/>\n<meta property=\"og:image\" content=\"https:\/\/velesnails.pl\/wp-content\/uploads\/2025\/09\/\u0417\u043d\u0456\u043c\u043e\u043a-\u0435\u043a\u0440\u0430\u043d\u0430-2025-09-25-151159.png\" \/>\n\t<meta property=\"og:image:width\" content=\"782\" \/>\n\t<meta property=\"og:image:height\" content=\"788\" \/>\n\t<meta property=\"og:image:type\" content=\"image\/png\" \/>\n<meta name=\"twitter:card\" content=\"summary_large_image\" \/>\n<meta name=\"twitter:label1\" content=\"\u041f\u0440\u0438\u0431\u043b. \u0447\u0430\u0441 \u0447\u0438\u0442\u0430\u043d\u043d\u044f\" \/>\n\t<meta name=\"twitter:data1\" content=\"3 \u0445\u0432\u0438\u043b\u0438\u043d\u0438\" \/>\n<script type=\"application\/ld+json\" class=\"yoast-schema-graph\">{\"@context\":\"https:\\\/\\\/schema.org\",\"@graph\":[{\"@type\":\"WebPage\",\"@id\":\"https:\\\/\\\/velesnails.pl\\\/product\\\/zel-samopoziomujacy-thixo-pro-gel-uv-led-biscuit-15ml\\\/\",\"url\":\"https:\\\/\\\/velesnails.pl\\\/product\\\/zel-samopoziomujacy-thixo-pro-gel-uv-led-biscuit-15ml\\\/\",\"name\":\"\u017bel Samopoziomuj\u0105cy Thixo PRO Gel UV LED Biscuit 15ml - velesnails\",\"isPartOf\":{\"@id\":\"https:\\\/\\\/velesnails.pl\\\/#website\"},\"primaryImageOfPage\":{\"@id\":\"https:\\\/\\\/velesnails.pl\\\/product\\\/zel-samopoziomujacy-thixo-pro-gel-uv-led-biscuit-15ml\\\/#primaryimage\"},\"image\":{\"@id\":\"https:\\\/\\\/velesnails.pl\\\/product\\\/zel-samopoziomujacy-thixo-pro-gel-uv-led-biscuit-15ml\\\/#primaryimage\"},\"thumbnailUrl\":\"https:\\\/\\\/i0.wp.com\\\/velesnails.pl\\\/wp-content\\\/uploads\\\/2025\\\/09\\\/%D0%97%D0%BD%D1%96%D0%BC%D0%BE%D0%BA-%D0%B5%D0%BA%D1%80%D0%B0%D0%BD%D0%B0-2025-09-25-151159.png?fit=782%2C788&ssl=1\",\"datePublished\":\"2025-09-25T13:11:28+00:00\",\"dateModified\":\"2026-02-11T15:01:51+00:00\",\"breadcrumb\":{\"@id\":\"https:\\\/\\\/velesnails.pl\\\/product\\\/zel-samopoziomujacy-thixo-pro-gel-uv-led-biscuit-15ml\\\/#breadcrumb\"},\"inLanguage\":\"uk\",\"potentialAction\":[{\"@type\":\"ReadAction\",\"target\":[\"https:\\\/\\\/velesnails.pl\\\/product\\\/zel-samopoziomujacy-thixo-pro-gel-uv-led-biscuit-15ml\\\/\"]}]},{\"@type\":\"ImageObject\",\"inLanguage\":\"uk\",\"@id\":\"https:\\\/\\\/velesnails.pl\\\/product\\\/zel-samopoziomujacy-thixo-pro-gel-uv-led-biscuit-15ml\\\/#primaryimage\",\"url\":\"https:\\\/\\\/i0.wp.com\\\/velesnails.pl\\\/wp-content\\\/uploads\\\/2025\\\/09\\\/%D0%97%D0%BD%D1%96%D0%BC%D0%BE%D0%BA-%D0%B5%D0%BA%D1%80%D0%B0%D0%BD%D0%B0-2025-09-25-151159.png?fit=782%2C788&ssl=1\",\"contentUrl\":\"https:\\\/\\\/i0.wp.com\\\/velesnails.pl\\\/wp-content\\\/uploads\\\/2025\\\/09\\\/%D0%97%D0%BD%D1%96%D0%BC%D0%BE%D0%BA-%D0%B5%D0%BA%D1%80%D0%B0%D0%BD%D0%B0-2025-09-25-151159.png?fit=782%2C788&ssl=1\",\"width\":782,\"height\":788,\"caption\":\"#image_title\"},{\"@type\":\"BreadcrumbList\",\"@id\":\"https:\\\/\\\/velesnails.pl\\\/product\\\/zel-samopoziomujacy-thixo-pro-gel-uv-led-biscuit-15ml\\\/#breadcrumb\",\"itemListElement\":[{\"@type\":\"ListItem\",\"position\":1,\"name\":\"\u0413\u043e\u043b\u043e\u0432\u043d\u0430\",\"item\":\"https:\\\/\\\/velesnails.pl\\\/\"},{\"@type\":\"ListItem\",\"position\":2,\"name\":\"Sklep\",\"item\":\"https:\\\/\\\/velesnails.pl\\\/shop\\\/\"},{\"@type\":\"ListItem\",\"position\":3,\"name\":\"\u017bel Samopoziomuj\u0105cy Thixo PRO Gel UV LED Biscuit 15ml\"}]},{\"@type\":\"WebSite\",\"@id\":\"https:\\\/\\\/velesnails.pl\\\/#website\",\"url\":\"https:\\\/\\\/velesnails.pl\\\/\",\"name\":\"velesnails\",\"description\":\"Sklep z manicure\",\"publisher\":{\"@id\":\"https:\\\/\\\/velesnails.pl\\\/#organization\"},\"potentialAction\":[{\"@type\":\"SearchAction\",\"target\":{\"@type\":\"EntryPoint\",\"urlTemplate\":\"https:\\\/\\\/velesnails.pl\\\/?s={search_term_string}\"},\"query-input\":{\"@type\":\"PropertyValueSpecification\",\"valueRequired\":true,\"valueName\":\"search_term_string\"}}],\"inLanguage\":\"uk\"},{\"@type\":\"Organization\",\"@id\":\"https:\\\/\\\/velesnails.pl\\\/#organization\",\"name\":\"velesnails\",\"url\":\"https:\\\/\\\/velesnails.pl\\\/\",\"logo\":{\"@type\":\"ImageObject\",\"inLanguage\":\"uk\",\"@id\":\"https:\\\/\\\/velesnails.pl\\\/#\\\/schema\\\/logo\\\/image\\\/\",\"url\":\"https:\\\/\\\/i0.wp.com\\\/velesnails.pl\\\/wp-content\\\/uploads\\\/2025\\\/10\\\/cropped-obraz_viber_2025-10-22_13-55-55-969.jpg?fit=485%2C381&ssl=1\",\"contentUrl\":\"https:\\\/\\\/i0.wp.com\\\/velesnails.pl\\\/wp-content\\\/uploads\\\/2025\\\/10\\\/cropped-obraz_viber_2025-10-22_13-55-55-969.jpg?fit=485%2C381&ssl=1\",\"width\":485,\"height\":381,\"caption\":\"velesnails\"},\"image\":{\"@id\":\"https:\\\/\\\/velesnails.pl\\\/#\\\/schema\\\/logo\\\/image\\\/\"}}]}<\/script>\n<!-- \/ Yoast SEO plugin. -->","yoast_head_json":{"title":"\u017bel Samopoziomuj\u0105cy Thixo PRO Gel UV LED Biscuit 15ml - velesnails","robots":{"index":"index","follow":"follow","max-snippet":"max-snippet:-1","max-image-preview":"max-image-preview:large","max-video-preview":"max-video-preview:-1"},"canonical":"https:\/\/velesnails.pl\/uk\/product\/zel-samopoziomujacy-thixo-pro-gel-uv-led-biscuit-15ml\/","og_locale":"uk_UA","og_type":"article","og_title":"\u017bel Samopoziomuj\u0105cy Thixo PRO Gel UV LED Biscuit 15ml - velesnails","og_description":"Thixo PRO Stabilno\u015b\u0107, kontrola i wytrzyma\u0142o\u015b\u0107 \u2013 w jednym produkcie! \u017bele THIXO PRO to prze\u0142omowa formu\u0142a thixotropowa, kt\u00f3ra zapewnia pe\u0142n\u0105 kontrol\u0119 nad aplikacj\u0105. Dzi\u0119ki efektowi pami\u0119ci cieczy \u017cel nie sp\u0142ywa na sk\u00f3rki, ale poziomuje si\u0119 tam, gdzie powinien, u\u0142atwiaj\u0105c precyzyjne modelowanie paznokci. To doskona\u0142e rozwi\u0105zanie zar\u00f3wno do przed\u0142u\u017cania, jak i do \u017celowania naturalnej p\u0142ytki oraz [&hellip;]","og_url":"https:\/\/velesnails.pl\/uk\/product\/zel-samopoziomujacy-thixo-pro-gel-uv-led-biscuit-15ml\/","og_site_name":"velesnails","article_modified_time":"2026-02-11T15:01:51+00:00","og_image":[{"width":782,"height":788,"url":"https:\/\/velesnails.pl\/wp-content\/uploads\/2025\/09\/\u0417\u043d\u0456\u043c\u043e\u043a-\u0435\u043a\u0440\u0430\u043d\u0430-2025-09-25-151159.png","type":"image\/png"}],"twitter_card":"summary_large_image","twitter_misc":{"\u041f\u0440\u0438\u0431\u043b. \u0447\u0430\u0441 \u0447\u0438\u0442\u0430\u043d\u043d\u044f":"3 \u0445\u0432\u0438\u043b\u0438\u043d\u0438"},"schema":{"@context":"https:\/\/schema.org","@graph":[{"@type":"WebPage","@id":"https:\/\/velesnails.pl\/product\/zel-samopoziomujacy-thixo-pro-gel-uv-led-biscuit-15ml\/","url":"https:\/\/velesnails.pl\/product\/zel-samopoziomujacy-thixo-pro-gel-uv-led-biscuit-15ml\/","name":"\u017bel Samopoziomuj\u0105cy Thixo PRO Gel UV LED Biscuit 15ml - velesnails","isPartOf":{"@id":"https:\/\/velesnails.pl\/#website"},"primaryImageOfPage":{"@id":"https:\/\/velesnails.pl\/product\/zel-samopoziomujacy-thixo-pro-gel-uv-led-biscuit-15ml\/#primaryimage"},"image":{"@id":"https:\/\/velesnails.pl\/product\/zel-samopoziomujacy-thixo-pro-gel-uv-led-biscuit-15ml\/#primaryimage"},"thumbnailUrl":"https:\/\/i0.wp.com\/velesnails.pl\/wp-content\/uploads\/2025\/09\/%D0%97%D0%BD%D1%96%D0%BC%D0%BE%D0%BA-%D0%B5%D0%BA%D1%80%D0%B0%D0%BD%D0%B0-2025-09-25-151159.png?fit=782%2C788&ssl=1","datePublished":"2025-09-25T13:11:28+00:00","dateModified":"2026-02-11T15:01:51+00:00","breadcrumb":{"@id":"https:\/\/velesnails.pl\/product\/zel-samopoziomujacy-thixo-pro-gel-uv-led-biscuit-15ml\/#breadcrumb"},"inLanguage":"uk","potentialAction":[{"@type":"ReadAction","target":["https:\/\/velesnails.pl\/product\/zel-samopoziomujacy-thixo-pro-gel-uv-led-biscuit-15ml\/"]}]},{"@type":"ImageObject","inLanguage":"uk","@id":"https:\/\/velesnails.pl\/product\/zel-samopoziomujacy-thixo-pro-gel-uv-led-biscuit-15ml\/#primaryimage","url":"https:\/\/i0.wp.com\/velesnails.pl\/wp-content\/uploads\/2025\/09\/%D0%97%D0%BD%D1%96%D0%BC%D0%BE%D0%BA-%D0%B5%D0%BA%D1%80%D0%B0%D0%BD%D0%B0-2025-09-25-151159.png?fit=782%2C788&ssl=1","contentUrl":"https:\/\/i0.wp.com\/velesnails.pl\/wp-content\/uploads\/2025\/09\/%D0%97%D0%BD%D1%96%D0%BC%D0%BE%D0%BA-%D0%B5%D0%BA%D1%80%D0%B0%D0%BD%D0%B0-2025-09-25-151159.png?fit=782%2C788&ssl=1","width":782,"height":788,"caption":"#image_title"},{"@type":"BreadcrumbList","@id":"https:\/\/velesnails.pl\/product\/zel-samopoziomujacy-thixo-pro-gel-uv-led-biscuit-15ml\/#breadcrumb","itemListElement":[{"@type":"ListItem","position":1,"name":"\u0413\u043e\u043b\u043e\u0432\u043d\u0430","item":"https:\/\/velesnails.pl\/"},{"@type":"ListItem","position":2,"name":"Sklep","item":"https:\/\/velesnails.pl\/shop\/"},{"@type":"ListItem","position":3,"name":"\u017bel Samopoziomuj\u0105cy Thixo PRO Gel UV LED Biscuit 15ml"}]},{"@type":"WebSite","@id":"https:\/\/velesnails.pl\/#website","url":"https:\/\/velesnails.pl\/","name":"\u0432\u0435\u043b\u0435\u0441\u043e\u0432\u0456 \u043d\u0456\u0433\u0442\u0456","description":"\u041c\u0430\u043d\u0456\u043a\u044e\u0440\u043d\u0438\u0439 \u0441\u0430\u043b\u043e\u043d","publisher":{"@id":"https:\/\/velesnails.pl\/#organization"},"potentialAction":[{"@type":"SearchAction","target":{"@type":"EntryPoint","urlTemplate":"https:\/\/velesnails.pl\/?s={search_term_string}"},"query-input":{"@type":"PropertyValueSpecification","valueRequired":true,"valueName":"search_term_string"}}],"inLanguage":"uk"},{"@type":"Organization","@id":"https:\/\/velesnails.pl\/#organization","name":"\u0432\u0435\u043b\u0435\u0441\u043e\u0432\u0456 \u043d\u0456\u0433\u0442\u0456","url":"https:\/\/velesnails.pl\/","logo":{"@type":"ImageObject","inLanguage":"uk","@id":"https:\/\/velesnails.pl\/#\/schema\/logo\/image\/","url":"https:\/\/i0.wp.com\/velesnails.pl\/wp-content\/uploads\/2025\/10\/cropped-obraz_viber_2025-10-22_13-55-55-969.jpg?fit=485%2C381&ssl=1","contentUrl":"https:\/\/i0.wp.com\/velesnails.pl\/wp-content\/uploads\/2025\/10\/cropped-obraz_viber_2025-10-22_13-55-55-969.jpg?fit=485%2C381&ssl=1","width":485,"height":381,"caption":"velesnails"},"image":{"@id":"https:\/\/velesnails.pl\/#\/schema\/logo\/image\/"}}]}},"_links":{"self":[{"href":"https:\/\/velesnails.pl\/uk\/wp-json\/wp\/v2\/product\/7542","targetHints":{"allow":["GET"]}}],"collection":[{"href":"https:\/\/velesnails.pl\/uk\/wp-json\/wp\/v2\/product"}],"about":[{"href":"https:\/\/velesnails.pl\/uk\/wp-json\/wp\/v2\/types\/product"}],"replies":[{"embeddable":true,"href":"https:\/\/velesnails.pl\/uk\/wp-json\/wp\/v2\/comments?post=7542"}],"wp:featuredmedia":[{"embeddable":true,"href":"https:\/\/velesnails.pl\/uk\/wp-json\/wp\/v2\/media\/7543"}],"wp:attachment":[{"href":"https:\/\/velesnails.pl\/uk\/wp-json\/wp\/v2\/media?parent=7542"}],"wp:term":[{"taxonomy":"product_brand","embeddable":true,"href":"https:\/\/velesnails.pl\/uk\/wp-json\/wp\/v2\/product_brand?post=7542"},{"taxonomy":"product_cat","embeddable":true,"href":"https:\/\/velesnails.pl\/uk\/wp-json\/wp\/v2\/product_cat?post=7542"},{"taxonomy":"product_tag","embeddable":true,"href":"https:\/\/velesnails.pl\/uk\/wp-json\/wp\/v2\/product_tag?post=7542"}],"curies":[{"name":"wp","href":"https:\/\/api.w.org\/{rel}","templated":true}]}}