{"id":7500,"date":"2025-09-25T14:19:02","date_gmt":"2025-09-25T11:19:02","guid":{"rendered":"https:\/\/velesnails.pl\/?post_type=product&#038;p=7500"},"modified":"2026-01-16T01:34:27","modified_gmt":"2026-01-15T22:34:27","slug":"zel-easy-pro-gel-uv-led-fresh-pink-50-ml","status":"publish","type":"product","link":"https:\/\/velesnails.pl\/uk\/product\/zel-easy-pro-gel-uv-led-fresh-pink-50-ml\/","title":{"rendered":"\u017bel Easy PRO Gel UV LED FRESH PINK 50 ml"},"content":{"rendered":"<h1>Easy PRO<\/h1>\n<p><strong>Easy PRO<\/strong>\u00a0to linia \u017celi buduj\u0105cych, kt\u00f3re powsta\u0142y z my\u015bl\u0105 o wygodzie pracy i niezawodnej trwa\u0142o\u015bci. Dzi\u0119ki\u00a0<strong>samopoziomuj\u0105cej konsystencji<\/strong>\u00a0\u0142atwo si\u0119 rozprowadzaj\u0105, tworz\u0105c idealnie g\u0142adk\u0105 powierzchni\u0119 i skracaj\u0105c czas pracy w salonie.<\/p>\n<p>\u017bele\u00a0<strong>Easy PRO<\/strong>\u00a0to doskona\u0142y wyb\u00f3r zar\u00f3wno do\u00a0<strong>przed\u0142u\u017cania paznokci<\/strong>, jak i pracy na naturalnej p\u0142ytce. Ich elastyczno\u015b\u0107, odporno\u015b\u0107 na uszkodzenia i wyj\u0105tkowy komfort aplikacji sprawiaj\u0105, \u017ce ka\u017cda stylizacja staje si\u0119 jeszcze \u0142atwiejsza i bardziej precyzyjna.<\/p>\n<p><strong>Pojemno\u015b\u0107:<\/strong>\u00a015 ml \/ 50 ml<\/p>\n<p>&nbsp;<\/p>\n<h2>Fresh Pink 50 ml<\/h2>\n<p><strong>Easy PRO Fresh Pink<\/strong>\u00a0to\u00a0<strong>\u017cel buduj\u0105cy o 40% kryciu<\/strong>, kt\u00f3ry nadaje paznokciom\u00a0<strong>naturalny, zdrowy wygl\u0105d<\/strong>. Jego\u00a0<strong>\u015bwie\u017cy, delikatny r\u00f3\u017cowy odcie\u0144<\/strong>\u00a0sprawia, \u017ce jest idealnym wyborem do\u00a0<strong>subtelnych stylizacji<\/strong>, takich jak\u00a0<strong>Princess Nails<\/strong>, a tak\u017ce dla os\u00f3b, kt\u00f3re preferuj\u0105\u00a0<strong>lekki efekt<\/strong>\u00a0zamiast typowych coverowych \u017celi.<\/p>\n<p>Dzi\u0119ki\u00a0<strong>samopoziomuj\u0105cej formule<\/strong>, \u017cel\u00a0<strong>\u0142atwo si\u0119 rozprowadza<\/strong>, co zapewnia komfort pracy i skraca czas stylizacji. Jego\u00a0<strong>elastyczna, ale trwa\u0142a struktura<\/strong>\u00a0sprawia, \u017ce \u015bwietnie sprawdzi si\u0119 zar\u00f3wno do\u00a0<strong>uzupe\u0142nie\u0144<\/strong>, szybkich korekt, jak i naturalnych stylizacji salonowych.<\/p>\n<p><img data-recalc-dims=\"1\" fetchpriority=\"high\" decoding=\"async\" class=\"alignnone size-full wp-image-19538\" src=\"https:\/\/i0.wp.com\/yoshi.com.pl\/wp-content\/uploads\/2025\/05\/3-4-2-3-3.webp?resize=365%2C245&#038;ssl=1\" alt=\"\" width=\"365\" height=\"245\" \/><\/p>\n<p><strong>Zalety produktu:<\/strong><\/p>\n<ul>\n<li>Samopoziomuj\u0105ca konsystencja sprawia, \u017ce \u017cel r\u00f3wnomiernie si\u0119 rozprowadza i u\u0142atwia modelowanie paznokci.<\/li>\n<li>Nie sp\u0142ywa i nie zalewa sk\u00f3rek, zapewniaj\u0105c precyzyjn\u0105 prac\u0119.<\/li>\n<li>Elastyczna, ale wytrzyma\u0142a formu\u0142a gwarantuje odporno\u015b\u0107 na uszkodzenia mechaniczne i czynniki zewn\u0119trzne.<\/li>\n<li>Obni\u017cona temperatura polimeryzacji minimalizuje odczucie pieczenia w lampie, zwi\u0119kszaj\u0105c komfort pracy.<\/li>\n<li>\u0141atwy w pi\u0142owaniu, co pozwala skr\u00f3ci\u0107 czas stylizacji i u\u0142atwia dopracowanie kszta\u0142tu.<\/li>\n<\/ul>\n<p>&nbsp;<\/p>\n<p><strong>Easy PRO Fresh Pink<\/strong>\u00a0to doskona\u0142y wyb\u00f3r dla os\u00f3b, kt\u00f3re ceni\u0105 sobie\u00a0<strong>naturalno\u015b\u0107 i delikatno\u015b\u0107 w stylizacji paznokci<\/strong>. Jego\u00a0<strong>mi\u0119kka, pastelowa tonacja<\/strong>\u00a0dodaje d\u0142oniom elegancji i subtelnego uroku, sprawiaj\u0105c, \u017ce ka\u017cda stylizacja wygl\u0105da lekko i \u015bwie\u017co.<\/p>\n<p>&nbsp;<\/p>\n<h2><\/h2>\n<p><b>WADY:\u00a0<\/b><strong>Nie stwierdzono!<\/strong>\u00a0<strong>Przeznaczenie:<\/strong><\/p>\n<ul>\n<li>Uzupe\u0142nienie<\/li>\n<li>Korekta<\/li>\n<li>\u017belowanie naturalnej p\u0142ytki paznokcia<\/li>\n<\/ul>\n<p><b>Efekt:\u00a0<\/b>P\u00f3\u0142transparentny<\/p>\n<p><b>Pojemno\u015b\u0107:\u00a0<\/b>50 ml<\/p>\n<p><b>Przeznaczenie:\u00a0<\/b>Przed\u0142u\u017canie paznokci<\/p>\n<p><b>Rozpuszczalny w removerze:\u00a0<\/b>NIE<\/p>\n<p><b>Warstwa dyspersyjna:\u00a0<\/b>TAK<\/p>\n<p><b>Czas utwardzania:\u00a0<\/b>60s \u2013 90s LED \/ 120s UV<\/p>\n<p><b>Czas do zacisku:\u00a0<\/b>6s \u2013 10s<\/p>\n<p>&nbsp;<\/p>\n<p>Sk\u0142ad: Inci: Bis-Hea Poly(1,4-Butanediol)-9\/Ipdi Copolymer, PEG-4 Trimethylolpropane Trimethacrylate, Bis-Hea Polyglycol Adipate\/Ipdi Copolymer, Hexanediol Dimethacrylate, Hydroxycyclohexyl Phenyl Ketone, Silica Dimethyl Silylate, Benzoyl Isopropanol, Isobornyl Methacrylate, Benzoyl Trimethylbenzoyl Ethylphenylphosphinate, BHT, Cyclohexyl Phenyl Ketone, May Contain+\/-: CI 77891, CI 15880, CI 12490, CI 77266.<\/p>\n<p>W przypadku uczulenia na kt\u00f3r\u0105kolwiek substancj\u0119 zawart\u0105 w produkcie mo\u017ce wyst\u0105pi\u0107 reakcja alergiczna.<\/p>\n<p>&nbsp;<\/p>","protected":false},"excerpt":{"rendered":"<p>Easy PRO Easy PRO\u00a0to linia \u017celi buduj\u0105cych, kt\u00f3re powsta\u0142y z my\u015bl\u0105 o wygodzie pracy i niezawodnej trwa\u0142o\u015bci. Dzi\u0119ki\u00a0samopoziomuj\u0105cej konsystencji\u00a0\u0142atwo si\u0119 rozprowadzaj\u0105, tworz\u0105c idealnie g\u0142adk\u0105 powierzchni\u0119 i skracaj\u0105c czas pracy w salonie. \u017bele\u00a0Easy PRO\u00a0to doskona\u0142y wyb\u00f3r zar\u00f3wno do\u00a0przed\u0142u\u017cania paznokci, jak i pracy na naturalnej p\u0142ytce. Ich elastyczno\u015b\u0107, odporno\u015b\u0107 na uszkodzenia i wyj\u0105tkowy komfort aplikacji sprawiaj\u0105, \u017ce [&hellip;]<\/p>\n","protected":false},"featured_media":7501,"comment_status":"open","ping_status":"closed","template":"","meta":{"om_disable_all_campaigns":false,"ocean_post_layout":"","ocean_both_sidebars_style":"","ocean_both_sidebars_content_width":0,"ocean_both_sidebars_sidebars_width":0,"ocean_sidebar":"0","ocean_second_sidebar":"0","ocean_disable_margins":"enable","ocean_add_body_class":"","ocean_shortcode_before_top_bar":"","ocean_shortcode_after_top_bar":"","ocean_shortcode_before_header":"","ocean_shortcode_after_header":"","ocean_has_shortcode":"","ocean_shortcode_after_title":"","ocean_shortcode_before_footer_widgets":"","ocean_shortcode_after_footer_widgets":"","ocean_shortcode_before_footer_bottom":"","ocean_shortcode_after_footer_bottom":"","ocean_display_top_bar":"default","ocean_display_header":"default","ocean_header_style":"","ocean_center_header_left_menu":"0","ocean_custom_header_template":"0","ocean_custom_logo":0,"ocean_custom_retina_logo":0,"ocean_custom_logo_max_width":0,"ocean_custom_logo_tablet_max_width":0,"ocean_custom_logo_mobile_max_width":0,"ocean_custom_logo_max_height":0,"ocean_custom_logo_tablet_max_height":0,"ocean_custom_logo_mobile_max_height":0,"ocean_header_custom_menu":"0","ocean_menu_typo_font_family":"0","ocean_menu_typo_font_subset":"","ocean_menu_typo_font_size":0,"ocean_menu_typo_font_size_tablet":0,"ocean_menu_typo_font_size_mobile":0,"ocean_menu_typo_font_size_unit":"px","ocean_menu_typo_font_weight":"","ocean_menu_typo_font_weight_tablet":"","ocean_menu_typo_font_weight_mobile":"","ocean_menu_typo_transform":"","ocean_menu_typo_transform_tablet":"","ocean_menu_typo_transform_mobile":"","ocean_menu_typo_line_height":0,"ocean_menu_typo_line_height_tablet":0,"ocean_menu_typo_line_height_mobile":0,"ocean_menu_typo_line_height_unit":"","ocean_menu_typo_spacing":0,"ocean_menu_typo_spacing_tablet":0,"ocean_menu_typo_spacing_mobile":0,"ocean_menu_typo_spacing_unit":"","ocean_menu_link_color":"","ocean_menu_link_color_hover":"","ocean_menu_link_color_active":"","ocean_menu_link_background":"","ocean_menu_link_hover_background":"","ocean_menu_link_active_background":"","ocean_menu_social_links_bg":"","ocean_menu_social_hover_links_bg":"","ocean_menu_social_links_color":"","ocean_menu_social_hover_links_color":"","ocean_disable_title":"default","ocean_disable_heading":"default","ocean_post_title":"","ocean_post_subheading":"","ocean_post_title_style":"","ocean_post_title_background_color":"","ocean_post_title_background":0,"ocean_post_title_bg_image_position":"","ocean_post_title_bg_image_attachment":"","ocean_post_title_bg_image_repeat":"","ocean_post_title_bg_image_size":"","ocean_post_title_height":0,"ocean_post_title_bg_overlay":0.5,"ocean_post_title_bg_overlay_color":"","ocean_disable_breadcrumbs":"default","ocean_breadcrumbs_color":"","ocean_breadcrumbs_separator_color":"","ocean_breadcrumbs_links_color":"","ocean_breadcrumbs_links_hover_color":"","ocean_display_footer_widgets":"default","ocean_display_footer_bottom":"default","ocean_custom_footer_template":"0"},"product_brand":[],"product_cat":[176,110,290,122,120],"product_tag":[],"class_list":{"0":"post-7500","1":"product","2":"type-product","3":"status-publish","4":"has-post-thumbnail","6":"product_cat-marki","7":"product_cat-paznokcie","8":"product_cat-yoshi-2","9":"product_cat-zeli","10":"product_cat-zele-i-akryle","12":"entry","13":"has-media","15":"first","16":"instock","17":"taxable","18":"shipping-taxable","19":"purchasable","20":"product-type-simple","21":"has-product-nav","22":"col","23":"span_1_of_3","24":"owp-content-center","25":"owp-thumbs-layout-horizontal","26":"owp-btn-normal","27":"owp-tabs-layout-horizontal"},"yoast_head":"<!-- This site is optimized with the Yoast SEO plugin v27.6 - https:\/\/yoast.com\/product\/yoast-seo-wordpress\/ -->\n<title>\u017bel Easy PRO Gel UV LED FRESH PINK 50 ml - velesnails<\/title>\n<meta name=\"robots\" content=\"index, follow, max-snippet:-1, max-image-preview:large, max-video-preview:-1\" \/>\n<link rel=\"canonical\" href=\"https:\/\/velesnails.pl\/uk\/product\/zel-easy-pro-gel-uv-led-fresh-pink-50-ml\/\" \/>\n<meta property=\"og:locale\" content=\"uk_UA\" \/>\n<meta property=\"og:type\" content=\"article\" \/>\n<meta property=\"og:title\" content=\"\u017bel Easy PRO Gel UV LED FRESH PINK 50 ml - velesnails\" \/>\n<meta property=\"og:description\" content=\"Easy PRO Easy PRO\u00a0to linia \u017celi buduj\u0105cych, kt\u00f3re powsta\u0142y z my\u015bl\u0105 o wygodzie pracy i niezawodnej trwa\u0142o\u015bci. Dzi\u0119ki\u00a0samopoziomuj\u0105cej konsystencji\u00a0\u0142atwo si\u0119 rozprowadzaj\u0105, tworz\u0105c idealnie g\u0142adk\u0105 powierzchni\u0119 i skracaj\u0105c czas pracy w salonie. \u017bele\u00a0Easy PRO\u00a0to doskona\u0142y wyb\u00f3r zar\u00f3wno do\u00a0przed\u0142u\u017cania paznokci, jak i pracy na naturalnej p\u0142ytce. Ich elastyczno\u015b\u0107, odporno\u015b\u0107 na uszkodzenia i wyj\u0105tkowy komfort aplikacji sprawiaj\u0105, \u017ce [&hellip;]\" \/>\n<meta property=\"og:url\" content=\"https:\/\/velesnails.pl\/uk\/product\/zel-easy-pro-gel-uv-led-fresh-pink-50-ml\/\" \/>\n<meta property=\"og:site_name\" content=\"velesnails\" \/>\n<meta property=\"article:modified_time\" content=\"2026-01-15T22:34:27+00:00\" \/>\n<meta property=\"og:image\" content=\"https:\/\/i0.wp.com\/velesnails.pl\/wp-content\/uploads\/2025\/09\/%D0%97%D0%BD%D1%96%D0%BC%D0%BE%D0%BA-%D0%B5%D0%BA%D1%80%D0%B0%D0%BD%D0%B0-2025-09-25-131912.png?fit=786%2C798&ssl=1\" \/>\n\t<meta property=\"og:image:width\" content=\"786\" \/>\n\t<meta property=\"og:image:height\" content=\"798\" \/>\n\t<meta property=\"og:image:type\" content=\"image\/png\" \/>\n<meta name=\"twitter:card\" content=\"summary_large_image\" \/>\n<meta name=\"twitter:label1\" content=\"\u041f\u0440\u0438\u0431\u043b. \u0447\u0430\u0441 \u0447\u0438\u0442\u0430\u043d\u043d\u044f\" \/>\n\t<meta name=\"twitter:data1\" content=\"3 \u0445\u0432\u0438\u043b\u0438\u043d\u0438\" \/>\n<script type=\"application\/ld+json\" class=\"yoast-schema-graph\">{\"@context\":\"https:\\\/\\\/schema.org\",\"@graph\":[{\"@type\":\"WebPage\",\"@id\":\"https:\\\/\\\/velesnails.pl\\\/product\\\/zel-easy-pro-gel-uv-led-fresh-pink-50-ml\\\/\",\"url\":\"https:\\\/\\\/velesnails.pl\\\/product\\\/zel-easy-pro-gel-uv-led-fresh-pink-50-ml\\\/\",\"name\":\"\u017bel Easy PRO Gel UV LED FRESH PINK 50 ml - velesnails\",\"isPartOf\":{\"@id\":\"https:\\\/\\\/velesnails.pl\\\/#website\"},\"primaryImageOfPage\":{\"@id\":\"https:\\\/\\\/velesnails.pl\\\/product\\\/zel-easy-pro-gel-uv-led-fresh-pink-50-ml\\\/#primaryimage\"},\"image\":{\"@id\":\"https:\\\/\\\/velesnails.pl\\\/product\\\/zel-easy-pro-gel-uv-led-fresh-pink-50-ml\\\/#primaryimage\"},\"thumbnailUrl\":\"https:\\\/\\\/i0.wp.com\\\/velesnails.pl\\\/wp-content\\\/uploads\\\/2025\\\/09\\\/%D0%97%D0%BD%D1%96%D0%BC%D0%BE%D0%BA-%D0%B5%D0%BA%D1%80%D0%B0%D0%BD%D0%B0-2025-09-25-131912.png?fit=786%2C798&ssl=1\",\"datePublished\":\"2025-09-25T11:19:02+00:00\",\"dateModified\":\"2026-01-15T22:34:27+00:00\",\"breadcrumb\":{\"@id\":\"https:\\\/\\\/velesnails.pl\\\/product\\\/zel-easy-pro-gel-uv-led-fresh-pink-50-ml\\\/#breadcrumb\"},\"inLanguage\":\"uk\",\"potentialAction\":[{\"@type\":\"ReadAction\",\"target\":[\"https:\\\/\\\/velesnails.pl\\\/product\\\/zel-easy-pro-gel-uv-led-fresh-pink-50-ml\\\/\"]}]},{\"@type\":\"ImageObject\",\"inLanguage\":\"uk\",\"@id\":\"https:\\\/\\\/velesnails.pl\\\/product\\\/zel-easy-pro-gel-uv-led-fresh-pink-50-ml\\\/#primaryimage\",\"url\":\"https:\\\/\\\/i0.wp.com\\\/velesnails.pl\\\/wp-content\\\/uploads\\\/2025\\\/09\\\/%D0%97%D0%BD%D1%96%D0%BC%D0%BE%D0%BA-%D0%B5%D0%BA%D1%80%D0%B0%D0%BD%D0%B0-2025-09-25-131912.png?fit=786%2C798&ssl=1\",\"contentUrl\":\"https:\\\/\\\/i0.wp.com\\\/velesnails.pl\\\/wp-content\\\/uploads\\\/2025\\\/09\\\/%D0%97%D0%BD%D1%96%D0%BC%D0%BE%D0%BA-%D0%B5%D0%BA%D1%80%D0%B0%D0%BD%D0%B0-2025-09-25-131912.png?fit=786%2C798&ssl=1\",\"width\":786,\"height\":798,\"caption\":\"#image_title\"},{\"@type\":\"BreadcrumbList\",\"@id\":\"https:\\\/\\\/velesnails.pl\\\/product\\\/zel-easy-pro-gel-uv-led-fresh-pink-50-ml\\\/#breadcrumb\",\"itemListElement\":[{\"@type\":\"ListItem\",\"position\":1,\"name\":\"\u0413\u043e\u043b\u043e\u0432\u043d\u0430\",\"item\":\"https:\\\/\\\/velesnails.pl\\\/\"},{\"@type\":\"ListItem\",\"position\":2,\"name\":\"Sklep\",\"item\":\"https:\\\/\\\/velesnails.pl\\\/shop\\\/\"},{\"@type\":\"ListItem\",\"position\":3,\"name\":\"\u017bel Easy PRO Gel UV LED FRESH PINK 50 ml\"}]},{\"@type\":\"WebSite\",\"@id\":\"https:\\\/\\\/velesnails.pl\\\/#website\",\"url\":\"https:\\\/\\\/velesnails.pl\\\/\",\"name\":\"velesnails\",\"description\":\"Sklep z manicure\",\"publisher\":{\"@id\":\"https:\\\/\\\/velesnails.pl\\\/#organization\"},\"potentialAction\":[{\"@type\":\"SearchAction\",\"target\":{\"@type\":\"EntryPoint\",\"urlTemplate\":\"https:\\\/\\\/velesnails.pl\\\/?s={search_term_string}\"},\"query-input\":{\"@type\":\"PropertyValueSpecification\",\"valueRequired\":true,\"valueName\":\"search_term_string\"}}],\"inLanguage\":\"uk\"},{\"@type\":\"Organization\",\"@id\":\"https:\\\/\\\/velesnails.pl\\\/#organization\",\"name\":\"velesnails\",\"url\":\"https:\\\/\\\/velesnails.pl\\\/\",\"logo\":{\"@type\":\"ImageObject\",\"inLanguage\":\"uk\",\"@id\":\"https:\\\/\\\/velesnails.pl\\\/#\\\/schema\\\/logo\\\/image\\\/\",\"url\":\"https:\\\/\\\/i0.wp.com\\\/velesnails.pl\\\/wp-content\\\/uploads\\\/2025\\\/10\\\/cropped-obraz_viber_2025-10-22_13-55-55-969.jpg?fit=485%2C381&ssl=1\",\"contentUrl\":\"https:\\\/\\\/i0.wp.com\\\/velesnails.pl\\\/wp-content\\\/uploads\\\/2025\\\/10\\\/cropped-obraz_viber_2025-10-22_13-55-55-969.jpg?fit=485%2C381&ssl=1\",\"width\":485,\"height\":381,\"caption\":\"velesnails\"},\"image\":{\"@id\":\"https:\\\/\\\/velesnails.pl\\\/#\\\/schema\\\/logo\\\/image\\\/\"}}]}<\/script>\n<!-- \/ Yoast SEO plugin. -->","yoast_head_json":{"title":"\u017bel Easy PRO Gel UV LED FRESH PINK 50 ml - velesnails","robots":{"index":"index","follow":"follow","max-snippet":"max-snippet:-1","max-image-preview":"max-image-preview:large","max-video-preview":"max-video-preview:-1"},"canonical":"https:\/\/velesnails.pl\/uk\/product\/zel-easy-pro-gel-uv-led-fresh-pink-50-ml\/","og_locale":"uk_UA","og_type":"article","og_title":"\u017bel Easy PRO Gel UV LED FRESH PINK 50 ml - velesnails","og_description":"Easy PRO Easy PRO\u00a0to linia \u017celi buduj\u0105cych, kt\u00f3re powsta\u0142y z my\u015bl\u0105 o wygodzie pracy i niezawodnej trwa\u0142o\u015bci. Dzi\u0119ki\u00a0samopoziomuj\u0105cej konsystencji\u00a0\u0142atwo si\u0119 rozprowadzaj\u0105, tworz\u0105c idealnie g\u0142adk\u0105 powierzchni\u0119 i skracaj\u0105c czas pracy w salonie. \u017bele\u00a0Easy PRO\u00a0to doskona\u0142y wyb\u00f3r zar\u00f3wno do\u00a0przed\u0142u\u017cania paznokci, jak i pracy na naturalnej p\u0142ytce. Ich elastyczno\u015b\u0107, odporno\u015b\u0107 na uszkodzenia i wyj\u0105tkowy komfort aplikacji sprawiaj\u0105, \u017ce [&hellip;]","og_url":"https:\/\/velesnails.pl\/uk\/product\/zel-easy-pro-gel-uv-led-fresh-pink-50-ml\/","og_site_name":"velesnails","article_modified_time":"2026-01-15T22:34:27+00:00","og_image":[{"width":786,"height":798,"url":"https:\/\/i0.wp.com\/velesnails.pl\/wp-content\/uploads\/2025\/09\/%D0%97%D0%BD%D1%96%D0%BC%D0%BE%D0%BA-%D0%B5%D0%BA%D1%80%D0%B0%D0%BD%D0%B0-2025-09-25-131912.png?fit=786%2C798&ssl=1","type":"image\/png"}],"twitter_card":"summary_large_image","twitter_misc":{"\u041f\u0440\u0438\u0431\u043b. \u0447\u0430\u0441 \u0447\u0438\u0442\u0430\u043d\u043d\u044f":"3 \u0445\u0432\u0438\u043b\u0438\u043d\u0438"},"schema":{"@context":"https:\/\/schema.org","@graph":[{"@type":"WebPage","@id":"https:\/\/velesnails.pl\/product\/zel-easy-pro-gel-uv-led-fresh-pink-50-ml\/","url":"https:\/\/velesnails.pl\/product\/zel-easy-pro-gel-uv-led-fresh-pink-50-ml\/","name":"\u017bel Easy PRO Gel UV LED FRESH PINK 50 ml - velesnails","isPartOf":{"@id":"https:\/\/velesnails.pl\/#website"},"primaryImageOfPage":{"@id":"https:\/\/velesnails.pl\/product\/zel-easy-pro-gel-uv-led-fresh-pink-50-ml\/#primaryimage"},"image":{"@id":"https:\/\/velesnails.pl\/product\/zel-easy-pro-gel-uv-led-fresh-pink-50-ml\/#primaryimage"},"thumbnailUrl":"https:\/\/i0.wp.com\/velesnails.pl\/wp-content\/uploads\/2025\/09\/%D0%97%D0%BD%D1%96%D0%BC%D0%BE%D0%BA-%D0%B5%D0%BA%D1%80%D0%B0%D0%BD%D0%B0-2025-09-25-131912.png?fit=786%2C798&ssl=1","datePublished":"2025-09-25T11:19:02+00:00","dateModified":"2026-01-15T22:34:27+00:00","breadcrumb":{"@id":"https:\/\/velesnails.pl\/product\/zel-easy-pro-gel-uv-led-fresh-pink-50-ml\/#breadcrumb"},"inLanguage":"uk","potentialAction":[{"@type":"ReadAction","target":["https:\/\/velesnails.pl\/product\/zel-easy-pro-gel-uv-led-fresh-pink-50-ml\/"]}]},{"@type":"ImageObject","inLanguage":"uk","@id":"https:\/\/velesnails.pl\/product\/zel-easy-pro-gel-uv-led-fresh-pink-50-ml\/#primaryimage","url":"https:\/\/i0.wp.com\/velesnails.pl\/wp-content\/uploads\/2025\/09\/%D0%97%D0%BD%D1%96%D0%BC%D0%BE%D0%BA-%D0%B5%D0%BA%D1%80%D0%B0%D0%BD%D0%B0-2025-09-25-131912.png?fit=786%2C798&ssl=1","contentUrl":"https:\/\/i0.wp.com\/velesnails.pl\/wp-content\/uploads\/2025\/09\/%D0%97%D0%BD%D1%96%D0%BC%D0%BE%D0%BA-%D0%B5%D0%BA%D1%80%D0%B0%D0%BD%D0%B0-2025-09-25-131912.png?fit=786%2C798&ssl=1","width":786,"height":798,"caption":"#image_title"},{"@type":"BreadcrumbList","@id":"https:\/\/velesnails.pl\/product\/zel-easy-pro-gel-uv-led-fresh-pink-50-ml\/#breadcrumb","itemListElement":[{"@type":"ListItem","position":1,"name":"\u0413\u043e\u043b\u043e\u0432\u043d\u0430","item":"https:\/\/velesnails.pl\/"},{"@type":"ListItem","position":2,"name":"Sklep","item":"https:\/\/velesnails.pl\/shop\/"},{"@type":"ListItem","position":3,"name":"\u017bel Easy PRO Gel UV LED FRESH PINK 50 ml"}]},{"@type":"WebSite","@id":"https:\/\/velesnails.pl\/#website","url":"https:\/\/velesnails.pl\/","name":"\u0432\u0435\u043b\u0435\u0441\u043e\u0432\u0456 \u043d\u0456\u0433\u0442\u0456","description":"\u041c\u0430\u043d\u0456\u043a\u044e\u0440\u043d\u0438\u0439 \u0441\u0430\u043b\u043e\u043d","publisher":{"@id":"https:\/\/velesnails.pl\/#organization"},"potentialAction":[{"@type":"SearchAction","target":{"@type":"EntryPoint","urlTemplate":"https:\/\/velesnails.pl\/?s={search_term_string}"},"query-input":{"@type":"PropertyValueSpecification","valueRequired":true,"valueName":"search_term_string"}}],"inLanguage":"uk"},{"@type":"Organization","@id":"https:\/\/velesnails.pl\/#organization","name":"\u0432\u0435\u043b\u0435\u0441\u043e\u0432\u0456 \u043d\u0456\u0433\u0442\u0456","url":"https:\/\/velesnails.pl\/","logo":{"@type":"ImageObject","inLanguage":"uk","@id":"https:\/\/velesnails.pl\/#\/schema\/logo\/image\/","url":"https:\/\/i0.wp.com\/velesnails.pl\/wp-content\/uploads\/2025\/10\/cropped-obraz_viber_2025-10-22_13-55-55-969.jpg?fit=485%2C381&ssl=1","contentUrl":"https:\/\/i0.wp.com\/velesnails.pl\/wp-content\/uploads\/2025\/10\/cropped-obraz_viber_2025-10-22_13-55-55-969.jpg?fit=485%2C381&ssl=1","width":485,"height":381,"caption":"velesnails"},"image":{"@id":"https:\/\/velesnails.pl\/#\/schema\/logo\/image\/"}}]}},"_links":{"self":[{"href":"https:\/\/velesnails.pl\/uk\/wp-json\/wp\/v2\/product\/7500","targetHints":{"allow":["GET"]}}],"collection":[{"href":"https:\/\/velesnails.pl\/uk\/wp-json\/wp\/v2\/product"}],"about":[{"href":"https:\/\/velesnails.pl\/uk\/wp-json\/wp\/v2\/types\/product"}],"replies":[{"embeddable":true,"href":"https:\/\/velesnails.pl\/uk\/wp-json\/wp\/v2\/comments?post=7500"}],"wp:featuredmedia":[{"embeddable":true,"href":"https:\/\/velesnails.pl\/uk\/wp-json\/wp\/v2\/media\/7501"}],"wp:attachment":[{"href":"https:\/\/velesnails.pl\/uk\/wp-json\/wp\/v2\/media?parent=7500"}],"wp:term":[{"taxonomy":"product_brand","embeddable":true,"href":"https:\/\/velesnails.pl\/uk\/wp-json\/wp\/v2\/product_brand?post=7500"},{"taxonomy":"product_cat","embeddable":true,"href":"https:\/\/velesnails.pl\/uk\/wp-json\/wp\/v2\/product_cat?post=7500"},{"taxonomy":"product_tag","embeddable":true,"href":"https:\/\/velesnails.pl\/uk\/wp-json\/wp\/v2\/product_tag?post=7500"}],"curies":[{"name":"wp","href":"https:\/\/api.w.org\/{rel}","templated":true}]}}