{"id":7462,"date":"2025-09-24T19:30:40","date_gmt":"2025-09-24T16:30:40","guid":{"rendered":"https:\/\/velesnails.pl\/?post_type=product&#038;p=7462"},"modified":"2025-10-27T14:14:44","modified_gmt":"2025-10-27T11:14:44","slug":"yoshi-lakier-hybrydowy-uv-hybrid-late-green-6-ml-316-2-2-2","status":"publish","type":"product","link":"https:\/\/velesnails.pl\/uk\/product\/yoshi-lakier-hybrydowy-uv-hybrid-late-green-6-ml-316-2-2-2\/","title":{"rendered":"Yoshi Lakier Hybrydowy UV Hybrid Fatte Latte 6 ml \u2013 325"},"content":{"rendered":"<p>Kolekcja \u201eCiao Italiani\u201d od YOSHI to uk\u0142on w stron\u0119 w\u0142oskiego rytua\u0142u picia kawy, gdzie bogaty aromat i przyjemne ciep\u0142o spotykaj\u0105 si\u0119 w jednej fili\u017cance. Znajdziesz tu odcienie g\u0142\u0119bokiego br\u0105zu i delikatne, mleczne be\u017ce, kt\u00f3re razem tworz\u0105 harmoni\u0119 niczym espresso z aksamitn\u0105 piank\u0105. Szczypta kakaowego proszku i nuty karmelowego koloru dope\u0142niaj\u0105 ca\u0142o\u015bci, przenosz\u0105c nas do t\u0119tni\u0105cych \u017cyciem w\u0142oskich kawiarni. Kolekcja \u201eCiao Italiani\u201d zosta\u0142a starannie skomponowana tak, aby ka\u017cdy odcie\u0144 \u2013 od ciep\u0142ego be\u017cu a\u017c po g\u0142\u0119boki br\u0105z \u2013 idealnie podkre\u015bla\u0142 naturalne pi\u0119kno r\u00f3\u017cnych tonacji sk\u00f3ry. Dzi\u0119ki temu, niezale\u017cnie od karnacji, z \u0142atwo\u015bci\u0105 znajdziesz sw\u00f3j wymarzony kolor.<\/p>\n<p><strong style=\"font-weight: bolder\">Lakier Hybrydowy UV LED Ciao Italiani 325 \u2013 Fatte Latte<\/strong><br \/>\nWyobra\u017a sobie kremowe latte skropione s\u0142odkim syropem karmelowym i spienionym mlekiem, a otrzymasz Fatte Latte. To zgaszony, przytulny karmel o aksamitnej g\u0142\u0119bi, kt\u00f3ry pasuje do ka\u017cdej stylizacji \u2013 zar\u00f3wno prostej biurowej, jak i odwa\u017cniejszej imprezowej. Idealny towarzysz na co dzie\u0144, gdy chcesz nada\u0107 d\u0142oniom ciep\u0142ego blasku.<\/p>\n<p>&nbsp;<\/p>\n<h2><strong>Fatte Latte<\/strong><\/h2>\n<p><b style=\"font-weight: bolder\">Numer koloru:<span class=\"Apple-converted-space\">&nbsp;<\/span><\/b>325<\/p>\n<p><b style=\"font-weight: bolder\">Efekt:&nbsp;<\/b>Kryj\u0105cy<\/p>\n<p><b style=\"font-weight: bolder\">Pe\u0142ne krycie:<\/b><span class=\"Apple-converted-space\">&nbsp;<\/span>2 cienkie warstwy<\/p>\n<p><b style=\"font-weight: bolder\">Odcie\u0144:<span class=\"Apple-converted-space\">&nbsp;<\/span><\/b>Br\u0105zowy<\/p>\n<p><b style=\"font-weight: bolder\">Wyko\u0144czenie:<span class=\"Apple-converted-space\">&nbsp;<\/span><\/b>Klasyczne<\/p>\n<p><b style=\"font-weight: bolder\">Konsystencja:&nbsp;<\/b>Kremowa<b style=\"font-weight: bolder\">&nbsp;<\/b><\/p>\n<p><b style=\"font-weight: bolder\">Pojemno\u015b\u0107:&nbsp;<\/b>6 ml<\/p>\n<p><b style=\"font-weight: bolder\">Czas utwardzania:&nbsp;<\/b>30s \u2013 90s LED \/ 120s UV<\/p>\n<p><b style=\"font-weight: bolder\">Przeznaczenie:&nbsp;<\/b>Manicure Hybrydowy<\/p>\n<p><b style=\"font-weight: bolder\">Dyspersja:&nbsp;<\/b>Obecna<\/p>\n<p><strong style=\"font-weight: bolder\"><\/strong><\/p>\n<p><strong><\/strong><\/p>\n<p><strong style=\"font-weight: bolder\">Sk\u0142ad:<span class=\"Apple-converted-space\">&nbsp;<\/span><\/strong>Acrylates Copolymer, Hydroxypropyl Methacrylate, Dimethicone, Mica, Polyethylene Terephthalate, CI 77163, CI 77891, CI 77007, CI 77266, Silica, Bentonite, Ltcure TMO, PEG-4 Trimethylolpropane Triacrylate, P-Hydroxyanisole.<\/p>\n<p>W przypadku uczulenia na kt\u00f3r\u0105kolwiek substancj\u0119 zawart\u0105 w produkcie mo\u017ce wyst\u0105pi\u0107 reakcja alergiczna.<\/p>","protected":false},"excerpt":{"rendered":"<p>Kolekcja \u201eCiao Italiani\u201d od YOSHI to uk\u0142on w stron\u0119 w\u0142oskiego rytua\u0142u picia kawy, gdzie bogaty aromat i przyjemne ciep\u0142o spotykaj\u0105 si\u0119 w jednej fili\u017cance. Znajdziesz tu odcienie g\u0142\u0119bokiego br\u0105zu i delikatne, mleczne be\u017ce, kt\u00f3re razem tworz\u0105 harmoni\u0119 niczym espresso z aksamitn\u0105 piank\u0105. Szczypta kakaowego proszku i nuty karmelowego koloru dope\u0142niaj\u0105 ca\u0142o\u015bci, przenosz\u0105c nas do t\u0119tni\u0105cych [&hellip;]<\/p>\n","protected":false},"featured_media":7465,"comment_status":"open","ping_status":"closed","template":"","meta":{"om_disable_all_campaigns":false,"ocean_post_layout":"","ocean_both_sidebars_style":"","ocean_both_sidebars_content_width":0,"ocean_both_sidebars_sidebars_width":0,"ocean_sidebar":"0","ocean_second_sidebar":"0","ocean_disable_margins":"enable","ocean_add_body_class":"","ocean_shortcode_before_top_bar":"","ocean_shortcode_after_top_bar":"","ocean_shortcode_before_header":"","ocean_shortcode_after_header":"","ocean_has_shortcode":"","ocean_shortcode_after_title":"","ocean_shortcode_before_footer_widgets":"","ocean_shortcode_after_footer_widgets":"","ocean_shortcode_before_footer_bottom":"","ocean_shortcode_after_footer_bottom":"","ocean_display_top_bar":"default","ocean_display_header":"default","ocean_header_style":"","ocean_center_header_left_menu":"0","ocean_custom_header_template":"0","ocean_custom_logo":0,"ocean_custom_retina_logo":0,"ocean_custom_logo_max_width":0,"ocean_custom_logo_tablet_max_width":0,"ocean_custom_logo_mobile_max_width":0,"ocean_custom_logo_max_height":0,"ocean_custom_logo_tablet_max_height":0,"ocean_custom_logo_mobile_max_height":0,"ocean_header_custom_menu":"0","ocean_menu_typo_font_family":"0","ocean_menu_typo_font_subset":"","ocean_menu_typo_font_size":0,"ocean_menu_typo_font_size_tablet":0,"ocean_menu_typo_font_size_mobile":0,"ocean_menu_typo_font_size_unit":"px","ocean_menu_typo_font_weight":"","ocean_menu_typo_font_weight_tablet":"","ocean_menu_typo_font_weight_mobile":"","ocean_menu_typo_transform":"","ocean_menu_typo_transform_tablet":"","ocean_menu_typo_transform_mobile":"","ocean_menu_typo_line_height":0,"ocean_menu_typo_line_height_tablet":0,"ocean_menu_typo_line_height_mobile":0,"ocean_menu_typo_line_height_unit":"","ocean_menu_typo_spacing":0,"ocean_menu_typo_spacing_tablet":0,"ocean_menu_typo_spacing_mobile":0,"ocean_menu_typo_spacing_unit":"","ocean_menu_link_color":"","ocean_menu_link_color_hover":"","ocean_menu_link_color_active":"","ocean_menu_link_background":"","ocean_menu_link_hover_background":"","ocean_menu_link_active_background":"","ocean_menu_social_links_bg":"","ocean_menu_social_hover_links_bg":"","ocean_menu_social_links_color":"","ocean_menu_social_hover_links_color":"","ocean_disable_title":"default","ocean_disable_heading":"default","ocean_post_title":"","ocean_post_subheading":"","ocean_post_title_style":"","ocean_post_title_background_color":"","ocean_post_title_background":0,"ocean_post_title_bg_image_position":"","ocean_post_title_bg_image_attachment":"","ocean_post_title_bg_image_repeat":"","ocean_post_title_bg_image_size":"","ocean_post_title_height":0,"ocean_post_title_bg_overlay":0.5,"ocean_post_title_bg_overlay_color":"","ocean_disable_breadcrumbs":"default","ocean_breadcrumbs_color":"","ocean_breadcrumbs_separator_color":"","ocean_breadcrumbs_links_color":"","ocean_breadcrumbs_links_hover_color":"","ocean_display_footer_widgets":"default","ocean_display_footer_bottom":"default","ocean_custom_footer_template":"0"},"product_brand":[],"product_cat":[111,176,110,289,290],"product_tag":[],"class_list":{"0":"post-7462","1":"product","2":"type-product","3":"status-publish","4":"has-post-thumbnail","6":"product_cat-lakiery-hybrydowe","7":"product_cat-marki","8":"product_cat-paznokcie","9":"product_cat-yoshi-1","10":"product_cat-yoshi-2","12":"entry","13":"has-media","15":"first","16":"outofstock","17":"sale","18":"taxable","19":"shipping-taxable","20":"purchasable","21":"product-type-simple","22":"has-product-nav","23":"col","24":"span_1_of_3","25":"owp-content-center","26":"owp-thumbs-layout-horizontal","27":"owp-btn-normal","28":"owp-tabs-layout-horizontal"},"yoast_head":"<!-- This site is optimized with the Yoast SEO plugin v27.6 - https:\/\/yoast.com\/product\/yoast-seo-wordpress\/ -->\n<title>Yoshi Lakier Hybrydowy UV Hybrid Fatte Latte 6 ml \u2013 325 - velesnails<\/title>\n<meta name=\"robots\" content=\"index, follow, max-snippet:-1, max-image-preview:large, max-video-preview:-1\" \/>\n<link rel=\"canonical\" href=\"https:\/\/velesnails.pl\/uk\/product\/yoshi-lakier-hybrydowy-uv-hybrid-late-green-6-ml-316-2-2-2\/\" \/>\n<meta property=\"og:locale\" content=\"uk_UA\" \/>\n<meta property=\"og:type\" content=\"article\" \/>\n<meta property=\"og:title\" content=\"Yoshi Lakier Hybrydowy UV Hybrid Fatte Latte 6 ml \u2013 325 - velesnails\" \/>\n<meta property=\"og:description\" content=\"Kolekcja \u201eCiao Italiani\u201d od YOSHI to uk\u0142on w stron\u0119 w\u0142oskiego rytua\u0142u picia kawy, gdzie bogaty aromat i przyjemne ciep\u0142o spotykaj\u0105 si\u0119 w jednej fili\u017cance. Znajdziesz tu odcienie g\u0142\u0119bokiego br\u0105zu i delikatne, mleczne be\u017ce, kt\u00f3re razem tworz\u0105 harmoni\u0119 niczym espresso z aksamitn\u0105 piank\u0105. Szczypta kakaowego proszku i nuty karmelowego koloru dope\u0142niaj\u0105 ca\u0142o\u015bci, przenosz\u0105c nas do t\u0119tni\u0105cych [&hellip;]\" \/>\n<meta property=\"og:url\" content=\"https:\/\/velesnails.pl\/uk\/product\/yoshi-lakier-hybrydowy-uv-hybrid-late-green-6-ml-316-2-2-2\/\" \/>\n<meta property=\"og:site_name\" content=\"velesnails\" \/>\n<meta property=\"article:modified_time\" content=\"2025-10-27T11:14:44+00:00\" \/>\n<meta property=\"og:image\" content=\"https:\/\/velesnails.pl\/wp-content\/uploads\/2025\/09\/img_2677.jpeg\" \/>\n\t<meta property=\"og:image:width\" content=\"1290\" \/>\n\t<meta property=\"og:image:height\" content=\"1256\" \/>\n\t<meta property=\"og:image:type\" content=\"image\/jpeg\" \/>\n<meta name=\"twitter:card\" content=\"summary_large_image\" \/>\n<meta name=\"twitter:label1\" content=\"\u041f\u0440\u0438\u0431\u043b. \u0447\u0430\u0441 \u0447\u0438\u0442\u0430\u043d\u043d\u044f\" \/>\n\t<meta name=\"twitter:data1\" content=\"1 \u0445\u0432\u0438\u043b\u0438\u043d\u0430\" \/>\n<script type=\"application\/ld+json\" class=\"yoast-schema-graph\">{\"@context\":\"https:\\\/\\\/schema.org\",\"@graph\":[{\"@type\":\"WebPage\",\"@id\":\"https:\\\/\\\/velesnails.pl\\\/product\\\/yoshi-lakier-hybrydowy-uv-hybrid-late-green-6-ml-316-2-2-2\\\/\",\"url\":\"https:\\\/\\\/velesnails.pl\\\/product\\\/yoshi-lakier-hybrydowy-uv-hybrid-late-green-6-ml-316-2-2-2\\\/\",\"name\":\"Yoshi Lakier Hybrydowy UV Hybrid Fatte Latte 6 ml \u2013 325 - velesnails\",\"isPartOf\":{\"@id\":\"https:\\\/\\\/velesnails.pl\\\/#website\"},\"primaryImageOfPage\":{\"@id\":\"https:\\\/\\\/velesnails.pl\\\/product\\\/yoshi-lakier-hybrydowy-uv-hybrid-late-green-6-ml-316-2-2-2\\\/#primaryimage\"},\"image\":{\"@id\":\"https:\\\/\\\/velesnails.pl\\\/product\\\/yoshi-lakier-hybrydowy-uv-hybrid-late-green-6-ml-316-2-2-2\\\/#primaryimage\"},\"thumbnailUrl\":\"https:\\\/\\\/i0.wp.com\\\/velesnails.pl\\\/wp-content\\\/uploads\\\/2025\\\/09\\\/img_2677.jpeg?fit=1290%2C1256&ssl=1\",\"datePublished\":\"2025-09-24T16:30:40+00:00\",\"dateModified\":\"2025-10-27T11:14:44+00:00\",\"breadcrumb\":{\"@id\":\"https:\\\/\\\/velesnails.pl\\\/product\\\/yoshi-lakier-hybrydowy-uv-hybrid-late-green-6-ml-316-2-2-2\\\/#breadcrumb\"},\"inLanguage\":\"uk\",\"potentialAction\":[{\"@type\":\"ReadAction\",\"target\":[\"https:\\\/\\\/velesnails.pl\\\/product\\\/yoshi-lakier-hybrydowy-uv-hybrid-late-green-6-ml-316-2-2-2\\\/\"]}]},{\"@type\":\"ImageObject\",\"inLanguage\":\"uk\",\"@id\":\"https:\\\/\\\/velesnails.pl\\\/product\\\/yoshi-lakier-hybrydowy-uv-hybrid-late-green-6-ml-316-2-2-2\\\/#primaryimage\",\"url\":\"https:\\\/\\\/i0.wp.com\\\/velesnails.pl\\\/wp-content\\\/uploads\\\/2025\\\/09\\\/img_2677.jpeg?fit=1290%2C1256&ssl=1\",\"contentUrl\":\"https:\\\/\\\/i0.wp.com\\\/velesnails.pl\\\/wp-content\\\/uploads\\\/2025\\\/09\\\/img_2677.jpeg?fit=1290%2C1256&ssl=1\",\"width\":1290,\"height\":1256,\"caption\":\"#image_title\"},{\"@type\":\"BreadcrumbList\",\"@id\":\"https:\\\/\\\/velesnails.pl\\\/product\\\/yoshi-lakier-hybrydowy-uv-hybrid-late-green-6-ml-316-2-2-2\\\/#breadcrumb\",\"itemListElement\":[{\"@type\":\"ListItem\",\"position\":1,\"name\":\"\u0413\u043e\u043b\u043e\u0432\u043d\u0430\",\"item\":\"https:\\\/\\\/velesnails.pl\\\/\"},{\"@type\":\"ListItem\",\"position\":2,\"name\":\"Sklep\",\"item\":\"https:\\\/\\\/velesnails.pl\\\/shop\\\/\"},{\"@type\":\"ListItem\",\"position\":3,\"name\":\"Yoshi Lakier Hybrydowy UV Hybrid Fatte Latte 6 ml \u2013 325\"}]},{\"@type\":\"WebSite\",\"@id\":\"https:\\\/\\\/velesnails.pl\\\/#website\",\"url\":\"https:\\\/\\\/velesnails.pl\\\/\",\"name\":\"velesnails\",\"description\":\"Sklep z manicure\",\"publisher\":{\"@id\":\"https:\\\/\\\/velesnails.pl\\\/#organization\"},\"potentialAction\":[{\"@type\":\"SearchAction\",\"target\":{\"@type\":\"EntryPoint\",\"urlTemplate\":\"https:\\\/\\\/velesnails.pl\\\/?s={search_term_string}\"},\"query-input\":{\"@type\":\"PropertyValueSpecification\",\"valueRequired\":true,\"valueName\":\"search_term_string\"}}],\"inLanguage\":\"uk\"},{\"@type\":\"Organization\",\"@id\":\"https:\\\/\\\/velesnails.pl\\\/#organization\",\"name\":\"velesnails\",\"url\":\"https:\\\/\\\/velesnails.pl\\\/\",\"logo\":{\"@type\":\"ImageObject\",\"inLanguage\":\"uk\",\"@id\":\"https:\\\/\\\/velesnails.pl\\\/#\\\/schema\\\/logo\\\/image\\\/\",\"url\":\"https:\\\/\\\/i0.wp.com\\\/velesnails.pl\\\/wp-content\\\/uploads\\\/2025\\\/10\\\/cropped-obraz_viber_2025-10-22_13-55-55-969.jpg?fit=485%2C381&ssl=1\",\"contentUrl\":\"https:\\\/\\\/i0.wp.com\\\/velesnails.pl\\\/wp-content\\\/uploads\\\/2025\\\/10\\\/cropped-obraz_viber_2025-10-22_13-55-55-969.jpg?fit=485%2C381&ssl=1\",\"width\":485,\"height\":381,\"caption\":\"velesnails\"},\"image\":{\"@id\":\"https:\\\/\\\/velesnails.pl\\\/#\\\/schema\\\/logo\\\/image\\\/\"}}]}<\/script>\n<!-- \/ Yoast SEO plugin. -->","yoast_head_json":{"title":"Yoshi Lakier Hybrydowy UV Hybrid Fatte Latte 6 ml \u2013 325 - velesnails","robots":{"index":"index","follow":"follow","max-snippet":"max-snippet:-1","max-image-preview":"max-image-preview:large","max-video-preview":"max-video-preview:-1"},"canonical":"https:\/\/velesnails.pl\/uk\/product\/yoshi-lakier-hybrydowy-uv-hybrid-late-green-6-ml-316-2-2-2\/","og_locale":"uk_UA","og_type":"article","og_title":"Yoshi Lakier Hybrydowy UV Hybrid Fatte Latte 6 ml \u2013 325 - velesnails","og_description":"Kolekcja \u201eCiao Italiani\u201d od YOSHI to uk\u0142on w stron\u0119 w\u0142oskiego rytua\u0142u picia kawy, gdzie bogaty aromat i przyjemne ciep\u0142o spotykaj\u0105 si\u0119 w jednej fili\u017cance. Znajdziesz tu odcienie g\u0142\u0119bokiego br\u0105zu i delikatne, mleczne be\u017ce, kt\u00f3re razem tworz\u0105 harmoni\u0119 niczym espresso z aksamitn\u0105 piank\u0105. Szczypta kakaowego proszku i nuty karmelowego koloru dope\u0142niaj\u0105 ca\u0142o\u015bci, przenosz\u0105c nas do t\u0119tni\u0105cych [&hellip;]","og_url":"https:\/\/velesnails.pl\/uk\/product\/yoshi-lakier-hybrydowy-uv-hybrid-late-green-6-ml-316-2-2-2\/","og_site_name":"velesnails","article_modified_time":"2025-10-27T11:14:44+00:00","og_image":[{"width":1290,"height":1256,"url":"https:\/\/velesnails.pl\/wp-content\/uploads\/2025\/09\/img_2677.jpeg","type":"image\/jpeg"}],"twitter_card":"summary_large_image","twitter_misc":{"\u041f\u0440\u0438\u0431\u043b. \u0447\u0430\u0441 \u0447\u0438\u0442\u0430\u043d\u043d\u044f":"1 \u0445\u0432\u0438\u043b\u0438\u043d\u0430"},"schema":{"@context":"https:\/\/schema.org","@graph":[{"@type":"WebPage","@id":"https:\/\/velesnails.pl\/product\/yoshi-lakier-hybrydowy-uv-hybrid-late-green-6-ml-316-2-2-2\/","url":"https:\/\/velesnails.pl\/product\/yoshi-lakier-hybrydowy-uv-hybrid-late-green-6-ml-316-2-2-2\/","name":"Yoshi Lakier Hybrydowy UV Hybrid Fatte Latte 6 ml \u2013 325 - velesnails","isPartOf":{"@id":"https:\/\/velesnails.pl\/#website"},"primaryImageOfPage":{"@id":"https:\/\/velesnails.pl\/product\/yoshi-lakier-hybrydowy-uv-hybrid-late-green-6-ml-316-2-2-2\/#primaryimage"},"image":{"@id":"https:\/\/velesnails.pl\/product\/yoshi-lakier-hybrydowy-uv-hybrid-late-green-6-ml-316-2-2-2\/#primaryimage"},"thumbnailUrl":"https:\/\/i0.wp.com\/velesnails.pl\/wp-content\/uploads\/2025\/09\/img_2677.jpeg?fit=1290%2C1256&ssl=1","datePublished":"2025-09-24T16:30:40+00:00","dateModified":"2025-10-27T11:14:44+00:00","breadcrumb":{"@id":"https:\/\/velesnails.pl\/product\/yoshi-lakier-hybrydowy-uv-hybrid-late-green-6-ml-316-2-2-2\/#breadcrumb"},"inLanguage":"uk","potentialAction":[{"@type":"ReadAction","target":["https:\/\/velesnails.pl\/product\/yoshi-lakier-hybrydowy-uv-hybrid-late-green-6-ml-316-2-2-2\/"]}]},{"@type":"ImageObject","inLanguage":"uk","@id":"https:\/\/velesnails.pl\/product\/yoshi-lakier-hybrydowy-uv-hybrid-late-green-6-ml-316-2-2-2\/#primaryimage","url":"https:\/\/i0.wp.com\/velesnails.pl\/wp-content\/uploads\/2025\/09\/img_2677.jpeg?fit=1290%2C1256&ssl=1","contentUrl":"https:\/\/i0.wp.com\/velesnails.pl\/wp-content\/uploads\/2025\/09\/img_2677.jpeg?fit=1290%2C1256&ssl=1","width":1290,"height":1256,"caption":"#image_title"},{"@type":"BreadcrumbList","@id":"https:\/\/velesnails.pl\/product\/yoshi-lakier-hybrydowy-uv-hybrid-late-green-6-ml-316-2-2-2\/#breadcrumb","itemListElement":[{"@type":"ListItem","position":1,"name":"\u0413\u043e\u043b\u043e\u0432\u043d\u0430","item":"https:\/\/velesnails.pl\/"},{"@type":"ListItem","position":2,"name":"Sklep","item":"https:\/\/velesnails.pl\/shop\/"},{"@type":"ListItem","position":3,"name":"Yoshi Lakier Hybrydowy UV Hybrid Fatte Latte 6 ml \u2013 325"}]},{"@type":"WebSite","@id":"https:\/\/velesnails.pl\/#website","url":"https:\/\/velesnails.pl\/","name":"\u0432\u0435\u043b\u0435\u0441\u043e\u0432\u0456 \u043d\u0456\u0433\u0442\u0456","description":"\u041c\u0430\u043d\u0456\u043a\u044e\u0440\u043d\u0438\u0439 \u0441\u0430\u043b\u043e\u043d","publisher":{"@id":"https:\/\/velesnails.pl\/#organization"},"potentialAction":[{"@type":"SearchAction","target":{"@type":"EntryPoint","urlTemplate":"https:\/\/velesnails.pl\/?s={search_term_string}"},"query-input":{"@type":"PropertyValueSpecification","valueRequired":true,"valueName":"search_term_string"}}],"inLanguage":"uk"},{"@type":"Organization","@id":"https:\/\/velesnails.pl\/#organization","name":"\u0432\u0435\u043b\u0435\u0441\u043e\u0432\u0456 \u043d\u0456\u0433\u0442\u0456","url":"https:\/\/velesnails.pl\/","logo":{"@type":"ImageObject","inLanguage":"uk","@id":"https:\/\/velesnails.pl\/#\/schema\/logo\/image\/","url":"https:\/\/i0.wp.com\/velesnails.pl\/wp-content\/uploads\/2025\/10\/cropped-obraz_viber_2025-10-22_13-55-55-969.jpg?fit=485%2C381&ssl=1","contentUrl":"https:\/\/i0.wp.com\/velesnails.pl\/wp-content\/uploads\/2025\/10\/cropped-obraz_viber_2025-10-22_13-55-55-969.jpg?fit=485%2C381&ssl=1","width":485,"height":381,"caption":"velesnails"},"image":{"@id":"https:\/\/velesnails.pl\/#\/schema\/logo\/image\/"}}]}},"_links":{"self":[{"href":"https:\/\/velesnails.pl\/uk\/wp-json\/wp\/v2\/product\/7462","targetHints":{"allow":["GET"]}}],"collection":[{"href":"https:\/\/velesnails.pl\/uk\/wp-json\/wp\/v2\/product"}],"about":[{"href":"https:\/\/velesnails.pl\/uk\/wp-json\/wp\/v2\/types\/product"}],"replies":[{"embeddable":true,"href":"https:\/\/velesnails.pl\/uk\/wp-json\/wp\/v2\/comments?post=7462"}],"wp:featuredmedia":[{"embeddable":true,"href":"https:\/\/velesnails.pl\/uk\/wp-json\/wp\/v2\/media\/7465"}],"wp:attachment":[{"href":"https:\/\/velesnails.pl\/uk\/wp-json\/wp\/v2\/media?parent=7462"}],"wp:term":[{"taxonomy":"product_brand","embeddable":true,"href":"https:\/\/velesnails.pl\/uk\/wp-json\/wp\/v2\/product_brand?post=7462"},{"taxonomy":"product_cat","embeddable":true,"href":"https:\/\/velesnails.pl\/uk\/wp-json\/wp\/v2\/product_cat?post=7462"},{"taxonomy":"product_tag","embeddable":true,"href":"https:\/\/velesnails.pl\/uk\/wp-json\/wp\/v2\/product_tag?post=7462"}],"curies":[{"name":"wp","href":"https:\/\/api.w.org\/{rel}","templated":true}]}}