{"id":7425,"date":"2025-09-24T16:15:13","date_gmt":"2025-09-24T13:15:13","guid":{"rendered":"https:\/\/velesnails.pl\/?post_type=product&#038;p=7425"},"modified":"2025-10-27T14:18:11","modified_gmt":"2025-10-27T11:18:11","slug":"yoshi-lakier-hybrydowy-uv-hybrid-late-red-6-ml-312","status":"publish","type":"product","link":"https:\/\/velesnails.pl\/uk\/product\/yoshi-lakier-hybrydowy-uv-hybrid-late-red-6-ml-312\/","title":{"rendered":"Yoshi Lakier Hybrydowy UV Hybrid Late Red 6 ml \u2013 312"},"content":{"rendered":"<p><strong>Kolekcja \u201eLate Autumn\u201d od YOSHI \u2013 magia jesieni zamkni\u0119ta w kolorach!<\/strong><br \/>\nOdkryj pi\u0119kno p\u00f3\u017anej jesieni z kolekcj\u0105 \u201eLate Autumn\u201d od YOSHI. Ta wyj\u0105tkowa linia lakier\u00f3w hybrydowych zosta\u0142a stworzona, aby uchwyci\u0107 esencj\u0119 tej melancholijnej, a zarazem zachwycaj\u0105cej pory roku. G\u0142\u0119bokie barwy ziemi, nasycone odcienie czerwieni i \u017c\u00f3\u0142ci oraz tajemnicze fiolety przywodz\u0105 na my\u015bl spadaj\u0105ce li\u015bcie, z\u0142ote promienie s\u0142o\u0144ca i przytulne wieczory sp\u0119dzone w ciep\u0142ym \u015bwietle \u015bwiec.<br \/>\nKa\u017cdy kolor z tej kolekcji opowiada inn\u0105 histori\u0119 \u2013 od spacer\u00f3w po lesie, przez kubek gor\u0105cej herbaty w ulubionym fotelu, a\u017c po wieczorne przyj\u0119cia w gronie najbli\u017cszych. \u201eLate Autumn\u201d to idealny wyb\u00f3r na ch\u0142odne, ale pe\u0142ne uroku dni, kt\u00f3re zapadaj\u0105 w pami\u0119\u0107.<\/p>\n<p><strong>Lakier Hybrydowy UV Hybrid Late Red 6 ml \u2013 312<\/strong><br \/>\nSoczysty, \u017curawinowy odcie\u0144, kt\u00f3ry emanuje ciep\u0142em i energi\u0105. Wprowadzi na paznokcie odrobin\u0119 \u015bwi\u0105tecznego nastroju, b\u0119d\u0105c doskona\u0142ym wyborem na co dzie\u0144 i na specjalne chwile.<\/p>\n<h2><\/h2>\n<h2>Late Red<\/h2>\n<p>Jesienna Kolekcja YOSHI<\/p>\n<p><b>Numer koloru:\u00a0<\/b>312<\/p>\n<p><b>Efekt:\u00a0<\/b>Kryj\u0105cy<\/p>\n<p><b>Pe\u0142ne krycie:<\/b>\u00a02 cienkie warstwy<\/p>\n<p><b>Odcie\u0144:\u00a0<\/b>Czerwie\u0144<\/p>\n<p><b>Wyko\u0144czenie:\u00a0<\/b>Klasyczne<b>\u00a0<\/b><\/p>\n<p><b>Konsystencja:\u00a0<\/b>Kremowa<b>\u00a0<\/b><\/p>\n<p><b>Pojemno\u015b\u0107:\u00a0<\/b>6 ml<\/p>\n<p><b>Czas utwardzania:\u00a0<\/b>30s \u2013 90s LED \/ 120s UV<\/p>\n<p><b>Przeznaczenie:\u00a0<\/b>Manicure Hybrydowy<\/p>\n<p><b>Dyspersja:\u00a0<\/b>Obecna<\/p>\n<p>&nbsp;<\/p>\n<p><strong>Sk\u0142ad:\u00a0<\/strong>Acrylates Copolymer, Hydroxypropyl Methacrylate, Dimethicone, Mica, Polyethylene Terephthalate, CI 77163, CI 77891, CI 77007, CI 77266, Silica, Bentonite, Ltcure TMO, PEG-4 Trimethylolpropane Triacrylate, P-Hydroxyanisole.<\/p>\n<p>W przypadku uczulenia na kt\u00f3r\u0105kolwiek substancj\u0119 zawart\u0105 w produkcie mo\u017ce wyst\u0105pi\u0107 reakcja alergiczna.<\/p>","protected":false},"excerpt":{"rendered":"<p>Kolekcja \u201eLate Autumn\u201d od YOSHI \u2013 magia jesieni zamkni\u0119ta w kolorach! Odkryj pi\u0119kno p\u00f3\u017anej jesieni z kolekcj\u0105 \u201eLate Autumn\u201d od YOSHI. Ta wyj\u0105tkowa linia lakier\u00f3w hybrydowych zosta\u0142a stworzona, aby uchwyci\u0107 esencj\u0119 tej melancholijnej, a zarazem zachwycaj\u0105cej pory roku. G\u0142\u0119bokie barwy ziemi, nasycone odcienie czerwieni i \u017c\u00f3\u0142ci oraz tajemnicze fiolety przywodz\u0105 na my\u015bl spadaj\u0105ce li\u015bcie, z\u0142ote [&hellip;]<\/p>\n","protected":false},"featured_media":7426,"comment_status":"open","ping_status":"closed","template":"","meta":{"om_disable_all_campaigns":false,"ocean_post_layout":"","ocean_both_sidebars_style":"","ocean_both_sidebars_content_width":0,"ocean_both_sidebars_sidebars_width":0,"ocean_sidebar":"0","ocean_second_sidebar":"0","ocean_disable_margins":"enable","ocean_add_body_class":"","ocean_shortcode_before_top_bar":"","ocean_shortcode_after_top_bar":"","ocean_shortcode_before_header":"","ocean_shortcode_after_header":"","ocean_has_shortcode":"","ocean_shortcode_after_title":"","ocean_shortcode_before_footer_widgets":"","ocean_shortcode_after_footer_widgets":"","ocean_shortcode_before_footer_bottom":"","ocean_shortcode_after_footer_bottom":"","ocean_display_top_bar":"default","ocean_display_header":"default","ocean_header_style":"","ocean_center_header_left_menu":"0","ocean_custom_header_template":"0","ocean_custom_logo":0,"ocean_custom_retina_logo":0,"ocean_custom_logo_max_width":0,"ocean_custom_logo_tablet_max_width":0,"ocean_custom_logo_mobile_max_width":0,"ocean_custom_logo_max_height":0,"ocean_custom_logo_tablet_max_height":0,"ocean_custom_logo_mobile_max_height":0,"ocean_header_custom_menu":"0","ocean_menu_typo_font_family":"0","ocean_menu_typo_font_subset":"","ocean_menu_typo_font_size":0,"ocean_menu_typo_font_size_tablet":0,"ocean_menu_typo_font_size_mobile":0,"ocean_menu_typo_font_size_unit":"px","ocean_menu_typo_font_weight":"","ocean_menu_typo_font_weight_tablet":"","ocean_menu_typo_font_weight_mobile":"","ocean_menu_typo_transform":"","ocean_menu_typo_transform_tablet":"","ocean_menu_typo_transform_mobile":"","ocean_menu_typo_line_height":0,"ocean_menu_typo_line_height_tablet":0,"ocean_menu_typo_line_height_mobile":0,"ocean_menu_typo_line_height_unit":"","ocean_menu_typo_spacing":0,"ocean_menu_typo_spacing_tablet":0,"ocean_menu_typo_spacing_mobile":0,"ocean_menu_typo_spacing_unit":"","ocean_menu_link_color":"","ocean_menu_link_color_hover":"","ocean_menu_link_color_active":"","ocean_menu_link_background":"","ocean_menu_link_hover_background":"","ocean_menu_link_active_background":"","ocean_menu_social_links_bg":"","ocean_menu_social_hover_links_bg":"","ocean_menu_social_links_color":"","ocean_menu_social_hover_links_color":"","ocean_disable_title":"default","ocean_disable_heading":"default","ocean_post_title":"","ocean_post_subheading":"","ocean_post_title_style":"","ocean_post_title_background_color":"","ocean_post_title_background":0,"ocean_post_title_bg_image_position":"","ocean_post_title_bg_image_attachment":"","ocean_post_title_bg_image_repeat":"","ocean_post_title_bg_image_size":"","ocean_post_title_height":0,"ocean_post_title_bg_overlay":0.5,"ocean_post_title_bg_overlay_color":"","ocean_disable_breadcrumbs":"default","ocean_breadcrumbs_color":"","ocean_breadcrumbs_separator_color":"","ocean_breadcrumbs_links_color":"","ocean_breadcrumbs_links_hover_color":"","ocean_display_footer_widgets":"default","ocean_display_footer_bottom":"default","ocean_custom_footer_template":"0"},"product_brand":[288],"product_cat":[111,176,110,289,290],"product_tag":[],"class_list":{"0":"post-7425","1":"product","2":"type-product","3":"status-publish","4":"has-post-thumbnail","6":"product_brand-yoshi","7":"product_cat-lakiery-hybrydowe","8":"product_cat-marki","9":"product_cat-paznokcie","10":"product_cat-yoshi-1","11":"product_cat-yoshi-2","13":"entry","14":"has-media","16":"first","17":"instock","18":"sale","19":"taxable","20":"shipping-taxable","21":"purchasable","22":"product-type-simple","23":"has-product-nav","24":"col","25":"span_1_of_3","26":"owp-content-center","27":"owp-thumbs-layout-horizontal","28":"owp-btn-normal","29":"owp-tabs-layout-horizontal"},"yoast_head":"<!-- This site is optimized with the Yoast SEO plugin v27.6 - https:\/\/yoast.com\/product\/yoast-seo-wordpress\/ -->\n<title>Yoshi Lakier Hybrydowy UV Hybrid Late Red 6 ml \u2013 312 - velesnails<\/title>\n<meta name=\"robots\" content=\"index, follow, max-snippet:-1, max-image-preview:large, max-video-preview:-1\" \/>\n<link rel=\"canonical\" href=\"https:\/\/velesnails.pl\/uk\/product\/yoshi-lakier-hybrydowy-uv-hybrid-late-red-6-ml-312\/\" \/>\n<meta property=\"og:locale\" content=\"uk_UA\" \/>\n<meta property=\"og:type\" content=\"article\" \/>\n<meta property=\"og:title\" content=\"Yoshi Lakier Hybrydowy UV Hybrid Late Red 6 ml \u2013 312 - velesnails\" \/>\n<meta property=\"og:description\" content=\"Kolekcja \u201eLate Autumn\u201d od YOSHI \u2013 magia jesieni zamkni\u0119ta w kolorach! Odkryj pi\u0119kno p\u00f3\u017anej jesieni z kolekcj\u0105 \u201eLate Autumn\u201d od YOSHI. Ta wyj\u0105tkowa linia lakier\u00f3w hybrydowych zosta\u0142a stworzona, aby uchwyci\u0107 esencj\u0119 tej melancholijnej, a zarazem zachwycaj\u0105cej pory roku. G\u0142\u0119bokie barwy ziemi, nasycone odcienie czerwieni i \u017c\u00f3\u0142ci oraz tajemnicze fiolety przywodz\u0105 na my\u015bl spadaj\u0105ce li\u015bcie, z\u0142ote [&hellip;]\" \/>\n<meta property=\"og:url\" content=\"https:\/\/velesnails.pl\/uk\/product\/yoshi-lakier-hybrydowy-uv-hybrid-late-red-6-ml-312\/\" \/>\n<meta property=\"og:site_name\" content=\"velesnails\" \/>\n<meta property=\"article:modified_time\" content=\"2025-10-27T11:18:11+00:00\" \/>\n<meta property=\"og:image\" content=\"https:\/\/velesnails.pl\/wp-content\/uploads\/2025\/09\/\u0417\u043d\u0456\u043c\u043e\u043a-\u0435\u043a\u0440\u0430\u043d\u0430-2025-09-24-151827.png\" \/>\n\t<meta property=\"og:image:width\" content=\"796\" \/>\n\t<meta property=\"og:image:height\" content=\"797\" \/>\n\t<meta property=\"og:image:type\" content=\"image\/png\" \/>\n<meta name=\"twitter:card\" content=\"summary_large_image\" \/>\n<meta name=\"twitter:label1\" content=\"\u041f\u0440\u0438\u0431\u043b. \u0447\u0430\u0441 \u0447\u0438\u0442\u0430\u043d\u043d\u044f\" \/>\n\t<meta name=\"twitter:data1\" content=\"2 \u0445\u0432\u0438\u043b\u0438\u043d\u0438\" \/>\n<script type=\"application\/ld+json\" class=\"yoast-schema-graph\">{\"@context\":\"https:\\\/\\\/schema.org\",\"@graph\":[{\"@type\":\"WebPage\",\"@id\":\"https:\\\/\\\/velesnails.pl\\\/product\\\/yoshi-lakier-hybrydowy-uv-hybrid-late-red-6-ml-312\\\/\",\"url\":\"https:\\\/\\\/velesnails.pl\\\/product\\\/yoshi-lakier-hybrydowy-uv-hybrid-late-red-6-ml-312\\\/\",\"name\":\"Yoshi Lakier Hybrydowy UV Hybrid Late Red 6 ml \u2013 312 - velesnails\",\"isPartOf\":{\"@id\":\"https:\\\/\\\/velesnails.pl\\\/#website\"},\"primaryImageOfPage\":{\"@id\":\"https:\\\/\\\/velesnails.pl\\\/product\\\/yoshi-lakier-hybrydowy-uv-hybrid-late-red-6-ml-312\\\/#primaryimage\"},\"image\":{\"@id\":\"https:\\\/\\\/velesnails.pl\\\/product\\\/yoshi-lakier-hybrydowy-uv-hybrid-late-red-6-ml-312\\\/#primaryimage\"},\"thumbnailUrl\":\"https:\\\/\\\/i0.wp.com\\\/velesnails.pl\\\/wp-content\\\/uploads\\\/2025\\\/09\\\/%D0%97%D0%BD%D1%96%D0%BC%D0%BE%D0%BA-%D0%B5%D0%BA%D1%80%D0%B0%D0%BD%D0%B0-2025-09-24-151827.png?fit=796%2C797&ssl=1\",\"datePublished\":\"2025-09-24T13:15:13+00:00\",\"dateModified\":\"2025-10-27T11:18:11+00:00\",\"breadcrumb\":{\"@id\":\"https:\\\/\\\/velesnails.pl\\\/product\\\/yoshi-lakier-hybrydowy-uv-hybrid-late-red-6-ml-312\\\/#breadcrumb\"},\"inLanguage\":\"uk\",\"potentialAction\":[{\"@type\":\"ReadAction\",\"target\":[\"https:\\\/\\\/velesnails.pl\\\/product\\\/yoshi-lakier-hybrydowy-uv-hybrid-late-red-6-ml-312\\\/\"]}]},{\"@type\":\"ImageObject\",\"inLanguage\":\"uk\",\"@id\":\"https:\\\/\\\/velesnails.pl\\\/product\\\/yoshi-lakier-hybrydowy-uv-hybrid-late-red-6-ml-312\\\/#primaryimage\",\"url\":\"https:\\\/\\\/i0.wp.com\\\/velesnails.pl\\\/wp-content\\\/uploads\\\/2025\\\/09\\\/%D0%97%D0%BD%D1%96%D0%BC%D0%BE%D0%BA-%D0%B5%D0%BA%D1%80%D0%B0%D0%BD%D0%B0-2025-09-24-151827.png?fit=796%2C797&ssl=1\",\"contentUrl\":\"https:\\\/\\\/i0.wp.com\\\/velesnails.pl\\\/wp-content\\\/uploads\\\/2025\\\/09\\\/%D0%97%D0%BD%D1%96%D0%BC%D0%BE%D0%BA-%D0%B5%D0%BA%D1%80%D0%B0%D0%BD%D0%B0-2025-09-24-151827.png?fit=796%2C797&ssl=1\",\"width\":796,\"height\":797,\"caption\":\"#image_title\"},{\"@type\":\"BreadcrumbList\",\"@id\":\"https:\\\/\\\/velesnails.pl\\\/product\\\/yoshi-lakier-hybrydowy-uv-hybrid-late-red-6-ml-312\\\/#breadcrumb\",\"itemListElement\":[{\"@type\":\"ListItem\",\"position\":1,\"name\":\"\u0413\u043e\u043b\u043e\u0432\u043d\u0430\",\"item\":\"https:\\\/\\\/velesnails.pl\\\/\"},{\"@type\":\"ListItem\",\"position\":2,\"name\":\"Sklep\",\"item\":\"https:\\\/\\\/velesnails.pl\\\/shop\\\/\"},{\"@type\":\"ListItem\",\"position\":3,\"name\":\"Yoshi Lakier Hybrydowy UV Hybrid Late Red 6 ml \u2013 312\"}]},{\"@type\":\"WebSite\",\"@id\":\"https:\\\/\\\/velesnails.pl\\\/#website\",\"url\":\"https:\\\/\\\/velesnails.pl\\\/\",\"name\":\"velesnails\",\"description\":\"Sklep z manicure\",\"publisher\":{\"@id\":\"https:\\\/\\\/velesnails.pl\\\/#organization\"},\"potentialAction\":[{\"@type\":\"SearchAction\",\"target\":{\"@type\":\"EntryPoint\",\"urlTemplate\":\"https:\\\/\\\/velesnails.pl\\\/?s={search_term_string}\"},\"query-input\":{\"@type\":\"PropertyValueSpecification\",\"valueRequired\":true,\"valueName\":\"search_term_string\"}}],\"inLanguage\":\"uk\"},{\"@type\":\"Organization\",\"@id\":\"https:\\\/\\\/velesnails.pl\\\/#organization\",\"name\":\"velesnails\",\"url\":\"https:\\\/\\\/velesnails.pl\\\/\",\"logo\":{\"@type\":\"ImageObject\",\"inLanguage\":\"uk\",\"@id\":\"https:\\\/\\\/velesnails.pl\\\/#\\\/schema\\\/logo\\\/image\\\/\",\"url\":\"https:\\\/\\\/i0.wp.com\\\/velesnails.pl\\\/wp-content\\\/uploads\\\/2025\\\/10\\\/cropped-obraz_viber_2025-10-22_13-55-55-969.jpg?fit=485%2C381&ssl=1\",\"contentUrl\":\"https:\\\/\\\/i0.wp.com\\\/velesnails.pl\\\/wp-content\\\/uploads\\\/2025\\\/10\\\/cropped-obraz_viber_2025-10-22_13-55-55-969.jpg?fit=485%2C381&ssl=1\",\"width\":485,\"height\":381,\"caption\":\"velesnails\"},\"image\":{\"@id\":\"https:\\\/\\\/velesnails.pl\\\/#\\\/schema\\\/logo\\\/image\\\/\"}}]}<\/script>\n<!-- \/ Yoast SEO plugin. -->","yoast_head_json":{"title":"Yoshi Lakier Hybrydowy UV Hybrid Late Red 6 ml \u2013 312 - velesnails","robots":{"index":"index","follow":"follow","max-snippet":"max-snippet:-1","max-image-preview":"max-image-preview:large","max-video-preview":"max-video-preview:-1"},"canonical":"https:\/\/velesnails.pl\/uk\/product\/yoshi-lakier-hybrydowy-uv-hybrid-late-red-6-ml-312\/","og_locale":"uk_UA","og_type":"article","og_title":"Yoshi Lakier Hybrydowy UV Hybrid Late Red 6 ml \u2013 312 - velesnails","og_description":"Kolekcja \u201eLate Autumn\u201d od YOSHI \u2013 magia jesieni zamkni\u0119ta w kolorach! Odkryj pi\u0119kno p\u00f3\u017anej jesieni z kolekcj\u0105 \u201eLate Autumn\u201d od YOSHI. Ta wyj\u0105tkowa linia lakier\u00f3w hybrydowych zosta\u0142a stworzona, aby uchwyci\u0107 esencj\u0119 tej melancholijnej, a zarazem zachwycaj\u0105cej pory roku. G\u0142\u0119bokie barwy ziemi, nasycone odcienie czerwieni i \u017c\u00f3\u0142ci oraz tajemnicze fiolety przywodz\u0105 na my\u015bl spadaj\u0105ce li\u015bcie, z\u0142ote [&hellip;]","og_url":"https:\/\/velesnails.pl\/uk\/product\/yoshi-lakier-hybrydowy-uv-hybrid-late-red-6-ml-312\/","og_site_name":"velesnails","article_modified_time":"2025-10-27T11:18:11+00:00","og_image":[{"width":796,"height":797,"url":"https:\/\/velesnails.pl\/wp-content\/uploads\/2025\/09\/\u0417\u043d\u0456\u043c\u043e\u043a-\u0435\u043a\u0440\u0430\u043d\u0430-2025-09-24-151827.png","type":"image\/png"}],"twitter_card":"summary_large_image","twitter_misc":{"\u041f\u0440\u0438\u0431\u043b. \u0447\u0430\u0441 \u0447\u0438\u0442\u0430\u043d\u043d\u044f":"2 \u0445\u0432\u0438\u043b\u0438\u043d\u0438"},"schema":{"@context":"https:\/\/schema.org","@graph":[{"@type":"WebPage","@id":"https:\/\/velesnails.pl\/product\/yoshi-lakier-hybrydowy-uv-hybrid-late-red-6-ml-312\/","url":"https:\/\/velesnails.pl\/product\/yoshi-lakier-hybrydowy-uv-hybrid-late-red-6-ml-312\/","name":"Yoshi Lakier Hybrydowy UV Hybrid Late Red 6 ml \u2013 312 - velesnails","isPartOf":{"@id":"https:\/\/velesnails.pl\/#website"},"primaryImageOfPage":{"@id":"https:\/\/velesnails.pl\/product\/yoshi-lakier-hybrydowy-uv-hybrid-late-red-6-ml-312\/#primaryimage"},"image":{"@id":"https:\/\/velesnails.pl\/product\/yoshi-lakier-hybrydowy-uv-hybrid-late-red-6-ml-312\/#primaryimage"},"thumbnailUrl":"https:\/\/i0.wp.com\/velesnails.pl\/wp-content\/uploads\/2025\/09\/%D0%97%D0%BD%D1%96%D0%BC%D0%BE%D0%BA-%D0%B5%D0%BA%D1%80%D0%B0%D0%BD%D0%B0-2025-09-24-151827.png?fit=796%2C797&ssl=1","datePublished":"2025-09-24T13:15:13+00:00","dateModified":"2025-10-27T11:18:11+00:00","breadcrumb":{"@id":"https:\/\/velesnails.pl\/product\/yoshi-lakier-hybrydowy-uv-hybrid-late-red-6-ml-312\/#breadcrumb"},"inLanguage":"uk","potentialAction":[{"@type":"ReadAction","target":["https:\/\/velesnails.pl\/product\/yoshi-lakier-hybrydowy-uv-hybrid-late-red-6-ml-312\/"]}]},{"@type":"ImageObject","inLanguage":"uk","@id":"https:\/\/velesnails.pl\/product\/yoshi-lakier-hybrydowy-uv-hybrid-late-red-6-ml-312\/#primaryimage","url":"https:\/\/i0.wp.com\/velesnails.pl\/wp-content\/uploads\/2025\/09\/%D0%97%D0%BD%D1%96%D0%BC%D0%BE%D0%BA-%D0%B5%D0%BA%D1%80%D0%B0%D0%BD%D0%B0-2025-09-24-151827.png?fit=796%2C797&ssl=1","contentUrl":"https:\/\/i0.wp.com\/velesnails.pl\/wp-content\/uploads\/2025\/09\/%D0%97%D0%BD%D1%96%D0%BC%D0%BE%D0%BA-%D0%B5%D0%BA%D1%80%D0%B0%D0%BD%D0%B0-2025-09-24-151827.png?fit=796%2C797&ssl=1","width":796,"height":797,"caption":"#image_title"},{"@type":"BreadcrumbList","@id":"https:\/\/velesnails.pl\/product\/yoshi-lakier-hybrydowy-uv-hybrid-late-red-6-ml-312\/#breadcrumb","itemListElement":[{"@type":"ListItem","position":1,"name":"\u0413\u043e\u043b\u043e\u0432\u043d\u0430","item":"https:\/\/velesnails.pl\/"},{"@type":"ListItem","position":2,"name":"Sklep","item":"https:\/\/velesnails.pl\/shop\/"},{"@type":"ListItem","position":3,"name":"Yoshi Lakier Hybrydowy UV Hybrid Late Red 6 ml \u2013 312"}]},{"@type":"WebSite","@id":"https:\/\/velesnails.pl\/#website","url":"https:\/\/velesnails.pl\/","name":"\u0432\u0435\u043b\u0435\u0441\u043e\u0432\u0456 \u043d\u0456\u0433\u0442\u0456","description":"\u041c\u0430\u043d\u0456\u043a\u044e\u0440\u043d\u0438\u0439 \u0441\u0430\u043b\u043e\u043d","publisher":{"@id":"https:\/\/velesnails.pl\/#organization"},"potentialAction":[{"@type":"SearchAction","target":{"@type":"EntryPoint","urlTemplate":"https:\/\/velesnails.pl\/?s={search_term_string}"},"query-input":{"@type":"PropertyValueSpecification","valueRequired":true,"valueName":"search_term_string"}}],"inLanguage":"uk"},{"@type":"Organization","@id":"https:\/\/velesnails.pl\/#organization","name":"\u0432\u0435\u043b\u0435\u0441\u043e\u0432\u0456 \u043d\u0456\u0433\u0442\u0456","url":"https:\/\/velesnails.pl\/","logo":{"@type":"ImageObject","inLanguage":"uk","@id":"https:\/\/velesnails.pl\/#\/schema\/logo\/image\/","url":"https:\/\/i0.wp.com\/velesnails.pl\/wp-content\/uploads\/2025\/10\/cropped-obraz_viber_2025-10-22_13-55-55-969.jpg?fit=485%2C381&ssl=1","contentUrl":"https:\/\/i0.wp.com\/velesnails.pl\/wp-content\/uploads\/2025\/10\/cropped-obraz_viber_2025-10-22_13-55-55-969.jpg?fit=485%2C381&ssl=1","width":485,"height":381,"caption":"velesnails"},"image":{"@id":"https:\/\/velesnails.pl\/#\/schema\/logo\/image\/"}}]}},"_links":{"self":[{"href":"https:\/\/velesnails.pl\/uk\/wp-json\/wp\/v2\/product\/7425","targetHints":{"allow":["GET"]}}],"collection":[{"href":"https:\/\/velesnails.pl\/uk\/wp-json\/wp\/v2\/product"}],"about":[{"href":"https:\/\/velesnails.pl\/uk\/wp-json\/wp\/v2\/types\/product"}],"replies":[{"embeddable":true,"href":"https:\/\/velesnails.pl\/uk\/wp-json\/wp\/v2\/comments?post=7425"}],"wp:featuredmedia":[{"embeddable":true,"href":"https:\/\/velesnails.pl\/uk\/wp-json\/wp\/v2\/media\/7426"}],"wp:attachment":[{"href":"https:\/\/velesnails.pl\/uk\/wp-json\/wp\/v2\/media?parent=7425"}],"wp:term":[{"taxonomy":"product_brand","embeddable":true,"href":"https:\/\/velesnails.pl\/uk\/wp-json\/wp\/v2\/product_brand?post=7425"},{"taxonomy":"product_cat","embeddable":true,"href":"https:\/\/velesnails.pl\/uk\/wp-json\/wp\/v2\/product_cat?post=7425"},{"taxonomy":"product_tag","embeddable":true,"href":"https:\/\/velesnails.pl\/uk\/wp-json\/wp\/v2\/product_tag?post=7425"}],"curies":[{"name":"wp","href":"https:\/\/api.w.org\/{rel}","templated":true}]}}