{"id":7419,"date":"2025-09-24T15:42:18","date_gmt":"2025-09-24T12:42:18","guid":{"rendered":"https:\/\/velesnails.pl\/?post_type=product&#038;p=7419"},"modified":"2026-02-16T15:47:57","modified_gmt":"2026-02-16T12:47:57","slug":"top-yoshi-tempered-diamond-uv-led-hybrid-10-ml","status":"publish","type":"product","link":"https:\/\/velesnails.pl\/uk\/product\/top-yoshi-tempered-diamond-uv-led-hybrid-10-ml\/","title":{"rendered":"Top Yoshi Tempered Diamond UV\/LED Hybrid 10 ml"},"content":{"rendered":"<h2><b>Top Tempered Diamond<\/b><\/h2>\n<p>Poznaj\u00a0<strong>Top Tempered Diamond<\/strong>, hybrydowy top nab\u0142yszczaj\u0105cy, kt\u00f3ry wyr\u00f3\u017cnia si\u0119 niezwyk\u0142\u0105 odporno\u015bci\u0105 i osza\u0142amiaj\u0105cym po\u0142yskiem. Odporny jak szk\u0142o hartowane, ten produkt zapewnia nieskaziteln\u0105 trwa\u0142o\u015b\u0107 i blask nawet do 4 tygodni, niezale\u017cnie od rodzaju manicure.<\/p>\n<ul>\n<li><strong>Wytrzyma\u0142o\u015b\u0107 na najwy\u017cszym poziomie:<br \/>\n<\/strong>Top\u00a0<strong>Tempered Diamond<\/strong>\u00a0tworzy tward\u0105, odporn\u0105 na zarysowania pow\u0142ok\u0119, kt\u00f3ra chroni paznokcie przed codziennym zu\u017cyciem. Dzi\u0119ki temu Twoje stylizacje pozostaj\u0105 perfekcyjne przez wiele tygodni, bez \u015blad\u00f3w uszkodze\u0144.<\/li>\n<li><strong>Blask jak diament:<br \/>\n<\/strong>Ten top zapewnia intensywny, lustrzany po\u0142ysk, kt\u00f3ry podkre\u015bla ka\u017cdy kolor i dodaje elegancji stylizacji. Idealny dla wszystkich rodzaj\u00f3w manicure \u2013 od hybryd, przez \u017cele, po akryle.<\/li>\n<li><strong>Unikatowy p\u0119dzelek dla komfortu pracy:<br \/>\n<\/strong>Specjalnie zaprojektowany p\u0119dzelek gwarantuje r\u00f3wnomierne rozprowadzanie produktu. Top sam si\u0119 poziomuje, tworz\u0105c idealn\u0105 lini\u0119 \u015bwiat\u0142a, co czyni aplikacj\u0119 niezwykle \u0142atw\u0105 i przyjemn\u0105.<\/li>\n<li><strong>Doskona\u0142a konsystencja:<br \/>\n<\/strong>Zapomnij o problemach z g\u0119stnieniem czy utrat\u0105 jako\u015bci. Precyzyjnie dopracowana formu\u0142a\u00a0<strong>Top Tempered Diamond<\/strong>\u00a0zachowuje swoje w\u0142a\u015bciwo\u015bci od pierwszego do ostatniego u\u017cycia, gwarantuj\u0105c niezawodno\u015b\u0107 i komfort pracy.<\/li>\n<\/ul>\n<p>Wybierz Top Tempered Diamond, aby cieszy\u0107 si\u0119 stylizacj\u0105, kt\u00f3ra \u0142\u0105czy w sobie trwa\u0142o\u015b\u0107, elegancj\u0119 i niezr\u00f3wnany blask. To niezast\u0105piony produkt, kt\u00f3ry zapewni Twoim paznokciom idealny wygl\u0105d i d\u0142ugotrwa\u0142y efekt, na kt\u00f3ry zawsze mo\u017cesz liczy\u0107.<\/p>\n<p>&nbsp;<\/p>\n<p><img data-recalc-dims=\"1\" fetchpriority=\"high\" decoding=\"async\" class=\"alignnone size-full wp-image-19519\" src=\"https:\/\/i0.wp.com\/yoshi.com.pl\/wp-content\/uploads\/2025\/05\/1-5-0-3-2.webp?resize=365%2C245&#038;ssl=1\" alt=\"\" width=\"365\" height=\"245\" \/><\/p>\n<p>&nbsp;<\/p>\n<h3><strong>HEMA FREE\u00a0<\/strong><\/h3>\n<p><em>Produkt bez przemywania<\/em><br \/>\n<em>Czas utwardzania: 90s LED\/120s UV.<br \/>\n<strong>W celu uzyskania lepszego po\u0142ysku warto zwi\u0119kszy\u0107 czas utwardzania do: 120s LED\/300s UV<\/strong><\/em><\/p>","protected":false},"excerpt":{"rendered":"<p>Top Tempered Diamond Poznaj\u00a0Top Tempered Diamond, hybrydowy top nab\u0142yszczaj\u0105cy, kt\u00f3ry wyr\u00f3\u017cnia si\u0119 niezwyk\u0142\u0105 odporno\u015bci\u0105 i osza\u0142amiaj\u0105cym po\u0142yskiem. Odporny jak szk\u0142o hartowane, ten produkt zapewnia nieskaziteln\u0105 trwa\u0142o\u015b\u0107 i blask nawet do 4 tygodni, niezale\u017cnie od rodzaju manicure. Wytrzyma\u0142o\u015b\u0107 na najwy\u017cszym poziomie: Top\u00a0Tempered Diamond\u00a0tworzy tward\u0105, odporn\u0105 na zarysowania pow\u0142ok\u0119, kt\u00f3ra chroni paznokcie przed codziennym zu\u017cyciem. Dzi\u0119ki temu [&hellip;]<\/p>\n","protected":false},"featured_media":7420,"comment_status":"open","ping_status":"closed","template":"","meta":{"om_disable_all_campaigns":false,"ocean_post_layout":"","ocean_both_sidebars_style":"","ocean_both_sidebars_content_width":0,"ocean_both_sidebars_sidebars_width":0,"ocean_sidebar":"0","ocean_second_sidebar":"0","ocean_disable_margins":"enable","ocean_add_body_class":"","ocean_shortcode_before_top_bar":"","ocean_shortcode_after_top_bar":"","ocean_shortcode_before_header":"","ocean_shortcode_after_header":"","ocean_has_shortcode":"","ocean_shortcode_after_title":"","ocean_shortcode_before_footer_widgets":"","ocean_shortcode_after_footer_widgets":"","ocean_shortcode_before_footer_bottom":"","ocean_shortcode_after_footer_bottom":"","ocean_display_top_bar":"default","ocean_display_header":"default","ocean_header_style":"","ocean_center_header_left_menu":"0","ocean_custom_header_template":"0","ocean_custom_logo":0,"ocean_custom_retina_logo":0,"ocean_custom_logo_max_width":0,"ocean_custom_logo_tablet_max_width":0,"ocean_custom_logo_mobile_max_width":0,"ocean_custom_logo_max_height":0,"ocean_custom_logo_tablet_max_height":0,"ocean_custom_logo_mobile_max_height":0,"ocean_header_custom_menu":"0","ocean_menu_typo_font_family":"0","ocean_menu_typo_font_subset":"","ocean_menu_typo_font_size":0,"ocean_menu_typo_font_size_tablet":0,"ocean_menu_typo_font_size_mobile":0,"ocean_menu_typo_font_size_unit":"px","ocean_menu_typo_font_weight":"","ocean_menu_typo_font_weight_tablet":"","ocean_menu_typo_font_weight_mobile":"","ocean_menu_typo_transform":"","ocean_menu_typo_transform_tablet":"","ocean_menu_typo_transform_mobile":"","ocean_menu_typo_line_height":0,"ocean_menu_typo_line_height_tablet":0,"ocean_menu_typo_line_height_mobile":0,"ocean_menu_typo_line_height_unit":"","ocean_menu_typo_spacing":0,"ocean_menu_typo_spacing_tablet":0,"ocean_menu_typo_spacing_mobile":0,"ocean_menu_typo_spacing_unit":"","ocean_menu_link_color":"","ocean_menu_link_color_hover":"","ocean_menu_link_color_active":"","ocean_menu_link_background":"","ocean_menu_link_hover_background":"","ocean_menu_link_active_background":"","ocean_menu_social_links_bg":"","ocean_menu_social_hover_links_bg":"","ocean_menu_social_links_color":"","ocean_menu_social_hover_links_color":"","ocean_disable_title":"default","ocean_disable_heading":"default","ocean_post_title":"","ocean_post_subheading":"","ocean_post_title_style":"","ocean_post_title_background_color":"","ocean_post_title_background":0,"ocean_post_title_bg_image_position":"","ocean_post_title_bg_image_attachment":"","ocean_post_title_bg_image_repeat":"","ocean_post_title_bg_image_size":"","ocean_post_title_height":0,"ocean_post_title_bg_overlay":0.5,"ocean_post_title_bg_overlay_color":"","ocean_disable_breadcrumbs":"default","ocean_breadcrumbs_color":"","ocean_breadcrumbs_separator_color":"","ocean_breadcrumbs_links_color":"","ocean_breadcrumbs_links_hover_color":"","ocean_display_footer_widgets":"default","ocean_display_footer_bottom":"default","ocean_custom_footer_template":"0"},"product_brand":[288],"product_cat":[184,176,110,187,290],"product_tag":[],"class_list":{"0":"post-7419","1":"product","2":"type-product","3":"status-publish","4":"has-post-thumbnail","6":"product_brand-yoshi","7":"product_cat-bazy-i-topy","8":"product_cat-marki","9":"product_cat-paznokcie","10":"product_cat-topy","11":"product_cat-yoshi-2","13":"entry","14":"has-media","16":"first","17":"outofstock","18":"taxable","19":"shipping-taxable","20":"purchasable","21":"product-type-simple","22":"has-product-nav","23":"col","24":"span_1_of_3","25":"owp-content-center","26":"owp-thumbs-layout-horizontal","27":"owp-btn-normal","28":"owp-tabs-layout-horizontal","29":"has-no-thumbnails"},"yoast_head":"<!-- This site is optimized with the Yoast SEO plugin v27.6 - https:\/\/yoast.com\/product\/yoast-seo-wordpress\/ -->\n<title>Top Yoshi Tempered Diamond UV\/LED Hybrid 10 ml - velesnails<\/title>\n<meta name=\"robots\" content=\"index, follow, max-snippet:-1, max-image-preview:large, max-video-preview:-1\" \/>\n<link rel=\"canonical\" href=\"https:\/\/velesnails.pl\/uk\/product\/top-yoshi-tempered-diamond-uv-led-hybrid-10-ml\/\" \/>\n<meta property=\"og:locale\" content=\"uk_UA\" \/>\n<meta property=\"og:type\" content=\"article\" \/>\n<meta property=\"og:title\" content=\"Top Yoshi Tempered Diamond UV\/LED Hybrid 10 ml - velesnails\" \/>\n<meta property=\"og:description\" content=\"Top Tempered Diamond Poznaj\u00a0Top Tempered Diamond, hybrydowy top nab\u0142yszczaj\u0105cy, kt\u00f3ry wyr\u00f3\u017cnia si\u0119 niezwyk\u0142\u0105 odporno\u015bci\u0105 i osza\u0142amiaj\u0105cym po\u0142yskiem. Odporny jak szk\u0142o hartowane, ten produkt zapewnia nieskaziteln\u0105 trwa\u0142o\u015b\u0107 i blask nawet do 4 tygodni, niezale\u017cnie od rodzaju manicure. Wytrzyma\u0142o\u015b\u0107 na najwy\u017cszym poziomie: Top\u00a0Tempered Diamond\u00a0tworzy tward\u0105, odporn\u0105 na zarysowania pow\u0142ok\u0119, kt\u00f3ra chroni paznokcie przed codziennym zu\u017cyciem. Dzi\u0119ki temu [&hellip;]\" \/>\n<meta property=\"og:url\" content=\"https:\/\/velesnails.pl\/uk\/product\/top-yoshi-tempered-diamond-uv-led-hybrid-10-ml\/\" \/>\n<meta property=\"og:site_name\" content=\"velesnails\" \/>\n<meta property=\"article:modified_time\" content=\"2026-02-16T12:47:57+00:00\" \/>\n<meta property=\"og:image\" content=\"https:\/\/i0.wp.com\/velesnails.pl\/wp-content\/uploads\/2025\/09\/DIAMOND_2.jpg?fit=2000%2C2000&ssl=1\" \/>\n\t<meta property=\"og:image:width\" content=\"2000\" \/>\n\t<meta property=\"og:image:height\" content=\"2000\" \/>\n\t<meta property=\"og:image:type\" content=\"image\/jpeg\" \/>\n<meta name=\"twitter:card\" content=\"summary_large_image\" \/>\n<meta name=\"twitter:label1\" content=\"\u041f\u0440\u0438\u0431\u043b. \u0447\u0430\u0441 \u0447\u0438\u0442\u0430\u043d\u043d\u044f\" \/>\n\t<meta name=\"twitter:data1\" content=\"2 \u0445\u0432\u0438\u043b\u0438\u043d\u0438\" \/>\n<script type=\"application\/ld+json\" class=\"yoast-schema-graph\">{\"@context\":\"https:\\\/\\\/schema.org\",\"@graph\":[{\"@type\":\"WebPage\",\"@id\":\"https:\\\/\\\/velesnails.pl\\\/product\\\/top-yoshi-tempered-diamond-uv-led-hybrid-10-ml\\\/\",\"url\":\"https:\\\/\\\/velesnails.pl\\\/product\\\/top-yoshi-tempered-diamond-uv-led-hybrid-10-ml\\\/\",\"name\":\"Top Yoshi Tempered Diamond UV\\\/LED Hybrid 10 ml - velesnails\",\"isPartOf\":{\"@id\":\"https:\\\/\\\/velesnails.pl\\\/#website\"},\"primaryImageOfPage\":{\"@id\":\"https:\\\/\\\/velesnails.pl\\\/product\\\/top-yoshi-tempered-diamond-uv-led-hybrid-10-ml\\\/#primaryimage\"},\"image\":{\"@id\":\"https:\\\/\\\/velesnails.pl\\\/product\\\/top-yoshi-tempered-diamond-uv-led-hybrid-10-ml\\\/#primaryimage\"},\"thumbnailUrl\":\"https:\\\/\\\/i0.wp.com\\\/velesnails.pl\\\/wp-content\\\/uploads\\\/2025\\\/09\\\/DIAMOND_2.jpg?fit=2000%2C2000&ssl=1\",\"datePublished\":\"2025-09-24T12:42:18+00:00\",\"dateModified\":\"2026-02-16T12:47:57+00:00\",\"breadcrumb\":{\"@id\":\"https:\\\/\\\/velesnails.pl\\\/product\\\/top-yoshi-tempered-diamond-uv-led-hybrid-10-ml\\\/#breadcrumb\"},\"inLanguage\":\"uk\",\"potentialAction\":[{\"@type\":\"ReadAction\",\"target\":[\"https:\\\/\\\/velesnails.pl\\\/product\\\/top-yoshi-tempered-diamond-uv-led-hybrid-10-ml\\\/\"]}]},{\"@type\":\"ImageObject\",\"inLanguage\":\"uk\",\"@id\":\"https:\\\/\\\/velesnails.pl\\\/product\\\/top-yoshi-tempered-diamond-uv-led-hybrid-10-ml\\\/#primaryimage\",\"url\":\"https:\\\/\\\/i0.wp.com\\\/velesnails.pl\\\/wp-content\\\/uploads\\\/2025\\\/09\\\/DIAMOND_2.jpg?fit=2000%2C2000&ssl=1\",\"contentUrl\":\"https:\\\/\\\/i0.wp.com\\\/velesnails.pl\\\/wp-content\\\/uploads\\\/2025\\\/09\\\/DIAMOND_2.jpg?fit=2000%2C2000&ssl=1\",\"width\":2000,\"height\":2000,\"caption\":\"#image_title\"},{\"@type\":\"BreadcrumbList\",\"@id\":\"https:\\\/\\\/velesnails.pl\\\/product\\\/top-yoshi-tempered-diamond-uv-led-hybrid-10-ml\\\/#breadcrumb\",\"itemListElement\":[{\"@type\":\"ListItem\",\"position\":1,\"name\":\"\u0413\u043e\u043b\u043e\u0432\u043d\u0430\",\"item\":\"https:\\\/\\\/velesnails.pl\\\/\"},{\"@type\":\"ListItem\",\"position\":2,\"name\":\"Sklep\",\"item\":\"https:\\\/\\\/velesnails.pl\\\/shop\\\/\"},{\"@type\":\"ListItem\",\"position\":3,\"name\":\"Top Yoshi Tempered Diamond UV\\\/LED Hybrid 10 ml\"}]},{\"@type\":\"WebSite\",\"@id\":\"https:\\\/\\\/velesnails.pl\\\/#website\",\"url\":\"https:\\\/\\\/velesnails.pl\\\/\",\"name\":\"velesnails\",\"description\":\"Sklep z manicure\",\"publisher\":{\"@id\":\"https:\\\/\\\/velesnails.pl\\\/#organization\"},\"potentialAction\":[{\"@type\":\"SearchAction\",\"target\":{\"@type\":\"EntryPoint\",\"urlTemplate\":\"https:\\\/\\\/velesnails.pl\\\/?s={search_term_string}\"},\"query-input\":{\"@type\":\"PropertyValueSpecification\",\"valueRequired\":true,\"valueName\":\"search_term_string\"}}],\"inLanguage\":\"uk\"},{\"@type\":\"Organization\",\"@id\":\"https:\\\/\\\/velesnails.pl\\\/#organization\",\"name\":\"velesnails\",\"url\":\"https:\\\/\\\/velesnails.pl\\\/\",\"logo\":{\"@type\":\"ImageObject\",\"inLanguage\":\"uk\",\"@id\":\"https:\\\/\\\/velesnails.pl\\\/#\\\/schema\\\/logo\\\/image\\\/\",\"url\":\"https:\\\/\\\/i0.wp.com\\\/velesnails.pl\\\/wp-content\\\/uploads\\\/2025\\\/10\\\/cropped-obraz_viber_2025-10-22_13-55-55-969.jpg?fit=485%2C381&ssl=1\",\"contentUrl\":\"https:\\\/\\\/i0.wp.com\\\/velesnails.pl\\\/wp-content\\\/uploads\\\/2025\\\/10\\\/cropped-obraz_viber_2025-10-22_13-55-55-969.jpg?fit=485%2C381&ssl=1\",\"width\":485,\"height\":381,\"caption\":\"velesnails\"},\"image\":{\"@id\":\"https:\\\/\\\/velesnails.pl\\\/#\\\/schema\\\/logo\\\/image\\\/\"}}]}<\/script>\n<!-- \/ Yoast SEO plugin. -->","yoast_head_json":{"title":"Top Yoshi Tempered Diamond UV\/LED Hybrid 10 ml - velesnails","robots":{"index":"index","follow":"follow","max-snippet":"max-snippet:-1","max-image-preview":"max-image-preview:large","max-video-preview":"max-video-preview:-1"},"canonical":"https:\/\/velesnails.pl\/uk\/product\/top-yoshi-tempered-diamond-uv-led-hybrid-10-ml\/","og_locale":"uk_UA","og_type":"article","og_title":"Top Yoshi Tempered Diamond UV\/LED Hybrid 10 ml - velesnails","og_description":"Top Tempered Diamond Poznaj\u00a0Top Tempered Diamond, hybrydowy top nab\u0142yszczaj\u0105cy, kt\u00f3ry wyr\u00f3\u017cnia si\u0119 niezwyk\u0142\u0105 odporno\u015bci\u0105 i osza\u0142amiaj\u0105cym po\u0142yskiem. Odporny jak szk\u0142o hartowane, ten produkt zapewnia nieskaziteln\u0105 trwa\u0142o\u015b\u0107 i blask nawet do 4 tygodni, niezale\u017cnie od rodzaju manicure. Wytrzyma\u0142o\u015b\u0107 na najwy\u017cszym poziomie: Top\u00a0Tempered Diamond\u00a0tworzy tward\u0105, odporn\u0105 na zarysowania pow\u0142ok\u0119, kt\u00f3ra chroni paznokcie przed codziennym zu\u017cyciem. Dzi\u0119ki temu [&hellip;]","og_url":"https:\/\/velesnails.pl\/uk\/product\/top-yoshi-tempered-diamond-uv-led-hybrid-10-ml\/","og_site_name":"velesnails","article_modified_time":"2026-02-16T12:47:57+00:00","og_image":[{"width":2000,"height":2000,"url":"https:\/\/i0.wp.com\/velesnails.pl\/wp-content\/uploads\/2025\/09\/DIAMOND_2.jpg?fit=2000%2C2000&ssl=1","type":"image\/jpeg"}],"twitter_card":"summary_large_image","twitter_misc":{"\u041f\u0440\u0438\u0431\u043b. \u0447\u0430\u0441 \u0447\u0438\u0442\u0430\u043d\u043d\u044f":"2 \u0445\u0432\u0438\u043b\u0438\u043d\u0438"},"schema":{"@context":"https:\/\/schema.org","@graph":[{"@type":"WebPage","@id":"https:\/\/velesnails.pl\/product\/top-yoshi-tempered-diamond-uv-led-hybrid-10-ml\/","url":"https:\/\/velesnails.pl\/product\/top-yoshi-tempered-diamond-uv-led-hybrid-10-ml\/","name":"Top Yoshi Tempered Diamond UV\/LED Hybrid 10 ml - velesnails","isPartOf":{"@id":"https:\/\/velesnails.pl\/#website"},"primaryImageOfPage":{"@id":"https:\/\/velesnails.pl\/product\/top-yoshi-tempered-diamond-uv-led-hybrid-10-ml\/#primaryimage"},"image":{"@id":"https:\/\/velesnails.pl\/product\/top-yoshi-tempered-diamond-uv-led-hybrid-10-ml\/#primaryimage"},"thumbnailUrl":"https:\/\/i0.wp.com\/velesnails.pl\/wp-content\/uploads\/2025\/09\/DIAMOND_2.jpg?fit=2000%2C2000&ssl=1","datePublished":"2025-09-24T12:42:18+00:00","dateModified":"2026-02-16T12:47:57+00:00","breadcrumb":{"@id":"https:\/\/velesnails.pl\/product\/top-yoshi-tempered-diamond-uv-led-hybrid-10-ml\/#breadcrumb"},"inLanguage":"uk","potentialAction":[{"@type":"ReadAction","target":["https:\/\/velesnails.pl\/product\/top-yoshi-tempered-diamond-uv-led-hybrid-10-ml\/"]}]},{"@type":"ImageObject","inLanguage":"uk","@id":"https:\/\/velesnails.pl\/product\/top-yoshi-tempered-diamond-uv-led-hybrid-10-ml\/#primaryimage","url":"https:\/\/i0.wp.com\/velesnails.pl\/wp-content\/uploads\/2025\/09\/DIAMOND_2.jpg?fit=2000%2C2000&ssl=1","contentUrl":"https:\/\/i0.wp.com\/velesnails.pl\/wp-content\/uploads\/2025\/09\/DIAMOND_2.jpg?fit=2000%2C2000&ssl=1","width":2000,"height":2000,"caption":"#image_title"},{"@type":"BreadcrumbList","@id":"https:\/\/velesnails.pl\/product\/top-yoshi-tempered-diamond-uv-led-hybrid-10-ml\/#breadcrumb","itemListElement":[{"@type":"ListItem","position":1,"name":"\u0413\u043e\u043b\u043e\u0432\u043d\u0430","item":"https:\/\/velesnails.pl\/"},{"@type":"ListItem","position":2,"name":"Sklep","item":"https:\/\/velesnails.pl\/shop\/"},{"@type":"ListItem","position":3,"name":"Top Yoshi Tempered Diamond UV\/LED Hybrid 10 ml"}]},{"@type":"WebSite","@id":"https:\/\/velesnails.pl\/#website","url":"https:\/\/velesnails.pl\/","name":"\u0432\u0435\u043b\u0435\u0441\u043e\u0432\u0456 \u043d\u0456\u0433\u0442\u0456","description":"\u041c\u0430\u043d\u0456\u043a\u044e\u0440\u043d\u0438\u0439 \u0441\u0430\u043b\u043e\u043d","publisher":{"@id":"https:\/\/velesnails.pl\/#organization"},"potentialAction":[{"@type":"SearchAction","target":{"@type":"EntryPoint","urlTemplate":"https:\/\/velesnails.pl\/?s={search_term_string}"},"query-input":{"@type":"PropertyValueSpecification","valueRequired":true,"valueName":"search_term_string"}}],"inLanguage":"uk"},{"@type":"Organization","@id":"https:\/\/velesnails.pl\/#organization","name":"\u0432\u0435\u043b\u0435\u0441\u043e\u0432\u0456 \u043d\u0456\u0433\u0442\u0456","url":"https:\/\/velesnails.pl\/","logo":{"@type":"ImageObject","inLanguage":"uk","@id":"https:\/\/velesnails.pl\/#\/schema\/logo\/image\/","url":"https:\/\/i0.wp.com\/velesnails.pl\/wp-content\/uploads\/2025\/10\/cropped-obraz_viber_2025-10-22_13-55-55-969.jpg?fit=485%2C381&ssl=1","contentUrl":"https:\/\/i0.wp.com\/velesnails.pl\/wp-content\/uploads\/2025\/10\/cropped-obraz_viber_2025-10-22_13-55-55-969.jpg?fit=485%2C381&ssl=1","width":485,"height":381,"caption":"velesnails"},"image":{"@id":"https:\/\/velesnails.pl\/#\/schema\/logo\/image\/"}}]}},"_links":{"self":[{"href":"https:\/\/velesnails.pl\/uk\/wp-json\/wp\/v2\/product\/7419","targetHints":{"allow":["GET"]}}],"collection":[{"href":"https:\/\/velesnails.pl\/uk\/wp-json\/wp\/v2\/product"}],"about":[{"href":"https:\/\/velesnails.pl\/uk\/wp-json\/wp\/v2\/types\/product"}],"replies":[{"embeddable":true,"href":"https:\/\/velesnails.pl\/uk\/wp-json\/wp\/v2\/comments?post=7419"}],"wp:featuredmedia":[{"embeddable":true,"href":"https:\/\/velesnails.pl\/uk\/wp-json\/wp\/v2\/media\/7420"}],"wp:attachment":[{"href":"https:\/\/velesnails.pl\/uk\/wp-json\/wp\/v2\/media?parent=7419"}],"wp:term":[{"taxonomy":"product_brand","embeddable":true,"href":"https:\/\/velesnails.pl\/uk\/wp-json\/wp\/v2\/product_brand?post=7419"},{"taxonomy":"product_cat","embeddable":true,"href":"https:\/\/velesnails.pl\/uk\/wp-json\/wp\/v2\/product_cat?post=7419"},{"taxonomy":"product_tag","embeddable":true,"href":"https:\/\/velesnails.pl\/uk\/wp-json\/wp\/v2\/product_tag?post=7419"}],"curies":[{"name":"wp","href":"https:\/\/api.w.org\/{rel}","templated":true}]}}