{"id":7345,"date":"2025-09-08T17:59:45","date_gmt":"2025-09-08T14:59:45","guid":{"rendered":"https:\/\/velesnails.pl\/?post_type=product&#038;p=7345"},"modified":"2025-10-21T16:40:42","modified_gmt":"2025-10-21T13:40:42","slug":"baza-french-hybrydowa-nailsology-clavier-marshmallow-f6-8ml","status":"publish","type":"product","link":"https:\/\/velesnails.pl\/uk\/product\/baza-french-hybrydowa-nailsology-clavier-marshmallow-f6-8ml\/","title":{"rendered":"Baza French Hybrydowa Nailsology Clavier \u2013 Marshmallow \u2013 F6, 8ml"},"content":{"rendered":"<h2 class=\"wp-block-heading\">Baza French Hybrydowa Nailsology, to idealna baza do french maniciure, w kultowych i ponadczasowych kolorach<\/h2>\n<p><strong>Baza French Hybrydowa Nailsology Clavier<\/strong>\u00a0, to kultowe i ponadczasowe zdobienie, jakim jest\u00a0<strong>French<\/strong>, wymaga pi\u0119knego\u00a0<strong>bazowego koloru<\/strong>. Ka\u017cda z klientek ma r\u00f3\u017cne upodobania, dlatego stworzyli\u015bmy<strong>\u00a09<\/strong>\u00a0kolorowych baz, idealnych do\u00a0<strong>French Manicure<\/strong>\u00a0, by ka\u017cda z Was mog\u0142a dopasowa\u0107 odpowiedni odcie\u0144 do swojej karnacji sk\u00f3ry.<\/p>\n<h2 class=\"wp-block-heading\">Samopoziomuj\u0105ca baza o unikatowej formule w wielu kolorach, pozwoli na stworzenie naturalnego maniciure<\/h2>\n<p>Pokocha\u0142y\u015bcie ju\u017c nasz\u0105 Rubber Base Clear za to, jak doskonale radzi sobie z najbardziej problematyczn\u0105 p\u0142ytk\u0105 oraz za \u0142atwo\u015b\u0107 wykonania delikatnej nadbudowy naturalnego paznokcia. Teraz wyobra\u017acie sobie to cudo w\u00a0<strong>9<\/strong>\u00a0r\u00f3\u017cnych wariantach kolorystycznych.\u00a0Dzi\u0119ki Naszym wariantom kolorystycznym , mo\u017cesz dopasowa\u0107 odcie\u0144 kolorowej bazy do swojej karnacji sk\u00f3ry, tworz\u0105c efektowne a jednocze\u015bnie naturalne maniciure. Odpowiednia konsystencja Naszej kolorowej bazy hybrydowej oraz unikatowa samopoziomuj\u0105ca formu\u0142a, pozwala na \u0142atw\u0105 aplikacj\u0119 bazy na p\u0142ytce paznokcia.<\/p>\n<h2 class=\"wp-block-heading\">Trwa\u0142y kolor, elastyczno\u015b\u0107 i wytrzyma\u0142o\u015b\u0107 nawet do 3 tygodni!<\/h2>\n<p>G\u0119sta konsystencja\u00a0<strong>kolorowej bazy hybrydowej<\/strong>\u00a0pozwala nadbudowa\u0107 i przed\u0142u\u017cy\u0107 paznokcie nawet do 3 cm! Jej samopoziomuj\u0105ca formu\u0142a pozwala \u0142adnie wymodelowa\u0107 p\u0142ytk\u0119 paznokcia i wype\u0142ni\u0107 bruzdy, wzmacniaj\u0105c jednocze\u015bnie p\u0142ytk\u0119 paznokcia i zapobiega jej rozdwajaniu.<\/p>\n<p>Lakier ten powinien by\u0107 utwardzany pod lamp\u0105 UV lub LED.<\/p>\n<p><strong>Ingriedients:<\/strong>\u00a0Acrylates Copolymer, Dimethicone, Isobornyl Methacrylate, HEMA, Ethyl Trimethylbenzoyl phenylphosphinate, Hydroxypropyl methacrylate, CI 77891, CI 77491, CI 15850, CI 77742.<\/p>\n<p><strong>\u015arodki ostro\u017cno\u015bci:<\/strong><\/p>\n<ul class=\"wp-block-list\">\n<li>Chroni\u0107 przed dzie\u0107mi.<\/li>\n<li>Prosz\u0119 uwa\u017cnie przeczyta\u0107 spos\u00f3b u\u017cycia.<\/li>\n<li>Unika\u0107 kontaktu ze sk\u00f3r\u0105.<\/li>\n<li>Unika\u0107 kontaktu z oczami.<\/li>\n<li>Nie wdycha\u0107 bezpo\u015brednio par produktu.<\/li>\n<li>Mo\u017ce powodowa\u0107 reakcj\u0119 alergiczn\u0105.<\/li>\n<li>Nale\u017cy utwardzi\u0107 w lampie UV\/LED.<\/li>\n<li>Tylko do u\u017cytku profesjonalnego.<\/li>\n<\/ul>\n<p>Ostrze\u017cenie: Tylko do u\u017cytku profesjonalnego. Unika\u0107 kontaktu ze sk\u00f3r\u0105. Prosz\u0119 uwa\u017cnie przeczyta\u0107 spos\u00f3b u\u017cytku. Mo\u017ce powodowa\u0107 reakcj\u0119 alergiczn\u0105.<\/p>","protected":false},"excerpt":{"rendered":"<p>Baza French Hybrydowa Nailsology, to idealna baza do french maniciure, w kultowych i ponadczasowych kolorach Baza French Hybrydowa Nailsology Clavier\u00a0, to kultowe i ponadczasowe zdobienie, jakim jest\u00a0French, wymaga pi\u0119knego\u00a0bazowego koloru. Ka\u017cda z klientek ma r\u00f3\u017cne upodobania, dlatego stworzyli\u015bmy\u00a09\u00a0kolorowych baz, idealnych do\u00a0French Manicure\u00a0, by ka\u017cda z Was mog\u0142a dopasowa\u0107 odpowiedni odcie\u0144 do swojej karnacji sk\u00f3ry. Samopoziomuj\u0105ca [&hellip;]<\/p>\n","protected":false},"featured_media":7346,"comment_status":"open","ping_status":"closed","template":"","meta":{"om_disable_all_campaigns":false,"ocean_post_layout":"","ocean_both_sidebars_style":"","ocean_both_sidebars_content_width":0,"ocean_both_sidebars_sidebars_width":0,"ocean_sidebar":"0","ocean_second_sidebar":"0","ocean_disable_margins":"enable","ocean_add_body_class":"","ocean_shortcode_before_top_bar":"","ocean_shortcode_after_top_bar":"","ocean_shortcode_before_header":"","ocean_shortcode_after_header":"","ocean_has_shortcode":"","ocean_shortcode_after_title":"","ocean_shortcode_before_footer_widgets":"","ocean_shortcode_after_footer_widgets":"","ocean_shortcode_before_footer_bottom":"","ocean_shortcode_after_footer_bottom":"","ocean_display_top_bar":"default","ocean_display_header":"default","ocean_header_style":"","ocean_center_header_left_menu":"0","ocean_custom_header_template":"0","ocean_custom_logo":0,"ocean_custom_retina_logo":0,"ocean_custom_logo_max_width":0,"ocean_custom_logo_tablet_max_width":0,"ocean_custom_logo_mobile_max_width":0,"ocean_custom_logo_max_height":0,"ocean_custom_logo_tablet_max_height":0,"ocean_custom_logo_mobile_max_height":0,"ocean_header_custom_menu":"0","ocean_menu_typo_font_family":"0","ocean_menu_typo_font_subset":"","ocean_menu_typo_font_size":0,"ocean_menu_typo_font_size_tablet":0,"ocean_menu_typo_font_size_mobile":0,"ocean_menu_typo_font_size_unit":"px","ocean_menu_typo_font_weight":"","ocean_menu_typo_font_weight_tablet":"","ocean_menu_typo_font_weight_mobile":"","ocean_menu_typo_transform":"","ocean_menu_typo_transform_tablet":"","ocean_menu_typo_transform_mobile":"","ocean_menu_typo_line_height":0,"ocean_menu_typo_line_height_tablet":0,"ocean_menu_typo_line_height_mobile":0,"ocean_menu_typo_line_height_unit":"","ocean_menu_typo_spacing":0,"ocean_menu_typo_spacing_tablet":0,"ocean_menu_typo_spacing_mobile":0,"ocean_menu_typo_spacing_unit":"","ocean_menu_link_color":"","ocean_menu_link_color_hover":"","ocean_menu_link_color_active":"","ocean_menu_link_background":"","ocean_menu_link_hover_background":"","ocean_menu_link_active_background":"","ocean_menu_social_links_bg":"","ocean_menu_social_hover_links_bg":"","ocean_menu_social_links_color":"","ocean_menu_social_hover_links_color":"","ocean_disable_title":"default","ocean_disable_heading":"default","ocean_post_title":"","ocean_post_subheading":"","ocean_post_title_style":"","ocean_post_title_background_color":"","ocean_post_title_background":0,"ocean_post_title_bg_image_position":"","ocean_post_title_bg_image_attachment":"","ocean_post_title_bg_image_repeat":"","ocean_post_title_bg_image_size":"","ocean_post_title_height":0,"ocean_post_title_bg_overlay":0.5,"ocean_post_title_bg_overlay_color":"","ocean_disable_breadcrumbs":"default","ocean_breadcrumbs_color":"","ocean_breadcrumbs_separator_color":"","ocean_breadcrumbs_links_color":"","ocean_breadcrumbs_links_hover_color":"","ocean_display_footer_widgets":"default","ocean_display_footer_bottom":"default","ocean_custom_footer_template":"0"},"product_brand":[],"product_cat":[184,186,190,176,110],"product_tag":[],"class_list":{"0":"post-7345","1":"product","2":"type-product","3":"status-publish","4":"has-post-thumbnail","6":"product_cat-bazy-i-topy","7":"product_cat-bazy-kolorowe","8":"product_cat-clavier-1","9":"product_cat-marki","10":"product_cat-paznokcie","12":"entry","13":"has-media","15":"first","16":"outofstock","17":"taxable","18":"shipping-taxable","19":"purchasable","20":"product-type-simple","21":"has-product-nav","22":"col","23":"span_1_of_3","24":"owp-content-center","25":"owp-thumbs-layout-horizontal","26":"owp-btn-normal","27":"owp-tabs-layout-horizontal"},"yoast_head":"<!-- This site is optimized with the Yoast SEO plugin v27.5 - https:\/\/yoast.com\/product\/yoast-seo-wordpress\/ -->\n<title>Baza French Hybrydowa Nailsology Clavier \u2013 Marshmallow \u2013 F6, 8ml - velesnails<\/title>\n<meta name=\"robots\" content=\"index, follow, max-snippet:-1, max-image-preview:large, max-video-preview:-1\" \/>\n<link rel=\"canonical\" href=\"https:\/\/velesnails.pl\/uk\/product\/baza-french-hybrydowa-nailsology-clavier-marshmallow-f6-8ml\/\" \/>\n<meta property=\"og:locale\" content=\"uk_UA\" \/>\n<meta property=\"og:type\" content=\"article\" \/>\n<meta property=\"og:title\" content=\"Baza French Hybrydowa Nailsology Clavier \u2013 Marshmallow \u2013 F6, 8ml - velesnails\" \/>\n<meta property=\"og:description\" content=\"Baza French Hybrydowa Nailsology, to idealna baza do french maniciure, w kultowych i ponadczasowych kolorach Baza French Hybrydowa Nailsology Clavier\u00a0, to kultowe i ponadczasowe zdobienie, jakim jest\u00a0French, wymaga pi\u0119knego\u00a0bazowego koloru. Ka\u017cda z klientek ma r\u00f3\u017cne upodobania, dlatego stworzyli\u015bmy\u00a09\u00a0kolorowych baz, idealnych do\u00a0French Manicure\u00a0, by ka\u017cda z Was mog\u0142a dopasowa\u0107 odpowiedni odcie\u0144 do swojej karnacji sk\u00f3ry. Samopoziomuj\u0105ca [&hellip;]\" \/>\n<meta property=\"og:url\" content=\"https:\/\/velesnails.pl\/uk\/product\/baza-french-hybrydowa-nailsology-clavier-marshmallow-f6-8ml\/\" \/>\n<meta property=\"og:site_name\" content=\"velesnails\" \/>\n<meta property=\"article:modified_time\" content=\"2025-10-21T13:40:42+00:00\" \/>\n<meta property=\"og:image\" content=\"https:\/\/velesnails.pl\/wp-content\/uploads\/2025\/09\/FRENCH-BASE-F05-2.jpg\" \/>\n\t<meta property=\"og:image:width\" content=\"1620\" \/>\n\t<meta property=\"og:image:height\" content=\"1620\" \/>\n\t<meta property=\"og:image:type\" content=\"image\/jpeg\" \/>\n<meta name=\"twitter:card\" content=\"summary_large_image\" \/>\n<meta name=\"twitter:label1\" content=\"\u041f\u0440\u0438\u0431\u043b. \u0447\u0430\u0441 \u0447\u0438\u0442\u0430\u043d\u043d\u044f\" \/>\n\t<meta name=\"twitter:data1\" content=\"2 \u0445\u0432\u0438\u043b\u0438\u043d\u0438\" \/>\n<script type=\"application\/ld+json\" class=\"yoast-schema-graph\">{\"@context\":\"https:\\\/\\\/schema.org\",\"@graph\":[{\"@type\":\"WebPage\",\"@id\":\"https:\\\/\\\/velesnails.pl\\\/product\\\/baza-french-hybrydowa-nailsology-clavier-marshmallow-f6-8ml\\\/\",\"url\":\"https:\\\/\\\/velesnails.pl\\\/product\\\/baza-french-hybrydowa-nailsology-clavier-marshmallow-f6-8ml\\\/\",\"name\":\"Baza French Hybrydowa Nailsology Clavier \u2013 Marshmallow \u2013 F6, 8ml - velesnails\",\"isPartOf\":{\"@id\":\"https:\\\/\\\/velesnails.pl\\\/#website\"},\"primaryImageOfPage\":{\"@id\":\"https:\\\/\\\/velesnails.pl\\\/product\\\/baza-french-hybrydowa-nailsology-clavier-marshmallow-f6-8ml\\\/#primaryimage\"},\"image\":{\"@id\":\"https:\\\/\\\/velesnails.pl\\\/product\\\/baza-french-hybrydowa-nailsology-clavier-marshmallow-f6-8ml\\\/#primaryimage\"},\"thumbnailUrl\":\"https:\\\/\\\/i0.wp.com\\\/velesnails.pl\\\/wp-content\\\/uploads\\\/2025\\\/09\\\/FRENCH-BASE-F05-2.jpg?fit=1620%2C1620&ssl=1\",\"datePublished\":\"2025-09-08T14:59:45+00:00\",\"dateModified\":\"2025-10-21T13:40:42+00:00\",\"breadcrumb\":{\"@id\":\"https:\\\/\\\/velesnails.pl\\\/product\\\/baza-french-hybrydowa-nailsology-clavier-marshmallow-f6-8ml\\\/#breadcrumb\"},\"inLanguage\":\"uk\",\"potentialAction\":[{\"@type\":\"ReadAction\",\"target\":[\"https:\\\/\\\/velesnails.pl\\\/product\\\/baza-french-hybrydowa-nailsology-clavier-marshmallow-f6-8ml\\\/\"]}]},{\"@type\":\"ImageObject\",\"inLanguage\":\"uk\",\"@id\":\"https:\\\/\\\/velesnails.pl\\\/product\\\/baza-french-hybrydowa-nailsology-clavier-marshmallow-f6-8ml\\\/#primaryimage\",\"url\":\"https:\\\/\\\/i0.wp.com\\\/velesnails.pl\\\/wp-content\\\/uploads\\\/2025\\\/09\\\/FRENCH-BASE-F05-2.jpg?fit=1620%2C1620&ssl=1\",\"contentUrl\":\"https:\\\/\\\/i0.wp.com\\\/velesnails.pl\\\/wp-content\\\/uploads\\\/2025\\\/09\\\/FRENCH-BASE-F05-2.jpg?fit=1620%2C1620&ssl=1\",\"width\":1620,\"height\":1620,\"caption\":\"#image_title\"},{\"@type\":\"BreadcrumbList\",\"@id\":\"https:\\\/\\\/velesnails.pl\\\/product\\\/baza-french-hybrydowa-nailsology-clavier-marshmallow-f6-8ml\\\/#breadcrumb\",\"itemListElement\":[{\"@type\":\"ListItem\",\"position\":1,\"name\":\"\u0413\u043e\u043b\u043e\u0432\u043d\u0430\",\"item\":\"https:\\\/\\\/velesnails.pl\\\/\"},{\"@type\":\"ListItem\",\"position\":2,\"name\":\"Sklep\",\"item\":\"https:\\\/\\\/velesnails.pl\\\/shop\\\/\"},{\"@type\":\"ListItem\",\"position\":3,\"name\":\"Baza French Hybrydowa Nailsology Clavier \u2013 Marshmallow \u2013 F6, 8ml\"}]},{\"@type\":\"WebSite\",\"@id\":\"https:\\\/\\\/velesnails.pl\\\/#website\",\"url\":\"https:\\\/\\\/velesnails.pl\\\/\",\"name\":\"velesnails\",\"description\":\"Sklep z manicure\",\"publisher\":{\"@id\":\"https:\\\/\\\/velesnails.pl\\\/#organization\"},\"potentialAction\":[{\"@type\":\"SearchAction\",\"target\":{\"@type\":\"EntryPoint\",\"urlTemplate\":\"https:\\\/\\\/velesnails.pl\\\/?s={search_term_string}\"},\"query-input\":{\"@type\":\"PropertyValueSpecification\",\"valueRequired\":true,\"valueName\":\"search_term_string\"}}],\"inLanguage\":\"uk\"},{\"@type\":\"Organization\",\"@id\":\"https:\\\/\\\/velesnails.pl\\\/#organization\",\"name\":\"velesnails\",\"url\":\"https:\\\/\\\/velesnails.pl\\\/\",\"logo\":{\"@type\":\"ImageObject\",\"inLanguage\":\"uk\",\"@id\":\"https:\\\/\\\/velesnails.pl\\\/#\\\/schema\\\/logo\\\/image\\\/\",\"url\":\"https:\\\/\\\/i0.wp.com\\\/velesnails.pl\\\/wp-content\\\/uploads\\\/2025\\\/10\\\/cropped-obraz_viber_2025-10-22_13-55-55-969.jpg?fit=485%2C381&ssl=1\",\"contentUrl\":\"https:\\\/\\\/i0.wp.com\\\/velesnails.pl\\\/wp-content\\\/uploads\\\/2025\\\/10\\\/cropped-obraz_viber_2025-10-22_13-55-55-969.jpg?fit=485%2C381&ssl=1\",\"width\":485,\"height\":381,\"caption\":\"velesnails\"},\"image\":{\"@id\":\"https:\\\/\\\/velesnails.pl\\\/#\\\/schema\\\/logo\\\/image\\\/\"}}]}<\/script>\n<!-- \/ Yoast SEO plugin. -->","yoast_head_json":{"title":"Baza French Hybrydowa Nailsology Clavier \u2013 Marshmallow \u2013 F6, 8ml - velesnails","robots":{"index":"index","follow":"follow","max-snippet":"max-snippet:-1","max-image-preview":"max-image-preview:large","max-video-preview":"max-video-preview:-1"},"canonical":"https:\/\/velesnails.pl\/uk\/product\/baza-french-hybrydowa-nailsology-clavier-marshmallow-f6-8ml\/","og_locale":"uk_UA","og_type":"article","og_title":"Baza French Hybrydowa Nailsology Clavier \u2013 Marshmallow \u2013 F6, 8ml - velesnails","og_description":"Baza French Hybrydowa Nailsology, to idealna baza do french maniciure, w kultowych i ponadczasowych kolorach Baza French Hybrydowa Nailsology Clavier\u00a0, to kultowe i ponadczasowe zdobienie, jakim jest\u00a0French, wymaga pi\u0119knego\u00a0bazowego koloru. Ka\u017cda z klientek ma r\u00f3\u017cne upodobania, dlatego stworzyli\u015bmy\u00a09\u00a0kolorowych baz, idealnych do\u00a0French Manicure\u00a0, by ka\u017cda z Was mog\u0142a dopasowa\u0107 odpowiedni odcie\u0144 do swojej karnacji sk\u00f3ry. Samopoziomuj\u0105ca [&hellip;]","og_url":"https:\/\/velesnails.pl\/uk\/product\/baza-french-hybrydowa-nailsology-clavier-marshmallow-f6-8ml\/","og_site_name":"velesnails","article_modified_time":"2025-10-21T13:40:42+00:00","og_image":[{"width":1620,"height":1620,"url":"https:\/\/velesnails.pl\/wp-content\/uploads\/2025\/09\/FRENCH-BASE-F05-2.jpg","type":"image\/jpeg"}],"twitter_card":"summary_large_image","twitter_misc":{"\u041f\u0440\u0438\u0431\u043b. \u0447\u0430\u0441 \u0447\u0438\u0442\u0430\u043d\u043d\u044f":"2 \u0445\u0432\u0438\u043b\u0438\u043d\u0438"},"schema":{"@context":"https:\/\/schema.org","@graph":[{"@type":"WebPage","@id":"https:\/\/velesnails.pl\/product\/baza-french-hybrydowa-nailsology-clavier-marshmallow-f6-8ml\/","url":"https:\/\/velesnails.pl\/product\/baza-french-hybrydowa-nailsology-clavier-marshmallow-f6-8ml\/","name":"Baza French Hybrydowa Nailsology Clavier \u2013 Marshmallow \u2013 F6, 8ml - velesnails","isPartOf":{"@id":"https:\/\/velesnails.pl\/#website"},"primaryImageOfPage":{"@id":"https:\/\/velesnails.pl\/product\/baza-french-hybrydowa-nailsology-clavier-marshmallow-f6-8ml\/#primaryimage"},"image":{"@id":"https:\/\/velesnails.pl\/product\/baza-french-hybrydowa-nailsology-clavier-marshmallow-f6-8ml\/#primaryimage"},"thumbnailUrl":"https:\/\/i0.wp.com\/velesnails.pl\/wp-content\/uploads\/2025\/09\/FRENCH-BASE-F05-2.jpg?fit=1620%2C1620&ssl=1","datePublished":"2025-09-08T14:59:45+00:00","dateModified":"2025-10-21T13:40:42+00:00","breadcrumb":{"@id":"https:\/\/velesnails.pl\/product\/baza-french-hybrydowa-nailsology-clavier-marshmallow-f6-8ml\/#breadcrumb"},"inLanguage":"uk","potentialAction":[{"@type":"ReadAction","target":["https:\/\/velesnails.pl\/product\/baza-french-hybrydowa-nailsology-clavier-marshmallow-f6-8ml\/"]}]},{"@type":"ImageObject","inLanguage":"uk","@id":"https:\/\/velesnails.pl\/product\/baza-french-hybrydowa-nailsology-clavier-marshmallow-f6-8ml\/#primaryimage","url":"https:\/\/i0.wp.com\/velesnails.pl\/wp-content\/uploads\/2025\/09\/FRENCH-BASE-F05-2.jpg?fit=1620%2C1620&ssl=1","contentUrl":"https:\/\/i0.wp.com\/velesnails.pl\/wp-content\/uploads\/2025\/09\/FRENCH-BASE-F05-2.jpg?fit=1620%2C1620&ssl=1","width":1620,"height":1620,"caption":"#image_title"},{"@type":"BreadcrumbList","@id":"https:\/\/velesnails.pl\/product\/baza-french-hybrydowa-nailsology-clavier-marshmallow-f6-8ml\/#breadcrumb","itemListElement":[{"@type":"ListItem","position":1,"name":"\u0413\u043e\u043b\u043e\u0432\u043d\u0430","item":"https:\/\/velesnails.pl\/"},{"@type":"ListItem","position":2,"name":"Sklep","item":"https:\/\/velesnails.pl\/shop\/"},{"@type":"ListItem","position":3,"name":"Baza French Hybrydowa Nailsology Clavier \u2013 Marshmallow \u2013 F6, 8ml"}]},{"@type":"WebSite","@id":"https:\/\/velesnails.pl\/#website","url":"https:\/\/velesnails.pl\/","name":"\u0432\u0435\u043b\u0435\u0441\u043e\u0432\u0456 \u043d\u0456\u0433\u0442\u0456","description":"\u041c\u0430\u043d\u0456\u043a\u044e\u0440\u043d\u0438\u0439 \u0441\u0430\u043b\u043e\u043d","publisher":{"@id":"https:\/\/velesnails.pl\/#organization"},"potentialAction":[{"@type":"SearchAction","target":{"@type":"EntryPoint","urlTemplate":"https:\/\/velesnails.pl\/?s={search_term_string}"},"query-input":{"@type":"PropertyValueSpecification","valueRequired":true,"valueName":"search_term_string"}}],"inLanguage":"uk"},{"@type":"Organization","@id":"https:\/\/velesnails.pl\/#organization","name":"\u0432\u0435\u043b\u0435\u0441\u043e\u0432\u0456 \u043d\u0456\u0433\u0442\u0456","url":"https:\/\/velesnails.pl\/","logo":{"@type":"ImageObject","inLanguage":"uk","@id":"https:\/\/velesnails.pl\/#\/schema\/logo\/image\/","url":"https:\/\/i0.wp.com\/velesnails.pl\/wp-content\/uploads\/2025\/10\/cropped-obraz_viber_2025-10-22_13-55-55-969.jpg?fit=485%2C381&ssl=1","contentUrl":"https:\/\/i0.wp.com\/velesnails.pl\/wp-content\/uploads\/2025\/10\/cropped-obraz_viber_2025-10-22_13-55-55-969.jpg?fit=485%2C381&ssl=1","width":485,"height":381,"caption":"velesnails"},"image":{"@id":"https:\/\/velesnails.pl\/#\/schema\/logo\/image\/"}}]}},"_links":{"self":[{"href":"https:\/\/velesnails.pl\/uk\/wp-json\/wp\/v2\/product\/7345","targetHints":{"allow":["GET"]}}],"collection":[{"href":"https:\/\/velesnails.pl\/uk\/wp-json\/wp\/v2\/product"}],"about":[{"href":"https:\/\/velesnails.pl\/uk\/wp-json\/wp\/v2\/types\/product"}],"replies":[{"embeddable":true,"href":"https:\/\/velesnails.pl\/uk\/wp-json\/wp\/v2\/comments?post=7345"}],"wp:featuredmedia":[{"embeddable":true,"href":"https:\/\/velesnails.pl\/uk\/wp-json\/wp\/v2\/media\/7346"}],"wp:attachment":[{"href":"https:\/\/velesnails.pl\/uk\/wp-json\/wp\/v2\/media?parent=7345"}],"wp:term":[{"taxonomy":"product_brand","embeddable":true,"href":"https:\/\/velesnails.pl\/uk\/wp-json\/wp\/v2\/product_brand?post=7345"},{"taxonomy":"product_cat","embeddable":true,"href":"https:\/\/velesnails.pl\/uk\/wp-json\/wp\/v2\/product_cat?post=7345"},{"taxonomy":"product_tag","embeddable":true,"href":"https:\/\/velesnails.pl\/uk\/wp-json\/wp\/v2\/product_tag?post=7345"}],"curies":[{"name":"wp","href":"https:\/\/api.w.org\/{rel}","templated":true}]}}