{"id":7148,"date":"2025-08-07T15:37:58","date_gmt":"2025-08-07T12:37:58","guid":{"rendered":"https:\/\/velesnails.pl\/?post_type=product&#038;p=7148"},"modified":"2026-01-18T19:54:53","modified_gmt":"2026-01-18T16:54:53","slug":"frez-diamentowy-plomyk-ostry-czerwony-expert-srednica-21-mm-czesc-robocza-8-mm","status":"publish","type":"product","link":"https:\/\/velesnails.pl\/uk\/product\/frez-diamentowy-plomyk-ostry-czerwony-expert-srednica-21-mm-czesc-robocza-8-mm\/","title":{"rendered":"\u0410\u043b\u043c\u0430\u0437\u043d\u0438\u0439 \u0433\u0430\u0437\u043e\u0432\u0438\u0439 \u0440\u0456\u0437\u0430\u043a \u0433\u043e\u0441\u0442\u0440\u0438\u0439 \u0447\u0435\u0440\u0432\u043e\u043d\u0438\u0439 EXPERT \u0434\u0456\u0430\u043c\u0435\u0442\u0440 2,1 \u043c\u043c \/ \u0440\u043e\u0431\u043e\u0447\u0430 \u0447\u0430\u0441\u0442\u0438\u043d\u0430 8 \u043c\u043c"},"content":{"rendered":"<ul>\n<li>\u0410\u043b\u043c\u0430\u0437\u043d\u0430 \u043d\u0430\u0441\u0430\u0434\u043a\u0430 \u0434\u043b\u044f \u0430\u043f\u0430\u0440\u0430\u0442\u043d\u043e\u0433\u043e \u043c\u0430\u043d\u0456\u043a\u044e\u0440\u0443\/\u043f\u0435\u0434\u0438\u043a\u044e\u0440\u0443.<\/li>\n<li>\u0427\u0435\u0440\u0432\u043e\u043d\u0430 \u0444\u0440\u0435\u0437\u0430 \u0437 \u043c'\u044f\u043a\u0438\u043c \u0437\u0435\u0440\u043d\u043e\u043c \u0434\u043b\u044f \u043d\u0430\u0439\u0434\u0435\u043b\u0456\u043a\u0430\u0442\u043d\u0456\u0448\u043e\u0457 \u043f\u0456\u0434\u0433\u043e\u0442\u043e\u0432\u043a\u0438 \u0448\u043a\u0456\u0440\u0438, \u043f\u0456\u0434\u0445\u043e\u0434\u0438\u0442\u044c \u044f\u043a \u0434\u043b\u044f \u043f\u043e\u0447\u0430\u0442\u043a\u0456\u0432\u0446\u0456\u0432, \u0442\u0430\u043a \u0456 \u0434\u043b\u044f \u043f\u0440\u043e\u0444\u0435\u0441\u0456\u0439\u043d\u0438\u0445 \u0441\u0442\u0438\u043b\u0456\u0441\u0442\u0456\u0432.<\/li>\n<li>\u0424\u043e\u0440\u043c\u0430 \"\u0433\u043e\u0441\u0442\u0440\u0435 \u043f\u043e\u043b\u0443\u043c'\u044f\" \u0434\u043b\u044f \u043e\u0431\u0440\u043e\u0431\u043a\u0438 \u043a\u0443\u0442\u0438\u043a\u0443\u043b\u0438, \u0431\u0456\u0447\u043d\u0438\u0445 \u0432\u0430\u043b\u0438\u043a\u0456\u0432, \u043f\u043e\u0442\u043e\u0432\u0449\u0435\u043d\u044c \u0431\u0435\u0437 \u0440\u0438\u0437\u0438\u043a\u0443 \u043f\u043e\u0448\u043a\u043e\u0434\u0436\u0435\u043d\u043d\u044f \u0448\u043a\u0456\u0440\u0438.<\/li>\n<\/ul>\n<p>\u0423 \u043c\u0430\u043d\u0456\u043a\u044e\u0440\u0456:<\/p>\n<ul>\n<li>\u041f\u0456\u0434\u043d\u044f\u0442\u0442\u044f \u0442\u0430 \u0432\u0438\u0434\u0430\u043b\u0435\u043d\u043d\u044f \u043a\u0443\u0442\u0438\u043a\u0443\u043b\u0438.<\/li>\n<li>\u041e\u0431\u0440\u043e\u0431\u043a\u0430 \u0431\u0456\u0447\u043d\u0438\u0445 \u0432\u0430\u043b\u0456\u0432.<\/li>\n<li>\u0420\u043e\u0437\u0432\u0438\u0442\u043e\u043a \u0437\u0432\u0438\u0432\u0438\u0441\u0442\u0438\u0445 \u043d\u0456\u0433\u0442\u0456\u0432.<\/li>\n<li>\u0417\u043d\u044f\u0442\u0442\u044f \u0433\u0435\u043b\u044c-\u043b\u0430\u043a\u0443 \u0442\u0430 \u0430\u043a\u0440\u0438\u043b\u043e\u0432\u0438\u0445 \u043d\u0456\u0433\u0442\u0456\u0432.<\/li>\n<li>\u0417\u043d\u044f\u0442\u0442\u044f \u043e\u0440\u043d\u0430\u043c\u0435\u043d\u0442\u0456\u0432.<\/li>\n<\/ul>\n<p>\u0423 \u043f\u0435\u0434\u0438\u043a\u044e\u0440\u0456\/\u043f\u0435\u0434\u043e\u043b\u043e\u0433\u0456\u0457:<\/p>\n<ul>\n<li>\u041b\u0456\u043a\u0443\u0432\u0430\u043d\u043d\u044f \u0442\u0440\u0456\u0449\u0438\u043d, \u043c\u043e\u0437\u043e\u043b\u0456\u0432.<\/li>\n<li>\u0412\u0438\u0441\u043e\u043a\u043e\u044f\u043a\u0456\u0441\u043d\u0435 \u0430\u043b\u043c\u0430\u0437\u043d\u0435 \u043f\u043e\u043a\u0440\u0438\u0442\u0442\u044f.<\/li>\n<li>\u041c\u043e\u0436\u043d\u0430 \u0441\u0442\u0435\u0440\u0438\u043b\u0456\u0437\u0443\u0432\u0430\u0442\u0438 \u0442\u0430 \u0434\u0435\u0437\u0456\u043d\u0444\u0456\u043a\u0443\u0432\u0430\u0442\u0438 \u0432\u0441\u0456 \u0442\u0438\u043f\u0438.<\/li>\n<li>\u0421\u0442\u0456\u0439\u043a\u0438\u0439 \u0434\u043e \u043a\u043e\u0440\u043e\u0437\u0456\u0457.<\/li>\n<\/ul>","protected":false},"excerpt":{"rendered":"<p>Ko\u0144c\u00f3wka diamentowa do manicure\/pedicure maszynowego. Czerwony frez o mi\u0119kkiej ziarnisto\u015bci do najbardziej delikatnego opracowania sk\u00f3ry, odpowiedni dla pocz\u0105tkuj\u0105cych i profesjonalnych stylist\u00f3w. Kszta\u0142t &#8222;Ostry p\u0142omie\u0144&#8221; do obr\u00f3bki sk\u00f3rek, wa\u0142k\u00f3w bocznych, zgrubie\u0144 bez ryzyka uszkodzenia sk\u00f3ry. W manicure: Podnoszenie I usuwanie sk\u00f3rek. Obr\u00f3bka wa\u0142ka bocznego. Opracowanie sinus\u00f3w w paznokciach. Usuwanie lakieru \u017celowego I akrylu do paznokci. Usuwanie [&hellip;]<\/p>\n","protected":false},"featured_media":7150,"comment_status":"closed","ping_status":"closed","template":"","meta":{"om_disable_all_campaigns":false,"ocean_post_layout":"","ocean_both_sidebars_style":"","ocean_both_sidebars_content_width":0,"ocean_both_sidebars_sidebars_width":0,"ocean_sidebar":"0","ocean_second_sidebar":"0","ocean_disable_margins":"enable","ocean_add_body_class":"","ocean_shortcode_before_top_bar":"","ocean_shortcode_after_top_bar":"","ocean_shortcode_before_header":"","ocean_shortcode_after_header":"","ocean_has_shortcode":"","ocean_shortcode_after_title":"","ocean_shortcode_before_footer_widgets":"","ocean_shortcode_after_footer_widgets":"","ocean_shortcode_before_footer_bottom":"","ocean_shortcode_after_footer_bottom":"","ocean_display_top_bar":"default","ocean_display_header":"default","ocean_header_style":"","ocean_center_header_left_menu":"0","ocean_custom_header_template":"0","ocean_custom_logo":0,"ocean_custom_retina_logo":0,"ocean_custom_logo_max_width":0,"ocean_custom_logo_tablet_max_width":0,"ocean_custom_logo_mobile_max_width":0,"ocean_custom_logo_max_height":0,"ocean_custom_logo_tablet_max_height":0,"ocean_custom_logo_mobile_max_height":0,"ocean_header_custom_menu":"0","ocean_menu_typo_font_family":"0","ocean_menu_typo_font_subset":"","ocean_menu_typo_font_size":0,"ocean_menu_typo_font_size_tablet":0,"ocean_menu_typo_font_size_mobile":0,"ocean_menu_typo_font_size_unit":"px","ocean_menu_typo_font_weight":"","ocean_menu_typo_font_weight_tablet":"","ocean_menu_typo_font_weight_mobile":"","ocean_menu_typo_transform":"","ocean_menu_typo_transform_tablet":"","ocean_menu_typo_transform_mobile":"","ocean_menu_typo_line_height":0,"ocean_menu_typo_line_height_tablet":0,"ocean_menu_typo_line_height_mobile":0,"ocean_menu_typo_line_height_unit":"","ocean_menu_typo_spacing":0,"ocean_menu_typo_spacing_tablet":0,"ocean_menu_typo_spacing_mobile":0,"ocean_menu_typo_spacing_unit":"","ocean_menu_link_color":"","ocean_menu_link_color_hover":"","ocean_menu_link_color_active":"","ocean_menu_link_background":"","ocean_menu_link_hover_background":"","ocean_menu_link_active_background":"","ocean_menu_social_links_bg":"","ocean_menu_social_hover_links_bg":"","ocean_menu_social_links_color":"","ocean_menu_social_hover_links_color":"","ocean_disable_title":"default","ocean_disable_heading":"default","ocean_post_title":"","ocean_post_subheading":"","ocean_post_title_style":"","ocean_post_title_background_color":"","ocean_post_title_background":0,"ocean_post_title_bg_image_position":"","ocean_post_title_bg_image_attachment":"","ocean_post_title_bg_image_repeat":"","ocean_post_title_bg_image_size":"","ocean_post_title_height":0,"ocean_post_title_bg_overlay":0.5,"ocean_post_title_bg_overlay_color":"","ocean_disable_breadcrumbs":"default","ocean_breadcrumbs_color":"","ocean_breadcrumbs_separator_color":"","ocean_breadcrumbs_links_color":"","ocean_breadcrumbs_links_hover_color":"","ocean_display_footer_widgets":"default","ocean_display_footer_bottom":"default","ocean_custom_footer_template":"0"},"product_brand":[],"product_cat":[160,158,176,110,183],"product_tag":[],"class_list":{"0":"post-7148","1":"product","2":"type-product","3":"status-publish","4":"has-post-thumbnail","6":"product_cat-diamentowe","7":"product_cat-frezy","8":"product_cat-marki","9":"product_cat-paznokcie","10":"product_cat-staleks-1","12":"entry","13":"has-media","15":"first","16":"instock","17":"taxable","18":"shipping-taxable","19":"purchasable","20":"product-type-simple","21":"has-product-nav","22":"col","23":"span_1_of_3","24":"owp-content-center","25":"owp-thumbs-layout-horizontal","26":"owp-btn-normal","27":"owp-tabs-layout-horizontal"},"yoast_head":"<!-- This site is optimized with the Yoast SEO plugin v27.5 - https:\/\/yoast.com\/product\/yoast-seo-wordpress\/ -->\n<title>Frez diamentowy p\u0142omyk ostry czerwony EXPERT \u015brednica 2,1 mm \/ cz\u0119\u015b\u0107 robocza 8 mm - velesnails<\/title>\n<meta name=\"robots\" content=\"index, follow, max-snippet:-1, max-image-preview:large, max-video-preview:-1\" \/>\n<link rel=\"canonical\" href=\"https:\/\/velesnails.pl\/uk\/product\/frez-diamentowy-plomyk-ostry-czerwony-expert-srednica-21-mm-czesc-robocza-8-mm\/\" \/>\n<meta property=\"og:locale\" content=\"uk_UA\" \/>\n<meta property=\"og:type\" content=\"article\" \/>\n<meta property=\"og:title\" content=\"Frez diamentowy p\u0142omyk ostry czerwony EXPERT \u015brednica 2,1 mm \/ cz\u0119\u015b\u0107 robocza 8 mm - velesnails\" \/>\n<meta property=\"og:description\" content=\"Ko\u0144c\u00f3wka diamentowa do manicure\/pedicure maszynowego. Czerwony frez o mi\u0119kkiej ziarnisto\u015bci do najbardziej delikatnego opracowania sk\u00f3ry, odpowiedni dla pocz\u0105tkuj\u0105cych i profesjonalnych stylist\u00f3w. Kszta\u0142t &#8222;Ostry p\u0142omie\u0144&#8221; do obr\u00f3bki sk\u00f3rek, wa\u0142k\u00f3w bocznych, zgrubie\u0144 bez ryzyka uszkodzenia sk\u00f3ry. W manicure: Podnoszenie I usuwanie sk\u00f3rek. Obr\u00f3bka wa\u0142ka bocznego. Opracowanie sinus\u00f3w w paznokciach. Usuwanie lakieru \u017celowego I akrylu do paznokci. Usuwanie [&hellip;]\" \/>\n<meta property=\"og:url\" content=\"https:\/\/velesnails.pl\/uk\/product\/frez-diamentowy-plomyk-ostry-czerwony-expert-srednica-21-mm-czesc-robocza-8-mm\/\" \/>\n<meta property=\"og:site_name\" content=\"velesnails\" \/>\n<meta property=\"article:modified_time\" content=\"2026-01-18T16:54:53+00:00\" \/>\n<meta property=\"og:image\" content=\"https:\/\/velesnails.pl\/wp-content\/uploads\/2025\/08\/\u0417\u043d\u0456\u043c\u043e\u043a-\u0435\u043a\u0440\u0430\u043d\u0430-2025-08-07-143804.png\" \/>\n\t<meta property=\"og:image:width\" content=\"950\" \/>\n\t<meta property=\"og:image:height\" content=\"850\" \/>\n\t<meta property=\"og:image:type\" content=\"image\/png\" \/>\n<meta name=\"twitter:card\" content=\"summary_large_image\" \/>\n<meta name=\"twitter:label1\" content=\"\u041f\u0440\u0438\u0431\u043b. \u0447\u0430\u0441 \u0447\u0438\u0442\u0430\u043d\u043d\u044f\" \/>\n\t<meta name=\"twitter:data1\" content=\"1 \u0445\u0432\u0438\u043b\u0438\u043d\u0430\" \/>\n<script type=\"application\/ld+json\" class=\"yoast-schema-graph\">{\"@context\":\"https:\\\/\\\/schema.org\",\"@graph\":[{\"@type\":\"WebPage\",\"@id\":\"https:\\\/\\\/velesnails.pl\\\/product\\\/frez-diamentowy-plomyk-ostry-czerwony-expert-srednica-21-mm-czesc-robocza-8-mm\\\/\",\"url\":\"https:\\\/\\\/velesnails.pl\\\/product\\\/frez-diamentowy-plomyk-ostry-czerwony-expert-srednica-21-mm-czesc-robocza-8-mm\\\/\",\"name\":\"Frez diamentowy p\u0142omyk ostry czerwony EXPERT \u015brednica 2,1 mm \\\/ cz\u0119\u015b\u0107 robocza 8 mm - velesnails\",\"isPartOf\":{\"@id\":\"https:\\\/\\\/velesnails.pl\\\/#website\"},\"primaryImageOfPage\":{\"@id\":\"https:\\\/\\\/velesnails.pl\\\/product\\\/frez-diamentowy-plomyk-ostry-czerwony-expert-srednica-21-mm-czesc-robocza-8-mm\\\/#primaryimage\"},\"image\":{\"@id\":\"https:\\\/\\\/velesnails.pl\\\/product\\\/frez-diamentowy-plomyk-ostry-czerwony-expert-srednica-21-mm-czesc-robocza-8-mm\\\/#primaryimage\"},\"thumbnailUrl\":\"https:\\\/\\\/i0.wp.com\\\/velesnails.pl\\\/wp-content\\\/uploads\\\/2025\\\/08\\\/%D0%97%D0%BD%D1%96%D0%BC%D0%BE%D0%BA-%D0%B5%D0%BA%D1%80%D0%B0%D0%BD%D0%B0-2025-08-07-143804.png?fit=950%2C850&ssl=1\",\"datePublished\":\"2025-08-07T12:37:58+00:00\",\"dateModified\":\"2026-01-18T16:54:53+00:00\",\"breadcrumb\":{\"@id\":\"https:\\\/\\\/velesnails.pl\\\/product\\\/frez-diamentowy-plomyk-ostry-czerwony-expert-srednica-21-mm-czesc-robocza-8-mm\\\/#breadcrumb\"},\"inLanguage\":\"uk\",\"potentialAction\":[{\"@type\":\"ReadAction\",\"target\":[\"https:\\\/\\\/velesnails.pl\\\/product\\\/frez-diamentowy-plomyk-ostry-czerwony-expert-srednica-21-mm-czesc-robocza-8-mm\\\/\"]}]},{\"@type\":\"ImageObject\",\"inLanguage\":\"uk\",\"@id\":\"https:\\\/\\\/velesnails.pl\\\/product\\\/frez-diamentowy-plomyk-ostry-czerwony-expert-srednica-21-mm-czesc-robocza-8-mm\\\/#primaryimage\",\"url\":\"https:\\\/\\\/i0.wp.com\\\/velesnails.pl\\\/wp-content\\\/uploads\\\/2025\\\/08\\\/%D0%97%D0%BD%D1%96%D0%BC%D0%BE%D0%BA-%D0%B5%D0%BA%D1%80%D0%B0%D0%BD%D0%B0-2025-08-07-143804.png?fit=950%2C850&ssl=1\",\"contentUrl\":\"https:\\\/\\\/i0.wp.com\\\/velesnails.pl\\\/wp-content\\\/uploads\\\/2025\\\/08\\\/%D0%97%D0%BD%D1%96%D0%BC%D0%BE%D0%BA-%D0%B5%D0%BA%D1%80%D0%B0%D0%BD%D0%B0-2025-08-07-143804.png?fit=950%2C850&ssl=1\",\"width\":950,\"height\":850,\"caption\":\"#image_title\"},{\"@type\":\"BreadcrumbList\",\"@id\":\"https:\\\/\\\/velesnails.pl\\\/product\\\/frez-diamentowy-plomyk-ostry-czerwony-expert-srednica-21-mm-czesc-robocza-8-mm\\\/#breadcrumb\",\"itemListElement\":[{\"@type\":\"ListItem\",\"position\":1,\"name\":\"\u0413\u043e\u043b\u043e\u0432\u043d\u0430\",\"item\":\"https:\\\/\\\/velesnails.pl\\\/\"},{\"@type\":\"ListItem\",\"position\":2,\"name\":\"Sklep\",\"item\":\"https:\\\/\\\/velesnails.pl\\\/shop\\\/\"},{\"@type\":\"ListItem\",\"position\":3,\"name\":\"Frez diamentowy p\u0142omyk ostry czerwony EXPERT \u015brednica 2,1 mm \\\/ cz\u0119\u015b\u0107 robocza 8 mm\"}]},{\"@type\":\"WebSite\",\"@id\":\"https:\\\/\\\/velesnails.pl\\\/#website\",\"url\":\"https:\\\/\\\/velesnails.pl\\\/\",\"name\":\"velesnails\",\"description\":\"Sklep z manicure\",\"publisher\":{\"@id\":\"https:\\\/\\\/velesnails.pl\\\/#organization\"},\"potentialAction\":[{\"@type\":\"SearchAction\",\"target\":{\"@type\":\"EntryPoint\",\"urlTemplate\":\"https:\\\/\\\/velesnails.pl\\\/?s={search_term_string}\"},\"query-input\":{\"@type\":\"PropertyValueSpecification\",\"valueRequired\":true,\"valueName\":\"search_term_string\"}}],\"inLanguage\":\"uk\"},{\"@type\":\"Organization\",\"@id\":\"https:\\\/\\\/velesnails.pl\\\/#organization\",\"name\":\"velesnails\",\"url\":\"https:\\\/\\\/velesnails.pl\\\/\",\"logo\":{\"@type\":\"ImageObject\",\"inLanguage\":\"uk\",\"@id\":\"https:\\\/\\\/velesnails.pl\\\/#\\\/schema\\\/logo\\\/image\\\/\",\"url\":\"https:\\\/\\\/i0.wp.com\\\/velesnails.pl\\\/wp-content\\\/uploads\\\/2025\\\/10\\\/cropped-obraz_viber_2025-10-22_13-55-55-969.jpg?fit=485%2C381&ssl=1\",\"contentUrl\":\"https:\\\/\\\/i0.wp.com\\\/velesnails.pl\\\/wp-content\\\/uploads\\\/2025\\\/10\\\/cropped-obraz_viber_2025-10-22_13-55-55-969.jpg?fit=485%2C381&ssl=1\",\"width\":485,\"height\":381,\"caption\":\"velesnails\"},\"image\":{\"@id\":\"https:\\\/\\\/velesnails.pl\\\/#\\\/schema\\\/logo\\\/image\\\/\"}}]}<\/script>\n<!-- \/ Yoast SEO plugin. -->","yoast_head_json":{"title":"\u0410\u043b\u043c\u0430\u0437\u043d\u0438\u0439 \u043f\u043e\u043b\u0443\u043c'\u044f\u043d\u0438\u0439 \u0440\u0456\u0437\u0430\u043a \u0433\u043e\u0441\u0442\u0440\u0438\u0439 \u0447\u0435\u0440\u0432\u043e\u043d\u0438\u0439 EXPERT \u0434\u0456\u0430\u043c\u0435\u0442\u0440 2,1 \u043c\u043c \/ \u0440\u043e\u0431\u043e\u0447\u0430 \u0447\u0430\u0441\u0442\u0438\u043d\u0430 8 \u043c\u043c - \u0432\u0435\u043b\u0435\u0441\u043d\u0456\u0433\u0442\u0456","robots":{"index":"index","follow":"follow","max-snippet":"max-snippet:-1","max-image-preview":"max-image-preview:large","max-video-preview":"max-video-preview:-1"},"canonical":"https:\/\/velesnails.pl\/uk\/product\/frez-diamentowy-plomyk-ostry-czerwony-expert-srednica-21-mm-czesc-robocza-8-mm\/","og_locale":"uk_UA","og_type":"article","og_title":"Frez diamentowy p\u0142omyk ostry czerwony EXPERT \u015brednica 2,1 mm \/ cz\u0119\u015b\u0107 robocza 8 mm - velesnails","og_description":"Ko\u0144c\u00f3wka diamentowa do manicure\/pedicure maszynowego. Czerwony frez o mi\u0119kkiej ziarnisto\u015bci do najbardziej delikatnego opracowania sk\u00f3ry, odpowiedni dla pocz\u0105tkuj\u0105cych i profesjonalnych stylist\u00f3w. Kszta\u0142t &#8222;Ostry p\u0142omie\u0144&#8221; do obr\u00f3bki sk\u00f3rek, wa\u0142k\u00f3w bocznych, zgrubie\u0144 bez ryzyka uszkodzenia sk\u00f3ry. W manicure: Podnoszenie I usuwanie sk\u00f3rek. Obr\u00f3bka wa\u0142ka bocznego. Opracowanie sinus\u00f3w w paznokciach. Usuwanie lakieru \u017celowego I akrylu do paznokci. Usuwanie [&hellip;]","og_url":"https:\/\/velesnails.pl\/uk\/product\/frez-diamentowy-plomyk-ostry-czerwony-expert-srednica-21-mm-czesc-robocza-8-mm\/","og_site_name":"velesnails","article_modified_time":"2026-01-18T16:54:53+00:00","og_image":[{"width":950,"height":850,"url":"https:\/\/velesnails.pl\/wp-content\/uploads\/2025\/08\/\u0417\u043d\u0456\u043c\u043e\u043a-\u0435\u043a\u0440\u0430\u043d\u0430-2025-08-07-143804.png","type":"image\/png"}],"twitter_card":"summary_large_image","twitter_misc":{"\u041f\u0440\u0438\u0431\u043b. \u0447\u0430\u0441 \u0447\u0438\u0442\u0430\u043d\u043d\u044f":"1 \u0445\u0432\u0438\u043b\u0438\u043d\u0430"},"schema":{"@context":"https:\/\/schema.org","@graph":[{"@type":"WebPage","@id":"https:\/\/velesnails.pl\/product\/frez-diamentowy-plomyk-ostry-czerwony-expert-srednica-21-mm-czesc-robocza-8-mm\/","url":"https:\/\/velesnails.pl\/product\/frez-diamentowy-plomyk-ostry-czerwony-expert-srednica-21-mm-czesc-robocza-8-mm\/","name":"\u0410\u043b\u043c\u0430\u0437\u043d\u0438\u0439 \u043f\u043e\u043b\u0443\u043c'\u044f\u043d\u0438\u0439 \u0440\u0456\u0437\u0430\u043a \u0433\u043e\u0441\u0442\u0440\u0438\u0439 \u0447\u0435\u0440\u0432\u043e\u043d\u0438\u0439 EXPERT \u0434\u0456\u0430\u043c\u0435\u0442\u0440 2,1 \u043c\u043c \/ \u0440\u043e\u0431\u043e\u0447\u0430 \u0447\u0430\u0441\u0442\u0438\u043d\u0430 8 \u043c\u043c - \u0432\u0435\u043b\u0435\u0441\u043d\u0456\u0433\u0442\u0456","isPartOf":{"@id":"https:\/\/velesnails.pl\/#website"},"primaryImageOfPage":{"@id":"https:\/\/velesnails.pl\/product\/frez-diamentowy-plomyk-ostry-czerwony-expert-srednica-21-mm-czesc-robocza-8-mm\/#primaryimage"},"image":{"@id":"https:\/\/velesnails.pl\/product\/frez-diamentowy-plomyk-ostry-czerwony-expert-srednica-21-mm-czesc-robocza-8-mm\/#primaryimage"},"thumbnailUrl":"https:\/\/i0.wp.com\/velesnails.pl\/wp-content\/uploads\/2025\/08\/%D0%97%D0%BD%D1%96%D0%BC%D0%BE%D0%BA-%D0%B5%D0%BA%D1%80%D0%B0%D0%BD%D0%B0-2025-08-07-143804.png?fit=950%2C850&ssl=1","datePublished":"2025-08-07T12:37:58+00:00","dateModified":"2026-01-18T16:54:53+00:00","breadcrumb":{"@id":"https:\/\/velesnails.pl\/product\/frez-diamentowy-plomyk-ostry-czerwony-expert-srednica-21-mm-czesc-robocza-8-mm\/#breadcrumb"},"inLanguage":"uk","potentialAction":[{"@type":"ReadAction","target":["https:\/\/velesnails.pl\/product\/frez-diamentowy-plomyk-ostry-czerwony-expert-srednica-21-mm-czesc-robocza-8-mm\/"]}]},{"@type":"ImageObject","inLanguage":"uk","@id":"https:\/\/velesnails.pl\/product\/frez-diamentowy-plomyk-ostry-czerwony-expert-srednica-21-mm-czesc-robocza-8-mm\/#primaryimage","url":"https:\/\/i0.wp.com\/velesnails.pl\/wp-content\/uploads\/2025\/08\/%D0%97%D0%BD%D1%96%D0%BC%D0%BE%D0%BA-%D0%B5%D0%BA%D1%80%D0%B0%D0%BD%D0%B0-2025-08-07-143804.png?fit=950%2C850&ssl=1","contentUrl":"https:\/\/i0.wp.com\/velesnails.pl\/wp-content\/uploads\/2025\/08\/%D0%97%D0%BD%D1%96%D0%BC%D0%BE%D0%BA-%D0%B5%D0%BA%D1%80%D0%B0%D0%BD%D0%B0-2025-08-07-143804.png?fit=950%2C850&ssl=1","width":950,"height":850,"caption":"#image_title"},{"@type":"BreadcrumbList","@id":"https:\/\/velesnails.pl\/product\/frez-diamentowy-plomyk-ostry-czerwony-expert-srednica-21-mm-czesc-robocza-8-mm\/#breadcrumb","itemListElement":[{"@type":"ListItem","position":1,"name":"\u0413\u043e\u043b\u043e\u0432\u043d\u0430","item":"https:\/\/velesnails.pl\/"},{"@type":"ListItem","position":2,"name":"Sklep","item":"https:\/\/velesnails.pl\/shop\/"},{"@type":"ListItem","position":3,"name":"Frez diamentowy p\u0142omyk ostry czerwony EXPERT \u015brednica 2,1 mm \/ cz\u0119\u015b\u0107 robocza 8 mm"}]},{"@type":"WebSite","@id":"https:\/\/velesnails.pl\/#website","url":"https:\/\/velesnails.pl\/","name":"\u0432\u0435\u043b\u0435\u0441\u043e\u0432\u0456 \u043d\u0456\u0433\u0442\u0456","description":"\u041c\u0430\u043d\u0456\u043a\u044e\u0440\u043d\u0438\u0439 \u0441\u0430\u043b\u043e\u043d","publisher":{"@id":"https:\/\/velesnails.pl\/#organization"},"potentialAction":[{"@type":"SearchAction","target":{"@type":"EntryPoint","urlTemplate":"https:\/\/velesnails.pl\/?s={search_term_string}"},"query-input":{"@type":"PropertyValueSpecification","valueRequired":true,"valueName":"search_term_string"}}],"inLanguage":"uk"},{"@type":"Organization","@id":"https:\/\/velesnails.pl\/#organization","name":"\u0432\u0435\u043b\u0435\u0441\u043e\u0432\u0456 \u043d\u0456\u0433\u0442\u0456","url":"https:\/\/velesnails.pl\/","logo":{"@type":"ImageObject","inLanguage":"uk","@id":"https:\/\/velesnails.pl\/#\/schema\/logo\/image\/","url":"https:\/\/i0.wp.com\/velesnails.pl\/wp-content\/uploads\/2025\/10\/cropped-obraz_viber_2025-10-22_13-55-55-969.jpg?fit=485%2C381&ssl=1","contentUrl":"https:\/\/i0.wp.com\/velesnails.pl\/wp-content\/uploads\/2025\/10\/cropped-obraz_viber_2025-10-22_13-55-55-969.jpg?fit=485%2C381&ssl=1","width":485,"height":381,"caption":"velesnails"},"image":{"@id":"https:\/\/velesnails.pl\/#\/schema\/logo\/image\/"}}]}},"_links":{"self":[{"href":"https:\/\/velesnails.pl\/uk\/wp-json\/wp\/v2\/product\/7148","targetHints":{"allow":["GET"]}}],"collection":[{"href":"https:\/\/velesnails.pl\/uk\/wp-json\/wp\/v2\/product"}],"about":[{"href":"https:\/\/velesnails.pl\/uk\/wp-json\/wp\/v2\/types\/product"}],"replies":[{"embeddable":true,"href":"https:\/\/velesnails.pl\/uk\/wp-json\/wp\/v2\/comments?post=7148"}],"wp:featuredmedia":[{"embeddable":true,"href":"https:\/\/velesnails.pl\/uk\/wp-json\/wp\/v2\/media\/7150"}],"wp:attachment":[{"href":"https:\/\/velesnails.pl\/uk\/wp-json\/wp\/v2\/media?parent=7148"}],"wp:term":[{"taxonomy":"product_brand","embeddable":true,"href":"https:\/\/velesnails.pl\/uk\/wp-json\/wp\/v2\/product_brand?post=7148"},{"taxonomy":"product_cat","embeddable":true,"href":"https:\/\/velesnails.pl\/uk\/wp-json\/wp\/v2\/product_cat?post=7148"},{"taxonomy":"product_tag","embeddable":true,"href":"https:\/\/velesnails.pl\/uk\/wp-json\/wp\/v2\/product_tag?post=7148"}],"curies":[{"name":"wp","href":"https:\/\/api.w.org\/{rel}","templated":true}]}}