{"id":6779,"date":"2025-06-23T16:27:54","date_gmt":"2025-06-23T13:27:54","guid":{"rendered":"https:\/\/velesnails.pl\/?post_type=product&#038;p=6779"},"modified":"2025-06-24T18:04:33","modified_gmt":"2025-06-24T15:04:33","slug":"zel-do-paznokci-ntn-gel-clear-30g","status":"publish","type":"product","link":"https:\/\/velesnails.pl\/uk\/product\/zel-do-paznokci-ntn-gel-clear-30g\/","title":{"rendered":"\u017bel do paznokci Ntn Gel Clear 30g"},"content":{"rendered":"<p>\u017bel buduj\u0105cy do pracy na tipsie, formie, a tak\u017ce naturalnym paznokciu. Mo\u017cesz go r\u00f3wnie\u017c wykorzysta\u0107 do zatapiania ozd\u00f3b b\u0105d\u017a py\u0142k\u00f3w.<\/p>\n<p><strong>Cechy \u017celu:<\/strong><\/p>\n<ul>\n<li>g\u0119sty<\/li>\n<li>w\u0142a\u015bciwo\u015bci samopoziomuj\u0105ce \u2013 skracaj\u0105 czas pracy i minimalizuj\u0105 ilo\u015b\u0107 u\u017cytego produktu<\/li>\n<li>przyczepno\u015b\u0107, kt\u00f3ra sprawdzi si\u0119 na r\u00f3\u017cnych rodzajach p\u0142ytki paznokcia<\/li>\n<li>dla os\u00f3b na r\u00f3\u017cnym poziomie zaawansowania<\/li>\n<\/ul>\n<p><strong>Odcie\u0144:<\/strong>\u00a0prze\u017aroczysty<\/p>\n<p><strong>Spos\u00f3b u\u017cycia:<\/strong><\/p>\n<ol>\n<li>Przygotowujemy p\u0142ytk\u0119 paznokcia (matowimy j\u0105, usuwamy nab\u0142onek oraz sk\u00f3rki).<\/li>\n<li>Odt\u0142uszczamy p\u0142ytk\u0119 paznokcia alkoholem izopropylowym.<\/li>\n<li>Aplikujemy primer bezkwasowy.<\/li>\n<li>W przypadku przed\u0142u\u017cania &#8211; aplikujemy warstw\u0119 szkieletow\u0105 i utwardzamy w lampie.<\/li>\n<li>Budujemy paznokie\u0107, nast\u0119pnie utwardzamy w lampie.<\/li>\n<li>Pokrywamy stylizacj\u0119 topem hybrydowym lub przechodzimy do na\u0142o\u017cenia koloru b\u0105d\u017a zdobienia.<\/li>\n<\/ol>\n<p><strong>Czas utwardzania:<\/strong>\u00a0Lampa LED\/UV- 60 sek.<\/p>\n<p><strong>Ostrze\u017cenia:<\/strong><\/p>\n<ul>\n<li>Tylko do u\u017cytku profesjonalnego.<\/li>\n<li>Chroni\u0107 przed dzie\u0107mi.<\/li>\n<li>Mo\u017ce powodowa\u0107 reakcj\u0119\u00a0alergiczn\u0105.<\/li>\n<li>Unika\u0107 kontaktu ze sk\u00f3r\u0105.<\/li>\n<li>Unika\u0107 kontaktu z oczami.<\/li>\n<li>Prosz\u0119 uwa\u017cnie przeczyta\u0107 spos\u00f3b u\u017cycia.<\/li>\n<\/ul>","protected":false},"excerpt":{"rendered":"<p>\u017bel buduj\u0105cy do pracy na tipsie, formie, a tak\u017ce naturalnym paznokciu. Mo\u017cesz go r\u00f3wnie\u017c wykorzysta\u0107 do zatapiania ozd\u00f3b b\u0105d\u017a py\u0142k\u00f3w. Cechy \u017celu: g\u0119sty w\u0142a\u015bciwo\u015bci samopoziomuj\u0105ce \u2013 skracaj\u0105 czas pracy i minimalizuj\u0105 ilo\u015b\u0107 u\u017cytego produktu przyczepno\u015b\u0107, kt\u00f3ra sprawdzi si\u0119 na r\u00f3\u017cnych rodzajach p\u0142ytki paznokcia dla os\u00f3b na r\u00f3\u017cnym poziomie zaawansowania Odcie\u0144:\u00a0prze\u017aroczysty Spos\u00f3b u\u017cycia: Przygotowujemy p\u0142ytk\u0119 paznokcia [&hellip;]<\/p>\n","protected":false},"featured_media":2532,"comment_status":"closed","ping_status":"closed","template":"","meta":{"om_disable_all_campaigns":false,"ocean_post_layout":"","ocean_both_sidebars_style":"","ocean_both_sidebars_content_width":0,"ocean_both_sidebars_sidebars_width":0,"ocean_sidebar":"0","ocean_second_sidebar":"0","ocean_disable_margins":"enable","ocean_add_body_class":"","ocean_shortcode_before_top_bar":"","ocean_shortcode_after_top_bar":"","ocean_shortcode_before_header":"","ocean_shortcode_after_header":"","ocean_has_shortcode":"","ocean_shortcode_after_title":"","ocean_shortcode_before_footer_widgets":"","ocean_shortcode_after_footer_widgets":"","ocean_shortcode_before_footer_bottom":"","ocean_shortcode_after_footer_bottom":"","ocean_display_top_bar":"default","ocean_display_header":"default","ocean_header_style":"","ocean_center_header_left_menu":"0","ocean_custom_header_template":"0","ocean_custom_logo":0,"ocean_custom_retina_logo":0,"ocean_custom_logo_max_width":0,"ocean_custom_logo_tablet_max_width":0,"ocean_custom_logo_mobile_max_width":0,"ocean_custom_logo_max_height":0,"ocean_custom_logo_tablet_max_height":0,"ocean_custom_logo_mobile_max_height":0,"ocean_header_custom_menu":"0","ocean_menu_typo_font_family":"0","ocean_menu_typo_font_subset":"","ocean_menu_typo_font_size":0,"ocean_menu_typo_font_size_tablet":0,"ocean_menu_typo_font_size_mobile":0,"ocean_menu_typo_font_size_unit":"px","ocean_menu_typo_font_weight":"","ocean_menu_typo_font_weight_tablet":"","ocean_menu_typo_font_weight_mobile":"","ocean_menu_typo_transform":"","ocean_menu_typo_transform_tablet":"","ocean_menu_typo_transform_mobile":"","ocean_menu_typo_line_height":0,"ocean_menu_typo_line_height_tablet":0,"ocean_menu_typo_line_height_mobile":0,"ocean_menu_typo_line_height_unit":"","ocean_menu_typo_spacing":0,"ocean_menu_typo_spacing_tablet":0,"ocean_menu_typo_spacing_mobile":0,"ocean_menu_typo_spacing_unit":"","ocean_menu_link_color":"","ocean_menu_link_color_hover":"","ocean_menu_link_color_active":"","ocean_menu_link_background":"","ocean_menu_link_hover_background":"","ocean_menu_link_active_background":"","ocean_menu_social_links_bg":"","ocean_menu_social_hover_links_bg":"","ocean_menu_social_links_color":"","ocean_menu_social_hover_links_color":"","ocean_disable_title":"default","ocean_disable_heading":"default","ocean_post_title":"","ocean_post_subheading":"","ocean_post_title_style":"","ocean_post_title_background_color":"","ocean_post_title_background":0,"ocean_post_title_bg_image_position":"","ocean_post_title_bg_image_attachment":"","ocean_post_title_bg_image_repeat":"","ocean_post_title_bg_image_size":"","ocean_post_title_height":0,"ocean_post_title_bg_overlay":0.5,"ocean_post_title_bg_overlay_color":"","ocean_disable_breadcrumbs":"default","ocean_breadcrumbs_color":"","ocean_breadcrumbs_separator_color":"","ocean_breadcrumbs_links_color":"","ocean_breadcrumbs_links_hover_color":"","ocean_display_footer_widgets":"default","ocean_display_footer_bottom":"default","ocean_custom_footer_template":"0"},"product_brand":[],"product_cat":[176,194,110,122,120],"product_tag":[],"class_list":{"0":"post-6779","1":"product","2":"type-product","3":"status-publish","4":"has-post-thumbnail","6":"product_cat-marki","7":"product_cat-ntn","8":"product_cat-paznokcie","9":"product_cat-zeli","10":"product_cat-zele-i-akryle","12":"entry","13":"has-media","15":"first","16":"outofstock","17":"taxable","18":"shipping-taxable","19":"purchasable","20":"product-type-simple","21":"has-product-nav","22":"col","23":"span_1_of_3","24":"owp-content-center","25":"owp-thumbs-layout-horizontal","26":"owp-btn-normal","27":"owp-tabs-layout-horizontal","28":"has-no-thumbnails"},"yoast_head":"<!-- This site is optimized with the Yoast SEO plugin v27.6 - https:\/\/yoast.com\/product\/yoast-seo-wordpress\/ -->\n<title>\u017bel do paznokci Ntn Gel Clear 30g - velesnails<\/title>\n<meta name=\"robots\" content=\"index, follow, max-snippet:-1, max-image-preview:large, max-video-preview:-1\" \/>\n<link rel=\"canonical\" href=\"https:\/\/velesnails.pl\/uk\/product\/zel-do-paznokci-ntn-gel-clear-30g\/\" \/>\n<meta property=\"og:locale\" content=\"uk_UA\" \/>\n<meta property=\"og:type\" content=\"article\" \/>\n<meta property=\"og:title\" content=\"\u017bel do paznokci Ntn Gel Clear 30g - velesnails\" \/>\n<meta property=\"og:description\" content=\"\u017bel buduj\u0105cy do pracy na tipsie, formie, a tak\u017ce naturalnym paznokciu. Mo\u017cesz go r\u00f3wnie\u017c wykorzysta\u0107 do zatapiania ozd\u00f3b b\u0105d\u017a py\u0142k\u00f3w. Cechy \u017celu: g\u0119sty w\u0142a\u015bciwo\u015bci samopoziomuj\u0105ce \u2013 skracaj\u0105 czas pracy i minimalizuj\u0105 ilo\u015b\u0107 u\u017cytego produktu przyczepno\u015b\u0107, kt\u00f3ra sprawdzi si\u0119 na r\u00f3\u017cnych rodzajach p\u0142ytki paznokcia dla os\u00f3b na r\u00f3\u017cnym poziomie zaawansowania Odcie\u0144:\u00a0prze\u017aroczysty Spos\u00f3b u\u017cycia: Przygotowujemy p\u0142ytk\u0119 paznokcia [&hellip;]\" \/>\n<meta property=\"og:url\" content=\"https:\/\/velesnails.pl\/uk\/product\/zel-do-paznokci-ntn-gel-clear-30g\/\" \/>\n<meta property=\"og:site_name\" content=\"velesnails\" \/>\n<meta property=\"article:modified_time\" content=\"2025-06-24T15:04:33+00:00\" \/>\n<meta property=\"og:image\" content=\"https:\/\/i0.wp.com\/velesnails.pl\/wp-content\/uploads\/2024\/07\/Ntn-Gel-Clear-50g.jpg?fit=500%2C496&ssl=1\" \/>\n\t<meta property=\"og:image:width\" content=\"500\" \/>\n\t<meta property=\"og:image:height\" content=\"496\" \/>\n\t<meta property=\"og:image:type\" content=\"image\/jpeg\" \/>\n<meta name=\"twitter:card\" content=\"summary_large_image\" \/>\n<meta name=\"twitter:label1\" content=\"\u041f\u0440\u0438\u0431\u043b. \u0447\u0430\u0441 \u0447\u0438\u0442\u0430\u043d\u043d\u044f\" \/>\n\t<meta name=\"twitter:data1\" content=\"1 \u0445\u0432\u0438\u043b\u0438\u043d\u0430\" \/>\n<script type=\"application\/ld+json\" class=\"yoast-schema-graph\">{\"@context\":\"https:\\\/\\\/schema.org\",\"@graph\":[{\"@type\":\"WebPage\",\"@id\":\"https:\\\/\\\/velesnails.pl\\\/product\\\/zel-do-paznokci-ntn-gel-clear-30g\\\/\",\"url\":\"https:\\\/\\\/velesnails.pl\\\/product\\\/zel-do-paznokci-ntn-gel-clear-30g\\\/\",\"name\":\"\u017bel do paznokci Ntn Gel Clear 30g - velesnails\",\"isPartOf\":{\"@id\":\"https:\\\/\\\/velesnails.pl\\\/#website\"},\"primaryImageOfPage\":{\"@id\":\"https:\\\/\\\/velesnails.pl\\\/product\\\/zel-do-paznokci-ntn-gel-clear-30g\\\/#primaryimage\"},\"image\":{\"@id\":\"https:\\\/\\\/velesnails.pl\\\/product\\\/zel-do-paznokci-ntn-gel-clear-30g\\\/#primaryimage\"},\"thumbnailUrl\":\"https:\\\/\\\/i0.wp.com\\\/velesnails.pl\\\/wp-content\\\/uploads\\\/2024\\\/07\\\/Ntn-Gel-Clear-50g.jpg?fit=500%2C496&ssl=1\",\"datePublished\":\"2025-06-23T13:27:54+00:00\",\"dateModified\":\"2025-06-24T15:04:33+00:00\",\"breadcrumb\":{\"@id\":\"https:\\\/\\\/velesnails.pl\\\/product\\\/zel-do-paznokci-ntn-gel-clear-30g\\\/#breadcrumb\"},\"inLanguage\":\"uk\",\"potentialAction\":[{\"@type\":\"ReadAction\",\"target\":[\"https:\\\/\\\/velesnails.pl\\\/product\\\/zel-do-paznokci-ntn-gel-clear-30g\\\/\"]}]},{\"@type\":\"ImageObject\",\"inLanguage\":\"uk\",\"@id\":\"https:\\\/\\\/velesnails.pl\\\/product\\\/zel-do-paznokci-ntn-gel-clear-30g\\\/#primaryimage\",\"url\":\"https:\\\/\\\/i0.wp.com\\\/velesnails.pl\\\/wp-content\\\/uploads\\\/2024\\\/07\\\/Ntn-Gel-Clear-50g.jpg?fit=500%2C496&ssl=1\",\"contentUrl\":\"https:\\\/\\\/i0.wp.com\\\/velesnails.pl\\\/wp-content\\\/uploads\\\/2024\\\/07\\\/Ntn-Gel-Clear-50g.jpg?fit=500%2C496&ssl=1\",\"width\":500,\"height\":496},{\"@type\":\"BreadcrumbList\",\"@id\":\"https:\\\/\\\/velesnails.pl\\\/product\\\/zel-do-paznokci-ntn-gel-clear-30g\\\/#breadcrumb\",\"itemListElement\":[{\"@type\":\"ListItem\",\"position\":1,\"name\":\"\u0413\u043e\u043b\u043e\u0432\u043d\u0430\",\"item\":\"https:\\\/\\\/velesnails.pl\\\/\"},{\"@type\":\"ListItem\",\"position\":2,\"name\":\"Sklep\",\"item\":\"https:\\\/\\\/velesnails.pl\\\/shop\\\/\"},{\"@type\":\"ListItem\",\"position\":3,\"name\":\"\u017bel do paznokci Ntn Gel Clear 30g\"}]},{\"@type\":\"WebSite\",\"@id\":\"https:\\\/\\\/velesnails.pl\\\/#website\",\"url\":\"https:\\\/\\\/velesnails.pl\\\/\",\"name\":\"velesnails\",\"description\":\"Sklep z manicure\",\"publisher\":{\"@id\":\"https:\\\/\\\/velesnails.pl\\\/#organization\"},\"potentialAction\":[{\"@type\":\"SearchAction\",\"target\":{\"@type\":\"EntryPoint\",\"urlTemplate\":\"https:\\\/\\\/velesnails.pl\\\/?s={search_term_string}\"},\"query-input\":{\"@type\":\"PropertyValueSpecification\",\"valueRequired\":true,\"valueName\":\"search_term_string\"}}],\"inLanguage\":\"uk\"},{\"@type\":\"Organization\",\"@id\":\"https:\\\/\\\/velesnails.pl\\\/#organization\",\"name\":\"velesnails\",\"url\":\"https:\\\/\\\/velesnails.pl\\\/\",\"logo\":{\"@type\":\"ImageObject\",\"inLanguage\":\"uk\",\"@id\":\"https:\\\/\\\/velesnails.pl\\\/#\\\/schema\\\/logo\\\/image\\\/\",\"url\":\"https:\\\/\\\/i0.wp.com\\\/velesnails.pl\\\/wp-content\\\/uploads\\\/2025\\\/10\\\/cropped-obraz_viber_2025-10-22_13-55-55-969.jpg?fit=485%2C381&ssl=1\",\"contentUrl\":\"https:\\\/\\\/i0.wp.com\\\/velesnails.pl\\\/wp-content\\\/uploads\\\/2025\\\/10\\\/cropped-obraz_viber_2025-10-22_13-55-55-969.jpg?fit=485%2C381&ssl=1\",\"width\":485,\"height\":381,\"caption\":\"velesnails\"},\"image\":{\"@id\":\"https:\\\/\\\/velesnails.pl\\\/#\\\/schema\\\/logo\\\/image\\\/\"}}]}<\/script>\n<!-- \/ Yoast SEO plugin. -->","yoast_head_json":{"title":"\u017bel do paznokci Ntn Gel Clear 30g - velesnails","robots":{"index":"index","follow":"follow","max-snippet":"max-snippet:-1","max-image-preview":"max-image-preview:large","max-video-preview":"max-video-preview:-1"},"canonical":"https:\/\/velesnails.pl\/uk\/product\/zel-do-paznokci-ntn-gel-clear-30g\/","og_locale":"uk_UA","og_type":"article","og_title":"\u017bel do paznokci Ntn Gel Clear 30g - velesnails","og_description":"\u017bel buduj\u0105cy do pracy na tipsie, formie, a tak\u017ce naturalnym paznokciu. Mo\u017cesz go r\u00f3wnie\u017c wykorzysta\u0107 do zatapiania ozd\u00f3b b\u0105d\u017a py\u0142k\u00f3w. Cechy \u017celu: g\u0119sty w\u0142a\u015bciwo\u015bci samopoziomuj\u0105ce \u2013 skracaj\u0105 czas pracy i minimalizuj\u0105 ilo\u015b\u0107 u\u017cytego produktu przyczepno\u015b\u0107, kt\u00f3ra sprawdzi si\u0119 na r\u00f3\u017cnych rodzajach p\u0142ytki paznokcia dla os\u00f3b na r\u00f3\u017cnym poziomie zaawansowania Odcie\u0144:\u00a0prze\u017aroczysty Spos\u00f3b u\u017cycia: Przygotowujemy p\u0142ytk\u0119 paznokcia [&hellip;]","og_url":"https:\/\/velesnails.pl\/uk\/product\/zel-do-paznokci-ntn-gel-clear-30g\/","og_site_name":"velesnails","article_modified_time":"2025-06-24T15:04:33+00:00","og_image":[{"width":500,"height":496,"url":"https:\/\/i0.wp.com\/velesnails.pl\/wp-content\/uploads\/2024\/07\/Ntn-Gel-Clear-50g.jpg?fit=500%2C496&ssl=1","type":"image\/jpeg"}],"twitter_card":"summary_large_image","twitter_misc":{"\u041f\u0440\u0438\u0431\u043b. \u0447\u0430\u0441 \u0447\u0438\u0442\u0430\u043d\u043d\u044f":"1 \u0445\u0432\u0438\u043b\u0438\u043d\u0430"},"schema":{"@context":"https:\/\/schema.org","@graph":[{"@type":"WebPage","@id":"https:\/\/velesnails.pl\/product\/zel-do-paznokci-ntn-gel-clear-30g\/","url":"https:\/\/velesnails.pl\/product\/zel-do-paznokci-ntn-gel-clear-30g\/","name":"\u017bel do paznokci Ntn Gel Clear 30g - velesnails","isPartOf":{"@id":"https:\/\/velesnails.pl\/#website"},"primaryImageOfPage":{"@id":"https:\/\/velesnails.pl\/product\/zel-do-paznokci-ntn-gel-clear-30g\/#primaryimage"},"image":{"@id":"https:\/\/velesnails.pl\/product\/zel-do-paznokci-ntn-gel-clear-30g\/#primaryimage"},"thumbnailUrl":"https:\/\/i0.wp.com\/velesnails.pl\/wp-content\/uploads\/2024\/07\/Ntn-Gel-Clear-50g.jpg?fit=500%2C496&ssl=1","datePublished":"2025-06-23T13:27:54+00:00","dateModified":"2025-06-24T15:04:33+00:00","breadcrumb":{"@id":"https:\/\/velesnails.pl\/product\/zel-do-paznokci-ntn-gel-clear-30g\/#breadcrumb"},"inLanguage":"uk","potentialAction":[{"@type":"ReadAction","target":["https:\/\/velesnails.pl\/product\/zel-do-paznokci-ntn-gel-clear-30g\/"]}]},{"@type":"ImageObject","inLanguage":"uk","@id":"https:\/\/velesnails.pl\/product\/zel-do-paznokci-ntn-gel-clear-30g\/#primaryimage","url":"https:\/\/i0.wp.com\/velesnails.pl\/wp-content\/uploads\/2024\/07\/Ntn-Gel-Clear-50g.jpg?fit=500%2C496&ssl=1","contentUrl":"https:\/\/i0.wp.com\/velesnails.pl\/wp-content\/uploads\/2024\/07\/Ntn-Gel-Clear-50g.jpg?fit=500%2C496&ssl=1","width":500,"height":496},{"@type":"BreadcrumbList","@id":"https:\/\/velesnails.pl\/product\/zel-do-paznokci-ntn-gel-clear-30g\/#breadcrumb","itemListElement":[{"@type":"ListItem","position":1,"name":"\u0413\u043e\u043b\u043e\u0432\u043d\u0430","item":"https:\/\/velesnails.pl\/"},{"@type":"ListItem","position":2,"name":"Sklep","item":"https:\/\/velesnails.pl\/shop\/"},{"@type":"ListItem","position":3,"name":"\u017bel do paznokci Ntn Gel Clear 30g"}]},{"@type":"WebSite","@id":"https:\/\/velesnails.pl\/#website","url":"https:\/\/velesnails.pl\/","name":"\u0432\u0435\u043b\u0435\u0441\u043e\u0432\u0456 \u043d\u0456\u0433\u0442\u0456","description":"\u041c\u0430\u043d\u0456\u043a\u044e\u0440\u043d\u0438\u0439 \u0441\u0430\u043b\u043e\u043d","publisher":{"@id":"https:\/\/velesnails.pl\/#organization"},"potentialAction":[{"@type":"SearchAction","target":{"@type":"EntryPoint","urlTemplate":"https:\/\/velesnails.pl\/?s={search_term_string}"},"query-input":{"@type":"PropertyValueSpecification","valueRequired":true,"valueName":"search_term_string"}}],"inLanguage":"uk"},{"@type":"Organization","@id":"https:\/\/velesnails.pl\/#organization","name":"\u0432\u0435\u043b\u0435\u0441\u043e\u0432\u0456 \u043d\u0456\u0433\u0442\u0456","url":"https:\/\/velesnails.pl\/","logo":{"@type":"ImageObject","inLanguage":"uk","@id":"https:\/\/velesnails.pl\/#\/schema\/logo\/image\/","url":"https:\/\/i0.wp.com\/velesnails.pl\/wp-content\/uploads\/2025\/10\/cropped-obraz_viber_2025-10-22_13-55-55-969.jpg?fit=485%2C381&ssl=1","contentUrl":"https:\/\/i0.wp.com\/velesnails.pl\/wp-content\/uploads\/2025\/10\/cropped-obraz_viber_2025-10-22_13-55-55-969.jpg?fit=485%2C381&ssl=1","width":485,"height":381,"caption":"velesnails"},"image":{"@id":"https:\/\/velesnails.pl\/#\/schema\/logo\/image\/"}}]}},"_links":{"self":[{"href":"https:\/\/velesnails.pl\/uk\/wp-json\/wp\/v2\/product\/6779","targetHints":{"allow":["GET"]}}],"collection":[{"href":"https:\/\/velesnails.pl\/uk\/wp-json\/wp\/v2\/product"}],"about":[{"href":"https:\/\/velesnails.pl\/uk\/wp-json\/wp\/v2\/types\/product"}],"replies":[{"embeddable":true,"href":"https:\/\/velesnails.pl\/uk\/wp-json\/wp\/v2\/comments?post=6779"}],"wp:featuredmedia":[{"embeddable":true,"href":"https:\/\/velesnails.pl\/uk\/wp-json\/wp\/v2\/media\/2532"}],"wp:attachment":[{"href":"https:\/\/velesnails.pl\/uk\/wp-json\/wp\/v2\/media?parent=6779"}],"wp:term":[{"taxonomy":"product_brand","embeddable":true,"href":"https:\/\/velesnails.pl\/uk\/wp-json\/wp\/v2\/product_brand?post=6779"},{"taxonomy":"product_cat","embeddable":true,"href":"https:\/\/velesnails.pl\/uk\/wp-json\/wp\/v2\/product_cat?post=6779"},{"taxonomy":"product_tag","embeddable":true,"href":"https:\/\/velesnails.pl\/uk\/wp-json\/wp\/v2\/product_tag?post=6779"}],"curies":[{"name":"wp","href":"https:\/\/api.w.org\/{rel}","templated":true}]}}