{"id":6771,"date":"2025-06-23T16:07:13","date_gmt":"2025-06-23T13:07:13","guid":{"rendered":"https:\/\/velesnails.pl\/?post_type=product&#038;p=6771"},"modified":"2025-06-23T16:10:13","modified_gmt":"2025-06-23T13:10:13","slug":"zel-budujacy-galaretka-jelly-moonlight-flame-ntn-premium-hema-free-30g","status":"publish","type":"product","link":"https:\/\/velesnails.pl\/uk\/product\/zel-budujacy-galaretka-jelly-moonlight-flame-ntn-premium-hema-free-30g\/","title":{"rendered":"\u017bel buduj\u0105cy (galaretka) Jelly Moonlight Flame NTN Premium HEMA Free 30g"},"content":{"rendered":"<p>\u017bel typu galaretka pozwoli Ci na dok\u0142adn\u0105 i precyzyjn\u0105 prac\u0119 na kilku paznokciach na raz. Jego g\u0119sta konsystencja i brak w\u0142a\u015bciwo\u015bci samopoziomuj\u0105cych pozwalaj\u0105 na d\u0142u\u017csz\u0105 prac\u0119 na paznokciach bez ryzyka zalania sk\u00f3rek. Bardzo mocny i g\u0119sty\u00a0<strong>\u017cel buduj\u0105cy<\/strong>\u00a0o wytrzyma\u0142o\u015bci akrylu i konsystencji galaretki sprawdzi si\u0119 do pracy na formie, tipsie, dual formach, a tak\u017ce naturalnym paznokciu.<\/p>\n<p>Formu\u0142a\u00a0<strong>HEMA\/Di-HEMA Free.<\/strong><\/p>\n<p><b>Cechy \u017celu:<\/b><\/p>\n<ul>\n<li>pozwala na prac\u0119 nawet podczas ekstremalnie wysokiej temperatury &#8211; nie rozlewa si\u0119 i nie sp\u0142ywa na sk\u00f3rki<\/li>\n<li>umo\u017cliwia prac\u0119 na czterech paznokciach na raz \u2013 nie zmienia kszta\u0142tu i nie rozlewa si\u0119 mimo braku utwardzenia<\/li>\n<li>nie rozpr\u0119\u017ca si\u0119, zachowuj\u0105c naturalny tunel<\/li>\n<li>nie \u017c\u00f3\u0142knie, nie odbarwia si\u0119 i nie blaknie<\/li>\n<li>wsp\u00f3\u0142pracuje z naturaln\u0105 p\u0142ytk\u0105 paznokcia, co zapobiega jego z\u0142amaniom i wykruszeniom<\/li>\n<li>konsystencja pozwalaj\u0105ca na r\u00f3wnomierne rozprowadzenie produktu<\/li>\n<\/ul>\n<p><strong>Produkty uzupe\u0142niaj\u0105ce:<\/strong>\u00a0primer, nail prep<\/p>\n<p><strong>Spos\u00f3b u\u017cycia:<\/strong><\/p>\n<ol>\n<li>Przygotowujemy p\u0142ytk\u0119 paznokcia (matowimy, usuwamy nab\u0142onek oraz sk\u00f3rki).<\/li>\n<li>Odt\u0142uszczamy p\u0142ytk\u0119 paznokcia: Nail Prep, IZOTON<\/li>\n<li>Przy problematycznej p\u0142ytce zalecamy u\u017cy\u0107 PRIMER<\/li>\n<li>Nak\u0142adamy odrobin\u0119 bazy x-Bond, a nast\u0119pnie p\u0119dzelkiem do \u017celu wykonujemy tzw wcierk\u0119. Utwardzamy w lampie.<\/li>\n<li>W przypadku przed\u0142u\u017cania &#8211; aplikujemy warstw\u0119 szkieletow\u0105 i utwardzamy w lampie LED\/UV 48W 60 sekund.<\/li>\n<li>Budujemy paznokie\u0107, nast\u0119pnie utwardzaj\u0105c 60 sekund. Tunel zaciskamy po oko\u0142o 10 sekundach.<\/li>\n<li>Pokrywamy stylizacj\u0119 topem hybrydowym lub przechodzimy do na\u0142o\u017cenia koloru b\u0105d\u017a zdobienia.<\/li>\n<\/ol>\n<p><strong>Czas utwardzania:<\/strong>\u00a0Lampa LED\/UV 48W &#8211; 60 sek.<\/p>\n<p><strong>Ostrze\u017cenia:<\/strong><\/p>\n<ul>\n<li>Tylko do u\u017cytku profesjonalnego.<\/li>\n<li>Chroni\u0107 przed dzie\u0107mi.<\/li>\n<li>Mo\u017ce powodowa\u0107 reakcj\u0119 alergiczn\u0105.<\/li>\n<li>Unika\u0107 kontaktu ze sk\u00f3r\u0105.<\/li>\n<li>Unika\u0107 kontaktu z oczami.<\/li>\n<li>Prosz\u0119 uwa\u017cnie przeczyta\u0107 spos\u00f3b u\u017cycia.<\/li>\n<\/ul>","protected":false},"excerpt":{"rendered":"<p>\u017bel typu galaretka pozwoli Ci na dok\u0142adn\u0105 i precyzyjn\u0105 prac\u0119 na kilku paznokciach na raz. Jego g\u0119sta konsystencja i brak w\u0142a\u015bciwo\u015bci samopoziomuj\u0105cych pozwalaj\u0105 na d\u0142u\u017csz\u0105 prac\u0119 na paznokciach bez ryzyka zalania sk\u00f3rek. Bardzo mocny i g\u0119sty\u00a0\u017cel buduj\u0105cy\u00a0o wytrzyma\u0142o\u015bci akrylu i konsystencji galaretki sprawdzi si\u0119 do pracy na formie, tipsie, dual formach, a tak\u017ce naturalnym paznokciu. [&hellip;]<\/p>\n","protected":false},"featured_media":6772,"comment_status":"closed","ping_status":"closed","template":"","meta":{"om_disable_all_campaigns":false,"ocean_post_layout":"","ocean_both_sidebars_style":"","ocean_both_sidebars_content_width":0,"ocean_both_sidebars_sidebars_width":0,"ocean_sidebar":"0","ocean_second_sidebar":"0","ocean_disable_margins":"enable","ocean_add_body_class":"","ocean_shortcode_before_top_bar":"","ocean_shortcode_after_top_bar":"","ocean_shortcode_before_header":"","ocean_shortcode_after_header":"","ocean_has_shortcode":"","ocean_shortcode_after_title":"","ocean_shortcode_before_footer_widgets":"","ocean_shortcode_after_footer_widgets":"","ocean_shortcode_before_footer_bottom":"","ocean_shortcode_after_footer_bottom":"","ocean_display_top_bar":"default","ocean_display_header":"default","ocean_header_style":"","ocean_center_header_left_menu":"0","ocean_custom_header_template":"0","ocean_custom_logo":0,"ocean_custom_retina_logo":0,"ocean_custom_logo_max_width":0,"ocean_custom_logo_tablet_max_width":0,"ocean_custom_logo_mobile_max_width":0,"ocean_custom_logo_max_height":0,"ocean_custom_logo_tablet_max_height":0,"ocean_custom_logo_mobile_max_height":0,"ocean_header_custom_menu":"0","ocean_menu_typo_font_family":"0","ocean_menu_typo_font_subset":"","ocean_menu_typo_font_size":0,"ocean_menu_typo_font_size_tablet":0,"ocean_menu_typo_font_size_mobile":0,"ocean_menu_typo_font_size_unit":"px","ocean_menu_typo_font_weight":"","ocean_menu_typo_font_weight_tablet":"","ocean_menu_typo_font_weight_mobile":"","ocean_menu_typo_transform":"","ocean_menu_typo_transform_tablet":"","ocean_menu_typo_transform_mobile":"","ocean_menu_typo_line_height":0,"ocean_menu_typo_line_height_tablet":0,"ocean_menu_typo_line_height_mobile":0,"ocean_menu_typo_line_height_unit":"","ocean_menu_typo_spacing":0,"ocean_menu_typo_spacing_tablet":0,"ocean_menu_typo_spacing_mobile":0,"ocean_menu_typo_spacing_unit":"","ocean_menu_link_color":"","ocean_menu_link_color_hover":"","ocean_menu_link_color_active":"","ocean_menu_link_background":"","ocean_menu_link_hover_background":"","ocean_menu_link_active_background":"","ocean_menu_social_links_bg":"","ocean_menu_social_hover_links_bg":"","ocean_menu_social_links_color":"","ocean_menu_social_hover_links_color":"","ocean_disable_title":"default","ocean_disable_heading":"default","ocean_post_title":"","ocean_post_subheading":"","ocean_post_title_style":"","ocean_post_title_background_color":"","ocean_post_title_background":0,"ocean_post_title_bg_image_position":"","ocean_post_title_bg_image_attachment":"","ocean_post_title_bg_image_repeat":"","ocean_post_title_bg_image_size":"","ocean_post_title_height":0,"ocean_post_title_bg_overlay":0.5,"ocean_post_title_bg_overlay_color":"","ocean_disable_breadcrumbs":"default","ocean_breadcrumbs_color":"","ocean_breadcrumbs_separator_color":"","ocean_breadcrumbs_links_color":"","ocean_breadcrumbs_links_hover_color":"","ocean_display_footer_widgets":"default","ocean_display_footer_bottom":"default","ocean_custom_footer_template":"0"},"product_brand":[],"product_cat":[176,194,110,122,120],"product_tag":[],"class_list":{"0":"post-6771","1":"product","2":"type-product","3":"status-publish","4":"has-post-thumbnail","6":"product_cat-marki","7":"product_cat-ntn","8":"product_cat-paznokcie","9":"product_cat-zeli","10":"product_cat-zele-i-akryle","12":"entry","13":"has-media","15":"first","16":"instock","17":"taxable","18":"shipping-taxable","19":"purchasable","20":"product-type-simple","21":"has-product-nav","22":"col","23":"span_1_of_3","24":"owp-content-center","25":"owp-thumbs-layout-horizontal","26":"owp-btn-normal","27":"owp-tabs-layout-horizontal"},"yoast_head":"<!-- This site is optimized with the Yoast SEO plugin v27.4 - https:\/\/yoast.com\/product\/yoast-seo-wordpress\/ -->\n<title>\u017bel buduj\u0105cy (galaretka) Jelly Moonlight Flame NTN Premium HEMA Free 30g - velesnails<\/title>\n<meta name=\"robots\" content=\"index, follow, max-snippet:-1, max-image-preview:large, max-video-preview:-1\" \/>\n<link rel=\"canonical\" href=\"https:\/\/velesnails.pl\/uk\/product\/zel-budujacy-galaretka-jelly-moonlight-flame-ntn-premium-hema-free-30g\/\" \/>\n<meta property=\"og:locale\" content=\"uk_UA\" \/>\n<meta property=\"og:type\" content=\"article\" \/>\n<meta property=\"og:title\" content=\"\u017bel buduj\u0105cy (galaretka) Jelly Moonlight Flame NTN Premium HEMA Free 30g - velesnails\" \/>\n<meta property=\"og:description\" content=\"\u017bel typu galaretka pozwoli Ci na dok\u0142adn\u0105 i precyzyjn\u0105 prac\u0119 na kilku paznokciach na raz. Jego g\u0119sta konsystencja i brak w\u0142a\u015bciwo\u015bci samopoziomuj\u0105cych pozwalaj\u0105 na d\u0142u\u017csz\u0105 prac\u0119 na paznokciach bez ryzyka zalania sk\u00f3rek. Bardzo mocny i g\u0119sty\u00a0\u017cel buduj\u0105cy\u00a0o wytrzyma\u0142o\u015bci akrylu i konsystencji galaretki sprawdzi si\u0119 do pracy na formie, tipsie, dual formach, a tak\u017ce naturalnym paznokciu. [&hellip;]\" \/>\n<meta property=\"og:url\" content=\"https:\/\/velesnails.pl\/uk\/product\/zel-budujacy-galaretka-jelly-moonlight-flame-ntn-premium-hema-free-30g\/\" \/>\n<meta property=\"og:site_name\" content=\"velesnails\" \/>\n<meta property=\"article:modified_time\" content=\"2025-06-23T13:10:13+00:00\" \/>\n<meta property=\"og:image\" content=\"https:\/\/i0.wp.com\/velesnails.pl\/wp-content\/uploads\/2025\/06\/1-1.jpg?fit=1000%2C1000&ssl=1\" \/>\n\t<meta property=\"og:image:width\" content=\"1000\" \/>\n\t<meta property=\"og:image:height\" content=\"1000\" \/>\n\t<meta property=\"og:image:type\" content=\"image\/jpeg\" \/>\n<meta name=\"twitter:card\" content=\"summary_large_image\" \/>\n<meta name=\"twitter:label1\" content=\"\u041f\u0440\u0438\u0431\u043b. \u0447\u0430\u0441 \u0447\u0438\u0442\u0430\u043d\u043d\u044f\" \/>\n\t<meta name=\"twitter:data1\" content=\"1 \u0445\u0432\u0438\u043b\u0438\u043d\u0430\" \/>\n<script type=\"application\/ld+json\" class=\"yoast-schema-graph\">{\"@context\":\"https:\\\/\\\/schema.org\",\"@graph\":[{\"@type\":\"WebPage\",\"@id\":\"https:\\\/\\\/velesnails.pl\\\/product\\\/zel-budujacy-galaretka-jelly-moonlight-flame-ntn-premium-hema-free-30g\\\/\",\"url\":\"https:\\\/\\\/velesnails.pl\\\/product\\\/zel-budujacy-galaretka-jelly-moonlight-flame-ntn-premium-hema-free-30g\\\/\",\"name\":\"\u017bel buduj\u0105cy (galaretka) Jelly Moonlight Flame NTN Premium HEMA Free 30g - velesnails\",\"isPartOf\":{\"@id\":\"https:\\\/\\\/velesnails.pl\\\/#website\"},\"primaryImageOfPage\":{\"@id\":\"https:\\\/\\\/velesnails.pl\\\/product\\\/zel-budujacy-galaretka-jelly-moonlight-flame-ntn-premium-hema-free-30g\\\/#primaryimage\"},\"image\":{\"@id\":\"https:\\\/\\\/velesnails.pl\\\/product\\\/zel-budujacy-galaretka-jelly-moonlight-flame-ntn-premium-hema-free-30g\\\/#primaryimage\"},\"thumbnailUrl\":\"https:\\\/\\\/i0.wp.com\\\/velesnails.pl\\\/wp-content\\\/uploads\\\/2025\\\/06\\\/1-1.jpg?fit=1000%2C1000&ssl=1\",\"datePublished\":\"2025-06-23T13:07:13+00:00\",\"dateModified\":\"2025-06-23T13:10:13+00:00\",\"breadcrumb\":{\"@id\":\"https:\\\/\\\/velesnails.pl\\\/product\\\/zel-budujacy-galaretka-jelly-moonlight-flame-ntn-premium-hema-free-30g\\\/#breadcrumb\"},\"inLanguage\":\"uk\",\"potentialAction\":[{\"@type\":\"ReadAction\",\"target\":[\"https:\\\/\\\/velesnails.pl\\\/product\\\/zel-budujacy-galaretka-jelly-moonlight-flame-ntn-premium-hema-free-30g\\\/\"]}]},{\"@type\":\"ImageObject\",\"inLanguage\":\"uk\",\"@id\":\"https:\\\/\\\/velesnails.pl\\\/product\\\/zel-budujacy-galaretka-jelly-moonlight-flame-ntn-premium-hema-free-30g\\\/#primaryimage\",\"url\":\"https:\\\/\\\/i0.wp.com\\\/velesnails.pl\\\/wp-content\\\/uploads\\\/2025\\\/06\\\/1-1.jpg?fit=1000%2C1000&ssl=1\",\"contentUrl\":\"https:\\\/\\\/i0.wp.com\\\/velesnails.pl\\\/wp-content\\\/uploads\\\/2025\\\/06\\\/1-1.jpg?fit=1000%2C1000&ssl=1\",\"width\":1000,\"height\":1000,\"caption\":\"#image_title\"},{\"@type\":\"BreadcrumbList\",\"@id\":\"https:\\\/\\\/velesnails.pl\\\/product\\\/zel-budujacy-galaretka-jelly-moonlight-flame-ntn-premium-hema-free-30g\\\/#breadcrumb\",\"itemListElement\":[{\"@type\":\"ListItem\",\"position\":1,\"name\":\"\u0413\u043e\u043b\u043e\u0432\u043d\u0430\",\"item\":\"https:\\\/\\\/velesnails.pl\\\/\"},{\"@type\":\"ListItem\",\"position\":2,\"name\":\"Sklep\",\"item\":\"https:\\\/\\\/velesnails.pl\\\/shop\\\/\"},{\"@type\":\"ListItem\",\"position\":3,\"name\":\"\u017bel buduj\u0105cy (galaretka) Jelly Moonlight Flame NTN Premium HEMA Free 30g\"}]},{\"@type\":\"WebSite\",\"@id\":\"https:\\\/\\\/velesnails.pl\\\/#website\",\"url\":\"https:\\\/\\\/velesnails.pl\\\/\",\"name\":\"velesnails\",\"description\":\"Sklep z manicure\",\"publisher\":{\"@id\":\"https:\\\/\\\/velesnails.pl\\\/#organization\"},\"potentialAction\":[{\"@type\":\"SearchAction\",\"target\":{\"@type\":\"EntryPoint\",\"urlTemplate\":\"https:\\\/\\\/velesnails.pl\\\/?s={search_term_string}\"},\"query-input\":{\"@type\":\"PropertyValueSpecification\",\"valueRequired\":true,\"valueName\":\"search_term_string\"}}],\"inLanguage\":\"uk\"},{\"@type\":\"Organization\",\"@id\":\"https:\\\/\\\/velesnails.pl\\\/#organization\",\"name\":\"velesnails\",\"url\":\"https:\\\/\\\/velesnails.pl\\\/\",\"logo\":{\"@type\":\"ImageObject\",\"inLanguage\":\"uk\",\"@id\":\"https:\\\/\\\/velesnails.pl\\\/#\\\/schema\\\/logo\\\/image\\\/\",\"url\":\"https:\\\/\\\/i0.wp.com\\\/velesnails.pl\\\/wp-content\\\/uploads\\\/2025\\\/10\\\/cropped-obraz_viber_2025-10-22_13-55-55-969.jpg?fit=485%2C381&ssl=1\",\"contentUrl\":\"https:\\\/\\\/i0.wp.com\\\/velesnails.pl\\\/wp-content\\\/uploads\\\/2025\\\/10\\\/cropped-obraz_viber_2025-10-22_13-55-55-969.jpg?fit=485%2C381&ssl=1\",\"width\":485,\"height\":381,\"caption\":\"velesnails\"},\"image\":{\"@id\":\"https:\\\/\\\/velesnails.pl\\\/#\\\/schema\\\/logo\\\/image\\\/\"}}]}<\/script>\n<!-- \/ Yoast SEO plugin. -->","yoast_head_json":{"title":"\u017bel buduj\u0105cy (galaretka) Jelly Moonlight Flame NTN Premium HEMA Free 30g - velesnails","robots":{"index":"index","follow":"follow","max-snippet":"max-snippet:-1","max-image-preview":"max-image-preview:large","max-video-preview":"max-video-preview:-1"},"canonical":"https:\/\/velesnails.pl\/uk\/product\/zel-budujacy-galaretka-jelly-moonlight-flame-ntn-premium-hema-free-30g\/","og_locale":"uk_UA","og_type":"article","og_title":"\u017bel buduj\u0105cy (galaretka) Jelly Moonlight Flame NTN Premium HEMA Free 30g - velesnails","og_description":"\u017bel typu galaretka pozwoli Ci na dok\u0142adn\u0105 i precyzyjn\u0105 prac\u0119 na kilku paznokciach na raz. Jego g\u0119sta konsystencja i brak w\u0142a\u015bciwo\u015bci samopoziomuj\u0105cych pozwalaj\u0105 na d\u0142u\u017csz\u0105 prac\u0119 na paznokciach bez ryzyka zalania sk\u00f3rek. Bardzo mocny i g\u0119sty\u00a0\u017cel buduj\u0105cy\u00a0o wytrzyma\u0142o\u015bci akrylu i konsystencji galaretki sprawdzi si\u0119 do pracy na formie, tipsie, dual formach, a tak\u017ce naturalnym paznokciu. [&hellip;]","og_url":"https:\/\/velesnails.pl\/uk\/product\/zel-budujacy-galaretka-jelly-moonlight-flame-ntn-premium-hema-free-30g\/","og_site_name":"velesnails","article_modified_time":"2025-06-23T13:10:13+00:00","og_image":[{"width":1000,"height":1000,"url":"https:\/\/i0.wp.com\/velesnails.pl\/wp-content\/uploads\/2025\/06\/1-1.jpg?fit=1000%2C1000&ssl=1","type":"image\/jpeg"}],"twitter_card":"summary_large_image","twitter_misc":{"\u041f\u0440\u0438\u0431\u043b. \u0447\u0430\u0441 \u0447\u0438\u0442\u0430\u043d\u043d\u044f":"1 \u0445\u0432\u0438\u043b\u0438\u043d\u0430"},"schema":{"@context":"https:\/\/schema.org","@graph":[{"@type":"WebPage","@id":"https:\/\/velesnails.pl\/product\/zel-budujacy-galaretka-jelly-moonlight-flame-ntn-premium-hema-free-30g\/","url":"https:\/\/velesnails.pl\/product\/zel-budujacy-galaretka-jelly-moonlight-flame-ntn-premium-hema-free-30g\/","name":"\u017bel buduj\u0105cy (galaretka) Jelly Moonlight Flame NTN Premium HEMA Free 30g - velesnails","isPartOf":{"@id":"https:\/\/velesnails.pl\/#website"},"primaryImageOfPage":{"@id":"https:\/\/velesnails.pl\/product\/zel-budujacy-galaretka-jelly-moonlight-flame-ntn-premium-hema-free-30g\/#primaryimage"},"image":{"@id":"https:\/\/velesnails.pl\/product\/zel-budujacy-galaretka-jelly-moonlight-flame-ntn-premium-hema-free-30g\/#primaryimage"},"thumbnailUrl":"https:\/\/i0.wp.com\/velesnails.pl\/wp-content\/uploads\/2025\/06\/1-1.jpg?fit=1000%2C1000&ssl=1","datePublished":"2025-06-23T13:07:13+00:00","dateModified":"2025-06-23T13:10:13+00:00","breadcrumb":{"@id":"https:\/\/velesnails.pl\/product\/zel-budujacy-galaretka-jelly-moonlight-flame-ntn-premium-hema-free-30g\/#breadcrumb"},"inLanguage":"uk","potentialAction":[{"@type":"ReadAction","target":["https:\/\/velesnails.pl\/product\/zel-budujacy-galaretka-jelly-moonlight-flame-ntn-premium-hema-free-30g\/"]}]},{"@type":"ImageObject","inLanguage":"uk","@id":"https:\/\/velesnails.pl\/product\/zel-budujacy-galaretka-jelly-moonlight-flame-ntn-premium-hema-free-30g\/#primaryimage","url":"https:\/\/i0.wp.com\/velesnails.pl\/wp-content\/uploads\/2025\/06\/1-1.jpg?fit=1000%2C1000&ssl=1","contentUrl":"https:\/\/i0.wp.com\/velesnails.pl\/wp-content\/uploads\/2025\/06\/1-1.jpg?fit=1000%2C1000&ssl=1","width":1000,"height":1000,"caption":"#image_title"},{"@type":"BreadcrumbList","@id":"https:\/\/velesnails.pl\/product\/zel-budujacy-galaretka-jelly-moonlight-flame-ntn-premium-hema-free-30g\/#breadcrumb","itemListElement":[{"@type":"ListItem","position":1,"name":"\u0413\u043e\u043b\u043e\u0432\u043d\u0430","item":"https:\/\/velesnails.pl\/"},{"@type":"ListItem","position":2,"name":"Sklep","item":"https:\/\/velesnails.pl\/shop\/"},{"@type":"ListItem","position":3,"name":"\u017bel buduj\u0105cy (galaretka) Jelly Moonlight Flame NTN Premium HEMA Free 30g"}]},{"@type":"WebSite","@id":"https:\/\/velesnails.pl\/#website","url":"https:\/\/velesnails.pl\/","name":"\u0432\u0435\u043b\u0435\u0441\u043e\u0432\u0456 \u043d\u0456\u0433\u0442\u0456","description":"\u041c\u0430\u043d\u0456\u043a\u044e\u0440\u043d\u0438\u0439 \u0441\u0430\u043b\u043e\u043d","publisher":{"@id":"https:\/\/velesnails.pl\/#organization"},"potentialAction":[{"@type":"SearchAction","target":{"@type":"EntryPoint","urlTemplate":"https:\/\/velesnails.pl\/?s={search_term_string}"},"query-input":{"@type":"PropertyValueSpecification","valueRequired":true,"valueName":"search_term_string"}}],"inLanguage":"uk"},{"@type":"Organization","@id":"https:\/\/velesnails.pl\/#organization","name":"\u0432\u0435\u043b\u0435\u0441\u043e\u0432\u0456 \u043d\u0456\u0433\u0442\u0456","url":"https:\/\/velesnails.pl\/","logo":{"@type":"ImageObject","inLanguage":"uk","@id":"https:\/\/velesnails.pl\/#\/schema\/logo\/image\/","url":"https:\/\/i0.wp.com\/velesnails.pl\/wp-content\/uploads\/2025\/10\/cropped-obraz_viber_2025-10-22_13-55-55-969.jpg?fit=485%2C381&ssl=1","contentUrl":"https:\/\/i0.wp.com\/velesnails.pl\/wp-content\/uploads\/2025\/10\/cropped-obraz_viber_2025-10-22_13-55-55-969.jpg?fit=485%2C381&ssl=1","width":485,"height":381,"caption":"velesnails"},"image":{"@id":"https:\/\/velesnails.pl\/#\/schema\/logo\/image\/"}}]}},"_links":{"self":[{"href":"https:\/\/velesnails.pl\/uk\/wp-json\/wp\/v2\/product\/6771","targetHints":{"allow":["GET"]}}],"collection":[{"href":"https:\/\/velesnails.pl\/uk\/wp-json\/wp\/v2\/product"}],"about":[{"href":"https:\/\/velesnails.pl\/uk\/wp-json\/wp\/v2\/types\/product"}],"replies":[{"embeddable":true,"href":"https:\/\/velesnails.pl\/uk\/wp-json\/wp\/v2\/comments?post=6771"}],"wp:featuredmedia":[{"embeddable":true,"href":"https:\/\/velesnails.pl\/uk\/wp-json\/wp\/v2\/media\/6772"}],"wp:attachment":[{"href":"https:\/\/velesnails.pl\/uk\/wp-json\/wp\/v2\/media?parent=6771"}],"wp:term":[{"taxonomy":"product_brand","embeddable":true,"href":"https:\/\/velesnails.pl\/uk\/wp-json\/wp\/v2\/product_brand?post=6771"},{"taxonomy":"product_cat","embeddable":true,"href":"https:\/\/velesnails.pl\/uk\/wp-json\/wp\/v2\/product_cat?post=6771"},{"taxonomy":"product_tag","embeddable":true,"href":"https:\/\/velesnails.pl\/uk\/wp-json\/wp\/v2\/product_tag?post=6771"}],"curies":[{"name":"wp","href":"https:\/\/api.w.org\/{rel}","templated":true}]}}