{"id":5937,"date":"2025-03-05T15:41:23","date_gmt":"2025-03-05T12:41:23","guid":{"rendered":"https:\/\/velesnails.pl\/?post_type=product&#038;p=5937"},"modified":"2025-03-05T15:43:03","modified_gmt":"2025-03-05T12:43:03","slug":"samoprzylepne-paski-naklejki-do-french-manicure-nr-4-ok-48szt","status":"publish","type":"product","link":"https:\/\/velesnails.pl\/uk\/product\/samoprzylepne-paski-naklejki-do-french-manicure-nr-4-ok-48szt\/","title":{"rendered":"Samoprzylepne paski naklejki do french manicure Nr 4 ok. 48szt"},"content":{"rendered":"<h2>Samoprzylepne paski naklejki do french manicure Nr 4 ok. 48szt.<\/h2>\n<p>Namalowanie r\u00f3wnej linii we french manicure to dla Ciebie wyzwanie?<\/p>\n<p>Teraz ju\u017c nie musisz si\u0119 stresowa\u0107 dr\u0105\u017c\u0105c\u0105 r\u0119k\u0105 czy brakiem proporcji, poniewa\u017c przychodzi idealnie rozwi\u0105zanie do perfekcyjnej linii u\u015bmiechu!<\/p>\n<p>To samoprzylepne paski, kt\u00f3re wystarczy naklei\u0107 na paznokie\u0107 i idealnie odrysowa\u0107 od nich u\u015bmiech frencha. Dost\u0119pne w r\u00f3\u017cnych kszta\u0142tach \u2013 do wykonania french manicure na kszta\u0142tach owal, migda\u0142, kwadrat i szpic.<\/p>\n<p><strong>Spos\u00f3b u\u017cycia:\u00a0<\/strong><\/p>\n<ol>\n<li>Pomaluj paznokcie lakierem klasycznym, hybrydowym lub baz\u0105 hybrydow\u0105.<\/li>\n<li>Naklej naklejk\u0119 &#8211; wcze\u015bniej delikatnie pobieraj\u0105c j\u0105 p\u0119set\u0105 z arkusza \u2013 pod lini\u0105 u\u015bmiechu.<\/li>\n<li>Domaluj u\u015bmiech frencha lakierem klasycznym lub hybrydowym.<\/li>\n<li>W przypadku hybrydy utward\u017a, odklei pasek i pomaluj paznokcie topem. W przypadku lakieru klasycznego poczekaj do wyschni\u0119cia lakieru, kt\u00f3rego u\u017cy\u0142a\u015b do ko\u0144c\u00f3wki french, odklej pasek i zabezpiecz stylizacj\u0119 topem.<\/li>\n<\/ol>","protected":false},"excerpt":{"rendered":"<p>Samoprzylepne paski naklejki do french manicure Nr 4 ok. 48szt. Namalowanie r\u00f3wnej linii we french manicure to dla Ciebie wyzwanie? Teraz ju\u017c nie musisz si\u0119 stresowa\u0107 dr\u0105\u017c\u0105c\u0105 r\u0119k\u0105 czy brakiem proporcji, poniewa\u017c przychodzi idealnie rozwi\u0105zanie do perfekcyjnej linii u\u015bmiechu! To samoprzylepne paski, kt\u00f3re wystarczy naklei\u0107 na paznokie\u0107 i idealnie odrysowa\u0107 od nich u\u015bmiech frencha. Dost\u0119pne [&hellip;]<\/p>\n","protected":false},"featured_media":5939,"comment_status":"closed","ping_status":"closed","template":"","meta":{"om_disable_all_campaigns":false,"ocean_post_layout":"","ocean_both_sidebars_style":"","ocean_both_sidebars_content_width":0,"ocean_both_sidebars_sidebars_width":0,"ocean_sidebar":"0","ocean_second_sidebar":"0","ocean_disable_margins":"enable","ocean_add_body_class":"","ocean_shortcode_before_top_bar":"","ocean_shortcode_after_top_bar":"","ocean_shortcode_before_header":"","ocean_shortcode_after_header":"","ocean_has_shortcode":"","ocean_shortcode_after_title":"","ocean_shortcode_before_footer_widgets":"","ocean_shortcode_after_footer_widgets":"","ocean_shortcode_before_footer_bottom":"","ocean_shortcode_after_footer_bottom":"","ocean_display_top_bar":"default","ocean_display_header":"default","ocean_header_style":"","ocean_center_header_left_menu":"0","ocean_custom_header_template":"0","ocean_custom_logo":0,"ocean_custom_retina_logo":0,"ocean_custom_logo_max_width":0,"ocean_custom_logo_tablet_max_width":0,"ocean_custom_logo_mobile_max_width":0,"ocean_custom_logo_max_height":0,"ocean_custom_logo_tablet_max_height":0,"ocean_custom_logo_mobile_max_height":0,"ocean_header_custom_menu":"0","ocean_menu_typo_font_family":"0","ocean_menu_typo_font_subset":"","ocean_menu_typo_font_size":0,"ocean_menu_typo_font_size_tablet":0,"ocean_menu_typo_font_size_mobile":0,"ocean_menu_typo_font_size_unit":"px","ocean_menu_typo_font_weight":"","ocean_menu_typo_font_weight_tablet":"","ocean_menu_typo_font_weight_mobile":"","ocean_menu_typo_transform":"","ocean_menu_typo_transform_tablet":"","ocean_menu_typo_transform_mobile":"","ocean_menu_typo_line_height":0,"ocean_menu_typo_line_height_tablet":0,"ocean_menu_typo_line_height_mobile":0,"ocean_menu_typo_line_height_unit":"","ocean_menu_typo_spacing":0,"ocean_menu_typo_spacing_tablet":0,"ocean_menu_typo_spacing_mobile":0,"ocean_menu_typo_spacing_unit":"","ocean_menu_link_color":"","ocean_menu_link_color_hover":"","ocean_menu_link_color_active":"","ocean_menu_link_background":"","ocean_menu_link_hover_background":"","ocean_menu_link_active_background":"","ocean_menu_social_links_bg":"","ocean_menu_social_hover_links_bg":"","ocean_menu_social_links_color":"","ocean_menu_social_hover_links_color":"","ocean_disable_title":"default","ocean_disable_heading":"default","ocean_post_title":"","ocean_post_subheading":"","ocean_post_title_style":"","ocean_post_title_background_color":"","ocean_post_title_background":0,"ocean_post_title_bg_image_position":"","ocean_post_title_bg_image_attachment":"","ocean_post_title_bg_image_repeat":"","ocean_post_title_bg_image_size":"","ocean_post_title_height":0,"ocean_post_title_bg_overlay":0.5,"ocean_post_title_bg_overlay_color":"","ocean_disable_breadcrumbs":"default","ocean_breadcrumbs_color":"","ocean_breadcrumbs_separator_color":"","ocean_breadcrumbs_links_color":"","ocean_breadcrumbs_links_hover_color":"","ocean_display_footer_widgets":"default","ocean_display_footer_bottom":"default","ocean_custom_footer_template":"0"},"product_brand":[],"product_cat":[125,130,110],"product_tag":[],"class_list":{"0":"post-5937","1":"product","2":"type-product","3":"status-publish","4":"has-post-thumbnail","6":"product_cat-nail-art","7":"product_cat-ozdoby-i-efekty","8":"product_cat-paznokcie","10":"entry","11":"has-media","13":"first","14":"instock","15":"taxable","16":"shipping-taxable","17":"purchasable","18":"product-type-simple","19":"has-product-nav","20":"col","21":"span_1_of_3","22":"owp-content-center","23":"owp-thumbs-layout-horizontal","24":"owp-btn-normal","25":"owp-tabs-layout-horizontal"},"yoast_head":"<!-- This site is optimized with the Yoast SEO plugin v27.6 - https:\/\/yoast.com\/product\/yoast-seo-wordpress\/ -->\n<title>Samoprzylepne paski naklejki do french manicure Nr 4 ok. 48szt - velesnails<\/title>\n<meta name=\"robots\" content=\"index, follow, max-snippet:-1, max-image-preview:large, max-video-preview:-1\" \/>\n<link rel=\"canonical\" href=\"https:\/\/velesnails.pl\/uk\/product\/samoprzylepne-paski-naklejki-do-french-manicure-nr-4-ok-48szt\/\" \/>\n<meta property=\"og:locale\" content=\"uk_UA\" \/>\n<meta property=\"og:type\" content=\"article\" \/>\n<meta property=\"og:title\" content=\"Samoprzylepne paski naklejki do french manicure Nr 4 ok. 48szt - velesnails\" \/>\n<meta property=\"og:description\" content=\"Samoprzylepne paski naklejki do french manicure Nr 4 ok. 48szt. Namalowanie r\u00f3wnej linii we french manicure to dla Ciebie wyzwanie? Teraz ju\u017c nie musisz si\u0119 stresowa\u0107 dr\u0105\u017c\u0105c\u0105 r\u0119k\u0105 czy brakiem proporcji, poniewa\u017c przychodzi idealnie rozwi\u0105zanie do perfekcyjnej linii u\u015bmiechu! To samoprzylepne paski, kt\u00f3re wystarczy naklei\u0107 na paznokie\u0107 i idealnie odrysowa\u0107 od nich u\u015bmiech frencha. Dost\u0119pne [&hellip;]\" \/>\n<meta property=\"og:url\" content=\"https:\/\/velesnails.pl\/uk\/product\/samoprzylepne-paski-naklejki-do-french-manicure-nr-4-ok-48szt\/\" \/>\n<meta property=\"og:site_name\" content=\"velesnails\" \/>\n<meta property=\"article:modified_time\" content=\"2025-03-05T12:43:03+00:00\" \/>\n<meta property=\"og:image\" content=\"https:\/\/i0.wp.com\/velesnails.pl\/wp-content\/uploads\/2025\/03\/samoprzylepne-paski-naklejki-do-french-manicure-nr-4-ok-48szt.jpg?fit=1000%2C1000&ssl=1\" \/>\n\t<meta property=\"og:image:width\" content=\"1000\" \/>\n\t<meta property=\"og:image:height\" content=\"1000\" \/>\n\t<meta property=\"og:image:type\" content=\"image\/jpeg\" \/>\n<meta name=\"twitter:card\" content=\"summary_large_image\" \/>\n<meta name=\"twitter:label1\" content=\"\u041f\u0440\u0438\u0431\u043b. \u0447\u0430\u0441 \u0447\u0438\u0442\u0430\u043d\u043d\u044f\" \/>\n\t<meta name=\"twitter:data1\" content=\"1 \u0445\u0432\u0438\u043b\u0438\u043d\u0430\" \/>\n<script type=\"application\/ld+json\" class=\"yoast-schema-graph\">{\"@context\":\"https:\\\/\\\/schema.org\",\"@graph\":[{\"@type\":\"WebPage\",\"@id\":\"https:\\\/\\\/velesnails.pl\\\/product\\\/samoprzylepne-paski-naklejki-do-french-manicure-nr-4-ok-48szt\\\/\",\"url\":\"https:\\\/\\\/velesnails.pl\\\/product\\\/samoprzylepne-paski-naklejki-do-french-manicure-nr-4-ok-48szt\\\/\",\"name\":\"Samoprzylepne paski naklejki do french manicure Nr 4 ok. 48szt - velesnails\",\"isPartOf\":{\"@id\":\"https:\\\/\\\/velesnails.pl\\\/#website\"},\"primaryImageOfPage\":{\"@id\":\"https:\\\/\\\/velesnails.pl\\\/product\\\/samoprzylepne-paski-naklejki-do-french-manicure-nr-4-ok-48szt\\\/#primaryimage\"},\"image\":{\"@id\":\"https:\\\/\\\/velesnails.pl\\\/product\\\/samoprzylepne-paski-naklejki-do-french-manicure-nr-4-ok-48szt\\\/#primaryimage\"},\"thumbnailUrl\":\"https:\\\/\\\/i0.wp.com\\\/velesnails.pl\\\/wp-content\\\/uploads\\\/2025\\\/03\\\/samoprzylepne-paski-naklejki-do-french-manicure-nr-4-ok-48szt.jpg?fit=1000%2C1000&ssl=1\",\"datePublished\":\"2025-03-05T12:41:23+00:00\",\"dateModified\":\"2025-03-05T12:43:03+00:00\",\"breadcrumb\":{\"@id\":\"https:\\\/\\\/velesnails.pl\\\/product\\\/samoprzylepne-paski-naklejki-do-french-manicure-nr-4-ok-48szt\\\/#breadcrumb\"},\"inLanguage\":\"uk\",\"potentialAction\":[{\"@type\":\"ReadAction\",\"target\":[\"https:\\\/\\\/velesnails.pl\\\/product\\\/samoprzylepne-paski-naklejki-do-french-manicure-nr-4-ok-48szt\\\/\"]}]},{\"@type\":\"ImageObject\",\"inLanguage\":\"uk\",\"@id\":\"https:\\\/\\\/velesnails.pl\\\/product\\\/samoprzylepne-paski-naklejki-do-french-manicure-nr-4-ok-48szt\\\/#primaryimage\",\"url\":\"https:\\\/\\\/i0.wp.com\\\/velesnails.pl\\\/wp-content\\\/uploads\\\/2025\\\/03\\\/samoprzylepne-paski-naklejki-do-french-manicure-nr-4-ok-48szt.jpg?fit=1000%2C1000&ssl=1\",\"contentUrl\":\"https:\\\/\\\/i0.wp.com\\\/velesnails.pl\\\/wp-content\\\/uploads\\\/2025\\\/03\\\/samoprzylepne-paski-naklejki-do-french-manicure-nr-4-ok-48szt.jpg?fit=1000%2C1000&ssl=1\",\"width\":1000,\"height\":1000},{\"@type\":\"BreadcrumbList\",\"@id\":\"https:\\\/\\\/velesnails.pl\\\/product\\\/samoprzylepne-paski-naklejki-do-french-manicure-nr-4-ok-48szt\\\/#breadcrumb\",\"itemListElement\":[{\"@type\":\"ListItem\",\"position\":1,\"name\":\"\u0413\u043e\u043b\u043e\u0432\u043d\u0430\",\"item\":\"https:\\\/\\\/velesnails.pl\\\/\"},{\"@type\":\"ListItem\",\"position\":2,\"name\":\"Sklep\",\"item\":\"https:\\\/\\\/velesnails.pl\\\/shop\\\/\"},{\"@type\":\"ListItem\",\"position\":3,\"name\":\"Samoprzylepne paski naklejki do french manicure Nr 4 ok. 48szt\"}]},{\"@type\":\"WebSite\",\"@id\":\"https:\\\/\\\/velesnails.pl\\\/#website\",\"url\":\"https:\\\/\\\/velesnails.pl\\\/\",\"name\":\"velesnails\",\"description\":\"Sklep z manicure\",\"publisher\":{\"@id\":\"https:\\\/\\\/velesnails.pl\\\/#organization\"},\"potentialAction\":[{\"@type\":\"SearchAction\",\"target\":{\"@type\":\"EntryPoint\",\"urlTemplate\":\"https:\\\/\\\/velesnails.pl\\\/?s={search_term_string}\"},\"query-input\":{\"@type\":\"PropertyValueSpecification\",\"valueRequired\":true,\"valueName\":\"search_term_string\"}}],\"inLanguage\":\"uk\"},{\"@type\":\"Organization\",\"@id\":\"https:\\\/\\\/velesnails.pl\\\/#organization\",\"name\":\"velesnails\",\"url\":\"https:\\\/\\\/velesnails.pl\\\/\",\"logo\":{\"@type\":\"ImageObject\",\"inLanguage\":\"uk\",\"@id\":\"https:\\\/\\\/velesnails.pl\\\/#\\\/schema\\\/logo\\\/image\\\/\",\"url\":\"https:\\\/\\\/i0.wp.com\\\/velesnails.pl\\\/wp-content\\\/uploads\\\/2025\\\/10\\\/cropped-obraz_viber_2025-10-22_13-55-55-969.jpg?fit=485%2C381&ssl=1\",\"contentUrl\":\"https:\\\/\\\/i0.wp.com\\\/velesnails.pl\\\/wp-content\\\/uploads\\\/2025\\\/10\\\/cropped-obraz_viber_2025-10-22_13-55-55-969.jpg?fit=485%2C381&ssl=1\",\"width\":485,\"height\":381,\"caption\":\"velesnails\"},\"image\":{\"@id\":\"https:\\\/\\\/velesnails.pl\\\/#\\\/schema\\\/logo\\\/image\\\/\"}}]}<\/script>\n<!-- \/ Yoast SEO plugin. -->","yoast_head_json":{"title":"Samoprzylepne paski naklejki do french manicure Nr 4 ok. 48szt - velesnails","robots":{"index":"index","follow":"follow","max-snippet":"max-snippet:-1","max-image-preview":"max-image-preview:large","max-video-preview":"max-video-preview:-1"},"canonical":"https:\/\/velesnails.pl\/uk\/product\/samoprzylepne-paski-naklejki-do-french-manicure-nr-4-ok-48szt\/","og_locale":"uk_UA","og_type":"article","og_title":"Samoprzylepne paski naklejki do french manicure Nr 4 ok. 48szt - velesnails","og_description":"Samoprzylepne paski naklejki do french manicure Nr 4 ok. 48szt. Namalowanie r\u00f3wnej linii we french manicure to dla Ciebie wyzwanie? Teraz ju\u017c nie musisz si\u0119 stresowa\u0107 dr\u0105\u017c\u0105c\u0105 r\u0119k\u0105 czy brakiem proporcji, poniewa\u017c przychodzi idealnie rozwi\u0105zanie do perfekcyjnej linii u\u015bmiechu! To samoprzylepne paski, kt\u00f3re wystarczy naklei\u0107 na paznokie\u0107 i idealnie odrysowa\u0107 od nich u\u015bmiech frencha. Dost\u0119pne [&hellip;]","og_url":"https:\/\/velesnails.pl\/uk\/product\/samoprzylepne-paski-naklejki-do-french-manicure-nr-4-ok-48szt\/","og_site_name":"velesnails","article_modified_time":"2025-03-05T12:43:03+00:00","og_image":[{"width":1000,"height":1000,"url":"https:\/\/i0.wp.com\/velesnails.pl\/wp-content\/uploads\/2025\/03\/samoprzylepne-paski-naklejki-do-french-manicure-nr-4-ok-48szt.jpg?fit=1000%2C1000&ssl=1","type":"image\/jpeg"}],"twitter_card":"summary_large_image","twitter_misc":{"\u041f\u0440\u0438\u0431\u043b. \u0447\u0430\u0441 \u0447\u0438\u0442\u0430\u043d\u043d\u044f":"1 \u0445\u0432\u0438\u043b\u0438\u043d\u0430"},"schema":{"@context":"https:\/\/schema.org","@graph":[{"@type":"WebPage","@id":"https:\/\/velesnails.pl\/product\/samoprzylepne-paski-naklejki-do-french-manicure-nr-4-ok-48szt\/","url":"https:\/\/velesnails.pl\/product\/samoprzylepne-paski-naklejki-do-french-manicure-nr-4-ok-48szt\/","name":"Samoprzylepne paski naklejki do french manicure Nr 4 ok. 48szt - velesnails","isPartOf":{"@id":"https:\/\/velesnails.pl\/#website"},"primaryImageOfPage":{"@id":"https:\/\/velesnails.pl\/product\/samoprzylepne-paski-naklejki-do-french-manicure-nr-4-ok-48szt\/#primaryimage"},"image":{"@id":"https:\/\/velesnails.pl\/product\/samoprzylepne-paski-naklejki-do-french-manicure-nr-4-ok-48szt\/#primaryimage"},"thumbnailUrl":"https:\/\/i0.wp.com\/velesnails.pl\/wp-content\/uploads\/2025\/03\/samoprzylepne-paski-naklejki-do-french-manicure-nr-4-ok-48szt.jpg?fit=1000%2C1000&ssl=1","datePublished":"2025-03-05T12:41:23+00:00","dateModified":"2025-03-05T12:43:03+00:00","breadcrumb":{"@id":"https:\/\/velesnails.pl\/product\/samoprzylepne-paski-naklejki-do-french-manicure-nr-4-ok-48szt\/#breadcrumb"},"inLanguage":"uk","potentialAction":[{"@type":"ReadAction","target":["https:\/\/velesnails.pl\/product\/samoprzylepne-paski-naklejki-do-french-manicure-nr-4-ok-48szt\/"]}]},{"@type":"ImageObject","inLanguage":"uk","@id":"https:\/\/velesnails.pl\/product\/samoprzylepne-paski-naklejki-do-french-manicure-nr-4-ok-48szt\/#primaryimage","url":"https:\/\/i0.wp.com\/velesnails.pl\/wp-content\/uploads\/2025\/03\/samoprzylepne-paski-naklejki-do-french-manicure-nr-4-ok-48szt.jpg?fit=1000%2C1000&ssl=1","contentUrl":"https:\/\/i0.wp.com\/velesnails.pl\/wp-content\/uploads\/2025\/03\/samoprzylepne-paski-naklejki-do-french-manicure-nr-4-ok-48szt.jpg?fit=1000%2C1000&ssl=1","width":1000,"height":1000},{"@type":"BreadcrumbList","@id":"https:\/\/velesnails.pl\/product\/samoprzylepne-paski-naklejki-do-french-manicure-nr-4-ok-48szt\/#breadcrumb","itemListElement":[{"@type":"ListItem","position":1,"name":"\u0413\u043e\u043b\u043e\u0432\u043d\u0430","item":"https:\/\/velesnails.pl\/"},{"@type":"ListItem","position":2,"name":"Sklep","item":"https:\/\/velesnails.pl\/shop\/"},{"@type":"ListItem","position":3,"name":"Samoprzylepne paski naklejki do french manicure Nr 4 ok. 48szt"}]},{"@type":"WebSite","@id":"https:\/\/velesnails.pl\/#website","url":"https:\/\/velesnails.pl\/","name":"\u0432\u0435\u043b\u0435\u0441\u043e\u0432\u0456 \u043d\u0456\u0433\u0442\u0456","description":"\u041c\u0430\u043d\u0456\u043a\u044e\u0440\u043d\u0438\u0439 \u0441\u0430\u043b\u043e\u043d","publisher":{"@id":"https:\/\/velesnails.pl\/#organization"},"potentialAction":[{"@type":"SearchAction","target":{"@type":"EntryPoint","urlTemplate":"https:\/\/velesnails.pl\/?s={search_term_string}"},"query-input":{"@type":"PropertyValueSpecification","valueRequired":true,"valueName":"search_term_string"}}],"inLanguage":"uk"},{"@type":"Organization","@id":"https:\/\/velesnails.pl\/#organization","name":"\u0432\u0435\u043b\u0435\u0441\u043e\u0432\u0456 \u043d\u0456\u0433\u0442\u0456","url":"https:\/\/velesnails.pl\/","logo":{"@type":"ImageObject","inLanguage":"uk","@id":"https:\/\/velesnails.pl\/#\/schema\/logo\/image\/","url":"https:\/\/i0.wp.com\/velesnails.pl\/wp-content\/uploads\/2025\/10\/cropped-obraz_viber_2025-10-22_13-55-55-969.jpg?fit=485%2C381&ssl=1","contentUrl":"https:\/\/i0.wp.com\/velesnails.pl\/wp-content\/uploads\/2025\/10\/cropped-obraz_viber_2025-10-22_13-55-55-969.jpg?fit=485%2C381&ssl=1","width":485,"height":381,"caption":"velesnails"},"image":{"@id":"https:\/\/velesnails.pl\/#\/schema\/logo\/image\/"}}]}},"_links":{"self":[{"href":"https:\/\/velesnails.pl\/uk\/wp-json\/wp\/v2\/product\/5937","targetHints":{"allow":["GET"]}}],"collection":[{"href":"https:\/\/velesnails.pl\/uk\/wp-json\/wp\/v2\/product"}],"about":[{"href":"https:\/\/velesnails.pl\/uk\/wp-json\/wp\/v2\/types\/product"}],"replies":[{"embeddable":true,"href":"https:\/\/velesnails.pl\/uk\/wp-json\/wp\/v2\/comments?post=5937"}],"wp:featuredmedia":[{"embeddable":true,"href":"https:\/\/velesnails.pl\/uk\/wp-json\/wp\/v2\/media\/5939"}],"wp:attachment":[{"href":"https:\/\/velesnails.pl\/uk\/wp-json\/wp\/v2\/media?parent=5937"}],"wp:term":[{"taxonomy":"product_brand","embeddable":true,"href":"https:\/\/velesnails.pl\/uk\/wp-json\/wp\/v2\/product_brand?post=5937"},{"taxonomy":"product_cat","embeddable":true,"href":"https:\/\/velesnails.pl\/uk\/wp-json\/wp\/v2\/product_cat?post=5937"},{"taxonomy":"product_tag","embeddable":true,"href":"https:\/\/velesnails.pl\/uk\/wp-json\/wp\/v2\/product_tag?post=5937"}],"curies":[{"name":"wp","href":"https:\/\/api.w.org\/{rel}","templated":true}]}}