{"id":5878,"date":"2025-03-04T18:53:41","date_gmt":"2025-03-04T15:53:41","guid":{"rendered":"https:\/\/velesnails.pl\/?post_type=product&#038;p=5878"},"modified":"2026-01-14T17:49:53","modified_gmt":"2026-01-14T14:49:53","slug":"preparat-wzmacniajacy-plytke-paznokcia-biogel-nail-care-program-15-ml","status":"publish","type":"product","link":"https:\/\/velesnails.pl\/uk\/product\/preparat-wzmacniajacy-plytke-paznokcia-biogel-nail-care-program-15-ml\/","title":{"rendered":"Preparat wzmacniaj\u0105cy p\u0142ytk\u0119 paznokcia Biogel Nail Care Program 15 ml"},"content":{"rendered":"<h2>Preparat wzmacniaj\u0105cy p\u0142ytk\u0119 paznokcia Biogel Nail Care Program 15 ml<\/h2>\n<p>BIOGEL\u00ae jest preparatem s\u0142u\u017c\u0105cym do natychmiastowej poprawy kondycji ultra cienkich i s\u0142abych paznokci. Jest przeznaczony dla paznokci szczeg\u00f3lnie \u0142amliwych i kruchych. Powinien by\u0107 stosowany m.in. po ka\u017cdorazowym zdj\u0119ciu tips\u00f3w i paznokci akrylowych, jak r\u00f3wnie\u017c dla normalnej, profilaktycznej ochrony p\u0142ytki paznokciowej przed niekorzystnymi warunkami zewn\u0119trznymi. Mo\u017ce by\u0107 u\u017cywany jako naturalny lakier oraz jako podk\u0142ad pod emali\u0119 kolorow\u0105.<\/p>\n<p>Preparat ma nowoczesn\u0105 formu\u0142\u0119 bez formaldehydu zupe\u0142nie odmienn\u0105 od dotychczas stosowanych preparat\u00f3w ochronnych.<\/p>\n<p>Nie tylko utwardza, ale te\u017c uzupe\u0142nia p\u0142ytk\u0119 paznokcia i biologicznie oddzia\u0142uje na kreatyn\u0119 (podstawowy budulec paznokcia) w taki spos\u00f3b, \u017ce zmienia jej struktur\u0119 i wzmacnia j\u0105.<\/p>\n<p>Tworzy mocny szkielet paznokcia, kt\u00f3ry staje si\u0119 odporny na urazy i uszkodzenia. Preparat zawiera szereg aktywnych sk\u0142adnik\u00f3w m.in. naturaln\u0105 L-cystein\u0119, kt\u00f3ra biologicznie odnawia paznokie\u0107, zwi\u0119kszaj\u0105c jego przyrosty i grubo\u015b\u0107.<\/p>\n<p><strong>Cel<\/strong><\/p>\n<p>BIOGEL\u00ae jest od\u017cywk\u0105 przeznaczon\u0105 dla os\u00f3b z powa\u017cnie os\u0142abionymi paznokciami, kt\u00f3re wymagaj\u0105 intensywnego, leczniczego programu wsparcia.<\/p>\n<p><strong>Wyniki<\/strong><\/p>\n<p>Dodatkowym rezultatem u\u017cycia preparatu jest jego zdolno\u015b\u0107 do ukrywania za\u017c\u00f3\u0142ce\u0144 i przebarwie\u0144. Nowa struktura kreatyny w paznokciu utrzymuje si\u0119 przez d\u0142ugi czas po zako\u0144czeniu u\u017cycia preparatu i utrzymuje si\u0119 a\u017c do odro\u015bni\u0119cia nowej p\u0142ytki paznokciowej.<\/p>\n<p>G\u0142\u00f3wnym sk\u0142adnik budulcowy paznokci i nask\u00f3rka wok\u00f3\u0142 paznokci jest keratyna. Jest to naturalny zwi\u0105zek o bardzo zr\u00f3\u017cnicowanym sk\u0142adzie aminokwas\u00f3w, z kt\u00f3rych powstaj\u0105 \u0142a\u0144cuchy polipeptydowe. W keratynie\u00a0<strong>wyst\u0119puj\u0105:<\/strong>\u00a0cystyna, arginina, glicyna, tyrozyna, fenyloalanina, lizyna oraz inne aminokwasy.<\/p>\n<p><strong>Co wp\u0142ywa na stan paznokci ?<\/strong><\/p>\n<p><strong>Cysteina(nazwa skr\u00f3towa Cys)<\/strong>\u00a0jest aminokwasem kodowanym, endogennym, wchodz\u0105cym w sk\u0142ad wielu bia\u0142ek, zawieraj\u0105cym grup\u0119 tiolow\u0105, dzi\u0119ki kt\u00f3rej jest zdolna do tworzenia mostk\u00f3w siarczkowych &#8211; jednego z czynnik\u00f3w wp\u0142ywaj\u0105cych na trzeciorz\u0119dow\u0105 struktur\u0119 bia\u0142ek. Jest pochodn\u0105\u00a0<strong>kwasu alfa-aminopropionowego<\/strong>, w kt\u00f3rego cz\u0105steczce jeden z atom\u00f3w wodoru zosta\u0142 zast\u0105piony grupa\u00a0<strong>sulfhydrylow\u0105 &#8211; SH<\/strong>. Utlenianie tlenem z powietrza dw\u00f3ch cz\u0105steczek cysteiny, wskutek odebrania dw\u00f3ch atom\u00f3w wodoru z grup &#8211;\u00a0<strong>SH<\/strong>\u00a0\u2013 powstaje nowy aminokwas \u2013 cystyna i cz\u0105steczka wody. Istnienie cysteiny w strukturze bia\u0142ka umo\u017cliwia pofa\u0142dowanie \u0142a\u0144cucha cz\u0105steczki (powstaj\u0105 mostki siarczkowe). Wyst\u0119puje w bia\u0142kach w\u0142osa, nask\u00f3rka i paznokci. Niedob\u00f3r tego aminokwasu zawsze b\u0119dzie si\u0119 wi\u0119c objawia\u0142a w pierwszej kolejno\u015bci zaburzeniami rogowacenia, krucho\u015bci\u0105 w\u0142os\u00f3w, \u0142amliwo\u015bci\u0105 p\u0142ytek paznokciowych, rozwarstwianiem si\u0119 paznokci, rozdwajaniem ko\u0144c\u00f3wek w\u0142osa.\u00a0<strong>Glutation<\/strong>\u00a0r\u00f3wnie\u017c zawiera w budowie\u00a0<strong>cystein\u0119<\/strong>, a pe\u0142ni on nie ma\u0142\u0105 rol\u0119 w naszym ustroju. Bia\u0142kiem bogatym w cystein\u0119 jest kazeina.<\/p>\n<ul>\n<li><strong>Aminokwasy<\/strong>\u00a0&#8211; powinny by\u0107 regularnie dostarczane paznokciom, poniewa\u017c s\u0105 niezb\u0119dne do ich wzrostu. Wykazano eksperymentalnie u zwierz\u0105t, \u017ce w\u015br\u00f3d niedobor\u00f3w aminokwas\u00f3w najwi\u0119ksz\u0105 rol\u0119 pe\u0142ni niedob\u00f3r cystyny i jej sk\u0142adowej \u2013 cysteiny. To te aminokwas s\u0105 g\u0142\u00f3wnie odpowiedzialny za og\u00f3lny stan i kondycj\u0119 p\u0142ytki paznokciowej. Niedob\u00f3r cysteiny mo\u017cna \u0142atwo pozna\u0107, po tym, \u017ce paznokcie trac\u0105 po\u0142ysk i staj\u0105 si\u0119 cienkie i matowe. Przy d\u0142u\u017cszym, utrzymuj\u0105cym si\u0119 braku r\u00f3wnowagi aminokwasowej mo\u017ce doj\u015b\u0107 do powa\u017cnego uszkodzenia p\u0142ytki a nawet jej zaniku. Do tej pory kuracj\u0119 L-cysteinow\u0105 stosowano prawie wy\u0142\u0105cznie w postaci \u015brodk\u00f3w przyjmowanych doustnie. Stworzenie nowej jako\u015bci L-cysteiny, zdolnej do przenikania w g\u0142\u0105b p\u0142ytki paznokciowej otworzy\u0142y nowe mo\u017cliwo\u015bci w kosmetyce. BIOGEL\u00ae jest pierwszym preparatem pozwalaj\u0105cym w spos\u00f3b zupe\u0142nie nieinwazyjny na natychmiastow\u0105, znaczn\u0105 popraw\u0119 kondycji paznokci.<\/li>\n<li><strong>W\u0119glowodany<\/strong>\u00a0&#8211; paznokcie potrzebuj\u0105 prawid\u0142owych ilo\u015bci energii w ich postaci, poniewa\u017c charakteryzuj\u0105 si\u0119 wysokim metabolizmem. Macierz p\u0142ytki, z kt\u00f3rej kszta\u0142tuje si\u0119 paznokie\u0107, nale\u017cy do najszybciej rosn\u0105cej tkanki cz\u0142owieka. Dlatego te\u017c, nale\u017cy ca\u0142y czas pami\u0119ta\u0107 o zdrowej i urozmaiconej diecie.<\/li>\n<li><strong>Witaminy<\/strong>\u00a0&#8211; Paznokcie s\u0105 bardzo wra\u017cliwe na ich niedobory, szczeg\u00f3lnie na niedob\u00f3r witaminy A. przy nieodpowiedniej ilo\u015bci tej witaminy (niedoborze lub nadmiarze) p\u0142ytka paznokciowa cz\u0142owieka staje si\u0119 bardzo s\u0142aba, sucha i \u0142amliwe. BIOGEL\u00ae zawiera w swoim sk\u0142adzie r\u00f3wnie\u017c m.in. witaminy z grupy A i B.<\/li>\n<li><strong>Mikroelementy<\/strong>\u00a0&#8211; ich niedob\u00f3r ma du\u017cy wp\u0142yw na wzrost paznokci. Do najwa\u017cniejszych mikroelement\u00f3w maj\u0105cych wp\u0142yw na paznokcie opr\u00f3cz cynku i miedzi zalicza si\u0119 \u017celazo, \u017celazo, mied\u017a. Pami\u0119taj\u0105c o tym w sk\u0142ad preparatu uzupe\u0142niono o \u017celazo, wspomagaj\u0105ce dzia\u0142anie L \u2013cysteiny<\/li>\n<\/ul>\n<p><strong>Spos\u00f3b u\u017cycia:<\/strong><\/p>\n<ol>\n<li>Przy stosowaniu leczniczym \u2013 2-3 razy w roku przez okres oko\u0142o 3 tygodni, &#8211; maluj\u0105c minimalnie 2 razy w tygodniu (oczywi\u015bcie zmywaj\u0105c poprzedni\u0105 warstw\u0119).<\/li>\n<li>Przy stosowaniu wzmacniaj\u0105cym \u2013 nanie\u015b\u0107 na paznokie\u0107 i uzupe\u0142nia\u0107 w miar\u0119 potrzeby (bez zmywania)<\/li>\n<\/ol>\n<p><strong>Ostrze\u017cenia:<\/strong><\/p>\n<ul>\n<li>Chroni\u0107 przed dzie\u0107mi.<\/li>\n<li>Mo\u017ce powodowa\u0107 reakcj\u0119 alergiczn\u0105.<\/li>\n<li>Unika\u0107 kontaktu ze sk\u00f3r\u0105.<\/li>\n<li>Unika\u0107 kontaktu z oczami.<\/li>\n<li>Prosz\u0119 uwa\u017cnie przeczyta\u0107 spos\u00f3b u\u017cycia.<\/li>\n<\/ul>","protected":false},"excerpt":{"rendered":"<p>Preparat wzmacniaj\u0105cy p\u0142ytk\u0119 paznokcia Biogel Nail Care Program 15 ml BIOGEL\u00ae jest preparatem s\u0142u\u017c\u0105cym do natychmiastowej poprawy kondycji ultra cienkich i s\u0142abych paznokci. Jest przeznaczony dla paznokci szczeg\u00f3lnie \u0142amliwych i kruchych. Powinien by\u0107 stosowany m.in. po ka\u017cdorazowym zdj\u0119ciu tips\u00f3w i paznokci akrylowych, jak r\u00f3wnie\u017c dla normalnej, profilaktycznej ochrony p\u0142ytki paznokciowej przed niekorzystnymi warunkami zewn\u0119trznymi. Mo\u017ce [&hellip;]<\/p>\n","protected":false},"featured_media":5879,"comment_status":"closed","ping_status":"closed","template":"","meta":{"om_disable_all_campaigns":false,"ocean_post_layout":"","ocean_both_sidebars_style":"","ocean_both_sidebars_content_width":0,"ocean_both_sidebars_sidebars_width":0,"ocean_sidebar":"0","ocean_second_sidebar":"0","ocean_disable_margins":"enable","ocean_add_body_class":"","ocean_shortcode_before_top_bar":"","ocean_shortcode_after_top_bar":"","ocean_shortcode_before_header":"","ocean_shortcode_after_header":"","ocean_has_shortcode":"","ocean_shortcode_after_title":"","ocean_shortcode_before_footer_widgets":"","ocean_shortcode_after_footer_widgets":"","ocean_shortcode_before_footer_bottom":"","ocean_shortcode_after_footer_bottom":"","ocean_display_top_bar":"default","ocean_display_header":"default","ocean_header_style":"","ocean_center_header_left_menu":"0","ocean_custom_header_template":"0","ocean_custom_logo":0,"ocean_custom_retina_logo":0,"ocean_custom_logo_max_width":0,"ocean_custom_logo_tablet_max_width":0,"ocean_custom_logo_mobile_max_width":0,"ocean_custom_logo_max_height":0,"ocean_custom_logo_tablet_max_height":0,"ocean_custom_logo_mobile_max_height":0,"ocean_header_custom_menu":"0","ocean_menu_typo_font_family":"0","ocean_menu_typo_font_subset":"","ocean_menu_typo_font_size":0,"ocean_menu_typo_font_size_tablet":0,"ocean_menu_typo_font_size_mobile":0,"ocean_menu_typo_font_size_unit":"px","ocean_menu_typo_font_weight":"","ocean_menu_typo_font_weight_tablet":"","ocean_menu_typo_font_weight_mobile":"","ocean_menu_typo_transform":"","ocean_menu_typo_transform_tablet":"","ocean_menu_typo_transform_mobile":"","ocean_menu_typo_line_height":0,"ocean_menu_typo_line_height_tablet":0,"ocean_menu_typo_line_height_mobile":0,"ocean_menu_typo_line_height_unit":"","ocean_menu_typo_spacing":0,"ocean_menu_typo_spacing_tablet":0,"ocean_menu_typo_spacing_mobile":0,"ocean_menu_typo_spacing_unit":"","ocean_menu_link_color":"","ocean_menu_link_color_hover":"","ocean_menu_link_color_active":"","ocean_menu_link_background":"","ocean_menu_link_hover_background":"","ocean_menu_link_active_background":"","ocean_menu_social_links_bg":"","ocean_menu_social_hover_links_bg":"","ocean_menu_social_links_color":"","ocean_menu_social_hover_links_color":"","ocean_disable_title":"default","ocean_disable_heading":"default","ocean_post_title":"","ocean_post_subheading":"","ocean_post_title_style":"","ocean_post_title_background_color":"","ocean_post_title_background":0,"ocean_post_title_bg_image_position":"","ocean_post_title_bg_image_attachment":"","ocean_post_title_bg_image_repeat":"","ocean_post_title_bg_image_size":"","ocean_post_title_height":0,"ocean_post_title_bg_overlay":0.5,"ocean_post_title_bg_overlay_color":"","ocean_disable_breadcrumbs":"default","ocean_breadcrumbs_color":"","ocean_breadcrumbs_separator_color":"","ocean_breadcrumbs_links_color":"","ocean_breadcrumbs_links_hover_color":"","ocean_display_footer_widgets":"default","ocean_display_footer_bottom":"default","ocean_custom_footer_template":"0"},"product_brand":[],"product_cat":[169,176,189,110],"product_tag":[],"class_list":{"0":"post-5878","1":"product","2":"type-product","3":"status-publish","4":"has-post-thumbnail","6":"product_cat-kosmetyki-i-preparaty","7":"product_cat-marki","8":"product_cat-molly-lac-1","9":"product_cat-paznokcie","11":"entry","12":"has-media","14":"first","15":"outofstock","16":"taxable","17":"shipping-taxable","18":"purchasable","19":"product-type-simple","20":"has-product-nav","21":"col","22":"span_1_of_3","23":"owp-content-center","24":"owp-thumbs-layout-horizontal","25":"owp-btn-normal","26":"owp-tabs-layout-horizontal"},"yoast_head":"<!-- This site is optimized with the Yoast SEO plugin v27.6 - https:\/\/yoast.com\/product\/yoast-seo-wordpress\/ -->\n<title>Preparat wzmacniaj\u0105cy p\u0142ytk\u0119 paznokcia Biogel Nail Care Program 15 ml - velesnails<\/title>\n<meta name=\"robots\" content=\"index, follow, max-snippet:-1, max-image-preview:large, max-video-preview:-1\" \/>\n<link rel=\"canonical\" href=\"https:\/\/velesnails.pl\/uk\/product\/preparat-wzmacniajacy-plytke-paznokcia-biogel-nail-care-program-15-ml\/\" \/>\n<meta property=\"og:locale\" content=\"uk_UA\" \/>\n<meta property=\"og:type\" content=\"article\" \/>\n<meta property=\"og:title\" content=\"Preparat wzmacniaj\u0105cy p\u0142ytk\u0119 paznokcia Biogel Nail Care Program 15 ml - velesnails\" \/>\n<meta property=\"og:description\" content=\"Preparat wzmacniaj\u0105cy p\u0142ytk\u0119 paznokcia Biogel Nail Care Program 15 ml BIOGEL\u00ae jest preparatem s\u0142u\u017c\u0105cym do natychmiastowej poprawy kondycji ultra cienkich i s\u0142abych paznokci. Jest przeznaczony dla paznokci szczeg\u00f3lnie \u0142amliwych i kruchych. Powinien by\u0107 stosowany m.in. po ka\u017cdorazowym zdj\u0119ciu tips\u00f3w i paznokci akrylowych, jak r\u00f3wnie\u017c dla normalnej, profilaktycznej ochrony p\u0142ytki paznokciowej przed niekorzystnymi warunkami zewn\u0119trznymi. Mo\u017ce [&hellip;]\" \/>\n<meta property=\"og:url\" content=\"https:\/\/velesnails.pl\/uk\/product\/preparat-wzmacniajacy-plytke-paznokcia-biogel-nail-care-program-15-ml\/\" \/>\n<meta property=\"og:site_name\" content=\"velesnails\" \/>\n<meta property=\"article:modified_time\" content=\"2026-01-14T14:49:53+00:00\" \/>\n<meta property=\"og:image\" content=\"https:\/\/velesnails.pl\/wp-content\/uploads\/2025\/03\/1.jpg\" \/>\n\t<meta property=\"og:image:width\" content=\"1000\" \/>\n\t<meta property=\"og:image:height\" content=\"1000\" \/>\n\t<meta property=\"og:image:type\" content=\"image\/jpeg\" \/>\n<meta name=\"twitter:card\" content=\"summary_large_image\" \/>\n<meta name=\"twitter:label1\" content=\"\u041f\u0440\u0438\u0431\u043b. \u0447\u0430\u0441 \u0447\u0438\u0442\u0430\u043d\u043d\u044f\" \/>\n\t<meta name=\"twitter:data1\" content=\"5 \u0445\u0432\u0438\u043b\u0438\u043d\" \/>\n<script type=\"application\/ld+json\" class=\"yoast-schema-graph\">{\"@context\":\"https:\\\/\\\/schema.org\",\"@graph\":[{\"@type\":\"WebPage\",\"@id\":\"https:\\\/\\\/velesnails.pl\\\/product\\\/preparat-wzmacniajacy-plytke-paznokcia-biogel-nail-care-program-15-ml\\\/\",\"url\":\"https:\\\/\\\/velesnails.pl\\\/product\\\/preparat-wzmacniajacy-plytke-paznokcia-biogel-nail-care-program-15-ml\\\/\",\"name\":\"Preparat wzmacniaj\u0105cy p\u0142ytk\u0119 paznokcia Biogel Nail Care Program 15 ml - velesnails\",\"isPartOf\":{\"@id\":\"https:\\\/\\\/velesnails.pl\\\/#website\"},\"primaryImageOfPage\":{\"@id\":\"https:\\\/\\\/velesnails.pl\\\/product\\\/preparat-wzmacniajacy-plytke-paznokcia-biogel-nail-care-program-15-ml\\\/#primaryimage\"},\"image\":{\"@id\":\"https:\\\/\\\/velesnails.pl\\\/product\\\/preparat-wzmacniajacy-plytke-paznokcia-biogel-nail-care-program-15-ml\\\/#primaryimage\"},\"thumbnailUrl\":\"https:\\\/\\\/i0.wp.com\\\/velesnails.pl\\\/wp-content\\\/uploads\\\/2025\\\/03\\\/1.jpg?fit=1000%2C1000&ssl=1\",\"datePublished\":\"2025-03-04T15:53:41+00:00\",\"dateModified\":\"2026-01-14T14:49:53+00:00\",\"breadcrumb\":{\"@id\":\"https:\\\/\\\/velesnails.pl\\\/product\\\/preparat-wzmacniajacy-plytke-paznokcia-biogel-nail-care-program-15-ml\\\/#breadcrumb\"},\"inLanguage\":\"uk\",\"potentialAction\":[{\"@type\":\"ReadAction\",\"target\":[\"https:\\\/\\\/velesnails.pl\\\/product\\\/preparat-wzmacniajacy-plytke-paznokcia-biogel-nail-care-program-15-ml\\\/\"]}]},{\"@type\":\"ImageObject\",\"inLanguage\":\"uk\",\"@id\":\"https:\\\/\\\/velesnails.pl\\\/product\\\/preparat-wzmacniajacy-plytke-paznokcia-biogel-nail-care-program-15-ml\\\/#primaryimage\",\"url\":\"https:\\\/\\\/i0.wp.com\\\/velesnails.pl\\\/wp-content\\\/uploads\\\/2025\\\/03\\\/1.jpg?fit=1000%2C1000&ssl=1\",\"contentUrl\":\"https:\\\/\\\/i0.wp.com\\\/velesnails.pl\\\/wp-content\\\/uploads\\\/2025\\\/03\\\/1.jpg?fit=1000%2C1000&ssl=1\",\"width\":1000,\"height\":1000},{\"@type\":\"BreadcrumbList\",\"@id\":\"https:\\\/\\\/velesnails.pl\\\/product\\\/preparat-wzmacniajacy-plytke-paznokcia-biogel-nail-care-program-15-ml\\\/#breadcrumb\",\"itemListElement\":[{\"@type\":\"ListItem\",\"position\":1,\"name\":\"\u0413\u043e\u043b\u043e\u0432\u043d\u0430\",\"item\":\"https:\\\/\\\/velesnails.pl\\\/\"},{\"@type\":\"ListItem\",\"position\":2,\"name\":\"Sklep\",\"item\":\"https:\\\/\\\/velesnails.pl\\\/shop\\\/\"},{\"@type\":\"ListItem\",\"position\":3,\"name\":\"Preparat wzmacniaj\u0105cy p\u0142ytk\u0119 paznokcia Biogel Nail Care Program 15 ml\"}]},{\"@type\":\"WebSite\",\"@id\":\"https:\\\/\\\/velesnails.pl\\\/#website\",\"url\":\"https:\\\/\\\/velesnails.pl\\\/\",\"name\":\"velesnails\",\"description\":\"Sklep z manicure\",\"publisher\":{\"@id\":\"https:\\\/\\\/velesnails.pl\\\/#organization\"},\"potentialAction\":[{\"@type\":\"SearchAction\",\"target\":{\"@type\":\"EntryPoint\",\"urlTemplate\":\"https:\\\/\\\/velesnails.pl\\\/?s={search_term_string}\"},\"query-input\":{\"@type\":\"PropertyValueSpecification\",\"valueRequired\":true,\"valueName\":\"search_term_string\"}}],\"inLanguage\":\"uk\"},{\"@type\":\"Organization\",\"@id\":\"https:\\\/\\\/velesnails.pl\\\/#organization\",\"name\":\"velesnails\",\"url\":\"https:\\\/\\\/velesnails.pl\\\/\",\"logo\":{\"@type\":\"ImageObject\",\"inLanguage\":\"uk\",\"@id\":\"https:\\\/\\\/velesnails.pl\\\/#\\\/schema\\\/logo\\\/image\\\/\",\"url\":\"https:\\\/\\\/i0.wp.com\\\/velesnails.pl\\\/wp-content\\\/uploads\\\/2025\\\/10\\\/cropped-obraz_viber_2025-10-22_13-55-55-969.jpg?fit=485%2C381&ssl=1\",\"contentUrl\":\"https:\\\/\\\/i0.wp.com\\\/velesnails.pl\\\/wp-content\\\/uploads\\\/2025\\\/10\\\/cropped-obraz_viber_2025-10-22_13-55-55-969.jpg?fit=485%2C381&ssl=1\",\"width\":485,\"height\":381,\"caption\":\"velesnails\"},\"image\":{\"@id\":\"https:\\\/\\\/velesnails.pl\\\/#\\\/schema\\\/logo\\\/image\\\/\"}}]}<\/script>\n<!-- \/ Yoast SEO plugin. -->","yoast_head_json":{"title":"Preparat wzmacniaj\u0105cy p\u0142ytk\u0119 paznokcia Biogel Nail Care Program 15 ml - velesnails","robots":{"index":"index","follow":"follow","max-snippet":"max-snippet:-1","max-image-preview":"max-image-preview:large","max-video-preview":"max-video-preview:-1"},"canonical":"https:\/\/velesnails.pl\/uk\/product\/preparat-wzmacniajacy-plytke-paznokcia-biogel-nail-care-program-15-ml\/","og_locale":"uk_UA","og_type":"article","og_title":"Preparat wzmacniaj\u0105cy p\u0142ytk\u0119 paznokcia Biogel Nail Care Program 15 ml - velesnails","og_description":"Preparat wzmacniaj\u0105cy p\u0142ytk\u0119 paznokcia Biogel Nail Care Program 15 ml BIOGEL\u00ae jest preparatem s\u0142u\u017c\u0105cym do natychmiastowej poprawy kondycji ultra cienkich i s\u0142abych paznokci. Jest przeznaczony dla paznokci szczeg\u00f3lnie \u0142amliwych i kruchych. Powinien by\u0107 stosowany m.in. po ka\u017cdorazowym zdj\u0119ciu tips\u00f3w i paznokci akrylowych, jak r\u00f3wnie\u017c dla normalnej, profilaktycznej ochrony p\u0142ytki paznokciowej przed niekorzystnymi warunkami zewn\u0119trznymi. Mo\u017ce [&hellip;]","og_url":"https:\/\/velesnails.pl\/uk\/product\/preparat-wzmacniajacy-plytke-paznokcia-biogel-nail-care-program-15-ml\/","og_site_name":"velesnails","article_modified_time":"2026-01-14T14:49:53+00:00","og_image":[{"width":1000,"height":1000,"url":"https:\/\/velesnails.pl\/wp-content\/uploads\/2025\/03\/1.jpg","type":"image\/jpeg"}],"twitter_card":"summary_large_image","twitter_misc":{"\u041f\u0440\u0438\u0431\u043b. \u0447\u0430\u0441 \u0447\u0438\u0442\u0430\u043d\u043d\u044f":"5 \u0445\u0432\u0438\u043b\u0438\u043d"},"schema":{"@context":"https:\/\/schema.org","@graph":[{"@type":"WebPage","@id":"https:\/\/velesnails.pl\/product\/preparat-wzmacniajacy-plytke-paznokcia-biogel-nail-care-program-15-ml\/","url":"https:\/\/velesnails.pl\/product\/preparat-wzmacniajacy-plytke-paznokcia-biogel-nail-care-program-15-ml\/","name":"Preparat wzmacniaj\u0105cy p\u0142ytk\u0119 paznokcia Biogel Nail Care Program 15 ml - velesnails","isPartOf":{"@id":"https:\/\/velesnails.pl\/#website"},"primaryImageOfPage":{"@id":"https:\/\/velesnails.pl\/product\/preparat-wzmacniajacy-plytke-paznokcia-biogel-nail-care-program-15-ml\/#primaryimage"},"image":{"@id":"https:\/\/velesnails.pl\/product\/preparat-wzmacniajacy-plytke-paznokcia-biogel-nail-care-program-15-ml\/#primaryimage"},"thumbnailUrl":"https:\/\/i0.wp.com\/velesnails.pl\/wp-content\/uploads\/2025\/03\/1.jpg?fit=1000%2C1000&ssl=1","datePublished":"2025-03-04T15:53:41+00:00","dateModified":"2026-01-14T14:49:53+00:00","breadcrumb":{"@id":"https:\/\/velesnails.pl\/product\/preparat-wzmacniajacy-plytke-paznokcia-biogel-nail-care-program-15-ml\/#breadcrumb"},"inLanguage":"uk","potentialAction":[{"@type":"ReadAction","target":["https:\/\/velesnails.pl\/product\/preparat-wzmacniajacy-plytke-paznokcia-biogel-nail-care-program-15-ml\/"]}]},{"@type":"ImageObject","inLanguage":"uk","@id":"https:\/\/velesnails.pl\/product\/preparat-wzmacniajacy-plytke-paznokcia-biogel-nail-care-program-15-ml\/#primaryimage","url":"https:\/\/i0.wp.com\/velesnails.pl\/wp-content\/uploads\/2025\/03\/1.jpg?fit=1000%2C1000&ssl=1","contentUrl":"https:\/\/i0.wp.com\/velesnails.pl\/wp-content\/uploads\/2025\/03\/1.jpg?fit=1000%2C1000&ssl=1","width":1000,"height":1000},{"@type":"BreadcrumbList","@id":"https:\/\/velesnails.pl\/product\/preparat-wzmacniajacy-plytke-paznokcia-biogel-nail-care-program-15-ml\/#breadcrumb","itemListElement":[{"@type":"ListItem","position":1,"name":"\u0413\u043e\u043b\u043e\u0432\u043d\u0430","item":"https:\/\/velesnails.pl\/"},{"@type":"ListItem","position":2,"name":"Sklep","item":"https:\/\/velesnails.pl\/shop\/"},{"@type":"ListItem","position":3,"name":"Preparat wzmacniaj\u0105cy p\u0142ytk\u0119 paznokcia Biogel Nail Care Program 15 ml"}]},{"@type":"WebSite","@id":"https:\/\/velesnails.pl\/#website","url":"https:\/\/velesnails.pl\/","name":"\u0432\u0435\u043b\u0435\u0441\u043e\u0432\u0456 \u043d\u0456\u0433\u0442\u0456","description":"\u041c\u0430\u043d\u0456\u043a\u044e\u0440\u043d\u0438\u0439 \u0441\u0430\u043b\u043e\u043d","publisher":{"@id":"https:\/\/velesnails.pl\/#organization"},"potentialAction":[{"@type":"SearchAction","target":{"@type":"EntryPoint","urlTemplate":"https:\/\/velesnails.pl\/?s={search_term_string}"},"query-input":{"@type":"PropertyValueSpecification","valueRequired":true,"valueName":"search_term_string"}}],"inLanguage":"uk"},{"@type":"Organization","@id":"https:\/\/velesnails.pl\/#organization","name":"\u0432\u0435\u043b\u0435\u0441\u043e\u0432\u0456 \u043d\u0456\u0433\u0442\u0456","url":"https:\/\/velesnails.pl\/","logo":{"@type":"ImageObject","inLanguage":"uk","@id":"https:\/\/velesnails.pl\/#\/schema\/logo\/image\/","url":"https:\/\/i0.wp.com\/velesnails.pl\/wp-content\/uploads\/2025\/10\/cropped-obraz_viber_2025-10-22_13-55-55-969.jpg?fit=485%2C381&ssl=1","contentUrl":"https:\/\/i0.wp.com\/velesnails.pl\/wp-content\/uploads\/2025\/10\/cropped-obraz_viber_2025-10-22_13-55-55-969.jpg?fit=485%2C381&ssl=1","width":485,"height":381,"caption":"velesnails"},"image":{"@id":"https:\/\/velesnails.pl\/#\/schema\/logo\/image\/"}}]}},"_links":{"self":[{"href":"https:\/\/velesnails.pl\/uk\/wp-json\/wp\/v2\/product\/5878","targetHints":{"allow":["GET"]}}],"collection":[{"href":"https:\/\/velesnails.pl\/uk\/wp-json\/wp\/v2\/product"}],"about":[{"href":"https:\/\/velesnails.pl\/uk\/wp-json\/wp\/v2\/types\/product"}],"replies":[{"embeddable":true,"href":"https:\/\/velesnails.pl\/uk\/wp-json\/wp\/v2\/comments?post=5878"}],"wp:featuredmedia":[{"embeddable":true,"href":"https:\/\/velesnails.pl\/uk\/wp-json\/wp\/v2\/media\/5879"}],"wp:attachment":[{"href":"https:\/\/velesnails.pl\/uk\/wp-json\/wp\/v2\/media?parent=5878"}],"wp:term":[{"taxonomy":"product_brand","embeddable":true,"href":"https:\/\/velesnails.pl\/uk\/wp-json\/wp\/v2\/product_brand?post=5878"},{"taxonomy":"product_cat","embeddable":true,"href":"https:\/\/velesnails.pl\/uk\/wp-json\/wp\/v2\/product_cat?post=5878"},{"taxonomy":"product_tag","embeddable":true,"href":"https:\/\/velesnails.pl\/uk\/wp-json\/wp\/v2\/product_tag?post=5878"}],"curies":[{"name":"wp","href":"https:\/\/api.w.org\/{rel}","templated":true}]}}