{"id":5564,"date":"2024-11-21T14:30:34","date_gmt":"2024-11-21T11:30:34","guid":{"rendered":"https:\/\/velesnails.pl\/?post_type=product&#038;p=5564"},"modified":"2024-11-26T17:46:03","modified_gmt":"2024-11-26T14:46:03","slug":"%d0%ba%d0%be%d0%bf%d1%96%d1%8fmolly-nails-pochlaniacz-pylu-80w-kasetowy-1-wiatrakowy-zielony-858-1","status":"publish","type":"product","link":"https:\/\/velesnails.pl\/uk\/product\/%d0%ba%d0%be%d0%bf%d1%96%d1%8fmolly-nails-pochlaniacz-pylu-80w-kasetowy-1-wiatrakowy-zielony-858-1\/","title":{"rendered":"(\u041a\u043e\u043f\u0456\u044f)Molly Nails Poch\u0142aniacz py\u0142u 80W kasetowy 1-wiatrakowy zielony 858-1"},"content":{"rendered":"<p>Kompaktowy, bezworkowy model poch\u0142aniacza o bardzo du\u017cej mocy zasysania py\u0142u powsta\u0142ego przy pracy frezark\u0105 czy pilnikiem. Wszystkie zanieczyszczenia trafiaj\u0105 bezpo\u015brednio do specjalnego filtra, a nie na biurko.<\/p>\n<p>Posiada pokr\u0119t\u0142o kontroli pracy. Ogromna moc 80W sprawia, \u017ce poch\u0142aniacz poradzi sobie nawet w najtrudniejszych sytuacjach i nigdy Ci\u0119 nie zawiedzie. Filtr jest wielorazowy, mo\u017cna w \u0142atwy spos\u00f3b go zdemontowa\u0107 i oczy\u015bci\u0107.<\/p>\n<p>Poch\u0142aniacz dost\u0119pny jest w dw\u00f3ch odcieniach. Klasyczny prostok\u0105tny kszta\u0142t zaskakuje ciekaw\u0105 struktur\u0105. Posiada wbudowan\u0105 gum\u0119, na kt\u00f3rej klientka mo\u017ce oprze\u0107 d\u0142o\u0144. Ten model wyr\u00f3\u017cnia designerski wygl\u0105d, kt\u00f3ry b\u0119dzie idealnym dope\u0142nieniem ka\u017cdego wn\u0119trza.<\/p>\n<p>Poch\u0142aniacz py\u0142u to urz\u0105dzenie niezwykle wa\u017cne w pracy stylistki paznokci. Nie tylko zapewnia porz\u0105dek na stanowisku pracy, ale i ogranicza wziewanie py\u0142u, kt\u00f3ry jest szkodliwy. Ka\u017cdy salon kosmetyczny powinien zaopatrzy\u0107 si\u0119 w to urz\u0105dzenie. Zdrowie jest najwa\u017cniejsze.<\/p>\n<p>Zalety poch\u0142aniacza:<\/p>\n<p>wysoka moc i wydajno\u015b\u0107<br \/>\nwielorazowy filtr<br \/>\nklasyczny prostok\u0105tny kszta\u0142t<br \/>\nwbudowana guma dla podparcia d\u0142oni<br \/>\nantypo\u015blizgowe n\u00f3\u017cki i materia\u0142 wykonania dla jeszcze wy\u017cszej stabilno\u015bci<br \/>\nprodukt certyfikowany<br \/>\nprosta obs\u0142uga<br \/>\nMoc: 80 W<\/p>\n<p>Zasilanie:<\/p>\n<p>Napi\u0119cie wej\u015bciowe: 110-120V\/220-240V<br \/>\nNapi\u0119cie wyj\u015bciowe: 12V 1,5A<br \/>\nMaksymalne obroty: 3500 RPM<\/p>\n<p>Wymiary: 23&#215;21,5&#215;7 cm<\/p>\n<p>\u015arodki ostro\u017cno\u015bci oraz konserwacja urz\u0105dzenia:<\/p>\n<p>Nie wolno dotyka\u0107 wentylatora w czasie pracy.<br \/>\nUrz\u0105dzenie czy\u015bci\u0107 mo\u017cna jedynie na sucho.<br \/>\nNie wolno zgina\u0107 lub ci\u0105gn\u0105\u0107 kabla zasilaj\u0105cego.<br \/>\nNie wolno od\u0142\u0105cza\u0107 urz\u0105dzenia z sieci, kiedy urz\u0105dzenie jest w\u0142\u0105czone i pracuje. Nale\u017cy je wcze\u015bniej wy\u0142\u0105czy\u0107.<br \/>\nPrzechowywa\u0107 i u\u017cywa\u0107 w suchych pomieszczeniach. Trzyma\u0107 z dala od wody, wilgoci. W innym wypadku urz\u0105dzenie mo\u017ce przesta\u0107 dzia\u0142a\u0107 i\/lub ulec uszkodzeniu.<br \/>\nPo sko\u0144czeniu u\u017cytkowania urz\u0105dzenia nale\u017cy wypi\u0105\u0107 je z sieci zasilaj\u0105cej.<br \/>\nJe\u017celi przew\u00f3d zasilaj\u0105cy ulegnie uszkodzeniu, nale\u017cy go wymieni\u0107 na nowy tego samego typu w zak\u0142adzie serwisowym.<br \/>\nDokonywanie samodzielnych prze\u0142\u0105cze\u0144 i zmian w urz\u0105dzeniu jest zabronione.<br \/>\nOtwieranie urz\u0105dzenia jest kategorycznie zabronione i r\u00f3wnowa\u017cne z utrat\u0105 gwarancji, a producent nie bierze odpowiedzialno\u015bci za prawid\u0142owe i bezpieczne dzia\u0142anie urz\u0105dzenia.<br \/>\nTrzyma\u0107 z dala od dzieci.<\/p>","protected":false},"excerpt":{"rendered":"<p>Kompaktowy, bezworkowy model poch\u0142aniacza o bardzo du\u017cej mocy zasysania py\u0142u powsta\u0142ego przy pracy frezark\u0105 czy pilnikiem. Wszystkie zanieczyszczenia trafiaj\u0105 bezpo\u015brednio do specjalnego filtra, a nie na biurko. Posiada pokr\u0119t\u0142o kontroli pracy. Ogromna moc 80W sprawia, \u017ce poch\u0142aniacz poradzi sobie nawet w najtrudniejszych sytuacjach i nigdy Ci\u0119 nie zawiedzie. Filtr jest wielorazowy, mo\u017cna w \u0142atwy spos\u00f3b [&hellip;]<\/p>\n","protected":false},"featured_media":5534,"comment_status":"closed","ping_status":"closed","template":"","meta":{"om_disable_all_campaigns":false,"ocean_post_layout":"","ocean_both_sidebars_style":"","ocean_both_sidebars_content_width":0,"ocean_both_sidebars_sidebars_width":0,"ocean_sidebar":"0","ocean_second_sidebar":"0","ocean_disable_margins":"enable","ocean_add_body_class":"","ocean_shortcode_before_top_bar":"","ocean_shortcode_after_top_bar":"","ocean_shortcode_before_header":"","ocean_shortcode_after_header":"","ocean_has_shortcode":"","ocean_shortcode_after_title":"","ocean_shortcode_before_footer_widgets":"","ocean_shortcode_after_footer_widgets":"","ocean_shortcode_before_footer_bottom":"","ocean_shortcode_after_footer_bottom":"","ocean_display_top_bar":"default","ocean_display_header":"default","ocean_header_style":"","ocean_center_header_left_menu":"0","ocean_custom_header_template":"0","ocean_custom_logo":0,"ocean_custom_retina_logo":0,"ocean_custom_logo_max_width":0,"ocean_custom_logo_tablet_max_width":0,"ocean_custom_logo_mobile_max_width":0,"ocean_custom_logo_max_height":0,"ocean_custom_logo_tablet_max_height":0,"ocean_custom_logo_mobile_max_height":0,"ocean_header_custom_menu":"0","ocean_menu_typo_font_family":"0","ocean_menu_typo_font_subset":"","ocean_menu_typo_font_size":0,"ocean_menu_typo_font_size_tablet":0,"ocean_menu_typo_font_size_mobile":0,"ocean_menu_typo_font_size_unit":"px","ocean_menu_typo_font_weight":"","ocean_menu_typo_font_weight_tablet":"","ocean_menu_typo_font_weight_mobile":"","ocean_menu_typo_transform":"","ocean_menu_typo_transform_tablet":"","ocean_menu_typo_transform_mobile":"","ocean_menu_typo_line_height":0,"ocean_menu_typo_line_height_tablet":0,"ocean_menu_typo_line_height_mobile":0,"ocean_menu_typo_line_height_unit":"","ocean_menu_typo_spacing":0,"ocean_menu_typo_spacing_tablet":0,"ocean_menu_typo_spacing_mobile":0,"ocean_menu_typo_spacing_unit":"","ocean_menu_link_color":"","ocean_menu_link_color_hover":"","ocean_menu_link_color_active":"","ocean_menu_link_background":"","ocean_menu_link_hover_background":"","ocean_menu_link_active_background":"","ocean_menu_social_links_bg":"","ocean_menu_social_hover_links_bg":"","ocean_menu_social_links_color":"","ocean_menu_social_hover_links_color":"","ocean_disable_title":"default","ocean_disable_heading":"default","ocean_post_title":"","ocean_post_subheading":"","ocean_post_title_style":"","ocean_post_title_background_color":"","ocean_post_title_background":0,"ocean_post_title_bg_image_position":"","ocean_post_title_bg_image_attachment":"","ocean_post_title_bg_image_repeat":"","ocean_post_title_bg_image_size":"","ocean_post_title_height":0,"ocean_post_title_bg_overlay":0.5,"ocean_post_title_bg_overlay_color":"","ocean_disable_breadcrumbs":"default","ocean_breadcrumbs_color":"","ocean_breadcrumbs_separator_color":"","ocean_breadcrumbs_links_color":"","ocean_breadcrumbs_links_hover_color":"","ocean_display_footer_widgets":"default","ocean_display_footer_bottom":"default","ocean_custom_footer_template":"0"},"product_brand":[],"product_cat":[176,191,110,167,164],"product_tag":[],"class_list":{"0":"post-5564","1":"product","2":"type-product","3":"status-publish","4":"has-post-thumbnail","6":"product_cat-marki","7":"product_cat-mollynails-1","8":"product_cat-paznokcie","9":"product_cat-pochlaniacze-pylu","10":"product_cat-urzadzenia","12":"entry","13":"has-media","15":"first","16":"outofstock","17":"taxable","18":"shipping-taxable","19":"purchasable","20":"product-type-simple","21":"has-product-nav","22":"col","23":"span_1_of_3","24":"owp-content-center","25":"owp-thumbs-layout-horizontal","26":"owp-btn-normal","27":"owp-tabs-layout-horizontal"},"yoast_head":"<!-- This site is optimized with the Yoast SEO plugin v27.3 - https:\/\/yoast.com\/product\/yoast-seo-wordpress\/ -->\n<title>(\u041a\u043e\u043f\u0456\u044f)Molly Nails Poch\u0142aniacz py\u0142u 80W kasetowy 1-wiatrakowy zielony 858-1 - velesnails<\/title>\n<meta name=\"robots\" content=\"index, follow, max-snippet:-1, max-image-preview:large, max-video-preview:-1\" \/>\n<link rel=\"canonical\" href=\"https:\/\/velesnails.pl\/uk\/product\/\u043a\u043e\u043f\u0456\u044fmolly-nails-pochlaniacz-pylu-80w-kasetowy-1-wiatrakowy-zielony-858-1\/\" \/>\n<meta property=\"og:locale\" content=\"uk_UA\" \/>\n<meta property=\"og:type\" content=\"article\" \/>\n<meta property=\"og:title\" content=\"(\u041a\u043e\u043f\u0456\u044f)Molly Nails Poch\u0142aniacz py\u0142u 80W kasetowy 1-wiatrakowy zielony 858-1 - velesnails\" \/>\n<meta property=\"og:description\" content=\"Kompaktowy, bezworkowy model poch\u0142aniacza o bardzo du\u017cej mocy zasysania py\u0142u powsta\u0142ego przy pracy frezark\u0105 czy pilnikiem. Wszystkie zanieczyszczenia trafiaj\u0105 bezpo\u015brednio do specjalnego filtra, a nie na biurko. Posiada pokr\u0119t\u0142o kontroli pracy. Ogromna moc 80W sprawia, \u017ce poch\u0142aniacz poradzi sobie nawet w najtrudniejszych sytuacjach i nigdy Ci\u0119 nie zawiedzie. Filtr jest wielorazowy, mo\u017cna w \u0142atwy spos\u00f3b [&hellip;]\" \/>\n<meta property=\"og:url\" content=\"https:\/\/velesnails.pl\/uk\/product\/\u043a\u043e\u043f\u0456\u044fmolly-nails-pochlaniacz-pylu-80w-kasetowy-1-wiatrakowy-zielony-858-1\/\" \/>\n<meta property=\"og:site_name\" content=\"velesnails\" \/>\n<meta property=\"article:modified_time\" content=\"2024-11-26T14:46:03+00:00\" \/>\n<meta property=\"og:image\" content=\"https:\/\/velesnails.pl\/wp-content\/uploads\/2024\/11\/pochlaniacz-pylu-80w-kasetowy-no-name-1-wiatrakowy-zielony-green-858-1-3.jpg\" \/>\n\t<meta property=\"og:image:width\" content=\"1000\" \/>\n\t<meta property=\"og:image:height\" content=\"1000\" \/>\n\t<meta property=\"og:image:type\" content=\"image\/jpeg\" \/>\n<meta name=\"twitter:card\" content=\"summary_large_image\" \/>\n<meta name=\"twitter:label1\" content=\"\u041f\u0440\u0438\u0431\u043b. \u0447\u0430\u0441 \u0447\u0438\u0442\u0430\u043d\u043d\u044f\" \/>\n\t<meta name=\"twitter:data1\" content=\"2 \u0445\u0432\u0438\u043b\u0438\u043d\u0438\" \/>\n<script type=\"application\/ld+json\" class=\"yoast-schema-graph\">{\"@context\":\"https:\\\/\\\/schema.org\",\"@graph\":[{\"@type\":\"WebPage\",\"@id\":\"https:\\\/\\\/velesnails.pl\\\/product\\\/%d0%ba%d0%be%d0%bf%d1%96%d1%8fmolly-nails-pochlaniacz-pylu-80w-kasetowy-1-wiatrakowy-zielony-858-1\\\/\",\"url\":\"https:\\\/\\\/velesnails.pl\\\/product\\\/%d0%ba%d0%be%d0%bf%d1%96%d1%8fmolly-nails-pochlaniacz-pylu-80w-kasetowy-1-wiatrakowy-zielony-858-1\\\/\",\"name\":\"(\u041a\u043e\u043f\u0456\u044f)Molly Nails Poch\u0142aniacz py\u0142u 80W kasetowy 1-wiatrakowy zielony 858-1 - velesnails\",\"isPartOf\":{\"@id\":\"https:\\\/\\\/velesnails.pl\\\/#website\"},\"primaryImageOfPage\":{\"@id\":\"https:\\\/\\\/velesnails.pl\\\/product\\\/%d0%ba%d0%be%d0%bf%d1%96%d1%8fmolly-nails-pochlaniacz-pylu-80w-kasetowy-1-wiatrakowy-zielony-858-1\\\/#primaryimage\"},\"image\":{\"@id\":\"https:\\\/\\\/velesnails.pl\\\/product\\\/%d0%ba%d0%be%d0%bf%d1%96%d1%8fmolly-nails-pochlaniacz-pylu-80w-kasetowy-1-wiatrakowy-zielony-858-1\\\/#primaryimage\"},\"thumbnailUrl\":\"https:\\\/\\\/i0.wp.com\\\/velesnails.pl\\\/wp-content\\\/uploads\\\/2024\\\/11\\\/pochlaniacz-pylu-80w-kasetowy-no-name-1-wiatrakowy-zielony-green-858-1-3.jpg?fit=1000%2C1000&ssl=1\",\"datePublished\":\"2024-11-21T11:30:34+00:00\",\"dateModified\":\"2024-11-26T14:46:03+00:00\",\"breadcrumb\":{\"@id\":\"https:\\\/\\\/velesnails.pl\\\/product\\\/%d0%ba%d0%be%d0%bf%d1%96%d1%8fmolly-nails-pochlaniacz-pylu-80w-kasetowy-1-wiatrakowy-zielony-858-1\\\/#breadcrumb\"},\"inLanguage\":\"uk\",\"potentialAction\":[{\"@type\":\"ReadAction\",\"target\":[\"https:\\\/\\\/velesnails.pl\\\/product\\\/%d0%ba%d0%be%d0%bf%d1%96%d1%8fmolly-nails-pochlaniacz-pylu-80w-kasetowy-1-wiatrakowy-zielony-858-1\\\/\"]}]},{\"@type\":\"ImageObject\",\"inLanguage\":\"uk\",\"@id\":\"https:\\\/\\\/velesnails.pl\\\/product\\\/%d0%ba%d0%be%d0%bf%d1%96%d1%8fmolly-nails-pochlaniacz-pylu-80w-kasetowy-1-wiatrakowy-zielony-858-1\\\/#primaryimage\",\"url\":\"https:\\\/\\\/i0.wp.com\\\/velesnails.pl\\\/wp-content\\\/uploads\\\/2024\\\/11\\\/pochlaniacz-pylu-80w-kasetowy-no-name-1-wiatrakowy-zielony-green-858-1-3.jpg?fit=1000%2C1000&ssl=1\",\"contentUrl\":\"https:\\\/\\\/i0.wp.com\\\/velesnails.pl\\\/wp-content\\\/uploads\\\/2024\\\/11\\\/pochlaniacz-pylu-80w-kasetowy-no-name-1-wiatrakowy-zielony-green-858-1-3.jpg?fit=1000%2C1000&ssl=1\",\"width\":1000,\"height\":1000},{\"@type\":\"BreadcrumbList\",\"@id\":\"https:\\\/\\\/velesnails.pl\\\/product\\\/%d0%ba%d0%be%d0%bf%d1%96%d1%8fmolly-nails-pochlaniacz-pylu-80w-kasetowy-1-wiatrakowy-zielony-858-1\\\/#breadcrumb\",\"itemListElement\":[{\"@type\":\"ListItem\",\"position\":1,\"name\":\"\u0413\u043e\u043b\u043e\u0432\u043d\u0430\",\"item\":\"https:\\\/\\\/velesnails.pl\\\/\"},{\"@type\":\"ListItem\",\"position\":2,\"name\":\"Sklep\",\"item\":\"https:\\\/\\\/velesnails.pl\\\/shop\\\/\"},{\"@type\":\"ListItem\",\"position\":3,\"name\":\"(\u041a\u043e\u043f\u0456\u044f)Molly Nails Poch\u0142aniacz py\u0142u 80W kasetowy 1-wiatrakowy zielony 858-1\"}]},{\"@type\":\"WebSite\",\"@id\":\"https:\\\/\\\/velesnails.pl\\\/#website\",\"url\":\"https:\\\/\\\/velesnails.pl\\\/\",\"name\":\"velesnails\",\"description\":\"Sklep z manicure\",\"publisher\":{\"@id\":\"https:\\\/\\\/velesnails.pl\\\/#organization\"},\"potentialAction\":[{\"@type\":\"SearchAction\",\"target\":{\"@type\":\"EntryPoint\",\"urlTemplate\":\"https:\\\/\\\/velesnails.pl\\\/?s={search_term_string}\"},\"query-input\":{\"@type\":\"PropertyValueSpecification\",\"valueRequired\":true,\"valueName\":\"search_term_string\"}}],\"inLanguage\":\"uk\"},{\"@type\":\"Organization\",\"@id\":\"https:\\\/\\\/velesnails.pl\\\/#organization\",\"name\":\"velesnails\",\"url\":\"https:\\\/\\\/velesnails.pl\\\/\",\"logo\":{\"@type\":\"ImageObject\",\"inLanguage\":\"uk\",\"@id\":\"https:\\\/\\\/velesnails.pl\\\/#\\\/schema\\\/logo\\\/image\\\/\",\"url\":\"https:\\\/\\\/i0.wp.com\\\/velesnails.pl\\\/wp-content\\\/uploads\\\/2025\\\/10\\\/cropped-obraz_viber_2025-10-22_13-55-55-969.jpg?fit=485%2C381&ssl=1\",\"contentUrl\":\"https:\\\/\\\/i0.wp.com\\\/velesnails.pl\\\/wp-content\\\/uploads\\\/2025\\\/10\\\/cropped-obraz_viber_2025-10-22_13-55-55-969.jpg?fit=485%2C381&ssl=1\",\"width\":485,\"height\":381,\"caption\":\"velesnails\"},\"image\":{\"@id\":\"https:\\\/\\\/velesnails.pl\\\/#\\\/schema\\\/logo\\\/image\\\/\"}}]}<\/script>\n<!-- \/ Yoast SEO plugin. -->","yoast_head_json":{"title":"(\u041a\u043e\u043f\u0456\u044f)Molly Nails Poch\u0142aniacz py\u0142u 80W kasetowy 1-wiatrakowy zielony 858-1 - velesnails","robots":{"index":"index","follow":"follow","max-snippet":"max-snippet:-1","max-image-preview":"max-image-preview:large","max-video-preview":"max-video-preview:-1"},"canonical":"https:\/\/velesnails.pl\/uk\/product\/\u043a\u043e\u043f\u0456\u044fmolly-nails-pochlaniacz-pylu-80w-kasetowy-1-wiatrakowy-zielony-858-1\/","og_locale":"uk_UA","og_type":"article","og_title":"(\u041a\u043e\u043f\u0456\u044f)Molly Nails Poch\u0142aniacz py\u0142u 80W kasetowy 1-wiatrakowy zielony 858-1 - velesnails","og_description":"Kompaktowy, bezworkowy model poch\u0142aniacza o bardzo du\u017cej mocy zasysania py\u0142u powsta\u0142ego przy pracy frezark\u0105 czy pilnikiem. Wszystkie zanieczyszczenia trafiaj\u0105 bezpo\u015brednio do specjalnego filtra, a nie na biurko. Posiada pokr\u0119t\u0142o kontroli pracy. Ogromna moc 80W sprawia, \u017ce poch\u0142aniacz poradzi sobie nawet w najtrudniejszych sytuacjach i nigdy Ci\u0119 nie zawiedzie. Filtr jest wielorazowy, mo\u017cna w \u0142atwy spos\u00f3b [&hellip;]","og_url":"https:\/\/velesnails.pl\/uk\/product\/\u043a\u043e\u043f\u0456\u044fmolly-nails-pochlaniacz-pylu-80w-kasetowy-1-wiatrakowy-zielony-858-1\/","og_site_name":"velesnails","article_modified_time":"2024-11-26T14:46:03+00:00","og_image":[{"width":1000,"height":1000,"url":"https:\/\/velesnails.pl\/wp-content\/uploads\/2024\/11\/pochlaniacz-pylu-80w-kasetowy-no-name-1-wiatrakowy-zielony-green-858-1-3.jpg","type":"image\/jpeg"}],"twitter_card":"summary_large_image","twitter_misc":{"\u041f\u0440\u0438\u0431\u043b. \u0447\u0430\u0441 \u0447\u0438\u0442\u0430\u043d\u043d\u044f":"2 \u0445\u0432\u0438\u043b\u0438\u043d\u0438"},"schema":{"@context":"https:\/\/schema.org","@graph":[{"@type":"WebPage","@id":"https:\/\/velesnails.pl\/product\/%d0%ba%d0%be%d0%bf%d1%96%d1%8fmolly-nails-pochlaniacz-pylu-80w-kasetowy-1-wiatrakowy-zielony-858-1\/","url":"https:\/\/velesnails.pl\/product\/%d0%ba%d0%be%d0%bf%d1%96%d1%8fmolly-nails-pochlaniacz-pylu-80w-kasetowy-1-wiatrakowy-zielony-858-1\/","name":"(\u041a\u043e\u043f\u0456\u044f)Molly Nails Poch\u0142aniacz py\u0142u 80W kasetowy 1-wiatrakowy zielony 858-1 - velesnails","isPartOf":{"@id":"https:\/\/velesnails.pl\/#website"},"primaryImageOfPage":{"@id":"https:\/\/velesnails.pl\/product\/%d0%ba%d0%be%d0%bf%d1%96%d1%8fmolly-nails-pochlaniacz-pylu-80w-kasetowy-1-wiatrakowy-zielony-858-1\/#primaryimage"},"image":{"@id":"https:\/\/velesnails.pl\/product\/%d0%ba%d0%be%d0%bf%d1%96%d1%8fmolly-nails-pochlaniacz-pylu-80w-kasetowy-1-wiatrakowy-zielony-858-1\/#primaryimage"},"thumbnailUrl":"https:\/\/i0.wp.com\/velesnails.pl\/wp-content\/uploads\/2024\/11\/pochlaniacz-pylu-80w-kasetowy-no-name-1-wiatrakowy-zielony-green-858-1-3.jpg?fit=1000%2C1000&ssl=1","datePublished":"2024-11-21T11:30:34+00:00","dateModified":"2024-11-26T14:46:03+00:00","breadcrumb":{"@id":"https:\/\/velesnails.pl\/product\/%d0%ba%d0%be%d0%bf%d1%96%d1%8fmolly-nails-pochlaniacz-pylu-80w-kasetowy-1-wiatrakowy-zielony-858-1\/#breadcrumb"},"inLanguage":"uk","potentialAction":[{"@type":"ReadAction","target":["https:\/\/velesnails.pl\/product\/%d0%ba%d0%be%d0%bf%d1%96%d1%8fmolly-nails-pochlaniacz-pylu-80w-kasetowy-1-wiatrakowy-zielony-858-1\/"]}]},{"@type":"ImageObject","inLanguage":"uk","@id":"https:\/\/velesnails.pl\/product\/%d0%ba%d0%be%d0%bf%d1%96%d1%8fmolly-nails-pochlaniacz-pylu-80w-kasetowy-1-wiatrakowy-zielony-858-1\/#primaryimage","url":"https:\/\/i0.wp.com\/velesnails.pl\/wp-content\/uploads\/2024\/11\/pochlaniacz-pylu-80w-kasetowy-no-name-1-wiatrakowy-zielony-green-858-1-3.jpg?fit=1000%2C1000&ssl=1","contentUrl":"https:\/\/i0.wp.com\/velesnails.pl\/wp-content\/uploads\/2024\/11\/pochlaniacz-pylu-80w-kasetowy-no-name-1-wiatrakowy-zielony-green-858-1-3.jpg?fit=1000%2C1000&ssl=1","width":1000,"height":1000},{"@type":"BreadcrumbList","@id":"https:\/\/velesnails.pl\/product\/%d0%ba%d0%be%d0%bf%d1%96%d1%8fmolly-nails-pochlaniacz-pylu-80w-kasetowy-1-wiatrakowy-zielony-858-1\/#breadcrumb","itemListElement":[{"@type":"ListItem","position":1,"name":"\u0413\u043e\u043b\u043e\u0432\u043d\u0430","item":"https:\/\/velesnails.pl\/"},{"@type":"ListItem","position":2,"name":"Sklep","item":"https:\/\/velesnails.pl\/shop\/"},{"@type":"ListItem","position":3,"name":"(\u041a\u043e\u043f\u0456\u044f)Molly Nails Poch\u0142aniacz py\u0142u 80W kasetowy 1-wiatrakowy zielony 858-1"}]},{"@type":"WebSite","@id":"https:\/\/velesnails.pl\/#website","url":"https:\/\/velesnails.pl\/","name":"\u0432\u0435\u043b\u0435\u0441\u043e\u0432\u0456 \u043d\u0456\u0433\u0442\u0456","description":"\u041c\u0430\u043d\u0456\u043a\u044e\u0440\u043d\u0438\u0439 \u0441\u0430\u043b\u043e\u043d","publisher":{"@id":"https:\/\/velesnails.pl\/#organization"},"potentialAction":[{"@type":"SearchAction","target":{"@type":"EntryPoint","urlTemplate":"https:\/\/velesnails.pl\/?s={search_term_string}"},"query-input":{"@type":"PropertyValueSpecification","valueRequired":true,"valueName":"search_term_string"}}],"inLanguage":"uk"},{"@type":"Organization","@id":"https:\/\/velesnails.pl\/#organization","name":"\u0432\u0435\u043b\u0435\u0441\u043e\u0432\u0456 \u043d\u0456\u0433\u0442\u0456","url":"https:\/\/velesnails.pl\/","logo":{"@type":"ImageObject","inLanguage":"uk","@id":"https:\/\/velesnails.pl\/#\/schema\/logo\/image\/","url":"https:\/\/i0.wp.com\/velesnails.pl\/wp-content\/uploads\/2025\/10\/cropped-obraz_viber_2025-10-22_13-55-55-969.jpg?fit=485%2C381&ssl=1","contentUrl":"https:\/\/i0.wp.com\/velesnails.pl\/wp-content\/uploads\/2025\/10\/cropped-obraz_viber_2025-10-22_13-55-55-969.jpg?fit=485%2C381&ssl=1","width":485,"height":381,"caption":"velesnails"},"image":{"@id":"https:\/\/velesnails.pl\/#\/schema\/logo\/image\/"}}]}},"_links":{"self":[{"href":"https:\/\/velesnails.pl\/uk\/wp-json\/wp\/v2\/product\/5564","targetHints":{"allow":["GET"]}}],"collection":[{"href":"https:\/\/velesnails.pl\/uk\/wp-json\/wp\/v2\/product"}],"about":[{"href":"https:\/\/velesnails.pl\/uk\/wp-json\/wp\/v2\/types\/product"}],"replies":[{"embeddable":true,"href":"https:\/\/velesnails.pl\/uk\/wp-json\/wp\/v2\/comments?post=5564"}],"wp:featuredmedia":[{"embeddable":true,"href":"https:\/\/velesnails.pl\/uk\/wp-json\/wp\/v2\/media\/5534"}],"wp:attachment":[{"href":"https:\/\/velesnails.pl\/uk\/wp-json\/wp\/v2\/media?parent=5564"}],"wp:term":[{"taxonomy":"product_brand","embeddable":true,"href":"https:\/\/velesnails.pl\/uk\/wp-json\/wp\/v2\/product_brand?post=5564"},{"taxonomy":"product_cat","embeddable":true,"href":"https:\/\/velesnails.pl\/uk\/wp-json\/wp\/v2\/product_cat?post=5564"},{"taxonomy":"product_tag","embeddable":true,"href":"https:\/\/velesnails.pl\/uk\/wp-json\/wp\/v2\/product_tag?post=5564"}],"curies":[{"name":"wp","href":"https:\/\/api.w.org\/{rel}","templated":true}]}}