{"id":5561,"date":"2024-11-21T14:26:31","date_gmt":"2024-11-21T11:26:31","guid":{"rendered":"https:\/\/velesnails.pl\/?post_type=product&#038;p=5561"},"modified":"2024-11-21T14:27:21","modified_gmt":"2024-11-21T11:27:21","slug":"folia-transferowa-80-cm-white-nr-18","status":"publish","type":"product","link":"https:\/\/velesnails.pl\/uk\/product\/folia-transferowa-80-cm-white-nr-18\/","title":{"rendered":"Folia transferowa 80 cm White Nr 18"},"content":{"rendered":"<h2>Folia transferowa do paznokci 80 cm White Nr 7<\/h2>\n<p>Imponuj\u0105ce zdobienia z\u00a0<strong>foli\u0105 transferow\u0105?<\/strong>\u00a0Wykorzystaj niezliczon\u0105 ilo\u015b\u0107 wzor\u00f3w i inspiruj niebanaln\u0105 stylizacj\u0105.<\/p>\n<ul>\n<li>Perfekcyjna przyczepno\u015b\u0107, kt\u00f3ra zapewnia precyzyjne odbicie najdrobniejszych wzor\u00f3w.<\/li>\n<li>\u0141atwa aplikacja.<\/li>\n<li>Wydajno\u015b\u0107.<\/li>\n<li>Ultra szybkie zdobienia w zaskakuj\u0105cych wzorach.<\/li>\n<\/ul>\n<p><strong>Folia transferowa<\/strong>\u00a0pozwala w \u0142atwy spos\u00f3b osi\u0105gn\u0105\u0107 osza\u0142amiaj\u0105cy efekt.<strong>\u00a0Foli\u0119<\/strong>\u00a0mo\u017cna k\u0142a\u015b\u0107 na paznokcie w ca\u0142o\u015bci b\u0105d\u017a te\u017c u\u017cy\u0107 jej element\u00f3w do stworzenia metalicznych, wyszukanych wzor\u00f3w. Niezliczona ilo\u015b\u0107 ciekawych modeli pozwoli Ci odmieni\u0107 manicure w istne dzie\u0142o sztuki. Wystarczy, \u017ce u\u017cyjesz specjalnie dedykowanego produktu jakim jest \u017cel do folii lub klej do folii!<\/p>\n<p>Produkty te mo\u017cesz stosowa\u0107 na ca\u0142ej powierzchni paznokcia lub jako drobne detale stylizacji. Dzi\u0119ki mocnej dyspersji mo\u017cesz mie\u0107 pewno\u015b\u0107, \u017ce Tw\u00f3j wymarzony wz\u00f3r b\u0119dzie odbity w ca\u0142o\u015bci- dok\u0142adnie tak jak sobie tego \u017cyczysz.<\/p>\n<p><strong>Spos\u00f3b u\u017cycia:<\/strong><\/p>\n<ol>\n<li>Foli\u0119 transferow\u0105 przyci\u0105\u0107 do po\u017c\u0105danego rozmiaru, a nast\u0119pnie u\u017cywa\u0107 zgodnie z instrukcj\u0105 kleju b\u0105d\u017a \u017celu do folii transferowej od MollyLac.<\/li>\n<li>Po odbiciu folii stylizacj\u0119 nale\u017cy pokry\u0107 topem i utwardzi\u0107.<\/li>\n<\/ol>\n<p><strong>D\u0142ugo\u015b\u0107 foli:<\/strong>\u00a080 cm<\/p>","protected":false},"excerpt":{"rendered":"<p>Folia transferowa do paznokci 80 cm White Nr 7 Imponuj\u0105ce zdobienia z\u00a0foli\u0105 transferow\u0105?\u00a0Wykorzystaj niezliczon\u0105 ilo\u015b\u0107 wzor\u00f3w i inspiruj niebanaln\u0105 stylizacj\u0105. Perfekcyjna przyczepno\u015b\u0107, kt\u00f3ra zapewnia precyzyjne odbicie najdrobniejszych wzor\u00f3w. \u0141atwa aplikacja. Wydajno\u015b\u0107. Ultra szybkie zdobienia w zaskakuj\u0105cych wzorach. Folia transferowa\u00a0pozwala w \u0142atwy spos\u00f3b osi\u0105gn\u0105\u0107 osza\u0142amiaj\u0105cy efekt.\u00a0Foli\u0119\u00a0mo\u017cna k\u0142a\u015b\u0107 na paznokcie w ca\u0142o\u015bci b\u0105d\u017a te\u017c u\u017cy\u0107 jej element\u00f3w [&hellip;]<\/p>\n","protected":false},"featured_media":5562,"comment_status":"closed","ping_status":"closed","template":"","meta":{"om_disable_all_campaigns":false,"ocean_post_layout":"","ocean_both_sidebars_style":"","ocean_both_sidebars_content_width":0,"ocean_both_sidebars_sidebars_width":0,"ocean_sidebar":"0","ocean_second_sidebar":"0","ocean_disable_margins":"enable","ocean_add_body_class":"","ocean_shortcode_before_top_bar":"","ocean_shortcode_after_top_bar":"","ocean_shortcode_before_header":"","ocean_shortcode_after_header":"","ocean_has_shortcode":"","ocean_shortcode_after_title":"","ocean_shortcode_before_footer_widgets":"","ocean_shortcode_after_footer_widgets":"","ocean_shortcode_before_footer_bottom":"","ocean_shortcode_after_footer_bottom":"","ocean_display_top_bar":"default","ocean_display_header":"default","ocean_header_style":"","ocean_center_header_left_menu":"0","ocean_custom_header_template":"0","ocean_custom_logo":0,"ocean_custom_retina_logo":0,"ocean_custom_logo_max_width":0,"ocean_custom_logo_tablet_max_width":0,"ocean_custom_logo_mobile_max_width":0,"ocean_custom_logo_max_height":0,"ocean_custom_logo_tablet_max_height":0,"ocean_custom_logo_mobile_max_height":0,"ocean_header_custom_menu":"0","ocean_menu_typo_font_family":"0","ocean_menu_typo_font_subset":"","ocean_menu_typo_font_size":0,"ocean_menu_typo_font_size_tablet":0,"ocean_menu_typo_font_size_mobile":0,"ocean_menu_typo_font_size_unit":"px","ocean_menu_typo_font_weight":"","ocean_menu_typo_font_weight_tablet":"","ocean_menu_typo_font_weight_mobile":"","ocean_menu_typo_transform":"","ocean_menu_typo_transform_tablet":"","ocean_menu_typo_transform_mobile":"","ocean_menu_typo_line_height":0,"ocean_menu_typo_line_height_tablet":0,"ocean_menu_typo_line_height_mobile":0,"ocean_menu_typo_line_height_unit":"","ocean_menu_typo_spacing":0,"ocean_menu_typo_spacing_tablet":0,"ocean_menu_typo_spacing_mobile":0,"ocean_menu_typo_spacing_unit":"","ocean_menu_link_color":"","ocean_menu_link_color_hover":"","ocean_menu_link_color_active":"","ocean_menu_link_background":"","ocean_menu_link_hover_background":"","ocean_menu_link_active_background":"","ocean_menu_social_links_bg":"","ocean_menu_social_hover_links_bg":"","ocean_menu_social_links_color":"","ocean_menu_social_hover_links_color":"","ocean_disable_title":"default","ocean_disable_heading":"default","ocean_post_title":"","ocean_post_subheading":"","ocean_post_title_style":"","ocean_post_title_background_color":"","ocean_post_title_background":0,"ocean_post_title_bg_image_position":"","ocean_post_title_bg_image_attachment":"","ocean_post_title_bg_image_repeat":"","ocean_post_title_bg_image_size":"","ocean_post_title_height":0,"ocean_post_title_bg_overlay":0.5,"ocean_post_title_bg_overlay_color":"","ocean_disable_breadcrumbs":"default","ocean_breadcrumbs_color":"","ocean_breadcrumbs_separator_color":"","ocean_breadcrumbs_links_color":"","ocean_breadcrumbs_links_hover_color":"","ocean_display_footer_widgets":"default","ocean_display_footer_bottom":"default","ocean_custom_footer_template":"0"},"product_brand":[],"product_cat":[128,125,110],"product_tag":[],"class_list":{"0":"post-5561","1":"product","2":"type-product","3":"status-publish","4":"has-post-thumbnail","6":"product_cat-folia-transferowa","7":"product_cat-nail-art","8":"product_cat-paznokcie","10":"entry","11":"has-media","13":"first","14":"instock","15":"taxable","16":"shipping-taxable","17":"purchasable","18":"product-type-simple","19":"has-product-nav","20":"col","21":"span_1_of_3","22":"owp-content-center","23":"owp-thumbs-layout-horizontal","24":"owp-btn-normal","25":"owp-tabs-layout-horizontal","26":"has-no-thumbnails"},"yoast_head":"<!-- This site is optimized with the Yoast SEO plugin v27.6 - https:\/\/yoast.com\/product\/yoast-seo-wordpress\/ -->\n<title>Folia transferowa 80 cm White Nr 18 - velesnails<\/title>\n<meta name=\"robots\" content=\"index, follow, max-snippet:-1, max-image-preview:large, max-video-preview:-1\" \/>\n<link rel=\"canonical\" href=\"https:\/\/velesnails.pl\/uk\/product\/folia-transferowa-80-cm-white-nr-18\/\" \/>\n<meta property=\"og:locale\" content=\"uk_UA\" \/>\n<meta property=\"og:type\" content=\"article\" \/>\n<meta property=\"og:title\" content=\"Folia transferowa 80 cm White Nr 18 - velesnails\" \/>\n<meta property=\"og:description\" content=\"Folia transferowa do paznokci 80 cm White Nr 7 Imponuj\u0105ce zdobienia z\u00a0foli\u0105 transferow\u0105?\u00a0Wykorzystaj niezliczon\u0105 ilo\u015b\u0107 wzor\u00f3w i inspiruj niebanaln\u0105 stylizacj\u0105. Perfekcyjna przyczepno\u015b\u0107, kt\u00f3ra zapewnia precyzyjne odbicie najdrobniejszych wzor\u00f3w. \u0141atwa aplikacja. Wydajno\u015b\u0107. Ultra szybkie zdobienia w zaskakuj\u0105cych wzorach. Folia transferowa\u00a0pozwala w \u0142atwy spos\u00f3b osi\u0105gn\u0105\u0107 osza\u0142amiaj\u0105cy efekt.\u00a0Foli\u0119\u00a0mo\u017cna k\u0142a\u015b\u0107 na paznokcie w ca\u0142o\u015bci b\u0105d\u017a te\u017c u\u017cy\u0107 jej element\u00f3w [&hellip;]\" \/>\n<meta property=\"og:url\" content=\"https:\/\/velesnails.pl\/uk\/product\/folia-transferowa-80-cm-white-nr-18\/\" \/>\n<meta property=\"og:site_name\" content=\"velesnails\" \/>\n<meta property=\"article:modified_time\" content=\"2024-11-21T11:27:21+00:00\" \/>\n<meta property=\"og:image\" content=\"https:\/\/i0.wp.com\/velesnails.pl\/wp-content\/uploads\/2024\/11\/folia-transferowa-do-paznokci-80-cm-white-nr-18.jpg?fit=1000%2C1000&ssl=1\" \/>\n\t<meta property=\"og:image:width\" content=\"1000\" \/>\n\t<meta property=\"og:image:height\" content=\"1000\" \/>\n\t<meta property=\"og:image:type\" content=\"image\/jpeg\" \/>\n<meta name=\"twitter:card\" content=\"summary_large_image\" \/>\n<meta name=\"twitter:label1\" content=\"\u041f\u0440\u0438\u0431\u043b. \u0447\u0430\u0441 \u0447\u0438\u0442\u0430\u043d\u043d\u044f\" \/>\n\t<meta name=\"twitter:data1\" content=\"1 \u0445\u0432\u0438\u043b\u0438\u043d\u0430\" \/>\n<script type=\"application\/ld+json\" class=\"yoast-schema-graph\">{\"@context\":\"https:\\\/\\\/schema.org\",\"@graph\":[{\"@type\":\"WebPage\",\"@id\":\"https:\\\/\\\/velesnails.pl\\\/product\\\/folia-transferowa-80-cm-white-nr-18\\\/\",\"url\":\"https:\\\/\\\/velesnails.pl\\\/product\\\/folia-transferowa-80-cm-white-nr-18\\\/\",\"name\":\"Folia transferowa 80 cm White Nr 18 - velesnails\",\"isPartOf\":{\"@id\":\"https:\\\/\\\/velesnails.pl\\\/#website\"},\"primaryImageOfPage\":{\"@id\":\"https:\\\/\\\/velesnails.pl\\\/product\\\/folia-transferowa-80-cm-white-nr-18\\\/#primaryimage\"},\"image\":{\"@id\":\"https:\\\/\\\/velesnails.pl\\\/product\\\/folia-transferowa-80-cm-white-nr-18\\\/#primaryimage\"},\"thumbnailUrl\":\"https:\\\/\\\/i0.wp.com\\\/velesnails.pl\\\/wp-content\\\/uploads\\\/2024\\\/11\\\/folia-transferowa-do-paznokci-80-cm-white-nr-18.jpg?fit=1000%2C1000&ssl=1\",\"datePublished\":\"2024-11-21T11:26:31+00:00\",\"dateModified\":\"2024-11-21T11:27:21+00:00\",\"breadcrumb\":{\"@id\":\"https:\\\/\\\/velesnails.pl\\\/product\\\/folia-transferowa-80-cm-white-nr-18\\\/#breadcrumb\"},\"inLanguage\":\"uk\",\"potentialAction\":[{\"@type\":\"ReadAction\",\"target\":[\"https:\\\/\\\/velesnails.pl\\\/product\\\/folia-transferowa-80-cm-white-nr-18\\\/\"]}]},{\"@type\":\"ImageObject\",\"inLanguage\":\"uk\",\"@id\":\"https:\\\/\\\/velesnails.pl\\\/product\\\/folia-transferowa-80-cm-white-nr-18\\\/#primaryimage\",\"url\":\"https:\\\/\\\/i0.wp.com\\\/velesnails.pl\\\/wp-content\\\/uploads\\\/2024\\\/11\\\/folia-transferowa-do-paznokci-80-cm-white-nr-18.jpg?fit=1000%2C1000&ssl=1\",\"contentUrl\":\"https:\\\/\\\/i0.wp.com\\\/velesnails.pl\\\/wp-content\\\/uploads\\\/2024\\\/11\\\/folia-transferowa-do-paznokci-80-cm-white-nr-18.jpg?fit=1000%2C1000&ssl=1\",\"width\":1000,\"height\":1000},{\"@type\":\"BreadcrumbList\",\"@id\":\"https:\\\/\\\/velesnails.pl\\\/product\\\/folia-transferowa-80-cm-white-nr-18\\\/#breadcrumb\",\"itemListElement\":[{\"@type\":\"ListItem\",\"position\":1,\"name\":\"\u0413\u043e\u043b\u043e\u0432\u043d\u0430\",\"item\":\"https:\\\/\\\/velesnails.pl\\\/\"},{\"@type\":\"ListItem\",\"position\":2,\"name\":\"Sklep\",\"item\":\"https:\\\/\\\/velesnails.pl\\\/shop\\\/\"},{\"@type\":\"ListItem\",\"position\":3,\"name\":\"Folia transferowa 80 cm White Nr 18\"}]},{\"@type\":\"WebSite\",\"@id\":\"https:\\\/\\\/velesnails.pl\\\/#website\",\"url\":\"https:\\\/\\\/velesnails.pl\\\/\",\"name\":\"velesnails\",\"description\":\"Sklep z manicure\",\"publisher\":{\"@id\":\"https:\\\/\\\/velesnails.pl\\\/#organization\"},\"potentialAction\":[{\"@type\":\"SearchAction\",\"target\":{\"@type\":\"EntryPoint\",\"urlTemplate\":\"https:\\\/\\\/velesnails.pl\\\/?s={search_term_string}\"},\"query-input\":{\"@type\":\"PropertyValueSpecification\",\"valueRequired\":true,\"valueName\":\"search_term_string\"}}],\"inLanguage\":\"uk\"},{\"@type\":\"Organization\",\"@id\":\"https:\\\/\\\/velesnails.pl\\\/#organization\",\"name\":\"velesnails\",\"url\":\"https:\\\/\\\/velesnails.pl\\\/\",\"logo\":{\"@type\":\"ImageObject\",\"inLanguage\":\"uk\",\"@id\":\"https:\\\/\\\/velesnails.pl\\\/#\\\/schema\\\/logo\\\/image\\\/\",\"url\":\"https:\\\/\\\/i0.wp.com\\\/velesnails.pl\\\/wp-content\\\/uploads\\\/2025\\\/10\\\/cropped-obraz_viber_2025-10-22_13-55-55-969.jpg?fit=485%2C381&ssl=1\",\"contentUrl\":\"https:\\\/\\\/i0.wp.com\\\/velesnails.pl\\\/wp-content\\\/uploads\\\/2025\\\/10\\\/cropped-obraz_viber_2025-10-22_13-55-55-969.jpg?fit=485%2C381&ssl=1\",\"width\":485,\"height\":381,\"caption\":\"velesnails\"},\"image\":{\"@id\":\"https:\\\/\\\/velesnails.pl\\\/#\\\/schema\\\/logo\\\/image\\\/\"}}]}<\/script>\n<!-- \/ Yoast SEO plugin. -->","yoast_head_json":{"title":"Folia transferowa 80 cm White Nr 18 - velesnails","robots":{"index":"index","follow":"follow","max-snippet":"max-snippet:-1","max-image-preview":"max-image-preview:large","max-video-preview":"max-video-preview:-1"},"canonical":"https:\/\/velesnails.pl\/uk\/product\/folia-transferowa-80-cm-white-nr-18\/","og_locale":"uk_UA","og_type":"article","og_title":"Folia transferowa 80 cm White Nr 18 - velesnails","og_description":"Folia transferowa do paznokci 80 cm White Nr 7 Imponuj\u0105ce zdobienia z\u00a0foli\u0105 transferow\u0105?\u00a0Wykorzystaj niezliczon\u0105 ilo\u015b\u0107 wzor\u00f3w i inspiruj niebanaln\u0105 stylizacj\u0105. Perfekcyjna przyczepno\u015b\u0107, kt\u00f3ra zapewnia precyzyjne odbicie najdrobniejszych wzor\u00f3w. \u0141atwa aplikacja. Wydajno\u015b\u0107. Ultra szybkie zdobienia w zaskakuj\u0105cych wzorach. Folia transferowa\u00a0pozwala w \u0142atwy spos\u00f3b osi\u0105gn\u0105\u0107 osza\u0142amiaj\u0105cy efekt.\u00a0Foli\u0119\u00a0mo\u017cna k\u0142a\u015b\u0107 na paznokcie w ca\u0142o\u015bci b\u0105d\u017a te\u017c u\u017cy\u0107 jej element\u00f3w [&hellip;]","og_url":"https:\/\/velesnails.pl\/uk\/product\/folia-transferowa-80-cm-white-nr-18\/","og_site_name":"velesnails","article_modified_time":"2024-11-21T11:27:21+00:00","og_image":[{"width":1000,"height":1000,"url":"https:\/\/i0.wp.com\/velesnails.pl\/wp-content\/uploads\/2024\/11\/folia-transferowa-do-paznokci-80-cm-white-nr-18.jpg?fit=1000%2C1000&ssl=1","type":"image\/jpeg"}],"twitter_card":"summary_large_image","twitter_misc":{"\u041f\u0440\u0438\u0431\u043b. \u0447\u0430\u0441 \u0447\u0438\u0442\u0430\u043d\u043d\u044f":"1 \u0445\u0432\u0438\u043b\u0438\u043d\u0430"},"schema":{"@context":"https:\/\/schema.org","@graph":[{"@type":"WebPage","@id":"https:\/\/velesnails.pl\/product\/folia-transferowa-80-cm-white-nr-18\/","url":"https:\/\/velesnails.pl\/product\/folia-transferowa-80-cm-white-nr-18\/","name":"Folia transferowa 80 cm White Nr 18 - velesnails","isPartOf":{"@id":"https:\/\/velesnails.pl\/#website"},"primaryImageOfPage":{"@id":"https:\/\/velesnails.pl\/product\/folia-transferowa-80-cm-white-nr-18\/#primaryimage"},"image":{"@id":"https:\/\/velesnails.pl\/product\/folia-transferowa-80-cm-white-nr-18\/#primaryimage"},"thumbnailUrl":"https:\/\/i0.wp.com\/velesnails.pl\/wp-content\/uploads\/2024\/11\/folia-transferowa-do-paznokci-80-cm-white-nr-18.jpg?fit=1000%2C1000&ssl=1","datePublished":"2024-11-21T11:26:31+00:00","dateModified":"2024-11-21T11:27:21+00:00","breadcrumb":{"@id":"https:\/\/velesnails.pl\/product\/folia-transferowa-80-cm-white-nr-18\/#breadcrumb"},"inLanguage":"uk","potentialAction":[{"@type":"ReadAction","target":["https:\/\/velesnails.pl\/product\/folia-transferowa-80-cm-white-nr-18\/"]}]},{"@type":"ImageObject","inLanguage":"uk","@id":"https:\/\/velesnails.pl\/product\/folia-transferowa-80-cm-white-nr-18\/#primaryimage","url":"https:\/\/i0.wp.com\/velesnails.pl\/wp-content\/uploads\/2024\/11\/folia-transferowa-do-paznokci-80-cm-white-nr-18.jpg?fit=1000%2C1000&ssl=1","contentUrl":"https:\/\/i0.wp.com\/velesnails.pl\/wp-content\/uploads\/2024\/11\/folia-transferowa-do-paznokci-80-cm-white-nr-18.jpg?fit=1000%2C1000&ssl=1","width":1000,"height":1000},{"@type":"BreadcrumbList","@id":"https:\/\/velesnails.pl\/product\/folia-transferowa-80-cm-white-nr-18\/#breadcrumb","itemListElement":[{"@type":"ListItem","position":1,"name":"\u0413\u043e\u043b\u043e\u0432\u043d\u0430","item":"https:\/\/velesnails.pl\/"},{"@type":"ListItem","position":2,"name":"Sklep","item":"https:\/\/velesnails.pl\/shop\/"},{"@type":"ListItem","position":3,"name":"Folia transferowa 80 cm White Nr 18"}]},{"@type":"WebSite","@id":"https:\/\/velesnails.pl\/#website","url":"https:\/\/velesnails.pl\/","name":"\u0432\u0435\u043b\u0435\u0441\u043e\u0432\u0456 \u043d\u0456\u0433\u0442\u0456","description":"\u041c\u0430\u043d\u0456\u043a\u044e\u0440\u043d\u0438\u0439 \u0441\u0430\u043b\u043e\u043d","publisher":{"@id":"https:\/\/velesnails.pl\/#organization"},"potentialAction":[{"@type":"SearchAction","target":{"@type":"EntryPoint","urlTemplate":"https:\/\/velesnails.pl\/?s={search_term_string}"},"query-input":{"@type":"PropertyValueSpecification","valueRequired":true,"valueName":"search_term_string"}}],"inLanguage":"uk"},{"@type":"Organization","@id":"https:\/\/velesnails.pl\/#organization","name":"\u0432\u0435\u043b\u0435\u0441\u043e\u0432\u0456 \u043d\u0456\u0433\u0442\u0456","url":"https:\/\/velesnails.pl\/","logo":{"@type":"ImageObject","inLanguage":"uk","@id":"https:\/\/velesnails.pl\/#\/schema\/logo\/image\/","url":"https:\/\/i0.wp.com\/velesnails.pl\/wp-content\/uploads\/2025\/10\/cropped-obraz_viber_2025-10-22_13-55-55-969.jpg?fit=485%2C381&ssl=1","contentUrl":"https:\/\/i0.wp.com\/velesnails.pl\/wp-content\/uploads\/2025\/10\/cropped-obraz_viber_2025-10-22_13-55-55-969.jpg?fit=485%2C381&ssl=1","width":485,"height":381,"caption":"velesnails"},"image":{"@id":"https:\/\/velesnails.pl\/#\/schema\/logo\/image\/"}}]}},"_links":{"self":[{"href":"https:\/\/velesnails.pl\/uk\/wp-json\/wp\/v2\/product\/5561","targetHints":{"allow":["GET"]}}],"collection":[{"href":"https:\/\/velesnails.pl\/uk\/wp-json\/wp\/v2\/product"}],"about":[{"href":"https:\/\/velesnails.pl\/uk\/wp-json\/wp\/v2\/types\/product"}],"replies":[{"embeddable":true,"href":"https:\/\/velesnails.pl\/uk\/wp-json\/wp\/v2\/comments?post=5561"}],"wp:featuredmedia":[{"embeddable":true,"href":"https:\/\/velesnails.pl\/uk\/wp-json\/wp\/v2\/media\/5562"}],"wp:attachment":[{"href":"https:\/\/velesnails.pl\/uk\/wp-json\/wp\/v2\/media?parent=5561"}],"wp:term":[{"taxonomy":"product_brand","embeddable":true,"href":"https:\/\/velesnails.pl\/uk\/wp-json\/wp\/v2\/product_brand?post=5561"},{"taxonomy":"product_cat","embeddable":true,"href":"https:\/\/velesnails.pl\/uk\/wp-json\/wp\/v2\/product_cat?post=5561"},{"taxonomy":"product_tag","embeddable":true,"href":"https:\/\/velesnails.pl\/uk\/wp-json\/wp\/v2\/product_tag?post=5561"}],"curies":[{"name":"wp","href":"https:\/\/api.w.org\/{rel}","templated":true}]}}