{"id":5487,"date":"2024-11-15T18:04:48","date_gmt":"2024-11-15T15:04:48","guid":{"rendered":"https:\/\/velesnails.pl\/?post_type=product&#038;p=5487"},"modified":"2024-11-23T18:48:21","modified_gmt":"2024-11-23T15:48:21","slug":"clavier-fx-720-frezarka-do-manicure-65w-do-paznokci-profesjonalna-niebieska","status":"publish","type":"product","link":"https:\/\/velesnails.pl\/uk\/product\/clavier-fx-720-frezarka-do-manicure-65w-do-paznokci-profesjonalna-niebieska\/","title":{"rendered":"Clavier- FX 720 Frezarka do manicure 65W, do paznokci, profesjonalna, niebieska"},"content":{"rendered":"<p>Dzi\u0119ki temu urz\u0105dzeniu doskonale przygotujesz p\u0142ytk\u0119 paznokcia do kolejnej stylizacji<br \/>\nFrezarka do manicure 65W, to urz\u0105dzenie dzi\u0119ki kt\u00f3remu nadasz wymarzony kszta\u0142t paznokciom, doskonale przygotujesz p\u0142ytk\u0119 paznokcia do kolejnej stylizacji, idealnie usuniesz sk\u00f3rki do manicure kombinowanego a pedicure stanie si\u0119 bajecznie prosty i szybki. Frezarka dzi\u0119ki swojej mocy nie zacina si\u0119 i nie traci obrot\u00f3w nawet w trudnych warunkach.<\/p>\n<p>Czytelny wy\u015bwietlacz , dwa tryby sterowania u\u0142atwi\u0105 prac\u0119 ka\u017cdej profesjonalistce lub pasjonatce<br \/>\nSuper mocna frezarka do manicure i pedicure 65W do u\u017cytku profesjonalnego 30.000 obrot\u00f3w z peda\u0142em. Najnowszy model frezarki, kt\u00f3ry wykonany jest z najwy\u017cszej jako\u015bci materia\u0142\u00f3w. Unikalny design Dzi\u0119ki prostej obs\u0142udze, niewielkim gabarytom, starannym wykonaniu i co najwa\u017cniejsze bezawaryjno\u015bci praca z t\u0105 frezark\u0105 staje si\u0119 przyjemno\u015bci\u0105.<\/p>\n<p>CZYTELNY WY\u015aWIETLACZ \u2013 doskonale widoczny wy\u015bwietlacz pozwala na precyzyjne ustawienie pr\u0119dko\u015bci co w znacznym stopniu u\u0142atwia prac\u0119. Na bie\u017c\u0105co mamy podgl\u0105d na jakiej obecnie pr\u0119dko\u015bci pracujemy. Frezarka charakteryzuje si\u0119 cich\u0105 oraz p\u0142ynn\u0105 prac\u0105.<\/p>\n<p>2 TRYBY STEROWANIA \u2013 mo\u017cliwo\u015b\u0107 sterowania peda\u0142em jak i z panelu \u2013 wystarczy za pomoc\u0105 prze\u0142\u0105cznika wybra\u0107 jeden z tryb\u00f3w (hand\/foot).<\/p>\n<p>Frezarka nadaje si\u0119 do profesjonalnego u\u017cytku w salonie kosmetycznym jak i do u\u017cytku w domu.<\/p>\n<p>Szybka i \u0142atwa wymiana frez\u00f3w dzi\u0119ki g\u0142owicy typu TWIS_LOCK<br \/>\nG\u0142owica Twist-Lock gwarantuje szybk\u0105 i wygodn\u0105 wymian\u0119 frez\u00f3w bez konieczno\u015bci u\u017cywania kluczyk\u00f3w lub trzpieni. G\u0142owica Twist-Lock gwarantuje szybk\u0105 i wygodn\u0105 wymian\u0119 frez\u00f3w bez konieczno\u015bci u\u017cywania kluczyk\u00f3w lub trzpieni. R\u0105czka jest lekka i ergonomicznie zaprojektowana, dzi\u0119ki czemu wygodnie le\u017cy w d\u0142oni. Model przykuwa uwag\u0119 zgrabn\u0105, funkcjonaln\u0105 baz\u0105 i kobiecym kolorem. Zapakowany w \u0142adne solidnie wykonane pude\u0142ko, kt\u00f3ry zapewni bezpiecze\u0144stwo urz\u0105dzeniu podczas podr\u00f3\u017cy.<\/p>\n<p>Zestaw zawiera:<\/p>\n<p>Frezark\u0119 \u2013 profesjonalny sprz\u0119t z regulacj\u0105 pr\u0119dko\u015bci za pomoc\u0105 pokr\u0119t\u0142a<br \/>\nG\u0142owic\u0119 \u2013 oryginalna g\u0142owica z innowacyjnym systemem twist-lock, kt\u00f3ry gwarantuje szybk\u0105 i wygodn\u0105 wymian\u0119 frez\u00f3w bez konieczno\u015bci u\u017cywania kluczyk\u00f3w lub trzpieni<br \/>\nPodstawk\u0119 pod g\u0142owic\u0119<br \/>\nPeda\u0142 \u2013 umo\u017cliwiaj\u0105cy w\u0142\u0105czanie i wy\u0142\u0105czanie frezarki bez konieczno\u015bci korzystania z pokr\u0119t\u0142a.<br \/>\nMa\u0142y zestaw frez\u00f3w \u2013 6 frez\u00f3w + 6 nak\u0142adek papierowych na frez, kt\u00f3re s\u0105 solidne i trwa\u0142e, doskonale trzymaj\u0105 si\u0119 no\u015bnika, wykonanie zabiegu jest skuteczne, bezpieczne i precyzyjne.<br \/>\nProfesjonalnie dobrany zestaw frez\u00f3w, u\u0142atwi prac\u0119 przy ka\u017cdej stylizacji paznokci<br \/>\nFrez ceramiczny do sk\u00f3rek szczelinowy delikatny- idealnie pomo\u017ce pozby\u0107 si\u0119 niechcianych sk\u00f3rek z wa\u0142\u00f3w oko\u0142o paznokciowych oraz z p\u0142ytki paznokcia.<br \/>\nFrez ceramiczny delikatny sto\u017cek to frez do zada\u0144 specjalnych. Wykonany jest z najwy\u017cszej jako\u015bci materia\u0142\u00f3w: tlenku cyrkonu oraz stali nierdzewnej. Wykorzystasz go do obr\u00f3bki masy, do zdj\u0119cia pozosta\u0142o\u015bci \u017celu, hybrydy czy akrylo\u017celu.<br \/>\nTrzy frezy diamentowe w pi\u0119knym t\u0119czowym kolorze to zdecydowane trio do zada\u0144 specjalnych :<br \/>\nzaokr\u0105glony walec podniesie sk\u00f3rki<br \/>\n\u0142ezka \u2018wymiecie\u2019 resztki nab\u0142onka z przestrzeni mi\u0119dzy paznokciem a tak\u017ce podniesie sk\u00f3rki i przygotuje paznokie\u0107 do aplikacji lakieru \u2018 pod sk\u00f3rki\u2019<br \/>\nkuleczka zako\u0144czy i wypoleruje pozosta\u0142o\u015bci nab\u0142onk\u00f3w- bez potrzeby u\u017cycia c\u0105\u017cek!<br \/>\nSpecyfika urz\u0105dzenia:<br \/>\nmoc: 65 W<\/p>\n<p>\u2013 zasilanie: 220-240 V \/ 50 Hz<\/p>\n<p>\u2013 regulacja obrot\u00f3w: 0 \u2013 30 000 obrot\u00f3w \/ min<\/p>\n<p>\u2013 spos\u00f3b regulacji: sterowanie peda\u0142em no\u017cnym i w bazie<\/p>\n<p>\u2013 \u015brednica frez\u00f3w 2,32-2,35mm<\/p>\n<p>\u2013 wymiary: 14,5 * 13 * 9,2 cm<\/p>\n<p>\u2013 obroty prawe i lewe<\/p>\n<p>\u2013 ochrona przed przegrzaniem<\/p>","protected":false},"excerpt":{"rendered":"<p>Dzi\u0119ki temu urz\u0105dzeniu doskonale przygotujesz p\u0142ytk\u0119 paznokcia do kolejnej stylizacji Frezarka do manicure 65W, to urz\u0105dzenie dzi\u0119ki kt\u00f3remu nadasz wymarzony kszta\u0142t paznokciom, doskonale przygotujesz p\u0142ytk\u0119 paznokcia do kolejnej stylizacji, idealnie usuniesz sk\u00f3rki do manicure kombinowanego a pedicure stanie si\u0119 bajecznie prosty i szybki. Frezarka dzi\u0119ki swojej mocy nie zacina si\u0119 i nie traci obrot\u00f3w nawet [&hellip;]<\/p>\n","protected":false},"featured_media":5488,"comment_status":"closed","ping_status":"closed","template":"","meta":{"om_disable_all_campaigns":false,"ocean_post_layout":"","ocean_both_sidebars_style":"","ocean_both_sidebars_content_width":0,"ocean_both_sidebars_sidebars_width":0,"ocean_sidebar":"0","ocean_second_sidebar":"0","ocean_disable_margins":"enable","ocean_add_body_class":"","ocean_shortcode_before_top_bar":"","ocean_shortcode_after_top_bar":"","ocean_shortcode_before_header":"","ocean_shortcode_after_header":"","ocean_has_shortcode":"","ocean_shortcode_after_title":"","ocean_shortcode_before_footer_widgets":"","ocean_shortcode_after_footer_widgets":"","ocean_shortcode_before_footer_bottom":"","ocean_shortcode_after_footer_bottom":"","ocean_display_top_bar":"default","ocean_display_header":"default","ocean_header_style":"","ocean_center_header_left_menu":"0","ocean_custom_header_template":"0","ocean_custom_logo":0,"ocean_custom_retina_logo":0,"ocean_custom_logo_max_width":0,"ocean_custom_logo_tablet_max_width":0,"ocean_custom_logo_mobile_max_width":0,"ocean_custom_logo_max_height":0,"ocean_custom_logo_tablet_max_height":0,"ocean_custom_logo_mobile_max_height":0,"ocean_header_custom_menu":"0","ocean_menu_typo_font_family":"0","ocean_menu_typo_font_subset":"","ocean_menu_typo_font_size":0,"ocean_menu_typo_font_size_tablet":0,"ocean_menu_typo_font_size_mobile":0,"ocean_menu_typo_font_size_unit":"px","ocean_menu_typo_font_weight":"","ocean_menu_typo_font_weight_tablet":"","ocean_menu_typo_font_weight_mobile":"","ocean_menu_typo_transform":"","ocean_menu_typo_transform_tablet":"","ocean_menu_typo_transform_mobile":"","ocean_menu_typo_line_height":0,"ocean_menu_typo_line_height_tablet":0,"ocean_menu_typo_line_height_mobile":0,"ocean_menu_typo_line_height_unit":"","ocean_menu_typo_spacing":0,"ocean_menu_typo_spacing_tablet":0,"ocean_menu_typo_spacing_mobile":0,"ocean_menu_typo_spacing_unit":"","ocean_menu_link_color":"","ocean_menu_link_color_hover":"","ocean_menu_link_color_active":"","ocean_menu_link_background":"","ocean_menu_link_hover_background":"","ocean_menu_link_active_background":"","ocean_menu_social_links_bg":"","ocean_menu_social_hover_links_bg":"","ocean_menu_social_links_color":"","ocean_menu_social_hover_links_color":"","ocean_disable_title":"default","ocean_disable_heading":"default","ocean_post_title":"","ocean_post_subheading":"","ocean_post_title_style":"","ocean_post_title_background_color":"","ocean_post_title_background":0,"ocean_post_title_bg_image_position":"","ocean_post_title_bg_image_attachment":"","ocean_post_title_bg_image_repeat":"","ocean_post_title_bg_image_size":"","ocean_post_title_height":0,"ocean_post_title_bg_overlay":0.5,"ocean_post_title_bg_overlay_color":"","ocean_disable_breadcrumbs":"default","ocean_breadcrumbs_color":"","ocean_breadcrumbs_separator_color":"","ocean_breadcrumbs_links_color":"","ocean_breadcrumbs_links_hover_color":"","ocean_display_footer_widgets":"default","ocean_display_footer_bottom":"default","ocean_custom_footer_template":"0"},"product_brand":[],"product_cat":[190,166,176,110,164],"product_tag":[],"class_list":{"0":"post-5487","1":"product","2":"type-product","3":"status-publish","4":"has-post-thumbnail","6":"product_cat-clavier-1","7":"product_cat-frezarki","8":"product_cat-marki","9":"product_cat-paznokcie","10":"product_cat-urzadzenia","12":"entry","13":"has-media","15":"first","16":"outofstock","17":"taxable","18":"shipping-taxable","19":"purchasable","20":"product-type-simple","21":"has-product-nav","22":"col","23":"span_1_of_3","24":"owp-content-center","25":"owp-thumbs-layout-horizontal","26":"owp-btn-normal","27":"owp-tabs-layout-horizontal","28":"has-no-thumbnails"},"yoast_head":"<!-- This site is optimized with the Yoast SEO plugin v27.4 - https:\/\/yoast.com\/product\/yoast-seo-wordpress\/ -->\n<title>Clavier- FX 720 Frezarka do manicure 65W, do paznokci, profesjonalna, niebieska - velesnails<\/title>\n<meta name=\"robots\" content=\"index, follow, max-snippet:-1, max-image-preview:large, max-video-preview:-1\" \/>\n<link rel=\"canonical\" href=\"https:\/\/velesnails.pl\/uk\/product\/clavier-fx-720-frezarka-do-manicure-65w-do-paznokci-profesjonalna-niebieska\/\" \/>\n<meta property=\"og:locale\" content=\"uk_UA\" \/>\n<meta property=\"og:type\" content=\"article\" \/>\n<meta property=\"og:title\" content=\"Clavier- FX 720 Frezarka do manicure 65W, do paznokci, profesjonalna, niebieska - velesnails\" \/>\n<meta property=\"og:description\" content=\"Dzi\u0119ki temu urz\u0105dzeniu doskonale przygotujesz p\u0142ytk\u0119 paznokcia do kolejnej stylizacji Frezarka do manicure 65W, to urz\u0105dzenie dzi\u0119ki kt\u00f3remu nadasz wymarzony kszta\u0142t paznokciom, doskonale przygotujesz p\u0142ytk\u0119 paznokcia do kolejnej stylizacji, idealnie usuniesz sk\u00f3rki do manicure kombinowanego a pedicure stanie si\u0119 bajecznie prosty i szybki. Frezarka dzi\u0119ki swojej mocy nie zacina si\u0119 i nie traci obrot\u00f3w nawet [&hellip;]\" \/>\n<meta property=\"og:url\" content=\"https:\/\/velesnails.pl\/uk\/product\/clavier-fx-720-frezarka-do-manicure-65w-do-paznokci-profesjonalna-niebieska\/\" \/>\n<meta property=\"og:site_name\" content=\"velesnails\" \/>\n<meta property=\"article:modified_time\" content=\"2024-11-23T15:48:21+00:00\" \/>\n<meta property=\"og:image\" content=\"https:\/\/i0.wp.com\/velesnails.pl\/wp-content\/uploads\/2024\/11\/%D0%97%D0%BD%D1%96%D0%BC%D0%BE%D0%BA-%D0%B5%D0%BA%D1%80%D0%B0%D0%BD%D0%B0-2024-11-15-160404.png?fit=1021%2C914&ssl=1\" \/>\n\t<meta property=\"og:image:width\" content=\"1021\" \/>\n\t<meta property=\"og:image:height\" content=\"914\" \/>\n\t<meta property=\"og:image:type\" content=\"image\/png\" \/>\n<meta name=\"twitter:card\" content=\"summary_large_image\" \/>\n<meta name=\"twitter:label1\" content=\"\u041f\u0440\u0438\u0431\u043b. \u0447\u0430\u0441 \u0447\u0438\u0442\u0430\u043d\u043d\u044f\" \/>\n\t<meta name=\"twitter:data1\" content=\"3 \u0445\u0432\u0438\u043b\u0438\u043d\u0438\" \/>\n<script type=\"application\/ld+json\" class=\"yoast-schema-graph\">{\"@context\":\"https:\\\/\\\/schema.org\",\"@graph\":[{\"@type\":\"WebPage\",\"@id\":\"https:\\\/\\\/velesnails.pl\\\/product\\\/clavier-fx-720-frezarka-do-manicure-65w-do-paznokci-profesjonalna-niebieska\\\/\",\"url\":\"https:\\\/\\\/velesnails.pl\\\/product\\\/clavier-fx-720-frezarka-do-manicure-65w-do-paznokci-profesjonalna-niebieska\\\/\",\"name\":\"Clavier- FX 720 Frezarka do manicure 65W, do paznokci, profesjonalna, niebieska - velesnails\",\"isPartOf\":{\"@id\":\"https:\\\/\\\/velesnails.pl\\\/#website\"},\"primaryImageOfPage\":{\"@id\":\"https:\\\/\\\/velesnails.pl\\\/product\\\/clavier-fx-720-frezarka-do-manicure-65w-do-paznokci-profesjonalna-niebieska\\\/#primaryimage\"},\"image\":{\"@id\":\"https:\\\/\\\/velesnails.pl\\\/product\\\/clavier-fx-720-frezarka-do-manicure-65w-do-paznokci-profesjonalna-niebieska\\\/#primaryimage\"},\"thumbnailUrl\":\"https:\\\/\\\/i0.wp.com\\\/velesnails.pl\\\/wp-content\\\/uploads\\\/2024\\\/11\\\/%D0%97%D0%BD%D1%96%D0%BC%D0%BE%D0%BA-%D0%B5%D0%BA%D1%80%D0%B0%D0%BD%D0%B0-2024-11-15-160404.png?fit=1021%2C914&ssl=1\",\"datePublished\":\"2024-11-15T15:04:48+00:00\",\"dateModified\":\"2024-11-23T15:48:21+00:00\",\"breadcrumb\":{\"@id\":\"https:\\\/\\\/velesnails.pl\\\/product\\\/clavier-fx-720-frezarka-do-manicure-65w-do-paznokci-profesjonalna-niebieska\\\/#breadcrumb\"},\"inLanguage\":\"uk\",\"potentialAction\":[{\"@type\":\"ReadAction\",\"target\":[\"https:\\\/\\\/velesnails.pl\\\/product\\\/clavier-fx-720-frezarka-do-manicure-65w-do-paznokci-profesjonalna-niebieska\\\/\"]}]},{\"@type\":\"ImageObject\",\"inLanguage\":\"uk\",\"@id\":\"https:\\\/\\\/velesnails.pl\\\/product\\\/clavier-fx-720-frezarka-do-manicure-65w-do-paznokci-profesjonalna-niebieska\\\/#primaryimage\",\"url\":\"https:\\\/\\\/i0.wp.com\\\/velesnails.pl\\\/wp-content\\\/uploads\\\/2024\\\/11\\\/%D0%97%D0%BD%D1%96%D0%BC%D0%BE%D0%BA-%D0%B5%D0%BA%D1%80%D0%B0%D0%BD%D0%B0-2024-11-15-160404.png?fit=1021%2C914&ssl=1\",\"contentUrl\":\"https:\\\/\\\/i0.wp.com\\\/velesnails.pl\\\/wp-content\\\/uploads\\\/2024\\\/11\\\/%D0%97%D0%BD%D1%96%D0%BC%D0%BE%D0%BA-%D0%B5%D0%BA%D1%80%D0%B0%D0%BD%D0%B0-2024-11-15-160404.png?fit=1021%2C914&ssl=1\",\"width\":1021,\"height\":914},{\"@type\":\"BreadcrumbList\",\"@id\":\"https:\\\/\\\/velesnails.pl\\\/product\\\/clavier-fx-720-frezarka-do-manicure-65w-do-paznokci-profesjonalna-niebieska\\\/#breadcrumb\",\"itemListElement\":[{\"@type\":\"ListItem\",\"position\":1,\"name\":\"\u0413\u043e\u043b\u043e\u0432\u043d\u0430\",\"item\":\"https:\\\/\\\/velesnails.pl\\\/\"},{\"@type\":\"ListItem\",\"position\":2,\"name\":\"Sklep\",\"item\":\"https:\\\/\\\/velesnails.pl\\\/shop\\\/\"},{\"@type\":\"ListItem\",\"position\":3,\"name\":\"Clavier- FX 720 Frezarka do manicure 65W, do paznokci, profesjonalna, niebieska\"}]},{\"@type\":\"WebSite\",\"@id\":\"https:\\\/\\\/velesnails.pl\\\/#website\",\"url\":\"https:\\\/\\\/velesnails.pl\\\/\",\"name\":\"velesnails\",\"description\":\"Sklep z manicure\",\"publisher\":{\"@id\":\"https:\\\/\\\/velesnails.pl\\\/#organization\"},\"potentialAction\":[{\"@type\":\"SearchAction\",\"target\":{\"@type\":\"EntryPoint\",\"urlTemplate\":\"https:\\\/\\\/velesnails.pl\\\/?s={search_term_string}\"},\"query-input\":{\"@type\":\"PropertyValueSpecification\",\"valueRequired\":true,\"valueName\":\"search_term_string\"}}],\"inLanguage\":\"uk\"},{\"@type\":\"Organization\",\"@id\":\"https:\\\/\\\/velesnails.pl\\\/#organization\",\"name\":\"velesnails\",\"url\":\"https:\\\/\\\/velesnails.pl\\\/\",\"logo\":{\"@type\":\"ImageObject\",\"inLanguage\":\"uk\",\"@id\":\"https:\\\/\\\/velesnails.pl\\\/#\\\/schema\\\/logo\\\/image\\\/\",\"url\":\"https:\\\/\\\/i0.wp.com\\\/velesnails.pl\\\/wp-content\\\/uploads\\\/2025\\\/10\\\/cropped-obraz_viber_2025-10-22_13-55-55-969.jpg?fit=485%2C381&ssl=1\",\"contentUrl\":\"https:\\\/\\\/i0.wp.com\\\/velesnails.pl\\\/wp-content\\\/uploads\\\/2025\\\/10\\\/cropped-obraz_viber_2025-10-22_13-55-55-969.jpg?fit=485%2C381&ssl=1\",\"width\":485,\"height\":381,\"caption\":\"velesnails\"},\"image\":{\"@id\":\"https:\\\/\\\/velesnails.pl\\\/#\\\/schema\\\/logo\\\/image\\\/\"}}]}<\/script>\n<!-- \/ Yoast SEO plugin. -->","yoast_head_json":{"title":"Clavier- FX 720 Frezarka do manicure 65W, do paznokci, profesjonalna, niebieska - velesnails","robots":{"index":"index","follow":"follow","max-snippet":"max-snippet:-1","max-image-preview":"max-image-preview:large","max-video-preview":"max-video-preview:-1"},"canonical":"https:\/\/velesnails.pl\/uk\/product\/clavier-fx-720-frezarka-do-manicure-65w-do-paznokci-profesjonalna-niebieska\/","og_locale":"uk_UA","og_type":"article","og_title":"Clavier- FX 720 Frezarka do manicure 65W, do paznokci, profesjonalna, niebieska - velesnails","og_description":"Dzi\u0119ki temu urz\u0105dzeniu doskonale przygotujesz p\u0142ytk\u0119 paznokcia do kolejnej stylizacji Frezarka do manicure 65W, to urz\u0105dzenie dzi\u0119ki kt\u00f3remu nadasz wymarzony kszta\u0142t paznokciom, doskonale przygotujesz p\u0142ytk\u0119 paznokcia do kolejnej stylizacji, idealnie usuniesz sk\u00f3rki do manicure kombinowanego a pedicure stanie si\u0119 bajecznie prosty i szybki. Frezarka dzi\u0119ki swojej mocy nie zacina si\u0119 i nie traci obrot\u00f3w nawet [&hellip;]","og_url":"https:\/\/velesnails.pl\/uk\/product\/clavier-fx-720-frezarka-do-manicure-65w-do-paznokci-profesjonalna-niebieska\/","og_site_name":"velesnails","article_modified_time":"2024-11-23T15:48:21+00:00","og_image":[{"width":1021,"height":914,"url":"https:\/\/i0.wp.com\/velesnails.pl\/wp-content\/uploads\/2024\/11\/%D0%97%D0%BD%D1%96%D0%BC%D0%BE%D0%BA-%D0%B5%D0%BA%D1%80%D0%B0%D0%BD%D0%B0-2024-11-15-160404.png?fit=1021%2C914&ssl=1","type":"image\/png"}],"twitter_card":"summary_large_image","twitter_misc":{"\u041f\u0440\u0438\u0431\u043b. \u0447\u0430\u0441 \u0447\u0438\u0442\u0430\u043d\u043d\u044f":"3 \u0445\u0432\u0438\u043b\u0438\u043d\u0438"},"schema":{"@context":"https:\/\/schema.org","@graph":[{"@type":"WebPage","@id":"https:\/\/velesnails.pl\/product\/clavier-fx-720-frezarka-do-manicure-65w-do-paznokci-profesjonalna-niebieska\/","url":"https:\/\/velesnails.pl\/product\/clavier-fx-720-frezarka-do-manicure-65w-do-paznokci-profesjonalna-niebieska\/","name":"Clavier- FX 720 Frezarka do manicure 65W, do paznokci, profesjonalna, niebieska - velesnails","isPartOf":{"@id":"https:\/\/velesnails.pl\/#website"},"primaryImageOfPage":{"@id":"https:\/\/velesnails.pl\/product\/clavier-fx-720-frezarka-do-manicure-65w-do-paznokci-profesjonalna-niebieska\/#primaryimage"},"image":{"@id":"https:\/\/velesnails.pl\/product\/clavier-fx-720-frezarka-do-manicure-65w-do-paznokci-profesjonalna-niebieska\/#primaryimage"},"thumbnailUrl":"https:\/\/i0.wp.com\/velesnails.pl\/wp-content\/uploads\/2024\/11\/%D0%97%D0%BD%D1%96%D0%BC%D0%BE%D0%BA-%D0%B5%D0%BA%D1%80%D0%B0%D0%BD%D0%B0-2024-11-15-160404.png?fit=1021%2C914&ssl=1","datePublished":"2024-11-15T15:04:48+00:00","dateModified":"2024-11-23T15:48:21+00:00","breadcrumb":{"@id":"https:\/\/velesnails.pl\/product\/clavier-fx-720-frezarka-do-manicure-65w-do-paznokci-profesjonalna-niebieska\/#breadcrumb"},"inLanguage":"uk","potentialAction":[{"@type":"ReadAction","target":["https:\/\/velesnails.pl\/product\/clavier-fx-720-frezarka-do-manicure-65w-do-paznokci-profesjonalna-niebieska\/"]}]},{"@type":"ImageObject","inLanguage":"uk","@id":"https:\/\/velesnails.pl\/product\/clavier-fx-720-frezarka-do-manicure-65w-do-paznokci-profesjonalna-niebieska\/#primaryimage","url":"https:\/\/i0.wp.com\/velesnails.pl\/wp-content\/uploads\/2024\/11\/%D0%97%D0%BD%D1%96%D0%BC%D0%BE%D0%BA-%D0%B5%D0%BA%D1%80%D0%B0%D0%BD%D0%B0-2024-11-15-160404.png?fit=1021%2C914&ssl=1","contentUrl":"https:\/\/i0.wp.com\/velesnails.pl\/wp-content\/uploads\/2024\/11\/%D0%97%D0%BD%D1%96%D0%BC%D0%BE%D0%BA-%D0%B5%D0%BA%D1%80%D0%B0%D0%BD%D0%B0-2024-11-15-160404.png?fit=1021%2C914&ssl=1","width":1021,"height":914},{"@type":"BreadcrumbList","@id":"https:\/\/velesnails.pl\/product\/clavier-fx-720-frezarka-do-manicure-65w-do-paznokci-profesjonalna-niebieska\/#breadcrumb","itemListElement":[{"@type":"ListItem","position":1,"name":"\u0413\u043e\u043b\u043e\u0432\u043d\u0430","item":"https:\/\/velesnails.pl\/"},{"@type":"ListItem","position":2,"name":"Sklep","item":"https:\/\/velesnails.pl\/shop\/"},{"@type":"ListItem","position":3,"name":"Clavier- FX 720 Frezarka do manicure 65W, do paznokci, profesjonalna, niebieska"}]},{"@type":"WebSite","@id":"https:\/\/velesnails.pl\/#website","url":"https:\/\/velesnails.pl\/","name":"\u0432\u0435\u043b\u0435\u0441\u043e\u0432\u0456 \u043d\u0456\u0433\u0442\u0456","description":"\u041c\u0430\u043d\u0456\u043a\u044e\u0440\u043d\u0438\u0439 \u0441\u0430\u043b\u043e\u043d","publisher":{"@id":"https:\/\/velesnails.pl\/#organization"},"potentialAction":[{"@type":"SearchAction","target":{"@type":"EntryPoint","urlTemplate":"https:\/\/velesnails.pl\/?s={search_term_string}"},"query-input":{"@type":"PropertyValueSpecification","valueRequired":true,"valueName":"search_term_string"}}],"inLanguage":"uk"},{"@type":"Organization","@id":"https:\/\/velesnails.pl\/#organization","name":"\u0432\u0435\u043b\u0435\u0441\u043e\u0432\u0456 \u043d\u0456\u0433\u0442\u0456","url":"https:\/\/velesnails.pl\/","logo":{"@type":"ImageObject","inLanguage":"uk","@id":"https:\/\/velesnails.pl\/#\/schema\/logo\/image\/","url":"https:\/\/i0.wp.com\/velesnails.pl\/wp-content\/uploads\/2025\/10\/cropped-obraz_viber_2025-10-22_13-55-55-969.jpg?fit=485%2C381&ssl=1","contentUrl":"https:\/\/i0.wp.com\/velesnails.pl\/wp-content\/uploads\/2025\/10\/cropped-obraz_viber_2025-10-22_13-55-55-969.jpg?fit=485%2C381&ssl=1","width":485,"height":381,"caption":"velesnails"},"image":{"@id":"https:\/\/velesnails.pl\/#\/schema\/logo\/image\/"}}]}},"_links":{"self":[{"href":"https:\/\/velesnails.pl\/uk\/wp-json\/wp\/v2\/product\/5487","targetHints":{"allow":["GET"]}}],"collection":[{"href":"https:\/\/velesnails.pl\/uk\/wp-json\/wp\/v2\/product"}],"about":[{"href":"https:\/\/velesnails.pl\/uk\/wp-json\/wp\/v2\/types\/product"}],"replies":[{"embeddable":true,"href":"https:\/\/velesnails.pl\/uk\/wp-json\/wp\/v2\/comments?post=5487"}],"wp:featuredmedia":[{"embeddable":true,"href":"https:\/\/velesnails.pl\/uk\/wp-json\/wp\/v2\/media\/5488"}],"wp:attachment":[{"href":"https:\/\/velesnails.pl\/uk\/wp-json\/wp\/v2\/media?parent=5487"}],"wp:term":[{"taxonomy":"product_brand","embeddable":true,"href":"https:\/\/velesnails.pl\/uk\/wp-json\/wp\/v2\/product_brand?post=5487"},{"taxonomy":"product_cat","embeddable":true,"href":"https:\/\/velesnails.pl\/uk\/wp-json\/wp\/v2\/product_cat?post=5487"},{"taxonomy":"product_tag","embeddable":true,"href":"https:\/\/velesnails.pl\/uk\/wp-json\/wp\/v2\/product_tag?post=5487"}],"curies":[{"name":"wp","href":"https:\/\/api.w.org\/{rel}","templated":true}]}}