{"id":5421,"date":"2024-11-04T18:24:35","date_gmt":"2024-11-04T15:24:35","guid":{"rendered":"https:\/\/velesnails.pl\/?post_type=product&#038;p=5421"},"modified":"2026-01-19T20:28:00","modified_gmt":"2026-01-19T17:28:00","slug":"clavier-pilnik-do-paznokci-zeberka-lodka-manicure-180-240-1szt-szary","status":"publish","type":"product","link":"https:\/\/velesnails.pl\/uk\/product\/clavier-pilnik-do-paznokci-zeberka-lodka-manicure-180-240-1szt-szary\/","title":{"rendered":"Clavier Pilnik do paznokci ZEBERKA \u0141\u00f3dka, manicure -180\/240, 10szt. szary"},"content":{"rendered":"<p>Pilnik do paznokci ZEBERKA \u0141\u00f3dka to doskona\u0142e narz\u0119dzie do piel\u0119gnacji paznokci, stworzone z my\u015bl\u0105 o profesjonalistach oraz entuzjastach dbaj\u0105cych o perfekcyjny wygl\u0105d swoich paznokci. Wykonane z wysokiej jako\u015bci materia\u0142\u00f3w, te pilniki s\u0105 idealne zar\u00f3wno do metody \u017celowej, jak i akrylowej.<\/p>\n<p>Ich trwa\u0142o\u015b\u0107, wytrzyma\u0142o\u015b\u0107 i ostro\u015b\u0107 sprawiaj\u0105, \u017ce s\u0105 niezast\u0105pione zar\u00f3wno w codziennym u\u017cytkowaniu, jak i w trakcie profesjonalnego manicure i pedicure. Dzi\u0119ki ergonomicznemu kszta\u0142towi doskonale le\u017c\u0105 w d\u0142oni, co u\u0142atwia precyzyjn\u0105 prac\u0119 i zapewnia komfort u\u017cytkowania.<\/p>\n<p>Nowoczesny design pilnik\u00f3w Zebra \u0141\u00f3dka oraz ich wyj\u0105tkowa trwa\u0142o\u015b\u0107 sprawiaj\u0105, \u017ce s\u0105 one nie tylko funkcjonalne, ale r\u00f3wnie\u017c estetyczne. Dzi\u0119ki nim Twoje paznokcie b\u0119d\u0105 zawsze zadbane i pi\u0119kne, bez wzgl\u0119du na okazj\u0119.<\/p>\n<p>Gradacja : 180\/240<\/p>","protected":false},"excerpt":{"rendered":"<p>Pilnik do paznokci ZEBERKA \u0141\u00f3dka to doskona\u0142e narz\u0119dzie do piel\u0119gnacji paznokci, stworzone z my\u015bl\u0105 o profesjonalistach oraz entuzjastach dbaj\u0105cych o perfekcyjny wygl\u0105d swoich paznokci. Wykonane z wysokiej jako\u015bci materia\u0142\u00f3w, te pilniki s\u0105 idealne zar\u00f3wno do metody \u017celowej, jak i akrylowej. Ich trwa\u0142o\u015b\u0107, wytrzyma\u0142o\u015b\u0107 i ostro\u015b\u0107 sprawiaj\u0105, \u017ce s\u0105 niezast\u0105pione zar\u00f3wno w codziennym u\u017cytkowaniu, jak i [&hellip;]<\/p>\n","protected":false},"featured_media":5422,"comment_status":"closed","ping_status":"closed","template":"","meta":{"om_disable_all_campaigns":false,"ocean_post_layout":"","ocean_both_sidebars_style":"","ocean_both_sidebars_content_width":0,"ocean_both_sidebars_sidebars_width":0,"ocean_sidebar":"0","ocean_second_sidebar":"0","ocean_disable_margins":"enable","ocean_add_body_class":"","ocean_shortcode_before_top_bar":"","ocean_shortcode_after_top_bar":"","ocean_shortcode_before_header":"","ocean_shortcode_after_header":"","ocean_has_shortcode":"","ocean_shortcode_after_title":"","ocean_shortcode_before_footer_widgets":"","ocean_shortcode_after_footer_widgets":"","ocean_shortcode_before_footer_bottom":"","ocean_shortcode_after_footer_bottom":"","ocean_display_top_bar":"default","ocean_display_header":"default","ocean_header_style":"","ocean_center_header_left_menu":"0","ocean_custom_header_template":"0","ocean_custom_logo":0,"ocean_custom_retina_logo":0,"ocean_custom_logo_max_width":0,"ocean_custom_logo_tablet_max_width":0,"ocean_custom_logo_mobile_max_width":0,"ocean_custom_logo_max_height":0,"ocean_custom_logo_tablet_max_height":0,"ocean_custom_logo_mobile_max_height":0,"ocean_header_custom_menu":"0","ocean_menu_typo_font_family":"0","ocean_menu_typo_font_subset":"","ocean_menu_typo_font_size":0,"ocean_menu_typo_font_size_tablet":0,"ocean_menu_typo_font_size_mobile":0,"ocean_menu_typo_font_size_unit":"px","ocean_menu_typo_font_weight":"","ocean_menu_typo_font_weight_tablet":"","ocean_menu_typo_font_weight_mobile":"","ocean_menu_typo_transform":"","ocean_menu_typo_transform_tablet":"","ocean_menu_typo_transform_mobile":"","ocean_menu_typo_line_height":0,"ocean_menu_typo_line_height_tablet":0,"ocean_menu_typo_line_height_mobile":0,"ocean_menu_typo_line_height_unit":"","ocean_menu_typo_spacing":0,"ocean_menu_typo_spacing_tablet":0,"ocean_menu_typo_spacing_mobile":0,"ocean_menu_typo_spacing_unit":"","ocean_menu_link_color":"","ocean_menu_link_color_hover":"","ocean_menu_link_color_active":"","ocean_menu_link_background":"","ocean_menu_link_hover_background":"","ocean_menu_link_active_background":"","ocean_menu_social_links_bg":"","ocean_menu_social_hover_links_bg":"","ocean_menu_social_links_color":"","ocean_menu_social_hover_links_color":"","ocean_disable_title":"default","ocean_disable_heading":"default","ocean_post_title":"","ocean_post_subheading":"","ocean_post_title_style":"","ocean_post_title_background_color":"","ocean_post_title_background":0,"ocean_post_title_bg_image_position":"","ocean_post_title_bg_image_attachment":"","ocean_post_title_bg_image_repeat":"","ocean_post_title_bg_image_size":"","ocean_post_title_height":0,"ocean_post_title_bg_overlay":0.5,"ocean_post_title_bg_overlay_color":"","ocean_disable_breadcrumbs":"default","ocean_breadcrumbs_color":"","ocean_breadcrumbs_separator_color":"","ocean_breadcrumbs_links_color":"","ocean_breadcrumbs_links_hover_color":"","ocean_display_footer_widgets":"default","ocean_display_footer_bottom":"default","ocean_custom_footer_template":"0"},"product_brand":[],"product_cat":[190,176,110,148,147],"product_tag":[],"class_list":{"0":"post-5421","1":"product","2":"type-product","3":"status-publish","4":"has-post-thumbnail","6":"product_cat-clavier-1","7":"product_cat-marki","8":"product_cat-paznokcie","9":"product_cat-pilniki","10":"product_cat-pilniki-i-polerki","12":"entry","13":"has-media","15":"first","16":"instock","17":"taxable","18":"shipping-taxable","19":"purchasable","20":"product-type-simple","21":"has-product-nav","22":"col","23":"span_1_of_3","24":"owp-content-center","25":"owp-thumbs-layout-horizontal","26":"owp-btn-normal","27":"owp-tabs-layout-horizontal"},"yoast_head":"<!-- This site is optimized with the Yoast SEO plugin v27.5 - https:\/\/yoast.com\/product\/yoast-seo-wordpress\/ -->\n<title>Clavier Pilnik do paznokci ZEBERKA \u0141\u00f3dka, manicure -180\/240, 10szt. szary - velesnails<\/title>\n<meta name=\"robots\" content=\"index, follow, max-snippet:-1, max-image-preview:large, max-video-preview:-1\" \/>\n<link rel=\"canonical\" href=\"https:\/\/velesnails.pl\/uk\/product\/clavier-pilnik-do-paznokci-zeberka-lodka-manicure-180-240-1szt-szary\/\" \/>\n<meta property=\"og:locale\" content=\"uk_UA\" \/>\n<meta property=\"og:type\" content=\"article\" \/>\n<meta property=\"og:title\" content=\"Clavier Pilnik do paznokci ZEBERKA \u0141\u00f3dka, manicure -180\/240, 10szt. szary - velesnails\" \/>\n<meta property=\"og:description\" content=\"Pilnik do paznokci ZEBERKA \u0141\u00f3dka to doskona\u0142e narz\u0119dzie do piel\u0119gnacji paznokci, stworzone z my\u015bl\u0105 o profesjonalistach oraz entuzjastach dbaj\u0105cych o perfekcyjny wygl\u0105d swoich paznokci. Wykonane z wysokiej jako\u015bci materia\u0142\u00f3w, te pilniki s\u0105 idealne zar\u00f3wno do metody \u017celowej, jak i akrylowej. Ich trwa\u0142o\u015b\u0107, wytrzyma\u0142o\u015b\u0107 i ostro\u015b\u0107 sprawiaj\u0105, \u017ce s\u0105 niezast\u0105pione zar\u00f3wno w codziennym u\u017cytkowaniu, jak i [&hellip;]\" \/>\n<meta property=\"og:url\" content=\"https:\/\/velesnails.pl\/uk\/product\/clavier-pilnik-do-paznokci-zeberka-lodka-manicure-180-240-1szt-szary\/\" \/>\n<meta property=\"og:site_name\" content=\"velesnails\" \/>\n<meta property=\"article:modified_time\" content=\"2026-01-19T17:28:00+00:00\" \/>\n<meta property=\"og:image\" content=\"https:\/\/velesnails.pl\/wp-content\/uploads\/2024\/11\/\u0417\u043d\u0456\u043c\u043e\u043a-\u0435\u043a\u0440\u0430\u043d\u0430-2024-11-04-165022.png\" \/>\n\t<meta property=\"og:image:width\" content=\"1025\" \/>\n\t<meta property=\"og:image:height\" content=\"853\" \/>\n\t<meta property=\"og:image:type\" content=\"image\/png\" \/>\n<meta name=\"twitter:card\" content=\"summary_large_image\" \/>\n<meta name=\"twitter:label1\" content=\"\u041f\u0440\u0438\u0431\u043b. \u0447\u0430\u0441 \u0447\u0438\u0442\u0430\u043d\u043d\u044f\" \/>\n\t<meta name=\"twitter:data1\" content=\"1 \u0445\u0432\u0438\u043b\u0438\u043d\u0430\" \/>\n<script type=\"application\/ld+json\" class=\"yoast-schema-graph\">{\"@context\":\"https:\\\/\\\/schema.org\",\"@graph\":[{\"@type\":\"WebPage\",\"@id\":\"https:\\\/\\\/velesnails.pl\\\/product\\\/clavier-pilnik-do-paznokci-zeberka-lodka-manicure-180-240-1szt-szary\\\/\",\"url\":\"https:\\\/\\\/velesnails.pl\\\/product\\\/clavier-pilnik-do-paznokci-zeberka-lodka-manicure-180-240-1szt-szary\\\/\",\"name\":\"Clavier Pilnik do paznokci ZEBERKA \u0141\u00f3dka, manicure -180\\\/240, 10szt. szary - velesnails\",\"isPartOf\":{\"@id\":\"https:\\\/\\\/velesnails.pl\\\/#website\"},\"primaryImageOfPage\":{\"@id\":\"https:\\\/\\\/velesnails.pl\\\/product\\\/clavier-pilnik-do-paznokci-zeberka-lodka-manicure-180-240-1szt-szary\\\/#primaryimage\"},\"image\":{\"@id\":\"https:\\\/\\\/velesnails.pl\\\/product\\\/clavier-pilnik-do-paznokci-zeberka-lodka-manicure-180-240-1szt-szary\\\/#primaryimage\"},\"thumbnailUrl\":\"https:\\\/\\\/i0.wp.com\\\/velesnails.pl\\\/wp-content\\\/uploads\\\/2024\\\/11\\\/%D0%97%D0%BD%D1%96%D0%BC%D0%BE%D0%BA-%D0%B5%D0%BA%D1%80%D0%B0%D0%BD%D0%B0-2024-11-04-165022.png?fit=1025%2C853&ssl=1\",\"datePublished\":\"2024-11-04T15:24:35+00:00\",\"dateModified\":\"2026-01-19T17:28:00+00:00\",\"breadcrumb\":{\"@id\":\"https:\\\/\\\/velesnails.pl\\\/product\\\/clavier-pilnik-do-paznokci-zeberka-lodka-manicure-180-240-1szt-szary\\\/#breadcrumb\"},\"inLanguage\":\"uk\",\"potentialAction\":[{\"@type\":\"ReadAction\",\"target\":[\"https:\\\/\\\/velesnails.pl\\\/product\\\/clavier-pilnik-do-paznokci-zeberka-lodka-manicure-180-240-1szt-szary\\\/\"]}]},{\"@type\":\"ImageObject\",\"inLanguage\":\"uk\",\"@id\":\"https:\\\/\\\/velesnails.pl\\\/product\\\/clavier-pilnik-do-paznokci-zeberka-lodka-manicure-180-240-1szt-szary\\\/#primaryimage\",\"url\":\"https:\\\/\\\/i0.wp.com\\\/velesnails.pl\\\/wp-content\\\/uploads\\\/2024\\\/11\\\/%D0%97%D0%BD%D1%96%D0%BC%D0%BE%D0%BA-%D0%B5%D0%BA%D1%80%D0%B0%D0%BD%D0%B0-2024-11-04-165022.png?fit=1025%2C853&ssl=1\",\"contentUrl\":\"https:\\\/\\\/i0.wp.com\\\/velesnails.pl\\\/wp-content\\\/uploads\\\/2024\\\/11\\\/%D0%97%D0%BD%D1%96%D0%BC%D0%BE%D0%BA-%D0%B5%D0%BA%D1%80%D0%B0%D0%BD%D0%B0-2024-11-04-165022.png?fit=1025%2C853&ssl=1\",\"width\":1025,\"height\":853},{\"@type\":\"BreadcrumbList\",\"@id\":\"https:\\\/\\\/velesnails.pl\\\/product\\\/clavier-pilnik-do-paznokci-zeberka-lodka-manicure-180-240-1szt-szary\\\/#breadcrumb\",\"itemListElement\":[{\"@type\":\"ListItem\",\"position\":1,\"name\":\"\u0413\u043e\u043b\u043e\u0432\u043d\u0430\",\"item\":\"https:\\\/\\\/velesnails.pl\\\/\"},{\"@type\":\"ListItem\",\"position\":2,\"name\":\"Sklep\",\"item\":\"https:\\\/\\\/velesnails.pl\\\/shop\\\/\"},{\"@type\":\"ListItem\",\"position\":3,\"name\":\"Clavier Pilnik do paznokci ZEBERKA \u0141\u00f3dka, manicure -180\\\/240, 10szt. szary\"}]},{\"@type\":\"WebSite\",\"@id\":\"https:\\\/\\\/velesnails.pl\\\/#website\",\"url\":\"https:\\\/\\\/velesnails.pl\\\/\",\"name\":\"velesnails\",\"description\":\"Sklep z manicure\",\"publisher\":{\"@id\":\"https:\\\/\\\/velesnails.pl\\\/#organization\"},\"potentialAction\":[{\"@type\":\"SearchAction\",\"target\":{\"@type\":\"EntryPoint\",\"urlTemplate\":\"https:\\\/\\\/velesnails.pl\\\/?s={search_term_string}\"},\"query-input\":{\"@type\":\"PropertyValueSpecification\",\"valueRequired\":true,\"valueName\":\"search_term_string\"}}],\"inLanguage\":\"uk\"},{\"@type\":\"Organization\",\"@id\":\"https:\\\/\\\/velesnails.pl\\\/#organization\",\"name\":\"velesnails\",\"url\":\"https:\\\/\\\/velesnails.pl\\\/\",\"logo\":{\"@type\":\"ImageObject\",\"inLanguage\":\"uk\",\"@id\":\"https:\\\/\\\/velesnails.pl\\\/#\\\/schema\\\/logo\\\/image\\\/\",\"url\":\"https:\\\/\\\/i0.wp.com\\\/velesnails.pl\\\/wp-content\\\/uploads\\\/2025\\\/10\\\/cropped-obraz_viber_2025-10-22_13-55-55-969.jpg?fit=485%2C381&ssl=1\",\"contentUrl\":\"https:\\\/\\\/i0.wp.com\\\/velesnails.pl\\\/wp-content\\\/uploads\\\/2025\\\/10\\\/cropped-obraz_viber_2025-10-22_13-55-55-969.jpg?fit=485%2C381&ssl=1\",\"width\":485,\"height\":381,\"caption\":\"velesnails\"},\"image\":{\"@id\":\"https:\\\/\\\/velesnails.pl\\\/#\\\/schema\\\/logo\\\/image\\\/\"}}]}<\/script>\n<!-- \/ Yoast SEO plugin. -->","yoast_head_json":{"title":"Clavier Pilnik do paznokci ZEBERKA \u0141\u00f3dka, manicure -180\/240, 10szt. szary - velesnails","robots":{"index":"index","follow":"follow","max-snippet":"max-snippet:-1","max-image-preview":"max-image-preview:large","max-video-preview":"max-video-preview:-1"},"canonical":"https:\/\/velesnails.pl\/uk\/product\/clavier-pilnik-do-paznokci-zeberka-lodka-manicure-180-240-1szt-szary\/","og_locale":"uk_UA","og_type":"article","og_title":"Clavier Pilnik do paznokci ZEBERKA \u0141\u00f3dka, manicure -180\/240, 10szt. szary - velesnails","og_description":"Pilnik do paznokci ZEBERKA \u0141\u00f3dka to doskona\u0142e narz\u0119dzie do piel\u0119gnacji paznokci, stworzone z my\u015bl\u0105 o profesjonalistach oraz entuzjastach dbaj\u0105cych o perfekcyjny wygl\u0105d swoich paznokci. Wykonane z wysokiej jako\u015bci materia\u0142\u00f3w, te pilniki s\u0105 idealne zar\u00f3wno do metody \u017celowej, jak i akrylowej. Ich trwa\u0142o\u015b\u0107, wytrzyma\u0142o\u015b\u0107 i ostro\u015b\u0107 sprawiaj\u0105, \u017ce s\u0105 niezast\u0105pione zar\u00f3wno w codziennym u\u017cytkowaniu, jak i [&hellip;]","og_url":"https:\/\/velesnails.pl\/uk\/product\/clavier-pilnik-do-paznokci-zeberka-lodka-manicure-180-240-1szt-szary\/","og_site_name":"velesnails","article_modified_time":"2026-01-19T17:28:00+00:00","og_image":[{"width":1025,"height":853,"url":"https:\/\/velesnails.pl\/wp-content\/uploads\/2024\/11\/\u0417\u043d\u0456\u043c\u043e\u043a-\u0435\u043a\u0440\u0430\u043d\u0430-2024-11-04-165022.png","type":"image\/png"}],"twitter_card":"summary_large_image","twitter_misc":{"\u041f\u0440\u0438\u0431\u043b. \u0447\u0430\u0441 \u0447\u0438\u0442\u0430\u043d\u043d\u044f":"1 \u0445\u0432\u0438\u043b\u0438\u043d\u0430"},"schema":{"@context":"https:\/\/schema.org","@graph":[{"@type":"WebPage","@id":"https:\/\/velesnails.pl\/product\/clavier-pilnik-do-paznokci-zeberka-lodka-manicure-180-240-1szt-szary\/","url":"https:\/\/velesnails.pl\/product\/clavier-pilnik-do-paznokci-zeberka-lodka-manicure-180-240-1szt-szary\/","name":"Clavier Pilnik do paznokci ZEBERKA \u0141\u00f3dka, manicure -180\/240, 10szt. szary - velesnails","isPartOf":{"@id":"https:\/\/velesnails.pl\/#website"},"primaryImageOfPage":{"@id":"https:\/\/velesnails.pl\/product\/clavier-pilnik-do-paznokci-zeberka-lodka-manicure-180-240-1szt-szary\/#primaryimage"},"image":{"@id":"https:\/\/velesnails.pl\/product\/clavier-pilnik-do-paznokci-zeberka-lodka-manicure-180-240-1szt-szary\/#primaryimage"},"thumbnailUrl":"https:\/\/i0.wp.com\/velesnails.pl\/wp-content\/uploads\/2024\/11\/%D0%97%D0%BD%D1%96%D0%BC%D0%BE%D0%BA-%D0%B5%D0%BA%D1%80%D0%B0%D0%BD%D0%B0-2024-11-04-165022.png?fit=1025%2C853&ssl=1","datePublished":"2024-11-04T15:24:35+00:00","dateModified":"2026-01-19T17:28:00+00:00","breadcrumb":{"@id":"https:\/\/velesnails.pl\/product\/clavier-pilnik-do-paznokci-zeberka-lodka-manicure-180-240-1szt-szary\/#breadcrumb"},"inLanguage":"uk","potentialAction":[{"@type":"ReadAction","target":["https:\/\/velesnails.pl\/product\/clavier-pilnik-do-paznokci-zeberka-lodka-manicure-180-240-1szt-szary\/"]}]},{"@type":"ImageObject","inLanguage":"uk","@id":"https:\/\/velesnails.pl\/product\/clavier-pilnik-do-paznokci-zeberka-lodka-manicure-180-240-1szt-szary\/#primaryimage","url":"https:\/\/i0.wp.com\/velesnails.pl\/wp-content\/uploads\/2024\/11\/%D0%97%D0%BD%D1%96%D0%BC%D0%BE%D0%BA-%D0%B5%D0%BA%D1%80%D0%B0%D0%BD%D0%B0-2024-11-04-165022.png?fit=1025%2C853&ssl=1","contentUrl":"https:\/\/i0.wp.com\/velesnails.pl\/wp-content\/uploads\/2024\/11\/%D0%97%D0%BD%D1%96%D0%BC%D0%BE%D0%BA-%D0%B5%D0%BA%D1%80%D0%B0%D0%BD%D0%B0-2024-11-04-165022.png?fit=1025%2C853&ssl=1","width":1025,"height":853},{"@type":"BreadcrumbList","@id":"https:\/\/velesnails.pl\/product\/clavier-pilnik-do-paznokci-zeberka-lodka-manicure-180-240-1szt-szary\/#breadcrumb","itemListElement":[{"@type":"ListItem","position":1,"name":"\u0413\u043e\u043b\u043e\u0432\u043d\u0430","item":"https:\/\/velesnails.pl\/"},{"@type":"ListItem","position":2,"name":"Sklep","item":"https:\/\/velesnails.pl\/shop\/"},{"@type":"ListItem","position":3,"name":"Clavier Pilnik do paznokci ZEBERKA \u0141\u00f3dka, manicure -180\/240, 10szt. szary"}]},{"@type":"WebSite","@id":"https:\/\/velesnails.pl\/#website","url":"https:\/\/velesnails.pl\/","name":"\u0432\u0435\u043b\u0435\u0441\u043e\u0432\u0456 \u043d\u0456\u0433\u0442\u0456","description":"\u041c\u0430\u043d\u0456\u043a\u044e\u0440\u043d\u0438\u0439 \u0441\u0430\u043b\u043e\u043d","publisher":{"@id":"https:\/\/velesnails.pl\/#organization"},"potentialAction":[{"@type":"SearchAction","target":{"@type":"EntryPoint","urlTemplate":"https:\/\/velesnails.pl\/?s={search_term_string}"},"query-input":{"@type":"PropertyValueSpecification","valueRequired":true,"valueName":"search_term_string"}}],"inLanguage":"uk"},{"@type":"Organization","@id":"https:\/\/velesnails.pl\/#organization","name":"\u0432\u0435\u043b\u0435\u0441\u043e\u0432\u0456 \u043d\u0456\u0433\u0442\u0456","url":"https:\/\/velesnails.pl\/","logo":{"@type":"ImageObject","inLanguage":"uk","@id":"https:\/\/velesnails.pl\/#\/schema\/logo\/image\/","url":"https:\/\/i0.wp.com\/velesnails.pl\/wp-content\/uploads\/2025\/10\/cropped-obraz_viber_2025-10-22_13-55-55-969.jpg?fit=485%2C381&ssl=1","contentUrl":"https:\/\/i0.wp.com\/velesnails.pl\/wp-content\/uploads\/2025\/10\/cropped-obraz_viber_2025-10-22_13-55-55-969.jpg?fit=485%2C381&ssl=1","width":485,"height":381,"caption":"velesnails"},"image":{"@id":"https:\/\/velesnails.pl\/#\/schema\/logo\/image\/"}}]}},"_links":{"self":[{"href":"https:\/\/velesnails.pl\/uk\/wp-json\/wp\/v2\/product\/5421","targetHints":{"allow":["GET"]}}],"collection":[{"href":"https:\/\/velesnails.pl\/uk\/wp-json\/wp\/v2\/product"}],"about":[{"href":"https:\/\/velesnails.pl\/uk\/wp-json\/wp\/v2\/types\/product"}],"replies":[{"embeddable":true,"href":"https:\/\/velesnails.pl\/uk\/wp-json\/wp\/v2\/comments?post=5421"}],"wp:featuredmedia":[{"embeddable":true,"href":"https:\/\/velesnails.pl\/uk\/wp-json\/wp\/v2\/media\/5422"}],"wp:attachment":[{"href":"https:\/\/velesnails.pl\/uk\/wp-json\/wp\/v2\/media?parent=5421"}],"wp:term":[{"taxonomy":"product_brand","embeddable":true,"href":"https:\/\/velesnails.pl\/uk\/wp-json\/wp\/v2\/product_brand?post=5421"},{"taxonomy":"product_cat","embeddable":true,"href":"https:\/\/velesnails.pl\/uk\/wp-json\/wp\/v2\/product_cat?post=5421"},{"taxonomy":"product_tag","embeddable":true,"href":"https:\/\/velesnails.pl\/uk\/wp-json\/wp\/v2\/product_tag?post=5421"}],"curies":[{"name":"wp","href":"https:\/\/api.w.org\/{rel}","templated":true}]}}