{"id":5260,"date":"2024-10-11T16:55:03","date_gmt":"2024-10-11T13:55:03","guid":{"rendered":"https:\/\/velesnails.pl\/?post_type=product&#038;p=5260"},"modified":"2025-07-28T14:11:47","modified_gmt":"2025-07-28T11:11:47","slug":"blaszka-do-stempli-29","status":"publish","type":"product","link":"https:\/\/velesnails.pl\/uk\/product\/blaszka-do-stempli-29\/","title":{"rendered":"Blaszka do stempli 29"},"content":{"rendered":"<p><strong>Blaszka do stampingu nr 29<\/strong>\u00a0to unikalne\u00a0<strong>zdobienie do paznokci<\/strong>, kt\u00f3re wykonasz nanosz\u0105c na\u00a0p\u0142ytk\u0119\u00a0<strong>zachwycaj\u0105ce wzory manicure<\/strong>\u00a0metod\u0105 stemplow\u0105. Produkt jest dedykowany do stempla oraz\u00a0stamping \u017celi od NEONAIL. Zr\u00f3b\u00a0<strong>manicure na\u00a0lato<\/strong>, kt\u00f3rym zachwycisz \u015bwiat! Na blaszce mieszcz\u0105 si\u0119\u00a0<strong>44 wzory.\u00a0<\/strong>To<strong>\u00a0<\/strong>pi\u0119kne,\u00a0<strong>kobiece motywy<\/strong>, kt\u00f3re mocno\u00a0<strong>akcentuj\u0105 wakacyjn\u0105 beztrosk\u0119<\/strong>. Znajdziesz tutaj m.in. rozmarzone twarze, latawce czy\u00a0urocze kwiaty.<\/p>\n<p>Na ozdobienie paznokci tym sposobem potrzebujesz jedynie kilku chwil! Przy\u0142\u00f3\u017c stempel dok\u0142adnie do konkretnego wzoru, a\u00a0potem odbij, lekko go dociskaj\u0105c. Wszystkie zdobienia s\u0105\u00a0<strong>stworzone z\u00a0dba\u0142o\u015bci\u0105 o\u00a0ka\u017cdy detal<\/strong>\u00a0\u2013 naniesiesz je z\u00a0r\u00f3wnie precyzyjnym efektem za ka\u017cdym razem.<\/p>\n<p>Na blaszce znajduje si\u0119 transparentna folia, kt\u00f3ra stanowi idealn\u0105 ochron\u0119 przed zarysowaniem podczas transportu.<\/p>","protected":false},"excerpt":{"rendered":"<p>Blaszka do stampingu nr 29\u00a0to unikalne\u00a0zdobienie do paznokci, kt\u00f3re wykonasz nanosz\u0105c na\u00a0p\u0142ytk\u0119\u00a0zachwycaj\u0105ce wzory manicure\u00a0metod\u0105 stemplow\u0105. Produkt jest dedykowany do stempla oraz\u00a0stamping \u017celi od NEONAIL. Zr\u00f3b\u00a0manicure na\u00a0lato, kt\u00f3rym zachwycisz \u015bwiat! Na blaszce mieszcz\u0105 si\u0119\u00a044 wzory.\u00a0To\u00a0pi\u0119kne,\u00a0kobiece motywy, kt\u00f3re mocno\u00a0akcentuj\u0105 wakacyjn\u0105 beztrosk\u0119. Znajdziesz tutaj m.in. rozmarzone twarze, latawce czy\u00a0urocze kwiaty. Na ozdobienie paznokci tym sposobem potrzebujesz jedynie kilku [&hellip;]<\/p>\n","protected":false},"featured_media":5261,"comment_status":"closed","ping_status":"closed","template":"","meta":{"om_disable_all_campaigns":false,"ocean_post_layout":"","ocean_both_sidebars_style":"","ocean_both_sidebars_content_width":0,"ocean_both_sidebars_sidebars_width":0,"ocean_sidebar":"0","ocean_second_sidebar":"0","ocean_disable_margins":"enable","ocean_add_body_class":"","ocean_shortcode_before_top_bar":"","ocean_shortcode_after_top_bar":"","ocean_shortcode_before_header":"","ocean_shortcode_after_header":"","ocean_has_shortcode":"","ocean_shortcode_after_title":"","ocean_shortcode_before_footer_widgets":"","ocean_shortcode_after_footer_widgets":"","ocean_shortcode_before_footer_bottom":"","ocean_shortcode_after_footer_bottom":"","ocean_display_top_bar":"default","ocean_display_header":"default","ocean_header_style":"","ocean_center_header_left_menu":"0","ocean_custom_header_template":"0","ocean_custom_logo":0,"ocean_custom_retina_logo":0,"ocean_custom_logo_max_width":0,"ocean_custom_logo_tablet_max_width":0,"ocean_custom_logo_mobile_max_width":0,"ocean_custom_logo_max_height":0,"ocean_custom_logo_tablet_max_height":0,"ocean_custom_logo_mobile_max_height":0,"ocean_header_custom_menu":"0","ocean_menu_typo_font_family":"0","ocean_menu_typo_font_subset":"","ocean_menu_typo_font_size":0,"ocean_menu_typo_font_size_tablet":0,"ocean_menu_typo_font_size_mobile":0,"ocean_menu_typo_font_size_unit":"px","ocean_menu_typo_font_weight":"","ocean_menu_typo_font_weight_tablet":"","ocean_menu_typo_font_weight_mobile":"","ocean_menu_typo_transform":"","ocean_menu_typo_transform_tablet":"","ocean_menu_typo_transform_mobile":"","ocean_menu_typo_line_height":0,"ocean_menu_typo_line_height_tablet":0,"ocean_menu_typo_line_height_mobile":0,"ocean_menu_typo_line_height_unit":"","ocean_menu_typo_spacing":0,"ocean_menu_typo_spacing_tablet":0,"ocean_menu_typo_spacing_mobile":0,"ocean_menu_typo_spacing_unit":"","ocean_menu_link_color":"","ocean_menu_link_color_hover":"","ocean_menu_link_color_active":"","ocean_menu_link_background":"","ocean_menu_link_hover_background":"","ocean_menu_link_active_background":"","ocean_menu_social_links_bg":"","ocean_menu_social_hover_links_bg":"","ocean_menu_social_links_color":"","ocean_menu_social_hover_links_color":"","ocean_disable_title":"default","ocean_disable_heading":"default","ocean_post_title":"","ocean_post_subheading":"","ocean_post_title_style":"","ocean_post_title_background_color":"","ocean_post_title_background":0,"ocean_post_title_bg_image_position":"","ocean_post_title_bg_image_attachment":"","ocean_post_title_bg_image_repeat":"","ocean_post_title_bg_image_size":"","ocean_post_title_height":0,"ocean_post_title_bg_overlay":0.5,"ocean_post_title_bg_overlay_color":"","ocean_disable_breadcrumbs":"default","ocean_breadcrumbs_color":"","ocean_breadcrumbs_separator_color":"","ocean_breadcrumbs_links_color":"","ocean_breadcrumbs_links_hover_color":"","ocean_display_footer_widgets":"default","ocean_display_footer_bottom":"default","ocean_custom_footer_template":"0"},"product_brand":[],"product_cat":[176,125,193,110,129],"product_tag":[],"class_list":{"0":"post-5260","1":"product","2":"type-product","3":"status-publish","4":"has-post-thumbnail","6":"product_cat-marki","7":"product_cat-nail-art","8":"product_cat-neonails-1","9":"product_cat-paznokcie","10":"product_cat-stamping","12":"entry","13":"has-media","15":"first","16":"outofstock","17":"taxable","18":"shipping-taxable","19":"purchasable","20":"product-type-simple","21":"has-product-nav","22":"col","23":"span_1_of_3","24":"owp-content-center","25":"owp-thumbs-layout-horizontal","26":"owp-btn-normal","27":"owp-tabs-layout-horizontal"},"yoast_head":"<!-- This site is optimized with the Yoast SEO plugin v27.6 - https:\/\/yoast.com\/product\/yoast-seo-wordpress\/ -->\n<title>Blaszka do stempli 29 - velesnails<\/title>\n<meta name=\"robots\" content=\"index, follow, max-snippet:-1, max-image-preview:large, max-video-preview:-1\" \/>\n<link rel=\"canonical\" href=\"https:\/\/velesnails.pl\/uk\/product\/blaszka-do-stempli-29\/\" \/>\n<meta property=\"og:locale\" content=\"uk_UA\" \/>\n<meta property=\"og:type\" content=\"article\" \/>\n<meta property=\"og:title\" content=\"Blaszka do stempli 29 - velesnails\" \/>\n<meta property=\"og:description\" content=\"Blaszka do stampingu nr 29\u00a0to unikalne\u00a0zdobienie do paznokci, kt\u00f3re wykonasz nanosz\u0105c na\u00a0p\u0142ytk\u0119\u00a0zachwycaj\u0105ce wzory manicure\u00a0metod\u0105 stemplow\u0105. Produkt jest dedykowany do stempla oraz\u00a0stamping \u017celi od NEONAIL. Zr\u00f3b\u00a0manicure na\u00a0lato, kt\u00f3rym zachwycisz \u015bwiat! Na blaszce mieszcz\u0105 si\u0119\u00a044 wzory.\u00a0To\u00a0pi\u0119kne,\u00a0kobiece motywy, kt\u00f3re mocno\u00a0akcentuj\u0105 wakacyjn\u0105 beztrosk\u0119. Znajdziesz tutaj m.in. rozmarzone twarze, latawce czy\u00a0urocze kwiaty. Na ozdobienie paznokci tym sposobem potrzebujesz jedynie kilku [&hellip;]\" \/>\n<meta property=\"og:url\" content=\"https:\/\/velesnails.pl\/uk\/product\/blaszka-do-stempli-29\/\" \/>\n<meta property=\"og:site_name\" content=\"velesnails\" \/>\n<meta property=\"article:modified_time\" content=\"2025-07-28T11:11:47+00:00\" \/>\n<meta property=\"og:image\" content=\"https:\/\/i0.wp.com\/velesnails.pl\/wp-content\/uploads\/2024\/10\/%D0%97%D0%BD%D1%96%D0%BC%D0%BE%D0%BA-%D0%B5%D0%BA%D1%80%D0%B0%D0%BD%D0%B0-2024-10-11-155629.png?fit=876%2C884&ssl=1\" \/>\n\t<meta property=\"og:image:width\" content=\"876\" \/>\n\t<meta property=\"og:image:height\" content=\"884\" \/>\n\t<meta property=\"og:image:type\" content=\"image\/png\" \/>\n<meta name=\"twitter:card\" content=\"summary_large_image\" \/>\n<meta name=\"twitter:label1\" content=\"\u041f\u0440\u0438\u0431\u043b. \u0447\u0430\u0441 \u0447\u0438\u0442\u0430\u043d\u043d\u044f\" \/>\n\t<meta name=\"twitter:data1\" content=\"1 \u0445\u0432\u0438\u043b\u0438\u043d\u0430\" \/>\n<script type=\"application\/ld+json\" class=\"yoast-schema-graph\">{\"@context\":\"https:\\\/\\\/schema.org\",\"@graph\":[{\"@type\":\"WebPage\",\"@id\":\"https:\\\/\\\/velesnails.pl\\\/product\\\/blaszka-do-stempli-29\\\/\",\"url\":\"https:\\\/\\\/velesnails.pl\\\/product\\\/blaszka-do-stempli-29\\\/\",\"name\":\"Blaszka do stempli 29 - velesnails\",\"isPartOf\":{\"@id\":\"https:\\\/\\\/velesnails.pl\\\/#website\"},\"primaryImageOfPage\":{\"@id\":\"https:\\\/\\\/velesnails.pl\\\/product\\\/blaszka-do-stempli-29\\\/#primaryimage\"},\"image\":{\"@id\":\"https:\\\/\\\/velesnails.pl\\\/product\\\/blaszka-do-stempli-29\\\/#primaryimage\"},\"thumbnailUrl\":\"https:\\\/\\\/i0.wp.com\\\/velesnails.pl\\\/wp-content\\\/uploads\\\/2024\\\/10\\\/%D0%97%D0%BD%D1%96%D0%BC%D0%BE%D0%BA-%D0%B5%D0%BA%D1%80%D0%B0%D0%BD%D0%B0-2024-10-11-155629.png?fit=876%2C884&ssl=1\",\"datePublished\":\"2024-10-11T13:55:03+00:00\",\"dateModified\":\"2025-07-28T11:11:47+00:00\",\"breadcrumb\":{\"@id\":\"https:\\\/\\\/velesnails.pl\\\/product\\\/blaszka-do-stempli-29\\\/#breadcrumb\"},\"inLanguage\":\"uk\",\"potentialAction\":[{\"@type\":\"ReadAction\",\"target\":[\"https:\\\/\\\/velesnails.pl\\\/product\\\/blaszka-do-stempli-29\\\/\"]}]},{\"@type\":\"ImageObject\",\"inLanguage\":\"uk\",\"@id\":\"https:\\\/\\\/velesnails.pl\\\/product\\\/blaszka-do-stempli-29\\\/#primaryimage\",\"url\":\"https:\\\/\\\/i0.wp.com\\\/velesnails.pl\\\/wp-content\\\/uploads\\\/2024\\\/10\\\/%D0%97%D0%BD%D1%96%D0%BC%D0%BE%D0%BA-%D0%B5%D0%BA%D1%80%D0%B0%D0%BD%D0%B0-2024-10-11-155629.png?fit=876%2C884&ssl=1\",\"contentUrl\":\"https:\\\/\\\/i0.wp.com\\\/velesnails.pl\\\/wp-content\\\/uploads\\\/2024\\\/10\\\/%D0%97%D0%BD%D1%96%D0%BC%D0%BE%D0%BA-%D0%B5%D0%BA%D1%80%D0%B0%D0%BD%D0%B0-2024-10-11-155629.png?fit=876%2C884&ssl=1\",\"width\":876,\"height\":884},{\"@type\":\"BreadcrumbList\",\"@id\":\"https:\\\/\\\/velesnails.pl\\\/product\\\/blaszka-do-stempli-29\\\/#breadcrumb\",\"itemListElement\":[{\"@type\":\"ListItem\",\"position\":1,\"name\":\"\u0413\u043e\u043b\u043e\u0432\u043d\u0430\",\"item\":\"https:\\\/\\\/velesnails.pl\\\/\"},{\"@type\":\"ListItem\",\"position\":2,\"name\":\"Sklep\",\"item\":\"https:\\\/\\\/velesnails.pl\\\/shop\\\/\"},{\"@type\":\"ListItem\",\"position\":3,\"name\":\"Blaszka do stempli 29\"}]},{\"@type\":\"WebSite\",\"@id\":\"https:\\\/\\\/velesnails.pl\\\/#website\",\"url\":\"https:\\\/\\\/velesnails.pl\\\/\",\"name\":\"velesnails\",\"description\":\"Sklep z manicure\",\"publisher\":{\"@id\":\"https:\\\/\\\/velesnails.pl\\\/#organization\"},\"potentialAction\":[{\"@type\":\"SearchAction\",\"target\":{\"@type\":\"EntryPoint\",\"urlTemplate\":\"https:\\\/\\\/velesnails.pl\\\/?s={search_term_string}\"},\"query-input\":{\"@type\":\"PropertyValueSpecification\",\"valueRequired\":true,\"valueName\":\"search_term_string\"}}],\"inLanguage\":\"uk\"},{\"@type\":\"Organization\",\"@id\":\"https:\\\/\\\/velesnails.pl\\\/#organization\",\"name\":\"velesnails\",\"url\":\"https:\\\/\\\/velesnails.pl\\\/\",\"logo\":{\"@type\":\"ImageObject\",\"inLanguage\":\"uk\",\"@id\":\"https:\\\/\\\/velesnails.pl\\\/#\\\/schema\\\/logo\\\/image\\\/\",\"url\":\"https:\\\/\\\/i0.wp.com\\\/velesnails.pl\\\/wp-content\\\/uploads\\\/2025\\\/10\\\/cropped-obraz_viber_2025-10-22_13-55-55-969.jpg?fit=485%2C381&ssl=1\",\"contentUrl\":\"https:\\\/\\\/i0.wp.com\\\/velesnails.pl\\\/wp-content\\\/uploads\\\/2025\\\/10\\\/cropped-obraz_viber_2025-10-22_13-55-55-969.jpg?fit=485%2C381&ssl=1\",\"width\":485,\"height\":381,\"caption\":\"velesnails\"},\"image\":{\"@id\":\"https:\\\/\\\/velesnails.pl\\\/#\\\/schema\\\/logo\\\/image\\\/\"}}]}<\/script>\n<!-- \/ Yoast SEO plugin. -->","yoast_head_json":{"title":"Blaszka do stempli 29 - velesnails","robots":{"index":"index","follow":"follow","max-snippet":"max-snippet:-1","max-image-preview":"max-image-preview:large","max-video-preview":"max-video-preview:-1"},"canonical":"https:\/\/velesnails.pl\/uk\/product\/blaszka-do-stempli-29\/","og_locale":"uk_UA","og_type":"article","og_title":"Blaszka do stempli 29 - velesnails","og_description":"Blaszka do stampingu nr 29\u00a0to unikalne\u00a0zdobienie do paznokci, kt\u00f3re wykonasz nanosz\u0105c na\u00a0p\u0142ytk\u0119\u00a0zachwycaj\u0105ce wzory manicure\u00a0metod\u0105 stemplow\u0105. Produkt jest dedykowany do stempla oraz\u00a0stamping \u017celi od NEONAIL. Zr\u00f3b\u00a0manicure na\u00a0lato, kt\u00f3rym zachwycisz \u015bwiat! Na blaszce mieszcz\u0105 si\u0119\u00a044 wzory.\u00a0To\u00a0pi\u0119kne,\u00a0kobiece motywy, kt\u00f3re mocno\u00a0akcentuj\u0105 wakacyjn\u0105 beztrosk\u0119. Znajdziesz tutaj m.in. rozmarzone twarze, latawce czy\u00a0urocze kwiaty. Na ozdobienie paznokci tym sposobem potrzebujesz jedynie kilku [&hellip;]","og_url":"https:\/\/velesnails.pl\/uk\/product\/blaszka-do-stempli-29\/","og_site_name":"velesnails","article_modified_time":"2025-07-28T11:11:47+00:00","og_image":[{"width":876,"height":884,"url":"https:\/\/i0.wp.com\/velesnails.pl\/wp-content\/uploads\/2024\/10\/%D0%97%D0%BD%D1%96%D0%BC%D0%BE%D0%BA-%D0%B5%D0%BA%D1%80%D0%B0%D0%BD%D0%B0-2024-10-11-155629.png?fit=876%2C884&ssl=1","type":"image\/png"}],"twitter_card":"summary_large_image","twitter_misc":{"\u041f\u0440\u0438\u0431\u043b. \u0447\u0430\u0441 \u0447\u0438\u0442\u0430\u043d\u043d\u044f":"1 \u0445\u0432\u0438\u043b\u0438\u043d\u0430"},"schema":{"@context":"https:\/\/schema.org","@graph":[{"@type":"WebPage","@id":"https:\/\/velesnails.pl\/product\/blaszka-do-stempli-29\/","url":"https:\/\/velesnails.pl\/product\/blaszka-do-stempli-29\/","name":"Blaszka do stempli 29 - velesnails","isPartOf":{"@id":"https:\/\/velesnails.pl\/#website"},"primaryImageOfPage":{"@id":"https:\/\/velesnails.pl\/product\/blaszka-do-stempli-29\/#primaryimage"},"image":{"@id":"https:\/\/velesnails.pl\/product\/blaszka-do-stempli-29\/#primaryimage"},"thumbnailUrl":"https:\/\/i0.wp.com\/velesnails.pl\/wp-content\/uploads\/2024\/10\/%D0%97%D0%BD%D1%96%D0%BC%D0%BE%D0%BA-%D0%B5%D0%BA%D1%80%D0%B0%D0%BD%D0%B0-2024-10-11-155629.png?fit=876%2C884&ssl=1","datePublished":"2024-10-11T13:55:03+00:00","dateModified":"2025-07-28T11:11:47+00:00","breadcrumb":{"@id":"https:\/\/velesnails.pl\/product\/blaszka-do-stempli-29\/#breadcrumb"},"inLanguage":"uk","potentialAction":[{"@type":"ReadAction","target":["https:\/\/velesnails.pl\/product\/blaszka-do-stempli-29\/"]}]},{"@type":"ImageObject","inLanguage":"uk","@id":"https:\/\/velesnails.pl\/product\/blaszka-do-stempli-29\/#primaryimage","url":"https:\/\/i0.wp.com\/velesnails.pl\/wp-content\/uploads\/2024\/10\/%D0%97%D0%BD%D1%96%D0%BC%D0%BE%D0%BA-%D0%B5%D0%BA%D1%80%D0%B0%D0%BD%D0%B0-2024-10-11-155629.png?fit=876%2C884&ssl=1","contentUrl":"https:\/\/i0.wp.com\/velesnails.pl\/wp-content\/uploads\/2024\/10\/%D0%97%D0%BD%D1%96%D0%BC%D0%BE%D0%BA-%D0%B5%D0%BA%D1%80%D0%B0%D0%BD%D0%B0-2024-10-11-155629.png?fit=876%2C884&ssl=1","width":876,"height":884},{"@type":"BreadcrumbList","@id":"https:\/\/velesnails.pl\/product\/blaszka-do-stempli-29\/#breadcrumb","itemListElement":[{"@type":"ListItem","position":1,"name":"\u0413\u043e\u043b\u043e\u0432\u043d\u0430","item":"https:\/\/velesnails.pl\/"},{"@type":"ListItem","position":2,"name":"Sklep","item":"https:\/\/velesnails.pl\/shop\/"},{"@type":"ListItem","position":3,"name":"Blaszka do stempli 29"}]},{"@type":"WebSite","@id":"https:\/\/velesnails.pl\/#website","url":"https:\/\/velesnails.pl\/","name":"\u0432\u0435\u043b\u0435\u0441\u043e\u0432\u0456 \u043d\u0456\u0433\u0442\u0456","description":"\u041c\u0430\u043d\u0456\u043a\u044e\u0440\u043d\u0438\u0439 \u0441\u0430\u043b\u043e\u043d","publisher":{"@id":"https:\/\/velesnails.pl\/#organization"},"potentialAction":[{"@type":"SearchAction","target":{"@type":"EntryPoint","urlTemplate":"https:\/\/velesnails.pl\/?s={search_term_string}"},"query-input":{"@type":"PropertyValueSpecification","valueRequired":true,"valueName":"search_term_string"}}],"inLanguage":"uk"},{"@type":"Organization","@id":"https:\/\/velesnails.pl\/#organization","name":"\u0432\u0435\u043b\u0435\u0441\u043e\u0432\u0456 \u043d\u0456\u0433\u0442\u0456","url":"https:\/\/velesnails.pl\/","logo":{"@type":"ImageObject","inLanguage":"uk","@id":"https:\/\/velesnails.pl\/#\/schema\/logo\/image\/","url":"https:\/\/i0.wp.com\/velesnails.pl\/wp-content\/uploads\/2025\/10\/cropped-obraz_viber_2025-10-22_13-55-55-969.jpg?fit=485%2C381&ssl=1","contentUrl":"https:\/\/i0.wp.com\/velesnails.pl\/wp-content\/uploads\/2025\/10\/cropped-obraz_viber_2025-10-22_13-55-55-969.jpg?fit=485%2C381&ssl=1","width":485,"height":381,"caption":"velesnails"},"image":{"@id":"https:\/\/velesnails.pl\/#\/schema\/logo\/image\/"}}]}},"_links":{"self":[{"href":"https:\/\/velesnails.pl\/uk\/wp-json\/wp\/v2\/product\/5260","targetHints":{"allow":["GET"]}}],"collection":[{"href":"https:\/\/velesnails.pl\/uk\/wp-json\/wp\/v2\/product"}],"about":[{"href":"https:\/\/velesnails.pl\/uk\/wp-json\/wp\/v2\/types\/product"}],"replies":[{"embeddable":true,"href":"https:\/\/velesnails.pl\/uk\/wp-json\/wp\/v2\/comments?post=5260"}],"wp:featuredmedia":[{"embeddable":true,"href":"https:\/\/velesnails.pl\/uk\/wp-json\/wp\/v2\/media\/5261"}],"wp:attachment":[{"href":"https:\/\/velesnails.pl\/uk\/wp-json\/wp\/v2\/media?parent=5260"}],"wp:term":[{"taxonomy":"product_brand","embeddable":true,"href":"https:\/\/velesnails.pl\/uk\/wp-json\/wp\/v2\/product_brand?post=5260"},{"taxonomy":"product_cat","embeddable":true,"href":"https:\/\/velesnails.pl\/uk\/wp-json\/wp\/v2\/product_cat?post=5260"},{"taxonomy":"product_tag","embeddable":true,"href":"https:\/\/velesnails.pl\/uk\/wp-json\/wp\/v2\/product_tag?post=5260"}],"curies":[{"name":"wp","href":"https:\/\/api.w.org\/{rel}","templated":true}]}}