{"id":5241,"date":"2024-10-11T15:54:14","date_gmt":"2024-10-11T12:54:14","guid":{"rendered":"https:\/\/velesnails.pl\/?post_type=product&#038;p=5241"},"modified":"2025-10-27T14:24:55","modified_gmt":"2025-10-27T11:24:55","slug":"3w1-lakier-hybrydowy-simple-72-g-euphoric","status":"publish","type":"product","link":"https:\/\/velesnails.pl\/uk\/product\/3w1-lakier-hybrydowy-simple-72-g-euphoric\/","title":{"rendered":"3w1 Lakier Hybrydowy SIMPLE 7,2 g &#8211; Euphoric"},"content":{"rendered":"<div class=\"product-textcontent\">\n<p><strong>3w1 Lakier Hybrydowy SIMPLE 7,2 g &#8211; EUPHORIC\u00a0<\/strong>Szukasz\u00a0<strong>wyrazistego, nasyconego koloru<\/strong>, kt\u00f3ry m\u00f3g\u0142by zdobi\u0107 Twoje paznokcie? Odkryj r\u00f3\u017cowy odcie\u0144\u00a0<strong>Euphoric<\/strong>\u00a0i\u00a0zakochaj si\u0119 w\u00a0jego niepowtarzalnej barwie! Za co j\u0105 pokochasz? Przede wszystkim za mo\u017cliwo\u015b\u0107 wykonania\u00a0<strong>manicure ju\u017c w\u00a020 minut!<\/strong><\/p>\n<p>Lakiery hybrydowe z\u00a0serii SIMPLE nie wymagaj\u0105 u\u017cycia bazy oraz\u00a0topu wyko\u0144czeniowego, dlatego\u00a0wystarczy na\u0142o\u017cy\u0107 sam kolor i\u00a0utwardzi\u0107 go w\u00a0lampie. Intensywny r\u00f3\u017c\u00a0<strong>Euphoric\u00a0<\/strong>to idealna propozycja dla odwa\u017cnych i\u00a0bezkompromisowych kobiet, kt\u00f3re lubi\u0105 za pomoc\u0105 stylizacji podkre\u015bla\u0107 sw\u00f3j charakter.<\/p>\n<p>Postaw na\u00a0wyrazisty, nasycony r\u00f3\u017c\u00a0<strong>Euphoric\u00a0<\/strong>i poka\u017c \u015bwiatu, jaka jeste\u015b!<\/p>\n<p>&nbsp;<\/p>\n<\/div>\n<p style=\"font-weight: 400;\"><strong>SIMPLE 3w1: mocne strony:<\/strong><\/p>\n<p style=\"font-weight: 400;\"><strong>\u2705 3w1: baza, kolor, top w\u00a01 butelce,<\/strong><\/p>\n<p style=\"font-weight: 400;\"><strong>\u2705 wzbogacony o\u00a0proteiny jedwabiu, kt\u00f3re zabezpiecz\u0105 twoj\u0105 p\u0142ytk\u0119,<\/strong><\/p>\n<p>\u2705 trwa\u0142o\u015b\u0107 a\u017c do 14 dni,<\/p>\n<p><strong>\u2705 szybka aplikacja w\u00a020 minut &#8211; tylko 2 warstwy i\u00a0gotowe!<\/strong><\/p>\n<p>&nbsp;<\/p>\n<p>PEG-3 TRIMETHYLOLPROPANE TRIACRYLATE, ALIPHATIC URETHANE ACRYLATE, BIS-(HEMA\/ETHYLHEXYL) POLY(1,4-BUTANEDIOL)-9\/TMDI\/IPDI COPOLYMER, PENTAERYTHRITYL TETRAMERCAPTOPROPIONATE, BIS-HEA POLY(HEXAMETHYLENE\/METHYLPENTYLENE CARBONATE)\/IPDI COPOLYMER, BIS(GLYCERYL DIMETHACRYLATE) PYROMELLITATE, HEMA, HYDROXYCYCLOHEXYL PHENYL KETONE, TRIMETHYLBENZOYL DIPHENYLPHOSPHINE OXIDE, ISOBORNYL METHACRYLATE, SILICA DIMETHYL SILYLATE, GLYCERYL DIMETHACRYLATE, CELLULOSE ACETATE BUTYRATE, ISOSTEARIC ACID, ISOSTEAROYL HYDROLYZED SILK, P-HYDROXYANISOLE, BHT, +\/- CI 77491, CI 77492, CI 77499, CI 77891, CI 77289, CI 15850, CI 77742, CI 19140, CI 15985.&#8221;<\/p>\n<p>Tylko do u\u017cytku profesjonalnego. Prosz\u0119 uwa\u017cnie przeczyta\u0107 spos\u00f3b u\u017cycia. Unika\u0107 kontaktu ze sk\u00f3r\u0105. Unika\u0107 kontaktu z oczami. Mo\u017ce powodowa\u0107 reakcj\u0119 alergiczn\u0105. Zaprzesta\u0107 stosowania przy wyst\u0105pieniu podra\u017cnienia. Przechowywa\u0107 z dala od dzieci.<\/p>\n<p>W przypadku wyst\u0105pienia niepokoj\u0105cych objaw\u00f3w zaprzesta\u0107 stosowania i niezw\u0142ocznie usun\u0105\u0107 produkt z p\u0142ytki paznokcia.<\/p>","protected":false},"excerpt":{"rendered":"<p>3w1 Lakier Hybrydowy SIMPLE 7,2 g &#8211; EUPHORIC\u00a0Szukasz\u00a0wyrazistego, nasyconego koloru, kt\u00f3ry m\u00f3g\u0142by zdobi\u0107 Twoje paznokcie? Odkryj r\u00f3\u017cowy odcie\u0144\u00a0Euphoric\u00a0i\u00a0zakochaj si\u0119 w\u00a0jego niepowtarzalnej barwie! Za co j\u0105 pokochasz? Przede wszystkim za mo\u017cliwo\u015b\u0107 wykonania\u00a0manicure ju\u017c w\u00a020 minut! Lakiery hybrydowe z\u00a0serii SIMPLE nie wymagaj\u0105 u\u017cycia bazy oraz\u00a0topu wyko\u0144czeniowego, dlatego\u00a0wystarczy na\u0142o\u017cy\u0107 sam kolor i\u00a0utwardzi\u0107 go w\u00a0lampie. Intensywny r\u00f3\u017c\u00a0Euphoric\u00a0to idealna propozycja [&hellip;]<\/p>\n","protected":false},"featured_media":5242,"comment_status":"closed","ping_status":"closed","template":"","meta":{"om_disable_all_campaigns":false,"ocean_post_layout":"","ocean_both_sidebars_style":"","ocean_both_sidebars_content_width":0,"ocean_both_sidebars_sidebars_width":0,"ocean_sidebar":"0","ocean_second_sidebar":"0","ocean_disable_margins":"enable","ocean_add_body_class":"","ocean_shortcode_before_top_bar":"","ocean_shortcode_after_top_bar":"","ocean_shortcode_before_header":"","ocean_shortcode_after_header":"","ocean_has_shortcode":"","ocean_shortcode_after_title":"","ocean_shortcode_before_footer_widgets":"","ocean_shortcode_after_footer_widgets":"","ocean_shortcode_before_footer_bottom":"","ocean_shortcode_after_footer_bottom":"","ocean_display_top_bar":"default","ocean_display_header":"default","ocean_header_style":"","ocean_center_header_left_menu":"0","ocean_custom_header_template":"0","ocean_custom_logo":0,"ocean_custom_retina_logo":0,"ocean_custom_logo_max_width":0,"ocean_custom_logo_tablet_max_width":0,"ocean_custom_logo_mobile_max_width":0,"ocean_custom_logo_max_height":0,"ocean_custom_logo_tablet_max_height":0,"ocean_custom_logo_mobile_max_height":0,"ocean_header_custom_menu":"0","ocean_menu_typo_font_family":"0","ocean_menu_typo_font_subset":"","ocean_menu_typo_font_size":0,"ocean_menu_typo_font_size_tablet":0,"ocean_menu_typo_font_size_mobile":0,"ocean_menu_typo_font_size_unit":"px","ocean_menu_typo_font_weight":"","ocean_menu_typo_font_weight_tablet":"","ocean_menu_typo_font_weight_mobile":"","ocean_menu_typo_transform":"","ocean_menu_typo_transform_tablet":"","ocean_menu_typo_transform_mobile":"","ocean_menu_typo_line_height":0,"ocean_menu_typo_line_height_tablet":0,"ocean_menu_typo_line_height_mobile":0,"ocean_menu_typo_line_height_unit":"","ocean_menu_typo_spacing":0,"ocean_menu_typo_spacing_tablet":0,"ocean_menu_typo_spacing_mobile":0,"ocean_menu_typo_spacing_unit":"","ocean_menu_link_color":"","ocean_menu_link_color_hover":"","ocean_menu_link_color_active":"","ocean_menu_link_background":"","ocean_menu_link_hover_background":"","ocean_menu_link_active_background":"","ocean_menu_social_links_bg":"","ocean_menu_social_hover_links_bg":"","ocean_menu_social_links_color":"","ocean_menu_social_hover_links_color":"","ocean_disable_title":"default","ocean_disable_heading":"default","ocean_post_title":"","ocean_post_subheading":"","ocean_post_title_style":"","ocean_post_title_background_color":"","ocean_post_title_background":0,"ocean_post_title_bg_image_position":"","ocean_post_title_bg_image_attachment":"","ocean_post_title_bg_image_repeat":"","ocean_post_title_bg_image_size":"","ocean_post_title_height":0,"ocean_post_title_bg_overlay":0.5,"ocean_post_title_bg_overlay_color":"","ocean_disable_breadcrumbs":"default","ocean_breadcrumbs_color":"","ocean_breadcrumbs_separator_color":"","ocean_breadcrumbs_links_color":"","ocean_breadcrumbs_links_hover_color":"","ocean_display_footer_widgets":"default","ocean_display_footer_bottom":"default","ocean_custom_footer_template":"0"},"product_brand":[],"product_cat":[111,176,117,193,110],"product_tag":[],"class_list":{"0":"post-5241","1":"product","2":"type-product","3":"status-publish","4":"has-post-thumbnail","6":"product_cat-lakiery-hybrydowe","7":"product_cat-marki","8":"product_cat-neonail","9":"product_cat-neonails-1","10":"product_cat-paznokcie","12":"entry","13":"has-media","15":"first","16":"outofstock","17":"sale","18":"taxable","19":"shipping-taxable","20":"purchasable","21":"product-type-simple","22":"has-product-nav","23":"col","24":"span_1_of_3","25":"owp-content-center","26":"owp-thumbs-layout-horizontal","27":"owp-btn-normal","28":"owp-tabs-layout-horizontal","29":"has-no-thumbnails"},"yoast_head":"<!-- This site is optimized with the Yoast SEO plugin v27.5 - https:\/\/yoast.com\/product\/yoast-seo-wordpress\/ -->\n<title>3w1 Lakier Hybrydowy SIMPLE 7,2 g - Euphoric - velesnails<\/title>\n<meta name=\"robots\" content=\"index, follow, max-snippet:-1, max-image-preview:large, max-video-preview:-1\" \/>\n<link rel=\"canonical\" href=\"https:\/\/velesnails.pl\/uk\/product\/3w1-lakier-hybrydowy-simple-72-g-euphoric\/\" \/>\n<meta property=\"og:locale\" content=\"uk_UA\" \/>\n<meta property=\"og:type\" content=\"article\" \/>\n<meta property=\"og:title\" content=\"3w1 Lakier Hybrydowy SIMPLE 7,2 g - Euphoric - velesnails\" \/>\n<meta property=\"og:description\" content=\"3w1 Lakier Hybrydowy SIMPLE 7,2 g &#8211; EUPHORIC\u00a0Szukasz\u00a0wyrazistego, nasyconego koloru, kt\u00f3ry m\u00f3g\u0142by zdobi\u0107 Twoje paznokcie? Odkryj r\u00f3\u017cowy odcie\u0144\u00a0Euphoric\u00a0i\u00a0zakochaj si\u0119 w\u00a0jego niepowtarzalnej barwie! Za co j\u0105 pokochasz? Przede wszystkim za mo\u017cliwo\u015b\u0107 wykonania\u00a0manicure ju\u017c w\u00a020 minut! Lakiery hybrydowe z\u00a0serii SIMPLE nie wymagaj\u0105 u\u017cycia bazy oraz\u00a0topu wyko\u0144czeniowego, dlatego\u00a0wystarczy na\u0142o\u017cy\u0107 sam kolor i\u00a0utwardzi\u0107 go w\u00a0lampie. Intensywny r\u00f3\u017c\u00a0Euphoric\u00a0to idealna propozycja [&hellip;]\" \/>\n<meta property=\"og:url\" content=\"https:\/\/velesnails.pl\/uk\/product\/3w1-lakier-hybrydowy-simple-72-g-euphoric\/\" \/>\n<meta property=\"og:site_name\" content=\"velesnails\" \/>\n<meta property=\"article:modified_time\" content=\"2025-10-27T11:24:55+00:00\" \/>\n<meta property=\"og:image\" content=\"https:\/\/velesnails.pl\/wp-content\/uploads\/2024\/10\/\u0417\u043d\u0456\u043c\u043e\u043a-\u0435\u043a\u0440\u0430\u043d\u0430-2024-10-11-145515.png\" \/>\n\t<meta property=\"og:image:width\" content=\"781\" \/>\n\t<meta property=\"og:image:height\" content=\"571\" \/>\n\t<meta property=\"og:image:type\" content=\"image\/png\" \/>\n<meta name=\"twitter:card\" content=\"summary_large_image\" \/>\n<meta name=\"twitter:label1\" content=\"\u041f\u0440\u0438\u0431\u043b. \u0447\u0430\u0441 \u0447\u0438\u0442\u0430\u043d\u043d\u044f\" \/>\n\t<meta name=\"twitter:data1\" content=\"1 \u0445\u0432\u0438\u043b\u0438\u043d\u0430\" \/>\n<script type=\"application\/ld+json\" class=\"yoast-schema-graph\">{\"@context\":\"https:\\\/\\\/schema.org\",\"@graph\":[{\"@type\":\"WebPage\",\"@id\":\"https:\\\/\\\/velesnails.pl\\\/product\\\/3w1-lakier-hybrydowy-simple-72-g-euphoric\\\/\",\"url\":\"https:\\\/\\\/velesnails.pl\\\/product\\\/3w1-lakier-hybrydowy-simple-72-g-euphoric\\\/\",\"name\":\"3w1 Lakier Hybrydowy SIMPLE 7,2 g - Euphoric - velesnails\",\"isPartOf\":{\"@id\":\"https:\\\/\\\/velesnails.pl\\\/#website\"},\"primaryImageOfPage\":{\"@id\":\"https:\\\/\\\/velesnails.pl\\\/product\\\/3w1-lakier-hybrydowy-simple-72-g-euphoric\\\/#primaryimage\"},\"image\":{\"@id\":\"https:\\\/\\\/velesnails.pl\\\/product\\\/3w1-lakier-hybrydowy-simple-72-g-euphoric\\\/#primaryimage\"},\"thumbnailUrl\":\"https:\\\/\\\/i0.wp.com\\\/velesnails.pl\\\/wp-content\\\/uploads\\\/2024\\\/10\\\/%D0%97%D0%BD%D1%96%D0%BC%D0%BE%D0%BA-%D0%B5%D0%BA%D1%80%D0%B0%D0%BD%D0%B0-2024-10-11-145515.png?fit=781%2C571&ssl=1\",\"datePublished\":\"2024-10-11T12:54:14+00:00\",\"dateModified\":\"2025-10-27T11:24:55+00:00\",\"breadcrumb\":{\"@id\":\"https:\\\/\\\/velesnails.pl\\\/product\\\/3w1-lakier-hybrydowy-simple-72-g-euphoric\\\/#breadcrumb\"},\"inLanguage\":\"uk\",\"potentialAction\":[{\"@type\":\"ReadAction\",\"target\":[\"https:\\\/\\\/velesnails.pl\\\/product\\\/3w1-lakier-hybrydowy-simple-72-g-euphoric\\\/\"]}]},{\"@type\":\"ImageObject\",\"inLanguage\":\"uk\",\"@id\":\"https:\\\/\\\/velesnails.pl\\\/product\\\/3w1-lakier-hybrydowy-simple-72-g-euphoric\\\/#primaryimage\",\"url\":\"https:\\\/\\\/i0.wp.com\\\/velesnails.pl\\\/wp-content\\\/uploads\\\/2024\\\/10\\\/%D0%97%D0%BD%D1%96%D0%BC%D0%BE%D0%BA-%D0%B5%D0%BA%D1%80%D0%B0%D0%BD%D0%B0-2024-10-11-145515.png?fit=781%2C571&ssl=1\",\"contentUrl\":\"https:\\\/\\\/i0.wp.com\\\/velesnails.pl\\\/wp-content\\\/uploads\\\/2024\\\/10\\\/%D0%97%D0%BD%D1%96%D0%BC%D0%BE%D0%BA-%D0%B5%D0%BA%D1%80%D0%B0%D0%BD%D0%B0-2024-10-11-145515.png?fit=781%2C571&ssl=1\",\"width\":781,\"height\":571},{\"@type\":\"BreadcrumbList\",\"@id\":\"https:\\\/\\\/velesnails.pl\\\/product\\\/3w1-lakier-hybrydowy-simple-72-g-euphoric\\\/#breadcrumb\",\"itemListElement\":[{\"@type\":\"ListItem\",\"position\":1,\"name\":\"\u0413\u043e\u043b\u043e\u0432\u043d\u0430\",\"item\":\"https:\\\/\\\/velesnails.pl\\\/\"},{\"@type\":\"ListItem\",\"position\":2,\"name\":\"Sklep\",\"item\":\"https:\\\/\\\/velesnails.pl\\\/shop\\\/\"},{\"@type\":\"ListItem\",\"position\":3,\"name\":\"3w1 Lakier Hybrydowy SIMPLE 7,2 g &#8211; Euphoric\"}]},{\"@type\":\"WebSite\",\"@id\":\"https:\\\/\\\/velesnails.pl\\\/#website\",\"url\":\"https:\\\/\\\/velesnails.pl\\\/\",\"name\":\"velesnails\",\"description\":\"Sklep z manicure\",\"publisher\":{\"@id\":\"https:\\\/\\\/velesnails.pl\\\/#organization\"},\"potentialAction\":[{\"@type\":\"SearchAction\",\"target\":{\"@type\":\"EntryPoint\",\"urlTemplate\":\"https:\\\/\\\/velesnails.pl\\\/?s={search_term_string}\"},\"query-input\":{\"@type\":\"PropertyValueSpecification\",\"valueRequired\":true,\"valueName\":\"search_term_string\"}}],\"inLanguage\":\"uk\"},{\"@type\":\"Organization\",\"@id\":\"https:\\\/\\\/velesnails.pl\\\/#organization\",\"name\":\"velesnails\",\"url\":\"https:\\\/\\\/velesnails.pl\\\/\",\"logo\":{\"@type\":\"ImageObject\",\"inLanguage\":\"uk\",\"@id\":\"https:\\\/\\\/velesnails.pl\\\/#\\\/schema\\\/logo\\\/image\\\/\",\"url\":\"https:\\\/\\\/i0.wp.com\\\/velesnails.pl\\\/wp-content\\\/uploads\\\/2025\\\/10\\\/cropped-obraz_viber_2025-10-22_13-55-55-969.jpg?fit=485%2C381&ssl=1\",\"contentUrl\":\"https:\\\/\\\/i0.wp.com\\\/velesnails.pl\\\/wp-content\\\/uploads\\\/2025\\\/10\\\/cropped-obraz_viber_2025-10-22_13-55-55-969.jpg?fit=485%2C381&ssl=1\",\"width\":485,\"height\":381,\"caption\":\"velesnails\"},\"image\":{\"@id\":\"https:\\\/\\\/velesnails.pl\\\/#\\\/schema\\\/logo\\\/image\\\/\"}}]}<\/script>\n<!-- \/ Yoast SEO plugin. -->","yoast_head_json":{"title":"3w1 Lakier Hybrydowy SIMPLE 7,2 g - Euphoric - velesnails","robots":{"index":"index","follow":"follow","max-snippet":"max-snippet:-1","max-image-preview":"max-image-preview:large","max-video-preview":"max-video-preview:-1"},"canonical":"https:\/\/velesnails.pl\/uk\/product\/3w1-lakier-hybrydowy-simple-72-g-euphoric\/","og_locale":"uk_UA","og_type":"article","og_title":"3w1 Lakier Hybrydowy SIMPLE 7,2 g - Euphoric - velesnails","og_description":"3w1 Lakier Hybrydowy SIMPLE 7,2 g &#8211; EUPHORIC\u00a0Szukasz\u00a0wyrazistego, nasyconego koloru, kt\u00f3ry m\u00f3g\u0142by zdobi\u0107 Twoje paznokcie? Odkryj r\u00f3\u017cowy odcie\u0144\u00a0Euphoric\u00a0i\u00a0zakochaj si\u0119 w\u00a0jego niepowtarzalnej barwie! Za co j\u0105 pokochasz? Przede wszystkim za mo\u017cliwo\u015b\u0107 wykonania\u00a0manicure ju\u017c w\u00a020 minut! Lakiery hybrydowe z\u00a0serii SIMPLE nie wymagaj\u0105 u\u017cycia bazy oraz\u00a0topu wyko\u0144czeniowego, dlatego\u00a0wystarczy na\u0142o\u017cy\u0107 sam kolor i\u00a0utwardzi\u0107 go w\u00a0lampie. Intensywny r\u00f3\u017c\u00a0Euphoric\u00a0to idealna propozycja [&hellip;]","og_url":"https:\/\/velesnails.pl\/uk\/product\/3w1-lakier-hybrydowy-simple-72-g-euphoric\/","og_site_name":"velesnails","article_modified_time":"2025-10-27T11:24:55+00:00","og_image":[{"width":781,"height":571,"url":"https:\/\/velesnails.pl\/wp-content\/uploads\/2024\/10\/\u0417\u043d\u0456\u043c\u043e\u043a-\u0435\u043a\u0440\u0430\u043d\u0430-2024-10-11-145515.png","type":"image\/png"}],"twitter_card":"summary_large_image","twitter_misc":{"\u041f\u0440\u0438\u0431\u043b. \u0447\u0430\u0441 \u0447\u0438\u0442\u0430\u043d\u043d\u044f":"1 \u0445\u0432\u0438\u043b\u0438\u043d\u0430"},"schema":{"@context":"https:\/\/schema.org","@graph":[{"@type":"WebPage","@id":"https:\/\/velesnails.pl\/product\/3w1-lakier-hybrydowy-simple-72-g-euphoric\/","url":"https:\/\/velesnails.pl\/product\/3w1-lakier-hybrydowy-simple-72-g-euphoric\/","name":"3w1 Lakier Hybrydowy SIMPLE 7,2 g - Euphoric - velesnails","isPartOf":{"@id":"https:\/\/velesnails.pl\/#website"},"primaryImageOfPage":{"@id":"https:\/\/velesnails.pl\/product\/3w1-lakier-hybrydowy-simple-72-g-euphoric\/#primaryimage"},"image":{"@id":"https:\/\/velesnails.pl\/product\/3w1-lakier-hybrydowy-simple-72-g-euphoric\/#primaryimage"},"thumbnailUrl":"https:\/\/i0.wp.com\/velesnails.pl\/wp-content\/uploads\/2024\/10\/%D0%97%D0%BD%D1%96%D0%BC%D0%BE%D0%BA-%D0%B5%D0%BA%D1%80%D0%B0%D0%BD%D0%B0-2024-10-11-145515.png?fit=781%2C571&ssl=1","datePublished":"2024-10-11T12:54:14+00:00","dateModified":"2025-10-27T11:24:55+00:00","breadcrumb":{"@id":"https:\/\/velesnails.pl\/product\/3w1-lakier-hybrydowy-simple-72-g-euphoric\/#breadcrumb"},"inLanguage":"uk","potentialAction":[{"@type":"ReadAction","target":["https:\/\/velesnails.pl\/product\/3w1-lakier-hybrydowy-simple-72-g-euphoric\/"]}]},{"@type":"ImageObject","inLanguage":"uk","@id":"https:\/\/velesnails.pl\/product\/3w1-lakier-hybrydowy-simple-72-g-euphoric\/#primaryimage","url":"https:\/\/i0.wp.com\/velesnails.pl\/wp-content\/uploads\/2024\/10\/%D0%97%D0%BD%D1%96%D0%BC%D0%BE%D0%BA-%D0%B5%D0%BA%D1%80%D0%B0%D0%BD%D0%B0-2024-10-11-145515.png?fit=781%2C571&ssl=1","contentUrl":"https:\/\/i0.wp.com\/velesnails.pl\/wp-content\/uploads\/2024\/10\/%D0%97%D0%BD%D1%96%D0%BC%D0%BE%D0%BA-%D0%B5%D0%BA%D1%80%D0%B0%D0%BD%D0%B0-2024-10-11-145515.png?fit=781%2C571&ssl=1","width":781,"height":571},{"@type":"BreadcrumbList","@id":"https:\/\/velesnails.pl\/product\/3w1-lakier-hybrydowy-simple-72-g-euphoric\/#breadcrumb","itemListElement":[{"@type":"ListItem","position":1,"name":"\u0413\u043e\u043b\u043e\u0432\u043d\u0430","item":"https:\/\/velesnails.pl\/"},{"@type":"ListItem","position":2,"name":"Sklep","item":"https:\/\/velesnails.pl\/shop\/"},{"@type":"ListItem","position":3,"name":"3w1 Lakier Hybrydowy SIMPLE 7,2 g &#8211; Euphoric"}]},{"@type":"WebSite","@id":"https:\/\/velesnails.pl\/#website","url":"https:\/\/velesnails.pl\/","name":"\u0432\u0435\u043b\u0435\u0441\u043e\u0432\u0456 \u043d\u0456\u0433\u0442\u0456","description":"\u041c\u0430\u043d\u0456\u043a\u044e\u0440\u043d\u0438\u0439 \u0441\u0430\u043b\u043e\u043d","publisher":{"@id":"https:\/\/velesnails.pl\/#organization"},"potentialAction":[{"@type":"SearchAction","target":{"@type":"EntryPoint","urlTemplate":"https:\/\/velesnails.pl\/?s={search_term_string}"},"query-input":{"@type":"PropertyValueSpecification","valueRequired":true,"valueName":"search_term_string"}}],"inLanguage":"uk"},{"@type":"Organization","@id":"https:\/\/velesnails.pl\/#organization","name":"\u0432\u0435\u043b\u0435\u0441\u043e\u0432\u0456 \u043d\u0456\u0433\u0442\u0456","url":"https:\/\/velesnails.pl\/","logo":{"@type":"ImageObject","inLanguage":"uk","@id":"https:\/\/velesnails.pl\/#\/schema\/logo\/image\/","url":"https:\/\/i0.wp.com\/velesnails.pl\/wp-content\/uploads\/2025\/10\/cropped-obraz_viber_2025-10-22_13-55-55-969.jpg?fit=485%2C381&ssl=1","contentUrl":"https:\/\/i0.wp.com\/velesnails.pl\/wp-content\/uploads\/2025\/10\/cropped-obraz_viber_2025-10-22_13-55-55-969.jpg?fit=485%2C381&ssl=1","width":485,"height":381,"caption":"velesnails"},"image":{"@id":"https:\/\/velesnails.pl\/#\/schema\/logo\/image\/"}}]}},"_links":{"self":[{"href":"https:\/\/velesnails.pl\/uk\/wp-json\/wp\/v2\/product\/5241","targetHints":{"allow":["GET"]}}],"collection":[{"href":"https:\/\/velesnails.pl\/uk\/wp-json\/wp\/v2\/product"}],"about":[{"href":"https:\/\/velesnails.pl\/uk\/wp-json\/wp\/v2\/types\/product"}],"replies":[{"embeddable":true,"href":"https:\/\/velesnails.pl\/uk\/wp-json\/wp\/v2\/comments?post=5241"}],"wp:featuredmedia":[{"embeddable":true,"href":"https:\/\/velesnails.pl\/uk\/wp-json\/wp\/v2\/media\/5242"}],"wp:attachment":[{"href":"https:\/\/velesnails.pl\/uk\/wp-json\/wp\/v2\/media?parent=5241"}],"wp:term":[{"taxonomy":"product_brand","embeddable":true,"href":"https:\/\/velesnails.pl\/uk\/wp-json\/wp\/v2\/product_brand?post=5241"},{"taxonomy":"product_cat","embeddable":true,"href":"https:\/\/velesnails.pl\/uk\/wp-json\/wp\/v2\/product_cat?post=5241"},{"taxonomy":"product_tag","embeddable":true,"href":"https:\/\/velesnails.pl\/uk\/wp-json\/wp\/v2\/product_tag?post=5241"}],"curies":[{"name":"wp","href":"https:\/\/api.w.org\/{rel}","templated":true}]}}