{"id":5235,"date":"2024-10-11T15:46:03","date_gmt":"2024-10-11T12:46:03","guid":{"rendered":"https:\/\/velesnails.pl\/?post_type=product&#038;p=5235"},"modified":"2025-10-27T14:24:56","modified_gmt":"2025-10-27T11:24:56","slug":"3w1-lakier-hybrydowy-simple-72-g-tender","status":"publish","type":"product","link":"https:\/\/velesnails.pl\/uk\/product\/3w1-lakier-hybrydowy-simple-72-g-tender\/","title":{"rendered":"3w1 Lakier Hybrydowy SIMPLE 7,2 g &#8211; Tender"},"content":{"rendered":"<div class=\"product-textcontent\">\n<h2 class=\"h1 single-product__box-title\">Lakier hybrydowy 7,2g &#8211; SIMPLE ONE STEP COLOR PROTEIN &#8211; Tender<\/h2>\n<div class=\"product-textcontent\">\n<p><strong>3w1 Lakier Hybrydowy SIMPLE 7,2 g &#8211; TENDER<\/strong>\u00a0Lubisz mie\u0107 pomalowane paznokcie, ale\u00a0cz\u0119sto brakuje Ci czasu, aby wykona\u0107 idealny manicure? Od teraz nie musisz chodzi\u0107 na\u00a0kompromisy \u2013 postaw na\u00a0lakier z\u00a0kolekcji Simple, kt\u00f3ry\u00a0<strong>nie wymaga u\u017cycia bazy oraz\u00a0topu.<\/strong>\u00a0Wystarczy, \u017ce\u00a0na\u0142o\u017cysz dwie warstwy wybranego koloru i\u00a0utwardzisz ka\u017cd\u0105 z\u00a0nich w\u00a0lampie \u2013\u00a0<strong>manicure gotowy w\u00a0mniej ni\u017c 20 minut!<\/strong><\/p>\n<p>Zdecyduj si\u0119 na\u00a0odcie\u0144, kt\u00f3ry dopasuje si\u0119 do ka\u017cdej Twojej stylizacji. W ko\u0144cu klasyka zawsze broni si\u0119 sama, prawda? Postaw na\u00a0elegancki, ciep\u0142y be\u017c \u2013 paznokcie w\u00a0kolorach nude to zestawienie, kt\u00f3re sprawdzi si\u0119 w\u00a0ka\u017cdej sytuacji.<\/p>\n<p>&nbsp;<\/p>\n<\/div>\n<\/div>\n<p style=\"font-weight: 400;\"><strong>SIMPLE 3w1: mocne strony:<\/strong><\/p>\n<p style=\"font-weight: 400;\"><strong>\u2705 3w1: baza, kolor, top w\u00a01 butelce,<\/strong><\/p>\n<p style=\"font-weight: 400;\"><strong>\u2705 wzbogacony o\u00a0proteiny jedwabiu, kt\u00f3re zabezpiecz\u0105 twoj\u0105 p\u0142ytk\u0119,<\/strong><\/p>\n<p>\u2705 trwa\u0142o\u015b\u0107 a\u017c do 14 dni,<\/p>\n<p><strong><a rel=\"nofollow\" href=\"https:\/\/neonail.pl\/linkownia\/certyfikaty\/OswiadczenieDerm150520D1.pdf\">\u2705 przebadane dermatologicznie<\/a>\u00a0&#8211; bezpieczne\u00a0dla os\u00f3b o\u00a0wra\u017cliwej sk\u00f3rze,<\/strong><\/p>\n<p><strong>\u2705 szybka aplikacja w\u00a020 minut &#8211; tylko 2 warstwy i\u00a0gotowe!<\/strong><\/p>\n<p>&nbsp;<\/p>\n<p>PEG-3 TRIMETHYLOLPROPANE TRIACRYLATE, ALIPHATIC URETHANE ACRYLATE, BIS-(HEMA\/ETHYLHEXYL) POLY(1,4-BUTANEDIOL)-9\/TMDI\/IPDI COPOLYMER, PENTAERYTHRITYL TETRAMERCAPTOPROPIONATE, BIS-HEA POLY(HEXAMETHYLENE\/METHYLPENTYLENE CARBONATE)\/IPDI COPOLYMER, BIS(GLYCERYL DIMETHACRYLATE) PYROMELLITATE, HEMA, HYDROXYCYCLOHEXYL PHENYL KETONE, TRIMETHYLBENZOYL DIPHENYLPHOSPHINE OXIDE, ISOBORNYL METHACRYLATE, SILICA DIMETHYL SILYLATE, GLYCERYL DIMETHACRYLATE, CELLULOSE ACETATE BUTYRATE, ISOSTEARIC ACID, ISOSTEAROYL HYDROLYZED SILK, P-HYDROXYANISOLE, BHT, +\/- CI 77491, CI 77492, CI 77499, CI 77891, CI 77289, CI 15850, CI 77742, CI 19140, CI 15985.&#8221;<\/p>\n<p>Tylko do u\u017cytku profesjonalnego. Prosz\u0119 uwa\u017cnie przeczyta\u0107 spos\u00f3b u\u017cycia. Unika\u0107 kontaktu ze sk\u00f3r\u0105. Unika\u0107 kontaktu z oczami. Mo\u017ce powodowa\u0107 reakcj\u0119 alergiczn\u0105. Zaprzesta\u0107 stosowania przy wyst\u0105pieniu podra\u017cnienia. Przechowywa\u0107 z dala od dzieci.<\/p>\n<p>W przypadku wyst\u0105pienia niepokoj\u0105cych objaw\u00f3w zaprzesta\u0107 stosowania i niezw\u0142ocznie usun\u0105\u0107 produkt z p\u0142ytki paznokcia.<\/p>","protected":false},"excerpt":{"rendered":"<p>Lakier hybrydowy 7,2g &#8211; SIMPLE ONE STEP COLOR PROTEIN &#8211; Tender 3w1 Lakier Hybrydowy SIMPLE 7,2 g &#8211; TENDER\u00a0Lubisz mie\u0107 pomalowane paznokcie, ale\u00a0cz\u0119sto brakuje Ci czasu, aby wykona\u0107 idealny manicure? Od teraz nie musisz chodzi\u0107 na\u00a0kompromisy \u2013 postaw na\u00a0lakier z\u00a0kolekcji Simple, kt\u00f3ry\u00a0nie wymaga u\u017cycia bazy oraz\u00a0topu.\u00a0Wystarczy, \u017ce\u00a0na\u0142o\u017cysz dwie warstwy wybranego koloru i\u00a0utwardzisz ka\u017cd\u0105 z\u00a0nich w\u00a0lampie [&hellip;]<\/p>\n","protected":false},"featured_media":5236,"comment_status":"closed","ping_status":"closed","template":"","meta":{"om_disable_all_campaigns":false,"ocean_post_layout":"","ocean_both_sidebars_style":"","ocean_both_sidebars_content_width":0,"ocean_both_sidebars_sidebars_width":0,"ocean_sidebar":"0","ocean_second_sidebar":"0","ocean_disable_margins":"enable","ocean_add_body_class":"","ocean_shortcode_before_top_bar":"","ocean_shortcode_after_top_bar":"","ocean_shortcode_before_header":"","ocean_shortcode_after_header":"","ocean_has_shortcode":"","ocean_shortcode_after_title":"","ocean_shortcode_before_footer_widgets":"","ocean_shortcode_after_footer_widgets":"","ocean_shortcode_before_footer_bottom":"","ocean_shortcode_after_footer_bottom":"","ocean_display_top_bar":"default","ocean_display_header":"default","ocean_header_style":"","ocean_center_header_left_menu":"0","ocean_custom_header_template":"0","ocean_custom_logo":0,"ocean_custom_retina_logo":0,"ocean_custom_logo_max_width":0,"ocean_custom_logo_tablet_max_width":0,"ocean_custom_logo_mobile_max_width":0,"ocean_custom_logo_max_height":0,"ocean_custom_logo_tablet_max_height":0,"ocean_custom_logo_mobile_max_height":0,"ocean_header_custom_menu":"0","ocean_menu_typo_font_family":"0","ocean_menu_typo_font_subset":"","ocean_menu_typo_font_size":0,"ocean_menu_typo_font_size_tablet":0,"ocean_menu_typo_font_size_mobile":0,"ocean_menu_typo_font_size_unit":"px","ocean_menu_typo_font_weight":"","ocean_menu_typo_font_weight_tablet":"","ocean_menu_typo_font_weight_mobile":"","ocean_menu_typo_transform":"","ocean_menu_typo_transform_tablet":"","ocean_menu_typo_transform_mobile":"","ocean_menu_typo_line_height":0,"ocean_menu_typo_line_height_tablet":0,"ocean_menu_typo_line_height_mobile":0,"ocean_menu_typo_line_height_unit":"","ocean_menu_typo_spacing":0,"ocean_menu_typo_spacing_tablet":0,"ocean_menu_typo_spacing_mobile":0,"ocean_menu_typo_spacing_unit":"","ocean_menu_link_color":"","ocean_menu_link_color_hover":"","ocean_menu_link_color_active":"","ocean_menu_link_background":"","ocean_menu_link_hover_background":"","ocean_menu_link_active_background":"","ocean_menu_social_links_bg":"","ocean_menu_social_hover_links_bg":"","ocean_menu_social_links_color":"","ocean_menu_social_hover_links_color":"","ocean_disable_title":"default","ocean_disable_heading":"default","ocean_post_title":"","ocean_post_subheading":"","ocean_post_title_style":"","ocean_post_title_background_color":"","ocean_post_title_background":0,"ocean_post_title_bg_image_position":"","ocean_post_title_bg_image_attachment":"","ocean_post_title_bg_image_repeat":"","ocean_post_title_bg_image_size":"","ocean_post_title_height":0,"ocean_post_title_bg_overlay":0.5,"ocean_post_title_bg_overlay_color":"","ocean_disable_breadcrumbs":"default","ocean_breadcrumbs_color":"","ocean_breadcrumbs_separator_color":"","ocean_breadcrumbs_links_color":"","ocean_breadcrumbs_links_hover_color":"","ocean_display_footer_widgets":"default","ocean_display_footer_bottom":"default","ocean_custom_footer_template":"0"},"product_brand":[],"product_cat":[111,176,117,193,110],"product_tag":[],"class_list":{"0":"post-5235","1":"product","2":"type-product","3":"status-publish","4":"has-post-thumbnail","6":"product_cat-lakiery-hybrydowe","7":"product_cat-marki","8":"product_cat-neonail","9":"product_cat-neonails-1","10":"product_cat-paznokcie","12":"entry","13":"has-media","15":"first","16":"outofstock","17":"sale","18":"taxable","19":"shipping-taxable","20":"purchasable","21":"product-type-simple","22":"has-product-nav","23":"col","24":"span_1_of_3","25":"owp-content-center","26":"owp-thumbs-layout-horizontal","27":"owp-btn-normal","28":"owp-tabs-layout-horizontal","29":"has-no-thumbnails"},"yoast_head":"<!-- This site is optimized with the Yoast SEO plugin v27.5 - https:\/\/yoast.com\/product\/yoast-seo-wordpress\/ -->\n<title>3w1 Lakier Hybrydowy SIMPLE 7,2 g - Tender - velesnails<\/title>\n<meta name=\"robots\" content=\"index, follow, max-snippet:-1, max-image-preview:large, max-video-preview:-1\" \/>\n<link rel=\"canonical\" href=\"https:\/\/velesnails.pl\/uk\/product\/3w1-lakier-hybrydowy-simple-72-g-tender\/\" \/>\n<meta property=\"og:locale\" content=\"uk_UA\" \/>\n<meta property=\"og:type\" content=\"article\" \/>\n<meta property=\"og:title\" content=\"3w1 Lakier Hybrydowy SIMPLE 7,2 g - Tender - velesnails\" \/>\n<meta property=\"og:description\" content=\"Lakier hybrydowy 7,2g &#8211; SIMPLE ONE STEP COLOR PROTEIN &#8211; Tender 3w1 Lakier Hybrydowy SIMPLE 7,2 g &#8211; TENDER\u00a0Lubisz mie\u0107 pomalowane paznokcie, ale\u00a0cz\u0119sto brakuje Ci czasu, aby wykona\u0107 idealny manicure? Od teraz nie musisz chodzi\u0107 na\u00a0kompromisy \u2013 postaw na\u00a0lakier z\u00a0kolekcji Simple, kt\u00f3ry\u00a0nie wymaga u\u017cycia bazy oraz\u00a0topu.\u00a0Wystarczy, \u017ce\u00a0na\u0142o\u017cysz dwie warstwy wybranego koloru i\u00a0utwardzisz ka\u017cd\u0105 z\u00a0nich w\u00a0lampie [&hellip;]\" \/>\n<meta property=\"og:url\" content=\"https:\/\/velesnails.pl\/uk\/product\/3w1-lakier-hybrydowy-simple-72-g-tender\/\" \/>\n<meta property=\"og:site_name\" content=\"velesnails\" \/>\n<meta property=\"article:modified_time\" content=\"2025-10-27T11:24:56+00:00\" \/>\n<meta property=\"og:image\" content=\"https:\/\/velesnails.pl\/wp-content\/uploads\/2024\/10\/\u0417\u043d\u0456\u043c\u043e\u043a-\u0435\u043a\u0440\u0430\u043d\u0430-2024-10-11-144719.png\" \/>\n\t<meta property=\"og:image:width\" content=\"784\" \/>\n\t<meta property=\"og:image:height\" content=\"581\" \/>\n\t<meta property=\"og:image:type\" content=\"image\/png\" \/>\n<meta name=\"twitter:card\" content=\"summary_large_image\" \/>\n<meta name=\"twitter:label1\" content=\"\u041f\u0440\u0438\u0431\u043b. \u0447\u0430\u0441 \u0447\u0438\u0442\u0430\u043d\u043d\u044f\" \/>\n\t<meta name=\"twitter:data1\" content=\"1 \u0445\u0432\u0438\u043b\u0438\u043d\u0430\" \/>\n<script type=\"application\/ld+json\" class=\"yoast-schema-graph\">{\"@context\":\"https:\\\/\\\/schema.org\",\"@graph\":[{\"@type\":\"WebPage\",\"@id\":\"https:\\\/\\\/velesnails.pl\\\/product\\\/3w1-lakier-hybrydowy-simple-72-g-tender\\\/\",\"url\":\"https:\\\/\\\/velesnails.pl\\\/product\\\/3w1-lakier-hybrydowy-simple-72-g-tender\\\/\",\"name\":\"3w1 Lakier Hybrydowy SIMPLE 7,2 g - Tender - velesnails\",\"isPartOf\":{\"@id\":\"https:\\\/\\\/velesnails.pl\\\/#website\"},\"primaryImageOfPage\":{\"@id\":\"https:\\\/\\\/velesnails.pl\\\/product\\\/3w1-lakier-hybrydowy-simple-72-g-tender\\\/#primaryimage\"},\"image\":{\"@id\":\"https:\\\/\\\/velesnails.pl\\\/product\\\/3w1-lakier-hybrydowy-simple-72-g-tender\\\/#primaryimage\"},\"thumbnailUrl\":\"https:\\\/\\\/i0.wp.com\\\/velesnails.pl\\\/wp-content\\\/uploads\\\/2024\\\/10\\\/%D0%97%D0%BD%D1%96%D0%BC%D0%BE%D0%BA-%D0%B5%D0%BA%D1%80%D0%B0%D0%BD%D0%B0-2024-10-11-144719.png?fit=784%2C581&ssl=1\",\"datePublished\":\"2024-10-11T12:46:03+00:00\",\"dateModified\":\"2025-10-27T11:24:56+00:00\",\"breadcrumb\":{\"@id\":\"https:\\\/\\\/velesnails.pl\\\/product\\\/3w1-lakier-hybrydowy-simple-72-g-tender\\\/#breadcrumb\"},\"inLanguage\":\"uk\",\"potentialAction\":[{\"@type\":\"ReadAction\",\"target\":[\"https:\\\/\\\/velesnails.pl\\\/product\\\/3w1-lakier-hybrydowy-simple-72-g-tender\\\/\"]}]},{\"@type\":\"ImageObject\",\"inLanguage\":\"uk\",\"@id\":\"https:\\\/\\\/velesnails.pl\\\/product\\\/3w1-lakier-hybrydowy-simple-72-g-tender\\\/#primaryimage\",\"url\":\"https:\\\/\\\/i0.wp.com\\\/velesnails.pl\\\/wp-content\\\/uploads\\\/2024\\\/10\\\/%D0%97%D0%BD%D1%96%D0%BC%D0%BE%D0%BA-%D0%B5%D0%BA%D1%80%D0%B0%D0%BD%D0%B0-2024-10-11-144719.png?fit=784%2C581&ssl=1\",\"contentUrl\":\"https:\\\/\\\/i0.wp.com\\\/velesnails.pl\\\/wp-content\\\/uploads\\\/2024\\\/10\\\/%D0%97%D0%BD%D1%96%D0%BC%D0%BE%D0%BA-%D0%B5%D0%BA%D1%80%D0%B0%D0%BD%D0%B0-2024-10-11-144719.png?fit=784%2C581&ssl=1\",\"width\":784,\"height\":581},{\"@type\":\"BreadcrumbList\",\"@id\":\"https:\\\/\\\/velesnails.pl\\\/product\\\/3w1-lakier-hybrydowy-simple-72-g-tender\\\/#breadcrumb\",\"itemListElement\":[{\"@type\":\"ListItem\",\"position\":1,\"name\":\"\u0413\u043e\u043b\u043e\u0432\u043d\u0430\",\"item\":\"https:\\\/\\\/velesnails.pl\\\/\"},{\"@type\":\"ListItem\",\"position\":2,\"name\":\"Sklep\",\"item\":\"https:\\\/\\\/velesnails.pl\\\/shop\\\/\"},{\"@type\":\"ListItem\",\"position\":3,\"name\":\"3w1 Lakier Hybrydowy SIMPLE 7,2 g &#8211; Tender\"}]},{\"@type\":\"WebSite\",\"@id\":\"https:\\\/\\\/velesnails.pl\\\/#website\",\"url\":\"https:\\\/\\\/velesnails.pl\\\/\",\"name\":\"velesnails\",\"description\":\"Sklep z manicure\",\"publisher\":{\"@id\":\"https:\\\/\\\/velesnails.pl\\\/#organization\"},\"potentialAction\":[{\"@type\":\"SearchAction\",\"target\":{\"@type\":\"EntryPoint\",\"urlTemplate\":\"https:\\\/\\\/velesnails.pl\\\/?s={search_term_string}\"},\"query-input\":{\"@type\":\"PropertyValueSpecification\",\"valueRequired\":true,\"valueName\":\"search_term_string\"}}],\"inLanguage\":\"uk\"},{\"@type\":\"Organization\",\"@id\":\"https:\\\/\\\/velesnails.pl\\\/#organization\",\"name\":\"velesnails\",\"url\":\"https:\\\/\\\/velesnails.pl\\\/\",\"logo\":{\"@type\":\"ImageObject\",\"inLanguage\":\"uk\",\"@id\":\"https:\\\/\\\/velesnails.pl\\\/#\\\/schema\\\/logo\\\/image\\\/\",\"url\":\"https:\\\/\\\/i0.wp.com\\\/velesnails.pl\\\/wp-content\\\/uploads\\\/2025\\\/10\\\/cropped-obraz_viber_2025-10-22_13-55-55-969.jpg?fit=485%2C381&ssl=1\",\"contentUrl\":\"https:\\\/\\\/i0.wp.com\\\/velesnails.pl\\\/wp-content\\\/uploads\\\/2025\\\/10\\\/cropped-obraz_viber_2025-10-22_13-55-55-969.jpg?fit=485%2C381&ssl=1\",\"width\":485,\"height\":381,\"caption\":\"velesnails\"},\"image\":{\"@id\":\"https:\\\/\\\/velesnails.pl\\\/#\\\/schema\\\/logo\\\/image\\\/\"}}]}<\/script>\n<!-- \/ Yoast SEO plugin. -->","yoast_head_json":{"title":"3w1 Lakier Hybrydowy SIMPLE 7,2 g - Tender - velesnails","robots":{"index":"index","follow":"follow","max-snippet":"max-snippet:-1","max-image-preview":"max-image-preview:large","max-video-preview":"max-video-preview:-1"},"canonical":"https:\/\/velesnails.pl\/uk\/product\/3w1-lakier-hybrydowy-simple-72-g-tender\/","og_locale":"uk_UA","og_type":"article","og_title":"3w1 Lakier Hybrydowy SIMPLE 7,2 g - Tender - velesnails","og_description":"Lakier hybrydowy 7,2g &#8211; SIMPLE ONE STEP COLOR PROTEIN &#8211; Tender 3w1 Lakier Hybrydowy SIMPLE 7,2 g &#8211; TENDER\u00a0Lubisz mie\u0107 pomalowane paznokcie, ale\u00a0cz\u0119sto brakuje Ci czasu, aby wykona\u0107 idealny manicure? Od teraz nie musisz chodzi\u0107 na\u00a0kompromisy \u2013 postaw na\u00a0lakier z\u00a0kolekcji Simple, kt\u00f3ry\u00a0nie wymaga u\u017cycia bazy oraz\u00a0topu.\u00a0Wystarczy, \u017ce\u00a0na\u0142o\u017cysz dwie warstwy wybranego koloru i\u00a0utwardzisz ka\u017cd\u0105 z\u00a0nich w\u00a0lampie [&hellip;]","og_url":"https:\/\/velesnails.pl\/uk\/product\/3w1-lakier-hybrydowy-simple-72-g-tender\/","og_site_name":"velesnails","article_modified_time":"2025-10-27T11:24:56+00:00","og_image":[{"width":784,"height":581,"url":"https:\/\/velesnails.pl\/wp-content\/uploads\/2024\/10\/\u0417\u043d\u0456\u043c\u043e\u043a-\u0435\u043a\u0440\u0430\u043d\u0430-2024-10-11-144719.png","type":"image\/png"}],"twitter_card":"summary_large_image","twitter_misc":{"\u041f\u0440\u0438\u0431\u043b. \u0447\u0430\u0441 \u0447\u0438\u0442\u0430\u043d\u043d\u044f":"1 \u0445\u0432\u0438\u043b\u0438\u043d\u0430"},"schema":{"@context":"https:\/\/schema.org","@graph":[{"@type":"WebPage","@id":"https:\/\/velesnails.pl\/product\/3w1-lakier-hybrydowy-simple-72-g-tender\/","url":"https:\/\/velesnails.pl\/product\/3w1-lakier-hybrydowy-simple-72-g-tender\/","name":"3w1 Lakier Hybrydowy SIMPLE 7,2 g - Tender - velesnails","isPartOf":{"@id":"https:\/\/velesnails.pl\/#website"},"primaryImageOfPage":{"@id":"https:\/\/velesnails.pl\/product\/3w1-lakier-hybrydowy-simple-72-g-tender\/#primaryimage"},"image":{"@id":"https:\/\/velesnails.pl\/product\/3w1-lakier-hybrydowy-simple-72-g-tender\/#primaryimage"},"thumbnailUrl":"https:\/\/i0.wp.com\/velesnails.pl\/wp-content\/uploads\/2024\/10\/%D0%97%D0%BD%D1%96%D0%BC%D0%BE%D0%BA-%D0%B5%D0%BA%D1%80%D0%B0%D0%BD%D0%B0-2024-10-11-144719.png?fit=784%2C581&ssl=1","datePublished":"2024-10-11T12:46:03+00:00","dateModified":"2025-10-27T11:24:56+00:00","breadcrumb":{"@id":"https:\/\/velesnails.pl\/product\/3w1-lakier-hybrydowy-simple-72-g-tender\/#breadcrumb"},"inLanguage":"uk","potentialAction":[{"@type":"ReadAction","target":["https:\/\/velesnails.pl\/product\/3w1-lakier-hybrydowy-simple-72-g-tender\/"]}]},{"@type":"ImageObject","inLanguage":"uk","@id":"https:\/\/velesnails.pl\/product\/3w1-lakier-hybrydowy-simple-72-g-tender\/#primaryimage","url":"https:\/\/i0.wp.com\/velesnails.pl\/wp-content\/uploads\/2024\/10\/%D0%97%D0%BD%D1%96%D0%BC%D0%BE%D0%BA-%D0%B5%D0%BA%D1%80%D0%B0%D0%BD%D0%B0-2024-10-11-144719.png?fit=784%2C581&ssl=1","contentUrl":"https:\/\/i0.wp.com\/velesnails.pl\/wp-content\/uploads\/2024\/10\/%D0%97%D0%BD%D1%96%D0%BC%D0%BE%D0%BA-%D0%B5%D0%BA%D1%80%D0%B0%D0%BD%D0%B0-2024-10-11-144719.png?fit=784%2C581&ssl=1","width":784,"height":581},{"@type":"BreadcrumbList","@id":"https:\/\/velesnails.pl\/product\/3w1-lakier-hybrydowy-simple-72-g-tender\/#breadcrumb","itemListElement":[{"@type":"ListItem","position":1,"name":"\u0413\u043e\u043b\u043e\u0432\u043d\u0430","item":"https:\/\/velesnails.pl\/"},{"@type":"ListItem","position":2,"name":"Sklep","item":"https:\/\/velesnails.pl\/shop\/"},{"@type":"ListItem","position":3,"name":"3w1 Lakier Hybrydowy SIMPLE 7,2 g &#8211; Tender"}]},{"@type":"WebSite","@id":"https:\/\/velesnails.pl\/#website","url":"https:\/\/velesnails.pl\/","name":"\u0432\u0435\u043b\u0435\u0441\u043e\u0432\u0456 \u043d\u0456\u0433\u0442\u0456","description":"\u041c\u0430\u043d\u0456\u043a\u044e\u0440\u043d\u0438\u0439 \u0441\u0430\u043b\u043e\u043d","publisher":{"@id":"https:\/\/velesnails.pl\/#organization"},"potentialAction":[{"@type":"SearchAction","target":{"@type":"EntryPoint","urlTemplate":"https:\/\/velesnails.pl\/?s={search_term_string}"},"query-input":{"@type":"PropertyValueSpecification","valueRequired":true,"valueName":"search_term_string"}}],"inLanguage":"uk"},{"@type":"Organization","@id":"https:\/\/velesnails.pl\/#organization","name":"\u0432\u0435\u043b\u0435\u0441\u043e\u0432\u0456 \u043d\u0456\u0433\u0442\u0456","url":"https:\/\/velesnails.pl\/","logo":{"@type":"ImageObject","inLanguage":"uk","@id":"https:\/\/velesnails.pl\/#\/schema\/logo\/image\/","url":"https:\/\/i0.wp.com\/velesnails.pl\/wp-content\/uploads\/2025\/10\/cropped-obraz_viber_2025-10-22_13-55-55-969.jpg?fit=485%2C381&ssl=1","contentUrl":"https:\/\/i0.wp.com\/velesnails.pl\/wp-content\/uploads\/2025\/10\/cropped-obraz_viber_2025-10-22_13-55-55-969.jpg?fit=485%2C381&ssl=1","width":485,"height":381,"caption":"velesnails"},"image":{"@id":"https:\/\/velesnails.pl\/#\/schema\/logo\/image\/"}}]}},"_links":{"self":[{"href":"https:\/\/velesnails.pl\/uk\/wp-json\/wp\/v2\/product\/5235","targetHints":{"allow":["GET"]}}],"collection":[{"href":"https:\/\/velesnails.pl\/uk\/wp-json\/wp\/v2\/product"}],"about":[{"href":"https:\/\/velesnails.pl\/uk\/wp-json\/wp\/v2\/types\/product"}],"replies":[{"embeddable":true,"href":"https:\/\/velesnails.pl\/uk\/wp-json\/wp\/v2\/comments?post=5235"}],"wp:featuredmedia":[{"embeddable":true,"href":"https:\/\/velesnails.pl\/uk\/wp-json\/wp\/v2\/media\/5236"}],"wp:attachment":[{"href":"https:\/\/velesnails.pl\/uk\/wp-json\/wp\/v2\/media?parent=5235"}],"wp:term":[{"taxonomy":"product_brand","embeddable":true,"href":"https:\/\/velesnails.pl\/uk\/wp-json\/wp\/v2\/product_brand?post=5235"},{"taxonomy":"product_cat","embeddable":true,"href":"https:\/\/velesnails.pl\/uk\/wp-json\/wp\/v2\/product_cat?post=5235"},{"taxonomy":"product_tag","embeddable":true,"href":"https:\/\/velesnails.pl\/uk\/wp-json\/wp\/v2\/product_tag?post=5235"}],"curies":[{"name":"wp","href":"https:\/\/api.w.org\/{rel}","templated":true}]}}