{"id":5229,"date":"2024-10-11T15:39:27","date_gmt":"2024-10-11T12:39:27","guid":{"rendered":"https:\/\/velesnails.pl\/?post_type=product&#038;p=5229"},"modified":"2025-10-27T14:24:57","modified_gmt":"2025-10-27T11:24:57","slug":"%d0%ba%d0%be%d0%bf%d1%96%d1%8f3w1-lakier-hybrydowy-simple-72-g-happy","status":"publish","type":"product","link":"https:\/\/velesnails.pl\/uk\/product\/%d0%ba%d0%be%d0%bf%d1%96%d1%8f3w1-lakier-hybrydowy-simple-72-g-happy\/","title":{"rendered":"3w1 Lakier Hybrydowy SIMPLE 7,2 g &#8211; Happy"},"content":{"rendered":"<div class=\"product-textcontent\">\n<p><strong>3w1 Lakier Hybrydowy SIMPLE 7,2 g &#8211; HAPPY\u00a0<\/strong><strong>Happy to lakier hybrydowy 3w1<\/strong>\u00a0z\u00a0zimowej kolekcji produkt\u00f3w z\u00a0serii SIMPLE. Jest to przepi\u0119kny, klimatyczny odcie\u0144 przypominaj\u0105cy swoj\u0105 barw\u0105<strong>\u00a0gor\u0105c\u0105 czekolad\u0119 z\u00a0piankami.\u00a0<\/strong>Ten\u00a0<strong>ciemno be\u017cowy niezwykle uniwersalny kolor<\/strong>\u00a0wspaniale wpisuje si\u0119 w\u00a0najnowsze trendy, wi\u0119c\u00a0z jego pomoc\u0105 stworzysz naprawd\u0119 modne mani na\u00a0aktualny sezon zimowy. Wystarczy, \u017ce\u00a0za\u0142o\u017cysz ten be\u017cowy lakier hybrydowy 3w1, utwardzisz go w\u00a0lampie i\u00a0stylizacja gotowa! Po\u015bwi\u0119cisz mniej ni\u017c 20 minut, aby cieszy\u0107 si\u0119 pi\u0119knym mani.<\/p>\n<\/div>\n<p style=\"font-weight: 400;\"><strong>SIMPLE 3w1: mocne strony:<\/strong><\/p>\n<p style=\"font-weight: 400;\"><strong>\u2705 3w1: baza, kolor, top w\u00a01 butelce,<\/strong><\/p>\n<p style=\"font-weight: 400;\"><strong>\u2705 wzbogacony o\u00a0proteiny jedwabiu, kt\u00f3re zabezpiecz\u0105 twoj\u0105 p\u0142ytk\u0119,<\/strong><\/p>\n<p>\u2705 trwa\u0142o\u015b\u0107 a\u017c do 14 dni,<\/p>\n<p><strong>\u2705 szybka aplikacja w\u00a020 minut &#8211; tylko 2 warstwy i\u00a0gotowe!<\/strong><\/p>\n<p>&nbsp;<\/p>\n<p>PEG-3 TRIMETHYLOLPROPANE TRIACRYLATE, ALIPHATIC URETHANE ACRYLATE, BIS-(HEMA\/ETHYLHEXYL) POLY(1,4-BUTANEDIOL)-9\/TMDI\/IPDI COPOLYMER, PENTAERYTHRITYL TETRAMERCAPTOPROPIONATE, BIS-HEA POLY(HEXAMETHYLENE\/METHYLPENTYLENE CARBONATE)\/IPDI COPOLYMER, BIS(GLYCERYL DIMETHACRYLATE) PYROMELLITATE, HEMA, HYDROXYCYCLOHEXYL PHENYL KETONE, TRIMETHYLBENZOYL DIPHENYLPHOSPHINE OXIDE, ISOBORNYL METHACRYLATE, SILICA DIMETHYL SILYLATE, GLYCERYL DIMETHACRYLATE, CELLULOSE ACETATE BUTYRATE, ISOSTEARIC ACID, ISOSTEAROYL HYDROLYZED SILK, P-HYDROXYANISOLE, BHT, +\/- CI 77491, CI 77492, CI 77499, CI 77891, CI 77289, CI 15850, CI 77742, CI 19140, CI 15985.&#8221;<\/p>\n<p>Tylko do u\u017cytku profesjonalnego. Prosz\u0119 uwa\u017cnie przeczyta\u0107 spos\u00f3b u\u017cycia. Unika\u0107 kontaktu ze sk\u00f3r\u0105. Unika\u0107 kontaktu z oczami. Mo\u017ce powodowa\u0107 reakcj\u0119 alergiczn\u0105. Zaprzesta\u0107 stosowania przy wyst\u0105pieniu podra\u017cnienia. Przechowywa\u0107 z dala od dzieci.<\/p>\n<p>W przypadku wyst\u0105pienia niepokoj\u0105cych objaw\u00f3w zaprzesta\u0107 stosowania i niezw\u0142ocznie usun\u0105\u0107 produkt z p\u0142ytki paznokcia.<\/p>","protected":false},"excerpt":{"rendered":"<p>3w1 Lakier Hybrydowy SIMPLE 7,2 g &#8211; HAPPY\u00a0Happy to lakier hybrydowy 3w1\u00a0z\u00a0zimowej kolekcji produkt\u00f3w z\u00a0serii SIMPLE. Jest to przepi\u0119kny, klimatyczny odcie\u0144 przypominaj\u0105cy swoj\u0105 barw\u0105\u00a0gor\u0105c\u0105 czekolad\u0119 z\u00a0piankami.\u00a0Ten\u00a0ciemno be\u017cowy niezwykle uniwersalny kolor\u00a0wspaniale wpisuje si\u0119 w\u00a0najnowsze trendy, wi\u0119c\u00a0z jego pomoc\u0105 stworzysz naprawd\u0119 modne mani na\u00a0aktualny sezon zimowy. Wystarczy, \u017ce\u00a0za\u0142o\u017cysz ten be\u017cowy lakier hybrydowy 3w1, utwardzisz go w\u00a0lampie i\u00a0stylizacja [&hellip;]<\/p>\n","protected":false},"featured_media":5230,"comment_status":"closed","ping_status":"closed","template":"","meta":{"om_disable_all_campaigns":false,"ocean_post_layout":"","ocean_both_sidebars_style":"","ocean_both_sidebars_content_width":0,"ocean_both_sidebars_sidebars_width":0,"ocean_sidebar":"0","ocean_second_sidebar":"0","ocean_disable_margins":"enable","ocean_add_body_class":"","ocean_shortcode_before_top_bar":"","ocean_shortcode_after_top_bar":"","ocean_shortcode_before_header":"","ocean_shortcode_after_header":"","ocean_has_shortcode":"","ocean_shortcode_after_title":"","ocean_shortcode_before_footer_widgets":"","ocean_shortcode_after_footer_widgets":"","ocean_shortcode_before_footer_bottom":"","ocean_shortcode_after_footer_bottom":"","ocean_display_top_bar":"default","ocean_display_header":"default","ocean_header_style":"","ocean_center_header_left_menu":"0","ocean_custom_header_template":"0","ocean_custom_logo":0,"ocean_custom_retina_logo":0,"ocean_custom_logo_max_width":0,"ocean_custom_logo_tablet_max_width":0,"ocean_custom_logo_mobile_max_width":0,"ocean_custom_logo_max_height":0,"ocean_custom_logo_tablet_max_height":0,"ocean_custom_logo_mobile_max_height":0,"ocean_header_custom_menu":"0","ocean_menu_typo_font_family":"0","ocean_menu_typo_font_subset":"","ocean_menu_typo_font_size":0,"ocean_menu_typo_font_size_tablet":0,"ocean_menu_typo_font_size_mobile":0,"ocean_menu_typo_font_size_unit":"px","ocean_menu_typo_font_weight":"","ocean_menu_typo_font_weight_tablet":"","ocean_menu_typo_font_weight_mobile":"","ocean_menu_typo_transform":"","ocean_menu_typo_transform_tablet":"","ocean_menu_typo_transform_mobile":"","ocean_menu_typo_line_height":0,"ocean_menu_typo_line_height_tablet":0,"ocean_menu_typo_line_height_mobile":0,"ocean_menu_typo_line_height_unit":"","ocean_menu_typo_spacing":0,"ocean_menu_typo_spacing_tablet":0,"ocean_menu_typo_spacing_mobile":0,"ocean_menu_typo_spacing_unit":"","ocean_menu_link_color":"","ocean_menu_link_color_hover":"","ocean_menu_link_color_active":"","ocean_menu_link_background":"","ocean_menu_link_hover_background":"","ocean_menu_link_active_background":"","ocean_menu_social_links_bg":"","ocean_menu_social_hover_links_bg":"","ocean_menu_social_links_color":"","ocean_menu_social_hover_links_color":"","ocean_disable_title":"default","ocean_disable_heading":"default","ocean_post_title":"","ocean_post_subheading":"","ocean_post_title_style":"","ocean_post_title_background_color":"","ocean_post_title_background":0,"ocean_post_title_bg_image_position":"","ocean_post_title_bg_image_attachment":"","ocean_post_title_bg_image_repeat":"","ocean_post_title_bg_image_size":"","ocean_post_title_height":0,"ocean_post_title_bg_overlay":0.5,"ocean_post_title_bg_overlay_color":"","ocean_disable_breadcrumbs":"default","ocean_breadcrumbs_color":"","ocean_breadcrumbs_separator_color":"","ocean_breadcrumbs_links_color":"","ocean_breadcrumbs_links_hover_color":"","ocean_display_footer_widgets":"default","ocean_display_footer_bottom":"default","ocean_custom_footer_template":"0"},"product_brand":[],"product_cat":[111,176,193,117,110],"product_tag":[],"class_list":{"0":"post-5229","1":"product","2":"type-product","3":"status-publish","4":"has-post-thumbnail","6":"product_cat-lakiery-hybrydowe","7":"product_cat-marki","8":"product_cat-neonails-1","9":"product_cat-neonail","10":"product_cat-paznokcie","12":"entry","13":"has-media","15":"first","16":"outofstock","17":"sale","18":"taxable","19":"shipping-taxable","20":"purchasable","21":"product-type-simple","22":"has-product-nav","23":"col","24":"span_1_of_3","25":"owp-content-center","26":"owp-thumbs-layout-horizontal","27":"owp-btn-normal","28":"owp-tabs-layout-horizontal","29":"has-no-thumbnails"},"yoast_head":"<!-- This site is optimized with the Yoast SEO plugin v27.6 - https:\/\/yoast.com\/product\/yoast-seo-wordpress\/ -->\n<title>3w1 Lakier Hybrydowy SIMPLE 7,2 g - Happy - velesnails<\/title>\n<meta name=\"robots\" content=\"index, follow, max-snippet:-1, max-image-preview:large, max-video-preview:-1\" \/>\n<link rel=\"canonical\" href=\"https:\/\/velesnails.pl\/uk\/product\/\u043a\u043e\u043f\u0456\u044f3w1-lakier-hybrydowy-simple-72-g-happy\/\" \/>\n<meta property=\"og:locale\" content=\"uk_UA\" \/>\n<meta property=\"og:type\" content=\"article\" \/>\n<meta property=\"og:title\" content=\"3w1 Lakier Hybrydowy SIMPLE 7,2 g - Happy - velesnails\" \/>\n<meta property=\"og:description\" content=\"3w1 Lakier Hybrydowy SIMPLE 7,2 g &#8211; HAPPY\u00a0Happy to lakier hybrydowy 3w1\u00a0z\u00a0zimowej kolekcji produkt\u00f3w z\u00a0serii SIMPLE. Jest to przepi\u0119kny, klimatyczny odcie\u0144 przypominaj\u0105cy swoj\u0105 barw\u0105\u00a0gor\u0105c\u0105 czekolad\u0119 z\u00a0piankami.\u00a0Ten\u00a0ciemno be\u017cowy niezwykle uniwersalny kolor\u00a0wspaniale wpisuje si\u0119 w\u00a0najnowsze trendy, wi\u0119c\u00a0z jego pomoc\u0105 stworzysz naprawd\u0119 modne mani na\u00a0aktualny sezon zimowy. Wystarczy, \u017ce\u00a0za\u0142o\u017cysz ten be\u017cowy lakier hybrydowy 3w1, utwardzisz go w\u00a0lampie i\u00a0stylizacja [&hellip;]\" \/>\n<meta property=\"og:url\" content=\"https:\/\/velesnails.pl\/uk\/product\/\u043a\u043e\u043f\u0456\u044f3w1-lakier-hybrydowy-simple-72-g-happy\/\" \/>\n<meta property=\"og:site_name\" content=\"velesnails\" \/>\n<meta property=\"article:modified_time\" content=\"2025-10-27T11:24:57+00:00\" \/>\n<meta property=\"og:image\" content=\"https:\/\/velesnails.pl\/wp-content\/uploads\/2024\/10\/\u0417\u043d\u0456\u043c\u043e\u043a-\u0435\u043a\u0440\u0430\u043d\u0430-2024-10-11-144008.png\" \/>\n\t<meta property=\"og:image:width\" content=\"782\" \/>\n\t<meta property=\"og:image:height\" content=\"591\" \/>\n\t<meta property=\"og:image:type\" content=\"image\/png\" \/>\n<meta name=\"twitter:card\" content=\"summary_large_image\" \/>\n<meta name=\"twitter:label1\" content=\"\u041f\u0440\u0438\u0431\u043b. \u0447\u0430\u0441 \u0447\u0438\u0442\u0430\u043d\u043d\u044f\" \/>\n\t<meta name=\"twitter:data1\" content=\"1 \u0445\u0432\u0438\u043b\u0438\u043d\u0430\" \/>\n<script type=\"application\/ld+json\" class=\"yoast-schema-graph\">{\"@context\":\"https:\\\/\\\/schema.org\",\"@graph\":[{\"@type\":\"WebPage\",\"@id\":\"https:\\\/\\\/velesnails.pl\\\/product\\\/%d0%ba%d0%be%d0%bf%d1%96%d1%8f3w1-lakier-hybrydowy-simple-72-g-happy\\\/\",\"url\":\"https:\\\/\\\/velesnails.pl\\\/product\\\/%d0%ba%d0%be%d0%bf%d1%96%d1%8f3w1-lakier-hybrydowy-simple-72-g-happy\\\/\",\"name\":\"3w1 Lakier Hybrydowy SIMPLE 7,2 g - Happy - velesnails\",\"isPartOf\":{\"@id\":\"https:\\\/\\\/velesnails.pl\\\/#website\"},\"primaryImageOfPage\":{\"@id\":\"https:\\\/\\\/velesnails.pl\\\/product\\\/%d0%ba%d0%be%d0%bf%d1%96%d1%8f3w1-lakier-hybrydowy-simple-72-g-happy\\\/#primaryimage\"},\"image\":{\"@id\":\"https:\\\/\\\/velesnails.pl\\\/product\\\/%d0%ba%d0%be%d0%bf%d1%96%d1%8f3w1-lakier-hybrydowy-simple-72-g-happy\\\/#primaryimage\"},\"thumbnailUrl\":\"https:\\\/\\\/i0.wp.com\\\/velesnails.pl\\\/wp-content\\\/uploads\\\/2024\\\/10\\\/%D0%97%D0%BD%D1%96%D0%BC%D0%BE%D0%BA-%D0%B5%D0%BA%D1%80%D0%B0%D0%BD%D0%B0-2024-10-11-144008.png?fit=782%2C591&ssl=1\",\"datePublished\":\"2024-10-11T12:39:27+00:00\",\"dateModified\":\"2025-10-27T11:24:57+00:00\",\"breadcrumb\":{\"@id\":\"https:\\\/\\\/velesnails.pl\\\/product\\\/%d0%ba%d0%be%d0%bf%d1%96%d1%8f3w1-lakier-hybrydowy-simple-72-g-happy\\\/#breadcrumb\"},\"inLanguage\":\"uk\",\"potentialAction\":[{\"@type\":\"ReadAction\",\"target\":[\"https:\\\/\\\/velesnails.pl\\\/product\\\/%d0%ba%d0%be%d0%bf%d1%96%d1%8f3w1-lakier-hybrydowy-simple-72-g-happy\\\/\"]}]},{\"@type\":\"ImageObject\",\"inLanguage\":\"uk\",\"@id\":\"https:\\\/\\\/velesnails.pl\\\/product\\\/%d0%ba%d0%be%d0%bf%d1%96%d1%8f3w1-lakier-hybrydowy-simple-72-g-happy\\\/#primaryimage\",\"url\":\"https:\\\/\\\/i0.wp.com\\\/velesnails.pl\\\/wp-content\\\/uploads\\\/2024\\\/10\\\/%D0%97%D0%BD%D1%96%D0%BC%D0%BE%D0%BA-%D0%B5%D0%BA%D1%80%D0%B0%D0%BD%D0%B0-2024-10-11-144008.png?fit=782%2C591&ssl=1\",\"contentUrl\":\"https:\\\/\\\/i0.wp.com\\\/velesnails.pl\\\/wp-content\\\/uploads\\\/2024\\\/10\\\/%D0%97%D0%BD%D1%96%D0%BC%D0%BE%D0%BA-%D0%B5%D0%BA%D1%80%D0%B0%D0%BD%D0%B0-2024-10-11-144008.png?fit=782%2C591&ssl=1\",\"width\":782,\"height\":591},{\"@type\":\"BreadcrumbList\",\"@id\":\"https:\\\/\\\/velesnails.pl\\\/product\\\/%d0%ba%d0%be%d0%bf%d1%96%d1%8f3w1-lakier-hybrydowy-simple-72-g-happy\\\/#breadcrumb\",\"itemListElement\":[{\"@type\":\"ListItem\",\"position\":1,\"name\":\"\u0413\u043e\u043b\u043e\u0432\u043d\u0430\",\"item\":\"https:\\\/\\\/velesnails.pl\\\/\"},{\"@type\":\"ListItem\",\"position\":2,\"name\":\"Sklep\",\"item\":\"https:\\\/\\\/velesnails.pl\\\/shop\\\/\"},{\"@type\":\"ListItem\",\"position\":3,\"name\":\"3w1 Lakier Hybrydowy SIMPLE 7,2 g &#8211; Happy\"}]},{\"@type\":\"WebSite\",\"@id\":\"https:\\\/\\\/velesnails.pl\\\/#website\",\"url\":\"https:\\\/\\\/velesnails.pl\\\/\",\"name\":\"velesnails\",\"description\":\"Sklep z manicure\",\"publisher\":{\"@id\":\"https:\\\/\\\/velesnails.pl\\\/#organization\"},\"potentialAction\":[{\"@type\":\"SearchAction\",\"target\":{\"@type\":\"EntryPoint\",\"urlTemplate\":\"https:\\\/\\\/velesnails.pl\\\/?s={search_term_string}\"},\"query-input\":{\"@type\":\"PropertyValueSpecification\",\"valueRequired\":true,\"valueName\":\"search_term_string\"}}],\"inLanguage\":\"uk\"},{\"@type\":\"Organization\",\"@id\":\"https:\\\/\\\/velesnails.pl\\\/#organization\",\"name\":\"velesnails\",\"url\":\"https:\\\/\\\/velesnails.pl\\\/\",\"logo\":{\"@type\":\"ImageObject\",\"inLanguage\":\"uk\",\"@id\":\"https:\\\/\\\/velesnails.pl\\\/#\\\/schema\\\/logo\\\/image\\\/\",\"url\":\"https:\\\/\\\/i0.wp.com\\\/velesnails.pl\\\/wp-content\\\/uploads\\\/2025\\\/10\\\/cropped-obraz_viber_2025-10-22_13-55-55-969.jpg?fit=485%2C381&ssl=1\",\"contentUrl\":\"https:\\\/\\\/i0.wp.com\\\/velesnails.pl\\\/wp-content\\\/uploads\\\/2025\\\/10\\\/cropped-obraz_viber_2025-10-22_13-55-55-969.jpg?fit=485%2C381&ssl=1\",\"width\":485,\"height\":381,\"caption\":\"velesnails\"},\"image\":{\"@id\":\"https:\\\/\\\/velesnails.pl\\\/#\\\/schema\\\/logo\\\/image\\\/\"}}]}<\/script>\n<!-- \/ Yoast SEO plugin. -->","yoast_head_json":{"title":"3w1 Lakier Hybrydowy SIMPLE 7,2 g - Happy - velesnails","robots":{"index":"index","follow":"follow","max-snippet":"max-snippet:-1","max-image-preview":"max-image-preview:large","max-video-preview":"max-video-preview:-1"},"canonical":"https:\/\/velesnails.pl\/uk\/product\/\u043a\u043e\u043f\u0456\u044f3w1-lakier-hybrydowy-simple-72-g-happy\/","og_locale":"uk_UA","og_type":"article","og_title":"3w1 Lakier Hybrydowy SIMPLE 7,2 g - Happy - velesnails","og_description":"3w1 Lakier Hybrydowy SIMPLE 7,2 g &#8211; HAPPY\u00a0Happy to lakier hybrydowy 3w1\u00a0z\u00a0zimowej kolekcji produkt\u00f3w z\u00a0serii SIMPLE. Jest to przepi\u0119kny, klimatyczny odcie\u0144 przypominaj\u0105cy swoj\u0105 barw\u0105\u00a0gor\u0105c\u0105 czekolad\u0119 z\u00a0piankami.\u00a0Ten\u00a0ciemno be\u017cowy niezwykle uniwersalny kolor\u00a0wspaniale wpisuje si\u0119 w\u00a0najnowsze trendy, wi\u0119c\u00a0z jego pomoc\u0105 stworzysz naprawd\u0119 modne mani na\u00a0aktualny sezon zimowy. Wystarczy, \u017ce\u00a0za\u0142o\u017cysz ten be\u017cowy lakier hybrydowy 3w1, utwardzisz go w\u00a0lampie i\u00a0stylizacja [&hellip;]","og_url":"https:\/\/velesnails.pl\/uk\/product\/\u043a\u043e\u043f\u0456\u044f3w1-lakier-hybrydowy-simple-72-g-happy\/","og_site_name":"velesnails","article_modified_time":"2025-10-27T11:24:57+00:00","og_image":[{"width":782,"height":591,"url":"https:\/\/velesnails.pl\/wp-content\/uploads\/2024\/10\/\u0417\u043d\u0456\u043c\u043e\u043a-\u0435\u043a\u0440\u0430\u043d\u0430-2024-10-11-144008.png","type":"image\/png"}],"twitter_card":"summary_large_image","twitter_misc":{"\u041f\u0440\u0438\u0431\u043b. \u0447\u0430\u0441 \u0447\u0438\u0442\u0430\u043d\u043d\u044f":"1 \u0445\u0432\u0438\u043b\u0438\u043d\u0430"},"schema":{"@context":"https:\/\/schema.org","@graph":[{"@type":"WebPage","@id":"https:\/\/velesnails.pl\/product\/%d0%ba%d0%be%d0%bf%d1%96%d1%8f3w1-lakier-hybrydowy-simple-72-g-happy\/","url":"https:\/\/velesnails.pl\/product\/%d0%ba%d0%be%d0%bf%d1%96%d1%8f3w1-lakier-hybrydowy-simple-72-g-happy\/","name":"3w1 Lakier Hybrydowy SIMPLE 7,2 g - Happy - velesnails","isPartOf":{"@id":"https:\/\/velesnails.pl\/#website"},"primaryImageOfPage":{"@id":"https:\/\/velesnails.pl\/product\/%d0%ba%d0%be%d0%bf%d1%96%d1%8f3w1-lakier-hybrydowy-simple-72-g-happy\/#primaryimage"},"image":{"@id":"https:\/\/velesnails.pl\/product\/%d0%ba%d0%be%d0%bf%d1%96%d1%8f3w1-lakier-hybrydowy-simple-72-g-happy\/#primaryimage"},"thumbnailUrl":"https:\/\/i0.wp.com\/velesnails.pl\/wp-content\/uploads\/2024\/10\/%D0%97%D0%BD%D1%96%D0%BC%D0%BE%D0%BA-%D0%B5%D0%BA%D1%80%D0%B0%D0%BD%D0%B0-2024-10-11-144008.png?fit=782%2C591&ssl=1","datePublished":"2024-10-11T12:39:27+00:00","dateModified":"2025-10-27T11:24:57+00:00","breadcrumb":{"@id":"https:\/\/velesnails.pl\/product\/%d0%ba%d0%be%d0%bf%d1%96%d1%8f3w1-lakier-hybrydowy-simple-72-g-happy\/#breadcrumb"},"inLanguage":"uk","potentialAction":[{"@type":"ReadAction","target":["https:\/\/velesnails.pl\/product\/%d0%ba%d0%be%d0%bf%d1%96%d1%8f3w1-lakier-hybrydowy-simple-72-g-happy\/"]}]},{"@type":"ImageObject","inLanguage":"uk","@id":"https:\/\/velesnails.pl\/product\/%d0%ba%d0%be%d0%bf%d1%96%d1%8f3w1-lakier-hybrydowy-simple-72-g-happy\/#primaryimage","url":"https:\/\/i0.wp.com\/velesnails.pl\/wp-content\/uploads\/2024\/10\/%D0%97%D0%BD%D1%96%D0%BC%D0%BE%D0%BA-%D0%B5%D0%BA%D1%80%D0%B0%D0%BD%D0%B0-2024-10-11-144008.png?fit=782%2C591&ssl=1","contentUrl":"https:\/\/i0.wp.com\/velesnails.pl\/wp-content\/uploads\/2024\/10\/%D0%97%D0%BD%D1%96%D0%BC%D0%BE%D0%BA-%D0%B5%D0%BA%D1%80%D0%B0%D0%BD%D0%B0-2024-10-11-144008.png?fit=782%2C591&ssl=1","width":782,"height":591},{"@type":"BreadcrumbList","@id":"https:\/\/velesnails.pl\/product\/%d0%ba%d0%be%d0%bf%d1%96%d1%8f3w1-lakier-hybrydowy-simple-72-g-happy\/#breadcrumb","itemListElement":[{"@type":"ListItem","position":1,"name":"\u0413\u043e\u043b\u043e\u0432\u043d\u0430","item":"https:\/\/velesnails.pl\/"},{"@type":"ListItem","position":2,"name":"Sklep","item":"https:\/\/velesnails.pl\/shop\/"},{"@type":"ListItem","position":3,"name":"3w1 Lakier Hybrydowy SIMPLE 7,2 g &#8211; Happy"}]},{"@type":"WebSite","@id":"https:\/\/velesnails.pl\/#website","url":"https:\/\/velesnails.pl\/","name":"\u0432\u0435\u043b\u0435\u0441\u043e\u0432\u0456 \u043d\u0456\u0433\u0442\u0456","description":"\u041c\u0430\u043d\u0456\u043a\u044e\u0440\u043d\u0438\u0439 \u0441\u0430\u043b\u043e\u043d","publisher":{"@id":"https:\/\/velesnails.pl\/#organization"},"potentialAction":[{"@type":"SearchAction","target":{"@type":"EntryPoint","urlTemplate":"https:\/\/velesnails.pl\/?s={search_term_string}"},"query-input":{"@type":"PropertyValueSpecification","valueRequired":true,"valueName":"search_term_string"}}],"inLanguage":"uk"},{"@type":"Organization","@id":"https:\/\/velesnails.pl\/#organization","name":"\u0432\u0435\u043b\u0435\u0441\u043e\u0432\u0456 \u043d\u0456\u0433\u0442\u0456","url":"https:\/\/velesnails.pl\/","logo":{"@type":"ImageObject","inLanguage":"uk","@id":"https:\/\/velesnails.pl\/#\/schema\/logo\/image\/","url":"https:\/\/i0.wp.com\/velesnails.pl\/wp-content\/uploads\/2025\/10\/cropped-obraz_viber_2025-10-22_13-55-55-969.jpg?fit=485%2C381&ssl=1","contentUrl":"https:\/\/i0.wp.com\/velesnails.pl\/wp-content\/uploads\/2025\/10\/cropped-obraz_viber_2025-10-22_13-55-55-969.jpg?fit=485%2C381&ssl=1","width":485,"height":381,"caption":"velesnails"},"image":{"@id":"https:\/\/velesnails.pl\/#\/schema\/logo\/image\/"}}]}},"_links":{"self":[{"href":"https:\/\/velesnails.pl\/uk\/wp-json\/wp\/v2\/product\/5229","targetHints":{"allow":["GET"]}}],"collection":[{"href":"https:\/\/velesnails.pl\/uk\/wp-json\/wp\/v2\/product"}],"about":[{"href":"https:\/\/velesnails.pl\/uk\/wp-json\/wp\/v2\/types\/product"}],"replies":[{"embeddable":true,"href":"https:\/\/velesnails.pl\/uk\/wp-json\/wp\/v2\/comments?post=5229"}],"wp:featuredmedia":[{"embeddable":true,"href":"https:\/\/velesnails.pl\/uk\/wp-json\/wp\/v2\/media\/5230"}],"wp:attachment":[{"href":"https:\/\/velesnails.pl\/uk\/wp-json\/wp\/v2\/media?parent=5229"}],"wp:term":[{"taxonomy":"product_brand","embeddable":true,"href":"https:\/\/velesnails.pl\/uk\/wp-json\/wp\/v2\/product_brand?post=5229"},{"taxonomy":"product_cat","embeddable":true,"href":"https:\/\/velesnails.pl\/uk\/wp-json\/wp\/v2\/product_cat?post=5229"},{"taxonomy":"product_tag","embeddable":true,"href":"https:\/\/velesnails.pl\/uk\/wp-json\/wp\/v2\/product_tag?post=5229"}],"curies":[{"name":"wp","href":"https:\/\/api.w.org\/{rel}","templated":true}]}}