{"id":5215,"date":"2024-10-11T14:59:54","date_gmt":"2024-10-11T11:59:54","guid":{"rendered":"https:\/\/velesnails.pl\/?post_type=product&#038;p=5215"},"modified":"2025-10-27T14:24:58","modified_gmt":"2025-10-27T11:24:58","slug":"lakier-hybrydowy-72-ml-no-risk-no-story","status":"publish","type":"product","link":"https:\/\/velesnails.pl\/uk\/product\/lakier-hybrydowy-72-ml-no-risk-no-story\/","title":{"rendered":"Lakier hybrydowy 7,2 ml &#8211; No risk, No story"},"content":{"rendered":"<h2 class=\"h1 single-product__box-title\">Lakier hybrydowy 7,2 ml &#8211; No risk, No story<\/h2>\n<div class=\"product-textcontent\">\n<p><strong>No risk, No story\u00a0<\/strong>to\u00a0<strong>fioletowy\u00a0lakier hybrydowy\u00a0ze \u015bliwkowym akcentem<\/strong>. Produkt pomo\u017ce Ci wej\u015b\u0107 w\u00a0<strong>trendy manicure na\u00a0jesie\u0144 2024<\/strong>! Poznaj jeden z\u00a0<strong>7 kolor\u00f3w\u00a0kolekcji Let\u2019s Make Memories<\/strong>.\u00a0 Zaryzykuj prze\u017cycie ciekawej przygody! Lakier daje\u00a0<strong>pe\u0142ne krycie<\/strong>\u00a0i\u00a0zawsze nieskazitelny klasyczny efekt. Zapisz pi\u0119kno obecnej chwili we wspomnieniach lub\u00a0na fotografiach, pozuj\u0105c do nich z\u00a0atrakcyjnym manicure.<\/p>\n<p>Lakier cechuje\u00a0<strong>odpowiednia konsystencja<\/strong>, dzi\u0119ki czemu uzyskasz\u00a0<strong>po\u0142yskuj\u0105cy,<\/strong>\u00a0<strong>trwa\u0142y manicure a\u017c do 21 dni<\/strong>. Tej jesieni b\u0119d\u0105 kr\u00f3lowa\u0107 nasycone, spokojne barwy, czerpi\u0105ce z\u00a0naturalnych pigment\u00f3w. Wyczaruj\u00a0<strong>fioletowy manicure<\/strong>, aby ka\u017cdy moment prze\u017cywa\u0107 jak najlepsz\u0105 przygod\u0119. Nie masz do\u015bwiadczenia? Na szcz\u0119\u015bcie czeka Ci\u0119\u00a0<strong>\u0142atwa aplikacja<\/strong>! Odpowiednia g\u0119sto\u015b\u0107 lakieru gwarantuje, \u017ce\u00a0nie zalejesz sk\u00f3rek i\u00a0unikniesz smug. W\u0142a\u015bnie dlatego\u00a0produkt jest\u00a0<strong>idealny dla os\u00f3b pocz\u0105tkuj\u0105cych<\/strong>. Utwardzaj go\u00a0w lampie LED lub\u00a0UV, by lakier by\u0142 gotowy b\u0142yskawiczn<\/p>\n<\/div>\n<div class=\"product-textcontent\">\n<p>&nbsp;<\/p>\n<\/div>\n<p>Ingredients: Bis-HPMA Poly(Butylene\/Hexamethylene Carbonate)\/IPDI Copolymer, Hydroxypropyl Methacrylate, Sucrose Benzoate, Bis-Trimethylbenzoyl Phenylphosphine Oxide, Ethyl Trimethylbenzoyl Phenylphosphinate, Silica, BHT, p-Hydroxyanisole, +\/- CI 77891, CI 77491, CI 77510, CI 77289, CI 77492, CI 77499, CI 77742, CI 15850, CI 74260, CI 77266, CI 74160, CI 15880, CI 15985, CI 19140, CI 12490.<\/p>\n<p>Tylko do u\u017cytku profesjonalnego. Prosz\u0119 uwa\u017cnie przeczyta\u0107 spos\u00f3b u\u017cycia. Unika\u0107 kontaktu ze sk\u00f3r\u0105. Unika\u0107 kontaktu z oczami. Mo\u017ce powodowa\u0107 reakcj\u0119 alergiczn\u0105. Zaprzesta\u0107 stosowania przy wyst\u0105pieniu podra\u017cnienia. Przechowywa\u0107 z dala od dzieci.<\/p>","protected":false},"excerpt":{"rendered":"<p>Lakier hybrydowy 7,2 ml &#8211; No risk, No story No risk, No story\u00a0to\u00a0fioletowy\u00a0lakier hybrydowy\u00a0ze \u015bliwkowym akcentem. Produkt pomo\u017ce Ci wej\u015b\u0107 w\u00a0trendy manicure na\u00a0jesie\u0144 2024! Poznaj jeden z\u00a07 kolor\u00f3w\u00a0kolekcji Let\u2019s Make Memories.\u00a0 Zaryzykuj prze\u017cycie ciekawej przygody! Lakier daje\u00a0pe\u0142ne krycie\u00a0i\u00a0zawsze nieskazitelny klasyczny efekt. Zapisz pi\u0119kno obecnej chwili we wspomnieniach lub\u00a0na fotografiach, pozuj\u0105c do nich z\u00a0atrakcyjnym manicure. Lakier [&hellip;]<\/p>\n","protected":false},"featured_media":5216,"comment_status":"closed","ping_status":"closed","template":"","meta":{"om_disable_all_campaigns":false,"ocean_post_layout":"","ocean_both_sidebars_style":"","ocean_both_sidebars_content_width":0,"ocean_both_sidebars_sidebars_width":0,"ocean_sidebar":"0","ocean_second_sidebar":"0","ocean_disable_margins":"enable","ocean_add_body_class":"","ocean_shortcode_before_top_bar":"","ocean_shortcode_after_top_bar":"","ocean_shortcode_before_header":"","ocean_shortcode_after_header":"","ocean_has_shortcode":"","ocean_shortcode_after_title":"","ocean_shortcode_before_footer_widgets":"","ocean_shortcode_after_footer_widgets":"","ocean_shortcode_before_footer_bottom":"","ocean_shortcode_after_footer_bottom":"","ocean_display_top_bar":"default","ocean_display_header":"default","ocean_header_style":"","ocean_center_header_left_menu":"0","ocean_custom_header_template":"0","ocean_custom_logo":0,"ocean_custom_retina_logo":0,"ocean_custom_logo_max_width":0,"ocean_custom_logo_tablet_max_width":0,"ocean_custom_logo_mobile_max_width":0,"ocean_custom_logo_max_height":0,"ocean_custom_logo_tablet_max_height":0,"ocean_custom_logo_mobile_max_height":0,"ocean_header_custom_menu":"0","ocean_menu_typo_font_family":"0","ocean_menu_typo_font_subset":"","ocean_menu_typo_font_size":0,"ocean_menu_typo_font_size_tablet":0,"ocean_menu_typo_font_size_mobile":0,"ocean_menu_typo_font_size_unit":"px","ocean_menu_typo_font_weight":"","ocean_menu_typo_font_weight_tablet":"","ocean_menu_typo_font_weight_mobile":"","ocean_menu_typo_transform":"","ocean_menu_typo_transform_tablet":"","ocean_menu_typo_transform_mobile":"","ocean_menu_typo_line_height":0,"ocean_menu_typo_line_height_tablet":0,"ocean_menu_typo_line_height_mobile":0,"ocean_menu_typo_line_height_unit":"","ocean_menu_typo_spacing":0,"ocean_menu_typo_spacing_tablet":0,"ocean_menu_typo_spacing_mobile":0,"ocean_menu_typo_spacing_unit":"","ocean_menu_link_color":"","ocean_menu_link_color_hover":"","ocean_menu_link_color_active":"","ocean_menu_link_background":"","ocean_menu_link_hover_background":"","ocean_menu_link_active_background":"","ocean_menu_social_links_bg":"","ocean_menu_social_hover_links_bg":"","ocean_menu_social_links_color":"","ocean_menu_social_hover_links_color":"","ocean_disable_title":"default","ocean_disable_heading":"default","ocean_post_title":"","ocean_post_subheading":"","ocean_post_title_style":"","ocean_post_title_background_color":"","ocean_post_title_background":0,"ocean_post_title_bg_image_position":"","ocean_post_title_bg_image_attachment":"","ocean_post_title_bg_image_repeat":"","ocean_post_title_bg_image_size":"","ocean_post_title_height":0,"ocean_post_title_bg_overlay":0.5,"ocean_post_title_bg_overlay_color":"","ocean_disable_breadcrumbs":"default","ocean_breadcrumbs_color":"","ocean_breadcrumbs_separator_color":"","ocean_breadcrumbs_links_color":"","ocean_breadcrumbs_links_hover_color":"","ocean_display_footer_widgets":"default","ocean_display_footer_bottom":"default","ocean_custom_footer_template":"0"},"product_brand":[],"product_cat":[111,176,193,117,110],"product_tag":[],"class_list":{"0":"post-5215","1":"product","2":"type-product","3":"status-publish","4":"has-post-thumbnail","6":"product_cat-lakiery-hybrydowe","7":"product_cat-marki","8":"product_cat-neonails-1","9":"product_cat-neonail","10":"product_cat-paznokcie","12":"entry","13":"has-media","15":"first","16":"instock","17":"sale","18":"taxable","19":"shipping-taxable","20":"purchasable","21":"product-type-simple","22":"has-product-nav","23":"col","24":"span_1_of_3","25":"owp-content-center","26":"owp-thumbs-layout-horizontal","27":"owp-btn-normal","28":"owp-tabs-layout-horizontal"},"yoast_head":"<!-- This site is optimized with the Yoast SEO plugin v27.6 - https:\/\/yoast.com\/product\/yoast-seo-wordpress\/ -->\n<title>Lakier hybrydowy 7,2 ml - No risk, No story - velesnails<\/title>\n<meta name=\"robots\" content=\"index, follow, max-snippet:-1, max-image-preview:large, max-video-preview:-1\" \/>\n<link rel=\"canonical\" href=\"https:\/\/velesnails.pl\/uk\/product\/lakier-hybrydowy-72-ml-no-risk-no-story\/\" \/>\n<meta property=\"og:locale\" content=\"uk_UA\" \/>\n<meta property=\"og:type\" content=\"article\" \/>\n<meta property=\"og:title\" content=\"Lakier hybrydowy 7,2 ml - No risk, No story - velesnails\" \/>\n<meta property=\"og:description\" content=\"Lakier hybrydowy 7,2 ml &#8211; No risk, No story No risk, No story\u00a0to\u00a0fioletowy\u00a0lakier hybrydowy\u00a0ze \u015bliwkowym akcentem. Produkt pomo\u017ce Ci wej\u015b\u0107 w\u00a0trendy manicure na\u00a0jesie\u0144 2024! Poznaj jeden z\u00a07 kolor\u00f3w\u00a0kolekcji Let\u2019s Make Memories.\u00a0 Zaryzykuj prze\u017cycie ciekawej przygody! Lakier daje\u00a0pe\u0142ne krycie\u00a0i\u00a0zawsze nieskazitelny klasyczny efekt. Zapisz pi\u0119kno obecnej chwili we wspomnieniach lub\u00a0na fotografiach, pozuj\u0105c do nich z\u00a0atrakcyjnym manicure. Lakier [&hellip;]\" \/>\n<meta property=\"og:url\" content=\"https:\/\/velesnails.pl\/uk\/product\/lakier-hybrydowy-72-ml-no-risk-no-story\/\" \/>\n<meta property=\"og:site_name\" content=\"velesnails\" \/>\n<meta property=\"article:modified_time\" content=\"2025-10-27T11:24:58+00:00\" \/>\n<meta property=\"og:image\" content=\"https:\/\/velesnails.pl\/wp-content\/uploads\/2024\/10\/\u0417\u043d\u0456\u043c\u043e\u043a-\u0435\u043a\u0440\u0430\u043d\u0430-2024-10-11-135938.png\" \/>\n\t<meta property=\"og:image:width\" content=\"781\" \/>\n\t<meta property=\"og:image:height\" content=\"583\" \/>\n\t<meta property=\"og:image:type\" content=\"image\/png\" \/>\n<meta name=\"twitter:card\" content=\"summary_large_image\" \/>\n<meta name=\"twitter:label1\" content=\"\u041f\u0440\u0438\u0431\u043b. \u0447\u0430\u0441 \u0447\u0438\u0442\u0430\u043d\u043d\u044f\" \/>\n\t<meta name=\"twitter:data1\" content=\"1 \u0445\u0432\u0438\u043b\u0438\u043d\u0430\" \/>\n<script type=\"application\/ld+json\" class=\"yoast-schema-graph\">{\"@context\":\"https:\\\/\\\/schema.org\",\"@graph\":[{\"@type\":\"WebPage\",\"@id\":\"https:\\\/\\\/velesnails.pl\\\/product\\\/lakier-hybrydowy-72-ml-no-risk-no-story\\\/\",\"url\":\"https:\\\/\\\/velesnails.pl\\\/product\\\/lakier-hybrydowy-72-ml-no-risk-no-story\\\/\",\"name\":\"Lakier hybrydowy 7,2 ml - No risk, No story - velesnails\",\"isPartOf\":{\"@id\":\"https:\\\/\\\/velesnails.pl\\\/#website\"},\"primaryImageOfPage\":{\"@id\":\"https:\\\/\\\/velesnails.pl\\\/product\\\/lakier-hybrydowy-72-ml-no-risk-no-story\\\/#primaryimage\"},\"image\":{\"@id\":\"https:\\\/\\\/velesnails.pl\\\/product\\\/lakier-hybrydowy-72-ml-no-risk-no-story\\\/#primaryimage\"},\"thumbnailUrl\":\"https:\\\/\\\/i0.wp.com\\\/velesnails.pl\\\/wp-content\\\/uploads\\\/2024\\\/10\\\/%D0%97%D0%BD%D1%96%D0%BC%D0%BE%D0%BA-%D0%B5%D0%BA%D1%80%D0%B0%D0%BD%D0%B0-2024-10-11-135938.png?fit=781%2C583&ssl=1\",\"datePublished\":\"2024-10-11T11:59:54+00:00\",\"dateModified\":\"2025-10-27T11:24:58+00:00\",\"breadcrumb\":{\"@id\":\"https:\\\/\\\/velesnails.pl\\\/product\\\/lakier-hybrydowy-72-ml-no-risk-no-story\\\/#breadcrumb\"},\"inLanguage\":\"uk\",\"potentialAction\":[{\"@type\":\"ReadAction\",\"target\":[\"https:\\\/\\\/velesnails.pl\\\/product\\\/lakier-hybrydowy-72-ml-no-risk-no-story\\\/\"]}]},{\"@type\":\"ImageObject\",\"inLanguage\":\"uk\",\"@id\":\"https:\\\/\\\/velesnails.pl\\\/product\\\/lakier-hybrydowy-72-ml-no-risk-no-story\\\/#primaryimage\",\"url\":\"https:\\\/\\\/i0.wp.com\\\/velesnails.pl\\\/wp-content\\\/uploads\\\/2024\\\/10\\\/%D0%97%D0%BD%D1%96%D0%BC%D0%BE%D0%BA-%D0%B5%D0%BA%D1%80%D0%B0%D0%BD%D0%B0-2024-10-11-135938.png?fit=781%2C583&ssl=1\",\"contentUrl\":\"https:\\\/\\\/i0.wp.com\\\/velesnails.pl\\\/wp-content\\\/uploads\\\/2024\\\/10\\\/%D0%97%D0%BD%D1%96%D0%BC%D0%BE%D0%BA-%D0%B5%D0%BA%D1%80%D0%B0%D0%BD%D0%B0-2024-10-11-135938.png?fit=781%2C583&ssl=1\",\"width\":781,\"height\":583},{\"@type\":\"BreadcrumbList\",\"@id\":\"https:\\\/\\\/velesnails.pl\\\/product\\\/lakier-hybrydowy-72-ml-no-risk-no-story\\\/#breadcrumb\",\"itemListElement\":[{\"@type\":\"ListItem\",\"position\":1,\"name\":\"\u0413\u043e\u043b\u043e\u0432\u043d\u0430\",\"item\":\"https:\\\/\\\/velesnails.pl\\\/\"},{\"@type\":\"ListItem\",\"position\":2,\"name\":\"Sklep\",\"item\":\"https:\\\/\\\/velesnails.pl\\\/shop\\\/\"},{\"@type\":\"ListItem\",\"position\":3,\"name\":\"Lakier hybrydowy 7,2 ml &#8211; No risk, No story\"}]},{\"@type\":\"WebSite\",\"@id\":\"https:\\\/\\\/velesnails.pl\\\/#website\",\"url\":\"https:\\\/\\\/velesnails.pl\\\/\",\"name\":\"velesnails\",\"description\":\"Sklep z manicure\",\"publisher\":{\"@id\":\"https:\\\/\\\/velesnails.pl\\\/#organization\"},\"potentialAction\":[{\"@type\":\"SearchAction\",\"target\":{\"@type\":\"EntryPoint\",\"urlTemplate\":\"https:\\\/\\\/velesnails.pl\\\/?s={search_term_string}\"},\"query-input\":{\"@type\":\"PropertyValueSpecification\",\"valueRequired\":true,\"valueName\":\"search_term_string\"}}],\"inLanguage\":\"uk\"},{\"@type\":\"Organization\",\"@id\":\"https:\\\/\\\/velesnails.pl\\\/#organization\",\"name\":\"velesnails\",\"url\":\"https:\\\/\\\/velesnails.pl\\\/\",\"logo\":{\"@type\":\"ImageObject\",\"inLanguage\":\"uk\",\"@id\":\"https:\\\/\\\/velesnails.pl\\\/#\\\/schema\\\/logo\\\/image\\\/\",\"url\":\"https:\\\/\\\/i0.wp.com\\\/velesnails.pl\\\/wp-content\\\/uploads\\\/2025\\\/10\\\/cropped-obraz_viber_2025-10-22_13-55-55-969.jpg?fit=485%2C381&ssl=1\",\"contentUrl\":\"https:\\\/\\\/i0.wp.com\\\/velesnails.pl\\\/wp-content\\\/uploads\\\/2025\\\/10\\\/cropped-obraz_viber_2025-10-22_13-55-55-969.jpg?fit=485%2C381&ssl=1\",\"width\":485,\"height\":381,\"caption\":\"velesnails\"},\"image\":{\"@id\":\"https:\\\/\\\/velesnails.pl\\\/#\\\/schema\\\/logo\\\/image\\\/\"}}]}<\/script>\n<!-- \/ Yoast SEO plugin. -->","yoast_head_json":{"title":"Lakier hybrydowy 7,2 ml - No risk, No story - velesnails","robots":{"index":"index","follow":"follow","max-snippet":"max-snippet:-1","max-image-preview":"max-image-preview:large","max-video-preview":"max-video-preview:-1"},"canonical":"https:\/\/velesnails.pl\/uk\/product\/lakier-hybrydowy-72-ml-no-risk-no-story\/","og_locale":"uk_UA","og_type":"article","og_title":"Lakier hybrydowy 7,2 ml - No risk, No story - velesnails","og_description":"Lakier hybrydowy 7,2 ml &#8211; No risk, No story No risk, No story\u00a0to\u00a0fioletowy\u00a0lakier hybrydowy\u00a0ze \u015bliwkowym akcentem. Produkt pomo\u017ce Ci wej\u015b\u0107 w\u00a0trendy manicure na\u00a0jesie\u0144 2024! Poznaj jeden z\u00a07 kolor\u00f3w\u00a0kolekcji Let\u2019s Make Memories.\u00a0 Zaryzykuj prze\u017cycie ciekawej przygody! Lakier daje\u00a0pe\u0142ne krycie\u00a0i\u00a0zawsze nieskazitelny klasyczny efekt. Zapisz pi\u0119kno obecnej chwili we wspomnieniach lub\u00a0na fotografiach, pozuj\u0105c do nich z\u00a0atrakcyjnym manicure. Lakier [&hellip;]","og_url":"https:\/\/velesnails.pl\/uk\/product\/lakier-hybrydowy-72-ml-no-risk-no-story\/","og_site_name":"velesnails","article_modified_time":"2025-10-27T11:24:58+00:00","og_image":[{"width":781,"height":583,"url":"https:\/\/velesnails.pl\/wp-content\/uploads\/2024\/10\/\u0417\u043d\u0456\u043c\u043e\u043a-\u0435\u043a\u0440\u0430\u043d\u0430-2024-10-11-135938.png","type":"image\/png"}],"twitter_card":"summary_large_image","twitter_misc":{"\u041f\u0440\u0438\u0431\u043b. \u0447\u0430\u0441 \u0447\u0438\u0442\u0430\u043d\u043d\u044f":"1 \u0445\u0432\u0438\u043b\u0438\u043d\u0430"},"schema":{"@context":"https:\/\/schema.org","@graph":[{"@type":"WebPage","@id":"https:\/\/velesnails.pl\/product\/lakier-hybrydowy-72-ml-no-risk-no-story\/","url":"https:\/\/velesnails.pl\/product\/lakier-hybrydowy-72-ml-no-risk-no-story\/","name":"Lakier hybrydowy 7,2 ml - No risk, No story - velesnails","isPartOf":{"@id":"https:\/\/velesnails.pl\/#website"},"primaryImageOfPage":{"@id":"https:\/\/velesnails.pl\/product\/lakier-hybrydowy-72-ml-no-risk-no-story\/#primaryimage"},"image":{"@id":"https:\/\/velesnails.pl\/product\/lakier-hybrydowy-72-ml-no-risk-no-story\/#primaryimage"},"thumbnailUrl":"https:\/\/i0.wp.com\/velesnails.pl\/wp-content\/uploads\/2024\/10\/%D0%97%D0%BD%D1%96%D0%BC%D0%BE%D0%BA-%D0%B5%D0%BA%D1%80%D0%B0%D0%BD%D0%B0-2024-10-11-135938.png?fit=781%2C583&ssl=1","datePublished":"2024-10-11T11:59:54+00:00","dateModified":"2025-10-27T11:24:58+00:00","breadcrumb":{"@id":"https:\/\/velesnails.pl\/product\/lakier-hybrydowy-72-ml-no-risk-no-story\/#breadcrumb"},"inLanguage":"uk","potentialAction":[{"@type":"ReadAction","target":["https:\/\/velesnails.pl\/product\/lakier-hybrydowy-72-ml-no-risk-no-story\/"]}]},{"@type":"ImageObject","inLanguage":"uk","@id":"https:\/\/velesnails.pl\/product\/lakier-hybrydowy-72-ml-no-risk-no-story\/#primaryimage","url":"https:\/\/i0.wp.com\/velesnails.pl\/wp-content\/uploads\/2024\/10\/%D0%97%D0%BD%D1%96%D0%BC%D0%BE%D0%BA-%D0%B5%D0%BA%D1%80%D0%B0%D0%BD%D0%B0-2024-10-11-135938.png?fit=781%2C583&ssl=1","contentUrl":"https:\/\/i0.wp.com\/velesnails.pl\/wp-content\/uploads\/2024\/10\/%D0%97%D0%BD%D1%96%D0%BC%D0%BE%D0%BA-%D0%B5%D0%BA%D1%80%D0%B0%D0%BD%D0%B0-2024-10-11-135938.png?fit=781%2C583&ssl=1","width":781,"height":583},{"@type":"BreadcrumbList","@id":"https:\/\/velesnails.pl\/product\/lakier-hybrydowy-72-ml-no-risk-no-story\/#breadcrumb","itemListElement":[{"@type":"ListItem","position":1,"name":"\u0413\u043e\u043b\u043e\u0432\u043d\u0430","item":"https:\/\/velesnails.pl\/"},{"@type":"ListItem","position":2,"name":"Sklep","item":"https:\/\/velesnails.pl\/shop\/"},{"@type":"ListItem","position":3,"name":"Lakier hybrydowy 7,2 ml &#8211; No risk, No story"}]},{"@type":"WebSite","@id":"https:\/\/velesnails.pl\/#website","url":"https:\/\/velesnails.pl\/","name":"\u0432\u0435\u043b\u0435\u0441\u043e\u0432\u0456 \u043d\u0456\u0433\u0442\u0456","description":"\u041c\u0430\u043d\u0456\u043a\u044e\u0440\u043d\u0438\u0439 \u0441\u0430\u043b\u043e\u043d","publisher":{"@id":"https:\/\/velesnails.pl\/#organization"},"potentialAction":[{"@type":"SearchAction","target":{"@type":"EntryPoint","urlTemplate":"https:\/\/velesnails.pl\/?s={search_term_string}"},"query-input":{"@type":"PropertyValueSpecification","valueRequired":true,"valueName":"search_term_string"}}],"inLanguage":"uk"},{"@type":"Organization","@id":"https:\/\/velesnails.pl\/#organization","name":"\u0432\u0435\u043b\u0435\u0441\u043e\u0432\u0456 \u043d\u0456\u0433\u0442\u0456","url":"https:\/\/velesnails.pl\/","logo":{"@type":"ImageObject","inLanguage":"uk","@id":"https:\/\/velesnails.pl\/#\/schema\/logo\/image\/","url":"https:\/\/i0.wp.com\/velesnails.pl\/wp-content\/uploads\/2025\/10\/cropped-obraz_viber_2025-10-22_13-55-55-969.jpg?fit=485%2C381&ssl=1","contentUrl":"https:\/\/i0.wp.com\/velesnails.pl\/wp-content\/uploads\/2025\/10\/cropped-obraz_viber_2025-10-22_13-55-55-969.jpg?fit=485%2C381&ssl=1","width":485,"height":381,"caption":"velesnails"},"image":{"@id":"https:\/\/velesnails.pl\/#\/schema\/logo\/image\/"}}]}},"_links":{"self":[{"href":"https:\/\/velesnails.pl\/uk\/wp-json\/wp\/v2\/product\/5215","targetHints":{"allow":["GET"]}}],"collection":[{"href":"https:\/\/velesnails.pl\/uk\/wp-json\/wp\/v2\/product"}],"about":[{"href":"https:\/\/velesnails.pl\/uk\/wp-json\/wp\/v2\/types\/product"}],"replies":[{"embeddable":true,"href":"https:\/\/velesnails.pl\/uk\/wp-json\/wp\/v2\/comments?post=5215"}],"wp:featuredmedia":[{"embeddable":true,"href":"https:\/\/velesnails.pl\/uk\/wp-json\/wp\/v2\/media\/5216"}],"wp:attachment":[{"href":"https:\/\/velesnails.pl\/uk\/wp-json\/wp\/v2\/media?parent=5215"}],"wp:term":[{"taxonomy":"product_brand","embeddable":true,"href":"https:\/\/velesnails.pl\/uk\/wp-json\/wp\/v2\/product_brand?post=5215"},{"taxonomy":"product_cat","embeddable":true,"href":"https:\/\/velesnails.pl\/uk\/wp-json\/wp\/v2\/product_cat?post=5215"},{"taxonomy":"product_tag","embeddable":true,"href":"https:\/\/velesnails.pl\/uk\/wp-json\/wp\/v2\/product_tag?post=5215"}],"curies":[{"name":"wp","href":"https:\/\/api.w.org\/{rel}","templated":true}]}}