{"id":5199,"date":"2024-10-11T13:47:20","date_gmt":"2024-10-11T10:47:20","guid":{"rendered":"https:\/\/velesnails.pl\/?post_type=product&#038;p=5199"},"modified":"2025-09-04T17:02:37","modified_gmt":"2025-09-04T14:02:37","slug":"lakier-hybrydowy-wild-story-72-ml","status":"publish","type":"product","link":"https:\/\/velesnails.pl\/uk\/product\/lakier-hybrydowy-wild-story-72-ml\/","title":{"rendered":"Lakier Hybrydowy Wild Story 7,2 ml"},"content":{"rendered":"<p><strong>G\u0142\u0119boka, hipnotyzuj\u0105ca ziele\u0144\u00a0<\/strong>to kolor, kt\u00f3ry wci\u0105\u017c jest modny, inspiruj\u0105cy i\u00a0niezwykle kobiecy, dlatego\u00a0nie mo\u017ce zabrakn\u0105\u0107 go w\u00a0najnowszej kolekcji lakier\u00f3w od NEONAIL! Oto przepi\u0119kny odcie\u0144 Wild Story, kt\u00f3ry jest jednym z\u00a0kolor\u00f3w serii Fall in Colors \u2013 na\u0142\u00f3\u017c go na\u00a0swoje paznokcie, a\u00a0przekonasz si\u0119, \u017ce\u00a0jest naprawd\u0119 wyj\u0105tkowy! To\u00a0<strong>ciemna, g\u0142\u0119boka ziele\u0144<\/strong>\u00a0\u2013 niezwykle\u00a0<strong>elegancka, zmys\u0142owa<\/strong>\u00a0i\u00a0zdecydowanie przyci\u0105gaj\u0105ca wzrok.<\/p>\n<p>Ingredients: Bis-HPMA Poly(Butylene\/Hexamethylene Carbonate)\/IPDI Copolymer, Hydroxypropyl Methacrylate, Sucrose Benzoate, Bis-Trimethylbenzoyl Phenylphosphine Oxide, Ethyl Trimethylbenzoyl Phenylphosphinate, Silica, BHT, p-Hydroxyanisole, +\/- CI 77891, CI 77491, CI 77510, CI 77289, CI 77492, CI 77499, CI 77742, CI 15850, CI 74260, CI 77266, CI 74160, CI 15880, CI 15985, CI 19140, CI 12490.<\/p>\n<p>Tylko do u\u017cytku profesjonalnego. Prosz\u0119 uwa\u017cnie przeczyta\u0107 spos\u00f3b u\u017cycia. Unika\u0107 kontaktu ze sk\u00f3r\u0105. Unika\u0107 kontaktu z oczami. Mo\u017ce powodowa\u0107 reakcj\u0119 alergiczn\u0105. Zaprzesta\u0107 stosowania przy wyst\u0105pieniu podra\u017cnienia. Przechowywa\u0107 z dala od dzieci.<\/p>","protected":false},"excerpt":{"rendered":"<p>G\u0142\u0119boka, hipnotyzuj\u0105ca ziele\u0144\u00a0to kolor, kt\u00f3ry wci\u0105\u017c jest modny, inspiruj\u0105cy i\u00a0niezwykle kobiecy, dlatego\u00a0nie mo\u017ce zabrakn\u0105\u0107 go w\u00a0najnowszej kolekcji lakier\u00f3w od NEONAIL! Oto przepi\u0119kny odcie\u0144 Wild Story, kt\u00f3ry jest jednym z\u00a0kolor\u00f3w serii Fall in Colors \u2013 na\u0142\u00f3\u017c go na\u00a0swoje paznokcie, a\u00a0przekonasz si\u0119, \u017ce\u00a0jest naprawd\u0119 wyj\u0105tkowy! To\u00a0ciemna, g\u0142\u0119boka ziele\u0144\u00a0\u2013 niezwykle\u00a0elegancka, zmys\u0142owa\u00a0i\u00a0zdecydowanie przyci\u0105gaj\u0105ca wzrok. Ingredients: Bis-HPMA Poly(Butylene\/Hexamethylene Carbonate)\/IPDI Copolymer, [&hellip;]<\/p>\n","protected":false},"featured_media":5200,"comment_status":"closed","ping_status":"closed","template":"","meta":{"om_disable_all_campaigns":false,"ocean_post_layout":"","ocean_both_sidebars_style":"","ocean_both_sidebars_content_width":0,"ocean_both_sidebars_sidebars_width":0,"ocean_sidebar":"0","ocean_second_sidebar":"0","ocean_disable_margins":"enable","ocean_add_body_class":"","ocean_shortcode_before_top_bar":"","ocean_shortcode_after_top_bar":"","ocean_shortcode_before_header":"","ocean_shortcode_after_header":"","ocean_has_shortcode":"","ocean_shortcode_after_title":"","ocean_shortcode_before_footer_widgets":"","ocean_shortcode_after_footer_widgets":"","ocean_shortcode_before_footer_bottom":"","ocean_shortcode_after_footer_bottom":"","ocean_display_top_bar":"default","ocean_display_header":"default","ocean_header_style":"","ocean_center_header_left_menu":"0","ocean_custom_header_template":"0","ocean_custom_logo":0,"ocean_custom_retina_logo":0,"ocean_custom_logo_max_width":0,"ocean_custom_logo_tablet_max_width":0,"ocean_custom_logo_mobile_max_width":0,"ocean_custom_logo_max_height":0,"ocean_custom_logo_tablet_max_height":0,"ocean_custom_logo_mobile_max_height":0,"ocean_header_custom_menu":"0","ocean_menu_typo_font_family":"0","ocean_menu_typo_font_subset":"","ocean_menu_typo_font_size":0,"ocean_menu_typo_font_size_tablet":0,"ocean_menu_typo_font_size_mobile":0,"ocean_menu_typo_font_size_unit":"px","ocean_menu_typo_font_weight":"","ocean_menu_typo_font_weight_tablet":"","ocean_menu_typo_font_weight_mobile":"","ocean_menu_typo_transform":"","ocean_menu_typo_transform_tablet":"","ocean_menu_typo_transform_mobile":"","ocean_menu_typo_line_height":0,"ocean_menu_typo_line_height_tablet":0,"ocean_menu_typo_line_height_mobile":0,"ocean_menu_typo_line_height_unit":"","ocean_menu_typo_spacing":0,"ocean_menu_typo_spacing_tablet":0,"ocean_menu_typo_spacing_mobile":0,"ocean_menu_typo_spacing_unit":"","ocean_menu_link_color":"","ocean_menu_link_color_hover":"","ocean_menu_link_color_active":"","ocean_menu_link_background":"","ocean_menu_link_hover_background":"","ocean_menu_link_active_background":"","ocean_menu_social_links_bg":"","ocean_menu_social_hover_links_bg":"","ocean_menu_social_links_color":"","ocean_menu_social_hover_links_color":"","ocean_disable_title":"default","ocean_disable_heading":"default","ocean_post_title":"","ocean_post_subheading":"","ocean_post_title_style":"","ocean_post_title_background_color":"","ocean_post_title_background":0,"ocean_post_title_bg_image_position":"","ocean_post_title_bg_image_attachment":"","ocean_post_title_bg_image_repeat":"","ocean_post_title_bg_image_size":"","ocean_post_title_height":0,"ocean_post_title_bg_overlay":0.5,"ocean_post_title_bg_overlay_color":"","ocean_disable_breadcrumbs":"default","ocean_breadcrumbs_color":"","ocean_breadcrumbs_separator_color":"","ocean_breadcrumbs_links_color":"","ocean_breadcrumbs_links_hover_color":"","ocean_display_footer_widgets":"default","ocean_display_footer_bottom":"default","ocean_custom_footer_template":"0"},"product_brand":[],"product_cat":[111,176,193,117,110],"product_tag":[],"class_list":{"0":"post-5199","1":"product","2":"type-product","3":"status-publish","4":"has-post-thumbnail","6":"product_cat-lakiery-hybrydowe","7":"product_cat-marki","8":"product_cat-neonails-1","9":"product_cat-neonail","10":"product_cat-paznokcie","12":"entry","13":"has-media","15":"first","16":"outofstock","17":"taxable","18":"shipping-taxable","19":"purchasable","20":"product-type-simple","21":"has-product-nav","22":"col","23":"span_1_of_3","24":"owp-content-center","25":"owp-thumbs-layout-horizontal","26":"owp-btn-normal","27":"owp-tabs-layout-horizontal","28":"has-no-thumbnails"},"yoast_head":"<!-- This site is optimized with the Yoast SEO plugin v27.6 - https:\/\/yoast.com\/product\/yoast-seo-wordpress\/ -->\n<title>Lakier Hybrydowy Wild Story 7,2 ml - velesnails<\/title>\n<meta name=\"robots\" content=\"index, follow, max-snippet:-1, max-image-preview:large, max-video-preview:-1\" \/>\n<link rel=\"canonical\" href=\"https:\/\/velesnails.pl\/uk\/product\/lakier-hybrydowy-wild-story-72-ml\/\" \/>\n<meta property=\"og:locale\" content=\"uk_UA\" \/>\n<meta property=\"og:type\" content=\"article\" \/>\n<meta property=\"og:title\" content=\"Lakier Hybrydowy Wild Story 7,2 ml - velesnails\" \/>\n<meta property=\"og:description\" content=\"G\u0142\u0119boka, hipnotyzuj\u0105ca ziele\u0144\u00a0to kolor, kt\u00f3ry wci\u0105\u017c jest modny, inspiruj\u0105cy i\u00a0niezwykle kobiecy, dlatego\u00a0nie mo\u017ce zabrakn\u0105\u0107 go w\u00a0najnowszej kolekcji lakier\u00f3w od NEONAIL! Oto przepi\u0119kny odcie\u0144 Wild Story, kt\u00f3ry jest jednym z\u00a0kolor\u00f3w serii Fall in Colors \u2013 na\u0142\u00f3\u017c go na\u00a0swoje paznokcie, a\u00a0przekonasz si\u0119, \u017ce\u00a0jest naprawd\u0119 wyj\u0105tkowy! To\u00a0ciemna, g\u0142\u0119boka ziele\u0144\u00a0\u2013 niezwykle\u00a0elegancka, zmys\u0142owa\u00a0i\u00a0zdecydowanie przyci\u0105gaj\u0105ca wzrok. Ingredients: Bis-HPMA Poly(Butylene\/Hexamethylene Carbonate)\/IPDI Copolymer, [&hellip;]\" \/>\n<meta property=\"og:url\" content=\"https:\/\/velesnails.pl\/uk\/product\/lakier-hybrydowy-wild-story-72-ml\/\" \/>\n<meta property=\"og:site_name\" content=\"velesnails\" \/>\n<meta property=\"article:modified_time\" content=\"2025-09-04T14:02:37+00:00\" \/>\n<meta property=\"og:image\" content=\"https:\/\/i0.wp.com\/velesnails.pl\/wp-content\/uploads\/2024\/10\/%D0%97%D0%BD%D1%96%D0%BC%D0%BE%D0%BA-%D0%B5%D0%BA%D1%80%D0%B0%D0%BD%D0%B0-2024-10-11-131529.png?fit=610%2C520&ssl=1\" \/>\n\t<meta property=\"og:image:width\" content=\"610\" \/>\n\t<meta property=\"og:image:height\" content=\"520\" \/>\n\t<meta property=\"og:image:type\" content=\"image\/png\" \/>\n<meta name=\"twitter:card\" content=\"summary_large_image\" \/>\n<meta name=\"twitter:label1\" content=\"\u041f\u0440\u0438\u0431\u043b. \u0447\u0430\u0441 \u0447\u0438\u0442\u0430\u043d\u043d\u044f\" \/>\n\t<meta name=\"twitter:data1\" content=\"1 \u0445\u0432\u0438\u043b\u0438\u043d\u0430\" \/>\n<script type=\"application\/ld+json\" class=\"yoast-schema-graph\">{\"@context\":\"https:\\\/\\\/schema.org\",\"@graph\":[{\"@type\":\"WebPage\",\"@id\":\"https:\\\/\\\/velesnails.pl\\\/product\\\/lakier-hybrydowy-wild-story-72-ml\\\/\",\"url\":\"https:\\\/\\\/velesnails.pl\\\/product\\\/lakier-hybrydowy-wild-story-72-ml\\\/\",\"name\":\"Lakier Hybrydowy Wild Story 7,2 ml - velesnails\",\"isPartOf\":{\"@id\":\"https:\\\/\\\/velesnails.pl\\\/#website\"},\"primaryImageOfPage\":{\"@id\":\"https:\\\/\\\/velesnails.pl\\\/product\\\/lakier-hybrydowy-wild-story-72-ml\\\/#primaryimage\"},\"image\":{\"@id\":\"https:\\\/\\\/velesnails.pl\\\/product\\\/lakier-hybrydowy-wild-story-72-ml\\\/#primaryimage\"},\"thumbnailUrl\":\"https:\\\/\\\/i0.wp.com\\\/velesnails.pl\\\/wp-content\\\/uploads\\\/2024\\\/10\\\/%D0%97%D0%BD%D1%96%D0%BC%D0%BE%D0%BA-%D0%B5%D0%BA%D1%80%D0%B0%D0%BD%D0%B0-2024-10-11-131529.png?fit=610%2C520&ssl=1\",\"datePublished\":\"2024-10-11T10:47:20+00:00\",\"dateModified\":\"2025-09-04T14:02:37+00:00\",\"breadcrumb\":{\"@id\":\"https:\\\/\\\/velesnails.pl\\\/product\\\/lakier-hybrydowy-wild-story-72-ml\\\/#breadcrumb\"},\"inLanguage\":\"uk\",\"potentialAction\":[{\"@type\":\"ReadAction\",\"target\":[\"https:\\\/\\\/velesnails.pl\\\/product\\\/lakier-hybrydowy-wild-story-72-ml\\\/\"]}]},{\"@type\":\"ImageObject\",\"inLanguage\":\"uk\",\"@id\":\"https:\\\/\\\/velesnails.pl\\\/product\\\/lakier-hybrydowy-wild-story-72-ml\\\/#primaryimage\",\"url\":\"https:\\\/\\\/i0.wp.com\\\/velesnails.pl\\\/wp-content\\\/uploads\\\/2024\\\/10\\\/%D0%97%D0%BD%D1%96%D0%BC%D0%BE%D0%BA-%D0%B5%D0%BA%D1%80%D0%B0%D0%BD%D0%B0-2024-10-11-131529.png?fit=610%2C520&ssl=1\",\"contentUrl\":\"https:\\\/\\\/i0.wp.com\\\/velesnails.pl\\\/wp-content\\\/uploads\\\/2024\\\/10\\\/%D0%97%D0%BD%D1%96%D0%BC%D0%BE%D0%BA-%D0%B5%D0%BA%D1%80%D0%B0%D0%BD%D0%B0-2024-10-11-131529.png?fit=610%2C520&ssl=1\",\"width\":610,\"height\":520},{\"@type\":\"BreadcrumbList\",\"@id\":\"https:\\\/\\\/velesnails.pl\\\/product\\\/lakier-hybrydowy-wild-story-72-ml\\\/#breadcrumb\",\"itemListElement\":[{\"@type\":\"ListItem\",\"position\":1,\"name\":\"\u0413\u043e\u043b\u043e\u0432\u043d\u0430\",\"item\":\"https:\\\/\\\/velesnails.pl\\\/\"},{\"@type\":\"ListItem\",\"position\":2,\"name\":\"Sklep\",\"item\":\"https:\\\/\\\/velesnails.pl\\\/shop\\\/\"},{\"@type\":\"ListItem\",\"position\":3,\"name\":\"Lakier Hybrydowy Wild Story 7,2 ml\"}]},{\"@type\":\"WebSite\",\"@id\":\"https:\\\/\\\/velesnails.pl\\\/#website\",\"url\":\"https:\\\/\\\/velesnails.pl\\\/\",\"name\":\"velesnails\",\"description\":\"Sklep z manicure\",\"publisher\":{\"@id\":\"https:\\\/\\\/velesnails.pl\\\/#organization\"},\"potentialAction\":[{\"@type\":\"SearchAction\",\"target\":{\"@type\":\"EntryPoint\",\"urlTemplate\":\"https:\\\/\\\/velesnails.pl\\\/?s={search_term_string}\"},\"query-input\":{\"@type\":\"PropertyValueSpecification\",\"valueRequired\":true,\"valueName\":\"search_term_string\"}}],\"inLanguage\":\"uk\"},{\"@type\":\"Organization\",\"@id\":\"https:\\\/\\\/velesnails.pl\\\/#organization\",\"name\":\"velesnails\",\"url\":\"https:\\\/\\\/velesnails.pl\\\/\",\"logo\":{\"@type\":\"ImageObject\",\"inLanguage\":\"uk\",\"@id\":\"https:\\\/\\\/velesnails.pl\\\/#\\\/schema\\\/logo\\\/image\\\/\",\"url\":\"https:\\\/\\\/i0.wp.com\\\/velesnails.pl\\\/wp-content\\\/uploads\\\/2025\\\/10\\\/cropped-obraz_viber_2025-10-22_13-55-55-969.jpg?fit=485%2C381&ssl=1\",\"contentUrl\":\"https:\\\/\\\/i0.wp.com\\\/velesnails.pl\\\/wp-content\\\/uploads\\\/2025\\\/10\\\/cropped-obraz_viber_2025-10-22_13-55-55-969.jpg?fit=485%2C381&ssl=1\",\"width\":485,\"height\":381,\"caption\":\"velesnails\"},\"image\":{\"@id\":\"https:\\\/\\\/velesnails.pl\\\/#\\\/schema\\\/logo\\\/image\\\/\"}}]}<\/script>\n<!-- \/ Yoast SEO plugin. -->","yoast_head_json":{"title":"Lakier Hybrydowy Wild Story 7,2 ml - velesnails","robots":{"index":"index","follow":"follow","max-snippet":"max-snippet:-1","max-image-preview":"max-image-preview:large","max-video-preview":"max-video-preview:-1"},"canonical":"https:\/\/velesnails.pl\/uk\/product\/lakier-hybrydowy-wild-story-72-ml\/","og_locale":"uk_UA","og_type":"article","og_title":"Lakier Hybrydowy Wild Story 7,2 ml - velesnails","og_description":"G\u0142\u0119boka, hipnotyzuj\u0105ca ziele\u0144\u00a0to kolor, kt\u00f3ry wci\u0105\u017c jest modny, inspiruj\u0105cy i\u00a0niezwykle kobiecy, dlatego\u00a0nie mo\u017ce zabrakn\u0105\u0107 go w\u00a0najnowszej kolekcji lakier\u00f3w od NEONAIL! Oto przepi\u0119kny odcie\u0144 Wild Story, kt\u00f3ry jest jednym z\u00a0kolor\u00f3w serii Fall in Colors \u2013 na\u0142\u00f3\u017c go na\u00a0swoje paznokcie, a\u00a0przekonasz si\u0119, \u017ce\u00a0jest naprawd\u0119 wyj\u0105tkowy! To\u00a0ciemna, g\u0142\u0119boka ziele\u0144\u00a0\u2013 niezwykle\u00a0elegancka, zmys\u0142owa\u00a0i\u00a0zdecydowanie przyci\u0105gaj\u0105ca wzrok. Ingredients: Bis-HPMA Poly(Butylene\/Hexamethylene Carbonate)\/IPDI Copolymer, [&hellip;]","og_url":"https:\/\/velesnails.pl\/uk\/product\/lakier-hybrydowy-wild-story-72-ml\/","og_site_name":"velesnails","article_modified_time":"2025-09-04T14:02:37+00:00","og_image":[{"width":610,"height":520,"url":"https:\/\/i0.wp.com\/velesnails.pl\/wp-content\/uploads\/2024\/10\/%D0%97%D0%BD%D1%96%D0%BC%D0%BE%D0%BA-%D0%B5%D0%BA%D1%80%D0%B0%D0%BD%D0%B0-2024-10-11-131529.png?fit=610%2C520&ssl=1","type":"image\/png"}],"twitter_card":"summary_large_image","twitter_misc":{"\u041f\u0440\u0438\u0431\u043b. \u0447\u0430\u0441 \u0447\u0438\u0442\u0430\u043d\u043d\u044f":"1 \u0445\u0432\u0438\u043b\u0438\u043d\u0430"},"schema":{"@context":"https:\/\/schema.org","@graph":[{"@type":"WebPage","@id":"https:\/\/velesnails.pl\/product\/lakier-hybrydowy-wild-story-72-ml\/","url":"https:\/\/velesnails.pl\/product\/lakier-hybrydowy-wild-story-72-ml\/","name":"Lakier Hybrydowy Wild Story 7,2 ml - velesnails","isPartOf":{"@id":"https:\/\/velesnails.pl\/#website"},"primaryImageOfPage":{"@id":"https:\/\/velesnails.pl\/product\/lakier-hybrydowy-wild-story-72-ml\/#primaryimage"},"image":{"@id":"https:\/\/velesnails.pl\/product\/lakier-hybrydowy-wild-story-72-ml\/#primaryimage"},"thumbnailUrl":"https:\/\/i0.wp.com\/velesnails.pl\/wp-content\/uploads\/2024\/10\/%D0%97%D0%BD%D1%96%D0%BC%D0%BE%D0%BA-%D0%B5%D0%BA%D1%80%D0%B0%D0%BD%D0%B0-2024-10-11-131529.png?fit=610%2C520&ssl=1","datePublished":"2024-10-11T10:47:20+00:00","dateModified":"2025-09-04T14:02:37+00:00","breadcrumb":{"@id":"https:\/\/velesnails.pl\/product\/lakier-hybrydowy-wild-story-72-ml\/#breadcrumb"},"inLanguage":"uk","potentialAction":[{"@type":"ReadAction","target":["https:\/\/velesnails.pl\/product\/lakier-hybrydowy-wild-story-72-ml\/"]}]},{"@type":"ImageObject","inLanguage":"uk","@id":"https:\/\/velesnails.pl\/product\/lakier-hybrydowy-wild-story-72-ml\/#primaryimage","url":"https:\/\/i0.wp.com\/velesnails.pl\/wp-content\/uploads\/2024\/10\/%D0%97%D0%BD%D1%96%D0%BC%D0%BE%D0%BA-%D0%B5%D0%BA%D1%80%D0%B0%D0%BD%D0%B0-2024-10-11-131529.png?fit=610%2C520&ssl=1","contentUrl":"https:\/\/i0.wp.com\/velesnails.pl\/wp-content\/uploads\/2024\/10\/%D0%97%D0%BD%D1%96%D0%BC%D0%BE%D0%BA-%D0%B5%D0%BA%D1%80%D0%B0%D0%BD%D0%B0-2024-10-11-131529.png?fit=610%2C520&ssl=1","width":610,"height":520},{"@type":"BreadcrumbList","@id":"https:\/\/velesnails.pl\/product\/lakier-hybrydowy-wild-story-72-ml\/#breadcrumb","itemListElement":[{"@type":"ListItem","position":1,"name":"\u0413\u043e\u043b\u043e\u0432\u043d\u0430","item":"https:\/\/velesnails.pl\/"},{"@type":"ListItem","position":2,"name":"Sklep","item":"https:\/\/velesnails.pl\/shop\/"},{"@type":"ListItem","position":3,"name":"Lakier Hybrydowy Wild Story 7,2 ml"}]},{"@type":"WebSite","@id":"https:\/\/velesnails.pl\/#website","url":"https:\/\/velesnails.pl\/","name":"\u0432\u0435\u043b\u0435\u0441\u043e\u0432\u0456 \u043d\u0456\u0433\u0442\u0456","description":"\u041c\u0430\u043d\u0456\u043a\u044e\u0440\u043d\u0438\u0439 \u0441\u0430\u043b\u043e\u043d","publisher":{"@id":"https:\/\/velesnails.pl\/#organization"},"potentialAction":[{"@type":"SearchAction","target":{"@type":"EntryPoint","urlTemplate":"https:\/\/velesnails.pl\/?s={search_term_string}"},"query-input":{"@type":"PropertyValueSpecification","valueRequired":true,"valueName":"search_term_string"}}],"inLanguage":"uk"},{"@type":"Organization","@id":"https:\/\/velesnails.pl\/#organization","name":"\u0432\u0435\u043b\u0435\u0441\u043e\u0432\u0456 \u043d\u0456\u0433\u0442\u0456","url":"https:\/\/velesnails.pl\/","logo":{"@type":"ImageObject","inLanguage":"uk","@id":"https:\/\/velesnails.pl\/#\/schema\/logo\/image\/","url":"https:\/\/i0.wp.com\/velesnails.pl\/wp-content\/uploads\/2025\/10\/cropped-obraz_viber_2025-10-22_13-55-55-969.jpg?fit=485%2C381&ssl=1","contentUrl":"https:\/\/i0.wp.com\/velesnails.pl\/wp-content\/uploads\/2025\/10\/cropped-obraz_viber_2025-10-22_13-55-55-969.jpg?fit=485%2C381&ssl=1","width":485,"height":381,"caption":"velesnails"},"image":{"@id":"https:\/\/velesnails.pl\/#\/schema\/logo\/image\/"}}]}},"_links":{"self":[{"href":"https:\/\/velesnails.pl\/uk\/wp-json\/wp\/v2\/product\/5199","targetHints":{"allow":["GET"]}}],"collection":[{"href":"https:\/\/velesnails.pl\/uk\/wp-json\/wp\/v2\/product"}],"about":[{"href":"https:\/\/velesnails.pl\/uk\/wp-json\/wp\/v2\/types\/product"}],"replies":[{"embeddable":true,"href":"https:\/\/velesnails.pl\/uk\/wp-json\/wp\/v2\/comments?post=5199"}],"wp:featuredmedia":[{"embeddable":true,"href":"https:\/\/velesnails.pl\/uk\/wp-json\/wp\/v2\/media\/5200"}],"wp:attachment":[{"href":"https:\/\/velesnails.pl\/uk\/wp-json\/wp\/v2\/media?parent=5199"}],"wp:term":[{"taxonomy":"product_brand","embeddable":true,"href":"https:\/\/velesnails.pl\/uk\/wp-json\/wp\/v2\/product_brand?post=5199"},{"taxonomy":"product_cat","embeddable":true,"href":"https:\/\/velesnails.pl\/uk\/wp-json\/wp\/v2\/product_cat?post=5199"},{"taxonomy":"product_tag","embeddable":true,"href":"https:\/\/velesnails.pl\/uk\/wp-json\/wp\/v2\/product_tag?post=5199"}],"curies":[{"name":"wp","href":"https:\/\/api.w.org\/{rel}","templated":true}]}}