{"id":4079,"date":"2024-08-26T12:44:19","date_gmt":"2024-08-26T09:44:19","guid":{"rendered":"https:\/\/velesnails.pl\/?post_type=product&#038;p=4079"},"modified":"2024-11-07T18:19:23","modified_gmt":"2024-11-07T15:19:23","slug":"weganski-lakier-klasyczny-72-ml-pure-begonia","status":"publish","type":"product","link":"https:\/\/velesnails.pl\/uk\/product\/weganski-lakier-klasyczny-72-ml-pure-begonia\/","title":{"rendered":"Wega\u0144ski lakier klasyczny 7,2 ml &#8211; pure begonia"},"content":{"rendered":"<p><strong>Wega\u0144ski lakier\u00a0klasyczny\u00a0do paznokci PLANT-BASED WONDER\u00a07,2 ml &#8211; PURE BEGONIA\u00a0<\/strong><strong>Piel\u0119gnacja i\u00a0trwa\u0142y, pi\u0119kny manicure\u00a0<\/strong>za pomoc\u0105 jednego produktu? To mo\u017cliwe! Si\u0119gnij po\u00a0<strong>wega\u0144skie lakiery\u00a0klasyczny\u00a0do paznokci<\/strong>\u00a0z\u00a0kolekcji\u00a0<strong>PLANT-BASED WONDER,\u00a0<\/strong>kt\u00f3re naprawd\u0119 Ci\u0119 zaskocz\u0105. To nie tylko 30 przepi\u0119knych kolor\u00f3w \u2013 to te\u017c\u00a0<strong>sk\u0142adniki pochodzenia naturalnego<\/strong>. S\u0105 bogate w\u00a0<strong>wap\u0144 oraz\u00a0magnez<\/strong>! Dzi\u0119ki temu Twoje paznokcie b\u0119d\u0105 pokryte pi\u0119knym kolorem oraz\u00a0formu\u0142\u0105, kt\u00f3ra piel\u0119gnuje i\u00a0poprawi ich kondycj\u0119. Nietuzinkowy odcie\u0144\u00a0<strong>PURE BEGONIA\u00a0<\/strong>jest pi\u0119kny,<strong>\u00a0\u015bwietnie napigmentowany i\u00a0trwa\u0142y<\/strong>\u00a0nawet do 5 dni!<\/p>","protected":false},"excerpt":{"rendered":"<p>Wega\u0144ski lakier\u00a0klasyczny\u00a0do paznokci PLANT-BASED WONDER\u00a07,2 ml &#8211; PURE BEGONIA\u00a0Piel\u0119gnacja i\u00a0trwa\u0142y, pi\u0119kny manicure\u00a0za pomoc\u0105 jednego produktu? To mo\u017cliwe! Si\u0119gnij po\u00a0wega\u0144skie lakiery\u00a0klasyczny\u00a0do paznokci\u00a0z\u00a0kolekcji\u00a0PLANT-BASED WONDER,\u00a0kt\u00f3re naprawd\u0119 Ci\u0119 zaskocz\u0105. To nie tylko 30 przepi\u0119knych kolor\u00f3w \u2013 to te\u017c\u00a0sk\u0142adniki pochodzenia naturalnego. S\u0105 bogate w\u00a0wap\u0144 oraz\u00a0magnez! Dzi\u0119ki temu Twoje paznokcie b\u0119d\u0105 pokryte pi\u0119knym kolorem oraz\u00a0formu\u0142\u0105, kt\u00f3ra piel\u0119gnuje i\u00a0poprawi ich kondycj\u0119. Nietuzinkowy [&hellip;]<\/p>\n","protected":false},"featured_media":4080,"comment_status":"closed","ping_status":"closed","template":"","meta":{"om_disable_all_campaigns":false,"ocean_post_layout":"","ocean_both_sidebars_style":"","ocean_both_sidebars_content_width":0,"ocean_both_sidebars_sidebars_width":0,"ocean_sidebar":"0","ocean_second_sidebar":"0","ocean_disable_margins":"enable","ocean_add_body_class":"","ocean_shortcode_before_top_bar":"","ocean_shortcode_after_top_bar":"","ocean_shortcode_before_header":"","ocean_shortcode_after_header":"","ocean_has_shortcode":"","ocean_shortcode_after_title":"","ocean_shortcode_before_footer_widgets":"","ocean_shortcode_after_footer_widgets":"","ocean_shortcode_before_footer_bottom":"","ocean_shortcode_after_footer_bottom":"","ocean_display_top_bar":"default","ocean_display_header":"default","ocean_header_style":"","ocean_center_header_left_menu":"0","ocean_custom_header_template":"0","ocean_custom_logo":0,"ocean_custom_retina_logo":0,"ocean_custom_logo_max_width":0,"ocean_custom_logo_tablet_max_width":0,"ocean_custom_logo_mobile_max_width":0,"ocean_custom_logo_max_height":0,"ocean_custom_logo_tablet_max_height":0,"ocean_custom_logo_mobile_max_height":0,"ocean_header_custom_menu":"0","ocean_menu_typo_font_family":"0","ocean_menu_typo_font_subset":"","ocean_menu_typo_font_size":0,"ocean_menu_typo_font_size_tablet":0,"ocean_menu_typo_font_size_mobile":0,"ocean_menu_typo_font_size_unit":"px","ocean_menu_typo_font_weight":"","ocean_menu_typo_font_weight_tablet":"","ocean_menu_typo_font_weight_mobile":"","ocean_menu_typo_transform":"","ocean_menu_typo_transform_tablet":"","ocean_menu_typo_transform_mobile":"","ocean_menu_typo_line_height":0,"ocean_menu_typo_line_height_tablet":0,"ocean_menu_typo_line_height_mobile":0,"ocean_menu_typo_line_height_unit":"","ocean_menu_typo_spacing":0,"ocean_menu_typo_spacing_tablet":0,"ocean_menu_typo_spacing_mobile":0,"ocean_menu_typo_spacing_unit":"","ocean_menu_link_color":"","ocean_menu_link_color_hover":"","ocean_menu_link_color_active":"","ocean_menu_link_background":"","ocean_menu_link_hover_background":"","ocean_menu_link_active_background":"","ocean_menu_social_links_bg":"","ocean_menu_social_hover_links_bg":"","ocean_menu_social_links_color":"","ocean_menu_social_hover_links_color":"","ocean_disable_title":"default","ocean_disable_heading":"default","ocean_post_title":"","ocean_post_subheading":"","ocean_post_title_style":"","ocean_post_title_background_color":"","ocean_post_title_background":0,"ocean_post_title_bg_image_position":"","ocean_post_title_bg_image_attachment":"","ocean_post_title_bg_image_repeat":"","ocean_post_title_bg_image_size":"","ocean_post_title_height":0,"ocean_post_title_bg_overlay":0.5,"ocean_post_title_bg_overlay_color":"","ocean_disable_breadcrumbs":"default","ocean_breadcrumbs_color":"","ocean_breadcrumbs_separator_color":"","ocean_breadcrumbs_links_color":"","ocean_breadcrumbs_links_hover_color":"","ocean_display_footer_widgets":"default","ocean_display_footer_bottom":"default","ocean_custom_footer_template":"0"},"product_brand":[],"product_cat":[124,176,193,110],"product_tag":[],"class_list":{"0":"post-4079","1":"product","2":"type-product","3":"status-publish","4":"has-post-thumbnail","6":"product_cat-lakiery-klasyczne","7":"product_cat-marki","8":"product_cat-neonails-1","9":"product_cat-paznokcie","11":"entry","12":"has-media","14":"first","15":"outofstock","16":"taxable","17":"shipping-taxable","18":"purchasable","19":"product-type-simple","20":"has-product-nav","21":"col","22":"span_1_of_3","23":"owp-content-center","24":"owp-thumbs-layout-horizontal","25":"owp-btn-normal","26":"owp-tabs-layout-horizontal","27":"has-no-thumbnails"},"yoast_head":"<!-- This site is optimized with the Yoast SEO plugin v27.6 - https:\/\/yoast.com\/product\/yoast-seo-wordpress\/ -->\n<title>Wega\u0144ski lakier klasyczny 7,2 ml - pure begonia - velesnails<\/title>\n<meta name=\"robots\" content=\"index, follow, max-snippet:-1, max-image-preview:large, max-video-preview:-1\" \/>\n<link rel=\"canonical\" href=\"https:\/\/velesnails.pl\/uk\/product\/weganski-lakier-klasyczny-72-ml-pure-begonia\/\" \/>\n<meta property=\"og:locale\" content=\"uk_UA\" \/>\n<meta property=\"og:type\" content=\"article\" \/>\n<meta property=\"og:title\" content=\"Wega\u0144ski lakier klasyczny 7,2 ml - pure begonia - velesnails\" \/>\n<meta property=\"og:description\" content=\"Wega\u0144ski lakier\u00a0klasyczny\u00a0do paznokci PLANT-BASED WONDER\u00a07,2 ml &#8211; PURE BEGONIA\u00a0Piel\u0119gnacja i\u00a0trwa\u0142y, pi\u0119kny manicure\u00a0za pomoc\u0105 jednego produktu? To mo\u017cliwe! Si\u0119gnij po\u00a0wega\u0144skie lakiery\u00a0klasyczny\u00a0do paznokci\u00a0z\u00a0kolekcji\u00a0PLANT-BASED WONDER,\u00a0kt\u00f3re naprawd\u0119 Ci\u0119 zaskocz\u0105. To nie tylko 30 przepi\u0119knych kolor\u00f3w \u2013 to te\u017c\u00a0sk\u0142adniki pochodzenia naturalnego. S\u0105 bogate w\u00a0wap\u0144 oraz\u00a0magnez! Dzi\u0119ki temu Twoje paznokcie b\u0119d\u0105 pokryte pi\u0119knym kolorem oraz\u00a0formu\u0142\u0105, kt\u00f3ra piel\u0119gnuje i\u00a0poprawi ich kondycj\u0119. Nietuzinkowy [&hellip;]\" \/>\n<meta property=\"og:url\" content=\"https:\/\/velesnails.pl\/uk\/product\/weganski-lakier-klasyczny-72-ml-pure-begonia\/\" \/>\n<meta property=\"og:site_name\" content=\"velesnails\" \/>\n<meta property=\"article:modified_time\" content=\"2024-11-07T15:19:23+00:00\" \/>\n<meta property=\"og:image\" content=\"https:\/\/i0.wp.com\/velesnails.pl\/wp-content\/uploads\/2024\/08\/%D0%97%D0%BD%D1%96%D0%BC%D0%BE%D0%BA-%D0%B5%D0%BA%D1%80%D0%B0%D0%BD%D0%B0-2024-08-26-114744.png?fit=786%2C589&ssl=1\" \/>\n\t<meta property=\"og:image:width\" content=\"786\" \/>\n\t<meta property=\"og:image:height\" content=\"589\" \/>\n\t<meta property=\"og:image:type\" content=\"image\/png\" \/>\n<meta name=\"twitter:card\" content=\"summary_large_image\" \/>\n<meta name=\"twitter:label1\" content=\"\u041f\u0440\u0438\u0431\u043b. \u0447\u0430\u0441 \u0447\u0438\u0442\u0430\u043d\u043d\u044f\" \/>\n\t<meta name=\"twitter:data1\" content=\"1 \u0445\u0432\u0438\u043b\u0438\u043d\u0430\" \/>\n<script type=\"application\/ld+json\" class=\"yoast-schema-graph\">{\"@context\":\"https:\\\/\\\/schema.org\",\"@graph\":[{\"@type\":\"WebPage\",\"@id\":\"https:\\\/\\\/velesnails.pl\\\/product\\\/weganski-lakier-klasyczny-72-ml-pure-begonia\\\/\",\"url\":\"https:\\\/\\\/velesnails.pl\\\/product\\\/weganski-lakier-klasyczny-72-ml-pure-begonia\\\/\",\"name\":\"Wega\u0144ski lakier klasyczny 7,2 ml - pure begonia - velesnails\",\"isPartOf\":{\"@id\":\"https:\\\/\\\/velesnails.pl\\\/#website\"},\"primaryImageOfPage\":{\"@id\":\"https:\\\/\\\/velesnails.pl\\\/product\\\/weganski-lakier-klasyczny-72-ml-pure-begonia\\\/#primaryimage\"},\"image\":{\"@id\":\"https:\\\/\\\/velesnails.pl\\\/product\\\/weganski-lakier-klasyczny-72-ml-pure-begonia\\\/#primaryimage\"},\"thumbnailUrl\":\"https:\\\/\\\/i0.wp.com\\\/velesnails.pl\\\/wp-content\\\/uploads\\\/2024\\\/08\\\/%D0%97%D0%BD%D1%96%D0%BC%D0%BE%D0%BA-%D0%B5%D0%BA%D1%80%D0%B0%D0%BD%D0%B0-2024-08-26-114744.png?fit=786%2C589&ssl=1\",\"datePublished\":\"2024-08-26T09:44:19+00:00\",\"dateModified\":\"2024-11-07T15:19:23+00:00\",\"breadcrumb\":{\"@id\":\"https:\\\/\\\/velesnails.pl\\\/product\\\/weganski-lakier-klasyczny-72-ml-pure-begonia\\\/#breadcrumb\"},\"inLanguage\":\"uk\",\"potentialAction\":[{\"@type\":\"ReadAction\",\"target\":[\"https:\\\/\\\/velesnails.pl\\\/product\\\/weganski-lakier-klasyczny-72-ml-pure-begonia\\\/\"]}]},{\"@type\":\"ImageObject\",\"inLanguage\":\"uk\",\"@id\":\"https:\\\/\\\/velesnails.pl\\\/product\\\/weganski-lakier-klasyczny-72-ml-pure-begonia\\\/#primaryimage\",\"url\":\"https:\\\/\\\/i0.wp.com\\\/velesnails.pl\\\/wp-content\\\/uploads\\\/2024\\\/08\\\/%D0%97%D0%BD%D1%96%D0%BC%D0%BE%D0%BA-%D0%B5%D0%BA%D1%80%D0%B0%D0%BD%D0%B0-2024-08-26-114744.png?fit=786%2C589&ssl=1\",\"contentUrl\":\"https:\\\/\\\/i0.wp.com\\\/velesnails.pl\\\/wp-content\\\/uploads\\\/2024\\\/08\\\/%D0%97%D0%BD%D1%96%D0%BC%D0%BE%D0%BA-%D0%B5%D0%BA%D1%80%D0%B0%D0%BD%D0%B0-2024-08-26-114744.png?fit=786%2C589&ssl=1\",\"width\":786,\"height\":589},{\"@type\":\"BreadcrumbList\",\"@id\":\"https:\\\/\\\/velesnails.pl\\\/product\\\/weganski-lakier-klasyczny-72-ml-pure-begonia\\\/#breadcrumb\",\"itemListElement\":[{\"@type\":\"ListItem\",\"position\":1,\"name\":\"\u0413\u043e\u043b\u043e\u0432\u043d\u0430\",\"item\":\"https:\\\/\\\/velesnails.pl\\\/\"},{\"@type\":\"ListItem\",\"position\":2,\"name\":\"Sklep\",\"item\":\"https:\\\/\\\/velesnails.pl\\\/shop\\\/\"},{\"@type\":\"ListItem\",\"position\":3,\"name\":\"Wega\u0144ski lakier klasyczny 7,2 ml &#8211; pure begonia\"}]},{\"@type\":\"WebSite\",\"@id\":\"https:\\\/\\\/velesnails.pl\\\/#website\",\"url\":\"https:\\\/\\\/velesnails.pl\\\/\",\"name\":\"velesnails\",\"description\":\"Sklep z manicure\",\"publisher\":{\"@id\":\"https:\\\/\\\/velesnails.pl\\\/#organization\"},\"potentialAction\":[{\"@type\":\"SearchAction\",\"target\":{\"@type\":\"EntryPoint\",\"urlTemplate\":\"https:\\\/\\\/velesnails.pl\\\/?s={search_term_string}\"},\"query-input\":{\"@type\":\"PropertyValueSpecification\",\"valueRequired\":true,\"valueName\":\"search_term_string\"}}],\"inLanguage\":\"uk\"},{\"@type\":\"Organization\",\"@id\":\"https:\\\/\\\/velesnails.pl\\\/#organization\",\"name\":\"velesnails\",\"url\":\"https:\\\/\\\/velesnails.pl\\\/\",\"logo\":{\"@type\":\"ImageObject\",\"inLanguage\":\"uk\",\"@id\":\"https:\\\/\\\/velesnails.pl\\\/#\\\/schema\\\/logo\\\/image\\\/\",\"url\":\"https:\\\/\\\/i0.wp.com\\\/velesnails.pl\\\/wp-content\\\/uploads\\\/2025\\\/10\\\/cropped-obraz_viber_2025-10-22_13-55-55-969.jpg?fit=485%2C381&ssl=1\",\"contentUrl\":\"https:\\\/\\\/i0.wp.com\\\/velesnails.pl\\\/wp-content\\\/uploads\\\/2025\\\/10\\\/cropped-obraz_viber_2025-10-22_13-55-55-969.jpg?fit=485%2C381&ssl=1\",\"width\":485,\"height\":381,\"caption\":\"velesnails\"},\"image\":{\"@id\":\"https:\\\/\\\/velesnails.pl\\\/#\\\/schema\\\/logo\\\/image\\\/\"}}]}<\/script>\n<!-- \/ Yoast SEO plugin. -->","yoast_head_json":{"title":"Wega\u0144ski lakier klasyczny 7,2 ml - pure begonia - velesnails","robots":{"index":"index","follow":"follow","max-snippet":"max-snippet:-1","max-image-preview":"max-image-preview:large","max-video-preview":"max-video-preview:-1"},"canonical":"https:\/\/velesnails.pl\/uk\/product\/weganski-lakier-klasyczny-72-ml-pure-begonia\/","og_locale":"uk_UA","og_type":"article","og_title":"Wega\u0144ski lakier klasyczny 7,2 ml - pure begonia - velesnails","og_description":"Wega\u0144ski lakier\u00a0klasyczny\u00a0do paznokci PLANT-BASED WONDER\u00a07,2 ml &#8211; PURE BEGONIA\u00a0Piel\u0119gnacja i\u00a0trwa\u0142y, pi\u0119kny manicure\u00a0za pomoc\u0105 jednego produktu? To mo\u017cliwe! Si\u0119gnij po\u00a0wega\u0144skie lakiery\u00a0klasyczny\u00a0do paznokci\u00a0z\u00a0kolekcji\u00a0PLANT-BASED WONDER,\u00a0kt\u00f3re naprawd\u0119 Ci\u0119 zaskocz\u0105. To nie tylko 30 przepi\u0119knych kolor\u00f3w \u2013 to te\u017c\u00a0sk\u0142adniki pochodzenia naturalnego. S\u0105 bogate w\u00a0wap\u0144 oraz\u00a0magnez! Dzi\u0119ki temu Twoje paznokcie b\u0119d\u0105 pokryte pi\u0119knym kolorem oraz\u00a0formu\u0142\u0105, kt\u00f3ra piel\u0119gnuje i\u00a0poprawi ich kondycj\u0119. Nietuzinkowy [&hellip;]","og_url":"https:\/\/velesnails.pl\/uk\/product\/weganski-lakier-klasyczny-72-ml-pure-begonia\/","og_site_name":"velesnails","article_modified_time":"2024-11-07T15:19:23+00:00","og_image":[{"width":786,"height":589,"url":"https:\/\/i0.wp.com\/velesnails.pl\/wp-content\/uploads\/2024\/08\/%D0%97%D0%BD%D1%96%D0%BC%D0%BE%D0%BA-%D0%B5%D0%BA%D1%80%D0%B0%D0%BD%D0%B0-2024-08-26-114744.png?fit=786%2C589&ssl=1","type":"image\/png"}],"twitter_card":"summary_large_image","twitter_misc":{"\u041f\u0440\u0438\u0431\u043b. \u0447\u0430\u0441 \u0447\u0438\u0442\u0430\u043d\u043d\u044f":"1 \u0445\u0432\u0438\u043b\u0438\u043d\u0430"},"schema":{"@context":"https:\/\/schema.org","@graph":[{"@type":"WebPage","@id":"https:\/\/velesnails.pl\/product\/weganski-lakier-klasyczny-72-ml-pure-begonia\/","url":"https:\/\/velesnails.pl\/product\/weganski-lakier-klasyczny-72-ml-pure-begonia\/","name":"Wega\u0144ski lakier klasyczny 7,2 ml - pure begonia - velesnails","isPartOf":{"@id":"https:\/\/velesnails.pl\/#website"},"primaryImageOfPage":{"@id":"https:\/\/velesnails.pl\/product\/weganski-lakier-klasyczny-72-ml-pure-begonia\/#primaryimage"},"image":{"@id":"https:\/\/velesnails.pl\/product\/weganski-lakier-klasyczny-72-ml-pure-begonia\/#primaryimage"},"thumbnailUrl":"https:\/\/i0.wp.com\/velesnails.pl\/wp-content\/uploads\/2024\/08\/%D0%97%D0%BD%D1%96%D0%BC%D0%BE%D0%BA-%D0%B5%D0%BA%D1%80%D0%B0%D0%BD%D0%B0-2024-08-26-114744.png?fit=786%2C589&ssl=1","datePublished":"2024-08-26T09:44:19+00:00","dateModified":"2024-11-07T15:19:23+00:00","breadcrumb":{"@id":"https:\/\/velesnails.pl\/product\/weganski-lakier-klasyczny-72-ml-pure-begonia\/#breadcrumb"},"inLanguage":"uk","potentialAction":[{"@type":"ReadAction","target":["https:\/\/velesnails.pl\/product\/weganski-lakier-klasyczny-72-ml-pure-begonia\/"]}]},{"@type":"ImageObject","inLanguage":"uk","@id":"https:\/\/velesnails.pl\/product\/weganski-lakier-klasyczny-72-ml-pure-begonia\/#primaryimage","url":"https:\/\/i0.wp.com\/velesnails.pl\/wp-content\/uploads\/2024\/08\/%D0%97%D0%BD%D1%96%D0%BC%D0%BE%D0%BA-%D0%B5%D0%BA%D1%80%D0%B0%D0%BD%D0%B0-2024-08-26-114744.png?fit=786%2C589&ssl=1","contentUrl":"https:\/\/i0.wp.com\/velesnails.pl\/wp-content\/uploads\/2024\/08\/%D0%97%D0%BD%D1%96%D0%BC%D0%BE%D0%BA-%D0%B5%D0%BA%D1%80%D0%B0%D0%BD%D0%B0-2024-08-26-114744.png?fit=786%2C589&ssl=1","width":786,"height":589},{"@type":"BreadcrumbList","@id":"https:\/\/velesnails.pl\/product\/weganski-lakier-klasyczny-72-ml-pure-begonia\/#breadcrumb","itemListElement":[{"@type":"ListItem","position":1,"name":"\u0413\u043e\u043b\u043e\u0432\u043d\u0430","item":"https:\/\/velesnails.pl\/"},{"@type":"ListItem","position":2,"name":"Sklep","item":"https:\/\/velesnails.pl\/shop\/"},{"@type":"ListItem","position":3,"name":"Wega\u0144ski lakier klasyczny 7,2 ml &#8211; pure begonia"}]},{"@type":"WebSite","@id":"https:\/\/velesnails.pl\/#website","url":"https:\/\/velesnails.pl\/","name":"\u0432\u0435\u043b\u0435\u0441\u043e\u0432\u0456 \u043d\u0456\u0433\u0442\u0456","description":"\u041c\u0430\u043d\u0456\u043a\u044e\u0440\u043d\u0438\u0439 \u0441\u0430\u043b\u043e\u043d","publisher":{"@id":"https:\/\/velesnails.pl\/#organization"},"potentialAction":[{"@type":"SearchAction","target":{"@type":"EntryPoint","urlTemplate":"https:\/\/velesnails.pl\/?s={search_term_string}"},"query-input":{"@type":"PropertyValueSpecification","valueRequired":true,"valueName":"search_term_string"}}],"inLanguage":"uk"},{"@type":"Organization","@id":"https:\/\/velesnails.pl\/#organization","name":"\u0432\u0435\u043b\u0435\u0441\u043e\u0432\u0456 \u043d\u0456\u0433\u0442\u0456","url":"https:\/\/velesnails.pl\/","logo":{"@type":"ImageObject","inLanguage":"uk","@id":"https:\/\/velesnails.pl\/#\/schema\/logo\/image\/","url":"https:\/\/i0.wp.com\/velesnails.pl\/wp-content\/uploads\/2025\/10\/cropped-obraz_viber_2025-10-22_13-55-55-969.jpg?fit=485%2C381&ssl=1","contentUrl":"https:\/\/i0.wp.com\/velesnails.pl\/wp-content\/uploads\/2025\/10\/cropped-obraz_viber_2025-10-22_13-55-55-969.jpg?fit=485%2C381&ssl=1","width":485,"height":381,"caption":"velesnails"},"image":{"@id":"https:\/\/velesnails.pl\/#\/schema\/logo\/image\/"}}]}},"_links":{"self":[{"href":"https:\/\/velesnails.pl\/uk\/wp-json\/wp\/v2\/product\/4079","targetHints":{"allow":["GET"]}}],"collection":[{"href":"https:\/\/velesnails.pl\/uk\/wp-json\/wp\/v2\/product"}],"about":[{"href":"https:\/\/velesnails.pl\/uk\/wp-json\/wp\/v2\/types\/product"}],"replies":[{"embeddable":true,"href":"https:\/\/velesnails.pl\/uk\/wp-json\/wp\/v2\/comments?post=4079"}],"wp:featuredmedia":[{"embeddable":true,"href":"https:\/\/velesnails.pl\/uk\/wp-json\/wp\/v2\/media\/4080"}],"wp:attachment":[{"href":"https:\/\/velesnails.pl\/uk\/wp-json\/wp\/v2\/media?parent=4079"}],"wp:term":[{"taxonomy":"product_brand","embeddable":true,"href":"https:\/\/velesnails.pl\/uk\/wp-json\/wp\/v2\/product_brand?post=4079"},{"taxonomy":"product_cat","embeddable":true,"href":"https:\/\/velesnails.pl\/uk\/wp-json\/wp\/v2\/product_cat?post=4079"},{"taxonomy":"product_tag","embeddable":true,"href":"https:\/\/velesnails.pl\/uk\/wp-json\/wp\/v2\/product_tag?post=4079"}],"curies":[{"name":"wp","href":"https:\/\/api.w.org\/{rel}","templated":true}]}}