{"id":4022,"date":"2024-08-23T15:22:38","date_gmt":"2024-08-23T12:22:38","guid":{"rendered":"https:\/\/velesnails.pl\/?post_type=product&#038;p=4022"},"modified":"2025-05-27T12:29:58","modified_gmt":"2025-05-27T09:29:58","slug":"duo-acrylgel-perfect-clear-30-g","status":"publish","type":"product","link":"https:\/\/velesnails.pl\/uk\/product\/duo-acrylgel-perfect-clear-30-g\/","title":{"rendered":"Duo Acrylgel Perfect Clear &#8211; 30 g"},"content":{"rendered":"<p class=\"Font-Lato\"><strong><span id=\"product_name_header\">Duo Acrylgel Perfect Clear &#8211; 30 g\u00a0<\/span><\/strong>NeoNail Duo Acrylgel to nowo\u015b\u0107, kt\u00f3ra zrewolucjonizuje \u015bwiat manicure. Nowa forma produktu stanowi innowacyjne rozwi\u0105zanie \u2013 po\u0142\u0105czenie wytrzyma\u0142o\u015bci akrylu oraz\u00a0lekko\u015bci i\u00a0elastyczno\u015bci \u017celu.<\/p>\n<p class=\"Font-Lato\"><strong>Produkt zapewnia:<\/strong><br \/>\n&#8211;\u00a0<strong>g\u0119st\u0105<\/strong>\u00a0<strong>konsystencj\u0119<\/strong>\u00a0\u2013 nie sp\u0142ywa na\u00a0sk\u00f3rki,<br \/>\n&#8211; mo\u017cliwo\u015b\u0107\u00a0<strong>przed\u0142u\u017cenia<\/strong>\u00a0i\u00a0<strong>modelowania<\/strong>\u00a0paznokci,<br \/>\n&#8211;\u00a0<strong>trwa\u0142e<\/strong>\u00a0<strong>stylizacje<\/strong>\u00a0\u2013 paznokcie bardzo odporne na\u00a0uszkodzenia,<br \/>\n&#8211; przed\u0142u\u017cenie<strong>\u00a05 paznokci jednocze\u015bnie<\/strong>\u00a0&#8211; bez obawy przemieszczania si\u0119 produktu na\u00a0p\u0142ytce,<br \/>\n&#8211; aplikacja z\u00a0wykorzystaniem szablonu,<br \/>\n&#8211;\u00a0<strong>komfortow\u0105<\/strong>\u00a0<strong>prac\u0119<\/strong>\u00a0bez po\u015bpiechu \u2013 utwardzanie w\u00a0lampie LED bez odczuwania ciep\u0142a,<br \/>\n&#8211; brak nieprzyjemnego zapachu.<\/p>\n<p class=\"Font-Lato\"><span class=\"Font-Lato\">Profesjonalny Duo Acrylgel jest\u00a0<strong>\u0142atwiejszy<\/strong>\u00a0oraz\u00a0<strong>szybszy<\/strong>\u00a0<strong>w aplikacji<\/strong>\u00a0w\u00a0stosunku do tradycyjnego \u017celu o\u00a0rzadszej konsystencji.\u00a0Gdy pojawi si\u0119 odrost, mo\u017cesz uzupe\u0142ni\u0107 produkt nak\u0142adaj\u0105c Duo Acrylgel, po wcze\u015bniejszym \u015bci\u0105gni\u0119ciu koloru. Nast\u0119pnie wystarczy opracowa\u0107 paznokie\u0107 i\u00a0na\u0142o\u017cy\u0107 kolorowy lakier hybrydowy.<\/span><\/p>\n<p><strong class=\"Font-Lato\">Perfect Clear<\/strong><span class=\"Font-Lato\">\u00a0\u2013 bezbarwny \u017cel, pozwoli na\u00a0zbudowanie i\u00a0przed\u0142u\u017cenie paznokcia oraz\u00a0zabezpieczenie french manicure wykonanego produktem Duo Acrylgel.<\/span><\/p>","protected":false},"excerpt":{"rendered":"<p>Duo Acrylgel Perfect Clear &#8211; 30 g\u00a0NeoNail Duo Acrylgel to nowo\u015b\u0107, kt\u00f3ra zrewolucjonizuje \u015bwiat manicure. Nowa forma produktu stanowi innowacyjne rozwi\u0105zanie \u2013 po\u0142\u0105czenie wytrzyma\u0142o\u015bci akrylu oraz\u00a0lekko\u015bci i\u00a0elastyczno\u015bci \u017celu. Produkt zapewnia: &#8211;\u00a0g\u0119st\u0105\u00a0konsystencj\u0119\u00a0\u2013 nie sp\u0142ywa na\u00a0sk\u00f3rki, &#8211; mo\u017cliwo\u015b\u0107\u00a0przed\u0142u\u017cenia\u00a0i\u00a0modelowania\u00a0paznokci, &#8211;\u00a0trwa\u0142e\u00a0stylizacje\u00a0\u2013 paznokcie bardzo odporne na\u00a0uszkodzenia, &#8211; przed\u0142u\u017cenie\u00a05 paznokci jednocze\u015bnie\u00a0&#8211; bez obawy przemieszczania si\u0119 produktu na\u00a0p\u0142ytce, &#8211; aplikacja z\u00a0wykorzystaniem szablonu, [&hellip;]<\/p>\n","protected":false},"featured_media":4036,"comment_status":"open","ping_status":"closed","template":"","meta":{"om_disable_all_campaigns":false,"ocean_post_layout":"","ocean_both_sidebars_style":"","ocean_both_sidebars_content_width":0,"ocean_both_sidebars_sidebars_width":0,"ocean_sidebar":"0","ocean_second_sidebar":"0","ocean_disable_margins":"enable","ocean_add_body_class":"","ocean_shortcode_before_top_bar":"","ocean_shortcode_after_top_bar":"","ocean_shortcode_before_header":"","ocean_shortcode_after_header":"","ocean_has_shortcode":"","ocean_shortcode_after_title":"","ocean_shortcode_before_footer_widgets":"","ocean_shortcode_after_footer_widgets":"","ocean_shortcode_before_footer_bottom":"","ocean_shortcode_after_footer_bottom":"","ocean_display_top_bar":"default","ocean_display_header":"default","ocean_header_style":"","ocean_center_header_left_menu":"0","ocean_custom_header_template":"0","ocean_custom_logo":0,"ocean_custom_retina_logo":0,"ocean_custom_logo_max_width":0,"ocean_custom_logo_tablet_max_width":0,"ocean_custom_logo_mobile_max_width":0,"ocean_custom_logo_max_height":0,"ocean_custom_logo_tablet_max_height":0,"ocean_custom_logo_mobile_max_height":0,"ocean_header_custom_menu":"0","ocean_menu_typo_font_family":"0","ocean_menu_typo_font_subset":"","ocean_menu_typo_font_size":0,"ocean_menu_typo_font_size_tablet":0,"ocean_menu_typo_font_size_mobile":0,"ocean_menu_typo_font_size_unit":"px","ocean_menu_typo_font_weight":"","ocean_menu_typo_font_weight_tablet":"","ocean_menu_typo_font_weight_mobile":"","ocean_menu_typo_transform":"","ocean_menu_typo_transform_tablet":"","ocean_menu_typo_transform_mobile":"","ocean_menu_typo_line_height":0,"ocean_menu_typo_line_height_tablet":0,"ocean_menu_typo_line_height_mobile":0,"ocean_menu_typo_line_height_unit":"","ocean_menu_typo_spacing":0,"ocean_menu_typo_spacing_tablet":0,"ocean_menu_typo_spacing_mobile":0,"ocean_menu_typo_spacing_unit":"","ocean_menu_link_color":"","ocean_menu_link_color_hover":"","ocean_menu_link_color_active":"","ocean_menu_link_background":"","ocean_menu_link_hover_background":"","ocean_menu_link_active_background":"","ocean_menu_social_links_bg":"","ocean_menu_social_hover_links_bg":"","ocean_menu_social_links_color":"","ocean_menu_social_hover_links_color":"","ocean_disable_title":"default","ocean_disable_heading":"default","ocean_post_title":"","ocean_post_subheading":"","ocean_post_title_style":"","ocean_post_title_background_color":"","ocean_post_title_background":0,"ocean_post_title_bg_image_position":"","ocean_post_title_bg_image_attachment":"","ocean_post_title_bg_image_repeat":"","ocean_post_title_bg_image_size":"","ocean_post_title_height":0,"ocean_post_title_bg_overlay":0.5,"ocean_post_title_bg_overlay_color":"","ocean_disable_breadcrumbs":"default","ocean_breadcrumbs_color":"","ocean_breadcrumbs_separator_color":"","ocean_breadcrumbs_links_color":"","ocean_breadcrumbs_links_hover_color":"","ocean_display_footer_widgets":"default","ocean_display_footer_bottom":"default","ocean_custom_footer_template":"0"},"product_brand":[],"product_cat":[121,176,193,110,120],"product_tag":[],"class_list":{"0":"post-4022","1":"product","2":"type-product","3":"status-publish","4":"has-post-thumbnail","6":"product_cat-akrylozel-i-akryl","7":"product_cat-marki","8":"product_cat-neonails-1","9":"product_cat-paznokcie","10":"product_cat-zele-i-akryle","12":"entry","13":"has-media","15":"first","16":"outofstock","17":"taxable","18":"shipping-taxable","19":"purchasable","20":"product-type-simple","21":"has-product-nav","22":"col","23":"span_1_of_3","24":"owp-content-center","25":"owp-thumbs-layout-horizontal","26":"owp-btn-normal","27":"owp-tabs-layout-horizontal","28":"has-no-thumbnails"},"yoast_head":"<!-- This site is optimized with the Yoast SEO plugin v27.6 - https:\/\/yoast.com\/product\/yoast-seo-wordpress\/ -->\n<title>Duo Acrylgel Perfect Clear - 30 g - velesnails<\/title>\n<meta name=\"robots\" content=\"index, follow, max-snippet:-1, max-image-preview:large, max-video-preview:-1\" \/>\n<link rel=\"canonical\" href=\"https:\/\/velesnails.pl\/uk\/product\/duo-acrylgel-perfect-clear-30-g\/\" \/>\n<meta property=\"og:locale\" content=\"uk_UA\" \/>\n<meta property=\"og:type\" content=\"article\" \/>\n<meta property=\"og:title\" content=\"Duo Acrylgel Perfect Clear - 30 g - velesnails\" \/>\n<meta property=\"og:description\" content=\"Duo Acrylgel Perfect Clear &#8211; 30 g\u00a0NeoNail Duo Acrylgel to nowo\u015b\u0107, kt\u00f3ra zrewolucjonizuje \u015bwiat manicure. Nowa forma produktu stanowi innowacyjne rozwi\u0105zanie \u2013 po\u0142\u0105czenie wytrzyma\u0142o\u015bci akrylu oraz\u00a0lekko\u015bci i\u00a0elastyczno\u015bci \u017celu. Produkt zapewnia: &#8211;\u00a0g\u0119st\u0105\u00a0konsystencj\u0119\u00a0\u2013 nie sp\u0142ywa na\u00a0sk\u00f3rki, &#8211; mo\u017cliwo\u015b\u0107\u00a0przed\u0142u\u017cenia\u00a0i\u00a0modelowania\u00a0paznokci, &#8211;\u00a0trwa\u0142e\u00a0stylizacje\u00a0\u2013 paznokcie bardzo odporne na\u00a0uszkodzenia, &#8211; przed\u0142u\u017cenie\u00a05 paznokci jednocze\u015bnie\u00a0&#8211; bez obawy przemieszczania si\u0119 produktu na\u00a0p\u0142ytce, &#8211; aplikacja z\u00a0wykorzystaniem szablonu, [&hellip;]\" \/>\n<meta property=\"og:url\" content=\"https:\/\/velesnails.pl\/uk\/product\/duo-acrylgel-perfect-clear-30-g\/\" \/>\n<meta property=\"og:site_name\" content=\"velesnails\" \/>\n<meta property=\"article:modified_time\" content=\"2025-05-27T09:29:58+00:00\" \/>\n<meta property=\"og:image\" content=\"https:\/\/i0.wp.com\/velesnails.pl\/wp-content\/uploads\/2024\/08\/%D0%97%D0%BD%D1%96%D0%BC%D0%BE%D0%BA-%D0%B5%D0%BA%D1%80%D0%B0%D0%BD%D0%B0-2024-08-23-150419.png?fit=887%2C809&ssl=1\" \/>\n\t<meta property=\"og:image:width\" content=\"887\" \/>\n\t<meta property=\"og:image:height\" content=\"809\" \/>\n\t<meta property=\"og:image:type\" content=\"image\/png\" \/>\n<meta name=\"twitter:card\" content=\"summary_large_image\" \/>\n<meta name=\"twitter:label1\" content=\"\u041f\u0440\u0438\u0431\u043b. \u0447\u0430\u0441 \u0447\u0438\u0442\u0430\u043d\u043d\u044f\" \/>\n\t<meta name=\"twitter:data1\" content=\"1 \u0445\u0432\u0438\u043b\u0438\u043d\u0430\" \/>\n<script type=\"application\/ld+json\" class=\"yoast-schema-graph\">{\"@context\":\"https:\\\/\\\/schema.org\",\"@graph\":[{\"@type\":\"WebPage\",\"@id\":\"https:\\\/\\\/velesnails.pl\\\/product\\\/duo-acrylgel-perfect-clear-30-g\\\/\",\"url\":\"https:\\\/\\\/velesnails.pl\\\/product\\\/duo-acrylgel-perfect-clear-30-g\\\/\",\"name\":\"Duo Acrylgel Perfect Clear - 30 g - velesnails\",\"isPartOf\":{\"@id\":\"https:\\\/\\\/velesnails.pl\\\/#website\"},\"primaryImageOfPage\":{\"@id\":\"https:\\\/\\\/velesnails.pl\\\/product\\\/duo-acrylgel-perfect-clear-30-g\\\/#primaryimage\"},\"image\":{\"@id\":\"https:\\\/\\\/velesnails.pl\\\/product\\\/duo-acrylgel-perfect-clear-30-g\\\/#primaryimage\"},\"thumbnailUrl\":\"https:\\\/\\\/i0.wp.com\\\/velesnails.pl\\\/wp-content\\\/uploads\\\/2024\\\/08\\\/%D0%97%D0%BD%D1%96%D0%BC%D0%BE%D0%BA-%D0%B5%D0%BA%D1%80%D0%B0%D0%BD%D0%B0-2024-08-23-150419.png?fit=887%2C809&ssl=1\",\"datePublished\":\"2024-08-23T12:22:38+00:00\",\"dateModified\":\"2025-05-27T09:29:58+00:00\",\"breadcrumb\":{\"@id\":\"https:\\\/\\\/velesnails.pl\\\/product\\\/duo-acrylgel-perfect-clear-30-g\\\/#breadcrumb\"},\"inLanguage\":\"uk\",\"potentialAction\":[{\"@type\":\"ReadAction\",\"target\":[\"https:\\\/\\\/velesnails.pl\\\/product\\\/duo-acrylgel-perfect-clear-30-g\\\/\"]}]},{\"@type\":\"ImageObject\",\"inLanguage\":\"uk\",\"@id\":\"https:\\\/\\\/velesnails.pl\\\/product\\\/duo-acrylgel-perfect-clear-30-g\\\/#primaryimage\",\"url\":\"https:\\\/\\\/i0.wp.com\\\/velesnails.pl\\\/wp-content\\\/uploads\\\/2024\\\/08\\\/%D0%97%D0%BD%D1%96%D0%BC%D0%BE%D0%BA-%D0%B5%D0%BA%D1%80%D0%B0%D0%BD%D0%B0-2024-08-23-150419.png?fit=887%2C809&ssl=1\",\"contentUrl\":\"https:\\\/\\\/i0.wp.com\\\/velesnails.pl\\\/wp-content\\\/uploads\\\/2024\\\/08\\\/%D0%97%D0%BD%D1%96%D0%BC%D0%BE%D0%BA-%D0%B5%D0%BA%D1%80%D0%B0%D0%BD%D0%B0-2024-08-23-150419.png?fit=887%2C809&ssl=1\",\"width\":887,\"height\":809},{\"@type\":\"BreadcrumbList\",\"@id\":\"https:\\\/\\\/velesnails.pl\\\/product\\\/duo-acrylgel-perfect-clear-30-g\\\/#breadcrumb\",\"itemListElement\":[{\"@type\":\"ListItem\",\"position\":1,\"name\":\"\u0413\u043e\u043b\u043e\u0432\u043d\u0430\",\"item\":\"https:\\\/\\\/velesnails.pl\\\/\"},{\"@type\":\"ListItem\",\"position\":2,\"name\":\"Sklep\",\"item\":\"https:\\\/\\\/velesnails.pl\\\/shop\\\/\"},{\"@type\":\"ListItem\",\"position\":3,\"name\":\"Duo Acrylgel Perfect Clear &#8211; 30 g\"}]},{\"@type\":\"WebSite\",\"@id\":\"https:\\\/\\\/velesnails.pl\\\/#website\",\"url\":\"https:\\\/\\\/velesnails.pl\\\/\",\"name\":\"velesnails\",\"description\":\"Sklep z manicure\",\"publisher\":{\"@id\":\"https:\\\/\\\/velesnails.pl\\\/#organization\"},\"potentialAction\":[{\"@type\":\"SearchAction\",\"target\":{\"@type\":\"EntryPoint\",\"urlTemplate\":\"https:\\\/\\\/velesnails.pl\\\/?s={search_term_string}\"},\"query-input\":{\"@type\":\"PropertyValueSpecification\",\"valueRequired\":true,\"valueName\":\"search_term_string\"}}],\"inLanguage\":\"uk\"},{\"@type\":\"Organization\",\"@id\":\"https:\\\/\\\/velesnails.pl\\\/#organization\",\"name\":\"velesnails\",\"url\":\"https:\\\/\\\/velesnails.pl\\\/\",\"logo\":{\"@type\":\"ImageObject\",\"inLanguage\":\"uk\",\"@id\":\"https:\\\/\\\/velesnails.pl\\\/#\\\/schema\\\/logo\\\/image\\\/\",\"url\":\"https:\\\/\\\/i0.wp.com\\\/velesnails.pl\\\/wp-content\\\/uploads\\\/2025\\\/10\\\/cropped-obraz_viber_2025-10-22_13-55-55-969.jpg?fit=485%2C381&ssl=1\",\"contentUrl\":\"https:\\\/\\\/i0.wp.com\\\/velesnails.pl\\\/wp-content\\\/uploads\\\/2025\\\/10\\\/cropped-obraz_viber_2025-10-22_13-55-55-969.jpg?fit=485%2C381&ssl=1\",\"width\":485,\"height\":381,\"caption\":\"velesnails\"},\"image\":{\"@id\":\"https:\\\/\\\/velesnails.pl\\\/#\\\/schema\\\/logo\\\/image\\\/\"}}]}<\/script>\n<!-- \/ Yoast SEO plugin. -->","yoast_head_json":{"title":"Duo Acrylgel Perfect Clear - 30 g - velesnails","robots":{"index":"index","follow":"follow","max-snippet":"max-snippet:-1","max-image-preview":"max-image-preview:large","max-video-preview":"max-video-preview:-1"},"canonical":"https:\/\/velesnails.pl\/uk\/product\/duo-acrylgel-perfect-clear-30-g\/","og_locale":"uk_UA","og_type":"article","og_title":"Duo Acrylgel Perfect Clear - 30 g - velesnails","og_description":"Duo Acrylgel Perfect Clear &#8211; 30 g\u00a0NeoNail Duo Acrylgel to nowo\u015b\u0107, kt\u00f3ra zrewolucjonizuje \u015bwiat manicure. Nowa forma produktu stanowi innowacyjne rozwi\u0105zanie \u2013 po\u0142\u0105czenie wytrzyma\u0142o\u015bci akrylu oraz\u00a0lekko\u015bci i\u00a0elastyczno\u015bci \u017celu. Produkt zapewnia: &#8211;\u00a0g\u0119st\u0105\u00a0konsystencj\u0119\u00a0\u2013 nie sp\u0142ywa na\u00a0sk\u00f3rki, &#8211; mo\u017cliwo\u015b\u0107\u00a0przed\u0142u\u017cenia\u00a0i\u00a0modelowania\u00a0paznokci, &#8211;\u00a0trwa\u0142e\u00a0stylizacje\u00a0\u2013 paznokcie bardzo odporne na\u00a0uszkodzenia, &#8211; przed\u0142u\u017cenie\u00a05 paznokci jednocze\u015bnie\u00a0&#8211; bez obawy przemieszczania si\u0119 produktu na\u00a0p\u0142ytce, &#8211; aplikacja z\u00a0wykorzystaniem szablonu, [&hellip;]","og_url":"https:\/\/velesnails.pl\/uk\/product\/duo-acrylgel-perfect-clear-30-g\/","og_site_name":"velesnails","article_modified_time":"2025-05-27T09:29:58+00:00","og_image":[{"width":887,"height":809,"url":"https:\/\/i0.wp.com\/velesnails.pl\/wp-content\/uploads\/2024\/08\/%D0%97%D0%BD%D1%96%D0%BC%D0%BE%D0%BA-%D0%B5%D0%BA%D1%80%D0%B0%D0%BD%D0%B0-2024-08-23-150419.png?fit=887%2C809&ssl=1","type":"image\/png"}],"twitter_card":"summary_large_image","twitter_misc":{"\u041f\u0440\u0438\u0431\u043b. \u0447\u0430\u0441 \u0447\u0438\u0442\u0430\u043d\u043d\u044f":"1 \u0445\u0432\u0438\u043b\u0438\u043d\u0430"},"schema":{"@context":"https:\/\/schema.org","@graph":[{"@type":"WebPage","@id":"https:\/\/velesnails.pl\/product\/duo-acrylgel-perfect-clear-30-g\/","url":"https:\/\/velesnails.pl\/product\/duo-acrylgel-perfect-clear-30-g\/","name":"Duo Acrylgel Perfect Clear - 30 g - velesnails","isPartOf":{"@id":"https:\/\/velesnails.pl\/#website"},"primaryImageOfPage":{"@id":"https:\/\/velesnails.pl\/product\/duo-acrylgel-perfect-clear-30-g\/#primaryimage"},"image":{"@id":"https:\/\/velesnails.pl\/product\/duo-acrylgel-perfect-clear-30-g\/#primaryimage"},"thumbnailUrl":"https:\/\/i0.wp.com\/velesnails.pl\/wp-content\/uploads\/2024\/08\/%D0%97%D0%BD%D1%96%D0%BC%D0%BE%D0%BA-%D0%B5%D0%BA%D1%80%D0%B0%D0%BD%D0%B0-2024-08-23-150419.png?fit=887%2C809&ssl=1","datePublished":"2024-08-23T12:22:38+00:00","dateModified":"2025-05-27T09:29:58+00:00","breadcrumb":{"@id":"https:\/\/velesnails.pl\/product\/duo-acrylgel-perfect-clear-30-g\/#breadcrumb"},"inLanguage":"uk","potentialAction":[{"@type":"ReadAction","target":["https:\/\/velesnails.pl\/product\/duo-acrylgel-perfect-clear-30-g\/"]}]},{"@type":"ImageObject","inLanguage":"uk","@id":"https:\/\/velesnails.pl\/product\/duo-acrylgel-perfect-clear-30-g\/#primaryimage","url":"https:\/\/i0.wp.com\/velesnails.pl\/wp-content\/uploads\/2024\/08\/%D0%97%D0%BD%D1%96%D0%BC%D0%BE%D0%BA-%D0%B5%D0%BA%D1%80%D0%B0%D0%BD%D0%B0-2024-08-23-150419.png?fit=887%2C809&ssl=1","contentUrl":"https:\/\/i0.wp.com\/velesnails.pl\/wp-content\/uploads\/2024\/08\/%D0%97%D0%BD%D1%96%D0%BC%D0%BE%D0%BA-%D0%B5%D0%BA%D1%80%D0%B0%D0%BD%D0%B0-2024-08-23-150419.png?fit=887%2C809&ssl=1","width":887,"height":809},{"@type":"BreadcrumbList","@id":"https:\/\/velesnails.pl\/product\/duo-acrylgel-perfect-clear-30-g\/#breadcrumb","itemListElement":[{"@type":"ListItem","position":1,"name":"\u0413\u043e\u043b\u043e\u0432\u043d\u0430","item":"https:\/\/velesnails.pl\/"},{"@type":"ListItem","position":2,"name":"Sklep","item":"https:\/\/velesnails.pl\/shop\/"},{"@type":"ListItem","position":3,"name":"Duo Acrylgel Perfect Clear &#8211; 30 g"}]},{"@type":"WebSite","@id":"https:\/\/velesnails.pl\/#website","url":"https:\/\/velesnails.pl\/","name":"\u0432\u0435\u043b\u0435\u0441\u043e\u0432\u0456 \u043d\u0456\u0433\u0442\u0456","description":"\u041c\u0430\u043d\u0456\u043a\u044e\u0440\u043d\u0438\u0439 \u0441\u0430\u043b\u043e\u043d","publisher":{"@id":"https:\/\/velesnails.pl\/#organization"},"potentialAction":[{"@type":"SearchAction","target":{"@type":"EntryPoint","urlTemplate":"https:\/\/velesnails.pl\/?s={search_term_string}"},"query-input":{"@type":"PropertyValueSpecification","valueRequired":true,"valueName":"search_term_string"}}],"inLanguage":"uk"},{"@type":"Organization","@id":"https:\/\/velesnails.pl\/#organization","name":"\u0432\u0435\u043b\u0435\u0441\u043e\u0432\u0456 \u043d\u0456\u0433\u0442\u0456","url":"https:\/\/velesnails.pl\/","logo":{"@type":"ImageObject","inLanguage":"uk","@id":"https:\/\/velesnails.pl\/#\/schema\/logo\/image\/","url":"https:\/\/i0.wp.com\/velesnails.pl\/wp-content\/uploads\/2025\/10\/cropped-obraz_viber_2025-10-22_13-55-55-969.jpg?fit=485%2C381&ssl=1","contentUrl":"https:\/\/i0.wp.com\/velesnails.pl\/wp-content\/uploads\/2025\/10\/cropped-obraz_viber_2025-10-22_13-55-55-969.jpg?fit=485%2C381&ssl=1","width":485,"height":381,"caption":"velesnails"},"image":{"@id":"https:\/\/velesnails.pl\/#\/schema\/logo\/image\/"}}]}},"_links":{"self":[{"href":"https:\/\/velesnails.pl\/uk\/wp-json\/wp\/v2\/product\/4022","targetHints":{"allow":["GET"]}}],"collection":[{"href":"https:\/\/velesnails.pl\/uk\/wp-json\/wp\/v2\/product"}],"about":[{"href":"https:\/\/velesnails.pl\/uk\/wp-json\/wp\/v2\/types\/product"}],"replies":[{"embeddable":true,"href":"https:\/\/velesnails.pl\/uk\/wp-json\/wp\/v2\/comments?post=4022"}],"wp:featuredmedia":[{"embeddable":true,"href":"https:\/\/velesnails.pl\/uk\/wp-json\/wp\/v2\/media\/4036"}],"wp:attachment":[{"href":"https:\/\/velesnails.pl\/uk\/wp-json\/wp\/v2\/media?parent=4022"}],"wp:term":[{"taxonomy":"product_brand","embeddable":true,"href":"https:\/\/velesnails.pl\/uk\/wp-json\/wp\/v2\/product_brand?post=4022"},{"taxonomy":"product_cat","embeddable":true,"href":"https:\/\/velesnails.pl\/uk\/wp-json\/wp\/v2\/product_cat?post=4022"},{"taxonomy":"product_tag","embeddable":true,"href":"https:\/\/velesnails.pl\/uk\/wp-json\/wp\/v2\/product_tag?post=4022"}],"curies":[{"name":"wp","href":"https:\/\/api.w.org\/{rel}","templated":true}]}}