{"id":3825,"date":"2024-07-31T14:22:03","date_gmt":"2024-07-31T11:22:03","guid":{"rendered":"https:\/\/velesnails.loc\/?post_type=product&#038;p=3825"},"modified":"2024-11-27T19:02:38","modified_gmt":"2024-11-27T16:02:38","slug":"paski-do-depilacji-woskiem-z-wlokniny-zolto-rozowe-200-szt","status":"publish","type":"product","link":"https:\/\/velesnails.pl\/uk\/product\/paski-do-depilacji-woskiem-z-wlokniny-zolto-rozowe-200-szt\/","title":{"rendered":"Paski do depilacji woskiem z w\u0142\u00f3kniny \u017c\u00f3\u0142to -r\u00f3\u017cowe 200 szt."},"content":{"rendered":"<p>Paski do depilacji woskiem twardym s\u0105 popularnym produktem stosowanym do usuwania niechcianych w\u0142osk\u00f3w<br \/>\nPaski do depilacji woskiem twardym s\u0105 alternatywn\u0105 opcj\u0105 dla tradycyjnych pask\u00f3w do depilacji woskiem zmi\u0119kczalnym. Paski do depilacji woskiem twardym nie maj\u0105 specjalnej warstwy wosku. Zamiast tego, u\u017cywa si\u0119 bezpo\u015brednio wosku twardego, kt\u00f3ry staje si\u0119 plastyczny po podgrzaniu.<\/p>\n<p>Stosuje si\u0119 w podobny spos\u00f3b jak tradycyjne paski. Wosk twardy jest podgrzewany do odpowiedniej temperatury, a nast\u0119pnie nak\u0142adany na sk\u00f3r\u0119 przy u\u017cyciu specjalnej szpatu\u0142ki lub wa\u0142ka aplikacyjnego. Po zastygni\u0119ciu wosku, nie u\u017cywa si\u0119 pask\u00f3w do usuwania go, ale sam wosk jest zrywany od razu. Wosk twardy cz\u0119sto jest stosowany do mniejszych obszar\u00f3w, takich jak brwi, w\u0105sik czy bikini.<\/p>\n<p>Paski do depilacji wykonane z wysokiej jako\u015bci i wytrzyma\u0142ej fizeliny s\u0105 skutecznym narz\u0119dziem do depilacji<br \/>\nPaski do depilacji woskiem wykonane z wysokiej jako\u015bci fizeliny maj\u0105 g\u0142adk\u0105 powierzchni\u0119, co pozwala na lepsz\u0105 przyczepno\u015b\u0107 wosku. Dzi\u0119ki temu, wosk mo\u017ce \u0142atwo przylgn\u0105\u0107 do paska, co jest istotne dla skutecznej depilacji. Paski s\u0105 wykonane z wysokiej jako\u015bci fizeliny, s\u0105 one r\u00f3wnie\u017c delikatne dla sk\u00f3ry. Dzi\u0119ki temu, \u017ce paski do depilacji wykonane s\u0105 z wytrzyma\u0142ej fizeliny , s\u0105 mocne i \u015bwietnie radz\u0105 sobie z twardym i mocnym woskiem.<\/p>\n<p>Paski do depilacji woskiem twardym pozwol\u0105 Ci precyzyjnie usun\u0105\u0107 niechciane w\u0142oski nawet z trudno dost\u0119pnych miejsc<br \/>\nPaski do depilacji woskiem twardym s\u0105 skuteczne w usuwaniu w\u0142osk\u00f3w u nasady, podobnie jak tradycyjne paski. Wosk twardy ma tendencj\u0119 do bardziej skutecznego przyklejania si\u0119 do w\u0142os\u00f3w, co pozwala na bardziej efektywne ich usuni\u0119cie.<\/p>\n<p>Depilacja woskiem twardym mo\u017ce by\u0107 wygodna i skuteczna, zw\u0142aszcza przy usuwaniu w\u0142osk\u00f3w z trudno dost\u0119pnych obszar\u00f3w. Wosk twardy mo\u017ce by\u0107 bardziej precyzyjny i kontrolowany podczas aplikacji, co pozwala na precyzyjne kszta\u0142towanie brwi lub usuwanie pojedynczych w\u0142osk\u00f3w.<\/p>\n<p>Depilacja woskiem twardym mo\u017ce by\u0107 bardziej czasoch\u0142onna i wymaga\u0107 nieco wi\u0119kszej wprawy ni\u017c tradycyjne paski. Ponadto, ze wzgl\u0119du na specyficzn\u0105 konsystencj\u0119 wosku, mo\u017ce by\u0107 bardziej bolesna w por\u00f3wnaniu do wosku zmi\u0119kczalnego. Wra\u017cliwe osoby mog\u0105 odczuwa\u0107 dyskomfort podczas procesu.<\/p>","protected":false},"excerpt":{"rendered":"<p>Paski do depilacji woskiem twardym s\u0105 popularnym produktem stosowanym do usuwania niechcianych w\u0142osk\u00f3w Paski do depilacji woskiem twardym s\u0105 alternatywn\u0105 opcj\u0105 dla tradycyjnych pask\u00f3w do depilacji woskiem zmi\u0119kczalnym. Paski do depilacji woskiem twardym nie maj\u0105 specjalnej warstwy wosku. Zamiast tego, u\u017cywa si\u0119 bezpo\u015brednio wosku twardego, kt\u00f3ry staje si\u0119 plastyczny po podgrzaniu. Stosuje si\u0119 w podobny [&hellip;]<\/p>\n","protected":false},"featured_media":3826,"comment_status":"closed","ping_status":"closed","template":"","meta":{"om_disable_all_campaigns":false,"ocean_post_layout":"","ocean_both_sidebars_style":"","ocean_both_sidebars_content_width":0,"ocean_both_sidebars_sidebars_width":0,"ocean_sidebar":"0","ocean_second_sidebar":"0","ocean_disable_margins":"enable","ocean_add_body_class":"","ocean_shortcode_before_top_bar":"","ocean_shortcode_after_top_bar":"","ocean_shortcode_before_header":"","ocean_shortcode_after_header":"","ocean_has_shortcode":"","ocean_shortcode_after_title":"","ocean_shortcode_before_footer_widgets":"","ocean_shortcode_after_footer_widgets":"","ocean_shortcode_before_footer_bottom":"","ocean_shortcode_after_footer_bottom":"","ocean_display_top_bar":"default","ocean_display_header":"default","ocean_header_style":"","ocean_center_header_left_menu":"0","ocean_custom_header_template":"0","ocean_custom_logo":0,"ocean_custom_retina_logo":0,"ocean_custom_logo_max_width":0,"ocean_custom_logo_tablet_max_width":0,"ocean_custom_logo_mobile_max_width":0,"ocean_custom_logo_max_height":0,"ocean_custom_logo_tablet_max_height":0,"ocean_custom_logo_mobile_max_height":0,"ocean_header_custom_menu":"0","ocean_menu_typo_font_family":"0","ocean_menu_typo_font_subset":"","ocean_menu_typo_font_size":0,"ocean_menu_typo_font_size_tablet":0,"ocean_menu_typo_font_size_mobile":0,"ocean_menu_typo_font_size_unit":"px","ocean_menu_typo_font_weight":"","ocean_menu_typo_font_weight_tablet":"","ocean_menu_typo_font_weight_mobile":"","ocean_menu_typo_transform":"","ocean_menu_typo_transform_tablet":"","ocean_menu_typo_transform_mobile":"","ocean_menu_typo_line_height":0,"ocean_menu_typo_line_height_tablet":0,"ocean_menu_typo_line_height_mobile":0,"ocean_menu_typo_line_height_unit":"","ocean_menu_typo_spacing":0,"ocean_menu_typo_spacing_tablet":0,"ocean_menu_typo_spacing_mobile":0,"ocean_menu_typo_spacing_unit":"","ocean_menu_link_color":"","ocean_menu_link_color_hover":"","ocean_menu_link_color_active":"","ocean_menu_link_background":"","ocean_menu_link_hover_background":"","ocean_menu_link_active_background":"","ocean_menu_social_links_bg":"","ocean_menu_social_hover_links_bg":"","ocean_menu_social_links_color":"","ocean_menu_social_hover_links_color":"","ocean_disable_title":"default","ocean_disable_heading":"default","ocean_post_title":"","ocean_post_subheading":"","ocean_post_title_style":"","ocean_post_title_background_color":"","ocean_post_title_background":0,"ocean_post_title_bg_image_position":"","ocean_post_title_bg_image_attachment":"","ocean_post_title_bg_image_repeat":"","ocean_post_title_bg_image_size":"","ocean_post_title_height":0,"ocean_post_title_bg_overlay":0.5,"ocean_post_title_bg_overlay_color":"","ocean_disable_breadcrumbs":"default","ocean_breadcrumbs_color":"","ocean_breadcrumbs_separator_color":"","ocean_breadcrumbs_links_color":"","ocean_breadcrumbs_links_hover_color":"","ocean_display_footer_widgets":"default","ocean_display_footer_bottom":"default","ocean_custom_footer_template":"0"},"product_brand":[],"product_cat":[173,170],"product_tag":[],"class_list":{"0":"post-3825","1":"product","2":"type-product","3":"status-publish","4":"has-post-thumbnail","6":"product_cat-akcesoria-pomocnicze","7":"product_cat-depilacja","9":"entry","10":"has-media","12":"first","13":"outofstock","14":"taxable","15":"shipping-taxable","16":"purchasable","17":"product-type-simple","18":"has-product-nav","19":"col","20":"span_1_of_3","21":"owp-content-center","22":"owp-thumbs-layout-horizontal","23":"owp-btn-normal","24":"owp-tabs-layout-horizontal","25":"has-no-thumbnails"},"yoast_head":"<!-- This site is optimized with the Yoast SEO plugin v27.6 - https:\/\/yoast.com\/product\/yoast-seo-wordpress\/ -->\n<title>Paski do depilacji woskiem z w\u0142\u00f3kniny \u017c\u00f3\u0142to -r\u00f3\u017cowe 200 szt. - velesnails<\/title>\n<meta name=\"robots\" content=\"index, follow, max-snippet:-1, max-image-preview:large, max-video-preview:-1\" \/>\n<link rel=\"canonical\" href=\"https:\/\/velesnails.pl\/uk\/product\/paski-do-depilacji-woskiem-z-wlokniny-zolto-rozowe-200-szt\/\" \/>\n<meta property=\"og:locale\" content=\"uk_UA\" \/>\n<meta property=\"og:type\" content=\"article\" \/>\n<meta property=\"og:title\" content=\"Paski do depilacji woskiem z w\u0142\u00f3kniny \u017c\u00f3\u0142to -r\u00f3\u017cowe 200 szt. - velesnails\" \/>\n<meta property=\"og:description\" content=\"Paski do depilacji woskiem twardym s\u0105 popularnym produktem stosowanym do usuwania niechcianych w\u0142osk\u00f3w Paski do depilacji woskiem twardym s\u0105 alternatywn\u0105 opcj\u0105 dla tradycyjnych pask\u00f3w do depilacji woskiem zmi\u0119kczalnym. Paski do depilacji woskiem twardym nie maj\u0105 specjalnej warstwy wosku. Zamiast tego, u\u017cywa si\u0119 bezpo\u015brednio wosku twardego, kt\u00f3ry staje si\u0119 plastyczny po podgrzaniu. Stosuje si\u0119 w podobny [&hellip;]\" \/>\n<meta property=\"og:url\" content=\"https:\/\/velesnails.pl\/uk\/product\/paski-do-depilacji-woskiem-z-wlokniny-zolto-rozowe-200-szt\/\" \/>\n<meta property=\"og:site_name\" content=\"velesnails\" \/>\n<meta property=\"article:modified_time\" content=\"2024-11-27T16:02:38+00:00\" \/>\n<meta property=\"og:image\" content=\"https:\/\/i0.wp.com\/velesnails.pl\/wp-content\/uploads\/2024\/07\/Paski-do-depilacji-zolto-rozowe.jpg?fit=500%2C487&ssl=1\" \/>\n\t<meta property=\"og:image:width\" content=\"500\" \/>\n\t<meta property=\"og:image:height\" content=\"487\" \/>\n\t<meta property=\"og:image:type\" content=\"image\/jpeg\" \/>\n<meta name=\"twitter:card\" content=\"summary_large_image\" \/>\n<meta name=\"twitter:label1\" content=\"\u041f\u0440\u0438\u0431\u043b. \u0447\u0430\u0441 \u0447\u0438\u0442\u0430\u043d\u043d\u044f\" \/>\n\t<meta name=\"twitter:data1\" content=\"2 \u0445\u0432\u0438\u043b\u0438\u043d\u0438\" \/>\n<script type=\"application\/ld+json\" class=\"yoast-schema-graph\">{\"@context\":\"https:\\\/\\\/schema.org\",\"@graph\":[{\"@type\":\"WebPage\",\"@id\":\"https:\\\/\\\/velesnails.pl\\\/product\\\/paski-do-depilacji-woskiem-z-wlokniny-zolto-rozowe-200-szt\\\/\",\"url\":\"https:\\\/\\\/velesnails.pl\\\/product\\\/paski-do-depilacji-woskiem-z-wlokniny-zolto-rozowe-200-szt\\\/\",\"name\":\"Paski do depilacji woskiem z w\u0142\u00f3kniny \u017c\u00f3\u0142to -r\u00f3\u017cowe 200 szt. - velesnails\",\"isPartOf\":{\"@id\":\"https:\\\/\\\/velesnails.pl\\\/#website\"},\"primaryImageOfPage\":{\"@id\":\"https:\\\/\\\/velesnails.pl\\\/product\\\/paski-do-depilacji-woskiem-z-wlokniny-zolto-rozowe-200-szt\\\/#primaryimage\"},\"image\":{\"@id\":\"https:\\\/\\\/velesnails.pl\\\/product\\\/paski-do-depilacji-woskiem-z-wlokniny-zolto-rozowe-200-szt\\\/#primaryimage\"},\"thumbnailUrl\":\"https:\\\/\\\/i0.wp.com\\\/velesnails.pl\\\/wp-content\\\/uploads\\\/2024\\\/07\\\/Paski-do-depilacji-zolto-rozowe.jpg?fit=500%2C487&ssl=1\",\"datePublished\":\"2024-07-31T11:22:03+00:00\",\"dateModified\":\"2024-11-27T16:02:38+00:00\",\"breadcrumb\":{\"@id\":\"https:\\\/\\\/velesnails.pl\\\/product\\\/paski-do-depilacji-woskiem-z-wlokniny-zolto-rozowe-200-szt\\\/#breadcrumb\"},\"inLanguage\":\"uk\",\"potentialAction\":[{\"@type\":\"ReadAction\",\"target\":[\"https:\\\/\\\/velesnails.pl\\\/product\\\/paski-do-depilacji-woskiem-z-wlokniny-zolto-rozowe-200-szt\\\/\"]}]},{\"@type\":\"ImageObject\",\"inLanguage\":\"uk\",\"@id\":\"https:\\\/\\\/velesnails.pl\\\/product\\\/paski-do-depilacji-woskiem-z-wlokniny-zolto-rozowe-200-szt\\\/#primaryimage\",\"url\":\"https:\\\/\\\/i0.wp.com\\\/velesnails.pl\\\/wp-content\\\/uploads\\\/2024\\\/07\\\/Paski-do-depilacji-zolto-rozowe.jpg?fit=500%2C487&ssl=1\",\"contentUrl\":\"https:\\\/\\\/i0.wp.com\\\/velesnails.pl\\\/wp-content\\\/uploads\\\/2024\\\/07\\\/Paski-do-depilacji-zolto-rozowe.jpg?fit=500%2C487&ssl=1\",\"width\":500,\"height\":487},{\"@type\":\"BreadcrumbList\",\"@id\":\"https:\\\/\\\/velesnails.pl\\\/product\\\/paski-do-depilacji-woskiem-z-wlokniny-zolto-rozowe-200-szt\\\/#breadcrumb\",\"itemListElement\":[{\"@type\":\"ListItem\",\"position\":1,\"name\":\"\u0413\u043e\u043b\u043e\u0432\u043d\u0430\",\"item\":\"https:\\\/\\\/velesnails.pl\\\/\"},{\"@type\":\"ListItem\",\"position\":2,\"name\":\"Sklep\",\"item\":\"https:\\\/\\\/velesnails.pl\\\/shop\\\/\"},{\"@type\":\"ListItem\",\"position\":3,\"name\":\"Paski do depilacji woskiem z w\u0142\u00f3kniny \u017c\u00f3\u0142to -r\u00f3\u017cowe 200 szt.\"}]},{\"@type\":\"WebSite\",\"@id\":\"https:\\\/\\\/velesnails.pl\\\/#website\",\"url\":\"https:\\\/\\\/velesnails.pl\\\/\",\"name\":\"velesnails\",\"description\":\"Sklep z manicure\",\"publisher\":{\"@id\":\"https:\\\/\\\/velesnails.pl\\\/#organization\"},\"potentialAction\":[{\"@type\":\"SearchAction\",\"target\":{\"@type\":\"EntryPoint\",\"urlTemplate\":\"https:\\\/\\\/velesnails.pl\\\/?s={search_term_string}\"},\"query-input\":{\"@type\":\"PropertyValueSpecification\",\"valueRequired\":true,\"valueName\":\"search_term_string\"}}],\"inLanguage\":\"uk\"},{\"@type\":\"Organization\",\"@id\":\"https:\\\/\\\/velesnails.pl\\\/#organization\",\"name\":\"velesnails\",\"url\":\"https:\\\/\\\/velesnails.pl\\\/\",\"logo\":{\"@type\":\"ImageObject\",\"inLanguage\":\"uk\",\"@id\":\"https:\\\/\\\/velesnails.pl\\\/#\\\/schema\\\/logo\\\/image\\\/\",\"url\":\"https:\\\/\\\/i0.wp.com\\\/velesnails.pl\\\/wp-content\\\/uploads\\\/2025\\\/10\\\/cropped-obraz_viber_2025-10-22_13-55-55-969.jpg?fit=485%2C381&ssl=1\",\"contentUrl\":\"https:\\\/\\\/i0.wp.com\\\/velesnails.pl\\\/wp-content\\\/uploads\\\/2025\\\/10\\\/cropped-obraz_viber_2025-10-22_13-55-55-969.jpg?fit=485%2C381&ssl=1\",\"width\":485,\"height\":381,\"caption\":\"velesnails\"},\"image\":{\"@id\":\"https:\\\/\\\/velesnails.pl\\\/#\\\/schema\\\/logo\\\/image\\\/\"}}]}<\/script>\n<!-- \/ Yoast SEO plugin. -->","yoast_head_json":{"title":"Paski do depilacji woskiem z w\u0142\u00f3kniny \u017c\u00f3\u0142to -r\u00f3\u017cowe 200 szt. - velesnails","robots":{"index":"index","follow":"follow","max-snippet":"max-snippet:-1","max-image-preview":"max-image-preview:large","max-video-preview":"max-video-preview:-1"},"canonical":"https:\/\/velesnails.pl\/uk\/product\/paski-do-depilacji-woskiem-z-wlokniny-zolto-rozowe-200-szt\/","og_locale":"uk_UA","og_type":"article","og_title":"Paski do depilacji woskiem z w\u0142\u00f3kniny \u017c\u00f3\u0142to -r\u00f3\u017cowe 200 szt. - velesnails","og_description":"Paski do depilacji woskiem twardym s\u0105 popularnym produktem stosowanym do usuwania niechcianych w\u0142osk\u00f3w Paski do depilacji woskiem twardym s\u0105 alternatywn\u0105 opcj\u0105 dla tradycyjnych pask\u00f3w do depilacji woskiem zmi\u0119kczalnym. Paski do depilacji woskiem twardym nie maj\u0105 specjalnej warstwy wosku. Zamiast tego, u\u017cywa si\u0119 bezpo\u015brednio wosku twardego, kt\u00f3ry staje si\u0119 plastyczny po podgrzaniu. Stosuje si\u0119 w podobny [&hellip;]","og_url":"https:\/\/velesnails.pl\/uk\/product\/paski-do-depilacji-woskiem-z-wlokniny-zolto-rozowe-200-szt\/","og_site_name":"velesnails","article_modified_time":"2024-11-27T16:02:38+00:00","og_image":[{"width":500,"height":487,"url":"https:\/\/i0.wp.com\/velesnails.pl\/wp-content\/uploads\/2024\/07\/Paski-do-depilacji-zolto-rozowe.jpg?fit=500%2C487&ssl=1","type":"image\/jpeg"}],"twitter_card":"summary_large_image","twitter_misc":{"\u041f\u0440\u0438\u0431\u043b. \u0447\u0430\u0441 \u0447\u0438\u0442\u0430\u043d\u043d\u044f":"2 \u0445\u0432\u0438\u043b\u0438\u043d\u0438"},"schema":{"@context":"https:\/\/schema.org","@graph":[{"@type":"WebPage","@id":"https:\/\/velesnails.pl\/product\/paski-do-depilacji-woskiem-z-wlokniny-zolto-rozowe-200-szt\/","url":"https:\/\/velesnails.pl\/product\/paski-do-depilacji-woskiem-z-wlokniny-zolto-rozowe-200-szt\/","name":"Paski do depilacji woskiem z w\u0142\u00f3kniny \u017c\u00f3\u0142to -r\u00f3\u017cowe 200 szt. - velesnails","isPartOf":{"@id":"https:\/\/velesnails.pl\/#website"},"primaryImageOfPage":{"@id":"https:\/\/velesnails.pl\/product\/paski-do-depilacji-woskiem-z-wlokniny-zolto-rozowe-200-szt\/#primaryimage"},"image":{"@id":"https:\/\/velesnails.pl\/product\/paski-do-depilacji-woskiem-z-wlokniny-zolto-rozowe-200-szt\/#primaryimage"},"thumbnailUrl":"https:\/\/i0.wp.com\/velesnails.pl\/wp-content\/uploads\/2024\/07\/Paski-do-depilacji-zolto-rozowe.jpg?fit=500%2C487&ssl=1","datePublished":"2024-07-31T11:22:03+00:00","dateModified":"2024-11-27T16:02:38+00:00","breadcrumb":{"@id":"https:\/\/velesnails.pl\/product\/paski-do-depilacji-woskiem-z-wlokniny-zolto-rozowe-200-szt\/#breadcrumb"},"inLanguage":"uk","potentialAction":[{"@type":"ReadAction","target":["https:\/\/velesnails.pl\/product\/paski-do-depilacji-woskiem-z-wlokniny-zolto-rozowe-200-szt\/"]}]},{"@type":"ImageObject","inLanguage":"uk","@id":"https:\/\/velesnails.pl\/product\/paski-do-depilacji-woskiem-z-wlokniny-zolto-rozowe-200-szt\/#primaryimage","url":"https:\/\/i0.wp.com\/velesnails.pl\/wp-content\/uploads\/2024\/07\/Paski-do-depilacji-zolto-rozowe.jpg?fit=500%2C487&ssl=1","contentUrl":"https:\/\/i0.wp.com\/velesnails.pl\/wp-content\/uploads\/2024\/07\/Paski-do-depilacji-zolto-rozowe.jpg?fit=500%2C487&ssl=1","width":500,"height":487},{"@type":"BreadcrumbList","@id":"https:\/\/velesnails.pl\/product\/paski-do-depilacji-woskiem-z-wlokniny-zolto-rozowe-200-szt\/#breadcrumb","itemListElement":[{"@type":"ListItem","position":1,"name":"\u0413\u043e\u043b\u043e\u0432\u043d\u0430","item":"https:\/\/velesnails.pl\/"},{"@type":"ListItem","position":2,"name":"Sklep","item":"https:\/\/velesnails.pl\/shop\/"},{"@type":"ListItem","position":3,"name":"Paski do depilacji woskiem z w\u0142\u00f3kniny \u017c\u00f3\u0142to -r\u00f3\u017cowe 200 szt."}]},{"@type":"WebSite","@id":"https:\/\/velesnails.pl\/#website","url":"https:\/\/velesnails.pl\/","name":"\u0432\u0435\u043b\u0435\u0441\u043e\u0432\u0456 \u043d\u0456\u0433\u0442\u0456","description":"\u041c\u0430\u043d\u0456\u043a\u044e\u0440\u043d\u0438\u0439 \u0441\u0430\u043b\u043e\u043d","publisher":{"@id":"https:\/\/velesnails.pl\/#organization"},"potentialAction":[{"@type":"SearchAction","target":{"@type":"EntryPoint","urlTemplate":"https:\/\/velesnails.pl\/?s={search_term_string}"},"query-input":{"@type":"PropertyValueSpecification","valueRequired":true,"valueName":"search_term_string"}}],"inLanguage":"uk"},{"@type":"Organization","@id":"https:\/\/velesnails.pl\/#organization","name":"\u0432\u0435\u043b\u0435\u0441\u043e\u0432\u0456 \u043d\u0456\u0433\u0442\u0456","url":"https:\/\/velesnails.pl\/","logo":{"@type":"ImageObject","inLanguage":"uk","@id":"https:\/\/velesnails.pl\/#\/schema\/logo\/image\/","url":"https:\/\/i0.wp.com\/velesnails.pl\/wp-content\/uploads\/2025\/10\/cropped-obraz_viber_2025-10-22_13-55-55-969.jpg?fit=485%2C381&ssl=1","contentUrl":"https:\/\/i0.wp.com\/velesnails.pl\/wp-content\/uploads\/2025\/10\/cropped-obraz_viber_2025-10-22_13-55-55-969.jpg?fit=485%2C381&ssl=1","width":485,"height":381,"caption":"velesnails"},"image":{"@id":"https:\/\/velesnails.pl\/#\/schema\/logo\/image\/"}}]}},"_links":{"self":[{"href":"https:\/\/velesnails.pl\/uk\/wp-json\/wp\/v2\/product\/3825","targetHints":{"allow":["GET"]}}],"collection":[{"href":"https:\/\/velesnails.pl\/uk\/wp-json\/wp\/v2\/product"}],"about":[{"href":"https:\/\/velesnails.pl\/uk\/wp-json\/wp\/v2\/types\/product"}],"replies":[{"embeddable":true,"href":"https:\/\/velesnails.pl\/uk\/wp-json\/wp\/v2\/comments?post=3825"}],"wp:featuredmedia":[{"embeddable":true,"href":"https:\/\/velesnails.pl\/uk\/wp-json\/wp\/v2\/media\/3826"}],"wp:attachment":[{"href":"https:\/\/velesnails.pl\/uk\/wp-json\/wp\/v2\/media?parent=3825"}],"wp:term":[{"taxonomy":"product_brand","embeddable":true,"href":"https:\/\/velesnails.pl\/uk\/wp-json\/wp\/v2\/product_brand?post=3825"},{"taxonomy":"product_cat","embeddable":true,"href":"https:\/\/velesnails.pl\/uk\/wp-json\/wp\/v2\/product_cat?post=3825"},{"taxonomy":"product_tag","embeddable":true,"href":"https:\/\/velesnails.pl\/uk\/wp-json\/wp\/v2\/product_tag?post=3825"}],"curies":[{"name":"wp","href":"https:\/\/api.w.org\/{rel}","templated":true}]}}