{"id":3813,"date":"2024-07-31T13:30:16","date_gmt":"2024-07-31T10:30:16","guid":{"rendered":"https:\/\/velesnails.loc\/?post_type=product&#038;p=3813"},"modified":"2026-01-18T09:36:36","modified_gmt":"2026-01-18T06:36:36","slug":"velvet-professional-filmwax-wosk-do-depilacji-azulenowy-100-g","status":"publish","type":"product","link":"https:\/\/velesnails.pl\/uk\/product\/velvet-professional-filmwax-wosk-do-depilacji-azulenowy-100-g\/","title":{"rendered":"Velvet Professional FilmWax Wosk do depilacji Azulenowy 100 g"},"content":{"rendered":"<p>Preparat jest najnowszym efektem bada\u0144 najwi\u0119kszych laboratori\u00f3w kosmetycznych we W\u0142oszech. Absolutna nowo\u015b\u0107 w Polsce i na \u015bwiecie. Stanowi wyj\u0105tkow\u0105 kompozycj\u0119 wosku pszczelego, \u017cywic naturalnych oraz wosk\u00f3w syntetycznych. Preparat zosta\u0142 opracowany z my\u015bl\u0105 o skutecznej i \u0142atwej metodzie usuwania zb\u0119dnego ow\u0142osienia. Jego struktura pozwala na stosowanie w miejscach szczeg\u00f3lnie wra\u017cliwych i trudnych w depilacji. Idealnie sprawdza si\u0119 w okolicach w\u0105sika, bikini lub pod paszkami. Stosuje si\u0119 go na gor\u0105co &#8211; nie wymaga u\u017cycia pask\u00f3w. W por\u00f3wnaniu z tradycyjnymi woskami do depilacji, jest bardziej wydajny i zdecydowanie skuteczniejszy. Polecany dla sk\u00f3ry normalnej i wra\u017cliwej. Gwarantuje \u0142atw\u0105 i skuteczn\u0105 depilacj\u0119.<\/p>\n<p>Spos\u00f3b u\u017cycia:<\/p>\n<p>1. Dzie\u0144 przed depilacj\u0105&#8230;<\/p>\n<p>wykonanie peelingu ziarnistego,<br \/>\n2. Tu\u017c przed depilacj\u0105&#8230;<\/p>\n<p>rondelek z woskiem umie\u015bci\u0107 w podgrzewaczu, pod\u0142\u0105czy\u0107 do pr\u0105du i ustawi\u0107 pokr\u0119t\u0142o regulacji temperatury,<br \/>\ndo rozgrzania wosku mo\u017cna r\u00f3wnie\u017c wykorzysta\u0107 metalowe naczynie zanurzone w gor\u0105cej wodzie (tzw. \u0142a\u017ania wodna),<br \/>\nnast\u0119pnie oczy\u015bci\u0107 i odt\u0142u\u015bci\u0107 sk\u00f3r\u0119 Lotionem Przed Depilacj\u0105, kt\u00f3ry dodatkowo posiada w\u0142a\u015bciwo\u015bci znieczulaj\u0105ce,<br \/>\ndok\u0142adne osuszy\u0107 sk\u00f3r\u0119,<br \/>\nmo\u017cna zastosowa\u0107 talk lub zasypk\u0119,<br \/>\n3. Depilacja&#8230;<\/p>\n<p>wosk podgrza\u0107 w podgrzewaczu a\u017c do uzyskania p\u0142ynnej konsystencji,<br \/>\nje\u017celi wosk jest g\u0119sty i \u017ale si\u0119 rozprowadza nale\u017cy go dogrza\u0107 (ok 5-10min),<br \/>\nrozgrzany wosk na\u0142o\u017cy\u0107 do\u015b\u0107 grub\u0105 warstw\u0105 przy pomocy szpatu\u0142ki na niewielki obszar sk\u00f3ry,<br \/>\nwosk na\u0142o\u017cy\u0107 zgodnie z kierunkiem wzrostu w\u0142osa,<br \/>\nodczeka\u0107 a\u017c wosk zastygnie i stanie si\u0119 ch\u0142odny,<br \/>\nna\u0142o\u017cony wosk podwa\u017cy\u0107 i szybkim poci\u0105gni\u0119ciem (pod w\u0142os) zerwa\u0107 wraz z ow\u0142osieniem,<br \/>\npozosta\u0142o\u015bci po wosku nale\u017cy zmy\u0107 Olejkiem Po Depilacji,<br \/>\nw celu z\u0142agodzenia podra\u017cnie\u0144 polecamy Mleczko Po Depilacji,<br \/>\nzastosowanie dodatkowo Kremu Po Depilacji b\u0119dzie zapobiega\u0142o wrastaniu w\u0142osa, op\u00f3\u017ani jego odrost, w\u0142oski b\u0119d\u0105 s\u0142absze, a kolejne zabiegi mniej bolesne,<br \/>\n4. Dzie\u0144 po depilacji&#8230;<\/p>\n<p>nawil\u017canie sk\u00f3ry,<br \/>\nstosowanie jeszcze przez kilka dni Kremu Po Depilacji,<br \/>\n\u015arodki ostro\u017cno\u015bci:<\/p>\n<p>Nie nale\u017cy:<\/p>\n<p>opala\u0107 si\u0119 przed planowanym zabiegiem depilacji,<br \/>\nw miejscach gdzie ma by\u0107 przeprowadzona depilacja, nie wykonywa\u0107 zabieg\u00f3w kosmetycznych, np. kwasy, oczyszczanie, itp,<br \/>\ntu\u017c przed na\u0142o\u017ceniem wosku nie u\u017cywa\u0107 krem\u00f3w, ani balsam\u00f3w,<br \/>\nsprawdza\u0107 na sk\u00f3rze, czy wosk ma odpowiedni\u0105 temperatur\u0119,<br \/>\nnak\u0142ada\u0107 wosku \u201epod w\u0142os\u201d,<br \/>\nzrywa\u0107 paska zgodnie z kierunkiem wzrostu w\u0142osa,<br \/>\nu\u017cywa\u0107 kosmetyk\u00f3w na bazie alkoholu,<br \/>\npo depilacji nie mo\u017cna opala\u0107 si\u0119, jak r\u00f3wnie\u017c nie nale\u017cy wykonywa\u0107 zabieg\u00f3w kosmetycznych takich, jak: kwasy, oczyszczanie, itp.<br \/>\nSk\u0142ad\/INCI:<\/p>\n<p>Colophonium (Rosin), Glyceryl Rosinate, Ethylene\/va Copolymer, Paraffin, Cera Alba (Besswax), Hydrogenated Coconut Oil.<\/p>\n<p>Pojemno\u015b\u0107: 100 g<\/p>","protected":false},"excerpt":{"rendered":"<p>Preparat jest najnowszym efektem bada\u0144 najwi\u0119kszych laboratori\u00f3w kosmetycznych we W\u0142oszech. Absolutna nowo\u015b\u0107 w Polsce i na \u015bwiecie. Stanowi wyj\u0105tkow\u0105 kompozycj\u0119 wosku pszczelego, \u017cywic naturalnych oraz wosk\u00f3w syntetycznych. Preparat zosta\u0142 opracowany z my\u015bl\u0105 o skutecznej i \u0142atwej metodzie usuwania zb\u0119dnego ow\u0142osienia. Jego struktura pozwala na stosowanie w miejscach szczeg\u00f3lnie wra\u017cliwych i trudnych w depilacji. Idealnie sprawdza [&hellip;]<\/p>\n","protected":false},"featured_media":3851,"comment_status":"closed","ping_status":"closed","template":"","meta":{"om_disable_all_campaigns":false,"ocean_post_layout":"","ocean_both_sidebars_style":"","ocean_both_sidebars_content_width":0,"ocean_both_sidebars_sidebars_width":0,"ocean_sidebar":"0","ocean_second_sidebar":"0","ocean_disable_margins":"enable","ocean_add_body_class":"","ocean_shortcode_before_top_bar":"","ocean_shortcode_after_top_bar":"","ocean_shortcode_before_header":"","ocean_shortcode_after_header":"","ocean_has_shortcode":"","ocean_shortcode_after_title":"","ocean_shortcode_before_footer_widgets":"","ocean_shortcode_after_footer_widgets":"","ocean_shortcode_before_footer_bottom":"","ocean_shortcode_after_footer_bottom":"","ocean_display_top_bar":"default","ocean_display_header":"default","ocean_header_style":"","ocean_center_header_left_menu":"0","ocean_custom_header_template":"0","ocean_custom_logo":0,"ocean_custom_retina_logo":0,"ocean_custom_logo_max_width":0,"ocean_custom_logo_tablet_max_width":0,"ocean_custom_logo_mobile_max_width":0,"ocean_custom_logo_max_height":0,"ocean_custom_logo_tablet_max_height":0,"ocean_custom_logo_mobile_max_height":0,"ocean_header_custom_menu":"0","ocean_menu_typo_font_family":"0","ocean_menu_typo_font_subset":"","ocean_menu_typo_font_size":0,"ocean_menu_typo_font_size_tablet":0,"ocean_menu_typo_font_size_mobile":0,"ocean_menu_typo_font_size_unit":"px","ocean_menu_typo_font_weight":"","ocean_menu_typo_font_weight_tablet":"","ocean_menu_typo_font_weight_mobile":"","ocean_menu_typo_transform":"","ocean_menu_typo_transform_tablet":"","ocean_menu_typo_transform_mobile":"","ocean_menu_typo_line_height":0,"ocean_menu_typo_line_height_tablet":0,"ocean_menu_typo_line_height_mobile":0,"ocean_menu_typo_line_height_unit":"","ocean_menu_typo_spacing":0,"ocean_menu_typo_spacing_tablet":0,"ocean_menu_typo_spacing_mobile":0,"ocean_menu_typo_spacing_unit":"","ocean_menu_link_color":"","ocean_menu_link_color_hover":"","ocean_menu_link_color_active":"","ocean_menu_link_background":"","ocean_menu_link_hover_background":"","ocean_menu_link_active_background":"","ocean_menu_social_links_bg":"","ocean_menu_social_hover_links_bg":"","ocean_menu_social_links_color":"","ocean_menu_social_hover_links_color":"","ocean_disable_title":"default","ocean_disable_heading":"default","ocean_post_title":"","ocean_post_subheading":"","ocean_post_title_style":"","ocean_post_title_background_color":"","ocean_post_title_background":0,"ocean_post_title_bg_image_position":"","ocean_post_title_bg_image_attachment":"","ocean_post_title_bg_image_repeat":"","ocean_post_title_bg_image_size":"","ocean_post_title_height":0,"ocean_post_title_bg_overlay":0.5,"ocean_post_title_bg_overlay_color":"","ocean_disable_breadcrumbs":"default","ocean_breadcrumbs_color":"","ocean_breadcrumbs_separator_color":"","ocean_breadcrumbs_links_color":"","ocean_breadcrumbs_links_hover_color":"","ocean_display_footer_widgets":"default","ocean_display_footer_bottom":"default","ocean_custom_footer_template":"0"},"product_brand":[],"product_cat":[170,172],"product_tag":[],"class_list":{"0":"post-3813","1":"product","2":"type-product","3":"status-publish","4":"has-post-thumbnail","6":"product_cat-depilacja","7":"product_cat-woski","9":"entry","10":"has-media","12":"first","13":"instock","14":"taxable","15":"shipping-taxable","16":"purchasable","17":"product-type-simple","18":"has-product-nav","19":"col","20":"span_1_of_3","21":"owp-content-center","22":"owp-thumbs-layout-horizontal","23":"owp-btn-normal","24":"owp-tabs-layout-horizontal","25":"has-no-thumbnails"},"yoast_head":"<!-- This site is optimized with the Yoast SEO plugin v27.6 - https:\/\/yoast.com\/product\/yoast-seo-wordpress\/ -->\n<title>Velvet Professional FilmWax Wosk do depilacji Azulenowy 100 g - velesnails<\/title>\n<meta name=\"robots\" content=\"index, follow, max-snippet:-1, max-image-preview:large, max-video-preview:-1\" \/>\n<link rel=\"canonical\" href=\"https:\/\/velesnails.pl\/uk\/product\/velvet-professional-filmwax-wosk-do-depilacji-azulenowy-100-g\/\" \/>\n<meta property=\"og:locale\" content=\"uk_UA\" \/>\n<meta property=\"og:type\" content=\"article\" \/>\n<meta property=\"og:title\" content=\"Velvet Professional FilmWax Wosk do depilacji Azulenowy 100 g - velesnails\" \/>\n<meta property=\"og:description\" content=\"Preparat jest najnowszym efektem bada\u0144 najwi\u0119kszych laboratori\u00f3w kosmetycznych we W\u0142oszech. Absolutna nowo\u015b\u0107 w Polsce i na \u015bwiecie. Stanowi wyj\u0105tkow\u0105 kompozycj\u0119 wosku pszczelego, \u017cywic naturalnych oraz wosk\u00f3w syntetycznych. Preparat zosta\u0142 opracowany z my\u015bl\u0105 o skutecznej i \u0142atwej metodzie usuwania zb\u0119dnego ow\u0142osienia. Jego struktura pozwala na stosowanie w miejscach szczeg\u00f3lnie wra\u017cliwych i trudnych w depilacji. Idealnie sprawdza [&hellip;]\" \/>\n<meta property=\"og:url\" content=\"https:\/\/velesnails.pl\/uk\/product\/velvet-professional-filmwax-wosk-do-depilacji-azulenowy-100-g\/\" \/>\n<meta property=\"og:site_name\" content=\"velesnails\" \/>\n<meta property=\"article:modified_time\" content=\"2026-01-18T06:36:36+00:00\" \/>\n<meta property=\"og:image\" content=\"https:\/\/velesnails.pl\/wp-content\/uploads\/2024\/07\/\u0417\u043d\u0456\u043c\u043e\u043a-\u0435\u043a\u0440\u0430\u043d\u0430-2024-08-13-153248.png\" \/>\n\t<meta property=\"og:image:width\" content=\"852\" \/>\n\t<meta property=\"og:image:height\" content=\"848\" \/>\n\t<meta property=\"og:image:type\" content=\"image\/png\" \/>\n<meta name=\"twitter:card\" content=\"summary_large_image\" \/>\n<meta name=\"twitter:label1\" content=\"\u041f\u0440\u0438\u0431\u043b. \u0447\u0430\u0441 \u0447\u0438\u0442\u0430\u043d\u043d\u044f\" \/>\n\t<meta name=\"twitter:data1\" content=\"3 \u0445\u0432\u0438\u043b\u0438\u043d\u0438\" \/>\n<script type=\"application\/ld+json\" class=\"yoast-schema-graph\">{\"@context\":\"https:\\\/\\\/schema.org\",\"@graph\":[{\"@type\":\"WebPage\",\"@id\":\"https:\\\/\\\/velesnails.pl\\\/product\\\/velvet-professional-filmwax-wosk-do-depilacji-azulenowy-100-g\\\/\",\"url\":\"https:\\\/\\\/velesnails.pl\\\/product\\\/velvet-professional-filmwax-wosk-do-depilacji-azulenowy-100-g\\\/\",\"name\":\"Velvet Professional FilmWax Wosk do depilacji Azulenowy 100 g - velesnails\",\"isPartOf\":{\"@id\":\"https:\\\/\\\/velesnails.pl\\\/#website\"},\"primaryImageOfPage\":{\"@id\":\"https:\\\/\\\/velesnails.pl\\\/product\\\/velvet-professional-filmwax-wosk-do-depilacji-azulenowy-100-g\\\/#primaryimage\"},\"image\":{\"@id\":\"https:\\\/\\\/velesnails.pl\\\/product\\\/velvet-professional-filmwax-wosk-do-depilacji-azulenowy-100-g\\\/#primaryimage\"},\"thumbnailUrl\":\"https:\\\/\\\/i0.wp.com\\\/velesnails.pl\\\/wp-content\\\/uploads\\\/2024\\\/07\\\/%D0%97%D0%BD%D1%96%D0%BC%D0%BE%D0%BA-%D0%B5%D0%BA%D1%80%D0%B0%D0%BD%D0%B0-2024-08-13-153248.png?fit=852%2C848&ssl=1\",\"datePublished\":\"2024-07-31T10:30:16+00:00\",\"dateModified\":\"2026-01-18T06:36:36+00:00\",\"breadcrumb\":{\"@id\":\"https:\\\/\\\/velesnails.pl\\\/product\\\/velvet-professional-filmwax-wosk-do-depilacji-azulenowy-100-g\\\/#breadcrumb\"},\"inLanguage\":\"uk\",\"potentialAction\":[{\"@type\":\"ReadAction\",\"target\":[\"https:\\\/\\\/velesnails.pl\\\/product\\\/velvet-professional-filmwax-wosk-do-depilacji-azulenowy-100-g\\\/\"]}]},{\"@type\":\"ImageObject\",\"inLanguage\":\"uk\",\"@id\":\"https:\\\/\\\/velesnails.pl\\\/product\\\/velvet-professional-filmwax-wosk-do-depilacji-azulenowy-100-g\\\/#primaryimage\",\"url\":\"https:\\\/\\\/i0.wp.com\\\/velesnails.pl\\\/wp-content\\\/uploads\\\/2024\\\/07\\\/%D0%97%D0%BD%D1%96%D0%BC%D0%BE%D0%BA-%D0%B5%D0%BA%D1%80%D0%B0%D0%BD%D0%B0-2024-08-13-153248.png?fit=852%2C848&ssl=1\",\"contentUrl\":\"https:\\\/\\\/i0.wp.com\\\/velesnails.pl\\\/wp-content\\\/uploads\\\/2024\\\/07\\\/%D0%97%D0%BD%D1%96%D0%BC%D0%BE%D0%BA-%D0%B5%D0%BA%D1%80%D0%B0%D0%BD%D0%B0-2024-08-13-153248.png?fit=852%2C848&ssl=1\",\"width\":852,\"height\":848},{\"@type\":\"BreadcrumbList\",\"@id\":\"https:\\\/\\\/velesnails.pl\\\/product\\\/velvet-professional-filmwax-wosk-do-depilacji-azulenowy-100-g\\\/#breadcrumb\",\"itemListElement\":[{\"@type\":\"ListItem\",\"position\":1,\"name\":\"\u0413\u043e\u043b\u043e\u0432\u043d\u0430\",\"item\":\"https:\\\/\\\/velesnails.pl\\\/\"},{\"@type\":\"ListItem\",\"position\":2,\"name\":\"Sklep\",\"item\":\"https:\\\/\\\/velesnails.pl\\\/shop\\\/\"},{\"@type\":\"ListItem\",\"position\":3,\"name\":\"Velvet Professional FilmWax Wosk do depilacji Azulenowy 100 g\"}]},{\"@type\":\"WebSite\",\"@id\":\"https:\\\/\\\/velesnails.pl\\\/#website\",\"url\":\"https:\\\/\\\/velesnails.pl\\\/\",\"name\":\"velesnails\",\"description\":\"Sklep z manicure\",\"publisher\":{\"@id\":\"https:\\\/\\\/velesnails.pl\\\/#organization\"},\"potentialAction\":[{\"@type\":\"SearchAction\",\"target\":{\"@type\":\"EntryPoint\",\"urlTemplate\":\"https:\\\/\\\/velesnails.pl\\\/?s={search_term_string}\"},\"query-input\":{\"@type\":\"PropertyValueSpecification\",\"valueRequired\":true,\"valueName\":\"search_term_string\"}}],\"inLanguage\":\"uk\"},{\"@type\":\"Organization\",\"@id\":\"https:\\\/\\\/velesnails.pl\\\/#organization\",\"name\":\"velesnails\",\"url\":\"https:\\\/\\\/velesnails.pl\\\/\",\"logo\":{\"@type\":\"ImageObject\",\"inLanguage\":\"uk\",\"@id\":\"https:\\\/\\\/velesnails.pl\\\/#\\\/schema\\\/logo\\\/image\\\/\",\"url\":\"https:\\\/\\\/i0.wp.com\\\/velesnails.pl\\\/wp-content\\\/uploads\\\/2025\\\/10\\\/cropped-obraz_viber_2025-10-22_13-55-55-969.jpg?fit=485%2C381&ssl=1\",\"contentUrl\":\"https:\\\/\\\/i0.wp.com\\\/velesnails.pl\\\/wp-content\\\/uploads\\\/2025\\\/10\\\/cropped-obraz_viber_2025-10-22_13-55-55-969.jpg?fit=485%2C381&ssl=1\",\"width\":485,\"height\":381,\"caption\":\"velesnails\"},\"image\":{\"@id\":\"https:\\\/\\\/velesnails.pl\\\/#\\\/schema\\\/logo\\\/image\\\/\"}}]}<\/script>\n<!-- \/ Yoast SEO plugin. -->","yoast_head_json":{"title":"Velvet Professional FilmWax Wosk do depilacji Azulenowy 100 g - velesnails","robots":{"index":"index","follow":"follow","max-snippet":"max-snippet:-1","max-image-preview":"max-image-preview:large","max-video-preview":"max-video-preview:-1"},"canonical":"https:\/\/velesnails.pl\/uk\/product\/velvet-professional-filmwax-wosk-do-depilacji-azulenowy-100-g\/","og_locale":"uk_UA","og_type":"article","og_title":"Velvet Professional FilmWax Wosk do depilacji Azulenowy 100 g - velesnails","og_description":"Preparat jest najnowszym efektem bada\u0144 najwi\u0119kszych laboratori\u00f3w kosmetycznych we W\u0142oszech. Absolutna nowo\u015b\u0107 w Polsce i na \u015bwiecie. Stanowi wyj\u0105tkow\u0105 kompozycj\u0119 wosku pszczelego, \u017cywic naturalnych oraz wosk\u00f3w syntetycznych. Preparat zosta\u0142 opracowany z my\u015bl\u0105 o skutecznej i \u0142atwej metodzie usuwania zb\u0119dnego ow\u0142osienia. Jego struktura pozwala na stosowanie w miejscach szczeg\u00f3lnie wra\u017cliwych i trudnych w depilacji. Idealnie sprawdza [&hellip;]","og_url":"https:\/\/velesnails.pl\/uk\/product\/velvet-professional-filmwax-wosk-do-depilacji-azulenowy-100-g\/","og_site_name":"velesnails","article_modified_time":"2026-01-18T06:36:36+00:00","og_image":[{"width":852,"height":848,"url":"https:\/\/velesnails.pl\/wp-content\/uploads\/2024\/07\/\u0417\u043d\u0456\u043c\u043e\u043a-\u0435\u043a\u0440\u0430\u043d\u0430-2024-08-13-153248.png","type":"image\/png"}],"twitter_card":"summary_large_image","twitter_misc":{"\u041f\u0440\u0438\u0431\u043b. \u0447\u0430\u0441 \u0447\u0438\u0442\u0430\u043d\u043d\u044f":"3 \u0445\u0432\u0438\u043b\u0438\u043d\u0438"},"schema":{"@context":"https:\/\/schema.org","@graph":[{"@type":"WebPage","@id":"https:\/\/velesnails.pl\/product\/velvet-professional-filmwax-wosk-do-depilacji-azulenowy-100-g\/","url":"https:\/\/velesnails.pl\/product\/velvet-professional-filmwax-wosk-do-depilacji-azulenowy-100-g\/","name":"Velvet Professional FilmWax Wosk do depilacji Azulenowy 100 g - velesnails","isPartOf":{"@id":"https:\/\/velesnails.pl\/#website"},"primaryImageOfPage":{"@id":"https:\/\/velesnails.pl\/product\/velvet-professional-filmwax-wosk-do-depilacji-azulenowy-100-g\/#primaryimage"},"image":{"@id":"https:\/\/velesnails.pl\/product\/velvet-professional-filmwax-wosk-do-depilacji-azulenowy-100-g\/#primaryimage"},"thumbnailUrl":"https:\/\/i0.wp.com\/velesnails.pl\/wp-content\/uploads\/2024\/07\/%D0%97%D0%BD%D1%96%D0%BC%D0%BE%D0%BA-%D0%B5%D0%BA%D1%80%D0%B0%D0%BD%D0%B0-2024-08-13-153248.png?fit=852%2C848&ssl=1","datePublished":"2024-07-31T10:30:16+00:00","dateModified":"2026-01-18T06:36:36+00:00","breadcrumb":{"@id":"https:\/\/velesnails.pl\/product\/velvet-professional-filmwax-wosk-do-depilacji-azulenowy-100-g\/#breadcrumb"},"inLanguage":"uk","potentialAction":[{"@type":"ReadAction","target":["https:\/\/velesnails.pl\/product\/velvet-professional-filmwax-wosk-do-depilacji-azulenowy-100-g\/"]}]},{"@type":"ImageObject","inLanguage":"uk","@id":"https:\/\/velesnails.pl\/product\/velvet-professional-filmwax-wosk-do-depilacji-azulenowy-100-g\/#primaryimage","url":"https:\/\/i0.wp.com\/velesnails.pl\/wp-content\/uploads\/2024\/07\/%D0%97%D0%BD%D1%96%D0%BC%D0%BE%D0%BA-%D0%B5%D0%BA%D1%80%D0%B0%D0%BD%D0%B0-2024-08-13-153248.png?fit=852%2C848&ssl=1","contentUrl":"https:\/\/i0.wp.com\/velesnails.pl\/wp-content\/uploads\/2024\/07\/%D0%97%D0%BD%D1%96%D0%BC%D0%BE%D0%BA-%D0%B5%D0%BA%D1%80%D0%B0%D0%BD%D0%B0-2024-08-13-153248.png?fit=852%2C848&ssl=1","width":852,"height":848},{"@type":"BreadcrumbList","@id":"https:\/\/velesnails.pl\/product\/velvet-professional-filmwax-wosk-do-depilacji-azulenowy-100-g\/#breadcrumb","itemListElement":[{"@type":"ListItem","position":1,"name":"\u0413\u043e\u043b\u043e\u0432\u043d\u0430","item":"https:\/\/velesnails.pl\/"},{"@type":"ListItem","position":2,"name":"Sklep","item":"https:\/\/velesnails.pl\/shop\/"},{"@type":"ListItem","position":3,"name":"Velvet Professional FilmWax Wosk do depilacji Azulenowy 100 g"}]},{"@type":"WebSite","@id":"https:\/\/velesnails.pl\/#website","url":"https:\/\/velesnails.pl\/","name":"\u0432\u0435\u043b\u0435\u0441\u043e\u0432\u0456 \u043d\u0456\u0433\u0442\u0456","description":"\u041c\u0430\u043d\u0456\u043a\u044e\u0440\u043d\u0438\u0439 \u0441\u0430\u043b\u043e\u043d","publisher":{"@id":"https:\/\/velesnails.pl\/#organization"},"potentialAction":[{"@type":"SearchAction","target":{"@type":"EntryPoint","urlTemplate":"https:\/\/velesnails.pl\/?s={search_term_string}"},"query-input":{"@type":"PropertyValueSpecification","valueRequired":true,"valueName":"search_term_string"}}],"inLanguage":"uk"},{"@type":"Organization","@id":"https:\/\/velesnails.pl\/#organization","name":"\u0432\u0435\u043b\u0435\u0441\u043e\u0432\u0456 \u043d\u0456\u0433\u0442\u0456","url":"https:\/\/velesnails.pl\/","logo":{"@type":"ImageObject","inLanguage":"uk","@id":"https:\/\/velesnails.pl\/#\/schema\/logo\/image\/","url":"https:\/\/i0.wp.com\/velesnails.pl\/wp-content\/uploads\/2025\/10\/cropped-obraz_viber_2025-10-22_13-55-55-969.jpg?fit=485%2C381&ssl=1","contentUrl":"https:\/\/i0.wp.com\/velesnails.pl\/wp-content\/uploads\/2025\/10\/cropped-obraz_viber_2025-10-22_13-55-55-969.jpg?fit=485%2C381&ssl=1","width":485,"height":381,"caption":"velesnails"},"image":{"@id":"https:\/\/velesnails.pl\/#\/schema\/logo\/image\/"}}]}},"_links":{"self":[{"href":"https:\/\/velesnails.pl\/uk\/wp-json\/wp\/v2\/product\/3813","targetHints":{"allow":["GET"]}}],"collection":[{"href":"https:\/\/velesnails.pl\/uk\/wp-json\/wp\/v2\/product"}],"about":[{"href":"https:\/\/velesnails.pl\/uk\/wp-json\/wp\/v2\/types\/product"}],"replies":[{"embeddable":true,"href":"https:\/\/velesnails.pl\/uk\/wp-json\/wp\/v2\/comments?post=3813"}],"wp:featuredmedia":[{"embeddable":true,"href":"https:\/\/velesnails.pl\/uk\/wp-json\/wp\/v2\/media\/3851"}],"wp:attachment":[{"href":"https:\/\/velesnails.pl\/uk\/wp-json\/wp\/v2\/media?parent=3813"}],"wp:term":[{"taxonomy":"product_brand","embeddable":true,"href":"https:\/\/velesnails.pl\/uk\/wp-json\/wp\/v2\/product_brand?post=3813"},{"taxonomy":"product_cat","embeddable":true,"href":"https:\/\/velesnails.pl\/uk\/wp-json\/wp\/v2\/product_cat?post=3813"},{"taxonomy":"product_tag","embeddable":true,"href":"https:\/\/velesnails.pl\/uk\/wp-json\/wp\/v2\/product_tag?post=3813"}],"curies":[{"name":"wp","href":"https:\/\/api.w.org\/{rel}","templated":true}]}}