{"id":3700,"date":"2024-07-30T13:45:01","date_gmt":"2024-07-30T10:45:01","guid":{"rendered":"https:\/\/velesnails.loc\/?post_type=product&#038;p=3700"},"modified":"2025-01-17T14:36:48","modified_gmt":"2025-01-17T11:36:48","slug":"pochlaniacz-pylu-80w-do-paznokci-kasetowy-akumulatorowy","status":"publish","type":"product","link":"https:\/\/velesnails.pl\/uk\/product\/pochlaniacz-pylu-80w-do-paznokci-kasetowy-akumulatorowy\/","title":{"rendered":"Poch\u0142aniacz py\u0142u 80W do paznokci kasetowy, akumulatorowy, kolor- czarny"},"content":{"rendered":"<p>Poch\u0142aniacz py\u0142u 80W kasetowy 1-wiatrakowy<br \/>\nPoch\u0142aniacz py\u0142u 80W, to kompaktowy, bezworkowy poch\u0142aniacz o niezwykle du\u017cej mocy i nowemu systemowi pr\u00f3\u017cniowego zasysania py\u0142u, powsta\u0142ego podczas pracy frezark\u0105 lub pilnikiem. Doskonale radzi sobie w trudnych warunkach. Posiada wewn\u0105trz specjalny filtr, kt\u00f3ry poch\u0142ania py\u0142 i nie pozwala by wydosta\u0142 si\u0119 z powrotem na zewn\u0105trz, co cz\u0119sto zdarza\u0142o si\u0119 w poprzednich wersjach poch\u0142aniaczy z systemami workowymi.<\/p>\n<p>Moc: 80W.<\/p>\n<p>Maksymalne obroty: 4500rpm.<\/p>\n<p>Wymiary: 32*19.5*9.5CM<\/p>\n<p>Kolor: czarny.<\/p>\n<p>Ilo\u015b\u0107: 1 sztuka.<\/p>\n<p>DLACZEGO NASZ POCH\u0141ANIACZ?<br \/>\nErgonomiczny kszta\u0142t do u\u0142o\u017cenia r\u0105k.<br \/>\nDu\u017ca moc i wydajno\u015b\u0107.<br \/>\nWielorazowy filtr.<br \/>\nDesignerski wygl\u0105d.<br \/>\n\u0141atwy w czyszczeniu.<br \/>\nProdukt certyfikowany.<br \/>\nProsta obs\u0142uga.<br \/>\nKONTROLA PRACY<br \/>\nPosiada pokr\u0119t\u0142o kontroli pracy. Ogromna moc 80W sprawia, \u017ce poch\u0142aniacz poradzi sobie nawet w najtrudniejszych sytuacjach. Jest niewielkich rozmiar\u00f3w i zajmuje ma\u0142o miejsca.<\/p>\n<p>\u017bywotno\u015b\u0107 pracy urz\u0105dzenia to ponad 10000 godzin. Dzi\u0119ki najnowszej technice poch\u0142aniacz jest niewielkich rozmiar\u00f3w i zajmuje niewiele miejsca, a jego si\u0142a ssania znacznie przewy\u017csza wielowiatrakowe wentylatory. MOC Im wy\u017csza moc, tym wy\u017csza wydajno\u015b\u0107 poch\u0142aniania. Tutaj a\u017c 80W!<\/p>\n<p>Co sprawia, \u017ce poch\u0142aniacz bezworkowy jest znacznie lepszym rozwi\u0105zaniem od standardowego?Wszystkie nieczysto\u015bci osiadaj\u0105 na filtrze a nie przechodz\u0105 najpierw przez wiatrak gdzie tak\u017ce mog\u0105 pozostawia\u0107 warstw\u0119 py\u0142u na elementach konstrukcji a nast\u0119pnie tylko 20% trafia do worka.<\/p>\n<p>Filtr jest \u0142atwy w czyszczeniu, wielorazowy i wystarczy na d\u0142ugi czas. Pami\u0119taj, tylko dobrej jako\u015bci poch\u0142aniacz w znacznym stopniu zminimalizuje ryzyko wdychania szkodliwych cz\u0105stek py\u0142u powsta\u0142ego podczas zabiegu manicure nie tylko przez pracownik\u00f3w salon\u00f3w kosmetycznych ale tak\u017ce klientek! Zdrowie jest najwa\u017cniejsze.<\/p>\n<p>DESIGNERSKI WYGL\u0104D<br \/>\nPoch\u0142aniacz wygl\u0105da bardzo elegancko. Ten model wyr\u00f3\u017cnia designerski kszta\u0142t, kt\u00f3ry b\u0119dzie idealnym dope\u0142nieniem ka\u017cdego wn\u0119trza.<\/p>\n<p>BEZPIECZE\u0143STWO<\/p>\n<p>Poch\u0142aniacz chroni przed przedostawaniem si\u0119 py\u0142u do oczu, nosa i g\u0142\u0119biej \u2014 do dr\u00f3g oddechowych. Dzi\u0119ki temu unikniesz podra\u017cnie\u0144, alergii i chor\u00f3b, a stanowisko pracy b\u0119dzie o wiele \u0142atwiejsze do posprz\u0105tania.<\/p>\n<p>CICHA PRACA<\/p>\n<p>Warto zwr\u00f3ci\u0107 uwag\u0119 na g\u0142o\u015bno\u015b\u0107 pracy poch\u0142aniacza w trakcie jego u\u017cytkowania. W profesjonalnym salonie, gdzie urz\u0105dzenia s\u0105 zdecydowanie cz\u0119sto u\u017cywane, nawet nie du\u017cy ha\u0142as mo\u017ce zak\u0142\u00f3ca\u0107 prac\u0119 stylistki i sprawia\u0107, \u017ce klientki nie b\u0119d\u0105 czu\u0142y si\u0119 komfortowo.<\/p>\n<p>Postaw na cichy sprz\u0119t!<\/p>","protected":false},"excerpt":{"rendered":"<p>Poch\u0142aniacz py\u0142u 80W kasetowy 1-wiatrakowy Poch\u0142aniacz py\u0142u 80W, to kompaktowy, bezworkowy poch\u0142aniacz o niezwykle du\u017cej mocy i nowemu systemowi pr\u00f3\u017cniowego zasysania py\u0142u, powsta\u0142ego podczas pracy frezark\u0105 lub pilnikiem. Doskonale radzi sobie w trudnych warunkach. Posiada wewn\u0105trz specjalny filtr, kt\u00f3ry poch\u0142ania py\u0142 i nie pozwala by wydosta\u0142 si\u0119 z powrotem na zewn\u0105trz, co cz\u0119sto zdarza\u0142o si\u0119 [&hellip;]<\/p>\n","protected":false},"featured_media":3701,"comment_status":"closed","ping_status":"closed","template":"","meta":{"om_disable_all_campaigns":false,"ocean_post_layout":"","ocean_both_sidebars_style":"","ocean_both_sidebars_content_width":0,"ocean_both_sidebars_sidebars_width":0,"ocean_sidebar":"0","ocean_second_sidebar":"0","ocean_disable_margins":"enable","ocean_add_body_class":"","ocean_shortcode_before_top_bar":"","ocean_shortcode_after_top_bar":"","ocean_shortcode_before_header":"","ocean_shortcode_after_header":"","ocean_has_shortcode":"","ocean_shortcode_after_title":"","ocean_shortcode_before_footer_widgets":"","ocean_shortcode_after_footer_widgets":"","ocean_shortcode_before_footer_bottom":"","ocean_shortcode_after_footer_bottom":"","ocean_display_top_bar":"default","ocean_display_header":"default","ocean_header_style":"","ocean_center_header_left_menu":"0","ocean_custom_header_template":"0","ocean_custom_logo":0,"ocean_custom_retina_logo":0,"ocean_custom_logo_max_width":0,"ocean_custom_logo_tablet_max_width":0,"ocean_custom_logo_mobile_max_width":0,"ocean_custom_logo_max_height":0,"ocean_custom_logo_tablet_max_height":0,"ocean_custom_logo_mobile_max_height":0,"ocean_header_custom_menu":"0","ocean_menu_typo_font_family":"0","ocean_menu_typo_font_subset":"","ocean_menu_typo_font_size":0,"ocean_menu_typo_font_size_tablet":0,"ocean_menu_typo_font_size_mobile":0,"ocean_menu_typo_font_size_unit":"px","ocean_menu_typo_font_weight":"","ocean_menu_typo_font_weight_tablet":"","ocean_menu_typo_font_weight_mobile":"","ocean_menu_typo_transform":"","ocean_menu_typo_transform_tablet":"","ocean_menu_typo_transform_mobile":"","ocean_menu_typo_line_height":0,"ocean_menu_typo_line_height_tablet":0,"ocean_menu_typo_line_height_mobile":0,"ocean_menu_typo_line_height_unit":"","ocean_menu_typo_spacing":0,"ocean_menu_typo_spacing_tablet":0,"ocean_menu_typo_spacing_mobile":0,"ocean_menu_typo_spacing_unit":"","ocean_menu_link_color":"","ocean_menu_link_color_hover":"","ocean_menu_link_color_active":"","ocean_menu_link_background":"","ocean_menu_link_hover_background":"","ocean_menu_link_active_background":"","ocean_menu_social_links_bg":"","ocean_menu_social_hover_links_bg":"","ocean_menu_social_links_color":"","ocean_menu_social_hover_links_color":"","ocean_disable_title":"default","ocean_disable_heading":"default","ocean_post_title":"","ocean_post_subheading":"","ocean_post_title_style":"","ocean_post_title_background_color":"","ocean_post_title_background":0,"ocean_post_title_bg_image_position":"","ocean_post_title_bg_image_attachment":"","ocean_post_title_bg_image_repeat":"","ocean_post_title_bg_image_size":"","ocean_post_title_height":0,"ocean_post_title_bg_overlay":0.5,"ocean_post_title_bg_overlay_color":"","ocean_disable_breadcrumbs":"default","ocean_breadcrumbs_color":"","ocean_breadcrumbs_separator_color":"","ocean_breadcrumbs_links_color":"","ocean_breadcrumbs_links_hover_color":"","ocean_display_footer_widgets":"default","ocean_display_footer_bottom":"default","ocean_custom_footer_template":"0"},"product_brand":[],"product_cat":[110,167,164],"product_tag":[],"class_list":{"0":"post-3700","1":"product","2":"type-product","3":"status-publish","4":"has-post-thumbnail","6":"product_cat-paznokcie","7":"product_cat-pochlaniacze-pylu","8":"product_cat-urzadzenia","10":"entry","11":"has-media","13":"first","14":"outofstock","15":"taxable","16":"shipping-taxable","17":"purchasable","18":"product-type-simple","19":"has-product-nav","20":"col","21":"span_1_of_3","22":"owp-content-center","23":"owp-thumbs-layout-horizontal","24":"owp-btn-normal","25":"owp-tabs-layout-horizontal","26":"has-no-thumbnails"},"yoast_head":"<!-- This site is optimized with the Yoast SEO plugin v27.6 - https:\/\/yoast.com\/product\/yoast-seo-wordpress\/ -->\n<title>Poch\u0142aniacz py\u0142u 80W do paznokci kasetowy, akumulatorowy, kolor- czarny - velesnails<\/title>\n<meta name=\"robots\" content=\"index, follow, max-snippet:-1, max-image-preview:large, max-video-preview:-1\" \/>\n<link rel=\"canonical\" href=\"https:\/\/velesnails.pl\/uk\/product\/pochlaniacz-pylu-80w-do-paznokci-kasetowy-akumulatorowy\/\" \/>\n<meta property=\"og:locale\" content=\"uk_UA\" \/>\n<meta property=\"og:type\" content=\"article\" \/>\n<meta property=\"og:title\" content=\"Poch\u0142aniacz py\u0142u 80W do paznokci kasetowy, akumulatorowy, kolor- czarny - velesnails\" \/>\n<meta property=\"og:description\" content=\"Poch\u0142aniacz py\u0142u 80W kasetowy 1-wiatrakowy Poch\u0142aniacz py\u0142u 80W, to kompaktowy, bezworkowy poch\u0142aniacz o niezwykle du\u017cej mocy i nowemu systemowi pr\u00f3\u017cniowego zasysania py\u0142u, powsta\u0142ego podczas pracy frezark\u0105 lub pilnikiem. Doskonale radzi sobie w trudnych warunkach. Posiada wewn\u0105trz specjalny filtr, kt\u00f3ry poch\u0142ania py\u0142 i nie pozwala by wydosta\u0142 si\u0119 z powrotem na zewn\u0105trz, co cz\u0119sto zdarza\u0142o si\u0119 [&hellip;]\" \/>\n<meta property=\"og:url\" content=\"https:\/\/velesnails.pl\/uk\/product\/pochlaniacz-pylu-80w-do-paznokci-kasetowy-akumulatorowy\/\" \/>\n<meta property=\"og:site_name\" content=\"velesnails\" \/>\n<meta property=\"article:modified_time\" content=\"2025-01-17T11:36:48+00:00\" \/>\n<meta property=\"og:image\" content=\"https:\/\/velesnails.pl\/wp-content\/uploads\/2024\/07\/Pochlaniacz-80W-akumulatorowy.jpg\" \/>\n\t<meta property=\"og:image:width\" content=\"500\" \/>\n\t<meta property=\"og:image:height\" content=\"476\" \/>\n\t<meta property=\"og:image:type\" content=\"image\/jpeg\" \/>\n<meta name=\"twitter:card\" content=\"summary_large_image\" \/>\n<meta name=\"twitter:label1\" content=\"\u041f\u0440\u0438\u0431\u043b. \u0447\u0430\u0441 \u0447\u0438\u0442\u0430\u043d\u043d\u044f\" \/>\n\t<meta name=\"twitter:data1\" content=\"2 \u0445\u0432\u0438\u043b\u0438\u043d\u0438\" \/>\n<script type=\"application\/ld+json\" class=\"yoast-schema-graph\">{\"@context\":\"https:\\\/\\\/schema.org\",\"@graph\":[{\"@type\":\"WebPage\",\"@id\":\"https:\\\/\\\/velesnails.pl\\\/product\\\/pochlaniacz-pylu-80w-do-paznokci-kasetowy-akumulatorowy\\\/\",\"url\":\"https:\\\/\\\/velesnails.pl\\\/product\\\/pochlaniacz-pylu-80w-do-paznokci-kasetowy-akumulatorowy\\\/\",\"name\":\"Poch\u0142aniacz py\u0142u 80W do paznokci kasetowy, akumulatorowy, kolor- czarny - velesnails\",\"isPartOf\":{\"@id\":\"https:\\\/\\\/velesnails.pl\\\/#website\"},\"primaryImageOfPage\":{\"@id\":\"https:\\\/\\\/velesnails.pl\\\/product\\\/pochlaniacz-pylu-80w-do-paznokci-kasetowy-akumulatorowy\\\/#primaryimage\"},\"image\":{\"@id\":\"https:\\\/\\\/velesnails.pl\\\/product\\\/pochlaniacz-pylu-80w-do-paznokci-kasetowy-akumulatorowy\\\/#primaryimage\"},\"thumbnailUrl\":\"https:\\\/\\\/i0.wp.com\\\/velesnails.pl\\\/wp-content\\\/uploads\\\/2024\\\/07\\\/Pochlaniacz-80W-akumulatorowy.jpg?fit=500%2C476&ssl=1\",\"datePublished\":\"2024-07-30T10:45:01+00:00\",\"dateModified\":\"2025-01-17T11:36:48+00:00\",\"breadcrumb\":{\"@id\":\"https:\\\/\\\/velesnails.pl\\\/product\\\/pochlaniacz-pylu-80w-do-paznokci-kasetowy-akumulatorowy\\\/#breadcrumb\"},\"inLanguage\":\"uk\",\"potentialAction\":[{\"@type\":\"ReadAction\",\"target\":[\"https:\\\/\\\/velesnails.pl\\\/product\\\/pochlaniacz-pylu-80w-do-paznokci-kasetowy-akumulatorowy\\\/\"]}]},{\"@type\":\"ImageObject\",\"inLanguage\":\"uk\",\"@id\":\"https:\\\/\\\/velesnails.pl\\\/product\\\/pochlaniacz-pylu-80w-do-paznokci-kasetowy-akumulatorowy\\\/#primaryimage\",\"url\":\"https:\\\/\\\/i0.wp.com\\\/velesnails.pl\\\/wp-content\\\/uploads\\\/2024\\\/07\\\/Pochlaniacz-80W-akumulatorowy.jpg?fit=500%2C476&ssl=1\",\"contentUrl\":\"https:\\\/\\\/i0.wp.com\\\/velesnails.pl\\\/wp-content\\\/uploads\\\/2024\\\/07\\\/Pochlaniacz-80W-akumulatorowy.jpg?fit=500%2C476&ssl=1\",\"width\":500,\"height\":476},{\"@type\":\"BreadcrumbList\",\"@id\":\"https:\\\/\\\/velesnails.pl\\\/product\\\/pochlaniacz-pylu-80w-do-paznokci-kasetowy-akumulatorowy\\\/#breadcrumb\",\"itemListElement\":[{\"@type\":\"ListItem\",\"position\":1,\"name\":\"\u0413\u043e\u043b\u043e\u0432\u043d\u0430\",\"item\":\"https:\\\/\\\/velesnails.pl\\\/\"},{\"@type\":\"ListItem\",\"position\":2,\"name\":\"Sklep\",\"item\":\"https:\\\/\\\/velesnails.pl\\\/shop\\\/\"},{\"@type\":\"ListItem\",\"position\":3,\"name\":\"Poch\u0142aniacz py\u0142u 80W do paznokci kasetowy, akumulatorowy, kolor- czarny\"}]},{\"@type\":\"WebSite\",\"@id\":\"https:\\\/\\\/velesnails.pl\\\/#website\",\"url\":\"https:\\\/\\\/velesnails.pl\\\/\",\"name\":\"velesnails\",\"description\":\"Sklep z manicure\",\"publisher\":{\"@id\":\"https:\\\/\\\/velesnails.pl\\\/#organization\"},\"potentialAction\":[{\"@type\":\"SearchAction\",\"target\":{\"@type\":\"EntryPoint\",\"urlTemplate\":\"https:\\\/\\\/velesnails.pl\\\/?s={search_term_string}\"},\"query-input\":{\"@type\":\"PropertyValueSpecification\",\"valueRequired\":true,\"valueName\":\"search_term_string\"}}],\"inLanguage\":\"uk\"},{\"@type\":\"Organization\",\"@id\":\"https:\\\/\\\/velesnails.pl\\\/#organization\",\"name\":\"velesnails\",\"url\":\"https:\\\/\\\/velesnails.pl\\\/\",\"logo\":{\"@type\":\"ImageObject\",\"inLanguage\":\"uk\",\"@id\":\"https:\\\/\\\/velesnails.pl\\\/#\\\/schema\\\/logo\\\/image\\\/\",\"url\":\"https:\\\/\\\/i0.wp.com\\\/velesnails.pl\\\/wp-content\\\/uploads\\\/2025\\\/10\\\/cropped-obraz_viber_2025-10-22_13-55-55-969.jpg?fit=485%2C381&ssl=1\",\"contentUrl\":\"https:\\\/\\\/i0.wp.com\\\/velesnails.pl\\\/wp-content\\\/uploads\\\/2025\\\/10\\\/cropped-obraz_viber_2025-10-22_13-55-55-969.jpg?fit=485%2C381&ssl=1\",\"width\":485,\"height\":381,\"caption\":\"velesnails\"},\"image\":{\"@id\":\"https:\\\/\\\/velesnails.pl\\\/#\\\/schema\\\/logo\\\/image\\\/\"}}]}<\/script>\n<!-- \/ Yoast SEO plugin. -->","yoast_head_json":{"title":"Poch\u0142aniacz py\u0142u 80W do paznokci kasetowy, akumulatorowy, kolor- czarny - velesnails","robots":{"index":"index","follow":"follow","max-snippet":"max-snippet:-1","max-image-preview":"max-image-preview:large","max-video-preview":"max-video-preview:-1"},"canonical":"https:\/\/velesnails.pl\/uk\/product\/pochlaniacz-pylu-80w-do-paznokci-kasetowy-akumulatorowy\/","og_locale":"uk_UA","og_type":"article","og_title":"Poch\u0142aniacz py\u0142u 80W do paznokci kasetowy, akumulatorowy, kolor- czarny - velesnails","og_description":"Poch\u0142aniacz py\u0142u 80W kasetowy 1-wiatrakowy Poch\u0142aniacz py\u0142u 80W, to kompaktowy, bezworkowy poch\u0142aniacz o niezwykle du\u017cej mocy i nowemu systemowi pr\u00f3\u017cniowego zasysania py\u0142u, powsta\u0142ego podczas pracy frezark\u0105 lub pilnikiem. Doskonale radzi sobie w trudnych warunkach. Posiada wewn\u0105trz specjalny filtr, kt\u00f3ry poch\u0142ania py\u0142 i nie pozwala by wydosta\u0142 si\u0119 z powrotem na zewn\u0105trz, co cz\u0119sto zdarza\u0142o si\u0119 [&hellip;]","og_url":"https:\/\/velesnails.pl\/uk\/product\/pochlaniacz-pylu-80w-do-paznokci-kasetowy-akumulatorowy\/","og_site_name":"velesnails","article_modified_time":"2025-01-17T11:36:48+00:00","og_image":[{"width":500,"height":476,"url":"https:\/\/velesnails.pl\/wp-content\/uploads\/2024\/07\/Pochlaniacz-80W-akumulatorowy.jpg","type":"image\/jpeg"}],"twitter_card":"summary_large_image","twitter_misc":{"\u041f\u0440\u0438\u0431\u043b. \u0447\u0430\u0441 \u0447\u0438\u0442\u0430\u043d\u043d\u044f":"2 \u0445\u0432\u0438\u043b\u0438\u043d\u0438"},"schema":{"@context":"https:\/\/schema.org","@graph":[{"@type":"WebPage","@id":"https:\/\/velesnails.pl\/product\/pochlaniacz-pylu-80w-do-paznokci-kasetowy-akumulatorowy\/","url":"https:\/\/velesnails.pl\/product\/pochlaniacz-pylu-80w-do-paznokci-kasetowy-akumulatorowy\/","name":"Poch\u0142aniacz py\u0142u 80W do paznokci kasetowy, akumulatorowy, kolor- czarny - velesnails","isPartOf":{"@id":"https:\/\/velesnails.pl\/#website"},"primaryImageOfPage":{"@id":"https:\/\/velesnails.pl\/product\/pochlaniacz-pylu-80w-do-paznokci-kasetowy-akumulatorowy\/#primaryimage"},"image":{"@id":"https:\/\/velesnails.pl\/product\/pochlaniacz-pylu-80w-do-paznokci-kasetowy-akumulatorowy\/#primaryimage"},"thumbnailUrl":"https:\/\/i0.wp.com\/velesnails.pl\/wp-content\/uploads\/2024\/07\/Pochlaniacz-80W-akumulatorowy.jpg?fit=500%2C476&ssl=1","datePublished":"2024-07-30T10:45:01+00:00","dateModified":"2025-01-17T11:36:48+00:00","breadcrumb":{"@id":"https:\/\/velesnails.pl\/product\/pochlaniacz-pylu-80w-do-paznokci-kasetowy-akumulatorowy\/#breadcrumb"},"inLanguage":"uk","potentialAction":[{"@type":"ReadAction","target":["https:\/\/velesnails.pl\/product\/pochlaniacz-pylu-80w-do-paznokci-kasetowy-akumulatorowy\/"]}]},{"@type":"ImageObject","inLanguage":"uk","@id":"https:\/\/velesnails.pl\/product\/pochlaniacz-pylu-80w-do-paznokci-kasetowy-akumulatorowy\/#primaryimage","url":"https:\/\/i0.wp.com\/velesnails.pl\/wp-content\/uploads\/2024\/07\/Pochlaniacz-80W-akumulatorowy.jpg?fit=500%2C476&ssl=1","contentUrl":"https:\/\/i0.wp.com\/velesnails.pl\/wp-content\/uploads\/2024\/07\/Pochlaniacz-80W-akumulatorowy.jpg?fit=500%2C476&ssl=1","width":500,"height":476},{"@type":"BreadcrumbList","@id":"https:\/\/velesnails.pl\/product\/pochlaniacz-pylu-80w-do-paznokci-kasetowy-akumulatorowy\/#breadcrumb","itemListElement":[{"@type":"ListItem","position":1,"name":"\u0413\u043e\u043b\u043e\u0432\u043d\u0430","item":"https:\/\/velesnails.pl\/"},{"@type":"ListItem","position":2,"name":"Sklep","item":"https:\/\/velesnails.pl\/shop\/"},{"@type":"ListItem","position":3,"name":"Poch\u0142aniacz py\u0142u 80W do paznokci kasetowy, akumulatorowy, kolor- czarny"}]},{"@type":"WebSite","@id":"https:\/\/velesnails.pl\/#website","url":"https:\/\/velesnails.pl\/","name":"\u0432\u0435\u043b\u0435\u0441\u043e\u0432\u0456 \u043d\u0456\u0433\u0442\u0456","description":"\u041c\u0430\u043d\u0456\u043a\u044e\u0440\u043d\u0438\u0439 \u0441\u0430\u043b\u043e\u043d","publisher":{"@id":"https:\/\/velesnails.pl\/#organization"},"potentialAction":[{"@type":"SearchAction","target":{"@type":"EntryPoint","urlTemplate":"https:\/\/velesnails.pl\/?s={search_term_string}"},"query-input":{"@type":"PropertyValueSpecification","valueRequired":true,"valueName":"search_term_string"}}],"inLanguage":"uk"},{"@type":"Organization","@id":"https:\/\/velesnails.pl\/#organization","name":"\u0432\u0435\u043b\u0435\u0441\u043e\u0432\u0456 \u043d\u0456\u0433\u0442\u0456","url":"https:\/\/velesnails.pl\/","logo":{"@type":"ImageObject","inLanguage":"uk","@id":"https:\/\/velesnails.pl\/#\/schema\/logo\/image\/","url":"https:\/\/i0.wp.com\/velesnails.pl\/wp-content\/uploads\/2025\/10\/cropped-obraz_viber_2025-10-22_13-55-55-969.jpg?fit=485%2C381&ssl=1","contentUrl":"https:\/\/i0.wp.com\/velesnails.pl\/wp-content\/uploads\/2025\/10\/cropped-obraz_viber_2025-10-22_13-55-55-969.jpg?fit=485%2C381&ssl=1","width":485,"height":381,"caption":"velesnails"},"image":{"@id":"https:\/\/velesnails.pl\/#\/schema\/logo\/image\/"}}]}},"_links":{"self":[{"href":"https:\/\/velesnails.pl\/uk\/wp-json\/wp\/v2\/product\/3700","targetHints":{"allow":["GET"]}}],"collection":[{"href":"https:\/\/velesnails.pl\/uk\/wp-json\/wp\/v2\/product"}],"about":[{"href":"https:\/\/velesnails.pl\/uk\/wp-json\/wp\/v2\/types\/product"}],"replies":[{"embeddable":true,"href":"https:\/\/velesnails.pl\/uk\/wp-json\/wp\/v2\/comments?post=3700"}],"wp:featuredmedia":[{"embeddable":true,"href":"https:\/\/velesnails.pl\/uk\/wp-json\/wp\/v2\/media\/3701"}],"wp:attachment":[{"href":"https:\/\/velesnails.pl\/uk\/wp-json\/wp\/v2\/media?parent=3700"}],"wp:term":[{"taxonomy":"product_brand","embeddable":true,"href":"https:\/\/velesnails.pl\/uk\/wp-json\/wp\/v2\/product_brand?post=3700"},{"taxonomy":"product_cat","embeddable":true,"href":"https:\/\/velesnails.pl\/uk\/wp-json\/wp\/v2\/product_cat?post=3700"},{"taxonomy":"product_tag","embeddable":true,"href":"https:\/\/velesnails.pl\/uk\/wp-json\/wp\/v2\/product_tag?post=3700"}],"curies":[{"name":"wp","href":"https:\/\/api.w.org\/{rel}","templated":true}]}}