{"id":3692,"date":"2024-07-30T13:15:21","date_gmt":"2024-07-30T10:15:21","guid":{"rendered":"https:\/\/velesnails.loc\/?post_type=product&#038;p=3692"},"modified":"2025-09-22T16:54:35","modified_gmt":"2025-09-22T13:54:35","slug":"frezarka-do-paznokci-65-w-manicure-clavier-65-w-fx-600","status":"publish","type":"product","link":"https:\/\/velesnails.pl\/uk\/product\/frezarka-do-paznokci-65-w-manicure-clavier-65-w-fx-600\/","title":{"rendered":"Frezarka do paznokci 65 W, Manicure Clavier 65 W-FX 600"},"content":{"rendered":"<p>Multi-funkcyjne urz\u0105dzenie dzi\u0119ki kt\u00f3remu nadasz wymarzony kszta\u0142t paznokciom<br \/>\nFrezarka do paznokci 65 W jest idealna do u\u017cytku dla profesjonalistek jak i dla os\u00f3b, kt\u00f3re zaczynaj\u0105 przygod\u0119 z frezark\u0105. Frezark\u0119 do Paznokci FX 600 mo\u017cemy zaliczy\u0107 do profesjonalnych urz\u0105dze\u0144 do manicure i pedicure. Jest to multi-funkcyjne urz\u0105dzenie dzi\u0119ki kt\u00f3remu nadasz wymarzony kszta\u0142t paznokciom, doskonale przygotujesz p\u0142ytk\u0119 paznokcia do kolejnej stylizacji, idealnie usuniesz sk\u00f3rki do manicure kombinowanego a pedicure stanie si\u0119 bajecznie prosty i szybki.<\/p>\n<p>P\u0142ynna i pe\u0142na regulacja , nie traci mocy i nie zacina si\u0119, \u015bwietnie radzi sobie nawet z problematycznym nask\u00f3rkiem<br \/>\nP\u0142ynna i pe\u0142na regulacja pracy frezarki w zakresie od 0 do 35000 obr.\/min \u2013 odbywa si\u0119 z poziomu bazy i zapewnia pe\u0142en komfort pracy. G\u0142owica typu TWIST-LOCK umo\u017cliwia wymian\u0119 frez\u00f3w jednym ruchem, bez konieczno\u015bci stosowania niewygodnych kluczyk\u00f3w czy trzpieni zatem idealnie nadaje si\u0119 dla filigranowych kobiet, poniewa\u017c nie ma potrzeby u\u017cycia si\u0142y! Profesjonalny zestaw frez\u00f3w stworzony przez specjalist\u00f3w. Zosta\u0142y specjalnie wyselekcjonowane aby zadowoli\u0107 najbardziej wybredne paznokciomaniaczki!<\/p>\n<p>Frezy idealnie nadaj\u0105 si\u0119 do spi\u0142owywania masy \u017celowej i akrylowej, usuwania sk\u00f3rek wok\u00f3\u0142 wa\u0142u paznokciowego, jak r\u00f3wnie\u017c do zabiegu pedicure. Pe\u0142ny zakres pracy ! Nie musisz ju\u017c si\u0119 martwi, \u017ce nie masz odpowiedniego frezu.<\/p>\n<p>Idealnie pomo\u017ce pozby\u0107 si\u0119 niechcianych sk\u00f3rek z wa\u0142\u00f3w oko\u0142o paznokciowych oraz z p\u0142ytki paznokcia. Trzy frezy ceramiczne w pi\u0119knym t\u0119czowym kolorze to zdecydowane trio do zada\u0144 specjalnych. zaokr\u0105glony walec podniesie sk\u00f3rki, \u0142ezka \u2018wymiecie\u2019 resztki nab\u0142onka z przestrzeni mi\u0119dzy paznokciem a tak\u017ce podniesie sk\u00f3rki i przygotuje paznokie\u0107 do aplikacji lakieru \u2018 pod sk\u00f3rki\u2019.<\/p>\n<p>Kuleczka zako\u0144czy i wypoleruje pozosta\u0142o\u015bci nab\u0142onk\u00f3w- bez potrzeby u\u017cycia c\u0105\u017cek!<\/p>\n<p>Profesjonalnie dobrany zestaw frez\u00f3w pozwoli na bezpieczne , skuteczne i precyzyjne wykonanie zabiegu manicure i pedicure<br \/>\nW r\u0119koje\u015bci zawsze powinien znajdowa\u0107 si\u0119 frez lub ko\u0144c\u00f3wka zast\u0119pcza. Je\u015bli zdarzy Ci si\u0119 zostawi\u0107 r\u0119koje\u015b\u0107 bez freza, musisz u\u017cy\u0107 si\u0142y aby zwolni\u0107 blokad\u0119 do pozycji R lub ikonki otwartej k\u0142\u00f3dki. Pierwsze zwolnienie blokady r\u0119koje\u015bci mo\u017ce wymaga\u0107 u\u017cycia si\u0142y, po pewnym czasie r\u0119koje\u015b\u0107 b\u0119dzie pracowa\u0107 l\u017cej.<\/p>\n<p>Doskonale trzymaj\u0105 si\u0119 no\u015bnika, wykonanie zabiegu jest skuteczne, bezpieczne i precyzyjne. Dzi\u0119ki nim uzyskujemy najwy\u017csz\u0105 higien\u0119 pracy, przyspieszaj\u0105 i u\u0142atwiaj\u0105 prac\u0119. \u015aciernica osadzona na papierze laminowanym, wype\u0142nionym ziarenkami piasku.<\/p>\n<p>Frez Ceramiczny Sto\u017cek niebieski<br \/>\nFrez ceramiczny \u015bredni w kszta\u0142cie sto\u017cka to frez do zada\u0144 specjalnych. Wykonany jest z najwy\u017cszej jako\u015bci materia\u0142\u00f3w: tlenku cyrkonu oraz stali nierdzewnej. Wykorzystasz go do obr\u00f3bki masy, do zdj\u0119cia pozosta\u0142o\u015bci \u017celu, hybrydy czy akrylo\u017celu.<br \/>\nFrez ceramiczny usuwa mas\u0119 delikatnie, nie powoduj\u0105c przy tym drga\u0144. Co wi\u0119cej, nie przenosi ciep\u0142a oraz nie powoduje nieprzyjemnego uczucia grzania. Idealny nawet dla pocz\u0105tkuj\u0105cych.<\/p>\n<p>Dane techniczne:<br \/>\nNapi\u0119cie zasilania: 110 \u2013 220V<br \/>\nNapi\u0119cie wyj\u015bciowe: DC 12V<br \/>\nMoc maksymalna: 65W<br \/>\nObroty: 0-35000 obrot\u00f3w na minut\u0119<br \/>\nBaza frezarki posiada nast\u0119puj\u0105ce przyciski i pokr\u0119t\u0142a funkcyjne:<\/p>\n<p>prze\u0142\u0105cznik obrot\u00f3w (lewo L\/prawo R)<br \/>\npokr\u0119t\u0142o obrot\u00f3w (0 do 35 000)<br \/>\nwej\u015bcie na g\u0142owic\u0119<br \/>\nwej\u015bcie na peda\u0142 do obs\u0142ugi stop\u0105<br \/>\ng\u0142owica frezarki<br \/>\nbaza frezarki<br \/>\npeda\u0142 do obs\u0142ugi nog\u0105<br \/>\ninstrukcja<br \/>\nzestaw frez\u00f3w z kapturkami \u2013 6szt<\/p>","protected":false},"excerpt":{"rendered":"<p>Multi-funkcyjne urz\u0105dzenie dzi\u0119ki kt\u00f3remu nadasz wymarzony kszta\u0142t paznokciom Frezarka do paznokci 65 W jest idealna do u\u017cytku dla profesjonalistek jak i dla os\u00f3b, kt\u00f3re zaczynaj\u0105 przygod\u0119 z frezark\u0105. Frezark\u0119 do Paznokci FX 600 mo\u017cemy zaliczy\u0107 do profesjonalnych urz\u0105dze\u0144 do manicure i pedicure. Jest to multi-funkcyjne urz\u0105dzenie dzi\u0119ki kt\u00f3remu nadasz wymarzony kszta\u0142t paznokciom, doskonale przygotujesz p\u0142ytk\u0119 [&hellip;]<\/p>\n","protected":false},"featured_media":3693,"comment_status":"closed","ping_status":"closed","template":"","meta":{"om_disable_all_campaigns":false,"ocean_post_layout":"","ocean_both_sidebars_style":"","ocean_both_sidebars_content_width":0,"ocean_both_sidebars_sidebars_width":0,"ocean_sidebar":"0","ocean_second_sidebar":"0","ocean_disable_margins":"enable","ocean_add_body_class":"","ocean_shortcode_before_top_bar":"","ocean_shortcode_after_top_bar":"","ocean_shortcode_before_header":"","ocean_shortcode_after_header":"","ocean_has_shortcode":"","ocean_shortcode_after_title":"","ocean_shortcode_before_footer_widgets":"","ocean_shortcode_after_footer_widgets":"","ocean_shortcode_before_footer_bottom":"","ocean_shortcode_after_footer_bottom":"","ocean_display_top_bar":"default","ocean_display_header":"default","ocean_header_style":"","ocean_center_header_left_menu":"0","ocean_custom_header_template":"0","ocean_custom_logo":0,"ocean_custom_retina_logo":0,"ocean_custom_logo_max_width":0,"ocean_custom_logo_tablet_max_width":0,"ocean_custom_logo_mobile_max_width":0,"ocean_custom_logo_max_height":0,"ocean_custom_logo_tablet_max_height":0,"ocean_custom_logo_mobile_max_height":0,"ocean_header_custom_menu":"0","ocean_menu_typo_font_family":"0","ocean_menu_typo_font_subset":"","ocean_menu_typo_font_size":0,"ocean_menu_typo_font_size_tablet":0,"ocean_menu_typo_font_size_mobile":0,"ocean_menu_typo_font_size_unit":"px","ocean_menu_typo_font_weight":"","ocean_menu_typo_font_weight_tablet":"","ocean_menu_typo_font_weight_mobile":"","ocean_menu_typo_transform":"","ocean_menu_typo_transform_tablet":"","ocean_menu_typo_transform_mobile":"","ocean_menu_typo_line_height":0,"ocean_menu_typo_line_height_tablet":0,"ocean_menu_typo_line_height_mobile":0,"ocean_menu_typo_line_height_unit":"","ocean_menu_typo_spacing":0,"ocean_menu_typo_spacing_tablet":0,"ocean_menu_typo_spacing_mobile":0,"ocean_menu_typo_spacing_unit":"","ocean_menu_link_color":"","ocean_menu_link_color_hover":"","ocean_menu_link_color_active":"","ocean_menu_link_background":"","ocean_menu_link_hover_background":"","ocean_menu_link_active_background":"","ocean_menu_social_links_bg":"","ocean_menu_social_hover_links_bg":"","ocean_menu_social_links_color":"","ocean_menu_social_hover_links_color":"","ocean_disable_title":"default","ocean_disable_heading":"default","ocean_post_title":"","ocean_post_subheading":"","ocean_post_title_style":"","ocean_post_title_background_color":"","ocean_post_title_background":0,"ocean_post_title_bg_image_position":"","ocean_post_title_bg_image_attachment":"","ocean_post_title_bg_image_repeat":"","ocean_post_title_bg_image_size":"","ocean_post_title_height":0,"ocean_post_title_bg_overlay":0.5,"ocean_post_title_bg_overlay_color":"","ocean_disable_breadcrumbs":"default","ocean_breadcrumbs_color":"","ocean_breadcrumbs_separator_color":"","ocean_breadcrumbs_links_color":"","ocean_breadcrumbs_links_hover_color":"","ocean_display_footer_widgets":"default","ocean_display_footer_bottom":"default","ocean_custom_footer_template":"0"},"product_brand":[],"product_cat":[190,166,176,110,164],"product_tag":[],"class_list":{"0":"post-3692","1":"product","2":"type-product","3":"status-publish","4":"has-post-thumbnail","6":"product_cat-clavier-1","7":"product_cat-frezarki","8":"product_cat-marki","9":"product_cat-paznokcie","10":"product_cat-urzadzenia","12":"entry","13":"has-media","15":"first","16":"outofstock","17":"taxable","18":"shipping-taxable","19":"purchasable","20":"product-type-simple","21":"has-product-nav","22":"col","23":"span_1_of_3","24":"owp-content-center","25":"owp-thumbs-layout-horizontal","26":"owp-btn-normal","27":"owp-tabs-layout-horizontal","28":"has-no-thumbnails"},"yoast_head":"<!-- This site is optimized with the Yoast SEO plugin v27.4 - https:\/\/yoast.com\/product\/yoast-seo-wordpress\/ -->\n<title>Frezarka do paznokci 65 W, Manicure Clavier 65 W-FX 600 - velesnails<\/title>\n<meta name=\"robots\" content=\"index, follow, max-snippet:-1, max-image-preview:large, max-video-preview:-1\" \/>\n<link rel=\"canonical\" href=\"https:\/\/velesnails.pl\/uk\/product\/frezarka-do-paznokci-65-w-manicure-clavier-65-w-fx-600\/\" \/>\n<meta property=\"og:locale\" content=\"uk_UA\" \/>\n<meta property=\"og:type\" content=\"article\" \/>\n<meta property=\"og:title\" content=\"Frezarka do paznokci 65 W, Manicure Clavier 65 W-FX 600 - velesnails\" \/>\n<meta property=\"og:description\" content=\"Multi-funkcyjne urz\u0105dzenie dzi\u0119ki kt\u00f3remu nadasz wymarzony kszta\u0142t paznokciom Frezarka do paznokci 65 W jest idealna do u\u017cytku dla profesjonalistek jak i dla os\u00f3b, kt\u00f3re zaczynaj\u0105 przygod\u0119 z frezark\u0105. Frezark\u0119 do Paznokci FX 600 mo\u017cemy zaliczy\u0107 do profesjonalnych urz\u0105dze\u0144 do manicure i pedicure. Jest to multi-funkcyjne urz\u0105dzenie dzi\u0119ki kt\u00f3remu nadasz wymarzony kszta\u0142t paznokciom, doskonale przygotujesz p\u0142ytk\u0119 [&hellip;]\" \/>\n<meta property=\"og:url\" content=\"https:\/\/velesnails.pl\/uk\/product\/frezarka-do-paznokci-65-w-manicure-clavier-65-w-fx-600\/\" \/>\n<meta property=\"og:site_name\" content=\"velesnails\" \/>\n<meta property=\"article:modified_time\" content=\"2025-09-22T13:54:35+00:00\" \/>\n<meta property=\"og:image\" content=\"https:\/\/i0.wp.com\/velesnails.pl\/wp-content\/uploads\/2024\/07\/Clavier-65-W-FX-600.jpg?fit=500%2C500&ssl=1\" \/>\n\t<meta property=\"og:image:width\" content=\"500\" \/>\n\t<meta property=\"og:image:height\" content=\"500\" \/>\n\t<meta property=\"og:image:type\" content=\"image\/jpeg\" \/>\n<meta name=\"twitter:card\" content=\"summary_large_image\" \/>\n<meta name=\"twitter:label1\" content=\"\u041f\u0440\u0438\u0431\u043b. \u0447\u0430\u0441 \u0447\u0438\u0442\u0430\u043d\u043d\u044f\" \/>\n\t<meta name=\"twitter:data1\" content=\"3 \u0445\u0432\u0438\u043b\u0438\u043d\u0438\" \/>\n<script type=\"application\/ld+json\" class=\"yoast-schema-graph\">{\"@context\":\"https:\\\/\\\/schema.org\",\"@graph\":[{\"@type\":\"WebPage\",\"@id\":\"https:\\\/\\\/velesnails.pl\\\/product\\\/frezarka-do-paznokci-65-w-manicure-clavier-65-w-fx-600\\\/\",\"url\":\"https:\\\/\\\/velesnails.pl\\\/product\\\/frezarka-do-paznokci-65-w-manicure-clavier-65-w-fx-600\\\/\",\"name\":\"Frezarka do paznokci 65 W, Manicure Clavier 65 W-FX 600 - velesnails\",\"isPartOf\":{\"@id\":\"https:\\\/\\\/velesnails.pl\\\/#website\"},\"primaryImageOfPage\":{\"@id\":\"https:\\\/\\\/velesnails.pl\\\/product\\\/frezarka-do-paznokci-65-w-manicure-clavier-65-w-fx-600\\\/#primaryimage\"},\"image\":{\"@id\":\"https:\\\/\\\/velesnails.pl\\\/product\\\/frezarka-do-paznokci-65-w-manicure-clavier-65-w-fx-600\\\/#primaryimage\"},\"thumbnailUrl\":\"https:\\\/\\\/i0.wp.com\\\/velesnails.pl\\\/wp-content\\\/uploads\\\/2024\\\/07\\\/Clavier-65-W-FX-600.jpg?fit=500%2C500&ssl=1\",\"datePublished\":\"2024-07-30T10:15:21+00:00\",\"dateModified\":\"2025-09-22T13:54:35+00:00\",\"breadcrumb\":{\"@id\":\"https:\\\/\\\/velesnails.pl\\\/product\\\/frezarka-do-paznokci-65-w-manicure-clavier-65-w-fx-600\\\/#breadcrumb\"},\"inLanguage\":\"uk\",\"potentialAction\":[{\"@type\":\"ReadAction\",\"target\":[\"https:\\\/\\\/velesnails.pl\\\/product\\\/frezarka-do-paznokci-65-w-manicure-clavier-65-w-fx-600\\\/\"]}]},{\"@type\":\"ImageObject\",\"inLanguage\":\"uk\",\"@id\":\"https:\\\/\\\/velesnails.pl\\\/product\\\/frezarka-do-paznokci-65-w-manicure-clavier-65-w-fx-600\\\/#primaryimage\",\"url\":\"https:\\\/\\\/i0.wp.com\\\/velesnails.pl\\\/wp-content\\\/uploads\\\/2024\\\/07\\\/Clavier-65-W-FX-600.jpg?fit=500%2C500&ssl=1\",\"contentUrl\":\"https:\\\/\\\/i0.wp.com\\\/velesnails.pl\\\/wp-content\\\/uploads\\\/2024\\\/07\\\/Clavier-65-W-FX-600.jpg?fit=500%2C500&ssl=1\",\"width\":500,\"height\":500},{\"@type\":\"BreadcrumbList\",\"@id\":\"https:\\\/\\\/velesnails.pl\\\/product\\\/frezarka-do-paznokci-65-w-manicure-clavier-65-w-fx-600\\\/#breadcrumb\",\"itemListElement\":[{\"@type\":\"ListItem\",\"position\":1,\"name\":\"\u0413\u043e\u043b\u043e\u0432\u043d\u0430\",\"item\":\"https:\\\/\\\/velesnails.pl\\\/\"},{\"@type\":\"ListItem\",\"position\":2,\"name\":\"Sklep\",\"item\":\"https:\\\/\\\/velesnails.pl\\\/shop\\\/\"},{\"@type\":\"ListItem\",\"position\":3,\"name\":\"Frezarka do paznokci 65 W, Manicure Clavier 65 W-FX 600\"}]},{\"@type\":\"WebSite\",\"@id\":\"https:\\\/\\\/velesnails.pl\\\/#website\",\"url\":\"https:\\\/\\\/velesnails.pl\\\/\",\"name\":\"velesnails\",\"description\":\"Sklep z manicure\",\"publisher\":{\"@id\":\"https:\\\/\\\/velesnails.pl\\\/#organization\"},\"potentialAction\":[{\"@type\":\"SearchAction\",\"target\":{\"@type\":\"EntryPoint\",\"urlTemplate\":\"https:\\\/\\\/velesnails.pl\\\/?s={search_term_string}\"},\"query-input\":{\"@type\":\"PropertyValueSpecification\",\"valueRequired\":true,\"valueName\":\"search_term_string\"}}],\"inLanguage\":\"uk\"},{\"@type\":\"Organization\",\"@id\":\"https:\\\/\\\/velesnails.pl\\\/#organization\",\"name\":\"velesnails\",\"url\":\"https:\\\/\\\/velesnails.pl\\\/\",\"logo\":{\"@type\":\"ImageObject\",\"inLanguage\":\"uk\",\"@id\":\"https:\\\/\\\/velesnails.pl\\\/#\\\/schema\\\/logo\\\/image\\\/\",\"url\":\"https:\\\/\\\/i0.wp.com\\\/velesnails.pl\\\/wp-content\\\/uploads\\\/2025\\\/10\\\/cropped-obraz_viber_2025-10-22_13-55-55-969.jpg?fit=485%2C381&ssl=1\",\"contentUrl\":\"https:\\\/\\\/i0.wp.com\\\/velesnails.pl\\\/wp-content\\\/uploads\\\/2025\\\/10\\\/cropped-obraz_viber_2025-10-22_13-55-55-969.jpg?fit=485%2C381&ssl=1\",\"width\":485,\"height\":381,\"caption\":\"velesnails\"},\"image\":{\"@id\":\"https:\\\/\\\/velesnails.pl\\\/#\\\/schema\\\/logo\\\/image\\\/\"}}]}<\/script>\n<!-- \/ Yoast SEO plugin. -->","yoast_head_json":{"title":"Frezarka do paznokci 65 W, Manicure Clavier 65 W-FX 600 - velesnails","robots":{"index":"index","follow":"follow","max-snippet":"max-snippet:-1","max-image-preview":"max-image-preview:large","max-video-preview":"max-video-preview:-1"},"canonical":"https:\/\/velesnails.pl\/uk\/product\/frezarka-do-paznokci-65-w-manicure-clavier-65-w-fx-600\/","og_locale":"uk_UA","og_type":"article","og_title":"Frezarka do paznokci 65 W, Manicure Clavier 65 W-FX 600 - velesnails","og_description":"Multi-funkcyjne urz\u0105dzenie dzi\u0119ki kt\u00f3remu nadasz wymarzony kszta\u0142t paznokciom Frezarka do paznokci 65 W jest idealna do u\u017cytku dla profesjonalistek jak i dla os\u00f3b, kt\u00f3re zaczynaj\u0105 przygod\u0119 z frezark\u0105. Frezark\u0119 do Paznokci FX 600 mo\u017cemy zaliczy\u0107 do profesjonalnych urz\u0105dze\u0144 do manicure i pedicure. Jest to multi-funkcyjne urz\u0105dzenie dzi\u0119ki kt\u00f3remu nadasz wymarzony kszta\u0142t paznokciom, doskonale przygotujesz p\u0142ytk\u0119 [&hellip;]","og_url":"https:\/\/velesnails.pl\/uk\/product\/frezarka-do-paznokci-65-w-manicure-clavier-65-w-fx-600\/","og_site_name":"velesnails","article_modified_time":"2025-09-22T13:54:35+00:00","og_image":[{"width":500,"height":500,"url":"https:\/\/i0.wp.com\/velesnails.pl\/wp-content\/uploads\/2024\/07\/Clavier-65-W-FX-600.jpg?fit=500%2C500&ssl=1","type":"image\/jpeg"}],"twitter_card":"summary_large_image","twitter_misc":{"\u041f\u0440\u0438\u0431\u043b. \u0447\u0430\u0441 \u0447\u0438\u0442\u0430\u043d\u043d\u044f":"3 \u0445\u0432\u0438\u043b\u0438\u043d\u0438"},"schema":{"@context":"https:\/\/schema.org","@graph":[{"@type":"WebPage","@id":"https:\/\/velesnails.pl\/product\/frezarka-do-paznokci-65-w-manicure-clavier-65-w-fx-600\/","url":"https:\/\/velesnails.pl\/product\/frezarka-do-paznokci-65-w-manicure-clavier-65-w-fx-600\/","name":"Frezarka do paznokci 65 W, Manicure Clavier 65 W-FX 600 - velesnails","isPartOf":{"@id":"https:\/\/velesnails.pl\/#website"},"primaryImageOfPage":{"@id":"https:\/\/velesnails.pl\/product\/frezarka-do-paznokci-65-w-manicure-clavier-65-w-fx-600\/#primaryimage"},"image":{"@id":"https:\/\/velesnails.pl\/product\/frezarka-do-paznokci-65-w-manicure-clavier-65-w-fx-600\/#primaryimage"},"thumbnailUrl":"https:\/\/i0.wp.com\/velesnails.pl\/wp-content\/uploads\/2024\/07\/Clavier-65-W-FX-600.jpg?fit=500%2C500&ssl=1","datePublished":"2024-07-30T10:15:21+00:00","dateModified":"2025-09-22T13:54:35+00:00","breadcrumb":{"@id":"https:\/\/velesnails.pl\/product\/frezarka-do-paznokci-65-w-manicure-clavier-65-w-fx-600\/#breadcrumb"},"inLanguage":"uk","potentialAction":[{"@type":"ReadAction","target":["https:\/\/velesnails.pl\/product\/frezarka-do-paznokci-65-w-manicure-clavier-65-w-fx-600\/"]}]},{"@type":"ImageObject","inLanguage":"uk","@id":"https:\/\/velesnails.pl\/product\/frezarka-do-paznokci-65-w-manicure-clavier-65-w-fx-600\/#primaryimage","url":"https:\/\/i0.wp.com\/velesnails.pl\/wp-content\/uploads\/2024\/07\/Clavier-65-W-FX-600.jpg?fit=500%2C500&ssl=1","contentUrl":"https:\/\/i0.wp.com\/velesnails.pl\/wp-content\/uploads\/2024\/07\/Clavier-65-W-FX-600.jpg?fit=500%2C500&ssl=1","width":500,"height":500},{"@type":"BreadcrumbList","@id":"https:\/\/velesnails.pl\/product\/frezarka-do-paznokci-65-w-manicure-clavier-65-w-fx-600\/#breadcrumb","itemListElement":[{"@type":"ListItem","position":1,"name":"\u0413\u043e\u043b\u043e\u0432\u043d\u0430","item":"https:\/\/velesnails.pl\/"},{"@type":"ListItem","position":2,"name":"Sklep","item":"https:\/\/velesnails.pl\/shop\/"},{"@type":"ListItem","position":3,"name":"Frezarka do paznokci 65 W, Manicure Clavier 65 W-FX 600"}]},{"@type":"WebSite","@id":"https:\/\/velesnails.pl\/#website","url":"https:\/\/velesnails.pl\/","name":"\u0432\u0435\u043b\u0435\u0441\u043e\u0432\u0456 \u043d\u0456\u0433\u0442\u0456","description":"\u041c\u0430\u043d\u0456\u043a\u044e\u0440\u043d\u0438\u0439 \u0441\u0430\u043b\u043e\u043d","publisher":{"@id":"https:\/\/velesnails.pl\/#organization"},"potentialAction":[{"@type":"SearchAction","target":{"@type":"EntryPoint","urlTemplate":"https:\/\/velesnails.pl\/?s={search_term_string}"},"query-input":{"@type":"PropertyValueSpecification","valueRequired":true,"valueName":"search_term_string"}}],"inLanguage":"uk"},{"@type":"Organization","@id":"https:\/\/velesnails.pl\/#organization","name":"\u0432\u0435\u043b\u0435\u0441\u043e\u0432\u0456 \u043d\u0456\u0433\u0442\u0456","url":"https:\/\/velesnails.pl\/","logo":{"@type":"ImageObject","inLanguage":"uk","@id":"https:\/\/velesnails.pl\/#\/schema\/logo\/image\/","url":"https:\/\/i0.wp.com\/velesnails.pl\/wp-content\/uploads\/2025\/10\/cropped-obraz_viber_2025-10-22_13-55-55-969.jpg?fit=485%2C381&ssl=1","contentUrl":"https:\/\/i0.wp.com\/velesnails.pl\/wp-content\/uploads\/2025\/10\/cropped-obraz_viber_2025-10-22_13-55-55-969.jpg?fit=485%2C381&ssl=1","width":485,"height":381,"caption":"velesnails"},"image":{"@id":"https:\/\/velesnails.pl\/#\/schema\/logo\/image\/"}}]}},"_links":{"self":[{"href":"https:\/\/velesnails.pl\/uk\/wp-json\/wp\/v2\/product\/3692","targetHints":{"allow":["GET"]}}],"collection":[{"href":"https:\/\/velesnails.pl\/uk\/wp-json\/wp\/v2\/product"}],"about":[{"href":"https:\/\/velesnails.pl\/uk\/wp-json\/wp\/v2\/types\/product"}],"replies":[{"embeddable":true,"href":"https:\/\/velesnails.pl\/uk\/wp-json\/wp\/v2\/comments?post=3692"}],"wp:featuredmedia":[{"embeddable":true,"href":"https:\/\/velesnails.pl\/uk\/wp-json\/wp\/v2\/media\/3693"}],"wp:attachment":[{"href":"https:\/\/velesnails.pl\/uk\/wp-json\/wp\/v2\/media?parent=3692"}],"wp:term":[{"taxonomy":"product_brand","embeddable":true,"href":"https:\/\/velesnails.pl\/uk\/wp-json\/wp\/v2\/product_brand?post=3692"},{"taxonomy":"product_cat","embeddable":true,"href":"https:\/\/velesnails.pl\/uk\/wp-json\/wp\/v2\/product_cat?post=3692"},{"taxonomy":"product_tag","embeddable":true,"href":"https:\/\/velesnails.pl\/uk\/wp-json\/wp\/v2\/product_tag?post=3692"}],"curies":[{"name":"wp","href":"https:\/\/api.w.org\/{rel}","templated":true}]}}