{"id":3671,"date":"2024-07-30T12:27:31","date_gmt":"2024-07-30T09:27:31","guid":{"rendered":"https:\/\/velesnails.loc\/?post_type=product&#038;p=3671"},"modified":"2026-01-19T11:48:19","modified_gmt":"2026-01-19T08:48:19","slug":"lampa-led-uv-48w-q7-biala","status":"publish","type":"product","link":"https:\/\/velesnails.pl\/uk\/product\/lampa-led-uv-48w-q7-biala\/","title":{"rendered":"Lampa LED\/UV\/48W-Q7-Biala"},"content":{"rendered":"<p>Szybkie i r\u00f3wnomierne utwardzanie dzi\u0119ki podw\u00f3jnemu dzia\u0142aniu utwardzaj\u0105cemu UV i LED<br \/>\nDu\u017ca moc 48W oraz podw\u00f3jne dzia\u0142anie utwardzaj\u0105ce UV i LED.<\/p>\n<p>Lampa do hybryd 48W z lustrzanym dnem Clavier Q7 jest najnowsz\u0105 generacj\u0105 urz\u0105dze\u0144 przeznaczony do utwardzania \u017celi, lakier\u00f3w hybrydowych oraz innych preparat\u00f3w \u015bwiat\u0142outwardzalnych. Dzi\u0119ki zastosowanej technologii UV\/LED 48W utwardzanie jest r\u00f3wnomierne i szybsze w por\u00f3wnaniu z konkurentami.<\/p>\n<p>Wbudowany sensor ruchu i tryb 1\/2 idealny do pracy z \u017celami buduj\u0105cymi<br \/>\nLampa Q7 posiada wbudowany sensor ruchu, timer 5, 30 i 60 sekund, a po uruchomieniu sensora \u015bwieci nieprzerwanie do 120 sekund. Tryb 1\/2 mocy to tryb w kt\u00f3rym lampa \u015bwieci po\u0142ow\u0105 mocy. Jest to tryb zalecany do pracy z \u017celami buduj\u0105cymi i innymi aplikacjami wymagaj\u0105cymi d\u0142ugiego czasu na\u015bwietlania. W dolnym panelu lampy znajduj\u0105 si\u0119 magnesy dzi\u0119ki kt\u00f3rym \u0142atwo jest go odpi\u0105\u0107 do aplikacji pedicure.<\/p>\n<p>Lustrzana podstawka odpinana na magnez<br \/>\nPanel dolny lampy jest na magnesy i \u0142atwo go odpi\u0105\u0107 do aplikacji pedicure. Lustrzany sp\u00f3d odbija i rozprasza \u015bwiat\u0142o LED-\u00f3w i dzi\u0119ki temu dociera ono nawet do trudno dost\u0119pnych miejsc, np. przy sk\u00f3rkach. Dzi\u0119ki temu mamy pewno\u015b\u0107, \u017ce u\u017cyty lakier hybrydowy czy \u017cel utwardzi si\u0119 nawet w tych najbardziej newralgicznych miejscach. Aby uchroni\u0107 panel oryginalnie zabezpieczony zosta\u0142 on niebiesk\u0105 foli\u0105, kt\u00f3r\u0105 nale\u017cy usun\u0105\u0107 przed pierwszym u\u017cyciem dla uzyskania oczekiwanych efekt\u00f3w.<\/p>","protected":false},"excerpt":{"rendered":"<p>Szybkie i r\u00f3wnomierne utwardzanie dzi\u0119ki podw\u00f3jnemu dzia\u0142aniu utwardzaj\u0105cemu UV i LED Du\u017ca moc 48W oraz podw\u00f3jne dzia\u0142anie utwardzaj\u0105ce UV i LED. Lampa do hybryd 48W z lustrzanym dnem Clavier Q7 jest najnowsz\u0105 generacj\u0105 urz\u0105dze\u0144 przeznaczony do utwardzania \u017celi, lakier\u00f3w hybrydowych oraz innych preparat\u00f3w \u015bwiat\u0142outwardzalnych. Dzi\u0119ki zastosowanej technologii UV\/LED 48W utwardzanie jest r\u00f3wnomierne i szybsze w [&hellip;]<\/p>\n","protected":false},"featured_media":3948,"comment_status":"closed","ping_status":"closed","template":"","meta":{"om_disable_all_campaigns":false,"ocean_post_layout":"","ocean_both_sidebars_style":"","ocean_both_sidebars_content_width":0,"ocean_both_sidebars_sidebars_width":0,"ocean_sidebar":"0","ocean_second_sidebar":"0","ocean_disable_margins":"enable","ocean_add_body_class":"","ocean_shortcode_before_top_bar":"","ocean_shortcode_after_top_bar":"","ocean_shortcode_before_header":"","ocean_shortcode_after_header":"","ocean_has_shortcode":"","ocean_shortcode_after_title":"","ocean_shortcode_before_footer_widgets":"","ocean_shortcode_after_footer_widgets":"","ocean_shortcode_before_footer_bottom":"","ocean_shortcode_after_footer_bottom":"","ocean_display_top_bar":"default","ocean_display_header":"default","ocean_header_style":"","ocean_center_header_left_menu":"0","ocean_custom_header_template":"0","ocean_custom_logo":0,"ocean_custom_retina_logo":0,"ocean_custom_logo_max_width":0,"ocean_custom_logo_tablet_max_width":0,"ocean_custom_logo_mobile_max_width":0,"ocean_custom_logo_max_height":0,"ocean_custom_logo_tablet_max_height":0,"ocean_custom_logo_mobile_max_height":0,"ocean_header_custom_menu":"0","ocean_menu_typo_font_family":"0","ocean_menu_typo_font_subset":"","ocean_menu_typo_font_size":0,"ocean_menu_typo_font_size_tablet":0,"ocean_menu_typo_font_size_mobile":0,"ocean_menu_typo_font_size_unit":"px","ocean_menu_typo_font_weight":"","ocean_menu_typo_font_weight_tablet":"","ocean_menu_typo_font_weight_mobile":"","ocean_menu_typo_transform":"","ocean_menu_typo_transform_tablet":"","ocean_menu_typo_transform_mobile":"","ocean_menu_typo_line_height":0,"ocean_menu_typo_line_height_tablet":0,"ocean_menu_typo_line_height_mobile":0,"ocean_menu_typo_line_height_unit":"","ocean_menu_typo_spacing":0,"ocean_menu_typo_spacing_tablet":0,"ocean_menu_typo_spacing_mobile":0,"ocean_menu_typo_spacing_unit":"","ocean_menu_link_color":"","ocean_menu_link_color_hover":"","ocean_menu_link_color_active":"","ocean_menu_link_background":"","ocean_menu_link_hover_background":"","ocean_menu_link_active_background":"","ocean_menu_social_links_bg":"","ocean_menu_social_hover_links_bg":"","ocean_menu_social_links_color":"","ocean_menu_social_hover_links_color":"","ocean_disable_title":"default","ocean_disable_heading":"default","ocean_post_title":"","ocean_post_subheading":"","ocean_post_title_style":"","ocean_post_title_background_color":"","ocean_post_title_background":0,"ocean_post_title_bg_image_position":"","ocean_post_title_bg_image_attachment":"","ocean_post_title_bg_image_repeat":"","ocean_post_title_bg_image_size":"","ocean_post_title_height":0,"ocean_post_title_bg_overlay":0.5,"ocean_post_title_bg_overlay_color":"","ocean_disable_breadcrumbs":"default","ocean_breadcrumbs_color":"","ocean_breadcrumbs_separator_color":"","ocean_breadcrumbs_links_color":"","ocean_breadcrumbs_links_hover_color":"","ocean_display_footer_widgets":"default","ocean_display_footer_bottom":"default","ocean_custom_footer_template":"0"},"product_brand":[],"product_cat":[165,110,164],"product_tag":[],"class_list":{"0":"post-3671","1":"product","2":"type-product","3":"status-publish","4":"has-post-thumbnail","6":"product_cat-lampy-uw-led","7":"product_cat-paznokcie","8":"product_cat-urzadzenia","10":"entry","11":"has-media","13":"first","14":"outofstock","15":"taxable","16":"shipping-taxable","17":"purchasable","18":"product-type-simple","19":"has-product-nav","20":"col","21":"span_1_of_3","22":"owp-content-center","23":"owp-thumbs-layout-horizontal","24":"owp-btn-normal","25":"owp-tabs-layout-horizontal","26":"has-no-thumbnails"},"yoast_head":"<!-- This site is optimized with the Yoast SEO plugin v27.4 - https:\/\/yoast.com\/product\/yoast-seo-wordpress\/ -->\n<title>Lampa LED\/UV\/48W-Q7-Biala - velesnails<\/title>\n<meta name=\"robots\" content=\"index, follow, max-snippet:-1, max-image-preview:large, max-video-preview:-1\" \/>\n<link rel=\"canonical\" href=\"https:\/\/velesnails.pl\/uk\/product\/lampa-led-uv-48w-q7-biala\/\" \/>\n<meta property=\"og:locale\" content=\"uk_UA\" \/>\n<meta property=\"og:type\" content=\"article\" \/>\n<meta property=\"og:title\" content=\"Lampa LED\/UV\/48W-Q7-Biala - velesnails\" \/>\n<meta property=\"og:description\" content=\"Szybkie i r\u00f3wnomierne utwardzanie dzi\u0119ki podw\u00f3jnemu dzia\u0142aniu utwardzaj\u0105cemu UV i LED Du\u017ca moc 48W oraz podw\u00f3jne dzia\u0142anie utwardzaj\u0105ce UV i LED. Lampa do hybryd 48W z lustrzanym dnem Clavier Q7 jest najnowsz\u0105 generacj\u0105 urz\u0105dze\u0144 przeznaczony do utwardzania \u017celi, lakier\u00f3w hybrydowych oraz innych preparat\u00f3w \u015bwiat\u0142outwardzalnych. Dzi\u0119ki zastosowanej technologii UV\/LED 48W utwardzanie jest r\u00f3wnomierne i szybsze w [&hellip;]\" \/>\n<meta property=\"og:url\" content=\"https:\/\/velesnails.pl\/uk\/product\/lampa-led-uv-48w-q7-biala\/\" \/>\n<meta property=\"og:site_name\" content=\"velesnails\" \/>\n<meta property=\"article:modified_time\" content=\"2026-01-19T08:48:19+00:00\" \/>\n<meta property=\"og:image\" content=\"https:\/\/velesnails.pl\/wp-content\/uploads\/2024\/07\/\u0417\u043d\u0456\u043c\u043e\u043a-\u0435\u043a\u0440\u0430\u043d\u0430-2024-08-21-171141.png\" \/>\n\t<meta property=\"og:image:width\" content=\"855\" \/>\n\t<meta property=\"og:image:height\" content=\"841\" \/>\n\t<meta property=\"og:image:type\" content=\"image\/png\" \/>\n<meta name=\"twitter:card\" content=\"summary_large_image\" \/>\n<meta name=\"twitter:label1\" content=\"\u041f\u0440\u0438\u0431\u043b. \u0447\u0430\u0441 \u0447\u0438\u0442\u0430\u043d\u043d\u044f\" \/>\n\t<meta name=\"twitter:data1\" content=\"1 \u0445\u0432\u0438\u043b\u0438\u043d\u0430\" \/>\n<script type=\"application\/ld+json\" class=\"yoast-schema-graph\">{\"@context\":\"https:\\\/\\\/schema.org\",\"@graph\":[{\"@type\":\"WebPage\",\"@id\":\"https:\\\/\\\/velesnails.pl\\\/product\\\/lampa-led-uv-48w-q7-biala\\\/\",\"url\":\"https:\\\/\\\/velesnails.pl\\\/product\\\/lampa-led-uv-48w-q7-biala\\\/\",\"name\":\"Lampa LED\\\/UV\\\/48W-Q7-Biala - velesnails\",\"isPartOf\":{\"@id\":\"https:\\\/\\\/velesnails.pl\\\/#website\"},\"primaryImageOfPage\":{\"@id\":\"https:\\\/\\\/velesnails.pl\\\/product\\\/lampa-led-uv-48w-q7-biala\\\/#primaryimage\"},\"image\":{\"@id\":\"https:\\\/\\\/velesnails.pl\\\/product\\\/lampa-led-uv-48w-q7-biala\\\/#primaryimage\"},\"thumbnailUrl\":\"https:\\\/\\\/i0.wp.com\\\/velesnails.pl\\\/wp-content\\\/uploads\\\/2024\\\/07\\\/%D0%97%D0%BD%D1%96%D0%BC%D0%BE%D0%BA-%D0%B5%D0%BA%D1%80%D0%B0%D0%BD%D0%B0-2024-08-21-171141.png?fit=855%2C841&ssl=1\",\"datePublished\":\"2024-07-30T09:27:31+00:00\",\"dateModified\":\"2026-01-19T08:48:19+00:00\",\"breadcrumb\":{\"@id\":\"https:\\\/\\\/velesnails.pl\\\/product\\\/lampa-led-uv-48w-q7-biala\\\/#breadcrumb\"},\"inLanguage\":\"uk\",\"potentialAction\":[{\"@type\":\"ReadAction\",\"target\":[\"https:\\\/\\\/velesnails.pl\\\/product\\\/lampa-led-uv-48w-q7-biala\\\/\"]}]},{\"@type\":\"ImageObject\",\"inLanguage\":\"uk\",\"@id\":\"https:\\\/\\\/velesnails.pl\\\/product\\\/lampa-led-uv-48w-q7-biala\\\/#primaryimage\",\"url\":\"https:\\\/\\\/i0.wp.com\\\/velesnails.pl\\\/wp-content\\\/uploads\\\/2024\\\/07\\\/%D0%97%D0%BD%D1%96%D0%BC%D0%BE%D0%BA-%D0%B5%D0%BA%D1%80%D0%B0%D0%BD%D0%B0-2024-08-21-171141.png?fit=855%2C841&ssl=1\",\"contentUrl\":\"https:\\\/\\\/i0.wp.com\\\/velesnails.pl\\\/wp-content\\\/uploads\\\/2024\\\/07\\\/%D0%97%D0%BD%D1%96%D0%BC%D0%BE%D0%BA-%D0%B5%D0%BA%D1%80%D0%B0%D0%BD%D0%B0-2024-08-21-171141.png?fit=855%2C841&ssl=1\",\"width\":855,\"height\":841},{\"@type\":\"BreadcrumbList\",\"@id\":\"https:\\\/\\\/velesnails.pl\\\/product\\\/lampa-led-uv-48w-q7-biala\\\/#breadcrumb\",\"itemListElement\":[{\"@type\":\"ListItem\",\"position\":1,\"name\":\"\u0413\u043e\u043b\u043e\u0432\u043d\u0430\",\"item\":\"https:\\\/\\\/velesnails.pl\\\/\"},{\"@type\":\"ListItem\",\"position\":2,\"name\":\"Sklep\",\"item\":\"https:\\\/\\\/velesnails.pl\\\/shop\\\/\"},{\"@type\":\"ListItem\",\"position\":3,\"name\":\"Lampa LED\\\/UV\\\/48W-Q7-Biala\"}]},{\"@type\":\"WebSite\",\"@id\":\"https:\\\/\\\/velesnails.pl\\\/#website\",\"url\":\"https:\\\/\\\/velesnails.pl\\\/\",\"name\":\"velesnails\",\"description\":\"Sklep z manicure\",\"publisher\":{\"@id\":\"https:\\\/\\\/velesnails.pl\\\/#organization\"},\"potentialAction\":[{\"@type\":\"SearchAction\",\"target\":{\"@type\":\"EntryPoint\",\"urlTemplate\":\"https:\\\/\\\/velesnails.pl\\\/?s={search_term_string}\"},\"query-input\":{\"@type\":\"PropertyValueSpecification\",\"valueRequired\":true,\"valueName\":\"search_term_string\"}}],\"inLanguage\":\"uk\"},{\"@type\":\"Organization\",\"@id\":\"https:\\\/\\\/velesnails.pl\\\/#organization\",\"name\":\"velesnails\",\"url\":\"https:\\\/\\\/velesnails.pl\\\/\",\"logo\":{\"@type\":\"ImageObject\",\"inLanguage\":\"uk\",\"@id\":\"https:\\\/\\\/velesnails.pl\\\/#\\\/schema\\\/logo\\\/image\\\/\",\"url\":\"https:\\\/\\\/i0.wp.com\\\/velesnails.pl\\\/wp-content\\\/uploads\\\/2025\\\/10\\\/cropped-obraz_viber_2025-10-22_13-55-55-969.jpg?fit=485%2C381&ssl=1\",\"contentUrl\":\"https:\\\/\\\/i0.wp.com\\\/velesnails.pl\\\/wp-content\\\/uploads\\\/2025\\\/10\\\/cropped-obraz_viber_2025-10-22_13-55-55-969.jpg?fit=485%2C381&ssl=1\",\"width\":485,\"height\":381,\"caption\":\"velesnails\"},\"image\":{\"@id\":\"https:\\\/\\\/velesnails.pl\\\/#\\\/schema\\\/logo\\\/image\\\/\"}}]}<\/script>\n<!-- \/ Yoast SEO plugin. -->","yoast_head_json":{"title":"Lampa LED\/UV\/48W-Q7-Biala - velesnails","robots":{"index":"index","follow":"follow","max-snippet":"max-snippet:-1","max-image-preview":"max-image-preview:large","max-video-preview":"max-video-preview:-1"},"canonical":"https:\/\/velesnails.pl\/uk\/product\/lampa-led-uv-48w-q7-biala\/","og_locale":"uk_UA","og_type":"article","og_title":"Lampa LED\/UV\/48W-Q7-Biala - velesnails","og_description":"Szybkie i r\u00f3wnomierne utwardzanie dzi\u0119ki podw\u00f3jnemu dzia\u0142aniu utwardzaj\u0105cemu UV i LED Du\u017ca moc 48W oraz podw\u00f3jne dzia\u0142anie utwardzaj\u0105ce UV i LED. Lampa do hybryd 48W z lustrzanym dnem Clavier Q7 jest najnowsz\u0105 generacj\u0105 urz\u0105dze\u0144 przeznaczony do utwardzania \u017celi, lakier\u00f3w hybrydowych oraz innych preparat\u00f3w \u015bwiat\u0142outwardzalnych. Dzi\u0119ki zastosowanej technologii UV\/LED 48W utwardzanie jest r\u00f3wnomierne i szybsze w [&hellip;]","og_url":"https:\/\/velesnails.pl\/uk\/product\/lampa-led-uv-48w-q7-biala\/","og_site_name":"velesnails","article_modified_time":"2026-01-19T08:48:19+00:00","og_image":[{"width":855,"height":841,"url":"https:\/\/velesnails.pl\/wp-content\/uploads\/2024\/07\/\u0417\u043d\u0456\u043c\u043e\u043a-\u0435\u043a\u0440\u0430\u043d\u0430-2024-08-21-171141.png","type":"image\/png"}],"twitter_card":"summary_large_image","twitter_misc":{"\u041f\u0440\u0438\u0431\u043b. \u0447\u0430\u0441 \u0447\u0438\u0442\u0430\u043d\u043d\u044f":"1 \u0445\u0432\u0438\u043b\u0438\u043d\u0430"},"schema":{"@context":"https:\/\/schema.org","@graph":[{"@type":"WebPage","@id":"https:\/\/velesnails.pl\/product\/lampa-led-uv-48w-q7-biala\/","url":"https:\/\/velesnails.pl\/product\/lampa-led-uv-48w-q7-biala\/","name":"Lampa LED\/UV\/48W-Q7-Biala - velesnails","isPartOf":{"@id":"https:\/\/velesnails.pl\/#website"},"primaryImageOfPage":{"@id":"https:\/\/velesnails.pl\/product\/lampa-led-uv-48w-q7-biala\/#primaryimage"},"image":{"@id":"https:\/\/velesnails.pl\/product\/lampa-led-uv-48w-q7-biala\/#primaryimage"},"thumbnailUrl":"https:\/\/i0.wp.com\/velesnails.pl\/wp-content\/uploads\/2024\/07\/%D0%97%D0%BD%D1%96%D0%BC%D0%BE%D0%BA-%D0%B5%D0%BA%D1%80%D0%B0%D0%BD%D0%B0-2024-08-21-171141.png?fit=855%2C841&ssl=1","datePublished":"2024-07-30T09:27:31+00:00","dateModified":"2026-01-19T08:48:19+00:00","breadcrumb":{"@id":"https:\/\/velesnails.pl\/product\/lampa-led-uv-48w-q7-biala\/#breadcrumb"},"inLanguage":"uk","potentialAction":[{"@type":"ReadAction","target":["https:\/\/velesnails.pl\/product\/lampa-led-uv-48w-q7-biala\/"]}]},{"@type":"ImageObject","inLanguage":"uk","@id":"https:\/\/velesnails.pl\/product\/lampa-led-uv-48w-q7-biala\/#primaryimage","url":"https:\/\/i0.wp.com\/velesnails.pl\/wp-content\/uploads\/2024\/07\/%D0%97%D0%BD%D1%96%D0%BC%D0%BE%D0%BA-%D0%B5%D0%BA%D1%80%D0%B0%D0%BD%D0%B0-2024-08-21-171141.png?fit=855%2C841&ssl=1","contentUrl":"https:\/\/i0.wp.com\/velesnails.pl\/wp-content\/uploads\/2024\/07\/%D0%97%D0%BD%D1%96%D0%BC%D0%BE%D0%BA-%D0%B5%D0%BA%D1%80%D0%B0%D0%BD%D0%B0-2024-08-21-171141.png?fit=855%2C841&ssl=1","width":855,"height":841},{"@type":"BreadcrumbList","@id":"https:\/\/velesnails.pl\/product\/lampa-led-uv-48w-q7-biala\/#breadcrumb","itemListElement":[{"@type":"ListItem","position":1,"name":"\u0413\u043e\u043b\u043e\u0432\u043d\u0430","item":"https:\/\/velesnails.pl\/"},{"@type":"ListItem","position":2,"name":"Sklep","item":"https:\/\/velesnails.pl\/shop\/"},{"@type":"ListItem","position":3,"name":"Lampa LED\/UV\/48W-Q7-Biala"}]},{"@type":"WebSite","@id":"https:\/\/velesnails.pl\/#website","url":"https:\/\/velesnails.pl\/","name":"\u0432\u0435\u043b\u0435\u0441\u043e\u0432\u0456 \u043d\u0456\u0433\u0442\u0456","description":"\u041c\u0430\u043d\u0456\u043a\u044e\u0440\u043d\u0438\u0439 \u0441\u0430\u043b\u043e\u043d","publisher":{"@id":"https:\/\/velesnails.pl\/#organization"},"potentialAction":[{"@type":"SearchAction","target":{"@type":"EntryPoint","urlTemplate":"https:\/\/velesnails.pl\/?s={search_term_string}"},"query-input":{"@type":"PropertyValueSpecification","valueRequired":true,"valueName":"search_term_string"}}],"inLanguage":"uk"},{"@type":"Organization","@id":"https:\/\/velesnails.pl\/#organization","name":"\u0432\u0435\u043b\u0435\u0441\u043e\u0432\u0456 \u043d\u0456\u0433\u0442\u0456","url":"https:\/\/velesnails.pl\/","logo":{"@type":"ImageObject","inLanguage":"uk","@id":"https:\/\/velesnails.pl\/#\/schema\/logo\/image\/","url":"https:\/\/i0.wp.com\/velesnails.pl\/wp-content\/uploads\/2025\/10\/cropped-obraz_viber_2025-10-22_13-55-55-969.jpg?fit=485%2C381&ssl=1","contentUrl":"https:\/\/i0.wp.com\/velesnails.pl\/wp-content\/uploads\/2025\/10\/cropped-obraz_viber_2025-10-22_13-55-55-969.jpg?fit=485%2C381&ssl=1","width":485,"height":381,"caption":"velesnails"},"image":{"@id":"https:\/\/velesnails.pl\/#\/schema\/logo\/image\/"}}]}},"_links":{"self":[{"href":"https:\/\/velesnails.pl\/uk\/wp-json\/wp\/v2\/product\/3671","targetHints":{"allow":["GET"]}}],"collection":[{"href":"https:\/\/velesnails.pl\/uk\/wp-json\/wp\/v2\/product"}],"about":[{"href":"https:\/\/velesnails.pl\/uk\/wp-json\/wp\/v2\/types\/product"}],"replies":[{"embeddable":true,"href":"https:\/\/velesnails.pl\/uk\/wp-json\/wp\/v2\/comments?post=3671"}],"wp:featuredmedia":[{"embeddable":true,"href":"https:\/\/velesnails.pl\/uk\/wp-json\/wp\/v2\/media\/3948"}],"wp:attachment":[{"href":"https:\/\/velesnails.pl\/uk\/wp-json\/wp\/v2\/media?parent=3671"}],"wp:term":[{"taxonomy":"product_brand","embeddable":true,"href":"https:\/\/velesnails.pl\/uk\/wp-json\/wp\/v2\/product_brand?post=3671"},{"taxonomy":"product_cat","embeddable":true,"href":"https:\/\/velesnails.pl\/uk\/wp-json\/wp\/v2\/product_cat?post=3671"},{"taxonomy":"product_tag","embeddable":true,"href":"https:\/\/velesnails.pl\/uk\/wp-json\/wp\/v2\/product_tag?post=3671"}],"curies":[{"name":"wp","href":"https:\/\/api.w.org\/{rel}","templated":true}]}}