{"id":3437,"date":"2024-07-29T09:36:23","date_gmt":"2024-07-29T06:36:23","guid":{"rendered":"https:\/\/velesnails.loc\/?post_type=product&#038;p=3437"},"modified":"2025-10-20T12:40:58","modified_gmt":"2025-10-20T09:40:58","slug":"aba-group-nakladki-na-frezy-walec-gradacja-120-100-sztuk-rozowe","status":"publish","type":"product","link":"https:\/\/velesnails.pl\/uk\/product\/aba-group-nakladki-na-frezy-walec-gradacja-120-100-sztuk-rozowe\/","title":{"rendered":"Aba Group Nak\u0142adki na frezy walec gradacja 120 (100 sztuk) &#8211; r\u00f3\u017cowe"},"content":{"rendered":"<p>Jednorazowe nak\u0142adki \u015bcierne w kszta\u0142cie walca. Idealnie sprawdz\u0105 si\u0119 do zabieg\u00f3w manicure oraz pedicure, przy usuwaniu zrogowacia\u0142ej sk\u00f3ry, modzeli i nagniotk\u00f3w. R\u00f3wnie\u017c mog\u0105 by\u0107 u\u017cywane do skracania paznokci, zmatowienia p\u0142ytki lub wyg\u0142adzania masy akrylowej\/\u017celowej. Dzi\u0119ki nak\u0142adkom mo\u017cesz wykona\u0107 zabieg precyzyjnie.<\/p>\n<p>&nbsp;<\/p>\n<p>Ilo\u015b\u0107 w opakowaniu: 100 szt.<br \/>\nGradacja: #120<\/p>","protected":false},"excerpt":{"rendered":"<p>Jednorazowe nak\u0142adki \u015bcierne w kszta\u0142cie walca. Idealnie sprawdz\u0105 si\u0119 do zabieg\u00f3w manicure oraz pedicure, przy usuwaniu zrogowacia\u0142ej sk\u00f3ry, modzeli i nagniotk\u00f3w. R\u00f3wnie\u017c mog\u0105 by\u0107 u\u017cywane do skracania paznokci, zmatowienia p\u0142ytki lub wyg\u0142adzania masy akrylowej\/\u017celowej. Dzi\u0119ki nak\u0142adkom mo\u017cesz wykona\u0107 zabieg precyzyjnie. &nbsp; Ilo\u015b\u0107 w opakowaniu: 100 szt. Gradacja: #120<\/p>","protected":false},"featured_media":3438,"comment_status":"open","ping_status":"closed","template":"","meta":{"om_disable_all_campaigns":false,"ocean_post_layout":"","ocean_both_sidebars_style":"","ocean_both_sidebars_content_width":0,"ocean_both_sidebars_sidebars_width":0,"ocean_sidebar":"0","ocean_second_sidebar":"0","ocean_disable_margins":"enable","ocean_add_body_class":"","ocean_shortcode_before_top_bar":"","ocean_shortcode_after_top_bar":"","ocean_shortcode_before_header":"","ocean_shortcode_after_header":"","ocean_has_shortcode":"","ocean_shortcode_after_title":"","ocean_shortcode_before_footer_widgets":"","ocean_shortcode_after_footer_widgets":"","ocean_shortcode_before_footer_bottom":"","ocean_shortcode_after_footer_bottom":"","ocean_display_top_bar":"default","ocean_display_header":"default","ocean_header_style":"","ocean_center_header_left_menu":"0","ocean_custom_header_template":"0","ocean_custom_logo":0,"ocean_custom_retina_logo":0,"ocean_custom_logo_max_width":0,"ocean_custom_logo_tablet_max_width":0,"ocean_custom_logo_mobile_max_width":0,"ocean_custom_logo_max_height":0,"ocean_custom_logo_tablet_max_height":0,"ocean_custom_logo_mobile_max_height":0,"ocean_header_custom_menu":"0","ocean_menu_typo_font_family":"0","ocean_menu_typo_font_subset":"","ocean_menu_typo_font_size":0,"ocean_menu_typo_font_size_tablet":0,"ocean_menu_typo_font_size_mobile":0,"ocean_menu_typo_font_size_unit":"px","ocean_menu_typo_font_weight":"","ocean_menu_typo_font_weight_tablet":"","ocean_menu_typo_font_weight_mobile":"","ocean_menu_typo_transform":"","ocean_menu_typo_transform_tablet":"","ocean_menu_typo_transform_mobile":"","ocean_menu_typo_line_height":0,"ocean_menu_typo_line_height_tablet":0,"ocean_menu_typo_line_height_mobile":0,"ocean_menu_typo_line_height_unit":"","ocean_menu_typo_spacing":0,"ocean_menu_typo_spacing_tablet":0,"ocean_menu_typo_spacing_mobile":0,"ocean_menu_typo_spacing_unit":"","ocean_menu_link_color":"","ocean_menu_link_color_hover":"","ocean_menu_link_color_active":"","ocean_menu_link_background":"","ocean_menu_link_hover_background":"","ocean_menu_link_active_background":"","ocean_menu_social_links_bg":"","ocean_menu_social_hover_links_bg":"","ocean_menu_social_links_color":"","ocean_menu_social_hover_links_color":"","ocean_disable_title":"default","ocean_disable_heading":"default","ocean_post_title":"","ocean_post_subheading":"","ocean_post_title_style":"","ocean_post_title_background_color":"","ocean_post_title_background":0,"ocean_post_title_bg_image_position":"","ocean_post_title_bg_image_attachment":"","ocean_post_title_bg_image_repeat":"","ocean_post_title_bg_image_size":"","ocean_post_title_height":0,"ocean_post_title_bg_overlay":0.5,"ocean_post_title_bg_overlay_color":"","ocean_disable_breadcrumbs":"default","ocean_breadcrumbs_color":"","ocean_breadcrumbs_separator_color":"","ocean_breadcrumbs_links_color":"","ocean_breadcrumbs_links_hover_color":"","ocean_display_footer_widgets":"default","ocean_display_footer_bottom":"default","ocean_custom_footer_template":"0"},"product_brand":[],"product_cat":[195,176,150,110,157],"product_tag":[],"class_list":{"0":"post-3437","1":"product","2":"type-product","3":"status-publish","4":"has-post-thumbnail","6":"product_cat-alle-lac","7":"product_cat-marki","8":"product_cat-narzedzia","9":"product_cat-paznokcie","10":"product_cat-pododisc","12":"entry","13":"has-media","15":"first","16":"instock","17":"taxable","18":"shipping-taxable","19":"purchasable","20":"product-type-simple","21":"has-product-nav","22":"col","23":"span_1_of_3","24":"owp-content-center","25":"owp-thumbs-layout-horizontal","26":"owp-btn-normal","27":"owp-tabs-layout-horizontal","28":"has-no-thumbnails"},"yoast_head":"<!-- This site is optimized with the Yoast SEO plugin v27.5 - https:\/\/yoast.com\/product\/yoast-seo-wordpress\/ -->\n<title>Aba Group Nak\u0142adki na frezy walec gradacja 120 (100 sztuk) - r\u00f3\u017cowe - velesnails<\/title>\n<meta name=\"robots\" content=\"index, follow, max-snippet:-1, max-image-preview:large, max-video-preview:-1\" \/>\n<link rel=\"canonical\" href=\"https:\/\/velesnails.pl\/uk\/product\/aba-group-nakladki-na-frezy-walec-gradacja-120-100-sztuk-rozowe\/\" \/>\n<meta property=\"og:locale\" content=\"uk_UA\" \/>\n<meta property=\"og:type\" content=\"article\" \/>\n<meta property=\"og:title\" content=\"Aba Group Nak\u0142adki na frezy walec gradacja 120 (100 sztuk) - r\u00f3\u017cowe - velesnails\" \/>\n<meta property=\"og:description\" content=\"Jednorazowe nak\u0142adki \u015bcierne w kszta\u0142cie walca. Idealnie sprawdz\u0105 si\u0119 do zabieg\u00f3w manicure oraz pedicure, przy usuwaniu zrogowacia\u0142ej sk\u00f3ry, modzeli i nagniotk\u00f3w. R\u00f3wnie\u017c mog\u0105 by\u0107 u\u017cywane do skracania paznokci, zmatowienia p\u0142ytki lub wyg\u0142adzania masy akrylowej\/\u017celowej. Dzi\u0119ki nak\u0142adkom mo\u017cesz wykona\u0107 zabieg precyzyjnie. &nbsp; Ilo\u015b\u0107 w opakowaniu: 100 szt. Gradacja: #120\" \/>\n<meta property=\"og:url\" content=\"https:\/\/velesnails.pl\/uk\/product\/aba-group-nakladki-na-frezy-walec-gradacja-120-100-sztuk-rozowe\/\" \/>\n<meta property=\"og:site_name\" content=\"velesnails\" \/>\n<meta property=\"article:modified_time\" content=\"2025-10-20T09:40:58+00:00\" \/>\n<meta property=\"og:image\" content=\"https:\/\/velesnails.pl\/wp-content\/uploads\/2024\/07\/Aba-Group-Nakladki-na-frezy-120-rozowe.jpg\" \/>\n\t<meta property=\"og:image:width\" content=\"500\" \/>\n\t<meta property=\"og:image:height\" content=\"440\" \/>\n\t<meta property=\"og:image:type\" content=\"image\/jpeg\" \/>\n<meta name=\"twitter:card\" content=\"summary_large_image\" \/>\n<script type=\"application\/ld+json\" class=\"yoast-schema-graph\">{\"@context\":\"https:\\\/\\\/schema.org\",\"@graph\":[{\"@type\":\"WebPage\",\"@id\":\"https:\\\/\\\/velesnails.pl\\\/product\\\/aba-group-nakladki-na-frezy-walec-gradacja-120-100-sztuk-rozowe\\\/\",\"url\":\"https:\\\/\\\/velesnails.pl\\\/product\\\/aba-group-nakladki-na-frezy-walec-gradacja-120-100-sztuk-rozowe\\\/\",\"name\":\"Aba Group Nak\u0142adki na frezy walec gradacja 120 (100 sztuk) - r\u00f3\u017cowe - velesnails\",\"isPartOf\":{\"@id\":\"https:\\\/\\\/velesnails.pl\\\/#website\"},\"primaryImageOfPage\":{\"@id\":\"https:\\\/\\\/velesnails.pl\\\/product\\\/aba-group-nakladki-na-frezy-walec-gradacja-120-100-sztuk-rozowe\\\/#primaryimage\"},\"image\":{\"@id\":\"https:\\\/\\\/velesnails.pl\\\/product\\\/aba-group-nakladki-na-frezy-walec-gradacja-120-100-sztuk-rozowe\\\/#primaryimage\"},\"thumbnailUrl\":\"https:\\\/\\\/i0.wp.com\\\/velesnails.pl\\\/wp-content\\\/uploads\\\/2024\\\/07\\\/Aba-Group-Nakladki-na-frezy-120-rozowe.jpg?fit=500%2C440&ssl=1\",\"datePublished\":\"2024-07-29T06:36:23+00:00\",\"dateModified\":\"2025-10-20T09:40:58+00:00\",\"breadcrumb\":{\"@id\":\"https:\\\/\\\/velesnails.pl\\\/product\\\/aba-group-nakladki-na-frezy-walec-gradacja-120-100-sztuk-rozowe\\\/#breadcrumb\"},\"inLanguage\":\"uk\",\"potentialAction\":[{\"@type\":\"ReadAction\",\"target\":[\"https:\\\/\\\/velesnails.pl\\\/product\\\/aba-group-nakladki-na-frezy-walec-gradacja-120-100-sztuk-rozowe\\\/\"]}]},{\"@type\":\"ImageObject\",\"inLanguage\":\"uk\",\"@id\":\"https:\\\/\\\/velesnails.pl\\\/product\\\/aba-group-nakladki-na-frezy-walec-gradacja-120-100-sztuk-rozowe\\\/#primaryimage\",\"url\":\"https:\\\/\\\/i0.wp.com\\\/velesnails.pl\\\/wp-content\\\/uploads\\\/2024\\\/07\\\/Aba-Group-Nakladki-na-frezy-120-rozowe.jpg?fit=500%2C440&ssl=1\",\"contentUrl\":\"https:\\\/\\\/i0.wp.com\\\/velesnails.pl\\\/wp-content\\\/uploads\\\/2024\\\/07\\\/Aba-Group-Nakladki-na-frezy-120-rozowe.jpg?fit=500%2C440&ssl=1\",\"width\":500,\"height\":440},{\"@type\":\"BreadcrumbList\",\"@id\":\"https:\\\/\\\/velesnails.pl\\\/product\\\/aba-group-nakladki-na-frezy-walec-gradacja-120-100-sztuk-rozowe\\\/#breadcrumb\",\"itemListElement\":[{\"@type\":\"ListItem\",\"position\":1,\"name\":\"\u0413\u043e\u043b\u043e\u0432\u043d\u0430\",\"item\":\"https:\\\/\\\/velesnails.pl\\\/\"},{\"@type\":\"ListItem\",\"position\":2,\"name\":\"Sklep\",\"item\":\"https:\\\/\\\/velesnails.pl\\\/shop\\\/\"},{\"@type\":\"ListItem\",\"position\":3,\"name\":\"Aba Group Nak\u0142adki na frezy walec gradacja 120 (100 sztuk) &#8211; r\u00f3\u017cowe\"}]},{\"@type\":\"WebSite\",\"@id\":\"https:\\\/\\\/velesnails.pl\\\/#website\",\"url\":\"https:\\\/\\\/velesnails.pl\\\/\",\"name\":\"velesnails\",\"description\":\"Sklep z manicure\",\"publisher\":{\"@id\":\"https:\\\/\\\/velesnails.pl\\\/#organization\"},\"potentialAction\":[{\"@type\":\"SearchAction\",\"target\":{\"@type\":\"EntryPoint\",\"urlTemplate\":\"https:\\\/\\\/velesnails.pl\\\/?s={search_term_string}\"},\"query-input\":{\"@type\":\"PropertyValueSpecification\",\"valueRequired\":true,\"valueName\":\"search_term_string\"}}],\"inLanguage\":\"uk\"},{\"@type\":\"Organization\",\"@id\":\"https:\\\/\\\/velesnails.pl\\\/#organization\",\"name\":\"velesnails\",\"url\":\"https:\\\/\\\/velesnails.pl\\\/\",\"logo\":{\"@type\":\"ImageObject\",\"inLanguage\":\"uk\",\"@id\":\"https:\\\/\\\/velesnails.pl\\\/#\\\/schema\\\/logo\\\/image\\\/\",\"url\":\"https:\\\/\\\/i0.wp.com\\\/velesnails.pl\\\/wp-content\\\/uploads\\\/2025\\\/10\\\/cropped-obraz_viber_2025-10-22_13-55-55-969.jpg?fit=485%2C381&ssl=1\",\"contentUrl\":\"https:\\\/\\\/i0.wp.com\\\/velesnails.pl\\\/wp-content\\\/uploads\\\/2025\\\/10\\\/cropped-obraz_viber_2025-10-22_13-55-55-969.jpg?fit=485%2C381&ssl=1\",\"width\":485,\"height\":381,\"caption\":\"velesnails\"},\"image\":{\"@id\":\"https:\\\/\\\/velesnails.pl\\\/#\\\/schema\\\/logo\\\/image\\\/\"}}]}<\/script>\n<!-- \/ Yoast SEO plugin. -->","yoast_head_json":{"title":"Aba Group Nak\u0142adki na frezy walec gradacja 120 (100 sztuk) - r\u00f3\u017cowe - velesnails","robots":{"index":"index","follow":"follow","max-snippet":"max-snippet:-1","max-image-preview":"max-image-preview:large","max-video-preview":"max-video-preview:-1"},"canonical":"https:\/\/velesnails.pl\/uk\/product\/aba-group-nakladki-na-frezy-walec-gradacja-120-100-sztuk-rozowe\/","og_locale":"uk_UA","og_type":"article","og_title":"Aba Group Nak\u0142adki na frezy walec gradacja 120 (100 sztuk) - r\u00f3\u017cowe - velesnails","og_description":"Jednorazowe nak\u0142adki \u015bcierne w kszta\u0142cie walca. Idealnie sprawdz\u0105 si\u0119 do zabieg\u00f3w manicure oraz pedicure, przy usuwaniu zrogowacia\u0142ej sk\u00f3ry, modzeli i nagniotk\u00f3w. R\u00f3wnie\u017c mog\u0105 by\u0107 u\u017cywane do skracania paznokci, zmatowienia p\u0142ytki lub wyg\u0142adzania masy akrylowej\/\u017celowej. Dzi\u0119ki nak\u0142adkom mo\u017cesz wykona\u0107 zabieg precyzyjnie. &nbsp; Ilo\u015b\u0107 w opakowaniu: 100 szt. Gradacja: #120","og_url":"https:\/\/velesnails.pl\/uk\/product\/aba-group-nakladki-na-frezy-walec-gradacja-120-100-sztuk-rozowe\/","og_site_name":"velesnails","article_modified_time":"2025-10-20T09:40:58+00:00","og_image":[{"width":500,"height":440,"url":"https:\/\/velesnails.pl\/wp-content\/uploads\/2024\/07\/Aba-Group-Nakladki-na-frezy-120-rozowe.jpg","type":"image\/jpeg"}],"twitter_card":"summary_large_image","schema":{"@context":"https:\/\/schema.org","@graph":[{"@type":"WebPage","@id":"https:\/\/velesnails.pl\/product\/aba-group-nakladki-na-frezy-walec-gradacja-120-100-sztuk-rozowe\/","url":"https:\/\/velesnails.pl\/product\/aba-group-nakladki-na-frezy-walec-gradacja-120-100-sztuk-rozowe\/","name":"Aba Group Nak\u0142adki na frezy walec gradacja 120 (100 sztuk) - r\u00f3\u017cowe - velesnails","isPartOf":{"@id":"https:\/\/velesnails.pl\/#website"},"primaryImageOfPage":{"@id":"https:\/\/velesnails.pl\/product\/aba-group-nakladki-na-frezy-walec-gradacja-120-100-sztuk-rozowe\/#primaryimage"},"image":{"@id":"https:\/\/velesnails.pl\/product\/aba-group-nakladki-na-frezy-walec-gradacja-120-100-sztuk-rozowe\/#primaryimage"},"thumbnailUrl":"https:\/\/i0.wp.com\/velesnails.pl\/wp-content\/uploads\/2024\/07\/Aba-Group-Nakladki-na-frezy-120-rozowe.jpg?fit=500%2C440&ssl=1","datePublished":"2024-07-29T06:36:23+00:00","dateModified":"2025-10-20T09:40:58+00:00","breadcrumb":{"@id":"https:\/\/velesnails.pl\/product\/aba-group-nakladki-na-frezy-walec-gradacja-120-100-sztuk-rozowe\/#breadcrumb"},"inLanguage":"uk","potentialAction":[{"@type":"ReadAction","target":["https:\/\/velesnails.pl\/product\/aba-group-nakladki-na-frezy-walec-gradacja-120-100-sztuk-rozowe\/"]}]},{"@type":"ImageObject","inLanguage":"uk","@id":"https:\/\/velesnails.pl\/product\/aba-group-nakladki-na-frezy-walec-gradacja-120-100-sztuk-rozowe\/#primaryimage","url":"https:\/\/i0.wp.com\/velesnails.pl\/wp-content\/uploads\/2024\/07\/Aba-Group-Nakladki-na-frezy-120-rozowe.jpg?fit=500%2C440&ssl=1","contentUrl":"https:\/\/i0.wp.com\/velesnails.pl\/wp-content\/uploads\/2024\/07\/Aba-Group-Nakladki-na-frezy-120-rozowe.jpg?fit=500%2C440&ssl=1","width":500,"height":440},{"@type":"BreadcrumbList","@id":"https:\/\/velesnails.pl\/product\/aba-group-nakladki-na-frezy-walec-gradacja-120-100-sztuk-rozowe\/#breadcrumb","itemListElement":[{"@type":"ListItem","position":1,"name":"\u0413\u043e\u043b\u043e\u0432\u043d\u0430","item":"https:\/\/velesnails.pl\/"},{"@type":"ListItem","position":2,"name":"Sklep","item":"https:\/\/velesnails.pl\/shop\/"},{"@type":"ListItem","position":3,"name":"Aba Group Nak\u0142adki na frezy walec gradacja 120 (100 sztuk) &#8211; r\u00f3\u017cowe"}]},{"@type":"WebSite","@id":"https:\/\/velesnails.pl\/#website","url":"https:\/\/velesnails.pl\/","name":"\u0432\u0435\u043b\u0435\u0441\u043e\u0432\u0456 \u043d\u0456\u0433\u0442\u0456","description":"\u041c\u0430\u043d\u0456\u043a\u044e\u0440\u043d\u0438\u0439 \u0441\u0430\u043b\u043e\u043d","publisher":{"@id":"https:\/\/velesnails.pl\/#organization"},"potentialAction":[{"@type":"SearchAction","target":{"@type":"EntryPoint","urlTemplate":"https:\/\/velesnails.pl\/?s={search_term_string}"},"query-input":{"@type":"PropertyValueSpecification","valueRequired":true,"valueName":"search_term_string"}}],"inLanguage":"uk"},{"@type":"Organization","@id":"https:\/\/velesnails.pl\/#organization","name":"\u0432\u0435\u043b\u0435\u0441\u043e\u0432\u0456 \u043d\u0456\u0433\u0442\u0456","url":"https:\/\/velesnails.pl\/","logo":{"@type":"ImageObject","inLanguage":"uk","@id":"https:\/\/velesnails.pl\/#\/schema\/logo\/image\/","url":"https:\/\/i0.wp.com\/velesnails.pl\/wp-content\/uploads\/2025\/10\/cropped-obraz_viber_2025-10-22_13-55-55-969.jpg?fit=485%2C381&ssl=1","contentUrl":"https:\/\/i0.wp.com\/velesnails.pl\/wp-content\/uploads\/2025\/10\/cropped-obraz_viber_2025-10-22_13-55-55-969.jpg?fit=485%2C381&ssl=1","width":485,"height":381,"caption":"velesnails"},"image":{"@id":"https:\/\/velesnails.pl\/#\/schema\/logo\/image\/"}}]}},"_links":{"self":[{"href":"https:\/\/velesnails.pl\/uk\/wp-json\/wp\/v2\/product\/3437","targetHints":{"allow":["GET"]}}],"collection":[{"href":"https:\/\/velesnails.pl\/uk\/wp-json\/wp\/v2\/product"}],"about":[{"href":"https:\/\/velesnails.pl\/uk\/wp-json\/wp\/v2\/types\/product"}],"replies":[{"embeddable":true,"href":"https:\/\/velesnails.pl\/uk\/wp-json\/wp\/v2\/comments?post=3437"}],"wp:featuredmedia":[{"embeddable":true,"href":"https:\/\/velesnails.pl\/uk\/wp-json\/wp\/v2\/media\/3438"}],"wp:attachment":[{"href":"https:\/\/velesnails.pl\/uk\/wp-json\/wp\/v2\/media?parent=3437"}],"wp:term":[{"taxonomy":"product_brand","embeddable":true,"href":"https:\/\/velesnails.pl\/uk\/wp-json\/wp\/v2\/product_brand?post=3437"},{"taxonomy":"product_cat","embeddable":true,"href":"https:\/\/velesnails.pl\/uk\/wp-json\/wp\/v2\/product_cat?post=3437"},{"taxonomy":"product_tag","embeddable":true,"href":"https:\/\/velesnails.pl\/uk\/wp-json\/wp\/v2\/product_tag?post=3437"}],"curies":[{"name":"wp","href":"https:\/\/api.w.org\/{rel}","templated":true}]}}