{"id":3394,"date":"2024-07-28T13:26:37","date_gmt":"2024-07-28T10:26:37","guid":{"rendered":"https:\/\/velesnails.loc\/?post_type=product&#038;p=3394"},"modified":"2024-12-30T13:30:20","modified_gmt":"2024-12-30T10:30:20","slug":"mineralna-sol-do-kapieli-stop-farmona-nivelazione-1500g","status":"publish","type":"product","link":"https:\/\/velesnails.pl\/uk\/product\/mineralna-sol-do-kapieli-stop-farmona-nivelazione-1500g\/","title":{"rendered":"Mineralna s\u00f3l do k\u0105pieli st\u00f3p Farmona Nivelazione 1500g"},"content":{"rendered":"<p>Wskazania do zabiegu:<\/p>\n<p>-zm\u0119czone stopy<br \/>\n-zszarza\u0142a, s\u0142abo od\u017cywiona sk\u00f3ra<br \/>\n-brak odpowiedniego nawil\u017cenia<br \/>\n-zgrubienia i odciski<br \/>\nPreparaty u\u017cyte do zabiegu:<\/p>\n<p>-Mineralna s\u00f3l do k\u0105pieli st\u00f3p i zmi\u0119kczania nask\u00f3rka 1,5 kg<br \/>\n-Peeling do st\u00f3p 500 ml<br \/>\n-Maska do st\u00f3p zmi\u0119kczaj\u0105co &#8211; nawil\u017caj\u0105ca 500 ml<br \/>\n-Krem do st\u00f3p z woskiem pszczelim 500 ml<br \/>\nPrzebieg zabiegu:<\/p>\n<p>Moczymy stopy przez 10 minut w ciep\u0142ej wodzie z dodatkiem mineralnej soli do k\u0105pieli st\u00f3p, nast\u0119pnie delikatnie je osuszamy.<br \/>\nNak\u0142adamy peeling do st\u00f3p, wykonujemy delikatny masa\u017c. Stopy sp\u0142ukujemy i dok\u0142adnie osuszamy.<br \/>\nZa pomoc\u0105 pumeksu lub \u017cyletki usuwamy zrogowacia\u0142y nask\u00f3rek na pi\u0119tach.<br \/>\nNak\u0142adamy na stopy cienk\u0105 warstw\u0119 maski zmi\u0119kczaj\u0105co &#8211; wyg\u0142adzaj\u0105cej, a nast\u0119pnie poczynaj\u0105c od nasady ka\u017cdego palca, masujemy stopy okr\u0119\u017cnymi ruchami. Zawijamy foli\u0105 i r\u0119cznikiem. Pozostawiamy na 20 minut. Ewentualny nadmiar maseczki usuwamy chusteczkami kosmetycznymi. Nie zmywamy. Odsuwamy nask\u00f3rek drewnian\u0105 szpatu\u0142k\u0105, obcinamy, odt\u0142uszczamy i malujemy paznokcie.<br \/>\nNa zako\u0144czenie zabiegu aplikujemy krem do st\u00f3p z woskiem pszczelim.<br \/>\nEfekty zabiegu:<\/p>\n<p>-uczucie lekko\u015bci st\u00f3p<br \/>\n-odpowiednie nawil\u017cenie i od\u017cywienie<br \/>\n-pe\u0142na regeneracja nask\u00f3rka<br \/>\nWosk pszczeli \u2013 bogaty w cenne mikroelementy, witaminy i lipidy, zapobiega p\u0119kaniu, likwiduje zgrubienia, zmi\u0119kcza i wyg\u0142adza szorstki nask\u00f3rek st\u00f3p.<br \/>\nPronalen Antifatique (z\u0142o\u017cony wyci\u0105g z japo\u0144skiej cytryny leczniczej, bor\u00f3wki czarnej i kasztanowca)<br \/>\npoprawia ukrwienie, wzmacnia naczynia krwiono\u015bne i zmniejsza obrz\u0119ki.<br \/>\nHibiskus i mydlnica lekarska \u2013 g\u0142\u0119boko od\u017cywiaj\u0105, regeneruj\u0105 i widocznie zmi\u0119kczaj\u0105 nask\u00f3rek.<br \/>\nArnika g\u00f3rska \u2013 uszczelnia i wzmacnia naczynia krwiono\u015bne, zapobiega obrz\u0119kom i opuchni\u0119ciom.<br \/>\nMelisa \u2013 koi, \u0142agodzi uczucie pieczenia.<br \/>\nKrwawnik i sza\u0142wia lekarska \u2013 dzia\u0142a \u015bci\u0105gaj\u0105co, nie dopuszczaj\u0105c do rozwoju bakterii powoduj\u0105cych powstawanie przykrego zapachu oraz substancje przeciwpotowe, przeciwgrzybicze i bakteriob\u00f3jcze.<\/p>","protected":false},"excerpt":{"rendered":"<p>Wskazania do zabiegu: -zm\u0119czone stopy -zszarza\u0142a, s\u0142abo od\u017cywiona sk\u00f3ra -brak odpowiedniego nawil\u017cenia -zgrubienia i odciski Preparaty u\u017cyte do zabiegu: -Mineralna s\u00f3l do k\u0105pieli st\u00f3p i zmi\u0119kczania nask\u00f3rka 1,5 kg -Peeling do st\u00f3p 500 ml -Maska do st\u00f3p zmi\u0119kczaj\u0105co &#8211; nawil\u017caj\u0105ca 500 ml -Krem do st\u00f3p z woskiem pszczelim 500 ml Przebieg zabiegu: Moczymy stopy przez [&hellip;]<\/p>\n","protected":false},"featured_media":3395,"comment_status":"closed","ping_status":"closed","template":"","meta":{"om_disable_all_campaigns":false,"ocean_post_layout":"","ocean_both_sidebars_style":"","ocean_both_sidebars_content_width":0,"ocean_both_sidebars_sidebars_width":0,"ocean_sidebar":"0","ocean_second_sidebar":"0","ocean_disable_margins":"enable","ocean_add_body_class":"","ocean_shortcode_before_top_bar":"","ocean_shortcode_after_top_bar":"","ocean_shortcode_before_header":"","ocean_shortcode_after_header":"","ocean_has_shortcode":"","ocean_shortcode_after_title":"","ocean_shortcode_before_footer_widgets":"","ocean_shortcode_after_footer_widgets":"","ocean_shortcode_before_footer_bottom":"","ocean_shortcode_after_footer_bottom":"","ocean_display_top_bar":"default","ocean_display_header":"default","ocean_header_style":"","ocean_center_header_left_menu":"0","ocean_custom_header_template":"0","ocean_custom_logo":0,"ocean_custom_retina_logo":0,"ocean_custom_logo_max_width":0,"ocean_custom_logo_tablet_max_width":0,"ocean_custom_logo_mobile_max_width":0,"ocean_custom_logo_max_height":0,"ocean_custom_logo_tablet_max_height":0,"ocean_custom_logo_mobile_max_height":0,"ocean_header_custom_menu":"0","ocean_menu_typo_font_family":"0","ocean_menu_typo_font_subset":"","ocean_menu_typo_font_size":0,"ocean_menu_typo_font_size_tablet":0,"ocean_menu_typo_font_size_mobile":0,"ocean_menu_typo_font_size_unit":"px","ocean_menu_typo_font_weight":"","ocean_menu_typo_font_weight_tablet":"","ocean_menu_typo_font_weight_mobile":"","ocean_menu_typo_transform":"","ocean_menu_typo_transform_tablet":"","ocean_menu_typo_transform_mobile":"","ocean_menu_typo_line_height":0,"ocean_menu_typo_line_height_tablet":0,"ocean_menu_typo_line_height_mobile":0,"ocean_menu_typo_line_height_unit":"","ocean_menu_typo_spacing":0,"ocean_menu_typo_spacing_tablet":0,"ocean_menu_typo_spacing_mobile":0,"ocean_menu_typo_spacing_unit":"","ocean_menu_link_color":"","ocean_menu_link_color_hover":"","ocean_menu_link_color_active":"","ocean_menu_link_background":"","ocean_menu_link_hover_background":"","ocean_menu_link_active_background":"","ocean_menu_social_links_bg":"","ocean_menu_social_hover_links_bg":"","ocean_menu_social_links_color":"","ocean_menu_social_hover_links_color":"","ocean_disable_title":"default","ocean_disable_heading":"default","ocean_post_title":"","ocean_post_subheading":"","ocean_post_title_style":"","ocean_post_title_background_color":"","ocean_post_title_background":0,"ocean_post_title_bg_image_position":"","ocean_post_title_bg_image_attachment":"","ocean_post_title_bg_image_repeat":"","ocean_post_title_bg_image_size":"","ocean_post_title_height":0,"ocean_post_title_bg_overlay":0.5,"ocean_post_title_bg_overlay_color":"","ocean_disable_breadcrumbs":"default","ocean_breadcrumbs_color":"","ocean_breadcrumbs_separator_color":"","ocean_breadcrumbs_links_color":"","ocean_breadcrumbs_links_hover_color":"","ocean_display_footer_widgets":"default","ocean_display_footer_bottom":"default","ocean_custom_footer_template":"0"},"product_brand":[],"product_cat":[169,110],"product_tag":[],"class_list":{"0":"post-3394","1":"product","2":"type-product","3":"status-publish","4":"has-post-thumbnail","6":"product_cat-kosmetyki-i-preparaty","7":"product_cat-paznokcie","9":"entry","10":"has-media","12":"first","13":"outofstock","14":"taxable","15":"shipping-taxable","16":"purchasable","17":"product-type-simple","18":"has-product-nav","19":"col","20":"span_1_of_3","21":"owp-content-center","22":"owp-thumbs-layout-horizontal","23":"owp-btn-normal","24":"owp-tabs-layout-horizontal","25":"has-no-thumbnails"},"yoast_head":"<!-- This site is optimized with the Yoast SEO plugin v27.4 - https:\/\/yoast.com\/product\/yoast-seo-wordpress\/ -->\n<title>Mineralna s\u00f3l do k\u0105pieli st\u00f3p Farmona Nivelazione 1500g - velesnails<\/title>\n<meta name=\"robots\" content=\"index, follow, max-snippet:-1, max-image-preview:large, max-video-preview:-1\" \/>\n<link rel=\"canonical\" href=\"https:\/\/velesnails.pl\/uk\/product\/mineralna-sol-do-kapieli-stop-farmona-nivelazione-1500g\/\" \/>\n<meta property=\"og:locale\" content=\"uk_UA\" \/>\n<meta property=\"og:type\" content=\"article\" \/>\n<meta property=\"og:title\" content=\"Mineralna s\u00f3l do k\u0105pieli st\u00f3p Farmona Nivelazione 1500g - velesnails\" \/>\n<meta property=\"og:description\" content=\"Wskazania do zabiegu: -zm\u0119czone stopy -zszarza\u0142a, s\u0142abo od\u017cywiona sk\u00f3ra -brak odpowiedniego nawil\u017cenia -zgrubienia i odciski Preparaty u\u017cyte do zabiegu: -Mineralna s\u00f3l do k\u0105pieli st\u00f3p i zmi\u0119kczania nask\u00f3rka 1,5 kg -Peeling do st\u00f3p 500 ml -Maska do st\u00f3p zmi\u0119kczaj\u0105co &#8211; nawil\u017caj\u0105ca 500 ml -Krem do st\u00f3p z woskiem pszczelim 500 ml Przebieg zabiegu: Moczymy stopy przez [&hellip;]\" \/>\n<meta property=\"og:url\" content=\"https:\/\/velesnails.pl\/uk\/product\/mineralna-sol-do-kapieli-stop-farmona-nivelazione-1500g\/\" \/>\n<meta property=\"og:site_name\" content=\"velesnails\" \/>\n<meta property=\"article:modified_time\" content=\"2024-12-30T10:30:20+00:00\" \/>\n<meta property=\"og:image\" content=\"https:\/\/i0.wp.com\/velesnails.pl\/wp-content\/uploads\/2024\/07\/Mineralna-sol-do-kapieli-stop-Farmona-1500g.png?fit=816%2C778&ssl=1\" \/>\n\t<meta property=\"og:image:width\" content=\"816\" \/>\n\t<meta property=\"og:image:height\" content=\"778\" \/>\n\t<meta property=\"og:image:type\" content=\"image\/png\" \/>\n<meta name=\"twitter:card\" content=\"summary_large_image\" \/>\n<meta name=\"twitter:label1\" content=\"\u041f\u0440\u0438\u0431\u043b. \u0447\u0430\u0441 \u0447\u0438\u0442\u0430\u043d\u043d\u044f\" \/>\n\t<meta name=\"twitter:data1\" content=\"2 \u0445\u0432\u0438\u043b\u0438\u043d\u0438\" \/>\n<script type=\"application\/ld+json\" class=\"yoast-schema-graph\">{\"@context\":\"https:\\\/\\\/schema.org\",\"@graph\":[{\"@type\":\"WebPage\",\"@id\":\"https:\\\/\\\/velesnails.pl\\\/product\\\/mineralna-sol-do-kapieli-stop-farmona-nivelazione-1500g\\\/\",\"url\":\"https:\\\/\\\/velesnails.pl\\\/product\\\/mineralna-sol-do-kapieli-stop-farmona-nivelazione-1500g\\\/\",\"name\":\"Mineralna s\u00f3l do k\u0105pieli st\u00f3p Farmona Nivelazione 1500g - velesnails\",\"isPartOf\":{\"@id\":\"https:\\\/\\\/velesnails.pl\\\/#website\"},\"primaryImageOfPage\":{\"@id\":\"https:\\\/\\\/velesnails.pl\\\/product\\\/mineralna-sol-do-kapieli-stop-farmona-nivelazione-1500g\\\/#primaryimage\"},\"image\":{\"@id\":\"https:\\\/\\\/velesnails.pl\\\/product\\\/mineralna-sol-do-kapieli-stop-farmona-nivelazione-1500g\\\/#primaryimage\"},\"thumbnailUrl\":\"https:\\\/\\\/i0.wp.com\\\/velesnails.pl\\\/wp-content\\\/uploads\\\/2024\\\/07\\\/Mineralna-sol-do-kapieli-stop-Farmona-1500g.png?fit=816%2C778&ssl=1\",\"datePublished\":\"2024-07-28T10:26:37+00:00\",\"dateModified\":\"2024-12-30T10:30:20+00:00\",\"breadcrumb\":{\"@id\":\"https:\\\/\\\/velesnails.pl\\\/product\\\/mineralna-sol-do-kapieli-stop-farmona-nivelazione-1500g\\\/#breadcrumb\"},\"inLanguage\":\"uk\",\"potentialAction\":[{\"@type\":\"ReadAction\",\"target\":[\"https:\\\/\\\/velesnails.pl\\\/product\\\/mineralna-sol-do-kapieli-stop-farmona-nivelazione-1500g\\\/\"]}]},{\"@type\":\"ImageObject\",\"inLanguage\":\"uk\",\"@id\":\"https:\\\/\\\/velesnails.pl\\\/product\\\/mineralna-sol-do-kapieli-stop-farmona-nivelazione-1500g\\\/#primaryimage\",\"url\":\"https:\\\/\\\/i0.wp.com\\\/velesnails.pl\\\/wp-content\\\/uploads\\\/2024\\\/07\\\/Mineralna-sol-do-kapieli-stop-Farmona-1500g.png?fit=816%2C778&ssl=1\",\"contentUrl\":\"https:\\\/\\\/i0.wp.com\\\/velesnails.pl\\\/wp-content\\\/uploads\\\/2024\\\/07\\\/Mineralna-sol-do-kapieli-stop-Farmona-1500g.png?fit=816%2C778&ssl=1\",\"width\":816,\"height\":778},{\"@type\":\"BreadcrumbList\",\"@id\":\"https:\\\/\\\/velesnails.pl\\\/product\\\/mineralna-sol-do-kapieli-stop-farmona-nivelazione-1500g\\\/#breadcrumb\",\"itemListElement\":[{\"@type\":\"ListItem\",\"position\":1,\"name\":\"\u0413\u043e\u043b\u043e\u0432\u043d\u0430\",\"item\":\"https:\\\/\\\/velesnails.pl\\\/\"},{\"@type\":\"ListItem\",\"position\":2,\"name\":\"Sklep\",\"item\":\"https:\\\/\\\/velesnails.pl\\\/shop\\\/\"},{\"@type\":\"ListItem\",\"position\":3,\"name\":\"Mineralna s\u00f3l do k\u0105pieli st\u00f3p Farmona Nivelazione 1500g\"}]},{\"@type\":\"WebSite\",\"@id\":\"https:\\\/\\\/velesnails.pl\\\/#website\",\"url\":\"https:\\\/\\\/velesnails.pl\\\/\",\"name\":\"velesnails\",\"description\":\"Sklep z manicure\",\"publisher\":{\"@id\":\"https:\\\/\\\/velesnails.pl\\\/#organization\"},\"potentialAction\":[{\"@type\":\"SearchAction\",\"target\":{\"@type\":\"EntryPoint\",\"urlTemplate\":\"https:\\\/\\\/velesnails.pl\\\/?s={search_term_string}\"},\"query-input\":{\"@type\":\"PropertyValueSpecification\",\"valueRequired\":true,\"valueName\":\"search_term_string\"}}],\"inLanguage\":\"uk\"},{\"@type\":\"Organization\",\"@id\":\"https:\\\/\\\/velesnails.pl\\\/#organization\",\"name\":\"velesnails\",\"url\":\"https:\\\/\\\/velesnails.pl\\\/\",\"logo\":{\"@type\":\"ImageObject\",\"inLanguage\":\"uk\",\"@id\":\"https:\\\/\\\/velesnails.pl\\\/#\\\/schema\\\/logo\\\/image\\\/\",\"url\":\"https:\\\/\\\/i0.wp.com\\\/velesnails.pl\\\/wp-content\\\/uploads\\\/2025\\\/10\\\/cropped-obraz_viber_2025-10-22_13-55-55-969.jpg?fit=485%2C381&ssl=1\",\"contentUrl\":\"https:\\\/\\\/i0.wp.com\\\/velesnails.pl\\\/wp-content\\\/uploads\\\/2025\\\/10\\\/cropped-obraz_viber_2025-10-22_13-55-55-969.jpg?fit=485%2C381&ssl=1\",\"width\":485,\"height\":381,\"caption\":\"velesnails\"},\"image\":{\"@id\":\"https:\\\/\\\/velesnails.pl\\\/#\\\/schema\\\/logo\\\/image\\\/\"}}]}<\/script>\n<!-- \/ Yoast SEO plugin. -->","yoast_head_json":{"title":"Mineralna s\u00f3l do k\u0105pieli st\u00f3p Farmona Nivelazione 1500g - velesnails","robots":{"index":"index","follow":"follow","max-snippet":"max-snippet:-1","max-image-preview":"max-image-preview:large","max-video-preview":"max-video-preview:-1"},"canonical":"https:\/\/velesnails.pl\/uk\/product\/mineralna-sol-do-kapieli-stop-farmona-nivelazione-1500g\/","og_locale":"uk_UA","og_type":"article","og_title":"Mineralna s\u00f3l do k\u0105pieli st\u00f3p Farmona Nivelazione 1500g - velesnails","og_description":"Wskazania do zabiegu: -zm\u0119czone stopy -zszarza\u0142a, s\u0142abo od\u017cywiona sk\u00f3ra -brak odpowiedniego nawil\u017cenia -zgrubienia i odciski Preparaty u\u017cyte do zabiegu: -Mineralna s\u00f3l do k\u0105pieli st\u00f3p i zmi\u0119kczania nask\u00f3rka 1,5 kg -Peeling do st\u00f3p 500 ml -Maska do st\u00f3p zmi\u0119kczaj\u0105co &#8211; nawil\u017caj\u0105ca 500 ml -Krem do st\u00f3p z woskiem pszczelim 500 ml Przebieg zabiegu: Moczymy stopy przez [&hellip;]","og_url":"https:\/\/velesnails.pl\/uk\/product\/mineralna-sol-do-kapieli-stop-farmona-nivelazione-1500g\/","og_site_name":"velesnails","article_modified_time":"2024-12-30T10:30:20+00:00","og_image":[{"width":816,"height":778,"url":"https:\/\/i0.wp.com\/velesnails.pl\/wp-content\/uploads\/2024\/07\/Mineralna-sol-do-kapieli-stop-Farmona-1500g.png?fit=816%2C778&ssl=1","type":"image\/png"}],"twitter_card":"summary_large_image","twitter_misc":{"\u041f\u0440\u0438\u0431\u043b. \u0447\u0430\u0441 \u0447\u0438\u0442\u0430\u043d\u043d\u044f":"2 \u0445\u0432\u0438\u043b\u0438\u043d\u0438"},"schema":{"@context":"https:\/\/schema.org","@graph":[{"@type":"WebPage","@id":"https:\/\/velesnails.pl\/product\/mineralna-sol-do-kapieli-stop-farmona-nivelazione-1500g\/","url":"https:\/\/velesnails.pl\/product\/mineralna-sol-do-kapieli-stop-farmona-nivelazione-1500g\/","name":"Mineralna s\u00f3l do k\u0105pieli st\u00f3p Farmona Nivelazione 1500g - velesnails","isPartOf":{"@id":"https:\/\/velesnails.pl\/#website"},"primaryImageOfPage":{"@id":"https:\/\/velesnails.pl\/product\/mineralna-sol-do-kapieli-stop-farmona-nivelazione-1500g\/#primaryimage"},"image":{"@id":"https:\/\/velesnails.pl\/product\/mineralna-sol-do-kapieli-stop-farmona-nivelazione-1500g\/#primaryimage"},"thumbnailUrl":"https:\/\/i0.wp.com\/velesnails.pl\/wp-content\/uploads\/2024\/07\/Mineralna-sol-do-kapieli-stop-Farmona-1500g.png?fit=816%2C778&ssl=1","datePublished":"2024-07-28T10:26:37+00:00","dateModified":"2024-12-30T10:30:20+00:00","breadcrumb":{"@id":"https:\/\/velesnails.pl\/product\/mineralna-sol-do-kapieli-stop-farmona-nivelazione-1500g\/#breadcrumb"},"inLanguage":"uk","potentialAction":[{"@type":"ReadAction","target":["https:\/\/velesnails.pl\/product\/mineralna-sol-do-kapieli-stop-farmona-nivelazione-1500g\/"]}]},{"@type":"ImageObject","inLanguage":"uk","@id":"https:\/\/velesnails.pl\/product\/mineralna-sol-do-kapieli-stop-farmona-nivelazione-1500g\/#primaryimage","url":"https:\/\/i0.wp.com\/velesnails.pl\/wp-content\/uploads\/2024\/07\/Mineralna-sol-do-kapieli-stop-Farmona-1500g.png?fit=816%2C778&ssl=1","contentUrl":"https:\/\/i0.wp.com\/velesnails.pl\/wp-content\/uploads\/2024\/07\/Mineralna-sol-do-kapieli-stop-Farmona-1500g.png?fit=816%2C778&ssl=1","width":816,"height":778},{"@type":"BreadcrumbList","@id":"https:\/\/velesnails.pl\/product\/mineralna-sol-do-kapieli-stop-farmona-nivelazione-1500g\/#breadcrumb","itemListElement":[{"@type":"ListItem","position":1,"name":"\u0413\u043e\u043b\u043e\u0432\u043d\u0430","item":"https:\/\/velesnails.pl\/"},{"@type":"ListItem","position":2,"name":"Sklep","item":"https:\/\/velesnails.pl\/shop\/"},{"@type":"ListItem","position":3,"name":"Mineralna s\u00f3l do k\u0105pieli st\u00f3p Farmona Nivelazione 1500g"}]},{"@type":"WebSite","@id":"https:\/\/velesnails.pl\/#website","url":"https:\/\/velesnails.pl\/","name":"\u0432\u0435\u043b\u0435\u0441\u043e\u0432\u0456 \u043d\u0456\u0433\u0442\u0456","description":"\u041c\u0430\u043d\u0456\u043a\u044e\u0440\u043d\u0438\u0439 \u0441\u0430\u043b\u043e\u043d","publisher":{"@id":"https:\/\/velesnails.pl\/#organization"},"potentialAction":[{"@type":"SearchAction","target":{"@type":"EntryPoint","urlTemplate":"https:\/\/velesnails.pl\/?s={search_term_string}"},"query-input":{"@type":"PropertyValueSpecification","valueRequired":true,"valueName":"search_term_string"}}],"inLanguage":"uk"},{"@type":"Organization","@id":"https:\/\/velesnails.pl\/#organization","name":"\u0432\u0435\u043b\u0435\u0441\u043e\u0432\u0456 \u043d\u0456\u0433\u0442\u0456","url":"https:\/\/velesnails.pl\/","logo":{"@type":"ImageObject","inLanguage":"uk","@id":"https:\/\/velesnails.pl\/#\/schema\/logo\/image\/","url":"https:\/\/i0.wp.com\/velesnails.pl\/wp-content\/uploads\/2025\/10\/cropped-obraz_viber_2025-10-22_13-55-55-969.jpg?fit=485%2C381&ssl=1","contentUrl":"https:\/\/i0.wp.com\/velesnails.pl\/wp-content\/uploads\/2025\/10\/cropped-obraz_viber_2025-10-22_13-55-55-969.jpg?fit=485%2C381&ssl=1","width":485,"height":381,"caption":"velesnails"},"image":{"@id":"https:\/\/velesnails.pl\/#\/schema\/logo\/image\/"}}]}},"_links":{"self":[{"href":"https:\/\/velesnails.pl\/uk\/wp-json\/wp\/v2\/product\/3394","targetHints":{"allow":["GET"]}}],"collection":[{"href":"https:\/\/velesnails.pl\/uk\/wp-json\/wp\/v2\/product"}],"about":[{"href":"https:\/\/velesnails.pl\/uk\/wp-json\/wp\/v2\/types\/product"}],"replies":[{"embeddable":true,"href":"https:\/\/velesnails.pl\/uk\/wp-json\/wp\/v2\/comments?post=3394"}],"wp:featuredmedia":[{"embeddable":true,"href":"https:\/\/velesnails.pl\/uk\/wp-json\/wp\/v2\/media\/3395"}],"wp:attachment":[{"href":"https:\/\/velesnails.pl\/uk\/wp-json\/wp\/v2\/media?parent=3394"}],"wp:term":[{"taxonomy":"product_brand","embeddable":true,"href":"https:\/\/velesnails.pl\/uk\/wp-json\/wp\/v2\/product_brand?post=3394"},{"taxonomy":"product_cat","embeddable":true,"href":"https:\/\/velesnails.pl\/uk\/wp-json\/wp\/v2\/product_cat?post=3394"},{"taxonomy":"product_tag","embeddable":true,"href":"https:\/\/velesnails.pl\/uk\/wp-json\/wp\/v2\/product_tag?post=3394"}],"curies":[{"name":"wp","href":"https:\/\/api.w.org\/{rel}","templated":true}]}}