{"id":3350,"date":"2024-07-28T11:36:36","date_gmt":"2024-07-28T08:36:36","guid":{"rendered":"https:\/\/velesnails.loc\/?post_type=product&#038;p=3350"},"modified":"2025-10-20T12:41:51","modified_gmt":"2025-10-20T09:41:51","slug":"staleks-pro-pilnik-do-pedicure-expert-60-type-4-pilnik-cienki-prosty-i-pilnik-cienki-z-zagieta-koncowka","status":"publish","type":"product","link":"https:\/\/velesnails.pl\/uk\/product\/staleks-pro-pilnik-do-pedicure-expert-60-type-4-pilnik-cienki-prosty-i-pilnik-cienki-z-zagieta-koncowka\/","title":{"rendered":"Staleks Pro Pilnik do pedicure EXPERT 60 TYPE 4 (pilnik cienki prosty i pilnik cienki z zagi\u0119t\u0105 ko\u0144c\u00f3wk\u0105)"},"content":{"rendered":"<p>Pilnik dwustronny do pedicure Pe-60\/4 Staleks.<\/p>\n<p>-wykonany ze stali nierdzewnej aisi420, u\u017cywanej do produkcji narz\u0119dzi chirurgicznych,<br \/>\n-obie cz\u0119\u015bci robocze r\u0119cznie ostrzone,<br \/>\n-od wewn\u0119trznej strony specjalne z\u0119bate naci\u0119cia, dzi\u0119ki kt\u00f3rym bez problemu mo\u017cna opracowa\u0107 wrastaj\u0105ce paznokcie,<br \/>\n-mo\u017cna sterylizowa\u0107 w autoklawie.<br \/>\nProfesjonalny pilnik do pedicure<br \/>\nProfesjonalny pilnik do pedicure to podstawowe narz\u0119dzie do wykonania zabiegu kosmetycznego. Produkt marki Staleks odznacza si\u0119 wysok\u0105 jako\u015bci\u0105 oraz staranno\u015bci\u0105 wykonania. To bez w\u0105tpienia profesjonalny element wyposa\u017cenia ka\u017cdego salonu kosmetycznego, dla kt\u00f3rego najwa\u017cniejsze jest przede wszystkim zadowolenie klienta. Pilnik do pedicure pozwala na bezpieczne oraz dok\u0142adnie wyr\u00f3wnanie d\u0142ugo\u015bci p\u0142ytki paznokcia u st\u00f3p. Ka\u017cdy profesjonalista, kt\u00f3ry dba o wysok\u0105 jako\u015b\u0107 us\u0142ug w swoim salonie, powinien zaopatrzy\u0107 si\u0119 o w pilniki od sprawdzonego producenta oraz dostawcy.<\/p>\n<p>Komfort u\u017cytkowania pilnik\u00f3w do pedicure<br \/>\nPilnik do pedicure to wysokiej klasy narz\u0119dzie wykorzystywane w ka\u017cdym, profesjonalnym salonie kosmetycznym. Wysoki komfort podczas u\u017cytkowania zapewnia g\u0142adka r\u0105czka dostosowana do d\u0142oni. Obie ko\u0144c\u00f3wki zosta\u0142y naostrzone r\u0119cznie, dzi\u0119ki czemu d\u0142ugo\u015b\u0107 p\u0142ytki paznokcia mo\u017ce zosta\u0107 bezpiecznie oraz dok\u0142adnie skr\u00f3cona. Opr\u00f3cz tego pilnik do pedicure posiada z\u0119bate naci\u0119cia, kt\u00f3re mo\u017cna wykorzysta\u0107 podczas piel\u0119gnacji wrastaj\u0105cego paznokcia. Firma Staleks \u015bwiadoma, jak wa\u017cne jest bezpiecze\u0144stwo klient\u00f3w, proponuje pilnik, kt\u00f3ry mo\u017cna szybko oraz dok\u0142adnie zdezynfekowa\u0107 w autoklawie. W naszej hurtowni dost\u0119pny jest w korzystnej cenie!<\/p>","protected":false},"excerpt":{"rendered":"<p>Pilnik dwustronny do pedicure Pe-60\/4 Staleks. -wykonany ze stali nierdzewnej aisi420, u\u017cywanej do produkcji narz\u0119dzi chirurgicznych, -obie cz\u0119\u015bci robocze r\u0119cznie ostrzone, -od wewn\u0119trznej strony specjalne z\u0119bate naci\u0119cia, dzi\u0119ki kt\u00f3rym bez problemu mo\u017cna opracowa\u0107 wrastaj\u0105ce paznokcie, -mo\u017cna sterylizowa\u0107 w autoklawie. Profesjonalny pilnik do pedicure Profesjonalny pilnik do pedicure to podstawowe narz\u0119dzie do wykonania zabiegu kosmetycznego. Produkt [&hellip;]<\/p>\n","protected":false},"featured_media":3351,"comment_status":"open","ping_status":"closed","template":"","meta":{"om_disable_all_campaigns":false,"ocean_post_layout":"","ocean_both_sidebars_style":"","ocean_both_sidebars_content_width":0,"ocean_both_sidebars_sidebars_width":0,"ocean_sidebar":"0","ocean_second_sidebar":"0","ocean_disable_margins":"enable","ocean_add_body_class":"","ocean_shortcode_before_top_bar":"","ocean_shortcode_after_top_bar":"","ocean_shortcode_before_header":"","ocean_shortcode_after_header":"","ocean_has_shortcode":"","ocean_shortcode_after_title":"","ocean_shortcode_before_footer_widgets":"","ocean_shortcode_after_footer_widgets":"","ocean_shortcode_before_footer_bottom":"","ocean_shortcode_after_footer_bottom":"","ocean_display_top_bar":"default","ocean_display_header":"default","ocean_header_style":"","ocean_center_header_left_menu":"0","ocean_custom_header_template":"0","ocean_custom_logo":0,"ocean_custom_retina_logo":0,"ocean_custom_logo_max_width":0,"ocean_custom_logo_tablet_max_width":0,"ocean_custom_logo_mobile_max_width":0,"ocean_custom_logo_max_height":0,"ocean_custom_logo_tablet_max_height":0,"ocean_custom_logo_mobile_max_height":0,"ocean_header_custom_menu":"0","ocean_menu_typo_font_family":"0","ocean_menu_typo_font_subset":"","ocean_menu_typo_font_size":0,"ocean_menu_typo_font_size_tablet":0,"ocean_menu_typo_font_size_mobile":0,"ocean_menu_typo_font_size_unit":"px","ocean_menu_typo_font_weight":"","ocean_menu_typo_font_weight_tablet":"","ocean_menu_typo_font_weight_mobile":"","ocean_menu_typo_transform":"","ocean_menu_typo_transform_tablet":"","ocean_menu_typo_transform_mobile":"","ocean_menu_typo_line_height":0,"ocean_menu_typo_line_height_tablet":0,"ocean_menu_typo_line_height_mobile":0,"ocean_menu_typo_line_height_unit":"","ocean_menu_typo_spacing":0,"ocean_menu_typo_spacing_tablet":0,"ocean_menu_typo_spacing_mobile":0,"ocean_menu_typo_spacing_unit":"","ocean_menu_link_color":"","ocean_menu_link_color_hover":"","ocean_menu_link_color_active":"","ocean_menu_link_background":"","ocean_menu_link_hover_background":"","ocean_menu_link_active_background":"","ocean_menu_social_links_bg":"","ocean_menu_social_hover_links_bg":"","ocean_menu_social_links_color":"","ocean_menu_social_hover_links_color":"","ocean_disable_title":"default","ocean_disable_heading":"default","ocean_post_title":"","ocean_post_subheading":"","ocean_post_title_style":"","ocean_post_title_background_color":"","ocean_post_title_background":0,"ocean_post_title_bg_image_position":"","ocean_post_title_bg_image_attachment":"","ocean_post_title_bg_image_repeat":"","ocean_post_title_bg_image_size":"","ocean_post_title_height":0,"ocean_post_title_bg_overlay":0.5,"ocean_post_title_bg_overlay_color":"","ocean_disable_breadcrumbs":"default","ocean_breadcrumbs_color":"","ocean_breadcrumbs_separator_color":"","ocean_breadcrumbs_links_color":"","ocean_breadcrumbs_links_hover_color":"","ocean_display_footer_widgets":"default","ocean_display_footer_bottom":"default","ocean_custom_footer_template":"0"},"product_brand":[],"product_cat":[154,176,150,110,183],"product_tag":[],"class_list":{"0":"post-3350","1":"product","2":"type-product","3":"status-publish","4":"has-post-thumbnail","6":"product_cat-kopytka-sondy","7":"product_cat-marki","8":"product_cat-narzedzia","9":"product_cat-paznokcie","10":"product_cat-staleks-1","12":"entry","13":"has-media","15":"first","16":"outofstock","17":"taxable","18":"shipping-taxable","19":"purchasable","20":"product-type-simple","21":"has-product-nav","22":"col","23":"span_1_of_3","24":"owp-content-center","25":"owp-thumbs-layout-horizontal","26":"owp-btn-normal","27":"owp-tabs-layout-horizontal","28":"has-no-thumbnails"},"yoast_head":"<!-- This site is optimized with the Yoast SEO plugin v27.5 - https:\/\/yoast.com\/product\/yoast-seo-wordpress\/ -->\n<title>Staleks Pro Pilnik do pedicure EXPERT 60 TYPE 4 (pilnik cienki prosty i pilnik cienki z zagi\u0119t\u0105 ko\u0144c\u00f3wk\u0105) - velesnails<\/title>\n<meta name=\"robots\" content=\"index, follow, max-snippet:-1, max-image-preview:large, max-video-preview:-1\" \/>\n<link rel=\"canonical\" href=\"https:\/\/velesnails.pl\/uk\/product\/staleks-pro-pilnik-do-pedicure-expert-60-type-4-pilnik-cienki-prosty-i-pilnik-cienki-z-zagieta-koncowka\/\" \/>\n<meta property=\"og:locale\" content=\"uk_UA\" \/>\n<meta property=\"og:type\" content=\"article\" \/>\n<meta property=\"og:title\" content=\"Staleks Pro Pilnik do pedicure EXPERT 60 TYPE 4 (pilnik cienki prosty i pilnik cienki z zagi\u0119t\u0105 ko\u0144c\u00f3wk\u0105) - velesnails\" \/>\n<meta property=\"og:description\" content=\"Pilnik dwustronny do pedicure Pe-60\/4 Staleks. -wykonany ze stali nierdzewnej aisi420, u\u017cywanej do produkcji narz\u0119dzi chirurgicznych, -obie cz\u0119\u015bci robocze r\u0119cznie ostrzone, -od wewn\u0119trznej strony specjalne z\u0119bate naci\u0119cia, dzi\u0119ki kt\u00f3rym bez problemu mo\u017cna opracowa\u0107 wrastaj\u0105ce paznokcie, -mo\u017cna sterylizowa\u0107 w autoklawie. Profesjonalny pilnik do pedicure Profesjonalny pilnik do pedicure to podstawowe narz\u0119dzie do wykonania zabiegu kosmetycznego. Produkt [&hellip;]\" \/>\n<meta property=\"og:url\" content=\"https:\/\/velesnails.pl\/uk\/product\/staleks-pro-pilnik-do-pedicure-expert-60-type-4-pilnik-cienki-prosty-i-pilnik-cienki-z-zagieta-koncowka\/\" \/>\n<meta property=\"og:site_name\" content=\"velesnails\" \/>\n<meta property=\"article:modified_time\" content=\"2025-10-20T09:41:51+00:00\" \/>\n<meta property=\"og:image\" content=\"https:\/\/velesnails.pl\/wp-content\/uploads\/2024\/07\/Staleks-Pro-EXPERT-60-TYPE-4.png\" \/>\n\t<meta property=\"og:image:width\" content=\"555\" \/>\n\t<meta property=\"og:image:height\" content=\"847\" \/>\n\t<meta property=\"og:image:type\" content=\"image\/png\" \/>\n<meta name=\"twitter:card\" content=\"summary_large_image\" \/>\n<meta name=\"twitter:label1\" content=\"\u041f\u0440\u0438\u0431\u043b. \u0447\u0430\u0441 \u0447\u0438\u0442\u0430\u043d\u043d\u044f\" \/>\n\t<meta name=\"twitter:data1\" content=\"1 \u0445\u0432\u0438\u043b\u0438\u043d\u0430\" \/>\n<script type=\"application\/ld+json\" class=\"yoast-schema-graph\">{\"@context\":\"https:\\\/\\\/schema.org\",\"@graph\":[{\"@type\":\"WebPage\",\"@id\":\"https:\\\/\\\/velesnails.pl\\\/product\\\/staleks-pro-pilnik-do-pedicure-expert-60-type-4-pilnik-cienki-prosty-i-pilnik-cienki-z-zagieta-koncowka\\\/\",\"url\":\"https:\\\/\\\/velesnails.pl\\\/product\\\/staleks-pro-pilnik-do-pedicure-expert-60-type-4-pilnik-cienki-prosty-i-pilnik-cienki-z-zagieta-koncowka\\\/\",\"name\":\"Staleks Pro Pilnik do pedicure EXPERT 60 TYPE 4 (pilnik cienki prosty i pilnik cienki z zagi\u0119t\u0105 ko\u0144c\u00f3wk\u0105) - velesnails\",\"isPartOf\":{\"@id\":\"https:\\\/\\\/velesnails.pl\\\/#website\"},\"primaryImageOfPage\":{\"@id\":\"https:\\\/\\\/velesnails.pl\\\/product\\\/staleks-pro-pilnik-do-pedicure-expert-60-type-4-pilnik-cienki-prosty-i-pilnik-cienki-z-zagieta-koncowka\\\/#primaryimage\"},\"image\":{\"@id\":\"https:\\\/\\\/velesnails.pl\\\/product\\\/staleks-pro-pilnik-do-pedicure-expert-60-type-4-pilnik-cienki-prosty-i-pilnik-cienki-z-zagieta-koncowka\\\/#primaryimage\"},\"thumbnailUrl\":\"https:\\\/\\\/i0.wp.com\\\/velesnails.pl\\\/wp-content\\\/uploads\\\/2024\\\/07\\\/Staleks-Pro-EXPERT-60-TYPE-4.png?fit=555%2C847&ssl=1\",\"datePublished\":\"2024-07-28T08:36:36+00:00\",\"dateModified\":\"2025-10-20T09:41:51+00:00\",\"breadcrumb\":{\"@id\":\"https:\\\/\\\/velesnails.pl\\\/product\\\/staleks-pro-pilnik-do-pedicure-expert-60-type-4-pilnik-cienki-prosty-i-pilnik-cienki-z-zagieta-koncowka\\\/#breadcrumb\"},\"inLanguage\":\"uk\",\"potentialAction\":[{\"@type\":\"ReadAction\",\"target\":[\"https:\\\/\\\/velesnails.pl\\\/product\\\/staleks-pro-pilnik-do-pedicure-expert-60-type-4-pilnik-cienki-prosty-i-pilnik-cienki-z-zagieta-koncowka\\\/\"]}]},{\"@type\":\"ImageObject\",\"inLanguage\":\"uk\",\"@id\":\"https:\\\/\\\/velesnails.pl\\\/product\\\/staleks-pro-pilnik-do-pedicure-expert-60-type-4-pilnik-cienki-prosty-i-pilnik-cienki-z-zagieta-koncowka\\\/#primaryimage\",\"url\":\"https:\\\/\\\/i0.wp.com\\\/velesnails.pl\\\/wp-content\\\/uploads\\\/2024\\\/07\\\/Staleks-Pro-EXPERT-60-TYPE-4.png?fit=555%2C847&ssl=1\",\"contentUrl\":\"https:\\\/\\\/i0.wp.com\\\/velesnails.pl\\\/wp-content\\\/uploads\\\/2024\\\/07\\\/Staleks-Pro-EXPERT-60-TYPE-4.png?fit=555%2C847&ssl=1\",\"width\":555,\"height\":847},{\"@type\":\"BreadcrumbList\",\"@id\":\"https:\\\/\\\/velesnails.pl\\\/product\\\/staleks-pro-pilnik-do-pedicure-expert-60-type-4-pilnik-cienki-prosty-i-pilnik-cienki-z-zagieta-koncowka\\\/#breadcrumb\",\"itemListElement\":[{\"@type\":\"ListItem\",\"position\":1,\"name\":\"\u0413\u043e\u043b\u043e\u0432\u043d\u0430\",\"item\":\"https:\\\/\\\/velesnails.pl\\\/\"},{\"@type\":\"ListItem\",\"position\":2,\"name\":\"Sklep\",\"item\":\"https:\\\/\\\/velesnails.pl\\\/shop\\\/\"},{\"@type\":\"ListItem\",\"position\":3,\"name\":\"Staleks Pro Pilnik do pedicure EXPERT 60 TYPE 4 (pilnik cienki prosty i pilnik cienki z zagi\u0119t\u0105 ko\u0144c\u00f3wk\u0105)\"}]},{\"@type\":\"WebSite\",\"@id\":\"https:\\\/\\\/velesnails.pl\\\/#website\",\"url\":\"https:\\\/\\\/velesnails.pl\\\/\",\"name\":\"velesnails\",\"description\":\"Sklep z manicure\",\"publisher\":{\"@id\":\"https:\\\/\\\/velesnails.pl\\\/#organization\"},\"potentialAction\":[{\"@type\":\"SearchAction\",\"target\":{\"@type\":\"EntryPoint\",\"urlTemplate\":\"https:\\\/\\\/velesnails.pl\\\/?s={search_term_string}\"},\"query-input\":{\"@type\":\"PropertyValueSpecification\",\"valueRequired\":true,\"valueName\":\"search_term_string\"}}],\"inLanguage\":\"uk\"},{\"@type\":\"Organization\",\"@id\":\"https:\\\/\\\/velesnails.pl\\\/#organization\",\"name\":\"velesnails\",\"url\":\"https:\\\/\\\/velesnails.pl\\\/\",\"logo\":{\"@type\":\"ImageObject\",\"inLanguage\":\"uk\",\"@id\":\"https:\\\/\\\/velesnails.pl\\\/#\\\/schema\\\/logo\\\/image\\\/\",\"url\":\"https:\\\/\\\/i0.wp.com\\\/velesnails.pl\\\/wp-content\\\/uploads\\\/2025\\\/10\\\/cropped-obraz_viber_2025-10-22_13-55-55-969.jpg?fit=485%2C381&ssl=1\",\"contentUrl\":\"https:\\\/\\\/i0.wp.com\\\/velesnails.pl\\\/wp-content\\\/uploads\\\/2025\\\/10\\\/cropped-obraz_viber_2025-10-22_13-55-55-969.jpg?fit=485%2C381&ssl=1\",\"width\":485,\"height\":381,\"caption\":\"velesnails\"},\"image\":{\"@id\":\"https:\\\/\\\/velesnails.pl\\\/#\\\/schema\\\/logo\\\/image\\\/\"}}]}<\/script>\n<!-- \/ Yoast SEO plugin. -->","yoast_head_json":{"title":"Staleks Pro Pilnik do pedicure EXPERT 60 TYPE 4 (pilnik cienki prosty i pilnik cienki z zagi\u0119t\u0105 ko\u0144c\u00f3wk\u0105) - velesnails","robots":{"index":"index","follow":"follow","max-snippet":"max-snippet:-1","max-image-preview":"max-image-preview:large","max-video-preview":"max-video-preview:-1"},"canonical":"https:\/\/velesnails.pl\/uk\/product\/staleks-pro-pilnik-do-pedicure-expert-60-type-4-pilnik-cienki-prosty-i-pilnik-cienki-z-zagieta-koncowka\/","og_locale":"uk_UA","og_type":"article","og_title":"Staleks Pro Pilnik do pedicure EXPERT 60 TYPE 4 (pilnik cienki prosty i pilnik cienki z zagi\u0119t\u0105 ko\u0144c\u00f3wk\u0105) - velesnails","og_description":"Pilnik dwustronny do pedicure Pe-60\/4 Staleks. -wykonany ze stali nierdzewnej aisi420, u\u017cywanej do produkcji narz\u0119dzi chirurgicznych, -obie cz\u0119\u015bci robocze r\u0119cznie ostrzone, -od wewn\u0119trznej strony specjalne z\u0119bate naci\u0119cia, dzi\u0119ki kt\u00f3rym bez problemu mo\u017cna opracowa\u0107 wrastaj\u0105ce paznokcie, -mo\u017cna sterylizowa\u0107 w autoklawie. Profesjonalny pilnik do pedicure Profesjonalny pilnik do pedicure to podstawowe narz\u0119dzie do wykonania zabiegu kosmetycznego. Produkt [&hellip;]","og_url":"https:\/\/velesnails.pl\/uk\/product\/staleks-pro-pilnik-do-pedicure-expert-60-type-4-pilnik-cienki-prosty-i-pilnik-cienki-z-zagieta-koncowka\/","og_site_name":"velesnails","article_modified_time":"2025-10-20T09:41:51+00:00","og_image":[{"width":555,"height":847,"url":"https:\/\/velesnails.pl\/wp-content\/uploads\/2024\/07\/Staleks-Pro-EXPERT-60-TYPE-4.png","type":"image\/png"}],"twitter_card":"summary_large_image","twitter_misc":{"\u041f\u0440\u0438\u0431\u043b. \u0447\u0430\u0441 \u0447\u0438\u0442\u0430\u043d\u043d\u044f":"1 \u0445\u0432\u0438\u043b\u0438\u043d\u0430"},"schema":{"@context":"https:\/\/schema.org","@graph":[{"@type":"WebPage","@id":"https:\/\/velesnails.pl\/product\/staleks-pro-pilnik-do-pedicure-expert-60-type-4-pilnik-cienki-prosty-i-pilnik-cienki-z-zagieta-koncowka\/","url":"https:\/\/velesnails.pl\/product\/staleks-pro-pilnik-do-pedicure-expert-60-type-4-pilnik-cienki-prosty-i-pilnik-cienki-z-zagieta-koncowka\/","name":"Staleks Pro Pilnik do pedicure EXPERT 60 TYPE 4 (pilnik cienki prosty i pilnik cienki z zagi\u0119t\u0105 ko\u0144c\u00f3wk\u0105) - velesnails","isPartOf":{"@id":"https:\/\/velesnails.pl\/#website"},"primaryImageOfPage":{"@id":"https:\/\/velesnails.pl\/product\/staleks-pro-pilnik-do-pedicure-expert-60-type-4-pilnik-cienki-prosty-i-pilnik-cienki-z-zagieta-koncowka\/#primaryimage"},"image":{"@id":"https:\/\/velesnails.pl\/product\/staleks-pro-pilnik-do-pedicure-expert-60-type-4-pilnik-cienki-prosty-i-pilnik-cienki-z-zagieta-koncowka\/#primaryimage"},"thumbnailUrl":"https:\/\/i0.wp.com\/velesnails.pl\/wp-content\/uploads\/2024\/07\/Staleks-Pro-EXPERT-60-TYPE-4.png?fit=555%2C847&ssl=1","datePublished":"2024-07-28T08:36:36+00:00","dateModified":"2025-10-20T09:41:51+00:00","breadcrumb":{"@id":"https:\/\/velesnails.pl\/product\/staleks-pro-pilnik-do-pedicure-expert-60-type-4-pilnik-cienki-prosty-i-pilnik-cienki-z-zagieta-koncowka\/#breadcrumb"},"inLanguage":"uk","potentialAction":[{"@type":"ReadAction","target":["https:\/\/velesnails.pl\/product\/staleks-pro-pilnik-do-pedicure-expert-60-type-4-pilnik-cienki-prosty-i-pilnik-cienki-z-zagieta-koncowka\/"]}]},{"@type":"ImageObject","inLanguage":"uk","@id":"https:\/\/velesnails.pl\/product\/staleks-pro-pilnik-do-pedicure-expert-60-type-4-pilnik-cienki-prosty-i-pilnik-cienki-z-zagieta-koncowka\/#primaryimage","url":"https:\/\/i0.wp.com\/velesnails.pl\/wp-content\/uploads\/2024\/07\/Staleks-Pro-EXPERT-60-TYPE-4.png?fit=555%2C847&ssl=1","contentUrl":"https:\/\/i0.wp.com\/velesnails.pl\/wp-content\/uploads\/2024\/07\/Staleks-Pro-EXPERT-60-TYPE-4.png?fit=555%2C847&ssl=1","width":555,"height":847},{"@type":"BreadcrumbList","@id":"https:\/\/velesnails.pl\/product\/staleks-pro-pilnik-do-pedicure-expert-60-type-4-pilnik-cienki-prosty-i-pilnik-cienki-z-zagieta-koncowka\/#breadcrumb","itemListElement":[{"@type":"ListItem","position":1,"name":"\u0413\u043e\u043b\u043e\u0432\u043d\u0430","item":"https:\/\/velesnails.pl\/"},{"@type":"ListItem","position":2,"name":"Sklep","item":"https:\/\/velesnails.pl\/shop\/"},{"@type":"ListItem","position":3,"name":"Staleks Pro Pilnik do pedicure EXPERT 60 TYPE 4 (pilnik cienki prosty i pilnik cienki z zagi\u0119t\u0105 ko\u0144c\u00f3wk\u0105)"}]},{"@type":"WebSite","@id":"https:\/\/velesnails.pl\/#website","url":"https:\/\/velesnails.pl\/","name":"\u0432\u0435\u043b\u0435\u0441\u043e\u0432\u0456 \u043d\u0456\u0433\u0442\u0456","description":"\u041c\u0430\u043d\u0456\u043a\u044e\u0440\u043d\u0438\u0439 \u0441\u0430\u043b\u043e\u043d","publisher":{"@id":"https:\/\/velesnails.pl\/#organization"},"potentialAction":[{"@type":"SearchAction","target":{"@type":"EntryPoint","urlTemplate":"https:\/\/velesnails.pl\/?s={search_term_string}"},"query-input":{"@type":"PropertyValueSpecification","valueRequired":true,"valueName":"search_term_string"}}],"inLanguage":"uk"},{"@type":"Organization","@id":"https:\/\/velesnails.pl\/#organization","name":"\u0432\u0435\u043b\u0435\u0441\u043e\u0432\u0456 \u043d\u0456\u0433\u0442\u0456","url":"https:\/\/velesnails.pl\/","logo":{"@type":"ImageObject","inLanguage":"uk","@id":"https:\/\/velesnails.pl\/#\/schema\/logo\/image\/","url":"https:\/\/i0.wp.com\/velesnails.pl\/wp-content\/uploads\/2025\/10\/cropped-obraz_viber_2025-10-22_13-55-55-969.jpg?fit=485%2C381&ssl=1","contentUrl":"https:\/\/i0.wp.com\/velesnails.pl\/wp-content\/uploads\/2025\/10\/cropped-obraz_viber_2025-10-22_13-55-55-969.jpg?fit=485%2C381&ssl=1","width":485,"height":381,"caption":"velesnails"},"image":{"@id":"https:\/\/velesnails.pl\/#\/schema\/logo\/image\/"}}]}},"_links":{"self":[{"href":"https:\/\/velesnails.pl\/uk\/wp-json\/wp\/v2\/product\/3350","targetHints":{"allow":["GET"]}}],"collection":[{"href":"https:\/\/velesnails.pl\/uk\/wp-json\/wp\/v2\/product"}],"about":[{"href":"https:\/\/velesnails.pl\/uk\/wp-json\/wp\/v2\/types\/product"}],"replies":[{"embeddable":true,"href":"https:\/\/velesnails.pl\/uk\/wp-json\/wp\/v2\/comments?post=3350"}],"wp:featuredmedia":[{"embeddable":true,"href":"https:\/\/velesnails.pl\/uk\/wp-json\/wp\/v2\/media\/3351"}],"wp:attachment":[{"href":"https:\/\/velesnails.pl\/uk\/wp-json\/wp\/v2\/media?parent=3350"}],"wp:term":[{"taxonomy":"product_brand","embeddable":true,"href":"https:\/\/velesnails.pl\/uk\/wp-json\/wp\/v2\/product_brand?post=3350"},{"taxonomy":"product_cat","embeddable":true,"href":"https:\/\/velesnails.pl\/uk\/wp-json\/wp\/v2\/product_cat?post=3350"},{"taxonomy":"product_tag","embeddable":true,"href":"https:\/\/velesnails.pl\/uk\/wp-json\/wp\/v2\/product_tag?post=3350"}],"curies":[{"name":"wp","href":"https:\/\/api.w.org\/{rel}","templated":true}]}}