{"id":3332,"date":"2024-07-28T10:53:56","date_gmt":"2024-07-28T07:53:56","guid":{"rendered":"https:\/\/velesnails.loc\/?post_type=product&#038;p=3332"},"modified":"2025-10-20T12:42:34","modified_gmt":"2025-10-20T09:42:34","slug":"staleks-pro-profesjonalne-cazki-do-wrastajacych-paznokci-expert-61-16mm","status":"publish","type":"product","link":"https:\/\/velesnails.pl\/uk\/product\/staleks-pro-profesjonalne-cazki-do-wrastajacych-paznokci-expert-61-16mm\/","title":{"rendered":"Staleks Pro Profesjonalne c\u0105\u017cki do wrastaj\u0105cych paznokci  EXPERT 61 16mm"},"content":{"rendered":"<p>Profesjonalne c\u0105\u017cki przeznaczone do usuwania wrastaj\u0105cych paznokci.<\/p>\n<p>-d\u0142ugo\u015b\u0107 ostrza 16 mm (+\/- 0,5 mm),<br \/>\n-d\u0142ugo\u015b\u0107 c\u0105\u017cek 137 mm (+\/- 1 mm),<br \/>\n-wykonane ze stali AISI 420, u\u017cywanej do produkcji narz\u0119dzi chirurgicznych,<br \/>\n-w\u0105skie ostrza zapewniaj\u0105 precyzyjne dotarcie do ka\u017cdego miejsca przy wale paznokcia,<br \/>\n-nie t\u0119pi\u0105 si\u0119 i nie rdzewiej\u0105,<br \/>\n-r\u0119cznie ostrzone,<br \/>\n-ergonomiczna r\u0105czka zapewnia komfort pracy,<br \/>\n-nadaj\u0105 si\u0119 do sterylizacji w autoklawie.<br \/>\nPi\u0119kne paznokcie szybko i wygodnie<br \/>\nC\u0105\u017cki do paznokci s\u0105 o wiele bardziej wytrzyma\u0142e ni\u017c c\u0105\u017cki do sk\u00f3rek. Nadaj\u0105 si\u0119 idealnie do pracowania z najbardziej twardymi paznokciami zar\u00f3wno podczas manicure, jak i pedicure. Specjalny model NE-61-16 przeznaczony jest do wrastaj\u0105cych paznokci. Dzi\u0119ki temu w \u0142atwy spos\u00f3b mo\u017cna wykona\u0107 zabieg piel\u0119gnacyjny. Zapewnia to specjalna konstrukcja r\u0105czki oraz d\u0142u\u017csze (16 milimetrowe), mocniejsze ostrza. Proste kraw\u0119dzie tn\u0105ce bez nachylenia zapewniaj\u0105 \u0142atw\u0105 dost\u0119pno\u015b\u0107 do wszystkich miejsc, za\u015b bezpieczne, t\u0119pe ko\u0144c\u00f3wki chroni\u0105 przed przypadkowymi skaleczeniami. Produkty wy\u0142\u0105cznie najwy\u017cszej jako\u015bci, wykonane s\u0105 z nierdzewnej stali, z kt\u00f3rej produkuje si\u0119 narz\u0119dzia chirurgiczne.<\/p>\n<p>Profesja w eleganckim wydaniu<br \/>\nR\u0105czki tego produktu s\u0105 doskonale przystosowane do potrzeb klienta, nie \u015blizgaj\u0105 si\u0119 oraz s\u0105 bardzo przyjemne w dotyku. Posiadaj\u0105 widoczne wg\u0142\u0119bienia na palce, by d\u0142o\u0144 jeszcze lepiej mog\u0142a si\u0119 u\u0142o\u017cy\u0107. Znane na ca\u0142ym \u015bwiecie produkty firmy Staleks s\u0105 przeznaczone do wieloletniego u\u017cytku. Nie rdzewiej\u0105, nie t\u0119pi\u0105 si\u0119 i nie wyginaj\u0105. Mo\u017cna je dezynfekowa\u0107 i sterylizowa\u0107. Prezentuj\u0105 si\u0119 bardzo elegancko zar\u00f3wno podczas profesjonalnego u\u017cytku, jak i domowego.<\/p>\n<p>\u015awiadczymy us\u0142ugi ostrzenia narz\u0119dzi!<\/p>","protected":false},"excerpt":{"rendered":"<p>Profesjonalne c\u0105\u017cki przeznaczone do usuwania wrastaj\u0105cych paznokci. -d\u0142ugo\u015b\u0107 ostrza 16 mm (+\/- 0,5 mm), -d\u0142ugo\u015b\u0107 c\u0105\u017cek 137 mm (+\/- 1 mm), -wykonane ze stali AISI 420, u\u017cywanej do produkcji narz\u0119dzi chirurgicznych, -w\u0105skie ostrza zapewniaj\u0105 precyzyjne dotarcie do ka\u017cdego miejsca przy wale paznokcia, -nie t\u0119pi\u0105 si\u0119 i nie rdzewiej\u0105, -r\u0119cznie ostrzone, -ergonomiczna r\u0105czka zapewnia komfort pracy, [&hellip;]<\/p>\n","protected":false},"featured_media":3333,"comment_status":"open","ping_status":"closed","template":"","meta":{"om_disable_all_campaigns":false,"ocean_post_layout":"","ocean_both_sidebars_style":"","ocean_both_sidebars_content_width":0,"ocean_both_sidebars_sidebars_width":0,"ocean_sidebar":"0","ocean_second_sidebar":"0","ocean_disable_margins":"enable","ocean_add_body_class":"","ocean_shortcode_before_top_bar":"","ocean_shortcode_after_top_bar":"","ocean_shortcode_before_header":"","ocean_shortcode_after_header":"","ocean_has_shortcode":"","ocean_shortcode_after_title":"","ocean_shortcode_before_footer_widgets":"","ocean_shortcode_after_footer_widgets":"","ocean_shortcode_before_footer_bottom":"","ocean_shortcode_after_footer_bottom":"","ocean_display_top_bar":"default","ocean_display_header":"default","ocean_header_style":"","ocean_center_header_left_menu":"0","ocean_custom_header_template":"0","ocean_custom_logo":0,"ocean_custom_retina_logo":0,"ocean_custom_logo_max_width":0,"ocean_custom_logo_tablet_max_width":0,"ocean_custom_logo_mobile_max_width":0,"ocean_custom_logo_max_height":0,"ocean_custom_logo_tablet_max_height":0,"ocean_custom_logo_mobile_max_height":0,"ocean_header_custom_menu":"0","ocean_menu_typo_font_family":"0","ocean_menu_typo_font_subset":"","ocean_menu_typo_font_size":0,"ocean_menu_typo_font_size_tablet":0,"ocean_menu_typo_font_size_mobile":0,"ocean_menu_typo_font_size_unit":"px","ocean_menu_typo_font_weight":"","ocean_menu_typo_font_weight_tablet":"","ocean_menu_typo_font_weight_mobile":"","ocean_menu_typo_transform":"","ocean_menu_typo_transform_tablet":"","ocean_menu_typo_transform_mobile":"","ocean_menu_typo_line_height":0,"ocean_menu_typo_line_height_tablet":0,"ocean_menu_typo_line_height_mobile":0,"ocean_menu_typo_line_height_unit":"","ocean_menu_typo_spacing":0,"ocean_menu_typo_spacing_tablet":0,"ocean_menu_typo_spacing_mobile":0,"ocean_menu_typo_spacing_unit":"","ocean_menu_link_color":"","ocean_menu_link_color_hover":"","ocean_menu_link_color_active":"","ocean_menu_link_background":"","ocean_menu_link_hover_background":"","ocean_menu_link_active_background":"","ocean_menu_social_links_bg":"","ocean_menu_social_hover_links_bg":"","ocean_menu_social_links_color":"","ocean_menu_social_hover_links_color":"","ocean_disable_title":"default","ocean_disable_heading":"default","ocean_post_title":"","ocean_post_subheading":"","ocean_post_title_style":"","ocean_post_title_background_color":"","ocean_post_title_background":0,"ocean_post_title_bg_image_position":"","ocean_post_title_bg_image_attachment":"","ocean_post_title_bg_image_repeat":"","ocean_post_title_bg_image_size":"","ocean_post_title_height":0,"ocean_post_title_bg_overlay":0.5,"ocean_post_title_bg_overlay_color":"","ocean_disable_breadcrumbs":"default","ocean_breadcrumbs_color":"","ocean_breadcrumbs_separator_color":"","ocean_breadcrumbs_links_color":"","ocean_breadcrumbs_links_hover_color":"","ocean_display_footer_widgets":"default","ocean_display_footer_bottom":"default","ocean_custom_footer_template":"0"},"product_brand":[],"product_cat":[153,176,150,110,183],"product_tag":[],"class_list":{"0":"post-3332","1":"product","2":"type-product","3":"status-publish","4":"has-post-thumbnail","6":"product_cat-cegi","7":"product_cat-marki","8":"product_cat-narzedzia","9":"product_cat-paznokcie","10":"product_cat-staleks-1","12":"entry","13":"has-media","15":"first","16":"outofstock","17":"taxable","18":"shipping-taxable","19":"purchasable","20":"product-type-simple","21":"has-product-nav","22":"col","23":"span_1_of_3","24":"owp-content-center","25":"owp-thumbs-layout-horizontal","26":"owp-btn-normal","27":"owp-tabs-layout-horizontal","28":"has-no-thumbnails"},"yoast_head":"<!-- This site is optimized with the Yoast SEO plugin v27.5 - https:\/\/yoast.com\/product\/yoast-seo-wordpress\/ -->\n<title>Staleks Pro Profesjonalne c\u0105\u017cki do wrastaj\u0105cych paznokci EXPERT 61 16mm - velesnails<\/title>\n<meta name=\"robots\" content=\"index, follow, max-snippet:-1, max-image-preview:large, max-video-preview:-1\" \/>\n<link rel=\"canonical\" href=\"https:\/\/velesnails.pl\/uk\/product\/staleks-pro-profesjonalne-cazki-do-wrastajacych-paznokci-expert-61-16mm\/\" \/>\n<meta property=\"og:locale\" content=\"uk_UA\" \/>\n<meta property=\"og:type\" content=\"article\" \/>\n<meta property=\"og:title\" content=\"Staleks Pro Profesjonalne c\u0105\u017cki do wrastaj\u0105cych paznokci EXPERT 61 16mm - velesnails\" \/>\n<meta property=\"og:description\" content=\"Profesjonalne c\u0105\u017cki przeznaczone do usuwania wrastaj\u0105cych paznokci. -d\u0142ugo\u015b\u0107 ostrza 16 mm (+\/- 0,5 mm), -d\u0142ugo\u015b\u0107 c\u0105\u017cek 137 mm (+\/- 1 mm), -wykonane ze stali AISI 420, u\u017cywanej do produkcji narz\u0119dzi chirurgicznych, -w\u0105skie ostrza zapewniaj\u0105 precyzyjne dotarcie do ka\u017cdego miejsca przy wale paznokcia, -nie t\u0119pi\u0105 si\u0119 i nie rdzewiej\u0105, -r\u0119cznie ostrzone, -ergonomiczna r\u0105czka zapewnia komfort pracy, [&hellip;]\" \/>\n<meta property=\"og:url\" content=\"https:\/\/velesnails.pl\/uk\/product\/staleks-pro-profesjonalne-cazki-do-wrastajacych-paznokci-expert-61-16mm\/\" \/>\n<meta property=\"og:site_name\" content=\"velesnails\" \/>\n<meta property=\"article:modified_time\" content=\"2025-10-20T09:42:34+00:00\" \/>\n<meta property=\"og:image\" content=\"https:\/\/velesnails.pl\/wp-content\/uploads\/2024\/07\/Staleks-Pro-EXPERT-61-16mm.png\" \/>\n\t<meta property=\"og:image:width\" content=\"817\" \/>\n\t<meta property=\"og:image:height\" content=\"862\" \/>\n\t<meta property=\"og:image:type\" content=\"image\/png\" \/>\n<meta name=\"twitter:card\" content=\"summary_large_image\" \/>\n<meta name=\"twitter:label1\" content=\"\u041f\u0440\u0438\u0431\u043b. \u0447\u0430\u0441 \u0447\u0438\u0442\u0430\u043d\u043d\u044f\" \/>\n\t<meta name=\"twitter:data1\" content=\"1 \u0445\u0432\u0438\u043b\u0438\u043d\u0430\" \/>\n<script type=\"application\/ld+json\" class=\"yoast-schema-graph\">{\"@context\":\"https:\\\/\\\/schema.org\",\"@graph\":[{\"@type\":\"WebPage\",\"@id\":\"https:\\\/\\\/velesnails.pl\\\/product\\\/staleks-pro-profesjonalne-cazki-do-wrastajacych-paznokci-expert-61-16mm\\\/\",\"url\":\"https:\\\/\\\/velesnails.pl\\\/product\\\/staleks-pro-profesjonalne-cazki-do-wrastajacych-paznokci-expert-61-16mm\\\/\",\"name\":\"Staleks Pro Profesjonalne c\u0105\u017cki do wrastaj\u0105cych paznokci EXPERT 61 16mm - velesnails\",\"isPartOf\":{\"@id\":\"https:\\\/\\\/velesnails.pl\\\/#website\"},\"primaryImageOfPage\":{\"@id\":\"https:\\\/\\\/velesnails.pl\\\/product\\\/staleks-pro-profesjonalne-cazki-do-wrastajacych-paznokci-expert-61-16mm\\\/#primaryimage\"},\"image\":{\"@id\":\"https:\\\/\\\/velesnails.pl\\\/product\\\/staleks-pro-profesjonalne-cazki-do-wrastajacych-paznokci-expert-61-16mm\\\/#primaryimage\"},\"thumbnailUrl\":\"https:\\\/\\\/i0.wp.com\\\/velesnails.pl\\\/wp-content\\\/uploads\\\/2024\\\/07\\\/Staleks-Pro-EXPERT-61-16mm.png?fit=817%2C862&ssl=1\",\"datePublished\":\"2024-07-28T07:53:56+00:00\",\"dateModified\":\"2025-10-20T09:42:34+00:00\",\"breadcrumb\":{\"@id\":\"https:\\\/\\\/velesnails.pl\\\/product\\\/staleks-pro-profesjonalne-cazki-do-wrastajacych-paznokci-expert-61-16mm\\\/#breadcrumb\"},\"inLanguage\":\"uk\",\"potentialAction\":[{\"@type\":\"ReadAction\",\"target\":[\"https:\\\/\\\/velesnails.pl\\\/product\\\/staleks-pro-profesjonalne-cazki-do-wrastajacych-paznokci-expert-61-16mm\\\/\"]}]},{\"@type\":\"ImageObject\",\"inLanguage\":\"uk\",\"@id\":\"https:\\\/\\\/velesnails.pl\\\/product\\\/staleks-pro-profesjonalne-cazki-do-wrastajacych-paznokci-expert-61-16mm\\\/#primaryimage\",\"url\":\"https:\\\/\\\/i0.wp.com\\\/velesnails.pl\\\/wp-content\\\/uploads\\\/2024\\\/07\\\/Staleks-Pro-EXPERT-61-16mm.png?fit=817%2C862&ssl=1\",\"contentUrl\":\"https:\\\/\\\/i0.wp.com\\\/velesnails.pl\\\/wp-content\\\/uploads\\\/2024\\\/07\\\/Staleks-Pro-EXPERT-61-16mm.png?fit=817%2C862&ssl=1\",\"width\":817,\"height\":862},{\"@type\":\"BreadcrumbList\",\"@id\":\"https:\\\/\\\/velesnails.pl\\\/product\\\/staleks-pro-profesjonalne-cazki-do-wrastajacych-paznokci-expert-61-16mm\\\/#breadcrumb\",\"itemListElement\":[{\"@type\":\"ListItem\",\"position\":1,\"name\":\"\u0413\u043e\u043b\u043e\u0432\u043d\u0430\",\"item\":\"https:\\\/\\\/velesnails.pl\\\/\"},{\"@type\":\"ListItem\",\"position\":2,\"name\":\"Sklep\",\"item\":\"https:\\\/\\\/velesnails.pl\\\/shop\\\/\"},{\"@type\":\"ListItem\",\"position\":3,\"name\":\"Staleks Pro Profesjonalne c\u0105\u017cki do wrastaj\u0105cych paznokci EXPERT 61 16mm\"}]},{\"@type\":\"WebSite\",\"@id\":\"https:\\\/\\\/velesnails.pl\\\/#website\",\"url\":\"https:\\\/\\\/velesnails.pl\\\/\",\"name\":\"velesnails\",\"description\":\"Sklep z manicure\",\"publisher\":{\"@id\":\"https:\\\/\\\/velesnails.pl\\\/#organization\"},\"potentialAction\":[{\"@type\":\"SearchAction\",\"target\":{\"@type\":\"EntryPoint\",\"urlTemplate\":\"https:\\\/\\\/velesnails.pl\\\/?s={search_term_string}\"},\"query-input\":{\"@type\":\"PropertyValueSpecification\",\"valueRequired\":true,\"valueName\":\"search_term_string\"}}],\"inLanguage\":\"uk\"},{\"@type\":\"Organization\",\"@id\":\"https:\\\/\\\/velesnails.pl\\\/#organization\",\"name\":\"velesnails\",\"url\":\"https:\\\/\\\/velesnails.pl\\\/\",\"logo\":{\"@type\":\"ImageObject\",\"inLanguage\":\"uk\",\"@id\":\"https:\\\/\\\/velesnails.pl\\\/#\\\/schema\\\/logo\\\/image\\\/\",\"url\":\"https:\\\/\\\/i0.wp.com\\\/velesnails.pl\\\/wp-content\\\/uploads\\\/2025\\\/10\\\/cropped-obraz_viber_2025-10-22_13-55-55-969.jpg?fit=485%2C381&ssl=1\",\"contentUrl\":\"https:\\\/\\\/i0.wp.com\\\/velesnails.pl\\\/wp-content\\\/uploads\\\/2025\\\/10\\\/cropped-obraz_viber_2025-10-22_13-55-55-969.jpg?fit=485%2C381&ssl=1\",\"width\":485,\"height\":381,\"caption\":\"velesnails\"},\"image\":{\"@id\":\"https:\\\/\\\/velesnails.pl\\\/#\\\/schema\\\/logo\\\/image\\\/\"}}]}<\/script>\n<!-- \/ Yoast SEO plugin. -->","yoast_head_json":{"title":"Staleks Pro Profesjonalne c\u0105\u017cki do wrastaj\u0105cych paznokci EXPERT 61 16mm - velesnails","robots":{"index":"index","follow":"follow","max-snippet":"max-snippet:-1","max-image-preview":"max-image-preview:large","max-video-preview":"max-video-preview:-1"},"canonical":"https:\/\/velesnails.pl\/uk\/product\/staleks-pro-profesjonalne-cazki-do-wrastajacych-paznokci-expert-61-16mm\/","og_locale":"uk_UA","og_type":"article","og_title":"Staleks Pro Profesjonalne c\u0105\u017cki do wrastaj\u0105cych paznokci EXPERT 61 16mm - velesnails","og_description":"Profesjonalne c\u0105\u017cki przeznaczone do usuwania wrastaj\u0105cych paznokci. -d\u0142ugo\u015b\u0107 ostrza 16 mm (+\/- 0,5 mm), -d\u0142ugo\u015b\u0107 c\u0105\u017cek 137 mm (+\/- 1 mm), -wykonane ze stali AISI 420, u\u017cywanej do produkcji narz\u0119dzi chirurgicznych, -w\u0105skie ostrza zapewniaj\u0105 precyzyjne dotarcie do ka\u017cdego miejsca przy wale paznokcia, -nie t\u0119pi\u0105 si\u0119 i nie rdzewiej\u0105, -r\u0119cznie ostrzone, -ergonomiczna r\u0105czka zapewnia komfort pracy, [&hellip;]","og_url":"https:\/\/velesnails.pl\/uk\/product\/staleks-pro-profesjonalne-cazki-do-wrastajacych-paznokci-expert-61-16mm\/","og_site_name":"velesnails","article_modified_time":"2025-10-20T09:42:34+00:00","og_image":[{"width":817,"height":862,"url":"https:\/\/velesnails.pl\/wp-content\/uploads\/2024\/07\/Staleks-Pro-EXPERT-61-16mm.png","type":"image\/png"}],"twitter_card":"summary_large_image","twitter_misc":{"\u041f\u0440\u0438\u0431\u043b. \u0447\u0430\u0441 \u0447\u0438\u0442\u0430\u043d\u043d\u044f":"1 \u0445\u0432\u0438\u043b\u0438\u043d\u0430"},"schema":{"@context":"https:\/\/schema.org","@graph":[{"@type":"WebPage","@id":"https:\/\/velesnails.pl\/product\/staleks-pro-profesjonalne-cazki-do-wrastajacych-paznokci-expert-61-16mm\/","url":"https:\/\/velesnails.pl\/product\/staleks-pro-profesjonalne-cazki-do-wrastajacych-paznokci-expert-61-16mm\/","name":"Staleks Pro Profesjonalne c\u0105\u017cki do wrastaj\u0105cych paznokci EXPERT 61 16mm - velesnails","isPartOf":{"@id":"https:\/\/velesnails.pl\/#website"},"primaryImageOfPage":{"@id":"https:\/\/velesnails.pl\/product\/staleks-pro-profesjonalne-cazki-do-wrastajacych-paznokci-expert-61-16mm\/#primaryimage"},"image":{"@id":"https:\/\/velesnails.pl\/product\/staleks-pro-profesjonalne-cazki-do-wrastajacych-paznokci-expert-61-16mm\/#primaryimage"},"thumbnailUrl":"https:\/\/i0.wp.com\/velesnails.pl\/wp-content\/uploads\/2024\/07\/Staleks-Pro-EXPERT-61-16mm.png?fit=817%2C862&ssl=1","datePublished":"2024-07-28T07:53:56+00:00","dateModified":"2025-10-20T09:42:34+00:00","breadcrumb":{"@id":"https:\/\/velesnails.pl\/product\/staleks-pro-profesjonalne-cazki-do-wrastajacych-paznokci-expert-61-16mm\/#breadcrumb"},"inLanguage":"uk","potentialAction":[{"@type":"ReadAction","target":["https:\/\/velesnails.pl\/product\/staleks-pro-profesjonalne-cazki-do-wrastajacych-paznokci-expert-61-16mm\/"]}]},{"@type":"ImageObject","inLanguage":"uk","@id":"https:\/\/velesnails.pl\/product\/staleks-pro-profesjonalne-cazki-do-wrastajacych-paznokci-expert-61-16mm\/#primaryimage","url":"https:\/\/i0.wp.com\/velesnails.pl\/wp-content\/uploads\/2024\/07\/Staleks-Pro-EXPERT-61-16mm.png?fit=817%2C862&ssl=1","contentUrl":"https:\/\/i0.wp.com\/velesnails.pl\/wp-content\/uploads\/2024\/07\/Staleks-Pro-EXPERT-61-16mm.png?fit=817%2C862&ssl=1","width":817,"height":862},{"@type":"BreadcrumbList","@id":"https:\/\/velesnails.pl\/product\/staleks-pro-profesjonalne-cazki-do-wrastajacych-paznokci-expert-61-16mm\/#breadcrumb","itemListElement":[{"@type":"ListItem","position":1,"name":"\u0413\u043e\u043b\u043e\u0432\u043d\u0430","item":"https:\/\/velesnails.pl\/"},{"@type":"ListItem","position":2,"name":"Sklep","item":"https:\/\/velesnails.pl\/shop\/"},{"@type":"ListItem","position":3,"name":"Staleks Pro Profesjonalne c\u0105\u017cki do wrastaj\u0105cych paznokci EXPERT 61 16mm"}]},{"@type":"WebSite","@id":"https:\/\/velesnails.pl\/#website","url":"https:\/\/velesnails.pl\/","name":"\u0432\u0435\u043b\u0435\u0441\u043e\u0432\u0456 \u043d\u0456\u0433\u0442\u0456","description":"\u041c\u0430\u043d\u0456\u043a\u044e\u0440\u043d\u0438\u0439 \u0441\u0430\u043b\u043e\u043d","publisher":{"@id":"https:\/\/velesnails.pl\/#organization"},"potentialAction":[{"@type":"SearchAction","target":{"@type":"EntryPoint","urlTemplate":"https:\/\/velesnails.pl\/?s={search_term_string}"},"query-input":{"@type":"PropertyValueSpecification","valueRequired":true,"valueName":"search_term_string"}}],"inLanguage":"uk"},{"@type":"Organization","@id":"https:\/\/velesnails.pl\/#organization","name":"\u0432\u0435\u043b\u0435\u0441\u043e\u0432\u0456 \u043d\u0456\u0433\u0442\u0456","url":"https:\/\/velesnails.pl\/","logo":{"@type":"ImageObject","inLanguage":"uk","@id":"https:\/\/velesnails.pl\/#\/schema\/logo\/image\/","url":"https:\/\/i0.wp.com\/velesnails.pl\/wp-content\/uploads\/2025\/10\/cropped-obraz_viber_2025-10-22_13-55-55-969.jpg?fit=485%2C381&ssl=1","contentUrl":"https:\/\/i0.wp.com\/velesnails.pl\/wp-content\/uploads\/2025\/10\/cropped-obraz_viber_2025-10-22_13-55-55-969.jpg?fit=485%2C381&ssl=1","width":485,"height":381,"caption":"velesnails"},"image":{"@id":"https:\/\/velesnails.pl\/#\/schema\/logo\/image\/"}}]}},"_links":{"self":[{"href":"https:\/\/velesnails.pl\/uk\/wp-json\/wp\/v2\/product\/3332","targetHints":{"allow":["GET"]}}],"collection":[{"href":"https:\/\/velesnails.pl\/uk\/wp-json\/wp\/v2\/product"}],"about":[{"href":"https:\/\/velesnails.pl\/uk\/wp-json\/wp\/v2\/types\/product"}],"replies":[{"embeddable":true,"href":"https:\/\/velesnails.pl\/uk\/wp-json\/wp\/v2\/comments?post=3332"}],"wp:featuredmedia":[{"embeddable":true,"href":"https:\/\/velesnails.pl\/uk\/wp-json\/wp\/v2\/media\/3333"}],"wp:attachment":[{"href":"https:\/\/velesnails.pl\/uk\/wp-json\/wp\/v2\/media?parent=3332"}],"wp:term":[{"taxonomy":"product_brand","embeddable":true,"href":"https:\/\/velesnails.pl\/uk\/wp-json\/wp\/v2\/product_brand?post=3332"},{"taxonomy":"product_cat","embeddable":true,"href":"https:\/\/velesnails.pl\/uk\/wp-json\/wp\/v2\/product_cat?post=3332"},{"taxonomy":"product_tag","embeddable":true,"href":"https:\/\/velesnails.pl\/uk\/wp-json\/wp\/v2\/product_tag?post=3332"}],"curies":[{"name":"wp","href":"https:\/\/api.w.org\/{rel}","templated":true}]}}