{"id":3311,"date":"2024-07-28T09:56:25","date_gmt":"2024-07-28T06:56:25","guid":{"rendered":"https:\/\/velesnails.loc\/?post_type=product&#038;p=3311"},"modified":"2026-01-27T15:28:40","modified_gmt":"2026-01-27T12:28:40","slug":"staleks-cazki-do-skorek-classic-10-6mm","status":"publish","type":"product","link":"https:\/\/velesnails.pl\/uk\/product\/staleks-cazki-do-skorek-classic-10-6mm\/","title":{"rendered":"Staleks C\u0105\u017cki do skorek CLASSIC 10 6mm"},"content":{"rendered":"<p class=\"western\" align=\"left\">C\u0105\u017cki do sk\u00f3rek.<\/p>\n<p class=\"western\" align=\"left\">&#8211; wykonane ze stali AISI 420, u\u017cywanej do produkcji narz\u0119dzi chirurgicznych,<\/p>\n<p class=\"western\" align=\"left\">-r\u0119cznie ostrzone na \u015bciernicy diamentowej,<\/p>\n<p class=\"western\" align=\"left\">-idealne do u\u017cytku profesjonalnego,<\/p>\n<p class=\"western\" align=\"left\">-nie t\u0119pi\u0105 si\u0119 i nie rdzewiej\u0105 podczas mycia i dezynfekcji,<\/p>\n<p class=\"western\" align=\"left\">-nadaj\u0105 si\u0119 do sterylizacji w autoklawie.<\/p>\n<p class=\"western\" align=\"left\">Jako\u015b\u0107 stali chirurgicznej i ostro\u015b\u0107 diamentu<\/p>\n<p class=\"western\" align=\"left\">Profesjonalne narz\u0119dzia oferowane przez firm\u0119 Staleks wykonywane s\u0105 jedynie z tworzywa najwy\u017cszej jako\u015bci. C\u0105\u017cki zosta\u0142y zrobione ze stali chirurgicznej, kt\u00f3ra jest jednym z najbardziej wytrzyma\u0142ych materia\u0142\u00f3w. Stal zapewnia wieloletni\u0105 \u017cywotno\u015b\u0107 produktu oraz ich niezawodn\u0105 ostro\u015b\u0107. Sprawia to, \u017ce oferowane na niniejszej stronie c\u0105\u017cki nie ulegn\u0105 wypaczeniu lub wygi\u0119ciu podczas u\u017cytkowania. Nigdy nie rdzewiej\u0105. Ergonomiczne r\u0105czki wygl\u0105daj\u0105 stylowo i s\u0105 bardzo wygodne, dobrze uk\u0142adaj\u0105 si\u0119 w d\u0142oni, zapewniaj\u0105c precyzj\u0119 ruch\u00f3w. S\u0105 podatne na najmniejszy nacisk, nie pozwalaj\u0105c r\u0119ce zm\u0119czy\u0107 si\u0119 przy pracy. Ci\u0119cia s\u0105 dok\u0142adne dzi\u0119ki obustronnie zaostrzonej powierzchni tn\u0105cej na diamentowej \u015bciernicy. Przy\u0142o\u017cono szczeg\u00f3ln\u0105 uwag\u0119 do projektu ostrzy, by radzi\u0142y sobie bez problemu nawet z najbardziej twardymi sk\u00f3rkami.<\/p>\n<p class=\"western\" align=\"left\">Czy wiesz, \u017ce..?<\/p>\n<p class=\"western\" align=\"left\">Funkcjonalno\u015b\u0107 c\u0105\u017cek sprawia, \u017ce s\u0105 idealne do manicure i pedicure wykonywanych w profesjonalnym salonie kosmetycznym. R\u0105czki oraz ostrza produktu zosta\u0142y zaprojektowane tak, by dawa\u0107 pe\u0142en wgl\u0105d na paznokie\u0107, przy kt\u00f3rym usuwane s\u0105 niechciane sk\u00f3rki, za\u015b szlifowanie powierzchni obrotowej gwarantuje bardzo p\u0142ynne ruchy, bez dalszego uszkodzenia nask\u00f3rka.<\/p>\n<p class=\"western\" align=\"left\">\u015awiadczymy us\u0142ugi ostrzenia narz\u0119dzi!<\/p>","protected":false},"excerpt":{"rendered":"<p>C\u0105\u017cki do sk\u00f3rek. &#8211; wykonane ze stali AISI 420, u\u017cywanej do produkcji narz\u0119dzi chirurgicznych, -r\u0119cznie ostrzone na \u015bciernicy diamentowej, -idealne do u\u017cytku profesjonalnego, -nie t\u0119pi\u0105 si\u0119 i nie rdzewiej\u0105 podczas mycia i dezynfekcji, -nadaj\u0105 si\u0119 do sterylizacji w autoklawie. Jako\u015b\u0107 stali chirurgicznej i ostro\u015b\u0107 diamentu Profesjonalne narz\u0119dzia oferowane przez firm\u0119 Staleks wykonywane s\u0105 jedynie z [&hellip;]<\/p>\n","protected":false},"featured_media":3303,"comment_status":"closed","ping_status":"closed","template":"","meta":{"om_disable_all_campaigns":false,"ocean_post_layout":"","ocean_both_sidebars_style":"","ocean_both_sidebars_content_width":0,"ocean_both_sidebars_sidebars_width":0,"ocean_sidebar":"0","ocean_second_sidebar":"0","ocean_disable_margins":"enable","ocean_add_body_class":"","ocean_shortcode_before_top_bar":"","ocean_shortcode_after_top_bar":"","ocean_shortcode_before_header":"","ocean_shortcode_after_header":"","ocean_has_shortcode":"","ocean_shortcode_after_title":"","ocean_shortcode_before_footer_widgets":"","ocean_shortcode_after_footer_widgets":"","ocean_shortcode_before_footer_bottom":"","ocean_shortcode_after_footer_bottom":"","ocean_display_top_bar":"default","ocean_display_header":"default","ocean_header_style":"","ocean_center_header_left_menu":"0","ocean_custom_header_template":"0","ocean_custom_logo":0,"ocean_custom_retina_logo":0,"ocean_custom_logo_max_width":0,"ocean_custom_logo_tablet_max_width":0,"ocean_custom_logo_mobile_max_width":0,"ocean_custom_logo_max_height":0,"ocean_custom_logo_tablet_max_height":0,"ocean_custom_logo_mobile_max_height":0,"ocean_header_custom_menu":"0","ocean_menu_typo_font_family":"0","ocean_menu_typo_font_subset":"","ocean_menu_typo_font_size":0,"ocean_menu_typo_font_size_tablet":0,"ocean_menu_typo_font_size_mobile":0,"ocean_menu_typo_font_size_unit":"px","ocean_menu_typo_font_weight":"","ocean_menu_typo_font_weight_tablet":"","ocean_menu_typo_font_weight_mobile":"","ocean_menu_typo_transform":"","ocean_menu_typo_transform_tablet":"","ocean_menu_typo_transform_mobile":"","ocean_menu_typo_line_height":0,"ocean_menu_typo_line_height_tablet":0,"ocean_menu_typo_line_height_mobile":0,"ocean_menu_typo_line_height_unit":"","ocean_menu_typo_spacing":0,"ocean_menu_typo_spacing_tablet":0,"ocean_menu_typo_spacing_mobile":0,"ocean_menu_typo_spacing_unit":"","ocean_menu_link_color":"","ocean_menu_link_color_hover":"","ocean_menu_link_color_active":"","ocean_menu_link_background":"","ocean_menu_link_hover_background":"","ocean_menu_link_active_background":"","ocean_menu_social_links_bg":"","ocean_menu_social_hover_links_bg":"","ocean_menu_social_links_color":"","ocean_menu_social_hover_links_color":"","ocean_disable_title":"default","ocean_disable_heading":"default","ocean_post_title":"","ocean_post_subheading":"","ocean_post_title_style":"","ocean_post_title_background_color":"","ocean_post_title_background":0,"ocean_post_title_bg_image_position":"","ocean_post_title_bg_image_attachment":"","ocean_post_title_bg_image_repeat":"","ocean_post_title_bg_image_size":"","ocean_post_title_height":0,"ocean_post_title_bg_overlay":0.5,"ocean_post_title_bg_overlay_color":"","ocean_disable_breadcrumbs":"default","ocean_breadcrumbs_color":"","ocean_breadcrumbs_separator_color":"","ocean_breadcrumbs_links_color":"","ocean_breadcrumbs_links_hover_color":"","ocean_display_footer_widgets":"default","ocean_display_footer_bottom":"default","ocean_custom_footer_template":"0"},"product_brand":[],"product_cat":[152,176,150,110,183],"product_tag":[],"class_list":{"0":"post-3311","1":"product","2":"type-product","3":"status-publish","4":"has-post-thumbnail","6":"product_cat-cazki-do-skorek","7":"product_cat-marki","8":"product_cat-narzedzia","9":"product_cat-paznokcie","10":"product_cat-staleks-1","12":"entry","13":"has-media","15":"first","16":"instock","17":"taxable","18":"shipping-taxable","19":"purchasable","20":"product-type-simple","21":"has-product-nav","22":"col","23":"span_1_of_3","24":"owp-content-center","25":"owp-thumbs-layout-horizontal","26":"owp-btn-normal","27":"owp-tabs-layout-horizontal","28":"has-no-thumbnails"},"yoast_head":"<!-- This site is optimized with the Yoast SEO plugin v27.5 - https:\/\/yoast.com\/product\/yoast-seo-wordpress\/ -->\n<title>Staleks C\u0105\u017cki do skorek CLASSIC 10 6mm - velesnails<\/title>\n<meta name=\"robots\" content=\"index, follow, max-snippet:-1, max-image-preview:large, max-video-preview:-1\" \/>\n<link rel=\"canonical\" href=\"https:\/\/velesnails.pl\/uk\/product\/staleks-cazki-do-skorek-classic-10-6mm\/\" \/>\n<meta property=\"og:locale\" content=\"uk_UA\" \/>\n<meta property=\"og:type\" content=\"article\" \/>\n<meta property=\"og:title\" content=\"Staleks C\u0105\u017cki do skorek CLASSIC 10 6mm - velesnails\" \/>\n<meta property=\"og:description\" content=\"C\u0105\u017cki do sk\u00f3rek. &#8211; wykonane ze stali AISI 420, u\u017cywanej do produkcji narz\u0119dzi chirurgicznych, -r\u0119cznie ostrzone na \u015bciernicy diamentowej, -idealne do u\u017cytku profesjonalnego, -nie t\u0119pi\u0105 si\u0119 i nie rdzewiej\u0105 podczas mycia i dezynfekcji, -nadaj\u0105 si\u0119 do sterylizacji w autoklawie. Jako\u015b\u0107 stali chirurgicznej i ostro\u015b\u0107 diamentu Profesjonalne narz\u0119dzia oferowane przez firm\u0119 Staleks wykonywane s\u0105 jedynie z [&hellip;]\" \/>\n<meta property=\"og:url\" content=\"https:\/\/velesnails.pl\/uk\/product\/staleks-cazki-do-skorek-classic-10-6mm\/\" \/>\n<meta property=\"og:site_name\" content=\"velesnails\" \/>\n<meta property=\"article:modified_time\" content=\"2026-01-27T12:28:40+00:00\" \/>\n<meta property=\"og:image\" content=\"https:\/\/velesnails.pl\/wp-content\/uploads\/2024\/07\/CLASSIC-10-6mm.png\" \/>\n\t<meta property=\"og:image:width\" content=\"565\" \/>\n\t<meta property=\"og:image:height\" content=\"817\" \/>\n\t<meta property=\"og:image:type\" content=\"image\/png\" \/>\n<meta name=\"twitter:card\" content=\"summary_large_image\" \/>\n<meta name=\"twitter:label1\" content=\"\u041f\u0440\u0438\u0431\u043b. \u0447\u0430\u0441 \u0447\u0438\u0442\u0430\u043d\u043d\u044f\" \/>\n\t<meta name=\"twitter:data1\" content=\"1 \u0445\u0432\u0438\u043b\u0438\u043d\u0430\" \/>\n<script type=\"application\/ld+json\" class=\"yoast-schema-graph\">{\"@context\":\"https:\\\/\\\/schema.org\",\"@graph\":[{\"@type\":\"WebPage\",\"@id\":\"https:\\\/\\\/velesnails.pl\\\/product\\\/staleks-cazki-do-skorek-classic-10-6mm\\\/\",\"url\":\"https:\\\/\\\/velesnails.pl\\\/product\\\/staleks-cazki-do-skorek-classic-10-6mm\\\/\",\"name\":\"Staleks C\u0105\u017cki do skorek CLASSIC 10 6mm - velesnails\",\"isPartOf\":{\"@id\":\"https:\\\/\\\/velesnails.pl\\\/#website\"},\"primaryImageOfPage\":{\"@id\":\"https:\\\/\\\/velesnails.pl\\\/product\\\/staleks-cazki-do-skorek-classic-10-6mm\\\/#primaryimage\"},\"image\":{\"@id\":\"https:\\\/\\\/velesnails.pl\\\/product\\\/staleks-cazki-do-skorek-classic-10-6mm\\\/#primaryimage\"},\"thumbnailUrl\":\"https:\\\/\\\/i0.wp.com\\\/velesnails.pl\\\/wp-content\\\/uploads\\\/2024\\\/07\\\/CLASSIC-10-6mm.png?fit=565%2C817&ssl=1\",\"datePublished\":\"2024-07-28T06:56:25+00:00\",\"dateModified\":\"2026-01-27T12:28:40+00:00\",\"breadcrumb\":{\"@id\":\"https:\\\/\\\/velesnails.pl\\\/product\\\/staleks-cazki-do-skorek-classic-10-6mm\\\/#breadcrumb\"},\"inLanguage\":\"uk\",\"potentialAction\":[{\"@type\":\"ReadAction\",\"target\":[\"https:\\\/\\\/velesnails.pl\\\/product\\\/staleks-cazki-do-skorek-classic-10-6mm\\\/\"]}]},{\"@type\":\"ImageObject\",\"inLanguage\":\"uk\",\"@id\":\"https:\\\/\\\/velesnails.pl\\\/product\\\/staleks-cazki-do-skorek-classic-10-6mm\\\/#primaryimage\",\"url\":\"https:\\\/\\\/i0.wp.com\\\/velesnails.pl\\\/wp-content\\\/uploads\\\/2024\\\/07\\\/CLASSIC-10-6mm.png?fit=565%2C817&ssl=1\",\"contentUrl\":\"https:\\\/\\\/i0.wp.com\\\/velesnails.pl\\\/wp-content\\\/uploads\\\/2024\\\/07\\\/CLASSIC-10-6mm.png?fit=565%2C817&ssl=1\",\"width\":565,\"height\":817},{\"@type\":\"BreadcrumbList\",\"@id\":\"https:\\\/\\\/velesnails.pl\\\/product\\\/staleks-cazki-do-skorek-classic-10-6mm\\\/#breadcrumb\",\"itemListElement\":[{\"@type\":\"ListItem\",\"position\":1,\"name\":\"\u0413\u043e\u043b\u043e\u0432\u043d\u0430\",\"item\":\"https:\\\/\\\/velesnails.pl\\\/\"},{\"@type\":\"ListItem\",\"position\":2,\"name\":\"Sklep\",\"item\":\"https:\\\/\\\/velesnails.pl\\\/shop\\\/\"},{\"@type\":\"ListItem\",\"position\":3,\"name\":\"Staleks C\u0105\u017cki do skorek CLASSIC 10 6mm\"}]},{\"@type\":\"WebSite\",\"@id\":\"https:\\\/\\\/velesnails.pl\\\/#website\",\"url\":\"https:\\\/\\\/velesnails.pl\\\/\",\"name\":\"velesnails\",\"description\":\"Sklep z manicure\",\"publisher\":{\"@id\":\"https:\\\/\\\/velesnails.pl\\\/#organization\"},\"potentialAction\":[{\"@type\":\"SearchAction\",\"target\":{\"@type\":\"EntryPoint\",\"urlTemplate\":\"https:\\\/\\\/velesnails.pl\\\/?s={search_term_string}\"},\"query-input\":{\"@type\":\"PropertyValueSpecification\",\"valueRequired\":true,\"valueName\":\"search_term_string\"}}],\"inLanguage\":\"uk\"},{\"@type\":\"Organization\",\"@id\":\"https:\\\/\\\/velesnails.pl\\\/#organization\",\"name\":\"velesnails\",\"url\":\"https:\\\/\\\/velesnails.pl\\\/\",\"logo\":{\"@type\":\"ImageObject\",\"inLanguage\":\"uk\",\"@id\":\"https:\\\/\\\/velesnails.pl\\\/#\\\/schema\\\/logo\\\/image\\\/\",\"url\":\"https:\\\/\\\/i0.wp.com\\\/velesnails.pl\\\/wp-content\\\/uploads\\\/2025\\\/10\\\/cropped-obraz_viber_2025-10-22_13-55-55-969.jpg?fit=485%2C381&ssl=1\",\"contentUrl\":\"https:\\\/\\\/i0.wp.com\\\/velesnails.pl\\\/wp-content\\\/uploads\\\/2025\\\/10\\\/cropped-obraz_viber_2025-10-22_13-55-55-969.jpg?fit=485%2C381&ssl=1\",\"width\":485,\"height\":381,\"caption\":\"velesnails\"},\"image\":{\"@id\":\"https:\\\/\\\/velesnails.pl\\\/#\\\/schema\\\/logo\\\/image\\\/\"}}]}<\/script>\n<!-- \/ Yoast SEO plugin. -->","yoast_head_json":{"title":"Staleks C\u0105\u017cki do skorek CLASSIC 10 6mm - velesnails","robots":{"index":"index","follow":"follow","max-snippet":"max-snippet:-1","max-image-preview":"max-image-preview:large","max-video-preview":"max-video-preview:-1"},"canonical":"https:\/\/velesnails.pl\/uk\/product\/staleks-cazki-do-skorek-classic-10-6mm\/","og_locale":"uk_UA","og_type":"article","og_title":"Staleks C\u0105\u017cki do skorek CLASSIC 10 6mm - velesnails","og_description":"C\u0105\u017cki do sk\u00f3rek. &#8211; wykonane ze stali AISI 420, u\u017cywanej do produkcji narz\u0119dzi chirurgicznych, -r\u0119cznie ostrzone na \u015bciernicy diamentowej, -idealne do u\u017cytku profesjonalnego, -nie t\u0119pi\u0105 si\u0119 i nie rdzewiej\u0105 podczas mycia i dezynfekcji, -nadaj\u0105 si\u0119 do sterylizacji w autoklawie. Jako\u015b\u0107 stali chirurgicznej i ostro\u015b\u0107 diamentu Profesjonalne narz\u0119dzia oferowane przez firm\u0119 Staleks wykonywane s\u0105 jedynie z [&hellip;]","og_url":"https:\/\/velesnails.pl\/uk\/product\/staleks-cazki-do-skorek-classic-10-6mm\/","og_site_name":"velesnails","article_modified_time":"2026-01-27T12:28:40+00:00","og_image":[{"width":565,"height":817,"url":"https:\/\/velesnails.pl\/wp-content\/uploads\/2024\/07\/CLASSIC-10-6mm.png","type":"image\/png"}],"twitter_card":"summary_large_image","twitter_misc":{"\u041f\u0440\u0438\u0431\u043b. \u0447\u0430\u0441 \u0447\u0438\u0442\u0430\u043d\u043d\u044f":"1 \u0445\u0432\u0438\u043b\u0438\u043d\u0430"},"schema":{"@context":"https:\/\/schema.org","@graph":[{"@type":"WebPage","@id":"https:\/\/velesnails.pl\/product\/staleks-cazki-do-skorek-classic-10-6mm\/","url":"https:\/\/velesnails.pl\/product\/staleks-cazki-do-skorek-classic-10-6mm\/","name":"Staleks C\u0105\u017cki do skorek CLASSIC 10 6mm - velesnails","isPartOf":{"@id":"https:\/\/velesnails.pl\/#website"},"primaryImageOfPage":{"@id":"https:\/\/velesnails.pl\/product\/staleks-cazki-do-skorek-classic-10-6mm\/#primaryimage"},"image":{"@id":"https:\/\/velesnails.pl\/product\/staleks-cazki-do-skorek-classic-10-6mm\/#primaryimage"},"thumbnailUrl":"https:\/\/i0.wp.com\/velesnails.pl\/wp-content\/uploads\/2024\/07\/CLASSIC-10-6mm.png?fit=565%2C817&ssl=1","datePublished":"2024-07-28T06:56:25+00:00","dateModified":"2026-01-27T12:28:40+00:00","breadcrumb":{"@id":"https:\/\/velesnails.pl\/product\/staleks-cazki-do-skorek-classic-10-6mm\/#breadcrumb"},"inLanguage":"uk","potentialAction":[{"@type":"ReadAction","target":["https:\/\/velesnails.pl\/product\/staleks-cazki-do-skorek-classic-10-6mm\/"]}]},{"@type":"ImageObject","inLanguage":"uk","@id":"https:\/\/velesnails.pl\/product\/staleks-cazki-do-skorek-classic-10-6mm\/#primaryimage","url":"https:\/\/i0.wp.com\/velesnails.pl\/wp-content\/uploads\/2024\/07\/CLASSIC-10-6mm.png?fit=565%2C817&ssl=1","contentUrl":"https:\/\/i0.wp.com\/velesnails.pl\/wp-content\/uploads\/2024\/07\/CLASSIC-10-6mm.png?fit=565%2C817&ssl=1","width":565,"height":817},{"@type":"BreadcrumbList","@id":"https:\/\/velesnails.pl\/product\/staleks-cazki-do-skorek-classic-10-6mm\/#breadcrumb","itemListElement":[{"@type":"ListItem","position":1,"name":"\u0413\u043e\u043b\u043e\u0432\u043d\u0430","item":"https:\/\/velesnails.pl\/"},{"@type":"ListItem","position":2,"name":"Sklep","item":"https:\/\/velesnails.pl\/shop\/"},{"@type":"ListItem","position":3,"name":"Staleks C\u0105\u017cki do skorek CLASSIC 10 6mm"}]},{"@type":"WebSite","@id":"https:\/\/velesnails.pl\/#website","url":"https:\/\/velesnails.pl\/","name":"\u0432\u0435\u043b\u0435\u0441\u043e\u0432\u0456 \u043d\u0456\u0433\u0442\u0456","description":"\u041c\u0430\u043d\u0456\u043a\u044e\u0440\u043d\u0438\u0439 \u0441\u0430\u043b\u043e\u043d","publisher":{"@id":"https:\/\/velesnails.pl\/#organization"},"potentialAction":[{"@type":"SearchAction","target":{"@type":"EntryPoint","urlTemplate":"https:\/\/velesnails.pl\/?s={search_term_string}"},"query-input":{"@type":"PropertyValueSpecification","valueRequired":true,"valueName":"search_term_string"}}],"inLanguage":"uk"},{"@type":"Organization","@id":"https:\/\/velesnails.pl\/#organization","name":"\u0432\u0435\u043b\u0435\u0441\u043e\u0432\u0456 \u043d\u0456\u0433\u0442\u0456","url":"https:\/\/velesnails.pl\/","logo":{"@type":"ImageObject","inLanguage":"uk","@id":"https:\/\/velesnails.pl\/#\/schema\/logo\/image\/","url":"https:\/\/i0.wp.com\/velesnails.pl\/wp-content\/uploads\/2025\/10\/cropped-obraz_viber_2025-10-22_13-55-55-969.jpg?fit=485%2C381&ssl=1","contentUrl":"https:\/\/i0.wp.com\/velesnails.pl\/wp-content\/uploads\/2025\/10\/cropped-obraz_viber_2025-10-22_13-55-55-969.jpg?fit=485%2C381&ssl=1","width":485,"height":381,"caption":"velesnails"},"image":{"@id":"https:\/\/velesnails.pl\/#\/schema\/logo\/image\/"}}]}},"_links":{"self":[{"href":"https:\/\/velesnails.pl\/uk\/wp-json\/wp\/v2\/product\/3311","targetHints":{"allow":["GET"]}}],"collection":[{"href":"https:\/\/velesnails.pl\/uk\/wp-json\/wp\/v2\/product"}],"about":[{"href":"https:\/\/velesnails.pl\/uk\/wp-json\/wp\/v2\/types\/product"}],"replies":[{"embeddable":true,"href":"https:\/\/velesnails.pl\/uk\/wp-json\/wp\/v2\/comments?post=3311"}],"wp:featuredmedia":[{"embeddable":true,"href":"https:\/\/velesnails.pl\/uk\/wp-json\/wp\/v2\/media\/3303"}],"wp:attachment":[{"href":"https:\/\/velesnails.pl\/uk\/wp-json\/wp\/v2\/media?parent=3311"}],"wp:term":[{"taxonomy":"product_brand","embeddable":true,"href":"https:\/\/velesnails.pl\/uk\/wp-json\/wp\/v2\/product_brand?post=3311"},{"taxonomy":"product_cat","embeddable":true,"href":"https:\/\/velesnails.pl\/uk\/wp-json\/wp\/v2\/product_cat?post=3311"},{"taxonomy":"product_tag","embeddable":true,"href":"https:\/\/velesnails.pl\/uk\/wp-json\/wp\/v2\/product_tag?post=3311"}],"curies":[{"name":"wp","href":"https:\/\/api.w.org\/{rel}","templated":true}]}}