{"id":3257,"date":"2024-07-27T13:15:38","date_gmt":"2024-07-27T10:15:38","guid":{"rendered":"https:\/\/velesnails.loc\/?post_type=product&#038;p=3257"},"modified":"2026-04-28T20:25:02","modified_gmt":"2026-04-28T17:25:02","slug":"clavier-dwustronna-polerka-do-paznokci-nablyszczajaca-lodka-gradacja-1000-4000-1szt","status":"publish","type":"product","link":"https:\/\/velesnails.pl\/uk\/product\/clavier-dwustronna-polerka-do-paznokci-nablyszczajaca-lodka-gradacja-1000-4000-1szt\/","title":{"rendered":"Clavier Dwustronna polerka do paznokci \u2013 nab\u0142yszczaj\u0105ca, \u0142\u00f3dka \u2013 gradacja 1000\/4000\u20131szt."},"content":{"rendered":"<p>Dwustronna wyg\u0142adzaj\u0105ca polerka Magic Shiner 1000\/4000<\/p>\n<p>Dwustronna polerka do paznokci w kolorze bia\u0142o-zielonym to doskona\u0142e narz\u0119dzie do uzyskania idealnego po\u0142ysku bez konieczno\u015bci stosowania lakier\u00f3w nab\u0142yszczaj\u0105cych czy innych produkt\u00f3w. Dzi\u0119ki dw\u00f3m stopniom polerowania, ta polerka nab\u0142yszczaj\u0105ca gwarantuje wyj\u0105tkow\u0105 g\u0142adko\u015b\u0107 naturalnej p\u0142ytki paznokciowej oraz nadaje niezwyk\u0142y b\u0142ysk paznokciom akrylowym.<\/p>\n<p>Wykonana z trwa\u0142ej g\u0105bki, polerka jest niezwykle wygodna w u\u017cyciu i zapewnia precyzyjne dzia\u0142anie. Dzi\u0119ki swojej dwustronnej konstrukcji, umo\u017cliwia szybk\u0105 i skuteczn\u0105 obr\u00f3bk\u0119 paznokci, pozostawiaj\u0105c je l\u015bni\u0105ce i zadbane.<\/p>\n<p>Nie musisz ju\u017c si\u0119 martwi\u0107 o szorstkie powierzchnie czy matowe wyko\u0144czenie \u2013 nasza dwustronna polerka zapewnia paznokciom wysoki po\u0142ysk i elegancj\u0119 bez zb\u0119dnego zachodu. Odkryj nowy poziom piel\u0119gnacji paznokci z nasz\u0105 polerk\u0105 nab\u0142yszczaj\u0105c\u0105!<\/p>\n<p>Cechy produktu:<\/p>\n<p>-wyg\u0142adza niedoskona\u0142o\u015bci lub rysy, kt\u00f3re powsta\u0142y podczas pracy z pilnikiem,<br \/>\n-nadaje po\u0142ysk,<br \/>\n-matowi p\u0142ytk\u0119 paznokcia pod tipsy, \u017cel UV i akryl,<br \/>\n-kolor bia\u0142o zielony.<br \/>\nPosiada dwie strony o odmiennej gradacji \u2013 s\u0142u\u017cy do polerowania i nab\u0142yszczania p\u0142ytki paznokcia. Wysok\u0105 jako\u015b\u0107 gwarantuje wykonanie z wysokogatunkowej g\u0105bki, nie kruszy si\u0119 na brzegach i nie odkszta\u0142ca.<\/p>","protected":false},"excerpt":{"rendered":"<p>Dwustronna wyg\u0142adzaj\u0105ca polerka Magic Shiner 1000\/4000 Dwustronna polerka do paznokci w kolorze bia\u0142o-zielonym to doskona\u0142e narz\u0119dzie do uzyskania idealnego po\u0142ysku bez konieczno\u015bci stosowania lakier\u00f3w nab\u0142yszczaj\u0105cych czy innych produkt\u00f3w. Dzi\u0119ki dw\u00f3m stopniom polerowania, ta polerka nab\u0142yszczaj\u0105ca gwarantuje wyj\u0105tkow\u0105 g\u0142adko\u015b\u0107 naturalnej p\u0142ytki paznokciowej oraz nadaje niezwyk\u0142y b\u0142ysk paznokciom akrylowym. Wykonana z trwa\u0142ej g\u0105bki, polerka jest niezwykle wygodna [&hellip;]<\/p>\n","protected":false},"featured_media":3258,"comment_status":"closed","ping_status":"closed","template":"","meta":{"om_disable_all_campaigns":false,"ocean_post_layout":"","ocean_both_sidebars_style":"","ocean_both_sidebars_content_width":0,"ocean_both_sidebars_sidebars_width":0,"ocean_sidebar":"0","ocean_second_sidebar":"0","ocean_disable_margins":"enable","ocean_add_body_class":"","ocean_shortcode_before_top_bar":"","ocean_shortcode_after_top_bar":"","ocean_shortcode_before_header":"","ocean_shortcode_after_header":"","ocean_has_shortcode":"","ocean_shortcode_after_title":"","ocean_shortcode_before_footer_widgets":"","ocean_shortcode_after_footer_widgets":"","ocean_shortcode_before_footer_bottom":"","ocean_shortcode_after_footer_bottom":"","ocean_display_top_bar":"default","ocean_display_header":"default","ocean_header_style":"","ocean_center_header_left_menu":"0","ocean_custom_header_template":"0","ocean_custom_logo":0,"ocean_custom_retina_logo":0,"ocean_custom_logo_max_width":0,"ocean_custom_logo_tablet_max_width":0,"ocean_custom_logo_mobile_max_width":0,"ocean_custom_logo_max_height":0,"ocean_custom_logo_tablet_max_height":0,"ocean_custom_logo_mobile_max_height":0,"ocean_header_custom_menu":"0","ocean_menu_typo_font_family":"0","ocean_menu_typo_font_subset":"","ocean_menu_typo_font_size":0,"ocean_menu_typo_font_size_tablet":0,"ocean_menu_typo_font_size_mobile":0,"ocean_menu_typo_font_size_unit":"px","ocean_menu_typo_font_weight":"","ocean_menu_typo_font_weight_tablet":"","ocean_menu_typo_font_weight_mobile":"","ocean_menu_typo_transform":"","ocean_menu_typo_transform_tablet":"","ocean_menu_typo_transform_mobile":"","ocean_menu_typo_line_height":0,"ocean_menu_typo_line_height_tablet":0,"ocean_menu_typo_line_height_mobile":0,"ocean_menu_typo_line_height_unit":"","ocean_menu_typo_spacing":0,"ocean_menu_typo_spacing_tablet":0,"ocean_menu_typo_spacing_mobile":0,"ocean_menu_typo_spacing_unit":"","ocean_menu_link_color":"","ocean_menu_link_color_hover":"","ocean_menu_link_color_active":"","ocean_menu_link_background":"","ocean_menu_link_hover_background":"","ocean_menu_link_active_background":"","ocean_menu_social_links_bg":"","ocean_menu_social_hover_links_bg":"","ocean_menu_social_links_color":"","ocean_menu_social_hover_links_color":"","ocean_disable_title":"default","ocean_disable_heading":"default","ocean_post_title":"","ocean_post_subheading":"","ocean_post_title_style":"","ocean_post_title_background_color":"","ocean_post_title_background":0,"ocean_post_title_bg_image_position":"","ocean_post_title_bg_image_attachment":"","ocean_post_title_bg_image_repeat":"","ocean_post_title_bg_image_size":"","ocean_post_title_height":0,"ocean_post_title_bg_overlay":0.5,"ocean_post_title_bg_overlay_color":"","ocean_disable_breadcrumbs":"default","ocean_breadcrumbs_color":"","ocean_breadcrumbs_separator_color":"","ocean_breadcrumbs_links_color":"","ocean_breadcrumbs_links_hover_color":"","ocean_display_footer_widgets":"default","ocean_display_footer_bottom":"default","ocean_custom_footer_template":"0"},"product_brand":[],"product_cat":[190,176,110,147,149],"product_tag":[],"class_list":{"0":"post-3257","1":"product","2":"type-product","3":"status-publish","4":"has-post-thumbnail","6":"product_cat-clavier-1","7":"product_cat-marki","8":"product_cat-paznokcie","9":"product_cat-pilniki-i-polerki","10":"product_cat-polerki","12":"entry","13":"has-media","15":"first","16":"outofstock","17":"taxable","18":"shipping-taxable","19":"purchasable","20":"product-type-simple","21":"has-product-nav","22":"col","23":"span_1_of_3","24":"owp-content-center","25":"owp-thumbs-layout-horizontal","26":"owp-btn-normal","27":"owp-tabs-layout-horizontal","28":"has-no-thumbnails"},"yoast_head":"<!-- This site is optimized with the Yoast SEO plugin v27.6 - https:\/\/yoast.com\/product\/yoast-seo-wordpress\/ -->\n<title>Clavier Dwustronna polerka do paznokci \u2013 nab\u0142yszczaj\u0105ca, \u0142\u00f3dka \u2013 gradacja 1000\/4000\u20131szt. - velesnails<\/title>\n<meta name=\"robots\" content=\"index, follow, max-snippet:-1, max-image-preview:large, max-video-preview:-1\" \/>\n<link rel=\"canonical\" href=\"https:\/\/velesnails.pl\/uk\/product\/clavier-dwustronna-polerka-do-paznokci-nablyszczajaca-lodka-gradacja-1000-4000-1szt\/\" \/>\n<meta property=\"og:locale\" content=\"uk_UA\" \/>\n<meta property=\"og:type\" content=\"article\" \/>\n<meta property=\"og:title\" content=\"Clavier Dwustronna polerka do paznokci \u2013 nab\u0142yszczaj\u0105ca, \u0142\u00f3dka \u2013 gradacja 1000\/4000\u20131szt. - velesnails\" \/>\n<meta property=\"og:description\" content=\"Dwustronna wyg\u0142adzaj\u0105ca polerka Magic Shiner 1000\/4000 Dwustronna polerka do paznokci w kolorze bia\u0142o-zielonym to doskona\u0142e narz\u0119dzie do uzyskania idealnego po\u0142ysku bez konieczno\u015bci stosowania lakier\u00f3w nab\u0142yszczaj\u0105cych czy innych produkt\u00f3w. Dzi\u0119ki dw\u00f3m stopniom polerowania, ta polerka nab\u0142yszczaj\u0105ca gwarantuje wyj\u0105tkow\u0105 g\u0142adko\u015b\u0107 naturalnej p\u0142ytki paznokciowej oraz nadaje niezwyk\u0142y b\u0142ysk paznokciom akrylowym. Wykonana z trwa\u0142ej g\u0105bki, polerka jest niezwykle wygodna [&hellip;]\" \/>\n<meta property=\"og:url\" content=\"https:\/\/velesnails.pl\/uk\/product\/clavier-dwustronna-polerka-do-paznokci-nablyszczajaca-lodka-gradacja-1000-4000-1szt\/\" \/>\n<meta property=\"og:site_name\" content=\"velesnails\" \/>\n<meta property=\"article:modified_time\" content=\"2026-04-28T17:25:02+00:00\" \/>\n<meta property=\"og:image\" content=\"https:\/\/velesnails.pl\/wp-content\/uploads\/2024\/07\/Clavier-Dwustronna-lodka-1000-4000.png\" \/>\n\t<meta property=\"og:image:width\" content=\"827\" \/>\n\t<meta property=\"og:image:height\" content=\"838\" \/>\n\t<meta property=\"og:image:type\" content=\"image\/png\" \/>\n<meta name=\"twitter:card\" content=\"summary_large_image\" \/>\n<meta name=\"twitter:label1\" content=\"\u041f\u0440\u0438\u0431\u043b. \u0447\u0430\u0441 \u0447\u0438\u0442\u0430\u043d\u043d\u044f\" \/>\n\t<meta name=\"twitter:data1\" content=\"1 \u0445\u0432\u0438\u043b\u0438\u043d\u0430\" \/>\n<script type=\"application\/ld+json\" class=\"yoast-schema-graph\">{\"@context\":\"https:\\\/\\\/schema.org\",\"@graph\":[{\"@type\":\"WebPage\",\"@id\":\"https:\\\/\\\/velesnails.pl\\\/product\\\/clavier-dwustronna-polerka-do-paznokci-nablyszczajaca-lodka-gradacja-1000-4000-1szt\\\/\",\"url\":\"https:\\\/\\\/velesnails.pl\\\/product\\\/clavier-dwustronna-polerka-do-paznokci-nablyszczajaca-lodka-gradacja-1000-4000-1szt\\\/\",\"name\":\"Clavier Dwustronna polerka do paznokci \u2013 nab\u0142yszczaj\u0105ca, \u0142\u00f3dka \u2013 gradacja 1000\\\/4000\u20131szt. - velesnails\",\"isPartOf\":{\"@id\":\"https:\\\/\\\/velesnails.pl\\\/#website\"},\"primaryImageOfPage\":{\"@id\":\"https:\\\/\\\/velesnails.pl\\\/product\\\/clavier-dwustronna-polerka-do-paznokci-nablyszczajaca-lodka-gradacja-1000-4000-1szt\\\/#primaryimage\"},\"image\":{\"@id\":\"https:\\\/\\\/velesnails.pl\\\/product\\\/clavier-dwustronna-polerka-do-paznokci-nablyszczajaca-lodka-gradacja-1000-4000-1szt\\\/#primaryimage\"},\"thumbnailUrl\":\"https:\\\/\\\/i0.wp.com\\\/velesnails.pl\\\/wp-content\\\/uploads\\\/2024\\\/07\\\/Clavier-Dwustronna-lodka-1000-4000.png?fit=827%2C838&ssl=1\",\"datePublished\":\"2024-07-27T10:15:38+00:00\",\"dateModified\":\"2026-04-28T17:25:02+00:00\",\"breadcrumb\":{\"@id\":\"https:\\\/\\\/velesnails.pl\\\/product\\\/clavier-dwustronna-polerka-do-paznokci-nablyszczajaca-lodka-gradacja-1000-4000-1szt\\\/#breadcrumb\"},\"inLanguage\":\"uk\",\"potentialAction\":[{\"@type\":\"ReadAction\",\"target\":[\"https:\\\/\\\/velesnails.pl\\\/product\\\/clavier-dwustronna-polerka-do-paznokci-nablyszczajaca-lodka-gradacja-1000-4000-1szt\\\/\"]}]},{\"@type\":\"ImageObject\",\"inLanguage\":\"uk\",\"@id\":\"https:\\\/\\\/velesnails.pl\\\/product\\\/clavier-dwustronna-polerka-do-paznokci-nablyszczajaca-lodka-gradacja-1000-4000-1szt\\\/#primaryimage\",\"url\":\"https:\\\/\\\/i0.wp.com\\\/velesnails.pl\\\/wp-content\\\/uploads\\\/2024\\\/07\\\/Clavier-Dwustronna-lodka-1000-4000.png?fit=827%2C838&ssl=1\",\"contentUrl\":\"https:\\\/\\\/i0.wp.com\\\/velesnails.pl\\\/wp-content\\\/uploads\\\/2024\\\/07\\\/Clavier-Dwustronna-lodka-1000-4000.png?fit=827%2C838&ssl=1\",\"width\":827,\"height\":838},{\"@type\":\"BreadcrumbList\",\"@id\":\"https:\\\/\\\/velesnails.pl\\\/product\\\/clavier-dwustronna-polerka-do-paznokci-nablyszczajaca-lodka-gradacja-1000-4000-1szt\\\/#breadcrumb\",\"itemListElement\":[{\"@type\":\"ListItem\",\"position\":1,\"name\":\"\u0413\u043e\u043b\u043e\u0432\u043d\u0430\",\"item\":\"https:\\\/\\\/velesnails.pl\\\/\"},{\"@type\":\"ListItem\",\"position\":2,\"name\":\"Sklep\",\"item\":\"https:\\\/\\\/velesnails.pl\\\/shop\\\/\"},{\"@type\":\"ListItem\",\"position\":3,\"name\":\"Clavier Dwustronna polerka do paznokci \u2013 nab\u0142yszczaj\u0105ca, \u0142\u00f3dka \u2013 gradacja 1000\\\/4000\u20131szt.\"}]},{\"@type\":\"WebSite\",\"@id\":\"https:\\\/\\\/velesnails.pl\\\/#website\",\"url\":\"https:\\\/\\\/velesnails.pl\\\/\",\"name\":\"velesnails\",\"description\":\"Sklep z manicure\",\"publisher\":{\"@id\":\"https:\\\/\\\/velesnails.pl\\\/#organization\"},\"potentialAction\":[{\"@type\":\"SearchAction\",\"target\":{\"@type\":\"EntryPoint\",\"urlTemplate\":\"https:\\\/\\\/velesnails.pl\\\/?s={search_term_string}\"},\"query-input\":{\"@type\":\"PropertyValueSpecification\",\"valueRequired\":true,\"valueName\":\"search_term_string\"}}],\"inLanguage\":\"uk\"},{\"@type\":\"Organization\",\"@id\":\"https:\\\/\\\/velesnails.pl\\\/#organization\",\"name\":\"velesnails\",\"url\":\"https:\\\/\\\/velesnails.pl\\\/\",\"logo\":{\"@type\":\"ImageObject\",\"inLanguage\":\"uk\",\"@id\":\"https:\\\/\\\/velesnails.pl\\\/#\\\/schema\\\/logo\\\/image\\\/\",\"url\":\"https:\\\/\\\/i0.wp.com\\\/velesnails.pl\\\/wp-content\\\/uploads\\\/2025\\\/10\\\/cropped-obraz_viber_2025-10-22_13-55-55-969.jpg?fit=485%2C381&ssl=1\",\"contentUrl\":\"https:\\\/\\\/i0.wp.com\\\/velesnails.pl\\\/wp-content\\\/uploads\\\/2025\\\/10\\\/cropped-obraz_viber_2025-10-22_13-55-55-969.jpg?fit=485%2C381&ssl=1\",\"width\":485,\"height\":381,\"caption\":\"velesnails\"},\"image\":{\"@id\":\"https:\\\/\\\/velesnails.pl\\\/#\\\/schema\\\/logo\\\/image\\\/\"}}]}<\/script>\n<!-- \/ Yoast SEO plugin. -->","yoast_head_json":{"title":"Clavier Dwustronna polerka do paznokci \u2013 nab\u0142yszczaj\u0105ca, \u0142\u00f3dka \u2013 gradacja 1000\/4000\u20131szt. - velesnails","robots":{"index":"index","follow":"follow","max-snippet":"max-snippet:-1","max-image-preview":"max-image-preview:large","max-video-preview":"max-video-preview:-1"},"canonical":"https:\/\/velesnails.pl\/uk\/product\/clavier-dwustronna-polerka-do-paznokci-nablyszczajaca-lodka-gradacja-1000-4000-1szt\/","og_locale":"uk_UA","og_type":"article","og_title":"Clavier Dwustronna polerka do paznokci \u2013 nab\u0142yszczaj\u0105ca, \u0142\u00f3dka \u2013 gradacja 1000\/4000\u20131szt. - velesnails","og_description":"Dwustronna wyg\u0142adzaj\u0105ca polerka Magic Shiner 1000\/4000 Dwustronna polerka do paznokci w kolorze bia\u0142o-zielonym to doskona\u0142e narz\u0119dzie do uzyskania idealnego po\u0142ysku bez konieczno\u015bci stosowania lakier\u00f3w nab\u0142yszczaj\u0105cych czy innych produkt\u00f3w. Dzi\u0119ki dw\u00f3m stopniom polerowania, ta polerka nab\u0142yszczaj\u0105ca gwarantuje wyj\u0105tkow\u0105 g\u0142adko\u015b\u0107 naturalnej p\u0142ytki paznokciowej oraz nadaje niezwyk\u0142y b\u0142ysk paznokciom akrylowym. Wykonana z trwa\u0142ej g\u0105bki, polerka jest niezwykle wygodna [&hellip;]","og_url":"https:\/\/velesnails.pl\/uk\/product\/clavier-dwustronna-polerka-do-paznokci-nablyszczajaca-lodka-gradacja-1000-4000-1szt\/","og_site_name":"velesnails","article_modified_time":"2026-04-28T17:25:02+00:00","og_image":[{"width":827,"height":838,"url":"https:\/\/velesnails.pl\/wp-content\/uploads\/2024\/07\/Clavier-Dwustronna-lodka-1000-4000.png","type":"image\/png"}],"twitter_card":"summary_large_image","twitter_misc":{"\u041f\u0440\u0438\u0431\u043b. \u0447\u0430\u0441 \u0447\u0438\u0442\u0430\u043d\u043d\u044f":"1 \u0445\u0432\u0438\u043b\u0438\u043d\u0430"},"schema":{"@context":"https:\/\/schema.org","@graph":[{"@type":"WebPage","@id":"https:\/\/velesnails.pl\/product\/clavier-dwustronna-polerka-do-paznokci-nablyszczajaca-lodka-gradacja-1000-4000-1szt\/","url":"https:\/\/velesnails.pl\/product\/clavier-dwustronna-polerka-do-paznokci-nablyszczajaca-lodka-gradacja-1000-4000-1szt\/","name":"Clavier Dwustronna polerka do paznokci \u2013 nab\u0142yszczaj\u0105ca, \u0142\u00f3dka \u2013 gradacja 1000\/4000\u20131szt. - velesnails","isPartOf":{"@id":"https:\/\/velesnails.pl\/#website"},"primaryImageOfPage":{"@id":"https:\/\/velesnails.pl\/product\/clavier-dwustronna-polerka-do-paznokci-nablyszczajaca-lodka-gradacja-1000-4000-1szt\/#primaryimage"},"image":{"@id":"https:\/\/velesnails.pl\/product\/clavier-dwustronna-polerka-do-paznokci-nablyszczajaca-lodka-gradacja-1000-4000-1szt\/#primaryimage"},"thumbnailUrl":"https:\/\/i0.wp.com\/velesnails.pl\/wp-content\/uploads\/2024\/07\/Clavier-Dwustronna-lodka-1000-4000.png?fit=827%2C838&ssl=1","datePublished":"2024-07-27T10:15:38+00:00","dateModified":"2026-04-28T17:25:02+00:00","breadcrumb":{"@id":"https:\/\/velesnails.pl\/product\/clavier-dwustronna-polerka-do-paznokci-nablyszczajaca-lodka-gradacja-1000-4000-1szt\/#breadcrumb"},"inLanguage":"uk","potentialAction":[{"@type":"ReadAction","target":["https:\/\/velesnails.pl\/product\/clavier-dwustronna-polerka-do-paznokci-nablyszczajaca-lodka-gradacja-1000-4000-1szt\/"]}]},{"@type":"ImageObject","inLanguage":"uk","@id":"https:\/\/velesnails.pl\/product\/clavier-dwustronna-polerka-do-paznokci-nablyszczajaca-lodka-gradacja-1000-4000-1szt\/#primaryimage","url":"https:\/\/i0.wp.com\/velesnails.pl\/wp-content\/uploads\/2024\/07\/Clavier-Dwustronna-lodka-1000-4000.png?fit=827%2C838&ssl=1","contentUrl":"https:\/\/i0.wp.com\/velesnails.pl\/wp-content\/uploads\/2024\/07\/Clavier-Dwustronna-lodka-1000-4000.png?fit=827%2C838&ssl=1","width":827,"height":838},{"@type":"BreadcrumbList","@id":"https:\/\/velesnails.pl\/product\/clavier-dwustronna-polerka-do-paznokci-nablyszczajaca-lodka-gradacja-1000-4000-1szt\/#breadcrumb","itemListElement":[{"@type":"ListItem","position":1,"name":"\u0413\u043e\u043b\u043e\u0432\u043d\u0430","item":"https:\/\/velesnails.pl\/"},{"@type":"ListItem","position":2,"name":"Sklep","item":"https:\/\/velesnails.pl\/shop\/"},{"@type":"ListItem","position":3,"name":"Clavier Dwustronna polerka do paznokci \u2013 nab\u0142yszczaj\u0105ca, \u0142\u00f3dka \u2013 gradacja 1000\/4000\u20131szt."}]},{"@type":"WebSite","@id":"https:\/\/velesnails.pl\/#website","url":"https:\/\/velesnails.pl\/","name":"\u0432\u0435\u043b\u0435\u0441\u043e\u0432\u0456 \u043d\u0456\u0433\u0442\u0456","description":"\u041c\u0430\u043d\u0456\u043a\u044e\u0440\u043d\u0438\u0439 \u0441\u0430\u043b\u043e\u043d","publisher":{"@id":"https:\/\/velesnails.pl\/#organization"},"potentialAction":[{"@type":"SearchAction","target":{"@type":"EntryPoint","urlTemplate":"https:\/\/velesnails.pl\/?s={search_term_string}"},"query-input":{"@type":"PropertyValueSpecification","valueRequired":true,"valueName":"search_term_string"}}],"inLanguage":"uk"},{"@type":"Organization","@id":"https:\/\/velesnails.pl\/#organization","name":"\u0432\u0435\u043b\u0435\u0441\u043e\u0432\u0456 \u043d\u0456\u0433\u0442\u0456","url":"https:\/\/velesnails.pl\/","logo":{"@type":"ImageObject","inLanguage":"uk","@id":"https:\/\/velesnails.pl\/#\/schema\/logo\/image\/","url":"https:\/\/i0.wp.com\/velesnails.pl\/wp-content\/uploads\/2025\/10\/cropped-obraz_viber_2025-10-22_13-55-55-969.jpg?fit=485%2C381&ssl=1","contentUrl":"https:\/\/i0.wp.com\/velesnails.pl\/wp-content\/uploads\/2025\/10\/cropped-obraz_viber_2025-10-22_13-55-55-969.jpg?fit=485%2C381&ssl=1","width":485,"height":381,"caption":"velesnails"},"image":{"@id":"https:\/\/velesnails.pl\/#\/schema\/logo\/image\/"}}]}},"_links":{"self":[{"href":"https:\/\/velesnails.pl\/uk\/wp-json\/wp\/v2\/product\/3257","targetHints":{"allow":["GET"]}}],"collection":[{"href":"https:\/\/velesnails.pl\/uk\/wp-json\/wp\/v2\/product"}],"about":[{"href":"https:\/\/velesnails.pl\/uk\/wp-json\/wp\/v2\/types\/product"}],"replies":[{"embeddable":true,"href":"https:\/\/velesnails.pl\/uk\/wp-json\/wp\/v2\/comments?post=3257"}],"wp:featuredmedia":[{"embeddable":true,"href":"https:\/\/velesnails.pl\/uk\/wp-json\/wp\/v2\/media\/3258"}],"wp:attachment":[{"href":"https:\/\/velesnails.pl\/uk\/wp-json\/wp\/v2\/media?parent=3257"}],"wp:term":[{"taxonomy":"product_brand","embeddable":true,"href":"https:\/\/velesnails.pl\/uk\/wp-json\/wp\/v2\/product_brand?post=3257"},{"taxonomy":"product_cat","embeddable":true,"href":"https:\/\/velesnails.pl\/uk\/wp-json\/wp\/v2\/product_cat?post=3257"},{"taxonomy":"product_tag","embeddable":true,"href":"https:\/\/velesnails.pl\/uk\/wp-json\/wp\/v2\/product_tag?post=3257"}],"curies":[{"name":"wp","href":"https:\/\/api.w.org\/{rel}","templated":true}]}}