{"id":3255,"date":"2024-07-27T13:10:53","date_gmt":"2024-07-27T10:10:53","guid":{"rendered":"https:\/\/velesnails.loc\/?post_type=product&#038;p=3255"},"modified":"2025-11-05T12:39:23","modified_gmt":"2025-11-05T09:39:23","slug":"clavier-polerka-do-paznokci-gradacja-100-180","status":"publish","type":"product","link":"https:\/\/velesnails.pl\/uk\/product\/clavier-polerka-do-paznokci-gradacja-100-180\/","title":{"rendered":"Clavier Polerka do paznokci \u2013 gradacja 100\/180"},"content":{"rendered":"<p>Polerka do paznokci to niezast\u0105pione narz\u0119dzie w profesjonalnej piel\u0119gnacji paznokci, zaprojektowane specjalnie do matowienia przed aplikacj\u0105 lakieru hybrydowego, akrylu lub \u017celu. Jej elastyczna, mi\u0119kka konstrukcja sprawia, \u017ce doskonale dopasowuje si\u0119 do d\u0142oni, zapewniaj\u0105c komfortowy chwyt. Dodatkowo, dzi\u0119ki swojej wszechstronno\u015bci, polerka mo\u017ce by\u0107 wykorzystywana do wyg\u0142adzania nier\u00f3wno\u015bci na naturalnych paznokciach, gwarantuj\u0105c perfekcyjny efekt.<\/p>","protected":false},"excerpt":{"rendered":"<p>Polerka do paznokci to niezast\u0105pione narz\u0119dzie w profesjonalnej piel\u0119gnacji paznokci, zaprojektowane specjalnie do matowienia przed aplikacj\u0105 lakieru hybrydowego, akrylu lub \u017celu. Jej elastyczna, mi\u0119kka konstrukcja sprawia, \u017ce doskonale dopasowuje si\u0119 do d\u0142oni, zapewniaj\u0105c komfortowy chwyt. Dodatkowo, dzi\u0119ki swojej wszechstronno\u015bci, polerka mo\u017ce by\u0107 wykorzystywana do wyg\u0142adzania nier\u00f3wno\u015bci na naturalnych paznokciach, gwarantuj\u0105c perfekcyjny efekt.<\/p>","protected":false},"featured_media":3256,"comment_status":"open","ping_status":"closed","template":"","meta":{"om_disable_all_campaigns":false,"ocean_post_layout":"","ocean_both_sidebars_style":"","ocean_both_sidebars_content_width":0,"ocean_both_sidebars_sidebars_width":0,"ocean_sidebar":"0","ocean_second_sidebar":"0","ocean_disable_margins":"enable","ocean_add_body_class":"","ocean_shortcode_before_top_bar":"","ocean_shortcode_after_top_bar":"","ocean_shortcode_before_header":"","ocean_shortcode_after_header":"","ocean_has_shortcode":"","ocean_shortcode_after_title":"","ocean_shortcode_before_footer_widgets":"","ocean_shortcode_after_footer_widgets":"","ocean_shortcode_before_footer_bottom":"","ocean_shortcode_after_footer_bottom":"","ocean_display_top_bar":"default","ocean_display_header":"default","ocean_header_style":"","ocean_center_header_left_menu":"0","ocean_custom_header_template":"0","ocean_custom_logo":0,"ocean_custom_retina_logo":0,"ocean_custom_logo_max_width":0,"ocean_custom_logo_tablet_max_width":0,"ocean_custom_logo_mobile_max_width":0,"ocean_custom_logo_max_height":0,"ocean_custom_logo_tablet_max_height":0,"ocean_custom_logo_mobile_max_height":0,"ocean_header_custom_menu":"0","ocean_menu_typo_font_family":"0","ocean_menu_typo_font_subset":"","ocean_menu_typo_font_size":0,"ocean_menu_typo_font_size_tablet":0,"ocean_menu_typo_font_size_mobile":0,"ocean_menu_typo_font_size_unit":"px","ocean_menu_typo_font_weight":"","ocean_menu_typo_font_weight_tablet":"","ocean_menu_typo_font_weight_mobile":"","ocean_menu_typo_transform":"","ocean_menu_typo_transform_tablet":"","ocean_menu_typo_transform_mobile":"","ocean_menu_typo_line_height":0,"ocean_menu_typo_line_height_tablet":0,"ocean_menu_typo_line_height_mobile":0,"ocean_menu_typo_line_height_unit":"","ocean_menu_typo_spacing":0,"ocean_menu_typo_spacing_tablet":0,"ocean_menu_typo_spacing_mobile":0,"ocean_menu_typo_spacing_unit":"","ocean_menu_link_color":"","ocean_menu_link_color_hover":"","ocean_menu_link_color_active":"","ocean_menu_link_background":"","ocean_menu_link_hover_background":"","ocean_menu_link_active_background":"","ocean_menu_social_links_bg":"","ocean_menu_social_hover_links_bg":"","ocean_menu_social_links_color":"","ocean_menu_social_hover_links_color":"","ocean_disable_title":"default","ocean_disable_heading":"default","ocean_post_title":"","ocean_post_subheading":"","ocean_post_title_style":"","ocean_post_title_background_color":"","ocean_post_title_background":0,"ocean_post_title_bg_image_position":"","ocean_post_title_bg_image_attachment":"","ocean_post_title_bg_image_repeat":"","ocean_post_title_bg_image_size":"","ocean_post_title_height":0,"ocean_post_title_bg_overlay":0.5,"ocean_post_title_bg_overlay_color":"","ocean_disable_breadcrumbs":"default","ocean_breadcrumbs_color":"","ocean_breadcrumbs_separator_color":"","ocean_breadcrumbs_links_color":"","ocean_breadcrumbs_links_hover_color":"","ocean_display_footer_widgets":"default","ocean_display_footer_bottom":"default","ocean_custom_footer_template":"0"},"product_brand":[],"product_cat":[190,176,110,147,149],"product_tag":[],"class_list":{"0":"post-3255","1":"product","2":"type-product","3":"status-publish","4":"has-post-thumbnail","6":"product_cat-clavier-1","7":"product_cat-marki","8":"product_cat-paznokcie","9":"product_cat-pilniki-i-polerki","10":"product_cat-polerki","12":"entry","13":"has-media","15":"first","16":"instock","17":"taxable","18":"shipping-taxable","19":"purchasable","20":"product-type-simple","21":"has-product-nav","22":"col","23":"span_1_of_3","24":"owp-content-center","25":"owp-thumbs-layout-horizontal","26":"owp-btn-normal","27":"owp-tabs-layout-horizontal","28":"has-no-thumbnails"},"yoast_head":"<!-- This site is optimized with the Yoast SEO plugin v27.6 - https:\/\/yoast.com\/product\/yoast-seo-wordpress\/ -->\n<title>Clavier Polerka do paznokci \u2013 gradacja 100\/180 - velesnails<\/title>\n<meta name=\"robots\" content=\"index, follow, max-snippet:-1, max-image-preview:large, max-video-preview:-1\" \/>\n<link rel=\"canonical\" href=\"https:\/\/velesnails.pl\/uk\/product\/clavier-polerka-do-paznokci-gradacja-100-180\/\" \/>\n<meta property=\"og:locale\" content=\"uk_UA\" \/>\n<meta property=\"og:type\" content=\"article\" \/>\n<meta property=\"og:title\" content=\"Clavier Polerka do paznokci \u2013 gradacja 100\/180 - velesnails\" \/>\n<meta property=\"og:description\" content=\"Polerka do paznokci to niezast\u0105pione narz\u0119dzie w profesjonalnej piel\u0119gnacji paznokci, zaprojektowane specjalnie do matowienia przed aplikacj\u0105 lakieru hybrydowego, akrylu lub \u017celu. Jej elastyczna, mi\u0119kka konstrukcja sprawia, \u017ce doskonale dopasowuje si\u0119 do d\u0142oni, zapewniaj\u0105c komfortowy chwyt. Dodatkowo, dzi\u0119ki swojej wszechstronno\u015bci, polerka mo\u017ce by\u0107 wykorzystywana do wyg\u0142adzania nier\u00f3wno\u015bci na naturalnych paznokciach, gwarantuj\u0105c perfekcyjny efekt.\" \/>\n<meta property=\"og:url\" content=\"https:\/\/velesnails.pl\/uk\/product\/clavier-polerka-do-paznokci-gradacja-100-180\/\" \/>\n<meta property=\"og:site_name\" content=\"velesnails\" \/>\n<meta property=\"article:modified_time\" content=\"2025-11-05T09:39:23+00:00\" \/>\n<meta property=\"og:image\" content=\"https:\/\/velesnails.pl\/wp-content\/uploads\/2024\/07\/Clavier-Polerka-100-180.jpg\" \/>\n\t<meta property=\"og:image:width\" content=\"500\" \/>\n\t<meta property=\"og:image:height\" content=\"452\" \/>\n\t<meta property=\"og:image:type\" content=\"image\/jpeg\" \/>\n<meta name=\"twitter:card\" content=\"summary_large_image\" \/>\n<script type=\"application\/ld+json\" class=\"yoast-schema-graph\">{\"@context\":\"https:\\\/\\\/schema.org\",\"@graph\":[{\"@type\":\"WebPage\",\"@id\":\"https:\\\/\\\/velesnails.pl\\\/product\\\/clavier-polerka-do-paznokci-gradacja-100-180\\\/\",\"url\":\"https:\\\/\\\/velesnails.pl\\\/product\\\/clavier-polerka-do-paznokci-gradacja-100-180\\\/\",\"name\":\"Clavier Polerka do paznokci \u2013 gradacja 100\\\/180 - velesnails\",\"isPartOf\":{\"@id\":\"https:\\\/\\\/velesnails.pl\\\/#website\"},\"primaryImageOfPage\":{\"@id\":\"https:\\\/\\\/velesnails.pl\\\/product\\\/clavier-polerka-do-paznokci-gradacja-100-180\\\/#primaryimage\"},\"image\":{\"@id\":\"https:\\\/\\\/velesnails.pl\\\/product\\\/clavier-polerka-do-paznokci-gradacja-100-180\\\/#primaryimage\"},\"thumbnailUrl\":\"https:\\\/\\\/i0.wp.com\\\/velesnails.pl\\\/wp-content\\\/uploads\\\/2024\\\/07\\\/Clavier-Polerka-100-180.jpg?fit=500%2C452&ssl=1\",\"datePublished\":\"2024-07-27T10:10:53+00:00\",\"dateModified\":\"2025-11-05T09:39:23+00:00\",\"breadcrumb\":{\"@id\":\"https:\\\/\\\/velesnails.pl\\\/product\\\/clavier-polerka-do-paznokci-gradacja-100-180\\\/#breadcrumb\"},\"inLanguage\":\"uk\",\"potentialAction\":[{\"@type\":\"ReadAction\",\"target\":[\"https:\\\/\\\/velesnails.pl\\\/product\\\/clavier-polerka-do-paznokci-gradacja-100-180\\\/\"]}]},{\"@type\":\"ImageObject\",\"inLanguage\":\"uk\",\"@id\":\"https:\\\/\\\/velesnails.pl\\\/product\\\/clavier-polerka-do-paznokci-gradacja-100-180\\\/#primaryimage\",\"url\":\"https:\\\/\\\/i0.wp.com\\\/velesnails.pl\\\/wp-content\\\/uploads\\\/2024\\\/07\\\/Clavier-Polerka-100-180.jpg?fit=500%2C452&ssl=1\",\"contentUrl\":\"https:\\\/\\\/i0.wp.com\\\/velesnails.pl\\\/wp-content\\\/uploads\\\/2024\\\/07\\\/Clavier-Polerka-100-180.jpg?fit=500%2C452&ssl=1\",\"width\":500,\"height\":452},{\"@type\":\"BreadcrumbList\",\"@id\":\"https:\\\/\\\/velesnails.pl\\\/product\\\/clavier-polerka-do-paznokci-gradacja-100-180\\\/#breadcrumb\",\"itemListElement\":[{\"@type\":\"ListItem\",\"position\":1,\"name\":\"\u0413\u043e\u043b\u043e\u0432\u043d\u0430\",\"item\":\"https:\\\/\\\/velesnails.pl\\\/\"},{\"@type\":\"ListItem\",\"position\":2,\"name\":\"Sklep\",\"item\":\"https:\\\/\\\/velesnails.pl\\\/shop\\\/\"},{\"@type\":\"ListItem\",\"position\":3,\"name\":\"Clavier Polerka do paznokci \u2013 gradacja 100\\\/180\"}]},{\"@type\":\"WebSite\",\"@id\":\"https:\\\/\\\/velesnails.pl\\\/#website\",\"url\":\"https:\\\/\\\/velesnails.pl\\\/\",\"name\":\"velesnails\",\"description\":\"Sklep z manicure\",\"publisher\":{\"@id\":\"https:\\\/\\\/velesnails.pl\\\/#organization\"},\"potentialAction\":[{\"@type\":\"SearchAction\",\"target\":{\"@type\":\"EntryPoint\",\"urlTemplate\":\"https:\\\/\\\/velesnails.pl\\\/?s={search_term_string}\"},\"query-input\":{\"@type\":\"PropertyValueSpecification\",\"valueRequired\":true,\"valueName\":\"search_term_string\"}}],\"inLanguage\":\"uk\"},{\"@type\":\"Organization\",\"@id\":\"https:\\\/\\\/velesnails.pl\\\/#organization\",\"name\":\"velesnails\",\"url\":\"https:\\\/\\\/velesnails.pl\\\/\",\"logo\":{\"@type\":\"ImageObject\",\"inLanguage\":\"uk\",\"@id\":\"https:\\\/\\\/velesnails.pl\\\/#\\\/schema\\\/logo\\\/image\\\/\",\"url\":\"https:\\\/\\\/i0.wp.com\\\/velesnails.pl\\\/wp-content\\\/uploads\\\/2025\\\/10\\\/cropped-obraz_viber_2025-10-22_13-55-55-969.jpg?fit=485%2C381&ssl=1\",\"contentUrl\":\"https:\\\/\\\/i0.wp.com\\\/velesnails.pl\\\/wp-content\\\/uploads\\\/2025\\\/10\\\/cropped-obraz_viber_2025-10-22_13-55-55-969.jpg?fit=485%2C381&ssl=1\",\"width\":485,\"height\":381,\"caption\":\"velesnails\"},\"image\":{\"@id\":\"https:\\\/\\\/velesnails.pl\\\/#\\\/schema\\\/logo\\\/image\\\/\"}}]}<\/script>\n<!-- \/ Yoast SEO plugin. -->","yoast_head_json":{"title":"Clavier Polerka do paznokci \u2013 gradacja 100\/180 - velesnails","robots":{"index":"index","follow":"follow","max-snippet":"max-snippet:-1","max-image-preview":"max-image-preview:large","max-video-preview":"max-video-preview:-1"},"canonical":"https:\/\/velesnails.pl\/uk\/product\/clavier-polerka-do-paznokci-gradacja-100-180\/","og_locale":"uk_UA","og_type":"article","og_title":"Clavier Polerka do paznokci \u2013 gradacja 100\/180 - velesnails","og_description":"Polerka do paznokci to niezast\u0105pione narz\u0119dzie w profesjonalnej piel\u0119gnacji paznokci, zaprojektowane specjalnie do matowienia przed aplikacj\u0105 lakieru hybrydowego, akrylu lub \u017celu. Jej elastyczna, mi\u0119kka konstrukcja sprawia, \u017ce doskonale dopasowuje si\u0119 do d\u0142oni, zapewniaj\u0105c komfortowy chwyt. Dodatkowo, dzi\u0119ki swojej wszechstronno\u015bci, polerka mo\u017ce by\u0107 wykorzystywana do wyg\u0142adzania nier\u00f3wno\u015bci na naturalnych paznokciach, gwarantuj\u0105c perfekcyjny efekt.","og_url":"https:\/\/velesnails.pl\/uk\/product\/clavier-polerka-do-paznokci-gradacja-100-180\/","og_site_name":"velesnails","article_modified_time":"2025-11-05T09:39:23+00:00","og_image":[{"width":500,"height":452,"url":"https:\/\/velesnails.pl\/wp-content\/uploads\/2024\/07\/Clavier-Polerka-100-180.jpg","type":"image\/jpeg"}],"twitter_card":"summary_large_image","schema":{"@context":"https:\/\/schema.org","@graph":[{"@type":"WebPage","@id":"https:\/\/velesnails.pl\/product\/clavier-polerka-do-paznokci-gradacja-100-180\/","url":"https:\/\/velesnails.pl\/product\/clavier-polerka-do-paznokci-gradacja-100-180\/","name":"Clavier Polerka do paznokci \u2013 gradacja 100\/180 - velesnails","isPartOf":{"@id":"https:\/\/velesnails.pl\/#website"},"primaryImageOfPage":{"@id":"https:\/\/velesnails.pl\/product\/clavier-polerka-do-paznokci-gradacja-100-180\/#primaryimage"},"image":{"@id":"https:\/\/velesnails.pl\/product\/clavier-polerka-do-paznokci-gradacja-100-180\/#primaryimage"},"thumbnailUrl":"https:\/\/i0.wp.com\/velesnails.pl\/wp-content\/uploads\/2024\/07\/Clavier-Polerka-100-180.jpg?fit=500%2C452&ssl=1","datePublished":"2024-07-27T10:10:53+00:00","dateModified":"2025-11-05T09:39:23+00:00","breadcrumb":{"@id":"https:\/\/velesnails.pl\/product\/clavier-polerka-do-paznokci-gradacja-100-180\/#breadcrumb"},"inLanguage":"uk","potentialAction":[{"@type":"ReadAction","target":["https:\/\/velesnails.pl\/product\/clavier-polerka-do-paznokci-gradacja-100-180\/"]}]},{"@type":"ImageObject","inLanguage":"uk","@id":"https:\/\/velesnails.pl\/product\/clavier-polerka-do-paznokci-gradacja-100-180\/#primaryimage","url":"https:\/\/i0.wp.com\/velesnails.pl\/wp-content\/uploads\/2024\/07\/Clavier-Polerka-100-180.jpg?fit=500%2C452&ssl=1","contentUrl":"https:\/\/i0.wp.com\/velesnails.pl\/wp-content\/uploads\/2024\/07\/Clavier-Polerka-100-180.jpg?fit=500%2C452&ssl=1","width":500,"height":452},{"@type":"BreadcrumbList","@id":"https:\/\/velesnails.pl\/product\/clavier-polerka-do-paznokci-gradacja-100-180\/#breadcrumb","itemListElement":[{"@type":"ListItem","position":1,"name":"\u0413\u043e\u043b\u043e\u0432\u043d\u0430","item":"https:\/\/velesnails.pl\/"},{"@type":"ListItem","position":2,"name":"Sklep","item":"https:\/\/velesnails.pl\/shop\/"},{"@type":"ListItem","position":3,"name":"Clavier Polerka do paznokci \u2013 gradacja 100\/180"}]},{"@type":"WebSite","@id":"https:\/\/velesnails.pl\/#website","url":"https:\/\/velesnails.pl\/","name":"\u0432\u0435\u043b\u0435\u0441\u043e\u0432\u0456 \u043d\u0456\u0433\u0442\u0456","description":"\u041c\u0430\u043d\u0456\u043a\u044e\u0440\u043d\u0438\u0439 \u0441\u0430\u043b\u043e\u043d","publisher":{"@id":"https:\/\/velesnails.pl\/#organization"},"potentialAction":[{"@type":"SearchAction","target":{"@type":"EntryPoint","urlTemplate":"https:\/\/velesnails.pl\/?s={search_term_string}"},"query-input":{"@type":"PropertyValueSpecification","valueRequired":true,"valueName":"search_term_string"}}],"inLanguage":"uk"},{"@type":"Organization","@id":"https:\/\/velesnails.pl\/#organization","name":"\u0432\u0435\u043b\u0435\u0441\u043e\u0432\u0456 \u043d\u0456\u0433\u0442\u0456","url":"https:\/\/velesnails.pl\/","logo":{"@type":"ImageObject","inLanguage":"uk","@id":"https:\/\/velesnails.pl\/#\/schema\/logo\/image\/","url":"https:\/\/i0.wp.com\/velesnails.pl\/wp-content\/uploads\/2025\/10\/cropped-obraz_viber_2025-10-22_13-55-55-969.jpg?fit=485%2C381&ssl=1","contentUrl":"https:\/\/i0.wp.com\/velesnails.pl\/wp-content\/uploads\/2025\/10\/cropped-obraz_viber_2025-10-22_13-55-55-969.jpg?fit=485%2C381&ssl=1","width":485,"height":381,"caption":"velesnails"},"image":{"@id":"https:\/\/velesnails.pl\/#\/schema\/logo\/image\/"}}]}},"_links":{"self":[{"href":"https:\/\/velesnails.pl\/uk\/wp-json\/wp\/v2\/product\/3255","targetHints":{"allow":["GET"]}}],"collection":[{"href":"https:\/\/velesnails.pl\/uk\/wp-json\/wp\/v2\/product"}],"about":[{"href":"https:\/\/velesnails.pl\/uk\/wp-json\/wp\/v2\/types\/product"}],"replies":[{"embeddable":true,"href":"https:\/\/velesnails.pl\/uk\/wp-json\/wp\/v2\/comments?post=3255"}],"wp:featuredmedia":[{"embeddable":true,"href":"https:\/\/velesnails.pl\/uk\/wp-json\/wp\/v2\/media\/3256"}],"wp:attachment":[{"href":"https:\/\/velesnails.pl\/uk\/wp-json\/wp\/v2\/media?parent=3255"}],"wp:term":[{"taxonomy":"product_brand","embeddable":true,"href":"https:\/\/velesnails.pl\/uk\/wp-json\/wp\/v2\/product_brand?post=3255"},{"taxonomy":"product_cat","embeddable":true,"href":"https:\/\/velesnails.pl\/uk\/wp-json\/wp\/v2\/product_cat?post=3255"},{"taxonomy":"product_tag","embeddable":true,"href":"https:\/\/velesnails.pl\/uk\/wp-json\/wp\/v2\/product_tag?post=3255"}],"curies":[{"name":"wp","href":"https:\/\/api.w.org\/{rel}","templated":true}]}}