{"id":3251,"date":"2024-07-27T12:54:55","date_gmt":"2024-07-27T09:54:55","guid":{"rendered":"https:\/\/velesnails.loc\/?post_type=product&#038;p=3251"},"modified":"2025-06-16T16:03:01","modified_gmt":"2025-06-16T13:03:01","slug":"clavier-blok-polerski-do-paznokci-polerka-pilnik-do-paznokci-manicure","status":"publish","type":"product","link":"https:\/\/velesnails.pl\/uk\/product\/clavier-blok-polerski-do-paznokci-polerka-pilnik-do-paznokci-manicure\/","title":{"rendered":"Clavier Blok polerski do paznokci, polerka, pilnik do paznokci, manicure"},"content":{"rendered":"<p>Blok polerski do paznokci to narz\u0119dzie stosowane do polerowania i wyg\u0142adzania powierzchni paznokci oraz do nadawania paznokciom matowego wyko\u0144czenia. Przeznaczony jest zar\u00f3wno do profesjonalnego jak i amatorskiego u\u017cytku. Jest niezb\u0119dny podczas stylizowania paznokci metod\u0105 \u017celow\u0105 i akrylow\u0105. Pomaga przygotowa\u0107 paznokcie do stylizacji, jak r\u00f3wnie\u017c u\u0142atwia prac\u0119 podczas jej trwania. Blok pomaga usun\u0105\u0107 resztki lakieru z p\u0142ytki, wyg\u0142adza wszelkie nier\u00f3wno\u015bci i matowi.<\/p>\n<p>Na pierwszej stronie bloku znajduje si\u0119 najwy\u017csza ziarnisto\u015b\u0107. Mo\u017cna jej u\u017cy\u0107 do wyg\u0142adzenia powierzchni paznokci, usuwaj\u0105c nier\u00f3wno\u015bci, takie jak guzki czy nier\u00f3wno\u015bci. Kolejne strony bloku posiadaj\u0105 coraz mniejsz\u0105 ziarnisto\u015b\u0107. Mo\u017cna je u\u017cy\u0107 do dalszego wyg\u0142adzania powierzchni paznokci, usuwaj\u0105c drobne zadrapania czy nier\u00f3wno\u015bci.<\/p>\n<p>Aby zmatowi\u0107 paznokcie za pomoc\u0105 bloku polerskiego nale\u017cy:<\/p>\n<p>Przygotowa\u0107 paznokcie \u2013 przed u\u017cyciem upewnij si\u0119, \u017ce paznokcie s\u0105 czyste, suche i pozbawione lakieru do paznokci. Je\u015bli masz na\u0142o\u017cony lakier, usu\u0144 go przed rozpocz\u0119ciem procesu matowienia.<br \/>\nDelikatne szlifowanie \u2013 delikatnie przesuwaj go po powierzchni paznokci. R\u00f3b to w jednym kierunku, wykonuj\u0105c g\u0142adkie ruchy. Celem jest zmatowienie powierzchni paznokcia, ale nie trzeba wywiera\u0107 zbyt du\u017cego nacisku<br \/>\nR\u00f3wnomierne matowienie \u2013 r\u00f3wnomiernie przesuwa\u0107 blok po ca\u0142ej powierzchni paznokcia. Staraj si\u0119 unika\u0107 koncentracji na jednym miejscu, aby unikn\u0105\u0107 nier\u00f3wno\u015bci.<br \/>\nBlok polerski jest wszechstronnym narz\u0119dziem, kt\u00f3re mo\u017ce pom\u00f3c w przygotowaniu i u\u0142atwi\u0107 proces stylizacji paznokci \u017celowymi lub akrylowymi metodami. Pami\u0119taj jednak, \u017ce u\u017cywanie go z umiarem i zgodnie z zaleceniami zapewni najlepsze efekty.<\/p>\n<p>Wa\u017cne jest, aby zachowa\u0107 umiar i nie nadu\u017cywa\u0107 bloku polerskiego do matowienia paznokci. Zbyt cz\u0119ste stosowanie bloku polerskiego mo\u017ce prowadzi\u0107 do os\u0142abienia paznokci. Dlatego zaleca si\u0119 u\u017cywanie go co kilka tygodni, aby uzyska\u0107 efekt matowego wyko\u0144czenia, je\u015bli taki jest zamierzony.<\/p>","protected":false},"excerpt":{"rendered":"<p>Blok polerski do paznokci to narz\u0119dzie stosowane do polerowania i wyg\u0142adzania powierzchni paznokci oraz do nadawania paznokciom matowego wyko\u0144czenia. Przeznaczony jest zar\u00f3wno do profesjonalnego jak i amatorskiego u\u017cytku. Jest niezb\u0119dny podczas stylizowania paznokci metod\u0105 \u017celow\u0105 i akrylow\u0105. Pomaga przygotowa\u0107 paznokcie do stylizacji, jak r\u00f3wnie\u017c u\u0142atwia prac\u0119 podczas jej trwania. Blok pomaga usun\u0105\u0107 resztki lakieru z [&hellip;]<\/p>\n","protected":false},"featured_media":3252,"comment_status":"closed","ping_status":"closed","template":"","meta":{"om_disable_all_campaigns":false,"ocean_post_layout":"","ocean_both_sidebars_style":"","ocean_both_sidebars_content_width":0,"ocean_both_sidebars_sidebars_width":0,"ocean_sidebar":"0","ocean_second_sidebar":"0","ocean_disable_margins":"enable","ocean_add_body_class":"","ocean_shortcode_before_top_bar":"","ocean_shortcode_after_top_bar":"","ocean_shortcode_before_header":"","ocean_shortcode_after_header":"","ocean_has_shortcode":"","ocean_shortcode_after_title":"","ocean_shortcode_before_footer_widgets":"","ocean_shortcode_after_footer_widgets":"","ocean_shortcode_before_footer_bottom":"","ocean_shortcode_after_footer_bottom":"","ocean_display_top_bar":"default","ocean_display_header":"default","ocean_header_style":"","ocean_center_header_left_menu":"0","ocean_custom_header_template":"0","ocean_custom_logo":0,"ocean_custom_retina_logo":0,"ocean_custom_logo_max_width":0,"ocean_custom_logo_tablet_max_width":0,"ocean_custom_logo_mobile_max_width":0,"ocean_custom_logo_max_height":0,"ocean_custom_logo_tablet_max_height":0,"ocean_custom_logo_mobile_max_height":0,"ocean_header_custom_menu":"0","ocean_menu_typo_font_family":"0","ocean_menu_typo_font_subset":"","ocean_menu_typo_font_size":0,"ocean_menu_typo_font_size_tablet":0,"ocean_menu_typo_font_size_mobile":0,"ocean_menu_typo_font_size_unit":"px","ocean_menu_typo_font_weight":"","ocean_menu_typo_font_weight_tablet":"","ocean_menu_typo_font_weight_mobile":"","ocean_menu_typo_transform":"","ocean_menu_typo_transform_tablet":"","ocean_menu_typo_transform_mobile":"","ocean_menu_typo_line_height":0,"ocean_menu_typo_line_height_tablet":0,"ocean_menu_typo_line_height_mobile":0,"ocean_menu_typo_line_height_unit":"","ocean_menu_typo_spacing":0,"ocean_menu_typo_spacing_tablet":0,"ocean_menu_typo_spacing_mobile":0,"ocean_menu_typo_spacing_unit":"","ocean_menu_link_color":"","ocean_menu_link_color_hover":"","ocean_menu_link_color_active":"","ocean_menu_link_background":"","ocean_menu_link_hover_background":"","ocean_menu_link_active_background":"","ocean_menu_social_links_bg":"","ocean_menu_social_hover_links_bg":"","ocean_menu_social_links_color":"","ocean_menu_social_hover_links_color":"","ocean_disable_title":"default","ocean_disable_heading":"default","ocean_post_title":"","ocean_post_subheading":"","ocean_post_title_style":"","ocean_post_title_background_color":"","ocean_post_title_background":0,"ocean_post_title_bg_image_position":"","ocean_post_title_bg_image_attachment":"","ocean_post_title_bg_image_repeat":"","ocean_post_title_bg_image_size":"","ocean_post_title_height":0,"ocean_post_title_bg_overlay":0.5,"ocean_post_title_bg_overlay_color":"","ocean_disable_breadcrumbs":"default","ocean_breadcrumbs_color":"","ocean_breadcrumbs_separator_color":"","ocean_breadcrumbs_links_color":"","ocean_breadcrumbs_links_hover_color":"","ocean_display_footer_widgets":"default","ocean_display_footer_bottom":"default","ocean_custom_footer_template":"0"},"product_brand":[],"product_cat":[190,176,110,147,149],"product_tag":[],"class_list":{"0":"post-3251","1":"product","2":"type-product","3":"status-publish","4":"has-post-thumbnail","6":"product_cat-clavier-1","7":"product_cat-marki","8":"product_cat-paznokcie","9":"product_cat-pilniki-i-polerki","10":"product_cat-polerki","12":"entry","13":"has-media","15":"first","16":"instock","17":"taxable","18":"shipping-taxable","19":"purchasable","20":"product-type-simple","21":"has-product-nav","22":"col","23":"span_1_of_3","24":"owp-content-center","25":"owp-thumbs-layout-horizontal","26":"owp-btn-normal","27":"owp-tabs-layout-horizontal","28":"has-no-thumbnails"},"yoast_head":"<!-- This site is optimized with the Yoast SEO plugin v27.3 - https:\/\/yoast.com\/product\/yoast-seo-wordpress\/ -->\n<title>Clavier Blok polerski do paznokci, polerka, pilnik do paznokci, manicure - velesnails<\/title>\n<meta name=\"robots\" content=\"index, follow, max-snippet:-1, max-image-preview:large, max-video-preview:-1\" \/>\n<link rel=\"canonical\" href=\"https:\/\/velesnails.pl\/uk\/product\/clavier-blok-polerski-do-paznokci-polerka-pilnik-do-paznokci-manicure\/\" \/>\n<meta property=\"og:locale\" content=\"uk_UA\" \/>\n<meta property=\"og:type\" content=\"article\" \/>\n<meta property=\"og:title\" content=\"Clavier Blok polerski do paznokci, polerka, pilnik do paznokci, manicure - velesnails\" \/>\n<meta property=\"og:description\" content=\"Blok polerski do paznokci to narz\u0119dzie stosowane do polerowania i wyg\u0142adzania powierzchni paznokci oraz do nadawania paznokciom matowego wyko\u0144czenia. Przeznaczony jest zar\u00f3wno do profesjonalnego jak i amatorskiego u\u017cytku. Jest niezb\u0119dny podczas stylizowania paznokci metod\u0105 \u017celow\u0105 i akrylow\u0105. Pomaga przygotowa\u0107 paznokcie do stylizacji, jak r\u00f3wnie\u017c u\u0142atwia prac\u0119 podczas jej trwania. Blok pomaga usun\u0105\u0107 resztki lakieru z [&hellip;]\" \/>\n<meta property=\"og:url\" content=\"https:\/\/velesnails.pl\/uk\/product\/clavier-blok-polerski-do-paznokci-polerka-pilnik-do-paznokci-manicure\/\" \/>\n<meta property=\"og:site_name\" content=\"velesnails\" \/>\n<meta property=\"article:modified_time\" content=\"2025-06-16T13:03:01+00:00\" \/>\n<meta property=\"og:image\" content=\"https:\/\/i0.wp.com\/velesnails.pl\/wp-content\/uploads\/2024\/07\/Clavier-Blok-polerski-polerka.png?fit=855%2C759&ssl=1\" \/>\n\t<meta property=\"og:image:width\" content=\"855\" \/>\n\t<meta property=\"og:image:height\" content=\"759\" \/>\n\t<meta property=\"og:image:type\" content=\"image\/png\" \/>\n<meta name=\"twitter:card\" content=\"summary_large_image\" \/>\n<meta name=\"twitter:label1\" content=\"\u041f\u0440\u0438\u0431\u043b. \u0447\u0430\u0441 \u0447\u0438\u0442\u0430\u043d\u043d\u044f\" \/>\n\t<meta name=\"twitter:data1\" content=\"2 \u0445\u0432\u0438\u043b\u0438\u043d\u0438\" \/>\n<script type=\"application\/ld+json\" class=\"yoast-schema-graph\">{\"@context\":\"https:\\\/\\\/schema.org\",\"@graph\":[{\"@type\":\"WebPage\",\"@id\":\"https:\\\/\\\/velesnails.pl\\\/product\\\/clavier-blok-polerski-do-paznokci-polerka-pilnik-do-paznokci-manicure\\\/\",\"url\":\"https:\\\/\\\/velesnails.pl\\\/product\\\/clavier-blok-polerski-do-paznokci-polerka-pilnik-do-paznokci-manicure\\\/\",\"name\":\"Clavier Blok polerski do paznokci, polerka, pilnik do paznokci, manicure - velesnails\",\"isPartOf\":{\"@id\":\"https:\\\/\\\/velesnails.pl\\\/#website\"},\"primaryImageOfPage\":{\"@id\":\"https:\\\/\\\/velesnails.pl\\\/product\\\/clavier-blok-polerski-do-paznokci-polerka-pilnik-do-paznokci-manicure\\\/#primaryimage\"},\"image\":{\"@id\":\"https:\\\/\\\/velesnails.pl\\\/product\\\/clavier-blok-polerski-do-paznokci-polerka-pilnik-do-paznokci-manicure\\\/#primaryimage\"},\"thumbnailUrl\":\"https:\\\/\\\/i0.wp.com\\\/velesnails.pl\\\/wp-content\\\/uploads\\\/2024\\\/07\\\/Clavier-Blok-polerski-polerka.png?fit=855%2C759&ssl=1\",\"datePublished\":\"2024-07-27T09:54:55+00:00\",\"dateModified\":\"2025-06-16T13:03:01+00:00\",\"breadcrumb\":{\"@id\":\"https:\\\/\\\/velesnails.pl\\\/product\\\/clavier-blok-polerski-do-paznokci-polerka-pilnik-do-paznokci-manicure\\\/#breadcrumb\"},\"inLanguage\":\"uk\",\"potentialAction\":[{\"@type\":\"ReadAction\",\"target\":[\"https:\\\/\\\/velesnails.pl\\\/product\\\/clavier-blok-polerski-do-paznokci-polerka-pilnik-do-paznokci-manicure\\\/\"]}]},{\"@type\":\"ImageObject\",\"inLanguage\":\"uk\",\"@id\":\"https:\\\/\\\/velesnails.pl\\\/product\\\/clavier-blok-polerski-do-paznokci-polerka-pilnik-do-paznokci-manicure\\\/#primaryimage\",\"url\":\"https:\\\/\\\/i0.wp.com\\\/velesnails.pl\\\/wp-content\\\/uploads\\\/2024\\\/07\\\/Clavier-Blok-polerski-polerka.png?fit=855%2C759&ssl=1\",\"contentUrl\":\"https:\\\/\\\/i0.wp.com\\\/velesnails.pl\\\/wp-content\\\/uploads\\\/2024\\\/07\\\/Clavier-Blok-polerski-polerka.png?fit=855%2C759&ssl=1\",\"width\":855,\"height\":759},{\"@type\":\"BreadcrumbList\",\"@id\":\"https:\\\/\\\/velesnails.pl\\\/product\\\/clavier-blok-polerski-do-paznokci-polerka-pilnik-do-paznokci-manicure\\\/#breadcrumb\",\"itemListElement\":[{\"@type\":\"ListItem\",\"position\":1,\"name\":\"\u0413\u043e\u043b\u043e\u0432\u043d\u0430\",\"item\":\"https:\\\/\\\/velesnails.pl\\\/\"},{\"@type\":\"ListItem\",\"position\":2,\"name\":\"Sklep\",\"item\":\"https:\\\/\\\/velesnails.pl\\\/shop\\\/\"},{\"@type\":\"ListItem\",\"position\":3,\"name\":\"Clavier Blok polerski do paznokci, polerka, pilnik do paznokci, manicure\"}]},{\"@type\":\"WebSite\",\"@id\":\"https:\\\/\\\/velesnails.pl\\\/#website\",\"url\":\"https:\\\/\\\/velesnails.pl\\\/\",\"name\":\"velesnails\",\"description\":\"Sklep z manicure\",\"publisher\":{\"@id\":\"https:\\\/\\\/velesnails.pl\\\/#organization\"},\"potentialAction\":[{\"@type\":\"SearchAction\",\"target\":{\"@type\":\"EntryPoint\",\"urlTemplate\":\"https:\\\/\\\/velesnails.pl\\\/?s={search_term_string}\"},\"query-input\":{\"@type\":\"PropertyValueSpecification\",\"valueRequired\":true,\"valueName\":\"search_term_string\"}}],\"inLanguage\":\"uk\"},{\"@type\":\"Organization\",\"@id\":\"https:\\\/\\\/velesnails.pl\\\/#organization\",\"name\":\"velesnails\",\"url\":\"https:\\\/\\\/velesnails.pl\\\/\",\"logo\":{\"@type\":\"ImageObject\",\"inLanguage\":\"uk\",\"@id\":\"https:\\\/\\\/velesnails.pl\\\/#\\\/schema\\\/logo\\\/image\\\/\",\"url\":\"https:\\\/\\\/i0.wp.com\\\/velesnails.pl\\\/wp-content\\\/uploads\\\/2025\\\/10\\\/cropped-obraz_viber_2025-10-22_13-55-55-969.jpg?fit=485%2C381&ssl=1\",\"contentUrl\":\"https:\\\/\\\/i0.wp.com\\\/velesnails.pl\\\/wp-content\\\/uploads\\\/2025\\\/10\\\/cropped-obraz_viber_2025-10-22_13-55-55-969.jpg?fit=485%2C381&ssl=1\",\"width\":485,\"height\":381,\"caption\":\"velesnails\"},\"image\":{\"@id\":\"https:\\\/\\\/velesnails.pl\\\/#\\\/schema\\\/logo\\\/image\\\/\"}}]}<\/script>\n<!-- \/ Yoast SEO plugin. -->","yoast_head_json":{"title":"Clavier Blok polerski do paznokci, polerka, pilnik do paznokci, manicure - velesnails","robots":{"index":"index","follow":"follow","max-snippet":"max-snippet:-1","max-image-preview":"max-image-preview:large","max-video-preview":"max-video-preview:-1"},"canonical":"https:\/\/velesnails.pl\/uk\/product\/clavier-blok-polerski-do-paznokci-polerka-pilnik-do-paznokci-manicure\/","og_locale":"uk_UA","og_type":"article","og_title":"Clavier Blok polerski do paznokci, polerka, pilnik do paznokci, manicure - velesnails","og_description":"Blok polerski do paznokci to narz\u0119dzie stosowane do polerowania i wyg\u0142adzania powierzchni paznokci oraz do nadawania paznokciom matowego wyko\u0144czenia. Przeznaczony jest zar\u00f3wno do profesjonalnego jak i amatorskiego u\u017cytku. Jest niezb\u0119dny podczas stylizowania paznokci metod\u0105 \u017celow\u0105 i akrylow\u0105. Pomaga przygotowa\u0107 paznokcie do stylizacji, jak r\u00f3wnie\u017c u\u0142atwia prac\u0119 podczas jej trwania. Blok pomaga usun\u0105\u0107 resztki lakieru z [&hellip;]","og_url":"https:\/\/velesnails.pl\/uk\/product\/clavier-blok-polerski-do-paznokci-polerka-pilnik-do-paznokci-manicure\/","og_site_name":"velesnails","article_modified_time":"2025-06-16T13:03:01+00:00","og_image":[{"width":855,"height":759,"url":"https:\/\/i0.wp.com\/velesnails.pl\/wp-content\/uploads\/2024\/07\/Clavier-Blok-polerski-polerka.png?fit=855%2C759&ssl=1","type":"image\/png"}],"twitter_card":"summary_large_image","twitter_misc":{"\u041f\u0440\u0438\u0431\u043b. \u0447\u0430\u0441 \u0447\u0438\u0442\u0430\u043d\u043d\u044f":"2 \u0445\u0432\u0438\u043b\u0438\u043d\u0438"},"schema":{"@context":"https:\/\/schema.org","@graph":[{"@type":"WebPage","@id":"https:\/\/velesnails.pl\/product\/clavier-blok-polerski-do-paznokci-polerka-pilnik-do-paznokci-manicure\/","url":"https:\/\/velesnails.pl\/product\/clavier-blok-polerski-do-paznokci-polerka-pilnik-do-paznokci-manicure\/","name":"Clavier Blok polerski do paznokci, polerka, pilnik do paznokci, manicure - velesnails","isPartOf":{"@id":"https:\/\/velesnails.pl\/#website"},"primaryImageOfPage":{"@id":"https:\/\/velesnails.pl\/product\/clavier-blok-polerski-do-paznokci-polerka-pilnik-do-paznokci-manicure\/#primaryimage"},"image":{"@id":"https:\/\/velesnails.pl\/product\/clavier-blok-polerski-do-paznokci-polerka-pilnik-do-paznokci-manicure\/#primaryimage"},"thumbnailUrl":"https:\/\/i0.wp.com\/velesnails.pl\/wp-content\/uploads\/2024\/07\/Clavier-Blok-polerski-polerka.png?fit=855%2C759&ssl=1","datePublished":"2024-07-27T09:54:55+00:00","dateModified":"2025-06-16T13:03:01+00:00","breadcrumb":{"@id":"https:\/\/velesnails.pl\/product\/clavier-blok-polerski-do-paznokci-polerka-pilnik-do-paznokci-manicure\/#breadcrumb"},"inLanguage":"uk","potentialAction":[{"@type":"ReadAction","target":["https:\/\/velesnails.pl\/product\/clavier-blok-polerski-do-paznokci-polerka-pilnik-do-paznokci-manicure\/"]}]},{"@type":"ImageObject","inLanguage":"uk","@id":"https:\/\/velesnails.pl\/product\/clavier-blok-polerski-do-paznokci-polerka-pilnik-do-paznokci-manicure\/#primaryimage","url":"https:\/\/i0.wp.com\/velesnails.pl\/wp-content\/uploads\/2024\/07\/Clavier-Blok-polerski-polerka.png?fit=855%2C759&ssl=1","contentUrl":"https:\/\/i0.wp.com\/velesnails.pl\/wp-content\/uploads\/2024\/07\/Clavier-Blok-polerski-polerka.png?fit=855%2C759&ssl=1","width":855,"height":759},{"@type":"BreadcrumbList","@id":"https:\/\/velesnails.pl\/product\/clavier-blok-polerski-do-paznokci-polerka-pilnik-do-paznokci-manicure\/#breadcrumb","itemListElement":[{"@type":"ListItem","position":1,"name":"\u0413\u043e\u043b\u043e\u0432\u043d\u0430","item":"https:\/\/velesnails.pl\/"},{"@type":"ListItem","position":2,"name":"Sklep","item":"https:\/\/velesnails.pl\/shop\/"},{"@type":"ListItem","position":3,"name":"Clavier Blok polerski do paznokci, polerka, pilnik do paznokci, manicure"}]},{"@type":"WebSite","@id":"https:\/\/velesnails.pl\/#website","url":"https:\/\/velesnails.pl\/","name":"\u0432\u0435\u043b\u0435\u0441\u043e\u0432\u0456 \u043d\u0456\u0433\u0442\u0456","description":"\u041c\u0430\u043d\u0456\u043a\u044e\u0440\u043d\u0438\u0439 \u0441\u0430\u043b\u043e\u043d","publisher":{"@id":"https:\/\/velesnails.pl\/#organization"},"potentialAction":[{"@type":"SearchAction","target":{"@type":"EntryPoint","urlTemplate":"https:\/\/velesnails.pl\/?s={search_term_string}"},"query-input":{"@type":"PropertyValueSpecification","valueRequired":true,"valueName":"search_term_string"}}],"inLanguage":"uk"},{"@type":"Organization","@id":"https:\/\/velesnails.pl\/#organization","name":"\u0432\u0435\u043b\u0435\u0441\u043e\u0432\u0456 \u043d\u0456\u0433\u0442\u0456","url":"https:\/\/velesnails.pl\/","logo":{"@type":"ImageObject","inLanguage":"uk","@id":"https:\/\/velesnails.pl\/#\/schema\/logo\/image\/","url":"https:\/\/i0.wp.com\/velesnails.pl\/wp-content\/uploads\/2025\/10\/cropped-obraz_viber_2025-10-22_13-55-55-969.jpg?fit=485%2C381&ssl=1","contentUrl":"https:\/\/i0.wp.com\/velesnails.pl\/wp-content\/uploads\/2025\/10\/cropped-obraz_viber_2025-10-22_13-55-55-969.jpg?fit=485%2C381&ssl=1","width":485,"height":381,"caption":"velesnails"},"image":{"@id":"https:\/\/velesnails.pl\/#\/schema\/logo\/image\/"}}]}},"_links":{"self":[{"href":"https:\/\/velesnails.pl\/uk\/wp-json\/wp\/v2\/product\/3251","targetHints":{"allow":["GET"]}}],"collection":[{"href":"https:\/\/velesnails.pl\/uk\/wp-json\/wp\/v2\/product"}],"about":[{"href":"https:\/\/velesnails.pl\/uk\/wp-json\/wp\/v2\/types\/product"}],"replies":[{"embeddable":true,"href":"https:\/\/velesnails.pl\/uk\/wp-json\/wp\/v2\/comments?post=3251"}],"wp:featuredmedia":[{"embeddable":true,"href":"https:\/\/velesnails.pl\/uk\/wp-json\/wp\/v2\/media\/3252"}],"wp:attachment":[{"href":"https:\/\/velesnails.pl\/uk\/wp-json\/wp\/v2\/media?parent=3251"}],"wp:term":[{"taxonomy":"product_brand","embeddable":true,"href":"https:\/\/velesnails.pl\/uk\/wp-json\/wp\/v2\/product_brand?post=3251"},{"taxonomy":"product_cat","embeddable":true,"href":"https:\/\/velesnails.pl\/uk\/wp-json\/wp\/v2\/product_cat?post=3251"},{"taxonomy":"product_tag","embeddable":true,"href":"https:\/\/velesnails.pl\/uk\/wp-json\/wp\/v2\/product_tag?post=3251"}],"curies":[{"name":"wp","href":"https:\/\/api.w.org\/{rel}","templated":true}]}}