{"id":3209,"date":"2024-07-26T15:45:37","date_gmt":"2024-07-26T12:45:37","guid":{"rendered":"https:\/\/velesnails.loc\/?post_type=product&#038;p=3209"},"modified":"2026-02-12T15:30:04","modified_gmt":"2026-02-12T12:30:04","slug":"staleks-pro-baza-metalowa-prosta-do-pilnikow-expert-40","status":"publish","type":"product","link":"https:\/\/velesnails.pl\/uk\/product\/staleks-pro-baza-metalowa-prosta-do-pilnikow-expert-40\/","title":{"rendered":"Staleks Pro Baza metalowa do pilnik\u00f3w EXPERT 40"},"content":{"rendered":"<p>Pilnik metalowy Staleks MBE-40 no\u015bnik<\/p>\n<p>-wykonany z wysokiej jako\u015bci stali nierdzewnej, u\u017cywanej do produkcji narz\u0119dzi chirurgicznych,<br \/>\n-do pilnika przeznaczone s\u0105 nak\u0142adki \u015bcierne o r\u00f3\u017cnej gradacji, kupowane oddzielnie,<br \/>\n-g\u0142adkie polerowane kraw\u0119dzie,<br \/>\n-wygodny ergonomiczny uchwyt,<br \/>\n-nadaje si\u0119 do sterylizacji w autoklawie.<br \/>\nDobry pilnik do paznokci<br \/>\nPodstawowym wyposa\u017ceniem ka\u017cdego, profesjonalnego salonu kosmetycznego jest dobry pilnik do paznokci. Marka Staleks, wychodz\u0105c naprz\u00f3d wymaganiom specjalist\u00f3w, odda\u0142a do ich dyspozycji akcesoria wykonane z najwy\u017cszej jako\u015bci stali nierdzewnej, gwarantuj\u0105c ich d\u0142ugoletni\u0105 \u017cywotno\u015b\u0107. Opr\u00f3cz tego mo\u017cna naby\u0107 nak\u0142adki \u015bcierne o r\u00f3\u017cnej gradacji, co u\u0142atwia dostosowanie sprz\u0119tu do wymaga\u0144 stawianych przez klienta salonu. Dobry pilnik do paznokci Staleks, dost\u0119pny w atrakcyjnej ofercie naszej hurtowni, mo\u017cna sterylizowa\u0107 w autoklawie.<\/p>\n<p>Dobry pilnik do paznokci ze stali nierdzewnej<br \/>\nPilnik do paznokci to znak rozpoznawczy ka\u017cdej, wykwalifikowanej stylistki. Prowadz\u0105c profesjonalny salon, warto zainwestowa\u0107 w sprz\u0119t kosmetyczny najwy\u017cszej jako\u015bci. W\u0142a\u015bnie takie narz\u0119dzia mo\u017cna naby\u0107 w naszej hurtowni. Dobry pilnik do paznokci marki Staleks to odpowied\u017a na potrzeby ka\u017cdego specjalisty, kt\u00f3ry na pierwszym miejscu stawia zadowolenie oraz bezpiecze\u0144stwo klient\u00f3w swojego salonu kosmetycznego. Stawiaj\u0105c na wysokiej jako\u015bci sprz\u0119t kosmetyczny, zyskujesz gwarancj\u0119 ich pe\u0142nego zadowolenia.<\/p>","protected":false},"excerpt":{"rendered":"<p>Pilnik metalowy Staleks MBE-40 no\u015bnik -wykonany z wysokiej jako\u015bci stali nierdzewnej, u\u017cywanej do produkcji narz\u0119dzi chirurgicznych, -do pilnika przeznaczone s\u0105 nak\u0142adki \u015bcierne o r\u00f3\u017cnej gradacji, kupowane oddzielnie, -g\u0142adkie polerowane kraw\u0119dzie, -wygodny ergonomiczny uchwyt, -nadaje si\u0119 do sterylizacji w autoklawie. Dobry pilnik do paznokci Podstawowym wyposa\u017ceniem ka\u017cdego, profesjonalnego salonu kosmetycznego jest dobry pilnik do paznokci. Marka [&hellip;]<\/p>\n","protected":false},"featured_media":3946,"comment_status":"closed","ping_status":"closed","template":"","meta":{"om_disable_all_campaigns":false,"ocean_post_layout":"","ocean_both_sidebars_style":"","ocean_both_sidebars_content_width":0,"ocean_both_sidebars_sidebars_width":0,"ocean_sidebar":"0","ocean_second_sidebar":"0","ocean_disable_margins":"enable","ocean_add_body_class":"","ocean_shortcode_before_top_bar":"","ocean_shortcode_after_top_bar":"","ocean_shortcode_before_header":"","ocean_shortcode_after_header":"","ocean_has_shortcode":"","ocean_shortcode_after_title":"","ocean_shortcode_before_footer_widgets":"","ocean_shortcode_after_footer_widgets":"","ocean_shortcode_before_footer_bottom":"","ocean_shortcode_after_footer_bottom":"","ocean_display_top_bar":"default","ocean_display_header":"default","ocean_header_style":"","ocean_center_header_left_menu":"0","ocean_custom_header_template":"0","ocean_custom_logo":0,"ocean_custom_retina_logo":0,"ocean_custom_logo_max_width":0,"ocean_custom_logo_tablet_max_width":0,"ocean_custom_logo_mobile_max_width":0,"ocean_custom_logo_max_height":0,"ocean_custom_logo_tablet_max_height":0,"ocean_custom_logo_mobile_max_height":0,"ocean_header_custom_menu":"0","ocean_menu_typo_font_family":"0","ocean_menu_typo_font_subset":"","ocean_menu_typo_font_size":0,"ocean_menu_typo_font_size_tablet":0,"ocean_menu_typo_font_size_mobile":0,"ocean_menu_typo_font_size_unit":"px","ocean_menu_typo_font_weight":"","ocean_menu_typo_font_weight_tablet":"","ocean_menu_typo_font_weight_mobile":"","ocean_menu_typo_transform":"","ocean_menu_typo_transform_tablet":"","ocean_menu_typo_transform_mobile":"","ocean_menu_typo_line_height":0,"ocean_menu_typo_line_height_tablet":0,"ocean_menu_typo_line_height_mobile":0,"ocean_menu_typo_line_height_unit":"","ocean_menu_typo_spacing":0,"ocean_menu_typo_spacing_tablet":0,"ocean_menu_typo_spacing_mobile":0,"ocean_menu_typo_spacing_unit":"","ocean_menu_link_color":"","ocean_menu_link_color_hover":"","ocean_menu_link_color_active":"","ocean_menu_link_background":"","ocean_menu_link_hover_background":"","ocean_menu_link_active_background":"","ocean_menu_social_links_bg":"","ocean_menu_social_hover_links_bg":"","ocean_menu_social_links_color":"","ocean_menu_social_hover_links_color":"","ocean_disable_title":"default","ocean_disable_heading":"default","ocean_post_title":"","ocean_post_subheading":"","ocean_post_title_style":"","ocean_post_title_background_color":"","ocean_post_title_background":0,"ocean_post_title_bg_image_position":"","ocean_post_title_bg_image_attachment":"","ocean_post_title_bg_image_repeat":"","ocean_post_title_bg_image_size":"","ocean_post_title_height":0,"ocean_post_title_bg_overlay":0.5,"ocean_post_title_bg_overlay_color":"","ocean_disable_breadcrumbs":"default","ocean_breadcrumbs_color":"","ocean_breadcrumbs_separator_color":"","ocean_breadcrumbs_links_color":"","ocean_breadcrumbs_links_hover_color":"","ocean_display_footer_widgets":"default","ocean_display_footer_bottom":"default","ocean_custom_footer_template":"0"},"product_brand":[],"product_cat":[176,110,148,147,183],"product_tag":[],"class_list":{"0":"post-3209","1":"product","2":"type-product","3":"status-publish","4":"has-post-thumbnail","6":"product_cat-marki","7":"product_cat-paznokcie","8":"product_cat-pilniki","9":"product_cat-pilniki-i-polerki","10":"product_cat-staleks-1","12":"entry","13":"has-media","15":"first","16":"instock","17":"taxable","18":"shipping-taxable","19":"purchasable","20":"product-type-simple","21":"has-product-nav","22":"col","23":"span_1_of_3","24":"owp-content-center","25":"owp-thumbs-layout-horizontal","26":"owp-btn-normal","27":"owp-tabs-layout-horizontal","28":"has-no-thumbnails"},"yoast_head":"<!-- This site is optimized with the Yoast SEO plugin v27.3 - https:\/\/yoast.com\/product\/yoast-seo-wordpress\/ -->\n<title>Staleks Pro Baza metalowa do pilnik\u00f3w EXPERT 40 - velesnails<\/title>\n<meta name=\"robots\" content=\"index, follow, max-snippet:-1, max-image-preview:large, max-video-preview:-1\" \/>\n<link rel=\"canonical\" href=\"https:\/\/velesnails.pl\/uk\/product\/staleks-pro-baza-metalowa-prosta-do-pilnikow-expert-40\/\" \/>\n<meta property=\"og:locale\" content=\"uk_UA\" \/>\n<meta property=\"og:type\" content=\"article\" \/>\n<meta property=\"og:title\" content=\"Staleks Pro Baza metalowa do pilnik\u00f3w EXPERT 40 - velesnails\" \/>\n<meta property=\"og:description\" content=\"Pilnik metalowy Staleks MBE-40 no\u015bnik -wykonany z wysokiej jako\u015bci stali nierdzewnej, u\u017cywanej do produkcji narz\u0119dzi chirurgicznych, -do pilnika przeznaczone s\u0105 nak\u0142adki \u015bcierne o r\u00f3\u017cnej gradacji, kupowane oddzielnie, -g\u0142adkie polerowane kraw\u0119dzie, -wygodny ergonomiczny uchwyt, -nadaje si\u0119 do sterylizacji w autoklawie. Dobry pilnik do paznokci Podstawowym wyposa\u017ceniem ka\u017cdego, profesjonalnego salonu kosmetycznego jest dobry pilnik do paznokci. Marka [&hellip;]\" \/>\n<meta property=\"og:url\" content=\"https:\/\/velesnails.pl\/uk\/product\/staleks-pro-baza-metalowa-prosta-do-pilnikow-expert-40\/\" \/>\n<meta property=\"og:site_name\" content=\"velesnails\" \/>\n<meta property=\"article:modified_time\" content=\"2026-02-12T12:30:04+00:00\" \/>\n<meta property=\"og:image\" content=\"https:\/\/velesnails.pl\/wp-content\/uploads\/2024\/07\/\u0417\u043d\u0456\u043c\u043e\u043a-\u0435\u043a\u0440\u0430\u043d\u0430-2024-08-21-141031.png\" \/>\n\t<meta property=\"og:image:width\" content=\"839\" \/>\n\t<meta property=\"og:image:height\" content=\"863\" \/>\n\t<meta property=\"og:image:type\" content=\"image\/png\" \/>\n<meta name=\"twitter:card\" content=\"summary_large_image\" \/>\n<meta name=\"twitter:label1\" content=\"\u041f\u0440\u0438\u0431\u043b. \u0447\u0430\u0441 \u0447\u0438\u0442\u0430\u043d\u043d\u044f\" \/>\n\t<meta name=\"twitter:data1\" content=\"1 \u0445\u0432\u0438\u043b\u0438\u043d\u0430\" \/>\n<script type=\"application\/ld+json\" class=\"yoast-schema-graph\">{\"@context\":\"https:\\\/\\\/schema.org\",\"@graph\":[{\"@type\":\"WebPage\",\"@id\":\"https:\\\/\\\/velesnails.pl\\\/product\\\/staleks-pro-baza-metalowa-prosta-do-pilnikow-expert-40\\\/\",\"url\":\"https:\\\/\\\/velesnails.pl\\\/product\\\/staleks-pro-baza-metalowa-prosta-do-pilnikow-expert-40\\\/\",\"name\":\"Staleks Pro Baza metalowa do pilnik\u00f3w EXPERT 40 - velesnails\",\"isPartOf\":{\"@id\":\"https:\\\/\\\/velesnails.pl\\\/#website\"},\"primaryImageOfPage\":{\"@id\":\"https:\\\/\\\/velesnails.pl\\\/product\\\/staleks-pro-baza-metalowa-prosta-do-pilnikow-expert-40\\\/#primaryimage\"},\"image\":{\"@id\":\"https:\\\/\\\/velesnails.pl\\\/product\\\/staleks-pro-baza-metalowa-prosta-do-pilnikow-expert-40\\\/#primaryimage\"},\"thumbnailUrl\":\"https:\\\/\\\/i0.wp.com\\\/velesnails.pl\\\/wp-content\\\/uploads\\\/2024\\\/07\\\/%D0%97%D0%BD%D1%96%D0%BC%D0%BE%D0%BA-%D0%B5%D0%BA%D1%80%D0%B0%D0%BD%D0%B0-2024-08-21-141031.png?fit=839%2C863&ssl=1\",\"datePublished\":\"2024-07-26T12:45:37+00:00\",\"dateModified\":\"2026-02-12T12:30:04+00:00\",\"breadcrumb\":{\"@id\":\"https:\\\/\\\/velesnails.pl\\\/product\\\/staleks-pro-baza-metalowa-prosta-do-pilnikow-expert-40\\\/#breadcrumb\"},\"inLanguage\":\"uk\",\"potentialAction\":[{\"@type\":\"ReadAction\",\"target\":[\"https:\\\/\\\/velesnails.pl\\\/product\\\/staleks-pro-baza-metalowa-prosta-do-pilnikow-expert-40\\\/\"]}]},{\"@type\":\"ImageObject\",\"inLanguage\":\"uk\",\"@id\":\"https:\\\/\\\/velesnails.pl\\\/product\\\/staleks-pro-baza-metalowa-prosta-do-pilnikow-expert-40\\\/#primaryimage\",\"url\":\"https:\\\/\\\/i0.wp.com\\\/velesnails.pl\\\/wp-content\\\/uploads\\\/2024\\\/07\\\/%D0%97%D0%BD%D1%96%D0%BC%D0%BE%D0%BA-%D0%B5%D0%BA%D1%80%D0%B0%D0%BD%D0%B0-2024-08-21-141031.png?fit=839%2C863&ssl=1\",\"contentUrl\":\"https:\\\/\\\/i0.wp.com\\\/velesnails.pl\\\/wp-content\\\/uploads\\\/2024\\\/07\\\/%D0%97%D0%BD%D1%96%D0%BC%D0%BE%D0%BA-%D0%B5%D0%BA%D1%80%D0%B0%D0%BD%D0%B0-2024-08-21-141031.png?fit=839%2C863&ssl=1\",\"width\":839,\"height\":863},{\"@type\":\"BreadcrumbList\",\"@id\":\"https:\\\/\\\/velesnails.pl\\\/product\\\/staleks-pro-baza-metalowa-prosta-do-pilnikow-expert-40\\\/#breadcrumb\",\"itemListElement\":[{\"@type\":\"ListItem\",\"position\":1,\"name\":\"\u0413\u043e\u043b\u043e\u0432\u043d\u0430\",\"item\":\"https:\\\/\\\/velesnails.pl\\\/\"},{\"@type\":\"ListItem\",\"position\":2,\"name\":\"Sklep\",\"item\":\"https:\\\/\\\/velesnails.pl\\\/shop\\\/\"},{\"@type\":\"ListItem\",\"position\":3,\"name\":\"Staleks Pro Baza metalowa do pilnik\u00f3w EXPERT 40\"}]},{\"@type\":\"WebSite\",\"@id\":\"https:\\\/\\\/velesnails.pl\\\/#website\",\"url\":\"https:\\\/\\\/velesnails.pl\\\/\",\"name\":\"velesnails\",\"description\":\"Sklep z manicure\",\"publisher\":{\"@id\":\"https:\\\/\\\/velesnails.pl\\\/#organization\"},\"potentialAction\":[{\"@type\":\"SearchAction\",\"target\":{\"@type\":\"EntryPoint\",\"urlTemplate\":\"https:\\\/\\\/velesnails.pl\\\/?s={search_term_string}\"},\"query-input\":{\"@type\":\"PropertyValueSpecification\",\"valueRequired\":true,\"valueName\":\"search_term_string\"}}],\"inLanguage\":\"uk\"},{\"@type\":\"Organization\",\"@id\":\"https:\\\/\\\/velesnails.pl\\\/#organization\",\"name\":\"velesnails\",\"url\":\"https:\\\/\\\/velesnails.pl\\\/\",\"logo\":{\"@type\":\"ImageObject\",\"inLanguage\":\"uk\",\"@id\":\"https:\\\/\\\/velesnails.pl\\\/#\\\/schema\\\/logo\\\/image\\\/\",\"url\":\"https:\\\/\\\/i0.wp.com\\\/velesnails.pl\\\/wp-content\\\/uploads\\\/2025\\\/10\\\/cropped-obraz_viber_2025-10-22_13-55-55-969.jpg?fit=485%2C381&ssl=1\",\"contentUrl\":\"https:\\\/\\\/i0.wp.com\\\/velesnails.pl\\\/wp-content\\\/uploads\\\/2025\\\/10\\\/cropped-obraz_viber_2025-10-22_13-55-55-969.jpg?fit=485%2C381&ssl=1\",\"width\":485,\"height\":381,\"caption\":\"velesnails\"},\"image\":{\"@id\":\"https:\\\/\\\/velesnails.pl\\\/#\\\/schema\\\/logo\\\/image\\\/\"}}]}<\/script>\n<!-- \/ Yoast SEO plugin. -->","yoast_head_json":{"title":"Staleks Pro Baza metalowa do pilnik\u00f3w EXPERT 40 - velesnails","robots":{"index":"index","follow":"follow","max-snippet":"max-snippet:-1","max-image-preview":"max-image-preview:large","max-video-preview":"max-video-preview:-1"},"canonical":"https:\/\/velesnails.pl\/uk\/product\/staleks-pro-baza-metalowa-prosta-do-pilnikow-expert-40\/","og_locale":"uk_UA","og_type":"article","og_title":"Staleks Pro Baza metalowa do pilnik\u00f3w EXPERT 40 - velesnails","og_description":"Pilnik metalowy Staleks MBE-40 no\u015bnik -wykonany z wysokiej jako\u015bci stali nierdzewnej, u\u017cywanej do produkcji narz\u0119dzi chirurgicznych, -do pilnika przeznaczone s\u0105 nak\u0142adki \u015bcierne o r\u00f3\u017cnej gradacji, kupowane oddzielnie, -g\u0142adkie polerowane kraw\u0119dzie, -wygodny ergonomiczny uchwyt, -nadaje si\u0119 do sterylizacji w autoklawie. Dobry pilnik do paznokci Podstawowym wyposa\u017ceniem ka\u017cdego, profesjonalnego salonu kosmetycznego jest dobry pilnik do paznokci. Marka [&hellip;]","og_url":"https:\/\/velesnails.pl\/uk\/product\/staleks-pro-baza-metalowa-prosta-do-pilnikow-expert-40\/","og_site_name":"velesnails","article_modified_time":"2026-02-12T12:30:04+00:00","og_image":[{"width":839,"height":863,"url":"https:\/\/velesnails.pl\/wp-content\/uploads\/2024\/07\/\u0417\u043d\u0456\u043c\u043e\u043a-\u0435\u043a\u0440\u0430\u043d\u0430-2024-08-21-141031.png","type":"image\/png"}],"twitter_card":"summary_large_image","twitter_misc":{"\u041f\u0440\u0438\u0431\u043b. \u0447\u0430\u0441 \u0447\u0438\u0442\u0430\u043d\u043d\u044f":"1 \u0445\u0432\u0438\u043b\u0438\u043d\u0430"},"schema":{"@context":"https:\/\/schema.org","@graph":[{"@type":"WebPage","@id":"https:\/\/velesnails.pl\/product\/staleks-pro-baza-metalowa-prosta-do-pilnikow-expert-40\/","url":"https:\/\/velesnails.pl\/product\/staleks-pro-baza-metalowa-prosta-do-pilnikow-expert-40\/","name":"Staleks Pro Baza metalowa do pilnik\u00f3w EXPERT 40 - velesnails","isPartOf":{"@id":"https:\/\/velesnails.pl\/#website"},"primaryImageOfPage":{"@id":"https:\/\/velesnails.pl\/product\/staleks-pro-baza-metalowa-prosta-do-pilnikow-expert-40\/#primaryimage"},"image":{"@id":"https:\/\/velesnails.pl\/product\/staleks-pro-baza-metalowa-prosta-do-pilnikow-expert-40\/#primaryimage"},"thumbnailUrl":"https:\/\/i0.wp.com\/velesnails.pl\/wp-content\/uploads\/2024\/07\/%D0%97%D0%BD%D1%96%D0%BC%D0%BE%D0%BA-%D0%B5%D0%BA%D1%80%D0%B0%D0%BD%D0%B0-2024-08-21-141031.png?fit=839%2C863&ssl=1","datePublished":"2024-07-26T12:45:37+00:00","dateModified":"2026-02-12T12:30:04+00:00","breadcrumb":{"@id":"https:\/\/velesnails.pl\/product\/staleks-pro-baza-metalowa-prosta-do-pilnikow-expert-40\/#breadcrumb"},"inLanguage":"uk","potentialAction":[{"@type":"ReadAction","target":["https:\/\/velesnails.pl\/product\/staleks-pro-baza-metalowa-prosta-do-pilnikow-expert-40\/"]}]},{"@type":"ImageObject","inLanguage":"uk","@id":"https:\/\/velesnails.pl\/product\/staleks-pro-baza-metalowa-prosta-do-pilnikow-expert-40\/#primaryimage","url":"https:\/\/i0.wp.com\/velesnails.pl\/wp-content\/uploads\/2024\/07\/%D0%97%D0%BD%D1%96%D0%BC%D0%BE%D0%BA-%D0%B5%D0%BA%D1%80%D0%B0%D0%BD%D0%B0-2024-08-21-141031.png?fit=839%2C863&ssl=1","contentUrl":"https:\/\/i0.wp.com\/velesnails.pl\/wp-content\/uploads\/2024\/07\/%D0%97%D0%BD%D1%96%D0%BC%D0%BE%D0%BA-%D0%B5%D0%BA%D1%80%D0%B0%D0%BD%D0%B0-2024-08-21-141031.png?fit=839%2C863&ssl=1","width":839,"height":863},{"@type":"BreadcrumbList","@id":"https:\/\/velesnails.pl\/product\/staleks-pro-baza-metalowa-prosta-do-pilnikow-expert-40\/#breadcrumb","itemListElement":[{"@type":"ListItem","position":1,"name":"\u0413\u043e\u043b\u043e\u0432\u043d\u0430","item":"https:\/\/velesnails.pl\/"},{"@type":"ListItem","position":2,"name":"Sklep","item":"https:\/\/velesnails.pl\/shop\/"},{"@type":"ListItem","position":3,"name":"Staleks Pro Baza metalowa do pilnik\u00f3w EXPERT 40"}]},{"@type":"WebSite","@id":"https:\/\/velesnails.pl\/#website","url":"https:\/\/velesnails.pl\/","name":"\u0432\u0435\u043b\u0435\u0441\u043e\u0432\u0456 \u043d\u0456\u0433\u0442\u0456","description":"\u041c\u0430\u043d\u0456\u043a\u044e\u0440\u043d\u0438\u0439 \u0441\u0430\u043b\u043e\u043d","publisher":{"@id":"https:\/\/velesnails.pl\/#organization"},"potentialAction":[{"@type":"SearchAction","target":{"@type":"EntryPoint","urlTemplate":"https:\/\/velesnails.pl\/?s={search_term_string}"},"query-input":{"@type":"PropertyValueSpecification","valueRequired":true,"valueName":"search_term_string"}}],"inLanguage":"uk"},{"@type":"Organization","@id":"https:\/\/velesnails.pl\/#organization","name":"\u0432\u0435\u043b\u0435\u0441\u043e\u0432\u0456 \u043d\u0456\u0433\u0442\u0456","url":"https:\/\/velesnails.pl\/","logo":{"@type":"ImageObject","inLanguage":"uk","@id":"https:\/\/velesnails.pl\/#\/schema\/logo\/image\/","url":"https:\/\/i0.wp.com\/velesnails.pl\/wp-content\/uploads\/2025\/10\/cropped-obraz_viber_2025-10-22_13-55-55-969.jpg?fit=485%2C381&ssl=1","contentUrl":"https:\/\/i0.wp.com\/velesnails.pl\/wp-content\/uploads\/2025\/10\/cropped-obraz_viber_2025-10-22_13-55-55-969.jpg?fit=485%2C381&ssl=1","width":485,"height":381,"caption":"velesnails"},"image":{"@id":"https:\/\/velesnails.pl\/#\/schema\/logo\/image\/"}}]}},"_links":{"self":[{"href":"https:\/\/velesnails.pl\/uk\/wp-json\/wp\/v2\/product\/3209","targetHints":{"allow":["GET"]}}],"collection":[{"href":"https:\/\/velesnails.pl\/uk\/wp-json\/wp\/v2\/product"}],"about":[{"href":"https:\/\/velesnails.pl\/uk\/wp-json\/wp\/v2\/types\/product"}],"replies":[{"embeddable":true,"href":"https:\/\/velesnails.pl\/uk\/wp-json\/wp\/v2\/comments?post=3209"}],"wp:featuredmedia":[{"embeddable":true,"href":"https:\/\/velesnails.pl\/uk\/wp-json\/wp\/v2\/media\/3946"}],"wp:attachment":[{"href":"https:\/\/velesnails.pl\/uk\/wp-json\/wp\/v2\/media?parent=3209"}],"wp:term":[{"taxonomy":"product_brand","embeddable":true,"href":"https:\/\/velesnails.pl\/uk\/wp-json\/wp\/v2\/product_brand?post=3209"},{"taxonomy":"product_cat","embeddable":true,"href":"https:\/\/velesnails.pl\/uk\/wp-json\/wp\/v2\/product_cat?post=3209"},{"taxonomy":"product_tag","embeddable":true,"href":"https:\/\/velesnails.pl\/uk\/wp-json\/wp\/v2\/product_tag?post=3209"}],"curies":[{"name":"wp","href":"https:\/\/api.w.org\/{rel}","templated":true}]}}