{"id":3083,"date":"2024-07-25T17:00:15","date_gmt":"2024-07-25T14:00:15","guid":{"rendered":"https:\/\/velesnails.loc\/?post_type=product&#038;p=3083"},"modified":"2026-04-28T20:24:33","modified_gmt":"2026-04-28T17:24:33","slug":"sonda-do-zdobien-dwustronna","status":"publish","type":"product","link":"https:\/\/velesnails.pl\/uk\/product\/sonda-do-zdobien-dwustronna\/","title":{"rendered":"Sonda do zdobie\u0144-dwustoronna"},"content":{"rendered":"<p>Profesjonalna sonda do zdobie\u0144, stworzona specjalnie z my\u015bl\u0105 o precyzyjnym modelowaniu zar\u00f3wno \u017celu, jak i akrylu.<\/p>\n<p>Doskona\u0142a do kszta\u0142towania linii u\u015bmiechu podczas tworzenia stylizacji french, jak r\u00f3wnie\u017c do precyzyjnego aplikowania ozd\u00f3b na paznokcie.<\/p>\n<p>Dzi\u0119ki swojej konstrukcji sonda zapewnia u\u017cytkownikowi pe\u0142n\u0105 kontrol\u0119 nad procesem zdobienia, umo\u017cliwiaj\u0105c osi\u0105gni\u0119cie perfekcyjnych efekt\u00f3w w ka\u017cdym detalu.<\/p>\n<p>Praktyczna plastikowa r\u0105czka zapewni ci wygod\u0119 i precyzj\u0119 zabieg\u00f3w. Sonda jest lekka, \u0142atwo ni\u0105 manewrowa\u0107, nie m\u0119czy palc\u00f3w i r\u0105k.<\/p>\n<p>Sondy do zdobie\u0144 wyst\u0119puj\u0105 w 5 kolorach z jednej strony zako\u0144czone s\u0105 kuleczk\u0105 o wielko\u015bci 1,5mm, a druga strona ko\u0144czy si\u0119 kuleczk\u0105 o r\u00f3\u017cnej wielko\u015bci takich jak :<br \/>\nzielona \u2013 3mm<br \/>\nniebieska \u2013 2,5mm<br \/>\nbia\u0142a \u2013 2mm<br \/>\n\u017c\u00f3\u0142ta \u2013 1 mm<br \/>\nr\u00f3\u017cowa \u2013 0,8mm<\/p>","protected":false},"excerpt":{"rendered":"<p>Profesjonalna sonda do zdobie\u0144, stworzona specjalnie z my\u015bl\u0105 o precyzyjnym modelowaniu zar\u00f3wno \u017celu, jak i akrylu. Doskona\u0142a do kszta\u0142towania linii u\u015bmiechu podczas tworzenia stylizacji french, jak r\u00f3wnie\u017c do precyzyjnego aplikowania ozd\u00f3b na paznokcie. Dzi\u0119ki swojej konstrukcji sonda zapewnia u\u017cytkownikowi pe\u0142n\u0105 kontrol\u0119 nad procesem zdobienia, umo\u017cliwiaj\u0105c osi\u0105gni\u0119cie perfekcyjnych efekt\u00f3w w ka\u017cdym detalu. Praktyczna plastikowa r\u0105czka zapewni [&hellip;]<\/p>\n","protected":false},"featured_media":3084,"comment_status":"closed","ping_status":"closed","template":"","meta":{"om_disable_all_campaigns":false,"ocean_post_layout":"","ocean_both_sidebars_style":"","ocean_both_sidebars_content_width":0,"ocean_both_sidebars_sidebars_width":0,"ocean_sidebar":"0","ocean_second_sidebar":"0","ocean_disable_margins":"enable","ocean_add_body_class":"","ocean_shortcode_before_top_bar":"","ocean_shortcode_after_top_bar":"","ocean_shortcode_before_header":"","ocean_shortcode_after_header":"","ocean_has_shortcode":"","ocean_shortcode_after_title":"","ocean_shortcode_before_footer_widgets":"","ocean_shortcode_after_footer_widgets":"","ocean_shortcode_before_footer_bottom":"","ocean_shortcode_after_footer_bottom":"","ocean_display_top_bar":"default","ocean_display_header":"default","ocean_header_style":"","ocean_center_header_left_menu":"0","ocean_custom_header_template":"0","ocean_custom_logo":0,"ocean_custom_retina_logo":0,"ocean_custom_logo_max_width":0,"ocean_custom_logo_tablet_max_width":0,"ocean_custom_logo_mobile_max_width":0,"ocean_custom_logo_max_height":0,"ocean_custom_logo_tablet_max_height":0,"ocean_custom_logo_mobile_max_height":0,"ocean_header_custom_menu":"0","ocean_menu_typo_font_family":"0","ocean_menu_typo_font_subset":"","ocean_menu_typo_font_size":0,"ocean_menu_typo_font_size_tablet":0,"ocean_menu_typo_font_size_mobile":0,"ocean_menu_typo_font_size_unit":"px","ocean_menu_typo_font_weight":"","ocean_menu_typo_font_weight_tablet":"","ocean_menu_typo_font_weight_mobile":"","ocean_menu_typo_transform":"","ocean_menu_typo_transform_tablet":"","ocean_menu_typo_transform_mobile":"","ocean_menu_typo_line_height":0,"ocean_menu_typo_line_height_tablet":0,"ocean_menu_typo_line_height_mobile":0,"ocean_menu_typo_line_height_unit":"","ocean_menu_typo_spacing":0,"ocean_menu_typo_spacing_tablet":0,"ocean_menu_typo_spacing_mobile":0,"ocean_menu_typo_spacing_unit":"","ocean_menu_link_color":"","ocean_menu_link_color_hover":"","ocean_menu_link_color_active":"","ocean_menu_link_background":"","ocean_menu_link_hover_background":"","ocean_menu_link_active_background":"","ocean_menu_social_links_bg":"","ocean_menu_social_hover_links_bg":"","ocean_menu_social_links_color":"","ocean_menu_social_hover_links_color":"","ocean_disable_title":"default","ocean_disable_heading":"default","ocean_post_title":"","ocean_post_subheading":"","ocean_post_title_style":"","ocean_post_title_background_color":"","ocean_post_title_background":0,"ocean_post_title_bg_image_position":"","ocean_post_title_bg_image_attachment":"","ocean_post_title_bg_image_repeat":"","ocean_post_title_bg_image_size":"","ocean_post_title_height":0,"ocean_post_title_bg_overlay":0.5,"ocean_post_title_bg_overlay_color":"","ocean_disable_breadcrumbs":"default","ocean_breadcrumbs_color":"","ocean_breadcrumbs_separator_color":"","ocean_breadcrumbs_links_color":"","ocean_breadcrumbs_links_hover_color":"","ocean_display_footer_widgets":"default","ocean_display_footer_bottom":"default","ocean_custom_footer_template":"0"},"product_brand":[],"product_cat":[197,139,110],"product_tag":[],"class_list":{"0":"post-3083","1":"product","2":"type-product","3":"status-publish","4":"has-post-thumbnail","6":"product_cat-acsesoria-1","7":"product_cat-akcesoria","8":"product_cat-paznokcie","10":"entry","11":"has-media","13":"first","14":"instock","15":"taxable","16":"shipping-taxable","17":"purchasable","18":"product-type-simple","19":"has-product-nav","20":"col","21":"span_1_of_3","22":"owp-content-center","23":"owp-thumbs-layout-horizontal","24":"owp-btn-normal","25":"owp-tabs-layout-horizontal","26":"has-no-thumbnails"},"yoast_head":"<!-- This site is optimized with the Yoast SEO plugin v27.5 - https:\/\/yoast.com\/product\/yoast-seo-wordpress\/ -->\n<title>Sonda do zdobie\u0144-dwustoronna - velesnails<\/title>\n<meta name=\"robots\" content=\"index, follow, max-snippet:-1, max-image-preview:large, max-video-preview:-1\" \/>\n<link rel=\"canonical\" href=\"https:\/\/velesnails.pl\/uk\/product\/sonda-do-zdobien-dwustronna\/\" \/>\n<meta property=\"og:locale\" content=\"uk_UA\" \/>\n<meta property=\"og:type\" content=\"article\" \/>\n<meta property=\"og:title\" content=\"Sonda do zdobie\u0144-dwustoronna - velesnails\" \/>\n<meta property=\"og:description\" content=\"Profesjonalna sonda do zdobie\u0144, stworzona specjalnie z my\u015bl\u0105 o precyzyjnym modelowaniu zar\u00f3wno \u017celu, jak i akrylu. Doskona\u0142a do kszta\u0142towania linii u\u015bmiechu podczas tworzenia stylizacji french, jak r\u00f3wnie\u017c do precyzyjnego aplikowania ozd\u00f3b na paznokcie. Dzi\u0119ki swojej konstrukcji sonda zapewnia u\u017cytkownikowi pe\u0142n\u0105 kontrol\u0119 nad procesem zdobienia, umo\u017cliwiaj\u0105c osi\u0105gni\u0119cie perfekcyjnych efekt\u00f3w w ka\u017cdym detalu. Praktyczna plastikowa r\u0105czka zapewni [&hellip;]\" \/>\n<meta property=\"og:url\" content=\"https:\/\/velesnails.pl\/uk\/product\/sonda-do-zdobien-dwustronna\/\" \/>\n<meta property=\"og:site_name\" content=\"velesnails\" \/>\n<meta property=\"article:modified_time\" content=\"2026-04-28T17:24:33+00:00\" \/>\n<meta property=\"og:image\" content=\"https:\/\/velesnails.pl\/wp-content\/uploads\/2024\/07\/SONDA-DO-ZDOBIEN-DWUSTRONNA.png\" \/>\n\t<meta property=\"og:image:width\" content=\"849\" \/>\n\t<meta property=\"og:image:height\" content=\"788\" \/>\n\t<meta property=\"og:image:type\" content=\"image\/png\" \/>\n<meta name=\"twitter:card\" content=\"summary_large_image\" \/>\n<meta name=\"twitter:label1\" content=\"\u041f\u0440\u0438\u0431\u043b. \u0447\u0430\u0441 \u0447\u0438\u0442\u0430\u043d\u043d\u044f\" \/>\n\t<meta name=\"twitter:data1\" content=\"1 \u0445\u0432\u0438\u043b\u0438\u043d\u0430\" \/>\n<script type=\"application\/ld+json\" class=\"yoast-schema-graph\">{\"@context\":\"https:\\\/\\\/schema.org\",\"@graph\":[{\"@type\":\"WebPage\",\"@id\":\"https:\\\/\\\/velesnails.pl\\\/product\\\/sonda-do-zdobien-dwustronna\\\/\",\"url\":\"https:\\\/\\\/velesnails.pl\\\/product\\\/sonda-do-zdobien-dwustronna\\\/\",\"name\":\"Sonda do zdobie\u0144-dwustoronna - velesnails\",\"isPartOf\":{\"@id\":\"https:\\\/\\\/velesnails.pl\\\/#website\"},\"primaryImageOfPage\":{\"@id\":\"https:\\\/\\\/velesnails.pl\\\/product\\\/sonda-do-zdobien-dwustronna\\\/#primaryimage\"},\"image\":{\"@id\":\"https:\\\/\\\/velesnails.pl\\\/product\\\/sonda-do-zdobien-dwustronna\\\/#primaryimage\"},\"thumbnailUrl\":\"https:\\\/\\\/i0.wp.com\\\/velesnails.pl\\\/wp-content\\\/uploads\\\/2024\\\/07\\\/SONDA-DO-ZDOBIEN-DWUSTRONNA.png?fit=849%2C788&ssl=1\",\"datePublished\":\"2024-07-25T14:00:15+00:00\",\"dateModified\":\"2026-04-28T17:24:33+00:00\",\"breadcrumb\":{\"@id\":\"https:\\\/\\\/velesnails.pl\\\/product\\\/sonda-do-zdobien-dwustronna\\\/#breadcrumb\"},\"inLanguage\":\"uk\",\"potentialAction\":[{\"@type\":\"ReadAction\",\"target\":[\"https:\\\/\\\/velesnails.pl\\\/product\\\/sonda-do-zdobien-dwustronna\\\/\"]}]},{\"@type\":\"ImageObject\",\"inLanguage\":\"uk\",\"@id\":\"https:\\\/\\\/velesnails.pl\\\/product\\\/sonda-do-zdobien-dwustronna\\\/#primaryimage\",\"url\":\"https:\\\/\\\/i0.wp.com\\\/velesnails.pl\\\/wp-content\\\/uploads\\\/2024\\\/07\\\/SONDA-DO-ZDOBIEN-DWUSTRONNA.png?fit=849%2C788&ssl=1\",\"contentUrl\":\"https:\\\/\\\/i0.wp.com\\\/velesnails.pl\\\/wp-content\\\/uploads\\\/2024\\\/07\\\/SONDA-DO-ZDOBIEN-DWUSTRONNA.png?fit=849%2C788&ssl=1\",\"width\":849,\"height\":788},{\"@type\":\"BreadcrumbList\",\"@id\":\"https:\\\/\\\/velesnails.pl\\\/product\\\/sonda-do-zdobien-dwustronna\\\/#breadcrumb\",\"itemListElement\":[{\"@type\":\"ListItem\",\"position\":1,\"name\":\"\u0413\u043e\u043b\u043e\u0432\u043d\u0430\",\"item\":\"https:\\\/\\\/velesnails.pl\\\/\"},{\"@type\":\"ListItem\",\"position\":2,\"name\":\"Sklep\",\"item\":\"https:\\\/\\\/velesnails.pl\\\/shop\\\/\"},{\"@type\":\"ListItem\",\"position\":3,\"name\":\"Sonda do zdobie\u0144-dwustoronna\"}]},{\"@type\":\"WebSite\",\"@id\":\"https:\\\/\\\/velesnails.pl\\\/#website\",\"url\":\"https:\\\/\\\/velesnails.pl\\\/\",\"name\":\"velesnails\",\"description\":\"Sklep z manicure\",\"publisher\":{\"@id\":\"https:\\\/\\\/velesnails.pl\\\/#organization\"},\"potentialAction\":[{\"@type\":\"SearchAction\",\"target\":{\"@type\":\"EntryPoint\",\"urlTemplate\":\"https:\\\/\\\/velesnails.pl\\\/?s={search_term_string}\"},\"query-input\":{\"@type\":\"PropertyValueSpecification\",\"valueRequired\":true,\"valueName\":\"search_term_string\"}}],\"inLanguage\":\"uk\"},{\"@type\":\"Organization\",\"@id\":\"https:\\\/\\\/velesnails.pl\\\/#organization\",\"name\":\"velesnails\",\"url\":\"https:\\\/\\\/velesnails.pl\\\/\",\"logo\":{\"@type\":\"ImageObject\",\"inLanguage\":\"uk\",\"@id\":\"https:\\\/\\\/velesnails.pl\\\/#\\\/schema\\\/logo\\\/image\\\/\",\"url\":\"https:\\\/\\\/i0.wp.com\\\/velesnails.pl\\\/wp-content\\\/uploads\\\/2025\\\/10\\\/cropped-obraz_viber_2025-10-22_13-55-55-969.jpg?fit=485%2C381&ssl=1\",\"contentUrl\":\"https:\\\/\\\/i0.wp.com\\\/velesnails.pl\\\/wp-content\\\/uploads\\\/2025\\\/10\\\/cropped-obraz_viber_2025-10-22_13-55-55-969.jpg?fit=485%2C381&ssl=1\",\"width\":485,\"height\":381,\"caption\":\"velesnails\"},\"image\":{\"@id\":\"https:\\\/\\\/velesnails.pl\\\/#\\\/schema\\\/logo\\\/image\\\/\"}}]}<\/script>\n<!-- \/ Yoast SEO plugin. -->","yoast_head_json":{"title":"Sonda do zdobie\u0144-dwustoronna - velesnails","robots":{"index":"index","follow":"follow","max-snippet":"max-snippet:-1","max-image-preview":"max-image-preview:large","max-video-preview":"max-video-preview:-1"},"canonical":"https:\/\/velesnails.pl\/uk\/product\/sonda-do-zdobien-dwustronna\/","og_locale":"uk_UA","og_type":"article","og_title":"Sonda do zdobie\u0144-dwustoronna - velesnails","og_description":"Profesjonalna sonda do zdobie\u0144, stworzona specjalnie z my\u015bl\u0105 o precyzyjnym modelowaniu zar\u00f3wno \u017celu, jak i akrylu. Doskona\u0142a do kszta\u0142towania linii u\u015bmiechu podczas tworzenia stylizacji french, jak r\u00f3wnie\u017c do precyzyjnego aplikowania ozd\u00f3b na paznokcie. Dzi\u0119ki swojej konstrukcji sonda zapewnia u\u017cytkownikowi pe\u0142n\u0105 kontrol\u0119 nad procesem zdobienia, umo\u017cliwiaj\u0105c osi\u0105gni\u0119cie perfekcyjnych efekt\u00f3w w ka\u017cdym detalu. Praktyczna plastikowa r\u0105czka zapewni [&hellip;]","og_url":"https:\/\/velesnails.pl\/uk\/product\/sonda-do-zdobien-dwustronna\/","og_site_name":"velesnails","article_modified_time":"2026-04-28T17:24:33+00:00","og_image":[{"width":849,"height":788,"url":"https:\/\/velesnails.pl\/wp-content\/uploads\/2024\/07\/SONDA-DO-ZDOBIEN-DWUSTRONNA.png","type":"image\/png"}],"twitter_card":"summary_large_image","twitter_misc":{"\u041f\u0440\u0438\u0431\u043b. \u0447\u0430\u0441 \u0447\u0438\u0442\u0430\u043d\u043d\u044f":"1 \u0445\u0432\u0438\u043b\u0438\u043d\u0430"},"schema":{"@context":"https:\/\/schema.org","@graph":[{"@type":"WebPage","@id":"https:\/\/velesnails.pl\/product\/sonda-do-zdobien-dwustronna\/","url":"https:\/\/velesnails.pl\/product\/sonda-do-zdobien-dwustronna\/","name":"Sonda do zdobie\u0144-dwustoronna - velesnails","isPartOf":{"@id":"https:\/\/velesnails.pl\/#website"},"primaryImageOfPage":{"@id":"https:\/\/velesnails.pl\/product\/sonda-do-zdobien-dwustronna\/#primaryimage"},"image":{"@id":"https:\/\/velesnails.pl\/product\/sonda-do-zdobien-dwustronna\/#primaryimage"},"thumbnailUrl":"https:\/\/i0.wp.com\/velesnails.pl\/wp-content\/uploads\/2024\/07\/SONDA-DO-ZDOBIEN-DWUSTRONNA.png?fit=849%2C788&ssl=1","datePublished":"2024-07-25T14:00:15+00:00","dateModified":"2026-04-28T17:24:33+00:00","breadcrumb":{"@id":"https:\/\/velesnails.pl\/product\/sonda-do-zdobien-dwustronna\/#breadcrumb"},"inLanguage":"uk","potentialAction":[{"@type":"ReadAction","target":["https:\/\/velesnails.pl\/product\/sonda-do-zdobien-dwustronna\/"]}]},{"@type":"ImageObject","inLanguage":"uk","@id":"https:\/\/velesnails.pl\/product\/sonda-do-zdobien-dwustronna\/#primaryimage","url":"https:\/\/i0.wp.com\/velesnails.pl\/wp-content\/uploads\/2024\/07\/SONDA-DO-ZDOBIEN-DWUSTRONNA.png?fit=849%2C788&ssl=1","contentUrl":"https:\/\/i0.wp.com\/velesnails.pl\/wp-content\/uploads\/2024\/07\/SONDA-DO-ZDOBIEN-DWUSTRONNA.png?fit=849%2C788&ssl=1","width":849,"height":788},{"@type":"BreadcrumbList","@id":"https:\/\/velesnails.pl\/product\/sonda-do-zdobien-dwustronna\/#breadcrumb","itemListElement":[{"@type":"ListItem","position":1,"name":"\u0413\u043e\u043b\u043e\u0432\u043d\u0430","item":"https:\/\/velesnails.pl\/"},{"@type":"ListItem","position":2,"name":"Sklep","item":"https:\/\/velesnails.pl\/shop\/"},{"@type":"ListItem","position":3,"name":"Sonda do zdobie\u0144-dwustoronna"}]},{"@type":"WebSite","@id":"https:\/\/velesnails.pl\/#website","url":"https:\/\/velesnails.pl\/","name":"\u0432\u0435\u043b\u0435\u0441\u043e\u0432\u0456 \u043d\u0456\u0433\u0442\u0456","description":"\u041c\u0430\u043d\u0456\u043a\u044e\u0440\u043d\u0438\u0439 \u0441\u0430\u043b\u043e\u043d","publisher":{"@id":"https:\/\/velesnails.pl\/#organization"},"potentialAction":[{"@type":"SearchAction","target":{"@type":"EntryPoint","urlTemplate":"https:\/\/velesnails.pl\/?s={search_term_string}"},"query-input":{"@type":"PropertyValueSpecification","valueRequired":true,"valueName":"search_term_string"}}],"inLanguage":"uk"},{"@type":"Organization","@id":"https:\/\/velesnails.pl\/#organization","name":"\u0432\u0435\u043b\u0435\u0441\u043e\u0432\u0456 \u043d\u0456\u0433\u0442\u0456","url":"https:\/\/velesnails.pl\/","logo":{"@type":"ImageObject","inLanguage":"uk","@id":"https:\/\/velesnails.pl\/#\/schema\/logo\/image\/","url":"https:\/\/i0.wp.com\/velesnails.pl\/wp-content\/uploads\/2025\/10\/cropped-obraz_viber_2025-10-22_13-55-55-969.jpg?fit=485%2C381&ssl=1","contentUrl":"https:\/\/i0.wp.com\/velesnails.pl\/wp-content\/uploads\/2025\/10\/cropped-obraz_viber_2025-10-22_13-55-55-969.jpg?fit=485%2C381&ssl=1","width":485,"height":381,"caption":"velesnails"},"image":{"@id":"https:\/\/velesnails.pl\/#\/schema\/logo\/image\/"}}]}},"_links":{"self":[{"href":"https:\/\/velesnails.pl\/uk\/wp-json\/wp\/v2\/product\/3083","targetHints":{"allow":["GET"]}}],"collection":[{"href":"https:\/\/velesnails.pl\/uk\/wp-json\/wp\/v2\/product"}],"about":[{"href":"https:\/\/velesnails.pl\/uk\/wp-json\/wp\/v2\/types\/product"}],"replies":[{"embeddable":true,"href":"https:\/\/velesnails.pl\/uk\/wp-json\/wp\/v2\/comments?post=3083"}],"wp:featuredmedia":[{"embeddable":true,"href":"https:\/\/velesnails.pl\/uk\/wp-json\/wp\/v2\/media\/3084"}],"wp:attachment":[{"href":"https:\/\/velesnails.pl\/uk\/wp-json\/wp\/v2\/media?parent=3083"}],"wp:term":[{"taxonomy":"product_brand","embeddable":true,"href":"https:\/\/velesnails.pl\/uk\/wp-json\/wp\/v2\/product_brand?post=3083"},{"taxonomy":"product_cat","embeddable":true,"href":"https:\/\/velesnails.pl\/uk\/wp-json\/wp\/v2\/product_cat?post=3083"},{"taxonomy":"product_tag","embeddable":true,"href":"https:\/\/velesnails.pl\/uk\/wp-json\/wp\/v2\/product_tag?post=3083"}],"curies":[{"name":"wp","href":"https:\/\/api.w.org\/{rel}","templated":true}]}}