{"id":3079,"date":"2024-07-25T16:52:34","date_gmt":"2024-07-25T13:52:34","guid":{"rendered":"https:\/\/velesnails.loc\/?post_type=product&#038;p=3079"},"modified":"2026-03-09T17:50:05","modified_gmt":"2026-03-09T14:50:05","slug":"mocny-magnes-magnetyzer-do-kociego-oka-cat-eye-maly-precyzyjny-50x10x2mm","status":"publish","type":"product","link":"https:\/\/velesnails.pl\/uk\/product\/mocny-magnes-magnetyzer-do-kociego-oka-cat-eye-maly-precyzyjny-50x10x2mm\/","title":{"rendered":"Magnes do kociego oka, pen 2w1"},"content":{"rendered":"<p>Nadaj swoim stylizacjom wyj\u0105tkowej g\u0142\u0119bi i magnetycznego blasku dzi\u0119ki\u00a0<strong>profesjonalnemu magnesowi do kociego oka 2w1 w formie wygodnego pena<\/strong>. To niezast\u0105pione akcesorium w pracy stylistki paznokci, kt\u00f3re pozwala w prosty spos\u00f3b wydoby\u0107 efekt\u00a0<strong>Cat Eye<\/strong>\u00a0i tworzy\u0107 spektakularne wzory na paznokciach hybrydowych, \u017celowych oraz akrylowych.<\/p>\n<ul class=\"wp-block-list\">\n<li><strong>2w1 \u2013 dwa efekty w jednym narz\u0119dziu<\/strong>\u00a0\u2013 z jednej strony klasyczny magnes, z drugiej precyzyjna ko\u0144c\u00f3wka, kt\u00f3ra pozwala budowa\u0107 unikalne kompozycje i kontrolowa\u0107 kierunek drobinek magnetycznych.<\/li>\n<li><strong>Ergonomiczna forma pen<\/strong>\u00a0\u2013 wygodna i lekka, zapewnia pe\u0142n\u0105 kontrol\u0119 nad stylizacj\u0105 oraz komfort podczas pracy.<\/li>\n<li><strong>Efekt kociego oka<\/strong>\u00a0\u2013 od subtelnych smug po wyraziste, wielowymiarowe refleksy \u2013 mo\u017cliwo\u015bci ogranicza jedynie wyobra\u017ania stylistki.<\/li>\n<li><strong>Narz\u0119dzie wielokrotnego u\u017cytku<\/strong>\u00a0\u2013 trwa\u0142e i odporne na uszkodzenia, idealne zar\u00f3wno do u\u017cytku domowego, jak i w profesjonalnym salonie manicure.&nbsp;\n<p><strong>Jak u\u017cywa\u0107?<\/strong><\/p>\n<ul class=\"wp-block-list\">\n<li>Na\u0142\u00f3\u017c wybrany kolor lakieru hybrydowego z drobinkami magnetycznymi.<\/li>\n<li>Zbli\u017c magnes do powierzchni paznokcia, aby uformowa\u0107 po\u017c\u0105dany efekt.<\/li>\n<li>Utward\u017a w lampie LED\/UV i ciesz si\u0119 hipnotyzuj\u0105cym blaskiem kociego oka.<\/li>\n<\/ul>\n<p><strong>Dlaczego warto wybra\u0107 magnes pen 2w1?<\/strong><\/p>\n<p>Jako stylistka paznokci wiesz, jak wa\u017cne s\u0105 detale \u2013 ten magnes pozwala w pe\u0142ni kontrolowa\u0107 efekt, oszcz\u0119dza czas i otwiera nowe mo\u017cliwo\u015bci artystycznej stylizacji. To ma\u0142y gad\u017cet, kt\u00f3ry robi ogromn\u0105 r\u00f3\u017cnic\u0119 w jako\u015bci manicure.<\/li>\n<\/ul>","protected":false},"excerpt":{"rendered":"<p>Nadaj swoim stylizacjom wyj\u0105tkowej g\u0142\u0119bi i magnetycznego blasku dzi\u0119ki\u00a0profesjonalnemu magnesowi do kociego oka 2w1 w formie wygodnego pena. To niezast\u0105pione akcesorium w pracy stylistki paznokci, kt\u00f3re pozwala w prosty spos\u00f3b wydoby\u0107 efekt\u00a0Cat Eye\u00a0i tworzy\u0107 spektakularne wzory na paznokciach hybrydowych, \u017celowych oraz akrylowych. 2w1 \u2013 dwa efekty w jednym narz\u0119dziu\u00a0\u2013 z jednej strony klasyczny magnes, z [&hellip;]<\/p>\n","protected":false},"featured_media":7631,"comment_status":"closed","ping_status":"closed","template":"","meta":{"om_disable_all_campaigns":false,"ocean_post_layout":"","ocean_both_sidebars_style":"","ocean_both_sidebars_content_width":0,"ocean_both_sidebars_sidebars_width":0,"ocean_sidebar":"0","ocean_second_sidebar":"0","ocean_disable_margins":"enable","ocean_add_body_class":"","ocean_shortcode_before_top_bar":"","ocean_shortcode_after_top_bar":"","ocean_shortcode_before_header":"","ocean_shortcode_after_header":"","ocean_has_shortcode":"","ocean_shortcode_after_title":"","ocean_shortcode_before_footer_widgets":"","ocean_shortcode_after_footer_widgets":"","ocean_shortcode_before_footer_bottom":"","ocean_shortcode_after_footer_bottom":"","ocean_display_top_bar":"default","ocean_display_header":"default","ocean_header_style":"","ocean_center_header_left_menu":"0","ocean_custom_header_template":"0","ocean_custom_logo":0,"ocean_custom_retina_logo":0,"ocean_custom_logo_max_width":0,"ocean_custom_logo_tablet_max_width":0,"ocean_custom_logo_mobile_max_width":0,"ocean_custom_logo_max_height":0,"ocean_custom_logo_tablet_max_height":0,"ocean_custom_logo_mobile_max_height":0,"ocean_header_custom_menu":"0","ocean_menu_typo_font_family":"0","ocean_menu_typo_font_subset":"","ocean_menu_typo_font_size":0,"ocean_menu_typo_font_size_tablet":0,"ocean_menu_typo_font_size_mobile":0,"ocean_menu_typo_font_size_unit":"px","ocean_menu_typo_font_weight":"","ocean_menu_typo_font_weight_tablet":"","ocean_menu_typo_font_weight_mobile":"","ocean_menu_typo_transform":"","ocean_menu_typo_transform_tablet":"","ocean_menu_typo_transform_mobile":"","ocean_menu_typo_line_height":0,"ocean_menu_typo_line_height_tablet":0,"ocean_menu_typo_line_height_mobile":0,"ocean_menu_typo_line_height_unit":"","ocean_menu_typo_spacing":0,"ocean_menu_typo_spacing_tablet":0,"ocean_menu_typo_spacing_mobile":0,"ocean_menu_typo_spacing_unit":"","ocean_menu_link_color":"","ocean_menu_link_color_hover":"","ocean_menu_link_color_active":"","ocean_menu_link_background":"","ocean_menu_link_hover_background":"","ocean_menu_link_active_background":"","ocean_menu_social_links_bg":"","ocean_menu_social_hover_links_bg":"","ocean_menu_social_links_color":"","ocean_menu_social_hover_links_color":"","ocean_disable_title":"default","ocean_disable_heading":"default","ocean_post_title":"","ocean_post_subheading":"","ocean_post_title_style":"","ocean_post_title_background_color":"","ocean_post_title_background":0,"ocean_post_title_bg_image_position":"","ocean_post_title_bg_image_attachment":"","ocean_post_title_bg_image_repeat":"","ocean_post_title_bg_image_size":"","ocean_post_title_height":0,"ocean_post_title_bg_overlay":0.5,"ocean_post_title_bg_overlay_color":"","ocean_disable_breadcrumbs":"default","ocean_breadcrumbs_color":"","ocean_breadcrumbs_separator_color":"","ocean_breadcrumbs_links_color":"","ocean_breadcrumbs_links_hover_color":"","ocean_display_footer_widgets":"default","ocean_display_footer_bottom":"default","ocean_custom_footer_template":"0"},"product_brand":[],"product_cat":[197,139,190,110],"product_tag":[],"class_list":{"0":"post-3079","1":"product","2":"type-product","3":"status-publish","4":"has-post-thumbnail","6":"product_cat-acsesoria-1","7":"product_cat-akcesoria","8":"product_cat-clavier-1","9":"product_cat-paznokcie","11":"entry","12":"has-media","14":"first","15":"outofstock","16":"taxable","17":"shipping-taxable","18":"purchasable","19":"product-type-simple","20":"has-product-nav","21":"col","22":"span_1_of_3","23":"owp-content-center","24":"owp-thumbs-layout-horizontal","25":"owp-btn-normal","26":"owp-tabs-layout-horizontal"},"yoast_head":"<!-- This site is optimized with the Yoast SEO plugin v27.5 - https:\/\/yoast.com\/product\/yoast-seo-wordpress\/ -->\n<title>Magnes do kociego oka, pen 2w1 - velesnails<\/title>\n<meta name=\"robots\" content=\"index, follow, max-snippet:-1, max-image-preview:large, max-video-preview:-1\" \/>\n<link rel=\"canonical\" href=\"https:\/\/velesnails.pl\/uk\/product\/mocny-magnes-magnetyzer-do-kociego-oka-cat-eye-maly-precyzyjny-50x10x2mm\/\" \/>\n<meta property=\"og:locale\" content=\"uk_UA\" \/>\n<meta property=\"og:type\" content=\"article\" \/>\n<meta property=\"og:title\" content=\"Magnes do kociego oka, pen 2w1 - velesnails\" \/>\n<meta property=\"og:description\" content=\"Nadaj swoim stylizacjom wyj\u0105tkowej g\u0142\u0119bi i magnetycznego blasku dzi\u0119ki\u00a0profesjonalnemu magnesowi do kociego oka 2w1 w formie wygodnego pena. To niezast\u0105pione akcesorium w pracy stylistki paznokci, kt\u00f3re pozwala w prosty spos\u00f3b wydoby\u0107 efekt\u00a0Cat Eye\u00a0i tworzy\u0107 spektakularne wzory na paznokciach hybrydowych, \u017celowych oraz akrylowych. 2w1 \u2013 dwa efekty w jednym narz\u0119dziu\u00a0\u2013 z jednej strony klasyczny magnes, z [&hellip;]\" \/>\n<meta property=\"og:url\" content=\"https:\/\/velesnails.pl\/uk\/product\/mocny-magnes-magnetyzer-do-kociego-oka-cat-eye-maly-precyzyjny-50x10x2mm\/\" \/>\n<meta property=\"og:site_name\" content=\"velesnails\" \/>\n<meta property=\"article:modified_time\" content=\"2026-03-09T14:50:05+00:00\" \/>\n<meta property=\"og:image\" content=\"https:\/\/velesnails.pl\/wp-content\/uploads\/2024\/07\/487d40fd-eeb4-4700-ac46-c0a2126be6af-1.jpg\" \/>\n\t<meta property=\"og:image:width\" content=\"1280\" \/>\n\t<meta property=\"og:image:height\" content=\"1280\" \/>\n\t<meta property=\"og:image:type\" content=\"image\/jpeg\" \/>\n<meta name=\"twitter:card\" content=\"summary_large_image\" \/>\n<meta name=\"twitter:label1\" content=\"\u041f\u0440\u0438\u0431\u043b. \u0447\u0430\u0441 \u0447\u0438\u0442\u0430\u043d\u043d\u044f\" \/>\n\t<meta name=\"twitter:data1\" content=\"2 \u0445\u0432\u0438\u043b\u0438\u043d\u0438\" \/>\n<script type=\"application\/ld+json\" class=\"yoast-schema-graph\">{\"@context\":\"https:\\\/\\\/schema.org\",\"@graph\":[{\"@type\":\"WebPage\",\"@id\":\"https:\\\/\\\/velesnails.pl\\\/product\\\/mocny-magnes-magnetyzer-do-kociego-oka-cat-eye-maly-precyzyjny-50x10x2mm\\\/\",\"url\":\"https:\\\/\\\/velesnails.pl\\\/product\\\/mocny-magnes-magnetyzer-do-kociego-oka-cat-eye-maly-precyzyjny-50x10x2mm\\\/\",\"name\":\"Magnes do kociego oka, pen 2w1 - velesnails\",\"isPartOf\":{\"@id\":\"https:\\\/\\\/velesnails.pl\\\/#website\"},\"primaryImageOfPage\":{\"@id\":\"https:\\\/\\\/velesnails.pl\\\/product\\\/mocny-magnes-magnetyzer-do-kociego-oka-cat-eye-maly-precyzyjny-50x10x2mm\\\/#primaryimage\"},\"image\":{\"@id\":\"https:\\\/\\\/velesnails.pl\\\/product\\\/mocny-magnes-magnetyzer-do-kociego-oka-cat-eye-maly-precyzyjny-50x10x2mm\\\/#primaryimage\"},\"thumbnailUrl\":\"https:\\\/\\\/i0.wp.com\\\/velesnails.pl\\\/wp-content\\\/uploads\\\/2024\\\/07\\\/487d40fd-eeb4-4700-ac46-c0a2126be6af-1.jpg?fit=1280%2C1280&ssl=1\",\"datePublished\":\"2024-07-25T13:52:34+00:00\",\"dateModified\":\"2026-03-09T14:50:05+00:00\",\"breadcrumb\":{\"@id\":\"https:\\\/\\\/velesnails.pl\\\/product\\\/mocny-magnes-magnetyzer-do-kociego-oka-cat-eye-maly-precyzyjny-50x10x2mm\\\/#breadcrumb\"},\"inLanguage\":\"uk\",\"potentialAction\":[{\"@type\":\"ReadAction\",\"target\":[\"https:\\\/\\\/velesnails.pl\\\/product\\\/mocny-magnes-magnetyzer-do-kociego-oka-cat-eye-maly-precyzyjny-50x10x2mm\\\/\"]}]},{\"@type\":\"ImageObject\",\"inLanguage\":\"uk\",\"@id\":\"https:\\\/\\\/velesnails.pl\\\/product\\\/mocny-magnes-magnetyzer-do-kociego-oka-cat-eye-maly-precyzyjny-50x10x2mm\\\/#primaryimage\",\"url\":\"https:\\\/\\\/i0.wp.com\\\/velesnails.pl\\\/wp-content\\\/uploads\\\/2024\\\/07\\\/487d40fd-eeb4-4700-ac46-c0a2126be6af-1.jpg?fit=1280%2C1280&ssl=1\",\"contentUrl\":\"https:\\\/\\\/i0.wp.com\\\/velesnails.pl\\\/wp-content\\\/uploads\\\/2024\\\/07\\\/487d40fd-eeb4-4700-ac46-c0a2126be6af-1.jpg?fit=1280%2C1280&ssl=1\",\"width\":1280,\"height\":1280},{\"@type\":\"BreadcrumbList\",\"@id\":\"https:\\\/\\\/velesnails.pl\\\/product\\\/mocny-magnes-magnetyzer-do-kociego-oka-cat-eye-maly-precyzyjny-50x10x2mm\\\/#breadcrumb\",\"itemListElement\":[{\"@type\":\"ListItem\",\"position\":1,\"name\":\"\u0413\u043e\u043b\u043e\u0432\u043d\u0430\",\"item\":\"https:\\\/\\\/velesnails.pl\\\/\"},{\"@type\":\"ListItem\",\"position\":2,\"name\":\"Sklep\",\"item\":\"https:\\\/\\\/velesnails.pl\\\/shop\\\/\"},{\"@type\":\"ListItem\",\"position\":3,\"name\":\"Magnes do kociego oka, pen 2w1\"}]},{\"@type\":\"WebSite\",\"@id\":\"https:\\\/\\\/velesnails.pl\\\/#website\",\"url\":\"https:\\\/\\\/velesnails.pl\\\/\",\"name\":\"velesnails\",\"description\":\"Sklep z manicure\",\"publisher\":{\"@id\":\"https:\\\/\\\/velesnails.pl\\\/#organization\"},\"potentialAction\":[{\"@type\":\"SearchAction\",\"target\":{\"@type\":\"EntryPoint\",\"urlTemplate\":\"https:\\\/\\\/velesnails.pl\\\/?s={search_term_string}\"},\"query-input\":{\"@type\":\"PropertyValueSpecification\",\"valueRequired\":true,\"valueName\":\"search_term_string\"}}],\"inLanguage\":\"uk\"},{\"@type\":\"Organization\",\"@id\":\"https:\\\/\\\/velesnails.pl\\\/#organization\",\"name\":\"velesnails\",\"url\":\"https:\\\/\\\/velesnails.pl\\\/\",\"logo\":{\"@type\":\"ImageObject\",\"inLanguage\":\"uk\",\"@id\":\"https:\\\/\\\/velesnails.pl\\\/#\\\/schema\\\/logo\\\/image\\\/\",\"url\":\"https:\\\/\\\/i0.wp.com\\\/velesnails.pl\\\/wp-content\\\/uploads\\\/2025\\\/10\\\/cropped-obraz_viber_2025-10-22_13-55-55-969.jpg?fit=485%2C381&ssl=1\",\"contentUrl\":\"https:\\\/\\\/i0.wp.com\\\/velesnails.pl\\\/wp-content\\\/uploads\\\/2025\\\/10\\\/cropped-obraz_viber_2025-10-22_13-55-55-969.jpg?fit=485%2C381&ssl=1\",\"width\":485,\"height\":381,\"caption\":\"velesnails\"},\"image\":{\"@id\":\"https:\\\/\\\/velesnails.pl\\\/#\\\/schema\\\/logo\\\/image\\\/\"}}]}<\/script>\n<!-- \/ Yoast SEO plugin. -->","yoast_head_json":{"title":"Magnes do kociego oka, pen 2w1 - velesnails","robots":{"index":"index","follow":"follow","max-snippet":"max-snippet:-1","max-image-preview":"max-image-preview:large","max-video-preview":"max-video-preview:-1"},"canonical":"https:\/\/velesnails.pl\/uk\/product\/mocny-magnes-magnetyzer-do-kociego-oka-cat-eye-maly-precyzyjny-50x10x2mm\/","og_locale":"uk_UA","og_type":"article","og_title":"Magnes do kociego oka, pen 2w1 - velesnails","og_description":"Nadaj swoim stylizacjom wyj\u0105tkowej g\u0142\u0119bi i magnetycznego blasku dzi\u0119ki\u00a0profesjonalnemu magnesowi do kociego oka 2w1 w formie wygodnego pena. To niezast\u0105pione akcesorium w pracy stylistki paznokci, kt\u00f3re pozwala w prosty spos\u00f3b wydoby\u0107 efekt\u00a0Cat Eye\u00a0i tworzy\u0107 spektakularne wzory na paznokciach hybrydowych, \u017celowych oraz akrylowych. 2w1 \u2013 dwa efekty w jednym narz\u0119dziu\u00a0\u2013 z jednej strony klasyczny magnes, z [&hellip;]","og_url":"https:\/\/velesnails.pl\/uk\/product\/mocny-magnes-magnetyzer-do-kociego-oka-cat-eye-maly-precyzyjny-50x10x2mm\/","og_site_name":"velesnails","article_modified_time":"2026-03-09T14:50:05+00:00","og_image":[{"width":1280,"height":1280,"url":"https:\/\/velesnails.pl\/wp-content\/uploads\/2024\/07\/487d40fd-eeb4-4700-ac46-c0a2126be6af-1.jpg","type":"image\/jpeg"}],"twitter_card":"summary_large_image","twitter_misc":{"\u041f\u0440\u0438\u0431\u043b. \u0447\u0430\u0441 \u0447\u0438\u0442\u0430\u043d\u043d\u044f":"2 \u0445\u0432\u0438\u043b\u0438\u043d\u0438"},"schema":{"@context":"https:\/\/schema.org","@graph":[{"@type":"WebPage","@id":"https:\/\/velesnails.pl\/product\/mocny-magnes-magnetyzer-do-kociego-oka-cat-eye-maly-precyzyjny-50x10x2mm\/","url":"https:\/\/velesnails.pl\/product\/mocny-magnes-magnetyzer-do-kociego-oka-cat-eye-maly-precyzyjny-50x10x2mm\/","name":"Magnes do kociego oka, pen 2w1 - velesnails","isPartOf":{"@id":"https:\/\/velesnails.pl\/#website"},"primaryImageOfPage":{"@id":"https:\/\/velesnails.pl\/product\/mocny-magnes-magnetyzer-do-kociego-oka-cat-eye-maly-precyzyjny-50x10x2mm\/#primaryimage"},"image":{"@id":"https:\/\/velesnails.pl\/product\/mocny-magnes-magnetyzer-do-kociego-oka-cat-eye-maly-precyzyjny-50x10x2mm\/#primaryimage"},"thumbnailUrl":"https:\/\/i0.wp.com\/velesnails.pl\/wp-content\/uploads\/2024\/07\/487d40fd-eeb4-4700-ac46-c0a2126be6af-1.jpg?fit=1280%2C1280&ssl=1","datePublished":"2024-07-25T13:52:34+00:00","dateModified":"2026-03-09T14:50:05+00:00","breadcrumb":{"@id":"https:\/\/velesnails.pl\/product\/mocny-magnes-magnetyzer-do-kociego-oka-cat-eye-maly-precyzyjny-50x10x2mm\/#breadcrumb"},"inLanguage":"uk","potentialAction":[{"@type":"ReadAction","target":["https:\/\/velesnails.pl\/product\/mocny-magnes-magnetyzer-do-kociego-oka-cat-eye-maly-precyzyjny-50x10x2mm\/"]}]},{"@type":"ImageObject","inLanguage":"uk","@id":"https:\/\/velesnails.pl\/product\/mocny-magnes-magnetyzer-do-kociego-oka-cat-eye-maly-precyzyjny-50x10x2mm\/#primaryimage","url":"https:\/\/i0.wp.com\/velesnails.pl\/wp-content\/uploads\/2024\/07\/487d40fd-eeb4-4700-ac46-c0a2126be6af-1.jpg?fit=1280%2C1280&ssl=1","contentUrl":"https:\/\/i0.wp.com\/velesnails.pl\/wp-content\/uploads\/2024\/07\/487d40fd-eeb4-4700-ac46-c0a2126be6af-1.jpg?fit=1280%2C1280&ssl=1","width":1280,"height":1280},{"@type":"BreadcrumbList","@id":"https:\/\/velesnails.pl\/product\/mocny-magnes-magnetyzer-do-kociego-oka-cat-eye-maly-precyzyjny-50x10x2mm\/#breadcrumb","itemListElement":[{"@type":"ListItem","position":1,"name":"\u0413\u043e\u043b\u043e\u0432\u043d\u0430","item":"https:\/\/velesnails.pl\/"},{"@type":"ListItem","position":2,"name":"Sklep","item":"https:\/\/velesnails.pl\/shop\/"},{"@type":"ListItem","position":3,"name":"Magnes do kociego oka, pen 2w1"}]},{"@type":"WebSite","@id":"https:\/\/velesnails.pl\/#website","url":"https:\/\/velesnails.pl\/","name":"\u0432\u0435\u043b\u0435\u0441\u043e\u0432\u0456 \u043d\u0456\u0433\u0442\u0456","description":"\u041c\u0430\u043d\u0456\u043a\u044e\u0440\u043d\u0438\u0439 \u0441\u0430\u043b\u043e\u043d","publisher":{"@id":"https:\/\/velesnails.pl\/#organization"},"potentialAction":[{"@type":"SearchAction","target":{"@type":"EntryPoint","urlTemplate":"https:\/\/velesnails.pl\/?s={search_term_string}"},"query-input":{"@type":"PropertyValueSpecification","valueRequired":true,"valueName":"search_term_string"}}],"inLanguage":"uk"},{"@type":"Organization","@id":"https:\/\/velesnails.pl\/#organization","name":"\u0432\u0435\u043b\u0435\u0441\u043e\u0432\u0456 \u043d\u0456\u0433\u0442\u0456","url":"https:\/\/velesnails.pl\/","logo":{"@type":"ImageObject","inLanguage":"uk","@id":"https:\/\/velesnails.pl\/#\/schema\/logo\/image\/","url":"https:\/\/i0.wp.com\/velesnails.pl\/wp-content\/uploads\/2025\/10\/cropped-obraz_viber_2025-10-22_13-55-55-969.jpg?fit=485%2C381&ssl=1","contentUrl":"https:\/\/i0.wp.com\/velesnails.pl\/wp-content\/uploads\/2025\/10\/cropped-obraz_viber_2025-10-22_13-55-55-969.jpg?fit=485%2C381&ssl=1","width":485,"height":381,"caption":"velesnails"},"image":{"@id":"https:\/\/velesnails.pl\/#\/schema\/logo\/image\/"}}]}},"_links":{"self":[{"href":"https:\/\/velesnails.pl\/uk\/wp-json\/wp\/v2\/product\/3079","targetHints":{"allow":["GET"]}}],"collection":[{"href":"https:\/\/velesnails.pl\/uk\/wp-json\/wp\/v2\/product"}],"about":[{"href":"https:\/\/velesnails.pl\/uk\/wp-json\/wp\/v2\/types\/product"}],"replies":[{"embeddable":true,"href":"https:\/\/velesnails.pl\/uk\/wp-json\/wp\/v2\/comments?post=3079"}],"wp:featuredmedia":[{"embeddable":true,"href":"https:\/\/velesnails.pl\/uk\/wp-json\/wp\/v2\/media\/7631"}],"wp:attachment":[{"href":"https:\/\/velesnails.pl\/uk\/wp-json\/wp\/v2\/media?parent=3079"}],"wp:term":[{"taxonomy":"product_brand","embeddable":true,"href":"https:\/\/velesnails.pl\/uk\/wp-json\/wp\/v2\/product_brand?post=3079"},{"taxonomy":"product_cat","embeddable":true,"href":"https:\/\/velesnails.pl\/uk\/wp-json\/wp\/v2\/product_cat?post=3079"},{"taxonomy":"product_tag","embeddable":true,"href":"https:\/\/velesnails.pl\/uk\/wp-json\/wp\/v2\/product_tag?post=3079"}],"curies":[{"name":"wp","href":"https:\/\/api.w.org\/{rel}","templated":true}]}}