{"id":3056,"date":"2024-07-25T15:51:59","date_gmt":"2024-07-25T12:51:59","guid":{"rendered":"https:\/\/velesnails.loc\/?post_type=product&#038;p=3056"},"modified":"2026-01-18T12:17:17","modified_gmt":"2026-01-18T09:17:17","slug":"staleks-expert-perforowane-waciki-bezpylowe-400-szt","status":"publish","type":"product","link":"https:\/\/velesnails.pl\/uk\/product\/staleks-expert-perforowane-waciki-bezpylowe-400-szt\/","title":{"rendered":"Perforowane waciki bezpy\u0142owe STALEKS EXPERT (400 szt)"},"content":{"rendered":"<p>Jednorazowe perforowane waciki bezpy\u0142owe StaleksPro WE-400 to obowi\u0105zkowe wyposa\u017cenie ka\u017cdej stylistki.<\/p>\n<p>Du\u017ce ekonomiczne opakowanie 400szt oraz bardzo wydajny materia\u0142 sprawia, \u017ce waciki wystarcz\u0105 na d\u0142ugi okres pracy.<\/p>\n<p>Wszechstronne zastosowanie, od zmycia paznokcia do usuni\u0119cia warstwy dyspersyjnej.<\/p>\n<p>&nbsp;<\/p>\n<p>\u2022 100% bezpy\u0142owe, wymiar 4,5&#215;4,5cm<br \/>\n\u2022 Do u\u017cytku profesjonalnego w manicure i pedicure<br \/>\n\u2022 Mi\u0119kkie w dotyku<br \/>\n\u2022 Wysoki stopie\u0144 wch\u0142aniania wilgoci<br \/>\n\u2022 Idealne do czyszczenia p\u0142ytki paznokcia, usuni\u0119cia lakieru i warstwy dyspersyjnej<br \/>\n\u2022 Do u\u017cytku jednorazowego<br \/>\n\u2022 Ca\u0142kowicie higieniczne<\/p>","protected":false},"excerpt":{"rendered":"<p>Jednorazowe perforowane waciki bezpy\u0142owe StaleksPro WE-400 to obowi\u0105zkowe wyposa\u017cenie ka\u017cdej stylistki. Du\u017ce ekonomiczne opakowanie 400szt oraz bardzo wydajny materia\u0142 sprawia, \u017ce waciki wystarcz\u0105 na d\u0142ugi okres pracy. Wszechstronne zastosowanie, od zmycia paznokcia do usuni\u0119cia warstwy dyspersyjnej. &nbsp; \u2022 100% bezpy\u0142owe, wymiar 4,5&#215;4,5cm \u2022 Do u\u017cytku profesjonalnego w manicure i pedicure \u2022 Mi\u0119kkie w dotyku \u2022 [&hellip;]<\/p>\n","protected":false},"featured_media":3057,"comment_status":"open","ping_status":"closed","template":"","meta":{"om_disable_all_campaigns":false,"ocean_post_layout":"","ocean_both_sidebars_style":"","ocean_both_sidebars_content_width":0,"ocean_both_sidebars_sidebars_width":0,"ocean_sidebar":"0","ocean_second_sidebar":"0","ocean_disable_margins":"enable","ocean_add_body_class":"","ocean_shortcode_before_top_bar":"","ocean_shortcode_after_top_bar":"","ocean_shortcode_before_header":"","ocean_shortcode_after_header":"","ocean_has_shortcode":"","ocean_shortcode_after_title":"","ocean_shortcode_before_footer_widgets":"","ocean_shortcode_after_footer_widgets":"","ocean_shortcode_before_footer_bottom":"","ocean_shortcode_after_footer_bottom":"","ocean_display_top_bar":"default","ocean_display_header":"default","ocean_header_style":"","ocean_center_header_left_menu":"0","ocean_custom_header_template":"0","ocean_custom_logo":0,"ocean_custom_retina_logo":0,"ocean_custom_logo_max_width":0,"ocean_custom_logo_tablet_max_width":0,"ocean_custom_logo_mobile_max_width":0,"ocean_custom_logo_max_height":0,"ocean_custom_logo_tablet_max_height":0,"ocean_custom_logo_mobile_max_height":0,"ocean_header_custom_menu":"0","ocean_menu_typo_font_family":"0","ocean_menu_typo_font_subset":"","ocean_menu_typo_font_size":0,"ocean_menu_typo_font_size_tablet":0,"ocean_menu_typo_font_size_mobile":0,"ocean_menu_typo_font_size_unit":"px","ocean_menu_typo_font_weight":"","ocean_menu_typo_font_weight_tablet":"","ocean_menu_typo_font_weight_mobile":"","ocean_menu_typo_transform":"","ocean_menu_typo_transform_tablet":"","ocean_menu_typo_transform_mobile":"","ocean_menu_typo_line_height":0,"ocean_menu_typo_line_height_tablet":0,"ocean_menu_typo_line_height_mobile":0,"ocean_menu_typo_line_height_unit":"","ocean_menu_typo_spacing":0,"ocean_menu_typo_spacing_tablet":0,"ocean_menu_typo_spacing_mobile":0,"ocean_menu_typo_spacing_unit":"","ocean_menu_link_color":"","ocean_menu_link_color_hover":"","ocean_menu_link_color_active":"","ocean_menu_link_background":"","ocean_menu_link_hover_background":"","ocean_menu_link_active_background":"","ocean_menu_social_links_bg":"","ocean_menu_social_hover_links_bg":"","ocean_menu_social_links_color":"","ocean_menu_social_hover_links_color":"","ocean_disable_title":"default","ocean_disable_heading":"default","ocean_post_title":"","ocean_post_subheading":"","ocean_post_title_style":"","ocean_post_title_background_color":"","ocean_post_title_background":0,"ocean_post_title_bg_image_position":"","ocean_post_title_bg_image_attachment":"","ocean_post_title_bg_image_repeat":"","ocean_post_title_bg_image_size":"","ocean_post_title_height":0,"ocean_post_title_bg_overlay":0.5,"ocean_post_title_bg_overlay_color":"","ocean_disable_breadcrumbs":"default","ocean_breadcrumbs_color":"","ocean_breadcrumbs_separator_color":"","ocean_breadcrumbs_links_color":"","ocean_breadcrumbs_links_hover_color":"","ocean_display_footer_widgets":"default","ocean_display_footer_bottom":"default","ocean_custom_footer_template":"0"},"product_brand":[],"product_cat":[139,176,110,183,143],"product_tag":[],"class_list":{"0":"post-3056","1":"product","2":"type-product","3":"status-publish","4":"has-post-thumbnail","6":"product_cat-akcesoria","7":"product_cat-marki","8":"product_cat-paznokcie","9":"product_cat-staleks-1","10":"product_cat-waciki-bezpylowe","12":"entry","13":"has-media","15":"first","16":"instock","17":"taxable","18":"shipping-taxable","19":"purchasable","20":"product-type-simple","21":"has-product-nav","22":"col","23":"span_1_of_3","24":"owp-content-center","25":"owp-thumbs-layout-horizontal","26":"owp-btn-normal","27":"owp-tabs-layout-horizontal","28":"has-no-thumbnails"},"yoast_head":"<!-- This site is optimized with the Yoast SEO plugin v27.5 - https:\/\/yoast.com\/product\/yoast-seo-wordpress\/ -->\n<title>Perforowane waciki bezpy\u0142owe STALEKS EXPERT (400 szt) - velesnails<\/title>\n<meta name=\"robots\" content=\"index, follow, max-snippet:-1, max-image-preview:large, max-video-preview:-1\" \/>\n<link rel=\"canonical\" href=\"https:\/\/velesnails.pl\/uk\/product\/staleks-expert-perforowane-waciki-bezpylowe-400-szt\/\" \/>\n<meta property=\"og:locale\" content=\"uk_UA\" \/>\n<meta property=\"og:type\" content=\"article\" \/>\n<meta property=\"og:title\" content=\"Perforowane waciki bezpy\u0142owe STALEKS EXPERT (400 szt) - velesnails\" \/>\n<meta property=\"og:description\" content=\"Jednorazowe perforowane waciki bezpy\u0142owe StaleksPro WE-400 to obowi\u0105zkowe wyposa\u017cenie ka\u017cdej stylistki. Du\u017ce ekonomiczne opakowanie 400szt oraz bardzo wydajny materia\u0142 sprawia, \u017ce waciki wystarcz\u0105 na d\u0142ugi okres pracy. Wszechstronne zastosowanie, od zmycia paznokcia do usuni\u0119cia warstwy dyspersyjnej. &nbsp; \u2022 100% bezpy\u0142owe, wymiar 4,5&#215;4,5cm \u2022 Do u\u017cytku profesjonalnego w manicure i pedicure \u2022 Mi\u0119kkie w dotyku \u2022 [&hellip;]\" \/>\n<meta property=\"og:url\" content=\"https:\/\/velesnails.pl\/uk\/product\/staleks-expert-perforowane-waciki-bezpylowe-400-szt\/\" \/>\n<meta property=\"og:site_name\" content=\"velesnails\" \/>\n<meta property=\"article:modified_time\" content=\"2026-01-18T09:17:17+00:00\" \/>\n<meta property=\"og:image\" content=\"https:\/\/velesnails.pl\/wp-content\/uploads\/2024\/07\/STALEKS-EXPERT-400-szt.jpg\" \/>\n\t<meta property=\"og:image:width\" content=\"500\" \/>\n\t<meta property=\"og:image:height\" content=\"368\" \/>\n\t<meta property=\"og:image:type\" content=\"image\/jpeg\" \/>\n<meta name=\"twitter:card\" content=\"summary_large_image\" \/>\n<script type=\"application\/ld+json\" class=\"yoast-schema-graph\">{\"@context\":\"https:\\\/\\\/schema.org\",\"@graph\":[{\"@type\":\"WebPage\",\"@id\":\"https:\\\/\\\/velesnails.pl\\\/product\\\/staleks-expert-perforowane-waciki-bezpylowe-400-szt\\\/\",\"url\":\"https:\\\/\\\/velesnails.pl\\\/product\\\/staleks-expert-perforowane-waciki-bezpylowe-400-szt\\\/\",\"name\":\"Perforowane waciki bezpy\u0142owe STALEKS EXPERT (400 szt) - velesnails\",\"isPartOf\":{\"@id\":\"https:\\\/\\\/velesnails.pl\\\/#website\"},\"primaryImageOfPage\":{\"@id\":\"https:\\\/\\\/velesnails.pl\\\/product\\\/staleks-expert-perforowane-waciki-bezpylowe-400-szt\\\/#primaryimage\"},\"image\":{\"@id\":\"https:\\\/\\\/velesnails.pl\\\/product\\\/staleks-expert-perforowane-waciki-bezpylowe-400-szt\\\/#primaryimage\"},\"thumbnailUrl\":\"https:\\\/\\\/i0.wp.com\\\/velesnails.pl\\\/wp-content\\\/uploads\\\/2024\\\/07\\\/STALEKS-EXPERT-400-szt.jpg?fit=500%2C368&ssl=1\",\"datePublished\":\"2024-07-25T12:51:59+00:00\",\"dateModified\":\"2026-01-18T09:17:17+00:00\",\"breadcrumb\":{\"@id\":\"https:\\\/\\\/velesnails.pl\\\/product\\\/staleks-expert-perforowane-waciki-bezpylowe-400-szt\\\/#breadcrumb\"},\"inLanguage\":\"uk\",\"potentialAction\":[{\"@type\":\"ReadAction\",\"target\":[\"https:\\\/\\\/velesnails.pl\\\/product\\\/staleks-expert-perforowane-waciki-bezpylowe-400-szt\\\/\"]}]},{\"@type\":\"ImageObject\",\"inLanguage\":\"uk\",\"@id\":\"https:\\\/\\\/velesnails.pl\\\/product\\\/staleks-expert-perforowane-waciki-bezpylowe-400-szt\\\/#primaryimage\",\"url\":\"https:\\\/\\\/i0.wp.com\\\/velesnails.pl\\\/wp-content\\\/uploads\\\/2024\\\/07\\\/STALEKS-EXPERT-400-szt.jpg?fit=500%2C368&ssl=1\",\"contentUrl\":\"https:\\\/\\\/i0.wp.com\\\/velesnails.pl\\\/wp-content\\\/uploads\\\/2024\\\/07\\\/STALEKS-EXPERT-400-szt.jpg?fit=500%2C368&ssl=1\",\"width\":500,\"height\":368},{\"@type\":\"BreadcrumbList\",\"@id\":\"https:\\\/\\\/velesnails.pl\\\/product\\\/staleks-expert-perforowane-waciki-bezpylowe-400-szt\\\/#breadcrumb\",\"itemListElement\":[{\"@type\":\"ListItem\",\"position\":1,\"name\":\"\u0413\u043e\u043b\u043e\u0432\u043d\u0430\",\"item\":\"https:\\\/\\\/velesnails.pl\\\/\"},{\"@type\":\"ListItem\",\"position\":2,\"name\":\"Sklep\",\"item\":\"https:\\\/\\\/velesnails.pl\\\/shop\\\/\"},{\"@type\":\"ListItem\",\"position\":3,\"name\":\"Perforowane waciki bezpy\u0142owe STALEKS EXPERT (400 szt)\"}]},{\"@type\":\"WebSite\",\"@id\":\"https:\\\/\\\/velesnails.pl\\\/#website\",\"url\":\"https:\\\/\\\/velesnails.pl\\\/\",\"name\":\"velesnails\",\"description\":\"Sklep z manicure\",\"publisher\":{\"@id\":\"https:\\\/\\\/velesnails.pl\\\/#organization\"},\"potentialAction\":[{\"@type\":\"SearchAction\",\"target\":{\"@type\":\"EntryPoint\",\"urlTemplate\":\"https:\\\/\\\/velesnails.pl\\\/?s={search_term_string}\"},\"query-input\":{\"@type\":\"PropertyValueSpecification\",\"valueRequired\":true,\"valueName\":\"search_term_string\"}}],\"inLanguage\":\"uk\"},{\"@type\":\"Organization\",\"@id\":\"https:\\\/\\\/velesnails.pl\\\/#organization\",\"name\":\"velesnails\",\"url\":\"https:\\\/\\\/velesnails.pl\\\/\",\"logo\":{\"@type\":\"ImageObject\",\"inLanguage\":\"uk\",\"@id\":\"https:\\\/\\\/velesnails.pl\\\/#\\\/schema\\\/logo\\\/image\\\/\",\"url\":\"https:\\\/\\\/i0.wp.com\\\/velesnails.pl\\\/wp-content\\\/uploads\\\/2025\\\/10\\\/cropped-obraz_viber_2025-10-22_13-55-55-969.jpg?fit=485%2C381&ssl=1\",\"contentUrl\":\"https:\\\/\\\/i0.wp.com\\\/velesnails.pl\\\/wp-content\\\/uploads\\\/2025\\\/10\\\/cropped-obraz_viber_2025-10-22_13-55-55-969.jpg?fit=485%2C381&ssl=1\",\"width\":485,\"height\":381,\"caption\":\"velesnails\"},\"image\":{\"@id\":\"https:\\\/\\\/velesnails.pl\\\/#\\\/schema\\\/logo\\\/image\\\/\"}}]}<\/script>\n<!-- \/ Yoast SEO plugin. -->","yoast_head_json":{"title":"Perforowane waciki bezpy\u0142owe STALEKS EXPERT (400 szt) - velesnails","robots":{"index":"index","follow":"follow","max-snippet":"max-snippet:-1","max-image-preview":"max-image-preview:large","max-video-preview":"max-video-preview:-1"},"canonical":"https:\/\/velesnails.pl\/uk\/product\/staleks-expert-perforowane-waciki-bezpylowe-400-szt\/","og_locale":"uk_UA","og_type":"article","og_title":"Perforowane waciki bezpy\u0142owe STALEKS EXPERT (400 szt) - velesnails","og_description":"Jednorazowe perforowane waciki bezpy\u0142owe StaleksPro WE-400 to obowi\u0105zkowe wyposa\u017cenie ka\u017cdej stylistki. Du\u017ce ekonomiczne opakowanie 400szt oraz bardzo wydajny materia\u0142 sprawia, \u017ce waciki wystarcz\u0105 na d\u0142ugi okres pracy. Wszechstronne zastosowanie, od zmycia paznokcia do usuni\u0119cia warstwy dyspersyjnej. &nbsp; \u2022 100% bezpy\u0142owe, wymiar 4,5&#215;4,5cm \u2022 Do u\u017cytku profesjonalnego w manicure i pedicure \u2022 Mi\u0119kkie w dotyku \u2022 [&hellip;]","og_url":"https:\/\/velesnails.pl\/uk\/product\/staleks-expert-perforowane-waciki-bezpylowe-400-szt\/","og_site_name":"velesnails","article_modified_time":"2026-01-18T09:17:17+00:00","og_image":[{"width":500,"height":368,"url":"https:\/\/velesnails.pl\/wp-content\/uploads\/2024\/07\/STALEKS-EXPERT-400-szt.jpg","type":"image\/jpeg"}],"twitter_card":"summary_large_image","schema":{"@context":"https:\/\/schema.org","@graph":[{"@type":"WebPage","@id":"https:\/\/velesnails.pl\/product\/staleks-expert-perforowane-waciki-bezpylowe-400-szt\/","url":"https:\/\/velesnails.pl\/product\/staleks-expert-perforowane-waciki-bezpylowe-400-szt\/","name":"Perforowane waciki bezpy\u0142owe STALEKS EXPERT (400 szt) - velesnails","isPartOf":{"@id":"https:\/\/velesnails.pl\/#website"},"primaryImageOfPage":{"@id":"https:\/\/velesnails.pl\/product\/staleks-expert-perforowane-waciki-bezpylowe-400-szt\/#primaryimage"},"image":{"@id":"https:\/\/velesnails.pl\/product\/staleks-expert-perforowane-waciki-bezpylowe-400-szt\/#primaryimage"},"thumbnailUrl":"https:\/\/i0.wp.com\/velesnails.pl\/wp-content\/uploads\/2024\/07\/STALEKS-EXPERT-400-szt.jpg?fit=500%2C368&ssl=1","datePublished":"2024-07-25T12:51:59+00:00","dateModified":"2026-01-18T09:17:17+00:00","breadcrumb":{"@id":"https:\/\/velesnails.pl\/product\/staleks-expert-perforowane-waciki-bezpylowe-400-szt\/#breadcrumb"},"inLanguage":"uk","potentialAction":[{"@type":"ReadAction","target":["https:\/\/velesnails.pl\/product\/staleks-expert-perforowane-waciki-bezpylowe-400-szt\/"]}]},{"@type":"ImageObject","inLanguage":"uk","@id":"https:\/\/velesnails.pl\/product\/staleks-expert-perforowane-waciki-bezpylowe-400-szt\/#primaryimage","url":"https:\/\/i0.wp.com\/velesnails.pl\/wp-content\/uploads\/2024\/07\/STALEKS-EXPERT-400-szt.jpg?fit=500%2C368&ssl=1","contentUrl":"https:\/\/i0.wp.com\/velesnails.pl\/wp-content\/uploads\/2024\/07\/STALEKS-EXPERT-400-szt.jpg?fit=500%2C368&ssl=1","width":500,"height":368},{"@type":"BreadcrumbList","@id":"https:\/\/velesnails.pl\/product\/staleks-expert-perforowane-waciki-bezpylowe-400-szt\/#breadcrumb","itemListElement":[{"@type":"ListItem","position":1,"name":"\u0413\u043e\u043b\u043e\u0432\u043d\u0430","item":"https:\/\/velesnails.pl\/"},{"@type":"ListItem","position":2,"name":"Sklep","item":"https:\/\/velesnails.pl\/shop\/"},{"@type":"ListItem","position":3,"name":"Perforowane waciki bezpy\u0142owe STALEKS EXPERT (400 szt)"}]},{"@type":"WebSite","@id":"https:\/\/velesnails.pl\/#website","url":"https:\/\/velesnails.pl\/","name":"\u0432\u0435\u043b\u0435\u0441\u043e\u0432\u0456 \u043d\u0456\u0433\u0442\u0456","description":"\u041c\u0430\u043d\u0456\u043a\u044e\u0440\u043d\u0438\u0439 \u0441\u0430\u043b\u043e\u043d","publisher":{"@id":"https:\/\/velesnails.pl\/#organization"},"potentialAction":[{"@type":"SearchAction","target":{"@type":"EntryPoint","urlTemplate":"https:\/\/velesnails.pl\/?s={search_term_string}"},"query-input":{"@type":"PropertyValueSpecification","valueRequired":true,"valueName":"search_term_string"}}],"inLanguage":"uk"},{"@type":"Organization","@id":"https:\/\/velesnails.pl\/#organization","name":"\u0432\u0435\u043b\u0435\u0441\u043e\u0432\u0456 \u043d\u0456\u0433\u0442\u0456","url":"https:\/\/velesnails.pl\/","logo":{"@type":"ImageObject","inLanguage":"uk","@id":"https:\/\/velesnails.pl\/#\/schema\/logo\/image\/","url":"https:\/\/i0.wp.com\/velesnails.pl\/wp-content\/uploads\/2025\/10\/cropped-obraz_viber_2025-10-22_13-55-55-969.jpg?fit=485%2C381&ssl=1","contentUrl":"https:\/\/i0.wp.com\/velesnails.pl\/wp-content\/uploads\/2025\/10\/cropped-obraz_viber_2025-10-22_13-55-55-969.jpg?fit=485%2C381&ssl=1","width":485,"height":381,"caption":"velesnails"},"image":{"@id":"https:\/\/velesnails.pl\/#\/schema\/logo\/image\/"}}]}},"_links":{"self":[{"href":"https:\/\/velesnails.pl\/uk\/wp-json\/wp\/v2\/product\/3056","targetHints":{"allow":["GET"]}}],"collection":[{"href":"https:\/\/velesnails.pl\/uk\/wp-json\/wp\/v2\/product"}],"about":[{"href":"https:\/\/velesnails.pl\/uk\/wp-json\/wp\/v2\/types\/product"}],"replies":[{"embeddable":true,"href":"https:\/\/velesnails.pl\/uk\/wp-json\/wp\/v2\/comments?post=3056"}],"wp:featuredmedia":[{"embeddable":true,"href":"https:\/\/velesnails.pl\/uk\/wp-json\/wp\/v2\/media\/3057"}],"wp:attachment":[{"href":"https:\/\/velesnails.pl\/uk\/wp-json\/wp\/v2\/media?parent=3056"}],"wp:term":[{"taxonomy":"product_brand","embeddable":true,"href":"https:\/\/velesnails.pl\/uk\/wp-json\/wp\/v2\/product_brand?post=3056"},{"taxonomy":"product_cat","embeddable":true,"href":"https:\/\/velesnails.pl\/uk\/wp-json\/wp\/v2\/product_cat?post=3056"},{"taxonomy":"product_tag","embeddable":true,"href":"https:\/\/velesnails.pl\/uk\/wp-json\/wp\/v2\/product_tag?post=3056"}],"curies":[{"name":"wp","href":"https:\/\/api.w.org\/{rel}","templated":true}]}}