{"id":3014,"date":"2024-07-25T13:38:33","date_gmt":"2024-07-25T10:38:33","guid":{"rendered":"https:\/\/velesnails.loc\/?post_type=product&#038;p=3014"},"modified":"2026-01-18T12:41:19","modified_gmt":"2026-01-18T09:41:19","slug":"nails-of-the-day-dual-form-stiletto-type-3-gorne-formy-o-ksztalcie-sztylet-migdal-120-szt","status":"publish","type":"product","link":"https:\/\/velesnails.pl\/uk\/product\/nails-of-the-day-dual-form-stiletto-type-3-gorne-formy-o-ksztalcie-sztylet-migdal-120-szt\/","title":{"rendered":"Dual Form NAILSOFTHEDAY Stiletto (Type 3) &#8211; g\u00f3rne formy o kszta\u0142cie sztylet\/migda\u0142 , 120 szt"},"content":{"rendered":"<p class=\"western\" align=\"left\">NAILSOFTHEDAY Dual Form &#8211; przeznaczone do przed\u0142u\u017cania paznokci przy minimalnym opi\u0142owaniu. \u0141uk g\u00f3rnych form pozwala na modelowanie najbardziej naturalnych kszta\u0142t\u00f3w paznokci, kt\u00f3re na\u015bladuj\u0105 naturaln\u0105 p\u0142ytk\u0119 paznokcia.<\/p>\n<p class=\"western\" align=\"left\">Formy s\u0105 elastyczne, dobrze trzymaj\u0105 kszta\u0142t i mo\u017cna je \u0142atwo usun\u0105\u0107 po polimeryzacji dowolnym materia\u0142em; nie wyginaj\u0105 si\u0119 podczas dociskania architektury p\u0119set\u0105 lub specjalnymi cienkimi szczypcami. Nadaje si\u0119 do stosowania z r\u00f3\u017cnymi rodzajami materia\u0142\u00f3w: poli-\u017celem, akrylo\u017celem, \u017celami buduj\u0105cymi i \u017celami-galaretkami. Zaawansowany kszta\u0142t pozwoli stworzy\u0107 architektur\u0119 paznokci bez wysi\u0142ku nawet pocz\u0105tkuj\u0105cym w modelowaniu.<\/p>\n<p class=\"western\" align=\"left\">Type 1 &#8211; nowoczesny migda\u0142, 120 szt. Zestaw 120 sztuk zawiera 12 rozmiar\u00f3w, co u\u0142atwia dobranie odpowiedniego kszta\u0142tu do ka\u017cdej p\u0142ytki paznokcia.<\/p>\n<p class=\"western\" align=\"left\">Type 2 &#8211; szeroki kwadrat\/migda\u0142, 130 szt. Zestaw 130 sztuk zawiera 13 rozmiar\u00f3w, co u\u0142atwia dobranie odpowiedniego kszta\u0142tu do ka\u017cdej p\u0142ytki paznokcia.<\/p>\n<p class=\"western\" align=\"left\">Type 3 &#8211; stiletto\/almond, 120 sztuk. Zestaw 120 sztuk zawiera 12 rozmiar\u00f3w, co u\u0142atwia dobranie odpowiedniego kszta\u0142tu do ka\u017cdej p\u0142ytki paznokcia.<\/p>\n<p class=\"western\" align=\"left\">Type 4 &#8211; zaokr\u00e1glony kwadrat, 120 sztuk. Zestaw 120 sztuk zawiera 12 rozmiar\u00f3w, co u\u0142atwia dobranie odpowiedniego kszta\u0142tu do ka\u017cdej p\u0142ytki paznokcia.<\/p>\n<p class=\"western\" align=\"left\">Type 5 &#8211; kwadratowe, 120 sztuk. Zestaw 120 sztuk zawiera 12 rozmiar\u00f3w, co u\u0142atwia dobranie odpowiedniego kszta\u0142tu do ka\u017cdej p\u0142ytki paznokcia.<\/p>\n<p class=\"western\" align=\"left\">Type 6 &#8211; \u0142ukowaty kwadrat do cz\u0119\u015bciowej korekty\/przed\u0142u\u017cania, 120 sztuk. Zestaw 120 sztuk zawiera 12 rozmiar\u00f3w, co u\u0142atwia dobranie odpowiedniego kszta\u0142tu do ka\u017cdej p\u0142ytki paznokcia.<\/p>\n<p class=\"western\" align=\"left\">Type 7 &#8211; kwadrat do przed\u0142u\u017cania \u015bredniej d\u0142ugo\u015bci, odpowiedni do paznokci rosn\u0105cych w d\u00f3\u0142, 120 sztuk. Zestaw 120 sztuk zawiera 12 rozmiar\u00f3w, co u\u0142atwia dobranie odpowiedniego kszta\u0142tu do ka\u017cdej p\u0142ytki paznokcia.<\/p>\n<p class=\"western\" align=\"left\">Type 8 &#8211; balerina, 120 sztuk. Zestaw 120 sztuk zawiera 12 rozmiar\u00f3w, co u\u0142atwia dobranie odpowiedniego kszta\u0142tu do ka\u017cdej p\u0142ytki paznokcia.<\/p>\n<p class=\"western\" align=\"left\">JAK U\u017bY\u0106<\/p>\n<p class=\"western\" align=\"left\">odt\u0142u\u015bci\u0107 p\u0142ytk\u0119 paznokcia;<\/p>\n<p class=\"western\" align=\"left\">na\u0142o\u017cy\u0107 elastyczn\u0105 warstw\u0119 z bazy Rubber base, Scotch base lub Builder base strong gel i utwardza\u0107 przez 90 sekund;<\/p>\n<p class=\"western\" align=\"left\">wybierz tips o odpowiednim rozmiarze do p\u0142ytki paznokcia i na\u0142\u00f3\u017c wybrany materia\u0142 modeluj\u0105cy na jego wewn\u0119trzn\u0105 stron\u0119, zalecamy zastosowanie \u017celu buduj\u0105cego NAILSOFTHEDAY Camouflage builder gel, Smart Jelly gel, Ariel builder gel, Shell builder gel \u0430\u0431\u043e Build gel Flower\/Potal. Przymocuj do p\u0142ytki paznokcia za pomoc\u0105 lampy do paznokci NAILSOFTHEDAY lub klipsa. Polimeryzowa\u0107 w lampie 36\/48 W przez 1-2 minuty (w zale\u017cno\u015bci od wybranego materia\u0142u, d\u0142ugo\u015bci i grubo\u015bci). Po ca\u0142kowitym spolimeryzowaniu materia\u0142u, zdejmij tipsy delikatnie \u015bciskaj\u0105c je z bok\u00f3w w celu szybkiego usuni\u0119cia. Dopasuj kszta\u0142t za pomoc\u0105 pilnika i frezu z karbidu, a nast\u0119pnie przytnij grubo\u015b\u0107 pod paznokciem. Usu\u0144 pozosta\u0142\u0105 dyspersj\u0119 i py\u0142 z gotowego paznokcia za pomoc\u0105 specjalnego p\u0142ynu<\/p>\n<p class=\"western\" align=\"left\">zalecamy pokrycie No stress top no wipe.<\/p>","protected":false},"excerpt":{"rendered":"<p>NAILSOFTHEDAY Dual Form &#8211; przeznaczone do przed\u0142u\u017cania paznokci przy minimalnym opi\u0142owaniu. \u0141uk g\u00f3rnych form pozwala na modelowanie najbardziej naturalnych kszta\u0142t\u00f3w paznokci, kt\u00f3re na\u015bladuj\u0105 naturaln\u0105 p\u0142ytk\u0119 paznokcia. Formy s\u0105 elastyczne, dobrze trzymaj\u0105 kszta\u0142t i mo\u017cna je \u0142atwo usun\u0105\u0107 po polimeryzacji dowolnym materia\u0142em; nie wyginaj\u0105 si\u0119 podczas dociskania architektury p\u0119set\u0105 lub specjalnymi cienkimi szczypcami. Nadaje si\u0119 do [&hellip;]<\/p>\n","protected":false},"featured_media":3855,"comment_status":"closed","ping_status":"closed","template":"","meta":{"om_disable_all_campaigns":false,"ocean_post_layout":"","ocean_both_sidebars_style":"","ocean_both_sidebars_content_width":0,"ocean_both_sidebars_sidebars_width":0,"ocean_sidebar":"0","ocean_second_sidebar":"0","ocean_disable_margins":"enable","ocean_add_body_class":"","ocean_shortcode_before_top_bar":"","ocean_shortcode_after_top_bar":"","ocean_shortcode_before_header":"","ocean_shortcode_after_header":"","ocean_has_shortcode":"","ocean_shortcode_after_title":"","ocean_shortcode_before_footer_widgets":"","ocean_shortcode_after_footer_widgets":"","ocean_shortcode_before_footer_bottom":"","ocean_shortcode_after_footer_bottom":"","ocean_display_top_bar":"default","ocean_display_header":"default","ocean_header_style":"","ocean_center_header_left_menu":"0","ocean_custom_header_template":"0","ocean_custom_logo":0,"ocean_custom_retina_logo":0,"ocean_custom_logo_max_width":0,"ocean_custom_logo_tablet_max_width":0,"ocean_custom_logo_mobile_max_width":0,"ocean_custom_logo_max_height":0,"ocean_custom_logo_tablet_max_height":0,"ocean_custom_logo_mobile_max_height":0,"ocean_header_custom_menu":"0","ocean_menu_typo_font_family":"0","ocean_menu_typo_font_subset":"","ocean_menu_typo_font_size":0,"ocean_menu_typo_font_size_tablet":0,"ocean_menu_typo_font_size_mobile":0,"ocean_menu_typo_font_size_unit":"px","ocean_menu_typo_font_weight":"","ocean_menu_typo_font_weight_tablet":"","ocean_menu_typo_font_weight_mobile":"","ocean_menu_typo_transform":"","ocean_menu_typo_transform_tablet":"","ocean_menu_typo_transform_mobile":"","ocean_menu_typo_line_height":0,"ocean_menu_typo_line_height_tablet":0,"ocean_menu_typo_line_height_mobile":0,"ocean_menu_typo_line_height_unit":"","ocean_menu_typo_spacing":0,"ocean_menu_typo_spacing_tablet":0,"ocean_menu_typo_spacing_mobile":0,"ocean_menu_typo_spacing_unit":"","ocean_menu_link_color":"","ocean_menu_link_color_hover":"","ocean_menu_link_color_active":"","ocean_menu_link_background":"","ocean_menu_link_hover_background":"","ocean_menu_link_active_background":"","ocean_menu_social_links_bg":"","ocean_menu_social_hover_links_bg":"","ocean_menu_social_links_color":"","ocean_menu_social_hover_links_color":"","ocean_disable_title":"default","ocean_disable_heading":"default","ocean_post_title":"","ocean_post_subheading":"","ocean_post_title_style":"","ocean_post_title_background_color":"","ocean_post_title_background":0,"ocean_post_title_bg_image_position":"","ocean_post_title_bg_image_attachment":"","ocean_post_title_bg_image_repeat":"","ocean_post_title_bg_image_size":"","ocean_post_title_height":0,"ocean_post_title_bg_overlay":0.5,"ocean_post_title_bg_overlay_color":"","ocean_disable_breadcrumbs":"default","ocean_breadcrumbs_color":"","ocean_breadcrumbs_separator_color":"","ocean_breadcrumbs_links_color":"","ocean_breadcrumbs_links_hover_color":"","ocean_display_footer_widgets":"default","ocean_display_footer_bottom":"default","ocean_custom_footer_template":"0"},"product_brand":[],"product_cat":[139,176,188,110,140],"product_tag":[],"class_list":{"0":"post-3014","1":"product","2":"type-product","3":"status-publish","4":"has-post-thumbnail","6":"product_cat-akcesoria","7":"product_cat-marki","8":"product_cat-nailsoftheday-1","9":"product_cat-paznokcie","10":"product_cat-sszablony-i-formy","12":"entry","13":"has-media","15":"first","16":"instock","17":"taxable","18":"shipping-taxable","19":"purchasable","20":"product-type-simple","21":"has-product-nav","22":"col","23":"span_1_of_3","24":"owp-content-center","25":"owp-thumbs-layout-horizontal","26":"owp-btn-normal","27":"owp-tabs-layout-horizontal","28":"has-no-thumbnails"},"yoast_head":"<!-- This site is optimized with the Yoast SEO plugin v27.5 - https:\/\/yoast.com\/product\/yoast-seo-wordpress\/ -->\n<title>Dual Form NAILSOFTHEDAY Stiletto (Type 3) - g\u00f3rne formy o kszta\u0142cie sztylet\/migda\u0142 , 120 szt - velesnails<\/title>\n<meta name=\"robots\" content=\"index, follow, max-snippet:-1, max-image-preview:large, max-video-preview:-1\" \/>\n<link rel=\"canonical\" href=\"https:\/\/velesnails.pl\/uk\/product\/nails-of-the-day-dual-form-stiletto-type-3-gorne-formy-o-ksztalcie-sztylet-migdal-120-szt\/\" \/>\n<meta property=\"og:locale\" content=\"uk_UA\" \/>\n<meta property=\"og:type\" content=\"article\" \/>\n<meta property=\"og:title\" content=\"Dual Form NAILSOFTHEDAY Stiletto (Type 3) - g\u00f3rne formy o kszta\u0142cie sztylet\/migda\u0142 , 120 szt - velesnails\" \/>\n<meta property=\"og:description\" content=\"NAILSOFTHEDAY Dual Form &#8211; przeznaczone do przed\u0142u\u017cania paznokci przy minimalnym opi\u0142owaniu. \u0141uk g\u00f3rnych form pozwala na modelowanie najbardziej naturalnych kszta\u0142t\u00f3w paznokci, kt\u00f3re na\u015bladuj\u0105 naturaln\u0105 p\u0142ytk\u0119 paznokcia. Formy s\u0105 elastyczne, dobrze trzymaj\u0105 kszta\u0142t i mo\u017cna je \u0142atwo usun\u0105\u0107 po polimeryzacji dowolnym materia\u0142em; nie wyginaj\u0105 si\u0119 podczas dociskania architektury p\u0119set\u0105 lub specjalnymi cienkimi szczypcami. Nadaje si\u0119 do [&hellip;]\" \/>\n<meta property=\"og:url\" content=\"https:\/\/velesnails.pl\/uk\/product\/nails-of-the-day-dual-form-stiletto-type-3-gorne-formy-o-ksztalcie-sztylet-migdal-120-szt\/\" \/>\n<meta property=\"og:site_name\" content=\"velesnails\" \/>\n<meta property=\"article:modified_time\" content=\"2026-01-18T09:41:19+00:00\" \/>\n<meta property=\"og:image\" content=\"https:\/\/velesnails.pl\/wp-content\/uploads\/2024\/07\/\u0417\u043d\u0456\u043c\u043e\u043a-\u0435\u043a\u0440\u0430\u043d\u0430-2024-08-13-162904.png\" \/>\n\t<meta property=\"og:image:width\" content=\"537\" \/>\n\t<meta property=\"og:image:height\" content=\"536\" \/>\n\t<meta property=\"og:image:type\" content=\"image\/png\" \/>\n<meta name=\"twitter:card\" content=\"summary_large_image\" \/>\n<meta name=\"twitter:label1\" content=\"\u041f\u0440\u0438\u0431\u043b. \u0447\u0430\u0441 \u0447\u0438\u0442\u0430\u043d\u043d\u044f\" \/>\n\t<meta name=\"twitter:data1\" content=\"2 \u0445\u0432\u0438\u043b\u0438\u043d\u0438\" \/>\n<script type=\"application\/ld+json\" class=\"yoast-schema-graph\">{\"@context\":\"https:\\\/\\\/schema.org\",\"@graph\":[{\"@type\":\"WebPage\",\"@id\":\"https:\\\/\\\/velesnails.pl\\\/product\\\/nails-of-the-day-dual-form-stiletto-type-3-gorne-formy-o-ksztalcie-sztylet-migdal-120-szt\\\/\",\"url\":\"https:\\\/\\\/velesnails.pl\\\/product\\\/nails-of-the-day-dual-form-stiletto-type-3-gorne-formy-o-ksztalcie-sztylet-migdal-120-szt\\\/\",\"name\":\"Dual Form NAILSOFTHEDAY Stiletto (Type 3) - g\u00f3rne formy o kszta\u0142cie sztylet\\\/migda\u0142 , 120 szt - velesnails\",\"isPartOf\":{\"@id\":\"https:\\\/\\\/velesnails.pl\\\/#website\"},\"primaryImageOfPage\":{\"@id\":\"https:\\\/\\\/velesnails.pl\\\/product\\\/nails-of-the-day-dual-form-stiletto-type-3-gorne-formy-o-ksztalcie-sztylet-migdal-120-szt\\\/#primaryimage\"},\"image\":{\"@id\":\"https:\\\/\\\/velesnails.pl\\\/product\\\/nails-of-the-day-dual-form-stiletto-type-3-gorne-formy-o-ksztalcie-sztylet-migdal-120-szt\\\/#primaryimage\"},\"thumbnailUrl\":\"https:\\\/\\\/i0.wp.com\\\/velesnails.pl\\\/wp-content\\\/uploads\\\/2024\\\/07\\\/%D0%97%D0%BD%D1%96%D0%BC%D0%BE%D0%BA-%D0%B5%D0%BA%D1%80%D0%B0%D0%BD%D0%B0-2024-08-13-162904.png?fit=537%2C536&ssl=1\",\"datePublished\":\"2024-07-25T10:38:33+00:00\",\"dateModified\":\"2026-01-18T09:41:19+00:00\",\"breadcrumb\":{\"@id\":\"https:\\\/\\\/velesnails.pl\\\/product\\\/nails-of-the-day-dual-form-stiletto-type-3-gorne-formy-o-ksztalcie-sztylet-migdal-120-szt\\\/#breadcrumb\"},\"inLanguage\":\"uk\",\"potentialAction\":[{\"@type\":\"ReadAction\",\"target\":[\"https:\\\/\\\/velesnails.pl\\\/product\\\/nails-of-the-day-dual-form-stiletto-type-3-gorne-formy-o-ksztalcie-sztylet-migdal-120-szt\\\/\"]}]},{\"@type\":\"ImageObject\",\"inLanguage\":\"uk\",\"@id\":\"https:\\\/\\\/velesnails.pl\\\/product\\\/nails-of-the-day-dual-form-stiletto-type-3-gorne-formy-o-ksztalcie-sztylet-migdal-120-szt\\\/#primaryimage\",\"url\":\"https:\\\/\\\/i0.wp.com\\\/velesnails.pl\\\/wp-content\\\/uploads\\\/2024\\\/07\\\/%D0%97%D0%BD%D1%96%D0%BC%D0%BE%D0%BA-%D0%B5%D0%BA%D1%80%D0%B0%D0%BD%D0%B0-2024-08-13-162904.png?fit=537%2C536&ssl=1\",\"contentUrl\":\"https:\\\/\\\/i0.wp.com\\\/velesnails.pl\\\/wp-content\\\/uploads\\\/2024\\\/07\\\/%D0%97%D0%BD%D1%96%D0%BC%D0%BE%D0%BA-%D0%B5%D0%BA%D1%80%D0%B0%D0%BD%D0%B0-2024-08-13-162904.png?fit=537%2C536&ssl=1\",\"width\":537,\"height\":536},{\"@type\":\"BreadcrumbList\",\"@id\":\"https:\\\/\\\/velesnails.pl\\\/product\\\/nails-of-the-day-dual-form-stiletto-type-3-gorne-formy-o-ksztalcie-sztylet-migdal-120-szt\\\/#breadcrumb\",\"itemListElement\":[{\"@type\":\"ListItem\",\"position\":1,\"name\":\"\u0413\u043e\u043b\u043e\u0432\u043d\u0430\",\"item\":\"https:\\\/\\\/velesnails.pl\\\/\"},{\"@type\":\"ListItem\",\"position\":2,\"name\":\"Sklep\",\"item\":\"https:\\\/\\\/velesnails.pl\\\/shop\\\/\"},{\"@type\":\"ListItem\",\"position\":3,\"name\":\"Dual Form NAILSOFTHEDAY Stiletto (Type 3) &#8211; g\u00f3rne formy o kszta\u0142cie sztylet\\\/migda\u0142 , 120 szt\"}]},{\"@type\":\"WebSite\",\"@id\":\"https:\\\/\\\/velesnails.pl\\\/#website\",\"url\":\"https:\\\/\\\/velesnails.pl\\\/\",\"name\":\"velesnails\",\"description\":\"Sklep z manicure\",\"publisher\":{\"@id\":\"https:\\\/\\\/velesnails.pl\\\/#organization\"},\"potentialAction\":[{\"@type\":\"SearchAction\",\"target\":{\"@type\":\"EntryPoint\",\"urlTemplate\":\"https:\\\/\\\/velesnails.pl\\\/?s={search_term_string}\"},\"query-input\":{\"@type\":\"PropertyValueSpecification\",\"valueRequired\":true,\"valueName\":\"search_term_string\"}}],\"inLanguage\":\"uk\"},{\"@type\":\"Organization\",\"@id\":\"https:\\\/\\\/velesnails.pl\\\/#organization\",\"name\":\"velesnails\",\"url\":\"https:\\\/\\\/velesnails.pl\\\/\",\"logo\":{\"@type\":\"ImageObject\",\"inLanguage\":\"uk\",\"@id\":\"https:\\\/\\\/velesnails.pl\\\/#\\\/schema\\\/logo\\\/image\\\/\",\"url\":\"https:\\\/\\\/i0.wp.com\\\/velesnails.pl\\\/wp-content\\\/uploads\\\/2025\\\/10\\\/cropped-obraz_viber_2025-10-22_13-55-55-969.jpg?fit=485%2C381&ssl=1\",\"contentUrl\":\"https:\\\/\\\/i0.wp.com\\\/velesnails.pl\\\/wp-content\\\/uploads\\\/2025\\\/10\\\/cropped-obraz_viber_2025-10-22_13-55-55-969.jpg?fit=485%2C381&ssl=1\",\"width\":485,\"height\":381,\"caption\":\"velesnails\"},\"image\":{\"@id\":\"https:\\\/\\\/velesnails.pl\\\/#\\\/schema\\\/logo\\\/image\\\/\"}}]}<\/script>\n<!-- \/ Yoast SEO plugin. -->","yoast_head_json":{"title":"Dual Form NAILSOFTHEDAY Stiletto (Type 3) - g\u00f3rne formy o kszta\u0142cie sztylet\/migda\u0142 , 120 szt - velesnails","robots":{"index":"index","follow":"follow","max-snippet":"max-snippet:-1","max-image-preview":"max-image-preview:large","max-video-preview":"max-video-preview:-1"},"canonical":"https:\/\/velesnails.pl\/uk\/product\/nails-of-the-day-dual-form-stiletto-type-3-gorne-formy-o-ksztalcie-sztylet-migdal-120-szt\/","og_locale":"uk_UA","og_type":"article","og_title":"Dual Form NAILSOFTHEDAY Stiletto (Type 3) - g\u00f3rne formy o kszta\u0142cie sztylet\/migda\u0142 , 120 szt - velesnails","og_description":"NAILSOFTHEDAY Dual Form &#8211; przeznaczone do przed\u0142u\u017cania paznokci przy minimalnym opi\u0142owaniu. \u0141uk g\u00f3rnych form pozwala na modelowanie najbardziej naturalnych kszta\u0142t\u00f3w paznokci, kt\u00f3re na\u015bladuj\u0105 naturaln\u0105 p\u0142ytk\u0119 paznokcia. Formy s\u0105 elastyczne, dobrze trzymaj\u0105 kszta\u0142t i mo\u017cna je \u0142atwo usun\u0105\u0107 po polimeryzacji dowolnym materia\u0142em; nie wyginaj\u0105 si\u0119 podczas dociskania architektury p\u0119set\u0105 lub specjalnymi cienkimi szczypcami. Nadaje si\u0119 do [&hellip;]","og_url":"https:\/\/velesnails.pl\/uk\/product\/nails-of-the-day-dual-form-stiletto-type-3-gorne-formy-o-ksztalcie-sztylet-migdal-120-szt\/","og_site_name":"velesnails","article_modified_time":"2026-01-18T09:41:19+00:00","og_image":[{"width":537,"height":536,"url":"https:\/\/velesnails.pl\/wp-content\/uploads\/2024\/07\/\u0417\u043d\u0456\u043c\u043e\u043a-\u0435\u043a\u0440\u0430\u043d\u0430-2024-08-13-162904.png","type":"image\/png"}],"twitter_card":"summary_large_image","twitter_misc":{"\u041f\u0440\u0438\u0431\u043b. \u0447\u0430\u0441 \u0447\u0438\u0442\u0430\u043d\u043d\u044f":"2 \u0445\u0432\u0438\u043b\u0438\u043d\u0438"},"schema":{"@context":"https:\/\/schema.org","@graph":[{"@type":"WebPage","@id":"https:\/\/velesnails.pl\/product\/nails-of-the-day-dual-form-stiletto-type-3-gorne-formy-o-ksztalcie-sztylet-migdal-120-szt\/","url":"https:\/\/velesnails.pl\/product\/nails-of-the-day-dual-form-stiletto-type-3-gorne-formy-o-ksztalcie-sztylet-migdal-120-szt\/","name":"Dual Form NAILSOFTHEDAY Stiletto (Type 3) - g\u00f3rne formy o kszta\u0142cie sztylet\/migda\u0142 , 120 szt - velesnails","isPartOf":{"@id":"https:\/\/velesnails.pl\/#website"},"primaryImageOfPage":{"@id":"https:\/\/velesnails.pl\/product\/nails-of-the-day-dual-form-stiletto-type-3-gorne-formy-o-ksztalcie-sztylet-migdal-120-szt\/#primaryimage"},"image":{"@id":"https:\/\/velesnails.pl\/product\/nails-of-the-day-dual-form-stiletto-type-3-gorne-formy-o-ksztalcie-sztylet-migdal-120-szt\/#primaryimage"},"thumbnailUrl":"https:\/\/i0.wp.com\/velesnails.pl\/wp-content\/uploads\/2024\/07\/%D0%97%D0%BD%D1%96%D0%BC%D0%BE%D0%BA-%D0%B5%D0%BA%D1%80%D0%B0%D0%BD%D0%B0-2024-08-13-162904.png?fit=537%2C536&ssl=1","datePublished":"2024-07-25T10:38:33+00:00","dateModified":"2026-01-18T09:41:19+00:00","breadcrumb":{"@id":"https:\/\/velesnails.pl\/product\/nails-of-the-day-dual-form-stiletto-type-3-gorne-formy-o-ksztalcie-sztylet-migdal-120-szt\/#breadcrumb"},"inLanguage":"uk","potentialAction":[{"@type":"ReadAction","target":["https:\/\/velesnails.pl\/product\/nails-of-the-day-dual-form-stiletto-type-3-gorne-formy-o-ksztalcie-sztylet-migdal-120-szt\/"]}]},{"@type":"ImageObject","inLanguage":"uk","@id":"https:\/\/velesnails.pl\/product\/nails-of-the-day-dual-form-stiletto-type-3-gorne-formy-o-ksztalcie-sztylet-migdal-120-szt\/#primaryimage","url":"https:\/\/i0.wp.com\/velesnails.pl\/wp-content\/uploads\/2024\/07\/%D0%97%D0%BD%D1%96%D0%BC%D0%BE%D0%BA-%D0%B5%D0%BA%D1%80%D0%B0%D0%BD%D0%B0-2024-08-13-162904.png?fit=537%2C536&ssl=1","contentUrl":"https:\/\/i0.wp.com\/velesnails.pl\/wp-content\/uploads\/2024\/07\/%D0%97%D0%BD%D1%96%D0%BC%D0%BE%D0%BA-%D0%B5%D0%BA%D1%80%D0%B0%D0%BD%D0%B0-2024-08-13-162904.png?fit=537%2C536&ssl=1","width":537,"height":536},{"@type":"BreadcrumbList","@id":"https:\/\/velesnails.pl\/product\/nails-of-the-day-dual-form-stiletto-type-3-gorne-formy-o-ksztalcie-sztylet-migdal-120-szt\/#breadcrumb","itemListElement":[{"@type":"ListItem","position":1,"name":"\u0413\u043e\u043b\u043e\u0432\u043d\u0430","item":"https:\/\/velesnails.pl\/"},{"@type":"ListItem","position":2,"name":"Sklep","item":"https:\/\/velesnails.pl\/shop\/"},{"@type":"ListItem","position":3,"name":"Dual Form NAILSOFTHEDAY Stiletto (Type 3) &#8211; g\u00f3rne formy o kszta\u0142cie sztylet\/migda\u0142 , 120 szt"}]},{"@type":"WebSite","@id":"https:\/\/velesnails.pl\/#website","url":"https:\/\/velesnails.pl\/","name":"\u0432\u0435\u043b\u0435\u0441\u043e\u0432\u0456 \u043d\u0456\u0433\u0442\u0456","description":"\u041c\u0430\u043d\u0456\u043a\u044e\u0440\u043d\u0438\u0439 \u0441\u0430\u043b\u043e\u043d","publisher":{"@id":"https:\/\/velesnails.pl\/#organization"},"potentialAction":[{"@type":"SearchAction","target":{"@type":"EntryPoint","urlTemplate":"https:\/\/velesnails.pl\/?s={search_term_string}"},"query-input":{"@type":"PropertyValueSpecification","valueRequired":true,"valueName":"search_term_string"}}],"inLanguage":"uk"},{"@type":"Organization","@id":"https:\/\/velesnails.pl\/#organization","name":"\u0432\u0435\u043b\u0435\u0441\u043e\u0432\u0456 \u043d\u0456\u0433\u0442\u0456","url":"https:\/\/velesnails.pl\/","logo":{"@type":"ImageObject","inLanguage":"uk","@id":"https:\/\/velesnails.pl\/#\/schema\/logo\/image\/","url":"https:\/\/i0.wp.com\/velesnails.pl\/wp-content\/uploads\/2025\/10\/cropped-obraz_viber_2025-10-22_13-55-55-969.jpg?fit=485%2C381&ssl=1","contentUrl":"https:\/\/i0.wp.com\/velesnails.pl\/wp-content\/uploads\/2025\/10\/cropped-obraz_viber_2025-10-22_13-55-55-969.jpg?fit=485%2C381&ssl=1","width":485,"height":381,"caption":"velesnails"},"image":{"@id":"https:\/\/velesnails.pl\/#\/schema\/logo\/image\/"}}]}},"_links":{"self":[{"href":"https:\/\/velesnails.pl\/uk\/wp-json\/wp\/v2\/product\/3014","targetHints":{"allow":["GET"]}}],"collection":[{"href":"https:\/\/velesnails.pl\/uk\/wp-json\/wp\/v2\/product"}],"about":[{"href":"https:\/\/velesnails.pl\/uk\/wp-json\/wp\/v2\/types\/product"}],"replies":[{"embeddable":true,"href":"https:\/\/velesnails.pl\/uk\/wp-json\/wp\/v2\/comments?post=3014"}],"wp:featuredmedia":[{"embeddable":true,"href":"https:\/\/velesnails.pl\/uk\/wp-json\/wp\/v2\/media\/3855"}],"wp:attachment":[{"href":"https:\/\/velesnails.pl\/uk\/wp-json\/wp\/v2\/media?parent=3014"}],"wp:term":[{"taxonomy":"product_brand","embeddable":true,"href":"https:\/\/velesnails.pl\/uk\/wp-json\/wp\/v2\/product_brand?post=3014"},{"taxonomy":"product_cat","embeddable":true,"href":"https:\/\/velesnails.pl\/uk\/wp-json\/wp\/v2\/product_cat?post=3014"},{"taxonomy":"product_tag","embeddable":true,"href":"https:\/\/velesnails.pl\/uk\/wp-json\/wp\/v2\/product_tag?post=3014"}],"curies":[{"name":"wp","href":"https:\/\/api.w.org\/{rel}","templated":true}]}}