{"id":2993,"date":"2024-07-25T12:59:03","date_gmt":"2024-07-25T09:59:03","guid":{"rendered":"https:\/\/velesnails.loc\/?post_type=product&#038;p=2993"},"modified":"2024-09-10T13:38:10","modified_gmt":"2024-09-10T10:38:10","slug":"mollylac-dolne-formy-dual-tunelowe-do-budowy-paznokci-z-podzialka-kwadrat-model-2-12-rozmiarow-100szt","status":"publish","type":"product","link":"https:\/\/velesnails.pl\/uk\/product\/mollylac-dolne-formy-dual-tunelowe-do-budowy-paznokci-z-podzialka-kwadrat-model-2-12-rozmiarow-100szt\/","title":{"rendered":"MollyLac Dolne formy dual tunelowe do budowy paznokci z podzia\u0142k\u0105 kwadrat model 2 12 rozmiar\u00f3w 100szt"},"content":{"rendered":"<p>Je\u015bli marzy\u0142a\u015b o przyspieszeniu pracy i o tym, by wszystkie wykonywane paznokcie w secie by\u0142y idealnie r\u00f3wne, je\u015bli chodzi d\u0142ugo\u015b\u0107 \u2013 dolne formy b\u0119d\u0105 dla Ciebie doskona\u0142ym wyborem.<\/p>\n<p>Do czego mo\u017cesz je wykorzysta\u0107? Do budowy z u\u017cyciem:<\/p>\n<p>akrylo\u017celu,<br \/>\ng\u0119stych \u017celi buduj\u0105cych typu galaretka,<br \/>\ng\u0119stych \u017celi z tiksotropi\u0105.<br \/>\nJe\u015bli zatem klasyczne szablony stwarzaj\u0105 Ci problemy \u2013 przed\u0142u\u017canie paznokci jeszcze nigdy nie by\u0142o tak u\u0142atwione i przyspieszone, jak w przypadku pracy z odpowiednio dobranymi do techniki formami. To solidny fundament ka\u017cdej stylizacji, gwarancja jej perfekcyjnego wygl\u0105du oraz\u2026 ekonomia, poniewa\u017c dzi\u0119ki doskona\u0142ej jako\u015bci materia\u0142u wykonania mo\u017cesz ich u\u017cy\u0107 wielokrotnie.<\/p>\n<p>Spos\u00f3b u\u017cycia:<\/p>\n<p>Przygotuj p\u0142ytk\u0119 paznokcia. Zmatuj, pozbaw j\u0105 naturalnego nawil\u017cenia dzi\u0119ki u\u017cyciu Nail Prep i wetrzyj p\u0119dzelkiem do \u017celu baz\u0119 hybrydow\u0105 o zwi\u0119kszonej przyczepno\u015bci X-Bond.<br \/>\nDopasuj rozmiar form do ka\u017cdego paznokcia.<br \/>\nPrzyci\u015bnij form\u0119 pod naturalnym paznokciem, a na ni\u0105 i na p\u0142ytk\u0119 zaaplikuj produkt buduj\u0105cy.<br \/>\nUtward\u017a mas\u0119 lub &#8211; w przypadku aplikacji akrylu &#8211; poczekaj a\u017c zastygnie.<br \/>\nDelikatnymi bujanymi ruchami \u015bci\u0105gnij form\u0119.<br \/>\nZaaplikuj lakier hybrydowy lub top.<\/p>","protected":false},"excerpt":{"rendered":"<p>Je\u015bli marzy\u0142a\u015b o przyspieszeniu pracy i o tym, by wszystkie wykonywane paznokcie w secie by\u0142y idealnie r\u00f3wne, je\u015bli chodzi d\u0142ugo\u015b\u0107 \u2013 dolne formy b\u0119d\u0105 dla Ciebie doskona\u0142ym wyborem. Do czego mo\u017cesz je wykorzysta\u0107? Do budowy z u\u017cyciem: akrylo\u017celu, g\u0119stych \u017celi buduj\u0105cych typu galaretka, g\u0119stych \u017celi z tiksotropi\u0105. Je\u015bli zatem klasyczne szablony stwarzaj\u0105 Ci problemy \u2013 [&hellip;]<\/p>\n","protected":false},"featured_media":2994,"comment_status":"open","ping_status":"closed","template":"","meta":{"om_disable_all_campaigns":false,"ocean_post_layout":"","ocean_both_sidebars_style":"","ocean_both_sidebars_content_width":0,"ocean_both_sidebars_sidebars_width":0,"ocean_sidebar":"0","ocean_second_sidebar":"0","ocean_disable_margins":"enable","ocean_add_body_class":"","ocean_shortcode_before_top_bar":"","ocean_shortcode_after_top_bar":"","ocean_shortcode_before_header":"","ocean_shortcode_after_header":"","ocean_has_shortcode":"","ocean_shortcode_after_title":"","ocean_shortcode_before_footer_widgets":"","ocean_shortcode_after_footer_widgets":"","ocean_shortcode_before_footer_bottom":"","ocean_shortcode_after_footer_bottom":"","ocean_display_top_bar":"default","ocean_display_header":"default","ocean_header_style":"","ocean_center_header_left_menu":"0","ocean_custom_header_template":"0","ocean_custom_logo":0,"ocean_custom_retina_logo":0,"ocean_custom_logo_max_width":0,"ocean_custom_logo_tablet_max_width":0,"ocean_custom_logo_mobile_max_width":0,"ocean_custom_logo_max_height":0,"ocean_custom_logo_tablet_max_height":0,"ocean_custom_logo_mobile_max_height":0,"ocean_header_custom_menu":"0","ocean_menu_typo_font_family":"0","ocean_menu_typo_font_subset":"","ocean_menu_typo_font_size":0,"ocean_menu_typo_font_size_tablet":0,"ocean_menu_typo_font_size_mobile":0,"ocean_menu_typo_font_size_unit":"px","ocean_menu_typo_font_weight":"","ocean_menu_typo_font_weight_tablet":"","ocean_menu_typo_font_weight_mobile":"","ocean_menu_typo_transform":"","ocean_menu_typo_transform_tablet":"","ocean_menu_typo_transform_mobile":"","ocean_menu_typo_line_height":0,"ocean_menu_typo_line_height_tablet":0,"ocean_menu_typo_line_height_mobile":0,"ocean_menu_typo_line_height_unit":"","ocean_menu_typo_spacing":0,"ocean_menu_typo_spacing_tablet":0,"ocean_menu_typo_spacing_mobile":0,"ocean_menu_typo_spacing_unit":"","ocean_menu_link_color":"","ocean_menu_link_color_hover":"","ocean_menu_link_color_active":"","ocean_menu_link_background":"","ocean_menu_link_hover_background":"","ocean_menu_link_active_background":"","ocean_menu_social_links_bg":"","ocean_menu_social_hover_links_bg":"","ocean_menu_social_links_color":"","ocean_menu_social_hover_links_color":"","ocean_disable_title":"default","ocean_disable_heading":"default","ocean_post_title":"","ocean_post_subheading":"","ocean_post_title_style":"","ocean_post_title_background_color":"","ocean_post_title_background":0,"ocean_post_title_bg_image_position":"","ocean_post_title_bg_image_attachment":"","ocean_post_title_bg_image_repeat":"","ocean_post_title_bg_image_size":"","ocean_post_title_height":0,"ocean_post_title_bg_overlay":0.5,"ocean_post_title_bg_overlay_color":"","ocean_disable_breadcrumbs":"default","ocean_breadcrumbs_color":"","ocean_breadcrumbs_separator_color":"","ocean_breadcrumbs_links_color":"","ocean_breadcrumbs_links_hover_color":"","ocean_display_footer_widgets":"default","ocean_display_footer_bottom":"default","ocean_custom_footer_template":"0"},"product_brand":[],"product_cat":[139,176,189,110,140],"product_tag":[],"class_list":{"0":"post-2993","1":"product","2":"type-product","3":"status-publish","4":"has-post-thumbnail","6":"product_cat-akcesoria","7":"product_cat-marki","8":"product_cat-molly-lac-1","9":"product_cat-paznokcie","10":"product_cat-sszablony-i-formy","12":"entry","13":"has-media","15":"first","16":"instock","17":"taxable","18":"shipping-taxable","19":"purchasable","20":"product-type-simple","21":"has-product-nav","22":"col","23":"span_1_of_3","24":"owp-content-center","25":"owp-thumbs-layout-horizontal","26":"owp-btn-normal","27":"owp-tabs-layout-horizontal","28":"has-no-thumbnails"},"yoast_head":"<!-- This site is optimized with the Yoast SEO plugin v27.5 - https:\/\/yoast.com\/product\/yoast-seo-wordpress\/ -->\n<title>MollyLac Dolne formy dual tunelowe do budowy paznokci z podzia\u0142k\u0105 kwadrat model 2 12 rozmiar\u00f3w 100szt - velesnails<\/title>\n<meta name=\"robots\" content=\"index, follow, max-snippet:-1, max-image-preview:large, max-video-preview:-1\" \/>\n<link rel=\"canonical\" href=\"https:\/\/velesnails.pl\/uk\/product\/mollylac-dolne-formy-dual-tunelowe-do-budowy-paznokci-z-podzialka-kwadrat-model-2-12-rozmiarow-100szt\/\" \/>\n<meta property=\"og:locale\" content=\"uk_UA\" \/>\n<meta property=\"og:type\" content=\"article\" \/>\n<meta property=\"og:title\" content=\"MollyLac Dolne formy dual tunelowe do budowy paznokci z podzia\u0142k\u0105 kwadrat model 2 12 rozmiar\u00f3w 100szt - velesnails\" \/>\n<meta property=\"og:description\" content=\"Je\u015bli marzy\u0142a\u015b o przyspieszeniu pracy i o tym, by wszystkie wykonywane paznokcie w secie by\u0142y idealnie r\u00f3wne, je\u015bli chodzi d\u0142ugo\u015b\u0107 \u2013 dolne formy b\u0119d\u0105 dla Ciebie doskona\u0142ym wyborem. Do czego mo\u017cesz je wykorzysta\u0107? Do budowy z u\u017cyciem: akrylo\u017celu, g\u0119stych \u017celi buduj\u0105cych typu galaretka, g\u0119stych \u017celi z tiksotropi\u0105. Je\u015bli zatem klasyczne szablony stwarzaj\u0105 Ci problemy \u2013 [&hellip;]\" \/>\n<meta property=\"og:url\" content=\"https:\/\/velesnails.pl\/uk\/product\/mollylac-dolne-formy-dual-tunelowe-do-budowy-paznokci-z-podzialka-kwadrat-model-2-12-rozmiarow-100szt\/\" \/>\n<meta property=\"og:site_name\" content=\"velesnails\" \/>\n<meta property=\"article:modified_time\" content=\"2024-09-10T10:38:10+00:00\" \/>\n<meta property=\"og:image\" content=\"https:\/\/i0.wp.com\/velesnails.pl\/wp-content\/uploads\/2024\/07\/Dolne-formy-dual-model-2.jpg?fit=500%2C500&ssl=1\" \/>\n\t<meta property=\"og:image:width\" content=\"500\" \/>\n\t<meta property=\"og:image:height\" content=\"500\" \/>\n\t<meta property=\"og:image:type\" content=\"image\/jpeg\" \/>\n<meta name=\"twitter:card\" content=\"summary_large_image\" \/>\n<meta name=\"twitter:label1\" content=\"\u041f\u0440\u0438\u0431\u043b. \u0447\u0430\u0441 \u0447\u0438\u0442\u0430\u043d\u043d\u044f\" \/>\n\t<meta name=\"twitter:data1\" content=\"1 \u0445\u0432\u0438\u043b\u0438\u043d\u0430\" \/>\n<script type=\"application\/ld+json\" class=\"yoast-schema-graph\">{\"@context\":\"https:\\\/\\\/schema.org\",\"@graph\":[{\"@type\":\"WebPage\",\"@id\":\"https:\\\/\\\/velesnails.pl\\\/product\\\/mollylac-dolne-formy-dual-tunelowe-do-budowy-paznokci-z-podzialka-kwadrat-model-2-12-rozmiarow-100szt\\\/\",\"url\":\"https:\\\/\\\/velesnails.pl\\\/product\\\/mollylac-dolne-formy-dual-tunelowe-do-budowy-paznokci-z-podzialka-kwadrat-model-2-12-rozmiarow-100szt\\\/\",\"name\":\"MollyLac Dolne formy dual tunelowe do budowy paznokci z podzia\u0142k\u0105 kwadrat model 2 12 rozmiar\u00f3w 100szt - velesnails\",\"isPartOf\":{\"@id\":\"https:\\\/\\\/velesnails.pl\\\/#website\"},\"primaryImageOfPage\":{\"@id\":\"https:\\\/\\\/velesnails.pl\\\/product\\\/mollylac-dolne-formy-dual-tunelowe-do-budowy-paznokci-z-podzialka-kwadrat-model-2-12-rozmiarow-100szt\\\/#primaryimage\"},\"image\":{\"@id\":\"https:\\\/\\\/velesnails.pl\\\/product\\\/mollylac-dolne-formy-dual-tunelowe-do-budowy-paznokci-z-podzialka-kwadrat-model-2-12-rozmiarow-100szt\\\/#primaryimage\"},\"thumbnailUrl\":\"https:\\\/\\\/i0.wp.com\\\/velesnails.pl\\\/wp-content\\\/uploads\\\/2024\\\/07\\\/Dolne-formy-dual-model-2.jpg?fit=500%2C500&ssl=1\",\"datePublished\":\"2024-07-25T09:59:03+00:00\",\"dateModified\":\"2024-09-10T10:38:10+00:00\",\"breadcrumb\":{\"@id\":\"https:\\\/\\\/velesnails.pl\\\/product\\\/mollylac-dolne-formy-dual-tunelowe-do-budowy-paznokci-z-podzialka-kwadrat-model-2-12-rozmiarow-100szt\\\/#breadcrumb\"},\"inLanguage\":\"uk\",\"potentialAction\":[{\"@type\":\"ReadAction\",\"target\":[\"https:\\\/\\\/velesnails.pl\\\/product\\\/mollylac-dolne-formy-dual-tunelowe-do-budowy-paznokci-z-podzialka-kwadrat-model-2-12-rozmiarow-100szt\\\/\"]}]},{\"@type\":\"ImageObject\",\"inLanguage\":\"uk\",\"@id\":\"https:\\\/\\\/velesnails.pl\\\/product\\\/mollylac-dolne-formy-dual-tunelowe-do-budowy-paznokci-z-podzialka-kwadrat-model-2-12-rozmiarow-100szt\\\/#primaryimage\",\"url\":\"https:\\\/\\\/i0.wp.com\\\/velesnails.pl\\\/wp-content\\\/uploads\\\/2024\\\/07\\\/Dolne-formy-dual-model-2.jpg?fit=500%2C500&ssl=1\",\"contentUrl\":\"https:\\\/\\\/i0.wp.com\\\/velesnails.pl\\\/wp-content\\\/uploads\\\/2024\\\/07\\\/Dolne-formy-dual-model-2.jpg?fit=500%2C500&ssl=1\",\"width\":500,\"height\":500},{\"@type\":\"BreadcrumbList\",\"@id\":\"https:\\\/\\\/velesnails.pl\\\/product\\\/mollylac-dolne-formy-dual-tunelowe-do-budowy-paznokci-z-podzialka-kwadrat-model-2-12-rozmiarow-100szt\\\/#breadcrumb\",\"itemListElement\":[{\"@type\":\"ListItem\",\"position\":1,\"name\":\"\u0413\u043e\u043b\u043e\u0432\u043d\u0430\",\"item\":\"https:\\\/\\\/velesnails.pl\\\/\"},{\"@type\":\"ListItem\",\"position\":2,\"name\":\"Sklep\",\"item\":\"https:\\\/\\\/velesnails.pl\\\/shop\\\/\"},{\"@type\":\"ListItem\",\"position\":3,\"name\":\"MollyLac Dolne formy dual tunelowe do budowy paznokci z podzia\u0142k\u0105 kwadrat model 2 12 rozmiar\u00f3w 100szt\"}]},{\"@type\":\"WebSite\",\"@id\":\"https:\\\/\\\/velesnails.pl\\\/#website\",\"url\":\"https:\\\/\\\/velesnails.pl\\\/\",\"name\":\"velesnails\",\"description\":\"Sklep z manicure\",\"publisher\":{\"@id\":\"https:\\\/\\\/velesnails.pl\\\/#organization\"},\"potentialAction\":[{\"@type\":\"SearchAction\",\"target\":{\"@type\":\"EntryPoint\",\"urlTemplate\":\"https:\\\/\\\/velesnails.pl\\\/?s={search_term_string}\"},\"query-input\":{\"@type\":\"PropertyValueSpecification\",\"valueRequired\":true,\"valueName\":\"search_term_string\"}}],\"inLanguage\":\"uk\"},{\"@type\":\"Organization\",\"@id\":\"https:\\\/\\\/velesnails.pl\\\/#organization\",\"name\":\"velesnails\",\"url\":\"https:\\\/\\\/velesnails.pl\\\/\",\"logo\":{\"@type\":\"ImageObject\",\"inLanguage\":\"uk\",\"@id\":\"https:\\\/\\\/velesnails.pl\\\/#\\\/schema\\\/logo\\\/image\\\/\",\"url\":\"https:\\\/\\\/i0.wp.com\\\/velesnails.pl\\\/wp-content\\\/uploads\\\/2025\\\/10\\\/cropped-obraz_viber_2025-10-22_13-55-55-969.jpg?fit=485%2C381&ssl=1\",\"contentUrl\":\"https:\\\/\\\/i0.wp.com\\\/velesnails.pl\\\/wp-content\\\/uploads\\\/2025\\\/10\\\/cropped-obraz_viber_2025-10-22_13-55-55-969.jpg?fit=485%2C381&ssl=1\",\"width\":485,\"height\":381,\"caption\":\"velesnails\"},\"image\":{\"@id\":\"https:\\\/\\\/velesnails.pl\\\/#\\\/schema\\\/logo\\\/image\\\/\"}}]}<\/script>\n<!-- \/ Yoast SEO plugin. -->","yoast_head_json":{"title":"MollyLac Dolne formy dual tunelowe do budowy paznokci z podzia\u0142k\u0105 kwadrat model 2 12 rozmiar\u00f3w 100szt - velesnails","robots":{"index":"index","follow":"follow","max-snippet":"max-snippet:-1","max-image-preview":"max-image-preview:large","max-video-preview":"max-video-preview:-1"},"canonical":"https:\/\/velesnails.pl\/uk\/product\/mollylac-dolne-formy-dual-tunelowe-do-budowy-paznokci-z-podzialka-kwadrat-model-2-12-rozmiarow-100szt\/","og_locale":"uk_UA","og_type":"article","og_title":"MollyLac Dolne formy dual tunelowe do budowy paznokci z podzia\u0142k\u0105 kwadrat model 2 12 rozmiar\u00f3w 100szt - velesnails","og_description":"Je\u015bli marzy\u0142a\u015b o przyspieszeniu pracy i o tym, by wszystkie wykonywane paznokcie w secie by\u0142y idealnie r\u00f3wne, je\u015bli chodzi d\u0142ugo\u015b\u0107 \u2013 dolne formy b\u0119d\u0105 dla Ciebie doskona\u0142ym wyborem. Do czego mo\u017cesz je wykorzysta\u0107? Do budowy z u\u017cyciem: akrylo\u017celu, g\u0119stych \u017celi buduj\u0105cych typu galaretka, g\u0119stych \u017celi z tiksotropi\u0105. Je\u015bli zatem klasyczne szablony stwarzaj\u0105 Ci problemy \u2013 [&hellip;]","og_url":"https:\/\/velesnails.pl\/uk\/product\/mollylac-dolne-formy-dual-tunelowe-do-budowy-paznokci-z-podzialka-kwadrat-model-2-12-rozmiarow-100szt\/","og_site_name":"velesnails","article_modified_time":"2024-09-10T10:38:10+00:00","og_image":[{"width":500,"height":500,"url":"https:\/\/i0.wp.com\/velesnails.pl\/wp-content\/uploads\/2024\/07\/Dolne-formy-dual-model-2.jpg?fit=500%2C500&ssl=1","type":"image\/jpeg"}],"twitter_card":"summary_large_image","twitter_misc":{"\u041f\u0440\u0438\u0431\u043b. \u0447\u0430\u0441 \u0447\u0438\u0442\u0430\u043d\u043d\u044f":"1 \u0445\u0432\u0438\u043b\u0438\u043d\u0430"},"schema":{"@context":"https:\/\/schema.org","@graph":[{"@type":"WebPage","@id":"https:\/\/velesnails.pl\/product\/mollylac-dolne-formy-dual-tunelowe-do-budowy-paznokci-z-podzialka-kwadrat-model-2-12-rozmiarow-100szt\/","url":"https:\/\/velesnails.pl\/product\/mollylac-dolne-formy-dual-tunelowe-do-budowy-paznokci-z-podzialka-kwadrat-model-2-12-rozmiarow-100szt\/","name":"MollyLac Dolne formy dual tunelowe do budowy paznokci z podzia\u0142k\u0105 kwadrat model 2 12 rozmiar\u00f3w 100szt - velesnails","isPartOf":{"@id":"https:\/\/velesnails.pl\/#website"},"primaryImageOfPage":{"@id":"https:\/\/velesnails.pl\/product\/mollylac-dolne-formy-dual-tunelowe-do-budowy-paznokci-z-podzialka-kwadrat-model-2-12-rozmiarow-100szt\/#primaryimage"},"image":{"@id":"https:\/\/velesnails.pl\/product\/mollylac-dolne-formy-dual-tunelowe-do-budowy-paznokci-z-podzialka-kwadrat-model-2-12-rozmiarow-100szt\/#primaryimage"},"thumbnailUrl":"https:\/\/i0.wp.com\/velesnails.pl\/wp-content\/uploads\/2024\/07\/Dolne-formy-dual-model-2.jpg?fit=500%2C500&ssl=1","datePublished":"2024-07-25T09:59:03+00:00","dateModified":"2024-09-10T10:38:10+00:00","breadcrumb":{"@id":"https:\/\/velesnails.pl\/product\/mollylac-dolne-formy-dual-tunelowe-do-budowy-paznokci-z-podzialka-kwadrat-model-2-12-rozmiarow-100szt\/#breadcrumb"},"inLanguage":"uk","potentialAction":[{"@type":"ReadAction","target":["https:\/\/velesnails.pl\/product\/mollylac-dolne-formy-dual-tunelowe-do-budowy-paznokci-z-podzialka-kwadrat-model-2-12-rozmiarow-100szt\/"]}]},{"@type":"ImageObject","inLanguage":"uk","@id":"https:\/\/velesnails.pl\/product\/mollylac-dolne-formy-dual-tunelowe-do-budowy-paznokci-z-podzialka-kwadrat-model-2-12-rozmiarow-100szt\/#primaryimage","url":"https:\/\/i0.wp.com\/velesnails.pl\/wp-content\/uploads\/2024\/07\/Dolne-formy-dual-model-2.jpg?fit=500%2C500&ssl=1","contentUrl":"https:\/\/i0.wp.com\/velesnails.pl\/wp-content\/uploads\/2024\/07\/Dolne-formy-dual-model-2.jpg?fit=500%2C500&ssl=1","width":500,"height":500},{"@type":"BreadcrumbList","@id":"https:\/\/velesnails.pl\/product\/mollylac-dolne-formy-dual-tunelowe-do-budowy-paznokci-z-podzialka-kwadrat-model-2-12-rozmiarow-100szt\/#breadcrumb","itemListElement":[{"@type":"ListItem","position":1,"name":"\u0413\u043e\u043b\u043e\u0432\u043d\u0430","item":"https:\/\/velesnails.pl\/"},{"@type":"ListItem","position":2,"name":"Sklep","item":"https:\/\/velesnails.pl\/shop\/"},{"@type":"ListItem","position":3,"name":"MollyLac Dolne formy dual tunelowe do budowy paznokci z podzia\u0142k\u0105 kwadrat model 2 12 rozmiar\u00f3w 100szt"}]},{"@type":"WebSite","@id":"https:\/\/velesnails.pl\/#website","url":"https:\/\/velesnails.pl\/","name":"\u0432\u0435\u043b\u0435\u0441\u043e\u0432\u0456 \u043d\u0456\u0433\u0442\u0456","description":"\u041c\u0430\u043d\u0456\u043a\u044e\u0440\u043d\u0438\u0439 \u0441\u0430\u043b\u043e\u043d","publisher":{"@id":"https:\/\/velesnails.pl\/#organization"},"potentialAction":[{"@type":"SearchAction","target":{"@type":"EntryPoint","urlTemplate":"https:\/\/velesnails.pl\/?s={search_term_string}"},"query-input":{"@type":"PropertyValueSpecification","valueRequired":true,"valueName":"search_term_string"}}],"inLanguage":"uk"},{"@type":"Organization","@id":"https:\/\/velesnails.pl\/#organization","name":"\u0432\u0435\u043b\u0435\u0441\u043e\u0432\u0456 \u043d\u0456\u0433\u0442\u0456","url":"https:\/\/velesnails.pl\/","logo":{"@type":"ImageObject","inLanguage":"uk","@id":"https:\/\/velesnails.pl\/#\/schema\/logo\/image\/","url":"https:\/\/i0.wp.com\/velesnails.pl\/wp-content\/uploads\/2025\/10\/cropped-obraz_viber_2025-10-22_13-55-55-969.jpg?fit=485%2C381&ssl=1","contentUrl":"https:\/\/i0.wp.com\/velesnails.pl\/wp-content\/uploads\/2025\/10\/cropped-obraz_viber_2025-10-22_13-55-55-969.jpg?fit=485%2C381&ssl=1","width":485,"height":381,"caption":"velesnails"},"image":{"@id":"https:\/\/velesnails.pl\/#\/schema\/logo\/image\/"}}]}},"_links":{"self":[{"href":"https:\/\/velesnails.pl\/uk\/wp-json\/wp\/v2\/product\/2993","targetHints":{"allow":["GET"]}}],"collection":[{"href":"https:\/\/velesnails.pl\/uk\/wp-json\/wp\/v2\/product"}],"about":[{"href":"https:\/\/velesnails.pl\/uk\/wp-json\/wp\/v2\/types\/product"}],"replies":[{"embeddable":true,"href":"https:\/\/velesnails.pl\/uk\/wp-json\/wp\/v2\/comments?post=2993"}],"wp:featuredmedia":[{"embeddable":true,"href":"https:\/\/velesnails.pl\/uk\/wp-json\/wp\/v2\/media\/2994"}],"wp:attachment":[{"href":"https:\/\/velesnails.pl\/uk\/wp-json\/wp\/v2\/media?parent=2993"}],"wp:term":[{"taxonomy":"product_brand","embeddable":true,"href":"https:\/\/velesnails.pl\/uk\/wp-json\/wp\/v2\/product_brand?post=2993"},{"taxonomy":"product_cat","embeddable":true,"href":"https:\/\/velesnails.pl\/uk\/wp-json\/wp\/v2\/product_cat?post=2993"},{"taxonomy":"product_tag","embeddable":true,"href":"https:\/\/velesnails.pl\/uk\/wp-json\/wp\/v2\/product_tag?post=2993"}],"curies":[{"name":"wp","href":"https:\/\/api.w.org\/{rel}","templated":true}]}}